{"id":7408,"date":"2017-06-16T15:56:25","date_gmt":"2017-06-16T15:56:25","guid":{"rendered":"https:\/\/sharks.ee\/fedemark\/shop\/uncategorized\/turvavoruga-redel\/"},"modified":"2017-07-31T13:09:55","modified_gmt":"2017-07-31T13:09:55","slug":"turvakehikolla-varustetut-tikkaat","status":"publish","type":"product","link":"https:\/\/fedemark.ee\/fi\/tuotteet\/erikois-ja-erikoistilauksesta-valmistettavat-tikkaat\/erikoistilauksesta-valmistettavat-tikkaat\/turvakehikolla-varustetut-tikkaat\/","title":{"rendered":"Turvakehikolla varustetut tikkaat"},"content":{"rendered":"","protected":false},"excerpt":{"rendered":"<p><em>Kiinnitet\u00e4\u00e4n sein\u00e4\u00e4n turvakehikon kanssa<\/em><\/p>\n<p>Svelt Hoop-\/Facade -tikkaat ovat huoltovapaat, alumiinisin asennusosin varustetut alumiinitikkaat, joiden pituus sopii tarkalleen kaikenlaiseen enint\u00e4\u00e4n 10 metrin kiipeilykorkeuteen (10 metrist\u00e4 alkaen on jokaisen 6 metrin j\u00e4lkeen pakollista k\u00e4ytt\u00e4\u00e4 lepotasoa, 3 metrin kiipeilykorkeudesta alkaen on pakollista k\u00e4ytt\u00e4\u00e4 turvakoria). N\u00e4m\u00e4 tikkaat sopivat p\u00e4\u00e4sytikkaiksi erilaisten rakennusten julkisivuille, t\u00e4llaisia ovat erilaisten yritysten rakennukset, talot, kerrostalot jne.<\/p>\n<p>Tekniset tiedot<\/p>\n<p>\u2022 Tikkaiden leveys (ulkomitta)\u00a056 cm<br \/>\n\u2022 Tikkaiden leveys (sis\u00e4mitta)\u00a044 cm<br \/>\n\u2022 Puolan et\u00e4isyys\u00a028 cm<br \/>\n\u2022 Kehikon l\u00e4pimitta\u00a070 cm<br \/>\n\u2022 Et\u00e4isyys sein\u00e4st\u00e4\u00a016 cm<br \/>\n\u2022 2 sein\u00e4n alumiinikiinnikett\u00e4 15 cm joka 200 cm v\u00e4lein<br \/>\n\u2022\u00a0Kehikko alkaa 2,50 m korkeudelta maanpinnasta<br \/>\n\u2022 Viimeiset 1,10 m ylh\u00e4\u00e4ll\u00e4 ovat askelmattomat, tikkailta kiipe\u00e4misen mahdollistamiseksi<br \/>\n\u2022 Puolaosa: 27&#215;27 mm<br \/>\n\u2022\u00a0Kehysosa: 67&#215;27 mm<br \/>\n\u2022 Kehikko-osa: 30&#215;15 mm ja\u00a040&#215;20 mm<br \/>\n\u2022\u00a0Alumiiniseos<br \/>\n\u2022 TIG-hitsaussertifikaatti<br \/>\n\u2022\u00a0Helppo asentaa<br \/>\n\u2022 Tarrat ja k\u00e4ytt\u00f6ohje<br \/>\n\u2022\u00a0Testisertifikaatti<\/p>\n<p>MAHDOLLISTA TILATA<br \/>\n\u2022 Lasikuituverkko tikkaiden k\u00e4ytt\u00f6\u00e4 varten s\u00e4hk\u00f6-, kemian- tai elintarviketeollisuudessa, joissa alumiinia ei saa k\u00e4ytt\u00e4\u00e4.<br \/>\n\u2022 Lepotaso yli 10 m korkeisiin tikkaisiin<br \/>\n\u2022 Turvaportti henkil\u00f6ille, joille tikkaat eiv\u00e4t ole sallitut<br \/>\n\u2022 P\u00e4\u00e4sytikkaat alkaen 2,20\/2,50 m \u2013 5 kg \u2013 koukkujen kanssa<br \/>\n\u2022 Erikoiskiinnikkeet yli 15 cm et\u00e4isyydelle sein\u00e4st\u00e4<br \/>\n\u2022 Alumiininen laskeutumistaso<br \/>\n\u2022\u00a0Laskeutumisk\u00e4sipuut<br \/>\n\u2022\u00a0Laskeutumisportti<br \/>\n&#8230;ja paljon muuta<\/p>\n","protected":false},"featured_media":6873,"comment_status":"open","ping_status":"closed","template":"","meta":{"footnotes":""},"product_cat":[198,197],"product_tag":[],"yoast_head":"<!-- This site is optimized with the Yoast SEO plugin v22.6 - https:\/\/yoast.com\/wordpress\/plugins\/seo\/ -->\n<title>Turvakehikolla varustetut tikkaat - Fedemark<\/title>\n<meta name=\"robots\" content=\"index, follow, max-snippet:-1, max-image-preview:large, max-video-preview:-1\" \/>\n<link rel=\"canonical\" href=\"https:\/\/fedemark.ee\/fi\/tuotteet\/erikois-ja-erikoistilauksesta-valmistettavat-tikkaat\/erikoistilauksesta-valmistettavat-tikkaat\/turvakehikolla-varustetut-tikkaat\/\" \/>\n<meta property=\"og:locale\" content=\"fi_FI\" \/>\n<meta property=\"og:type\" content=\"article\" \/>\n<meta property=\"og:title\" content=\"Turvakehikolla varustetut tikkaat - Fedemark\" \/>\n<meta property=\"og:description\" content=\"Kiinnitet\u00e4\u00e4n sein\u00e4\u00e4n turvakehikon kanssa  Svelt Hoop-\/Facade -tikkaat ovat huoltovapaat, alumiinisin asennusosin varustetut alumiinitikkaat, joiden pituus sopii tarkalleen kaikenlaiseen enint\u00e4\u00e4n 10 metrin kiipeilykorkeuteen (10 metrist\u00e4 alkaen on jokaisen 6 metrin j\u00e4lkeen pakollista k\u00e4ytt\u00e4\u00e4 lepotasoa, 3 metrin kiipeilykorkeudesta alkaen on pakollista k\u00e4ytt\u00e4\u00e4 turvakoria). N\u00e4m\u00e4 tikkaat sopivat p\u00e4\u00e4sytikkaiksi erilaisten rakennusten julkisivuille, t\u00e4llaisia ovat erilaisten yritysten rakennukset, talot, kerrostalot jne.  Tekniset tiedot  \u2022 Tikkaiden leveys (ulkomitta)\u00a056 cm \u2022 Tikkaiden leveys (sis\u00e4mitta)\u00a044 cm \u2022 Puolan et\u00e4isyys\u00a028 cm \u2022 Kehikon l\u00e4pimitta\u00a070 cm \u2022 Et\u00e4isyys sein\u00e4st\u00e4\u00a016 cm \u2022 2 sein\u00e4n alumiinikiinnikett\u00e4 15 cm joka 200 cm v\u00e4lein \u2022\u00a0Kehikko alkaa 2,50 m korkeudelta maanpinnasta \u2022 Viimeiset 1,10 m ylh\u00e4\u00e4ll\u00e4 ovat askelmattomat, tikkailta kiipe\u00e4misen mahdollistamiseksi \u2022 Puolaosa: 27x27 mm \u2022\u00a0Kehysosa: 67x27 mm \u2022 Kehikko-osa: 30x15 mm ja\u00a040x20 mm \u2022\u00a0Alumiiniseos \u2022 TIG-hitsaussertifikaatti \u2022\u00a0Helppo asentaa \u2022 Tarrat ja k\u00e4ytt\u00f6ohje \u2022\u00a0Testisertifikaatti  MAHDOLLISTA TILATA \u2022 Lasikuituverkko tikkaiden k\u00e4ytt\u00f6\u00e4 varten s\u00e4hk\u00f6-, kemian- tai elintarviketeollisuudessa, joissa alumiinia ei saa k\u00e4ytt\u00e4\u00e4. \u2022 Lepotaso yli 10 m korkeisiin tikkaisiin \u2022 Turvaportti henkil\u00f6ille, joille tikkaat eiv\u00e4t ole sallitut \u2022 P\u00e4\u00e4sytikkaat alkaen 2,20\/2,50 m \u2013 5 kg \u2013 koukkujen kanssa \u2022 Erikoiskiinnikkeet yli 15 cm et\u00e4isyydelle sein\u00e4st\u00e4 \u2022 Alumiininen laskeutumistaso \u2022\u00a0Laskeutumisk\u00e4sipuut \u2022\u00a0Laskeutumisportti ...ja paljon muuta\" \/>\n<meta property=\"og:url\" content=\"https:\/\/fedemark.ee\/fi\/tuotteet\/erikois-ja-erikoistilauksesta-valmistettavat-tikkaat\/erikoistilauksesta-valmistettavat-tikkaat\/turvakehikolla-varustetut-tikkaat\/\" \/>\n<meta property=\"og:site_name\" content=\"Fedemark\" \/>\n<meta property=\"article:modified_time\" content=\"2017-07-31T13:09:55+00:00\" \/>\n<meta property=\"og:image\" content=\"https:\/\/fedemark.ee\/wp-content\/uploads\/2017\/06\/hooped-ladder.jpg\" \/>\n\t<meta property=\"og:image:width\" content=\"500\" \/>\n\t<meta property=\"og:image:height\" content=\"667\" \/>\n\t<meta property=\"og:image:type\" content=\"image\/jpeg\" \/>\n<meta name=\"twitter:card\" content=\"summary_large_image\" \/>\n<script type=\"application\/ld+json\" class=\"yoast-schema-graph\">{\"@context\":\"https:\/\/schema.org\",\"@graph\":[{\"@type\":\"WebPage\",\"@id\":\"https:\/\/fedemark.ee\/fi\/tuotteet\/erikois-ja-erikoistilauksesta-valmistettavat-tikkaat\/erikoistilauksesta-valmistettavat-tikkaat\/turvakehikolla-varustetut-tikkaat\/\",\"url\":\"https:\/\/fedemark.ee\/fi\/tuotteet\/erikois-ja-erikoistilauksesta-valmistettavat-tikkaat\/erikoistilauksesta-valmistettavat-tikkaat\/turvakehikolla-varustetut-tikkaat\/\",\"name\":\"Turvakehikolla varustetut tikkaat - Fedemark\",\"isPartOf\":{\"@id\":\"https:\/\/fedemark.ee\/#website\"},\"primaryImageOfPage\":{\"@id\":\"https:\/\/fedemark.ee\/fi\/tuotteet\/erikois-ja-erikoistilauksesta-valmistettavat-tikkaat\/erikoistilauksesta-valmistettavat-tikkaat\/turvakehikolla-varustetut-tikkaat\/#primaryimage\"},\"image\":{\"@id\":\"https:\/\/fedemark.ee\/fi\/tuotteet\/erikois-ja-erikoistilauksesta-valmistettavat-tikkaat\/erikoistilauksesta-valmistettavat-tikkaat\/turvakehikolla-varustetut-tikkaat\/#primaryimage\"},\"thumbnailUrl\":\"https:\/\/fedemark.ee\/wp-content\/uploads\/2017\/06\/hooped-ladder.jpg\",\"datePublished\":\"2017-06-16T15:56:25+00:00\",\"dateModified\":\"2017-07-31T13:09:55+00:00\",\"breadcrumb\":{\"@id\":\"https:\/\/fedemark.ee\/fi\/tuotteet\/erikois-ja-erikoistilauksesta-valmistettavat-tikkaat\/erikoistilauksesta-valmistettavat-tikkaat\/turvakehikolla-varustetut-tikkaat\/#breadcrumb\"},\"inLanguage\":\"fi-FI\",\"potentialAction\":[{\"@type\":\"ReadAction\",\"target\":[\"https:\/\/fedemark.ee\/fi\/tuotteet\/erikois-ja-erikoistilauksesta-valmistettavat-tikkaat\/erikoistilauksesta-valmistettavat-tikkaat\/turvakehikolla-varustetut-tikkaat\/\"]}]},{\"@type\":\"ImageObject\",\"inLanguage\":\"fi-FI\",\"@id\":\"https:\/\/fedemark.ee\/fi\/tuotteet\/erikois-ja-erikoistilauksesta-valmistettavat-tikkaat\/erikoistilauksesta-valmistettavat-tikkaat\/turvakehikolla-varustetut-tikkaat\/#primaryimage\",\"url\":\"https:\/\/fedemark.ee\/wp-content\/uploads\/2017\/06\/hooped-ladder.jpg\",\"contentUrl\":\"https:\/\/fedemark.ee\/wp-content\/uploads\/2017\/06\/hooped-ladder.jpg\",\"width\":500,\"height\":667},{\"@type\":\"BreadcrumbList\",\"@id\":\"https:\/\/fedemark.ee\/fi\/tuotteet\/erikois-ja-erikoistilauksesta-valmistettavat-tikkaat\/erikoistilauksesta-valmistettavat-tikkaat\/turvakehikolla-varustetut-tikkaat\/#breadcrumb\",\"itemListElement\":[{\"@type\":\"ListItem\",\"position\":1,\"name\":\"Home\",\"item\":\"https:\/\/fedemark.ee\/fi\/\"},{\"@type\":\"ListItem\",\"position\":2,\"name\":\"Tuotteet\",\"item\":\"https:\/\/fedemark.ee\/fi\/tuotteet\/\"},{\"@type\":\"ListItem\",\"position\":3,\"name\":\"Turvakehikolla varustetut tikkaat\"}]},{\"@type\":\"WebSite\",\"@id\":\"https:\/\/fedemark.ee\/#website\",\"url\":\"https:\/\/fedemark.ee\/\",\"name\":\"Fedemark\",\"description\":\"Redelid, Tellingud, T\u00f6\u00f6platvormid ja vahekorrused\",\"potentialAction\":[{\"@type\":\"SearchAction\",\"target\":{\"@type\":\"EntryPoint\",\"urlTemplate\":\"https:\/\/fedemark.ee\/?s={search_term_string}\"},\"query-input\":\"required name=search_term_string\"}],\"inLanguage\":\"fi-FI\"}]}<\/script>\n<!-- \/ Yoast SEO plugin. -->","yoast_head_json":{"title":"Turvakehikolla varustetut tikkaat - Fedemark","robots":{"index":"index","follow":"follow","max-snippet":"max-snippet:-1","max-image-preview":"max-image-preview:large","max-video-preview":"max-video-preview:-1"},"canonical":"https:\/\/fedemark.ee\/fi\/tuotteet\/erikois-ja-erikoistilauksesta-valmistettavat-tikkaat\/erikoistilauksesta-valmistettavat-tikkaat\/turvakehikolla-varustetut-tikkaat\/","og_locale":"fi_FI","og_type":"article","og_title":"Turvakehikolla varustetut tikkaat - Fedemark","og_description":"Kiinnitet\u00e4\u00e4n sein\u00e4\u00e4n turvakehikon kanssa  Svelt Hoop-\/Facade -tikkaat ovat huoltovapaat, alumiinisin asennusosin varustetut alumiinitikkaat, joiden pituus sopii tarkalleen kaikenlaiseen enint\u00e4\u00e4n 10 metrin kiipeilykorkeuteen (10 metrist\u00e4 alkaen on jokaisen 6 metrin j\u00e4lkeen pakollista k\u00e4ytt\u00e4\u00e4 lepotasoa, 3 metrin kiipeilykorkeudesta alkaen on pakollista k\u00e4ytt\u00e4\u00e4 turvakoria). N\u00e4m\u00e4 tikkaat sopivat p\u00e4\u00e4sytikkaiksi erilaisten rakennusten julkisivuille, t\u00e4llaisia ovat erilaisten yritysten rakennukset, talot, kerrostalot jne.  Tekniset tiedot  \u2022 Tikkaiden leveys (ulkomitta)\u00a056 cm \u2022 Tikkaiden leveys (sis\u00e4mitta)\u00a044 cm \u2022 Puolan et\u00e4isyys\u00a028 cm \u2022 Kehikon l\u00e4pimitta\u00a070 cm \u2022 Et\u00e4isyys sein\u00e4st\u00e4\u00a016 cm \u2022 2 sein\u00e4n alumiinikiinnikett\u00e4 15 cm joka 200 cm v\u00e4lein \u2022\u00a0Kehikko alkaa 2,50 m korkeudelta maanpinnasta \u2022 Viimeiset 1,10 m ylh\u00e4\u00e4ll\u00e4 ovat askelmattomat, tikkailta kiipe\u00e4misen mahdollistamiseksi \u2022 Puolaosa: 27x27 mm \u2022\u00a0Kehysosa: 67x27 mm \u2022 Kehikko-osa: 30x15 mm ja\u00a040x20 mm \u2022\u00a0Alumiiniseos \u2022 TIG-hitsaussertifikaatti \u2022\u00a0Helppo asentaa \u2022 Tarrat ja k\u00e4ytt\u00f6ohje \u2022\u00a0Testisertifikaatti  MAHDOLLISTA TILATA \u2022 Lasikuituverkko tikkaiden k\u00e4ytt\u00f6\u00e4 varten s\u00e4hk\u00f6-, kemian- tai elintarviketeollisuudessa, joissa alumiinia ei saa k\u00e4ytt\u00e4\u00e4. \u2022 Lepotaso yli 10 m korkeisiin tikkaisiin \u2022 Turvaportti henkil\u00f6ille, joille tikkaat eiv\u00e4t ole sallitut \u2022 P\u00e4\u00e4sytikkaat alkaen 2,20\/2,50 m \u2013 5 kg \u2013 koukkujen kanssa \u2022 Erikoiskiinnikkeet yli 15 cm et\u00e4isyydelle sein\u00e4st\u00e4 \u2022 Alumiininen laskeutumistaso \u2022\u00a0Laskeutumisk\u00e4sipuut \u2022\u00a0Laskeutumisportti ...ja paljon muuta","og_url":"https:\/\/fedemark.ee\/fi\/tuotteet\/erikois-ja-erikoistilauksesta-valmistettavat-tikkaat\/erikoistilauksesta-valmistettavat-tikkaat\/turvakehikolla-varustetut-tikkaat\/","og_site_name":"Fedemark","article_modified_time":"2017-07-31T13:09:55+00:00","og_image":[{"width":500,"height":667,"url":"https:\/\/fedemark.ee\/wp-content\/uploads\/2017\/06\/hooped-ladder.jpg","type":"image\/jpeg"}],"twitter_card":"summary_large_image","schema":{"@context":"https:\/\/schema.org","@graph":[{"@type":"WebPage","@id":"https:\/\/fedemark.ee\/fi\/tuotteet\/erikois-ja-erikoistilauksesta-valmistettavat-tikkaat\/erikoistilauksesta-valmistettavat-tikkaat\/turvakehikolla-varustetut-tikkaat\/","url":"https:\/\/fedemark.ee\/fi\/tuotteet\/erikois-ja-erikoistilauksesta-valmistettavat-tikkaat\/erikoistilauksesta-valmistettavat-tikkaat\/turvakehikolla-varustetut-tikkaat\/","name":"Turvakehikolla varustetut tikkaat - Fedemark","isPartOf":{"@id":"https:\/\/fedemark.ee\/#website"},"primaryImageOfPage":{"@id":"https:\/\/fedemark.ee\/fi\/tuotteet\/erikois-ja-erikoistilauksesta-valmistettavat-tikkaat\/erikoistilauksesta-valmistettavat-tikkaat\/turvakehikolla-varustetut-tikkaat\/#primaryimage"},"image":{"@id":"https:\/\/fedemark.ee\/fi\/tuotteet\/erikois-ja-erikoistilauksesta-valmistettavat-tikkaat\/erikoistilauksesta-valmistettavat-tikkaat\/turvakehikolla-varustetut-tikkaat\/#primaryimage"},"thumbnailUrl":"https:\/\/fedemark.ee\/wp-content\/uploads\/2017\/06\/hooped-ladder.jpg","datePublished":"2017-06-16T15:56:25+00:00","dateModified":"2017-07-31T13:09:55+00:00","breadcrumb":{"@id":"https:\/\/fedemark.ee\/fi\/tuotteet\/erikois-ja-erikoistilauksesta-valmistettavat-tikkaat\/erikoistilauksesta-valmistettavat-tikkaat\/turvakehikolla-varustetut-tikkaat\/#breadcrumb"},"inLanguage":"fi-FI","potentialAction":[{"@type":"ReadAction","target":["https:\/\/fedemark.ee\/fi\/tuotteet\/erikois-ja-erikoistilauksesta-valmistettavat-tikkaat\/erikoistilauksesta-valmistettavat-tikkaat\/turvakehikolla-varustetut-tikkaat\/"]}]},{"@type":"ImageObject","inLanguage":"fi-FI","@id":"https:\/\/fedemark.ee\/fi\/tuotteet\/erikois-ja-erikoistilauksesta-valmistettavat-tikkaat\/erikoistilauksesta-valmistettavat-tikkaat\/turvakehikolla-varustetut-tikkaat\/#primaryimage","url":"https:\/\/fedemark.ee\/wp-content\/uploads\/2017\/06\/hooped-ladder.jpg","contentUrl":"https:\/\/fedemark.ee\/wp-content\/uploads\/2017\/06\/hooped-ladder.jpg","width":500,"height":667},{"@type":"BreadcrumbList","@id":"https:\/\/fedemark.ee\/fi\/tuotteet\/erikois-ja-erikoistilauksesta-valmistettavat-tikkaat\/erikoistilauksesta-valmistettavat-tikkaat\/turvakehikolla-varustetut-tikkaat\/#breadcrumb","itemListElement":[{"@type":"ListItem","position":1,"name":"Home","item":"https:\/\/fedemark.ee\/fi\/"},{"@type":"ListItem","position":2,"name":"Tuotteet","item":"https:\/\/fedemark.ee\/fi\/tuotteet\/"},{"@type":"ListItem","position":3,"name":"Turvakehikolla varustetut tikkaat"}]},{"@type":"WebSite","@id":"https:\/\/fedemark.ee\/#website","url":"https:\/\/fedemark.ee\/","name":"Fedemark","description":"Redelid, Tellingud, T\u00f6\u00f6platvormid ja vahekorrused","potentialAction":[{"@type":"SearchAction","target":{"@type":"EntryPoint","urlTemplate":"https:\/\/fedemark.ee\/?s={search_term_string}"},"query-input":"required name=search_term_string"}],"inLanguage":"fi-FI"}]}},"_links":{"self":[{"href":"https:\/\/fedemark.ee\/fi\/wp-json\/wp\/v2\/product\/7408"}],"collection":[{"href":"https:\/\/fedemark.ee\/fi\/wp-json\/wp\/v2\/product"}],"about":[{"href":"https:\/\/fedemark.ee\/fi\/wp-json\/wp\/v2\/types\/product"}],"replies":[{"embeddable":true,"href":"https:\/\/fedemark.ee\/fi\/wp-json\/wp\/v2\/comments?post=7408"}],"version-history":[{"count":0,"href":"https:\/\/fedemark.ee\/fi\/wp-json\/wp\/v2\/product\/7408\/revisions"}],"wp:featuredmedia":[{"embeddable":true,"href":"https:\/\/fedemark.ee\/fi\/wp-json\/wp\/v2\/media\/6873"}],"wp:attachment":[{"href":"https:\/\/fedemark.ee\/fi\/wp-json\/wp\/v2\/media?parent=7408"}],"wp:term":[{"taxonomy":"product_cat","embeddable":true,"href":"https:\/\/fedemark.ee\/fi\/wp-json\/wp\/v2\/product_cat?post=7408"},{"taxonomy":"product_tag","embeddable":true,"href":"https:\/\/fedemark.ee\/fi\/wp-json\/wp\/v2\/product_tag?post=7408"}],"curies":[{"name":"wp","href":"https:\/\/api.w.org\/{rel}","templated":true}]}}