{"id":7409,"date":"2017-06-16T16:08:39","date_gmt":"2017-06-16T16:08:39","guid":{"rendered":"https:\/\/sharks.ee\/fedemark\/shop\/uncategorized\/modum-ligipaasuredel\/"},"modified":"2017-07-31T13:11:08","modified_gmt":"2017-07-31T13:11:08","slug":"modum-access","status":"publish","type":"product","link":"https:\/\/fedemark.ee\/fi\/tuotteet\/erikois-ja-erikoistilauksesta-valmistettavat-tikkaat\/erikoistilauksesta-valmistettavat-tikkaat\/modum-access\/","title":{"rendered":"Modum Access"},"content":{"rendered":"","protected":false},"excerpt":{"rendered":"<p><em>Erityinen koottava p\u00e4\u00e4syj\u00e4rjestelm\u00e4<\/em><\/p>\n<p>Modum Access on ainutlaatuinen ja innovatiivinen p\u00e4\u00e4syj\u00e4rjestelm\u00e4. Siihen kuuluvat anodisoidusta alumiinista valmistetut tikkaat, jotka n\u00e4ytt\u00e4v\u00e4t vesikouruilta silloin kun niit\u00e4 ei k\u00e4ytet\u00e4, eiv\u00e4tk\u00e4 naamioituina \u201dpilaa\u201d rakennuksen julkisivua esteettist\u00e4 ilmett\u00e4. Jokaiset tikkaat on kiinnitetty sein\u00e4lle vakaasti, turvallisesti ja \u201dn\u00e4kym\u00e4tt\u00f6m\u00e4sti\u201d. Tarvittaessa tikkaat avautuvat muutamassa sekunnissa, kun maanpinnalla olevaa lukkoa painetaan.<br \/>\nModum Access on varustettu kahden avaimen turvalukolla, joten p\u00e4\u00e4sy on sallittu vain asiaan kuuluville henkil\u00f6ille. Modum avautuu ja pys\u00e4htyy sekunneissa, joten p\u00e4\u00e4sy on nopeaa ja turvallista. Tikkaat avautuvat alas ja pysyv\u00e4t paikallaan painovoiman ja ihmisen painon avulla.<\/p>\n<p>Modum Access tikkaat on valmistettu anodisoidusta alumiinista ja ruuvit ovat ruostumatonta ter\u00e4st\u00e4, jolla on varmistettu s\u00e4\u00e4nkest\u00e4vyys ja ruostumattomuus. Modum-j\u00e4rjestelm\u00e4 on l\u00e4p\u00e4issyt T\u00dcV GS testaukset 500 kg virtauksen osalta metri\u00e4 kohti. Tikkaat ovat \u00e4\u00e4rimm\u00e4isen vakaat ja jokainen pystyy asentamaan ne vaikeuksitta.<\/p>\n<p>Koottuina tikkailla on vesikourun mitat ja niit\u00e4 on saatavana eri v\u00e4ris\u00e4vyin\u00e4, jotta sopivuus julkisivun v\u00e4rin kanssa olisi t\u00e4ydellinen. Erilaiset lis\u00e4tarvikkeet mahdollistavat tikkailla kiipe\u00e4misen julkisivussa olevien esteiden yli, esimerkiksi kehykset, ikkunalaudat tai katolle p\u00e4\u00e4sy\u00e4 est\u00e4v\u00e4t askelmat.<\/p>\n<p>MODUM ACCESS:n voi nostoa varten avata vain maanpinnalta. Jos tarvitsette nopeaa evakuointitiet\u00e4, joka avautuu yl\u00e4kerroksesta alasp\u00e4in, tutustukaa MODUM SYSTEM:iin. Mik\u00e4li tarvitsette sekaj\u00e4rjestelm\u00e4\u00e4, johon kuuluu 2 askelmaa tikkaille p\u00e4\u00e4semiseen sek\u00e4 p\u00e4\u00e4sy- ett\u00e4 evakuointitarkoituksessa, tutustukaa MODUM WIRE:en.<\/p>\n<p>TEKNISET OMINAISUUDET<br \/>\n\u2022 Profiilipuolat: 34&#215;31 mm<br \/>\n\u2022 Kantavuus: 500 kg metri\u00e4 kohti<br \/>\n\u2022 Luiska koottuna: 83&#215;47 mm<br \/>\n\u2022 Puolat: 300 mm<br \/>\n\u2022 Luiskan sis\u00e4leveys: 398 mm<br \/>\n\u2022 Paino metri\u00e4 kohti: 3,15 kg<\/p>\n<p>VAKIOVARUSTEET<br \/>\n\u2022 Tehty anodisoidusta alumiinista<br \/>\n\u2022 Helppo asentaa<br \/>\n\u2022 Kyltit ja k\u00e4ytt\u00f6- ja huolto-ohje<br \/>\n\u2022 Pahvilaatikko<\/p>\n","protected":false},"featured_media":6805,"comment_status":"open","ping_status":"closed","template":"","meta":{"footnotes":""},"product_cat":[198,197],"product_tag":[],"yoast_head":"<!-- This site is optimized with the Yoast SEO plugin v22.6 - https:\/\/yoast.com\/wordpress\/plugins\/seo\/ -->\n<title>Modum Access - Fedemark<\/title>\n<meta name=\"robots\" content=\"index, follow, max-snippet:-1, max-image-preview:large, max-video-preview:-1\" \/>\n<link rel=\"canonical\" href=\"https:\/\/fedemark.ee\/fi\/tuotteet\/erikois-ja-erikoistilauksesta-valmistettavat-tikkaat\/erikoistilauksesta-valmistettavat-tikkaat\/modum-access\/\" \/>\n<meta property=\"og:locale\" content=\"fi_FI\" \/>\n<meta property=\"og:type\" content=\"article\" \/>\n<meta property=\"og:title\" content=\"Modum Access - Fedemark\" \/>\n<meta property=\"og:description\" content=\"Erityinen koottava p\u00e4\u00e4syj\u00e4rjestelm\u00e4  Modum Access on ainutlaatuinen ja innovatiivinen p\u00e4\u00e4syj\u00e4rjestelm\u00e4. Siihen kuuluvat anodisoidusta alumiinista valmistetut tikkaat, jotka n\u00e4ytt\u00e4v\u00e4t vesikouruilta silloin kun niit\u00e4 ei k\u00e4ytet\u00e4, eiv\u00e4tk\u00e4 naamioituina \u201dpilaa\u201d rakennuksen julkisivua esteettist\u00e4 ilmett\u00e4. Jokaiset tikkaat on kiinnitetty sein\u00e4lle vakaasti, turvallisesti ja \u201dn\u00e4kym\u00e4tt\u00f6m\u00e4sti\u201d. Tarvittaessa tikkaat avautuvat muutamassa sekunnissa, kun maanpinnalla olevaa lukkoa painetaan. Modum Access on varustettu kahden avaimen turvalukolla, joten p\u00e4\u00e4sy on sallittu vain asiaan kuuluville henkil\u00f6ille. Modum avautuu ja pys\u00e4htyy sekunneissa, joten p\u00e4\u00e4sy on nopeaa ja turvallista. Tikkaat avautuvat alas ja pysyv\u00e4t paikallaan painovoiman ja ihmisen painon avulla.  Modum Access tikkaat on valmistettu anodisoidusta alumiinista ja ruuvit ovat ruostumatonta ter\u00e4st\u00e4, jolla on varmistettu s\u00e4\u00e4nkest\u00e4vyys ja ruostumattomuus. Modum-j\u00e4rjestelm\u00e4 on l\u00e4p\u00e4issyt T\u00dcV GS testaukset 500 kg virtauksen osalta metri\u00e4 kohti. Tikkaat ovat \u00e4\u00e4rimm\u00e4isen vakaat ja jokainen pystyy asentamaan ne vaikeuksitta.  Koottuina tikkailla on vesikourun mitat ja niit\u00e4 on saatavana eri v\u00e4ris\u00e4vyin\u00e4, jotta sopivuus julkisivun v\u00e4rin kanssa olisi t\u00e4ydellinen. Erilaiset lis\u00e4tarvikkeet mahdollistavat tikkailla kiipe\u00e4misen julkisivussa olevien esteiden yli, esimerkiksi kehykset, ikkunalaudat tai katolle p\u00e4\u00e4sy\u00e4 est\u00e4v\u00e4t askelmat.  MODUM ACCESS:n voi nostoa varten avata vain maanpinnalta. Jos tarvitsette nopeaa evakuointitiet\u00e4, joka avautuu yl\u00e4kerroksesta alasp\u00e4in, tutustukaa MODUM SYSTEM:iin. Mik\u00e4li tarvitsette sekaj\u00e4rjestelm\u00e4\u00e4, johon kuuluu 2 askelmaa tikkaille p\u00e4\u00e4semiseen sek\u00e4 p\u00e4\u00e4sy- ett\u00e4 evakuointitarkoituksessa, tutustukaa MODUM WIRE:en.  TEKNISET OMINAISUUDET \u2022 Profiilipuolat: 34x31 mm \u2022 Kantavuus: 500 kg metri\u00e4 kohti \u2022 Luiska koottuna: 83x47 mm \u2022 Puolat: 300 mm \u2022 Luiskan sis\u00e4leveys: 398 mm \u2022 Paino metri\u00e4 kohti: 3,15 kg  VAKIOVARUSTEET \u2022 Tehty anodisoidusta alumiinista \u2022 Helppo asentaa \u2022 Kyltit ja k\u00e4ytt\u00f6- ja huolto-ohje \u2022 Pahvilaatikko\" \/>\n<meta property=\"og:url\" content=\"https:\/\/fedemark.ee\/fi\/tuotteet\/erikois-ja-erikoistilauksesta-valmistettavat-tikkaat\/erikoistilauksesta-valmistettavat-tikkaat\/modum-access\/\" \/>\n<meta property=\"og:site_name\" content=\"Fedemark\" \/>\n<meta property=\"article:modified_time\" content=\"2017-07-31T13:11:08+00:00\" \/>\n<meta property=\"og:image\" content=\"https:\/\/fedemark.ee\/wp-content\/uploads\/2017\/06\/modum-access.jpg\" \/>\n\t<meta property=\"og:image:width\" content=\"225\" \/>\n\t<meta property=\"og:image:height\" content=\"384\" \/>\n\t<meta property=\"og:image:type\" content=\"image\/jpeg\" \/>\n<meta name=\"twitter:card\" content=\"summary_large_image\" \/>\n<script type=\"application\/ld+json\" class=\"yoast-schema-graph\">{\"@context\":\"https:\/\/schema.org\",\"@graph\":[{\"@type\":\"WebPage\",\"@id\":\"https:\/\/fedemark.ee\/fi\/tuotteet\/erikois-ja-erikoistilauksesta-valmistettavat-tikkaat\/erikoistilauksesta-valmistettavat-tikkaat\/modum-access\/\",\"url\":\"https:\/\/fedemark.ee\/fi\/tuotteet\/erikois-ja-erikoistilauksesta-valmistettavat-tikkaat\/erikoistilauksesta-valmistettavat-tikkaat\/modum-access\/\",\"name\":\"Modum Access - Fedemark\",\"isPartOf\":{\"@id\":\"https:\/\/fedemark.ee\/#website\"},\"primaryImageOfPage\":{\"@id\":\"https:\/\/fedemark.ee\/fi\/tuotteet\/erikois-ja-erikoistilauksesta-valmistettavat-tikkaat\/erikoistilauksesta-valmistettavat-tikkaat\/modum-access\/#primaryimage\"},\"image\":{\"@id\":\"https:\/\/fedemark.ee\/fi\/tuotteet\/erikois-ja-erikoistilauksesta-valmistettavat-tikkaat\/erikoistilauksesta-valmistettavat-tikkaat\/modum-access\/#primaryimage\"},\"thumbnailUrl\":\"https:\/\/fedemark.ee\/wp-content\/uploads\/2017\/06\/modum-access.jpg\",\"datePublished\":\"2017-06-16T16:08:39+00:00\",\"dateModified\":\"2017-07-31T13:11:08+00:00\",\"breadcrumb\":{\"@id\":\"https:\/\/fedemark.ee\/fi\/tuotteet\/erikois-ja-erikoistilauksesta-valmistettavat-tikkaat\/erikoistilauksesta-valmistettavat-tikkaat\/modum-access\/#breadcrumb\"},\"inLanguage\":\"fi-FI\",\"potentialAction\":[{\"@type\":\"ReadAction\",\"target\":[\"https:\/\/fedemark.ee\/fi\/tuotteet\/erikois-ja-erikoistilauksesta-valmistettavat-tikkaat\/erikoistilauksesta-valmistettavat-tikkaat\/modum-access\/\"]}]},{\"@type\":\"ImageObject\",\"inLanguage\":\"fi-FI\",\"@id\":\"https:\/\/fedemark.ee\/fi\/tuotteet\/erikois-ja-erikoistilauksesta-valmistettavat-tikkaat\/erikoistilauksesta-valmistettavat-tikkaat\/modum-access\/#primaryimage\",\"url\":\"https:\/\/fedemark.ee\/wp-content\/uploads\/2017\/06\/modum-access.jpg\",\"contentUrl\":\"https:\/\/fedemark.ee\/wp-content\/uploads\/2017\/06\/modum-access.jpg\",\"width\":225,\"height\":384},{\"@type\":\"BreadcrumbList\",\"@id\":\"https:\/\/fedemark.ee\/fi\/tuotteet\/erikois-ja-erikoistilauksesta-valmistettavat-tikkaat\/erikoistilauksesta-valmistettavat-tikkaat\/modum-access\/#breadcrumb\",\"itemListElement\":[{\"@type\":\"ListItem\",\"position\":1,\"name\":\"Home\",\"item\":\"https:\/\/fedemark.ee\/fi\/\"},{\"@type\":\"ListItem\",\"position\":2,\"name\":\"Tuotteet\",\"item\":\"https:\/\/fedemark.ee\/fi\/tuotteet\/\"},{\"@type\":\"ListItem\",\"position\":3,\"name\":\"Modum Access\"}]},{\"@type\":\"WebSite\",\"@id\":\"https:\/\/fedemark.ee\/#website\",\"url\":\"https:\/\/fedemark.ee\/\",\"name\":\"Fedemark\",\"description\":\"Redelid, Tellingud, T\u00f6\u00f6platvormid ja vahekorrused\",\"potentialAction\":[{\"@type\":\"SearchAction\",\"target\":{\"@type\":\"EntryPoint\",\"urlTemplate\":\"https:\/\/fedemark.ee\/?s={search_term_string}\"},\"query-input\":\"required name=search_term_string\"}],\"inLanguage\":\"fi-FI\"}]}<\/script>\n<!-- \/ Yoast SEO plugin. -->","yoast_head_json":{"title":"Modum Access - Fedemark","robots":{"index":"index","follow":"follow","max-snippet":"max-snippet:-1","max-image-preview":"max-image-preview:large","max-video-preview":"max-video-preview:-1"},"canonical":"https:\/\/fedemark.ee\/fi\/tuotteet\/erikois-ja-erikoistilauksesta-valmistettavat-tikkaat\/erikoistilauksesta-valmistettavat-tikkaat\/modum-access\/","og_locale":"fi_FI","og_type":"article","og_title":"Modum Access - Fedemark","og_description":"Erityinen koottava p\u00e4\u00e4syj\u00e4rjestelm\u00e4  Modum Access on ainutlaatuinen ja innovatiivinen p\u00e4\u00e4syj\u00e4rjestelm\u00e4. Siihen kuuluvat anodisoidusta alumiinista valmistetut tikkaat, jotka n\u00e4ytt\u00e4v\u00e4t vesikouruilta silloin kun niit\u00e4 ei k\u00e4ytet\u00e4, eiv\u00e4tk\u00e4 naamioituina \u201dpilaa\u201d rakennuksen julkisivua esteettist\u00e4 ilmett\u00e4. Jokaiset tikkaat on kiinnitetty sein\u00e4lle vakaasti, turvallisesti ja \u201dn\u00e4kym\u00e4tt\u00f6m\u00e4sti\u201d. Tarvittaessa tikkaat avautuvat muutamassa sekunnissa, kun maanpinnalla olevaa lukkoa painetaan. Modum Access on varustettu kahden avaimen turvalukolla, joten p\u00e4\u00e4sy on sallittu vain asiaan kuuluville henkil\u00f6ille. Modum avautuu ja pys\u00e4htyy sekunneissa, joten p\u00e4\u00e4sy on nopeaa ja turvallista. Tikkaat avautuvat alas ja pysyv\u00e4t paikallaan painovoiman ja ihmisen painon avulla.  Modum Access tikkaat on valmistettu anodisoidusta alumiinista ja ruuvit ovat ruostumatonta ter\u00e4st\u00e4, jolla on varmistettu s\u00e4\u00e4nkest\u00e4vyys ja ruostumattomuus. Modum-j\u00e4rjestelm\u00e4 on l\u00e4p\u00e4issyt T\u00dcV GS testaukset 500 kg virtauksen osalta metri\u00e4 kohti. Tikkaat ovat \u00e4\u00e4rimm\u00e4isen vakaat ja jokainen pystyy asentamaan ne vaikeuksitta.  Koottuina tikkailla on vesikourun mitat ja niit\u00e4 on saatavana eri v\u00e4ris\u00e4vyin\u00e4, jotta sopivuus julkisivun v\u00e4rin kanssa olisi t\u00e4ydellinen. Erilaiset lis\u00e4tarvikkeet mahdollistavat tikkailla kiipe\u00e4misen julkisivussa olevien esteiden yli, esimerkiksi kehykset, ikkunalaudat tai katolle p\u00e4\u00e4sy\u00e4 est\u00e4v\u00e4t askelmat.  MODUM ACCESS:n voi nostoa varten avata vain maanpinnalta. Jos tarvitsette nopeaa evakuointitiet\u00e4, joka avautuu yl\u00e4kerroksesta alasp\u00e4in, tutustukaa MODUM SYSTEM:iin. Mik\u00e4li tarvitsette sekaj\u00e4rjestelm\u00e4\u00e4, johon kuuluu 2 askelmaa tikkaille p\u00e4\u00e4semiseen sek\u00e4 p\u00e4\u00e4sy- ett\u00e4 evakuointitarkoituksessa, tutustukaa MODUM WIRE:en.  TEKNISET OMINAISUUDET \u2022 Profiilipuolat: 34x31 mm \u2022 Kantavuus: 500 kg metri\u00e4 kohti \u2022 Luiska koottuna: 83x47 mm \u2022 Puolat: 300 mm \u2022 Luiskan sis\u00e4leveys: 398 mm \u2022 Paino metri\u00e4 kohti: 3,15 kg  VAKIOVARUSTEET \u2022 Tehty anodisoidusta alumiinista \u2022 Helppo asentaa \u2022 Kyltit ja k\u00e4ytt\u00f6- ja huolto-ohje \u2022 Pahvilaatikko","og_url":"https:\/\/fedemark.ee\/fi\/tuotteet\/erikois-ja-erikoistilauksesta-valmistettavat-tikkaat\/erikoistilauksesta-valmistettavat-tikkaat\/modum-access\/","og_site_name":"Fedemark","article_modified_time":"2017-07-31T13:11:08+00:00","og_image":[{"width":225,"height":384,"url":"https:\/\/fedemark.ee\/wp-content\/uploads\/2017\/06\/modum-access.jpg","type":"image\/jpeg"}],"twitter_card":"summary_large_image","schema":{"@context":"https:\/\/schema.org","@graph":[{"@type":"WebPage","@id":"https:\/\/fedemark.ee\/fi\/tuotteet\/erikois-ja-erikoistilauksesta-valmistettavat-tikkaat\/erikoistilauksesta-valmistettavat-tikkaat\/modum-access\/","url":"https:\/\/fedemark.ee\/fi\/tuotteet\/erikois-ja-erikoistilauksesta-valmistettavat-tikkaat\/erikoistilauksesta-valmistettavat-tikkaat\/modum-access\/","name":"Modum Access - Fedemark","isPartOf":{"@id":"https:\/\/fedemark.ee\/#website"},"primaryImageOfPage":{"@id":"https:\/\/fedemark.ee\/fi\/tuotteet\/erikois-ja-erikoistilauksesta-valmistettavat-tikkaat\/erikoistilauksesta-valmistettavat-tikkaat\/modum-access\/#primaryimage"},"image":{"@id":"https:\/\/fedemark.ee\/fi\/tuotteet\/erikois-ja-erikoistilauksesta-valmistettavat-tikkaat\/erikoistilauksesta-valmistettavat-tikkaat\/modum-access\/#primaryimage"},"thumbnailUrl":"https:\/\/fedemark.ee\/wp-content\/uploads\/2017\/06\/modum-access.jpg","datePublished":"2017-06-16T16:08:39+00:00","dateModified":"2017-07-31T13:11:08+00:00","breadcrumb":{"@id":"https:\/\/fedemark.ee\/fi\/tuotteet\/erikois-ja-erikoistilauksesta-valmistettavat-tikkaat\/erikoistilauksesta-valmistettavat-tikkaat\/modum-access\/#breadcrumb"},"inLanguage":"fi-FI","potentialAction":[{"@type":"ReadAction","target":["https:\/\/fedemark.ee\/fi\/tuotteet\/erikois-ja-erikoistilauksesta-valmistettavat-tikkaat\/erikoistilauksesta-valmistettavat-tikkaat\/modum-access\/"]}]},{"@type":"ImageObject","inLanguage":"fi-FI","@id":"https:\/\/fedemark.ee\/fi\/tuotteet\/erikois-ja-erikoistilauksesta-valmistettavat-tikkaat\/erikoistilauksesta-valmistettavat-tikkaat\/modum-access\/#primaryimage","url":"https:\/\/fedemark.ee\/wp-content\/uploads\/2017\/06\/modum-access.jpg","contentUrl":"https:\/\/fedemark.ee\/wp-content\/uploads\/2017\/06\/modum-access.jpg","width":225,"height":384},{"@type":"BreadcrumbList","@id":"https:\/\/fedemark.ee\/fi\/tuotteet\/erikois-ja-erikoistilauksesta-valmistettavat-tikkaat\/erikoistilauksesta-valmistettavat-tikkaat\/modum-access\/#breadcrumb","itemListElement":[{"@type":"ListItem","position":1,"name":"Home","item":"https:\/\/fedemark.ee\/fi\/"},{"@type":"ListItem","position":2,"name":"Tuotteet","item":"https:\/\/fedemark.ee\/fi\/tuotteet\/"},{"@type":"ListItem","position":3,"name":"Modum Access"}]},{"@type":"WebSite","@id":"https:\/\/fedemark.ee\/#website","url":"https:\/\/fedemark.ee\/","name":"Fedemark","description":"Redelid, Tellingud, T\u00f6\u00f6platvormid ja vahekorrused","potentialAction":[{"@type":"SearchAction","target":{"@type":"EntryPoint","urlTemplate":"https:\/\/fedemark.ee\/?s={search_term_string}"},"query-input":"required name=search_term_string"}],"inLanguage":"fi-FI"}]}},"_links":{"self":[{"href":"https:\/\/fedemark.ee\/fi\/wp-json\/wp\/v2\/product\/7409"}],"collection":[{"href":"https:\/\/fedemark.ee\/fi\/wp-json\/wp\/v2\/product"}],"about":[{"href":"https:\/\/fedemark.ee\/fi\/wp-json\/wp\/v2\/types\/product"}],"replies":[{"embeddable":true,"href":"https:\/\/fedemark.ee\/fi\/wp-json\/wp\/v2\/comments?post=7409"}],"version-history":[{"count":0,"href":"https:\/\/fedemark.ee\/fi\/wp-json\/wp\/v2\/product\/7409\/revisions"}],"wp:featuredmedia":[{"embeddable":true,"href":"https:\/\/fedemark.ee\/fi\/wp-json\/wp\/v2\/media\/6805"}],"wp:attachment":[{"href":"https:\/\/fedemark.ee\/fi\/wp-json\/wp\/v2\/media?parent=7409"}],"wp:term":[{"taxonomy":"product_cat","embeddable":true,"href":"https:\/\/fedemark.ee\/fi\/wp-json\/wp\/v2\/product_cat?post=7409"},{"taxonomy":"product_tag","embeddable":true,"href":"https:\/\/fedemark.ee\/fi\/wp-json\/wp\/v2\/product_tag?post=7409"}],"curies":[{"name":"wp","href":"https:\/\/api.w.org\/{rel}","templated":true}]}}