{"id":7410,"date":"2017-06-16T16:04:02","date_gmt":"2017-06-16T16:04:02","guid":{"rendered":"https:\/\/sharks.ee\/fedemark\/shop\/uncategorized\/torretta\/"},"modified":"2017-07-31T13:12:02","modified_gmt":"2017-07-31T13:12:02","slug":"torretta","status":"publish","type":"product","link":"https:\/\/fedemark.ee\/fi\/tuotteet\/erikois-ja-erikoistilauksesta-valmistettavat-tikkaat\/erikoistilauksesta-valmistettavat-tikkaat\/torretta\/","title":{"rendered":"Torretta"},"content":{"rendered":"","protected":false},"excerpt":{"rendered":"<p><em>Yksipuoliset py\u00f6rill\u00e4 varustetut porrastikkaat<\/em><\/p>\n<p>Ei-koottavat, kiinte\u00e4t, yksipuoliset alumiinista valmistetut porrastikkaat, jotka sopivat erityisen hyvin taajaan k\u00e4ytt\u00f6\u00f6n.<br \/>\nKaikki askelmat ovat hitsattu lujasti kehykseen, joka tekee tikkaista vakaat ja kest\u00e4v\u00e4t.<br \/>\nTikkaat toimitetaan vasen- tai oikeapuolisin tai etuk\u00e4sipuin tai ovin.<\/p>\n<p>TEKNISET OMINAISUUDET<br \/>\n\u2022\u00a0Liukumattomat askelmat: 10\u221220 cm<br \/>\n\u2022\u00a0Tason kantavuus: 150 kg<br \/>\n\u2022\u00a0Etukehyksen profiili: 100&#215;30 mm<br \/>\n\u2022\u00a0Askelmien v\u00e4linen et\u00e4isyys: 23 cm<br \/>\n\u2022\u00a0Suojakaiteen ja k\u00e4sipuun korkeus: 100 cm<br \/>\n\u2022\u00a0Varvaslaudan korkeus: 15 cm<br \/>\n\u2022\u00a0Iso taso: 60&#215;70 cm<br \/>\n\u2022\u00a0Etuosan leveys: 65 cm<br \/>\n\u2022\u00a0Etuosan kaltevuus: 55\u00b0<br \/>\n\u2022\u00a0Py\u00f6r\u00e4t: l\u00e4pimitta: 125 mm<\/p>\n<p>VAKIO-OSAT<br \/>\n\u2022\u00a0Suojakaide<br \/>\n\u2022\u00a0Tuet pisimpien askelmien alla<br \/>\n\u2022\u00a0Ergonomiset ja vahvistetut, liukumattomat kumijalat<br \/>\n\u2022\u00a0TIG-sertifioitu hitsaus<br \/>\n\u2022\u00a0Kyltti ja kokoamis- ja k\u00e4ytt\u00f6ohje<\/p>\n<p>Mahdollista tilata:<br \/>\n\u2022\u00a0Lyhyt tukijalka (75 cm pitk\u00e4) ahtaissa k\u00e4yt\u00e4viss\u00e4 k\u00e4ytett\u00e4v\u00e4ksi<br \/>\n\u2022\u00a04 py\u00f6riv\u00e4n, itse lukkiutuvan py\u00f6r\u00e4n setti, l\u00e4pimitta 80 mm<br \/>\n\u2022\u00a0Portilla tai ketjulla varustetut tikkaat, ilman sivu- tai etuk\u00e4sipuuta<br \/>\n\u2022\u00a0Kaksipuolinen Torretta<br \/>\n\u2022\u00a0Eri kokoja<br \/>\n\u2022\u00a0Koottava suojakaide<br \/>\n\u2022\u00a0Ty\u00f6kalupidin<br \/>\n\u2022\u00a0Ulkoneva tai teleskooppitaso<br \/>\n\u2022\u00a0Kuivaustaso<br \/>\n\u2022\u00a02 koottavaa, nostettavaa haaraa<\/p>\n","protected":false},"featured_media":10256,"comment_status":"open","ping_status":"closed","template":"","meta":{"footnotes":""},"product_cat":[198,197],"product_tag":[],"yoast_head":"<!-- This site is optimized with the Yoast SEO plugin v22.6 - https:\/\/yoast.com\/wordpress\/plugins\/seo\/ -->\n<title>Torretta - Fedemark<\/title>\n<meta name=\"robots\" content=\"index, follow, max-snippet:-1, max-image-preview:large, max-video-preview:-1\" \/>\n<link rel=\"canonical\" href=\"https:\/\/fedemark.ee\/fi\/tuotteet\/erikois-ja-erikoistilauksesta-valmistettavat-tikkaat\/erikoistilauksesta-valmistettavat-tikkaat\/torretta\/\" \/>\n<meta property=\"og:locale\" content=\"fi_FI\" \/>\n<meta property=\"og:type\" content=\"article\" \/>\n<meta property=\"og:title\" content=\"Torretta - Fedemark\" \/>\n<meta property=\"og:description\" content=\"Yksipuoliset py\u00f6rill\u00e4 varustetut porrastikkaat  Ei-koottavat, kiinte\u00e4t, yksipuoliset alumiinista valmistetut porrastikkaat, jotka sopivat erityisen hyvin taajaan k\u00e4ytt\u00f6\u00f6n. Kaikki askelmat ovat hitsattu lujasti kehykseen, joka tekee tikkaista vakaat ja kest\u00e4v\u00e4t. Tikkaat toimitetaan vasen- tai oikeapuolisin tai etuk\u00e4sipuin tai ovin.  TEKNISET OMINAISUUDET \u2022\u00a0Liukumattomat askelmat: 10\u221220 cm \u2022\u00a0Tason kantavuus: 150 kg \u2022\u00a0Etukehyksen profiili: 100x30 mm \u2022\u00a0Askelmien v\u00e4linen et\u00e4isyys: 23 cm \u2022\u00a0Suojakaiteen ja k\u00e4sipuun korkeus: 100 cm \u2022\u00a0Varvaslaudan korkeus: 15 cm \u2022\u00a0Iso taso: 60x70 cm \u2022\u00a0Etuosan leveys: 65 cm \u2022\u00a0Etuosan kaltevuus: 55\u00b0 \u2022\u00a0Py\u00f6r\u00e4t: l\u00e4pimitta: 125 mm  VAKIO-OSAT \u2022\u00a0Suojakaide \u2022\u00a0Tuet pisimpien askelmien alla \u2022\u00a0Ergonomiset ja vahvistetut, liukumattomat kumijalat \u2022\u00a0TIG-sertifioitu hitsaus \u2022\u00a0Kyltti ja kokoamis- ja k\u00e4ytt\u00f6ohje  Mahdollista tilata: \u2022\u00a0Lyhyt tukijalka (75 cm pitk\u00e4) ahtaissa k\u00e4yt\u00e4viss\u00e4 k\u00e4ytett\u00e4v\u00e4ksi \u2022\u00a04 py\u00f6riv\u00e4n, itse lukkiutuvan py\u00f6r\u00e4n setti, l\u00e4pimitta 80 mm \u2022\u00a0Portilla tai ketjulla varustetut tikkaat, ilman sivu- tai etuk\u00e4sipuuta \u2022\u00a0Kaksipuolinen Torretta \u2022\u00a0Eri kokoja \u2022\u00a0Koottava suojakaide \u2022\u00a0Ty\u00f6kalupidin \u2022\u00a0Ulkoneva tai teleskooppitaso \u2022\u00a0Kuivaustaso \u2022\u00a02 koottavaa, nostettavaa haaraa\" \/>\n<meta property=\"og:url\" content=\"https:\/\/fedemark.ee\/fi\/tuotteet\/erikois-ja-erikoistilauksesta-valmistettavat-tikkaat\/erikoistilauksesta-valmistettavat-tikkaat\/torretta\/\" \/>\n<meta property=\"og:site_name\" content=\"Fedemark\" \/>\n<meta property=\"article:modified_time\" content=\"2017-07-31T13:12:02+00:00\" \/>\n<meta property=\"og:image\" content=\"https:\/\/fedemark.ee\/wp-content\/uploads\/2017\/06\/torretta-1.jpg\" \/>\n\t<meta property=\"og:image:width\" content=\"800\" \/>\n\t<meta property=\"og:image:height\" content=\"534\" \/>\n\t<meta property=\"og:image:type\" content=\"image\/jpeg\" \/>\n<meta name=\"twitter:card\" content=\"summary_large_image\" \/>\n<script type=\"application\/ld+json\" class=\"yoast-schema-graph\">{\"@context\":\"https:\/\/schema.org\",\"@graph\":[{\"@type\":\"WebPage\",\"@id\":\"https:\/\/fedemark.ee\/fi\/tuotteet\/erikois-ja-erikoistilauksesta-valmistettavat-tikkaat\/erikoistilauksesta-valmistettavat-tikkaat\/torretta\/\",\"url\":\"https:\/\/fedemark.ee\/fi\/tuotteet\/erikois-ja-erikoistilauksesta-valmistettavat-tikkaat\/erikoistilauksesta-valmistettavat-tikkaat\/torretta\/\",\"name\":\"Torretta - Fedemark\",\"isPartOf\":{\"@id\":\"https:\/\/fedemark.ee\/#website\"},\"primaryImageOfPage\":{\"@id\":\"https:\/\/fedemark.ee\/fi\/tuotteet\/erikois-ja-erikoistilauksesta-valmistettavat-tikkaat\/erikoistilauksesta-valmistettavat-tikkaat\/torretta\/#primaryimage\"},\"image\":{\"@id\":\"https:\/\/fedemark.ee\/fi\/tuotteet\/erikois-ja-erikoistilauksesta-valmistettavat-tikkaat\/erikoistilauksesta-valmistettavat-tikkaat\/torretta\/#primaryimage\"},\"thumbnailUrl\":\"https:\/\/fedemark.ee\/wp-content\/uploads\/2017\/06\/torretta-1.jpg\",\"datePublished\":\"2017-06-16T16:04:02+00:00\",\"dateModified\":\"2017-07-31T13:12:02+00:00\",\"breadcrumb\":{\"@id\":\"https:\/\/fedemark.ee\/fi\/tuotteet\/erikois-ja-erikoistilauksesta-valmistettavat-tikkaat\/erikoistilauksesta-valmistettavat-tikkaat\/torretta\/#breadcrumb\"},\"inLanguage\":\"fi-FI\",\"potentialAction\":[{\"@type\":\"ReadAction\",\"target\":[\"https:\/\/fedemark.ee\/fi\/tuotteet\/erikois-ja-erikoistilauksesta-valmistettavat-tikkaat\/erikoistilauksesta-valmistettavat-tikkaat\/torretta\/\"]}]},{\"@type\":\"ImageObject\",\"inLanguage\":\"fi-FI\",\"@id\":\"https:\/\/fedemark.ee\/fi\/tuotteet\/erikois-ja-erikoistilauksesta-valmistettavat-tikkaat\/erikoistilauksesta-valmistettavat-tikkaat\/torretta\/#primaryimage\",\"url\":\"https:\/\/fedemark.ee\/wp-content\/uploads\/2017\/06\/torretta-1.jpg\",\"contentUrl\":\"https:\/\/fedemark.ee\/wp-content\/uploads\/2017\/06\/torretta-1.jpg\",\"width\":800,\"height\":534},{\"@type\":\"BreadcrumbList\",\"@id\":\"https:\/\/fedemark.ee\/fi\/tuotteet\/erikois-ja-erikoistilauksesta-valmistettavat-tikkaat\/erikoistilauksesta-valmistettavat-tikkaat\/torretta\/#breadcrumb\",\"itemListElement\":[{\"@type\":\"ListItem\",\"position\":1,\"name\":\"Home\",\"item\":\"https:\/\/fedemark.ee\/fi\/\"},{\"@type\":\"ListItem\",\"position\":2,\"name\":\"Tuotteet\",\"item\":\"https:\/\/fedemark.ee\/fi\/tuotteet\/\"},{\"@type\":\"ListItem\",\"position\":3,\"name\":\"Torretta\"}]},{\"@type\":\"WebSite\",\"@id\":\"https:\/\/fedemark.ee\/#website\",\"url\":\"https:\/\/fedemark.ee\/\",\"name\":\"Fedemark\",\"description\":\"Redelid, Tellingud, T\u00f6\u00f6platvormid ja vahekorrused\",\"potentialAction\":[{\"@type\":\"SearchAction\",\"target\":{\"@type\":\"EntryPoint\",\"urlTemplate\":\"https:\/\/fedemark.ee\/?s={search_term_string}\"},\"query-input\":\"required name=search_term_string\"}],\"inLanguage\":\"fi-FI\"}]}<\/script>\n<!-- \/ Yoast SEO plugin. -->","yoast_head_json":{"title":"Torretta - Fedemark","robots":{"index":"index","follow":"follow","max-snippet":"max-snippet:-1","max-image-preview":"max-image-preview:large","max-video-preview":"max-video-preview:-1"},"canonical":"https:\/\/fedemark.ee\/fi\/tuotteet\/erikois-ja-erikoistilauksesta-valmistettavat-tikkaat\/erikoistilauksesta-valmistettavat-tikkaat\/torretta\/","og_locale":"fi_FI","og_type":"article","og_title":"Torretta - Fedemark","og_description":"Yksipuoliset py\u00f6rill\u00e4 varustetut porrastikkaat  Ei-koottavat, kiinte\u00e4t, yksipuoliset alumiinista valmistetut porrastikkaat, jotka sopivat erityisen hyvin taajaan k\u00e4ytt\u00f6\u00f6n. Kaikki askelmat ovat hitsattu lujasti kehykseen, joka tekee tikkaista vakaat ja kest\u00e4v\u00e4t. Tikkaat toimitetaan vasen- tai oikeapuolisin tai etuk\u00e4sipuin tai ovin.  TEKNISET OMINAISUUDET \u2022\u00a0Liukumattomat askelmat: 10\u221220 cm \u2022\u00a0Tason kantavuus: 150 kg \u2022\u00a0Etukehyksen profiili: 100x30 mm \u2022\u00a0Askelmien v\u00e4linen et\u00e4isyys: 23 cm \u2022\u00a0Suojakaiteen ja k\u00e4sipuun korkeus: 100 cm \u2022\u00a0Varvaslaudan korkeus: 15 cm \u2022\u00a0Iso taso: 60x70 cm \u2022\u00a0Etuosan leveys: 65 cm \u2022\u00a0Etuosan kaltevuus: 55\u00b0 \u2022\u00a0Py\u00f6r\u00e4t: l\u00e4pimitta: 125 mm  VAKIO-OSAT \u2022\u00a0Suojakaide \u2022\u00a0Tuet pisimpien askelmien alla \u2022\u00a0Ergonomiset ja vahvistetut, liukumattomat kumijalat \u2022\u00a0TIG-sertifioitu hitsaus \u2022\u00a0Kyltti ja kokoamis- ja k\u00e4ytt\u00f6ohje  Mahdollista tilata: \u2022\u00a0Lyhyt tukijalka (75 cm pitk\u00e4) ahtaissa k\u00e4yt\u00e4viss\u00e4 k\u00e4ytett\u00e4v\u00e4ksi \u2022\u00a04 py\u00f6riv\u00e4n, itse lukkiutuvan py\u00f6r\u00e4n setti, l\u00e4pimitta 80 mm \u2022\u00a0Portilla tai ketjulla varustetut tikkaat, ilman sivu- tai etuk\u00e4sipuuta \u2022\u00a0Kaksipuolinen Torretta \u2022\u00a0Eri kokoja \u2022\u00a0Koottava suojakaide \u2022\u00a0Ty\u00f6kalupidin \u2022\u00a0Ulkoneva tai teleskooppitaso \u2022\u00a0Kuivaustaso \u2022\u00a02 koottavaa, nostettavaa haaraa","og_url":"https:\/\/fedemark.ee\/fi\/tuotteet\/erikois-ja-erikoistilauksesta-valmistettavat-tikkaat\/erikoistilauksesta-valmistettavat-tikkaat\/torretta\/","og_site_name":"Fedemark","article_modified_time":"2017-07-31T13:12:02+00:00","og_image":[{"width":800,"height":534,"url":"https:\/\/fedemark.ee\/wp-content\/uploads\/2017\/06\/torretta-1.jpg","type":"image\/jpeg"}],"twitter_card":"summary_large_image","schema":{"@context":"https:\/\/schema.org","@graph":[{"@type":"WebPage","@id":"https:\/\/fedemark.ee\/fi\/tuotteet\/erikois-ja-erikoistilauksesta-valmistettavat-tikkaat\/erikoistilauksesta-valmistettavat-tikkaat\/torretta\/","url":"https:\/\/fedemark.ee\/fi\/tuotteet\/erikois-ja-erikoistilauksesta-valmistettavat-tikkaat\/erikoistilauksesta-valmistettavat-tikkaat\/torretta\/","name":"Torretta - Fedemark","isPartOf":{"@id":"https:\/\/fedemark.ee\/#website"},"primaryImageOfPage":{"@id":"https:\/\/fedemark.ee\/fi\/tuotteet\/erikois-ja-erikoistilauksesta-valmistettavat-tikkaat\/erikoistilauksesta-valmistettavat-tikkaat\/torretta\/#primaryimage"},"image":{"@id":"https:\/\/fedemark.ee\/fi\/tuotteet\/erikois-ja-erikoistilauksesta-valmistettavat-tikkaat\/erikoistilauksesta-valmistettavat-tikkaat\/torretta\/#primaryimage"},"thumbnailUrl":"https:\/\/fedemark.ee\/wp-content\/uploads\/2017\/06\/torretta-1.jpg","datePublished":"2017-06-16T16:04:02+00:00","dateModified":"2017-07-31T13:12:02+00:00","breadcrumb":{"@id":"https:\/\/fedemark.ee\/fi\/tuotteet\/erikois-ja-erikoistilauksesta-valmistettavat-tikkaat\/erikoistilauksesta-valmistettavat-tikkaat\/torretta\/#breadcrumb"},"inLanguage":"fi-FI","potentialAction":[{"@type":"ReadAction","target":["https:\/\/fedemark.ee\/fi\/tuotteet\/erikois-ja-erikoistilauksesta-valmistettavat-tikkaat\/erikoistilauksesta-valmistettavat-tikkaat\/torretta\/"]}]},{"@type":"ImageObject","inLanguage":"fi-FI","@id":"https:\/\/fedemark.ee\/fi\/tuotteet\/erikois-ja-erikoistilauksesta-valmistettavat-tikkaat\/erikoistilauksesta-valmistettavat-tikkaat\/torretta\/#primaryimage","url":"https:\/\/fedemark.ee\/wp-content\/uploads\/2017\/06\/torretta-1.jpg","contentUrl":"https:\/\/fedemark.ee\/wp-content\/uploads\/2017\/06\/torretta-1.jpg","width":800,"height":534},{"@type":"BreadcrumbList","@id":"https:\/\/fedemark.ee\/fi\/tuotteet\/erikois-ja-erikoistilauksesta-valmistettavat-tikkaat\/erikoistilauksesta-valmistettavat-tikkaat\/torretta\/#breadcrumb","itemListElement":[{"@type":"ListItem","position":1,"name":"Home","item":"https:\/\/fedemark.ee\/fi\/"},{"@type":"ListItem","position":2,"name":"Tuotteet","item":"https:\/\/fedemark.ee\/fi\/tuotteet\/"},{"@type":"ListItem","position":3,"name":"Torretta"}]},{"@type":"WebSite","@id":"https:\/\/fedemark.ee\/#website","url":"https:\/\/fedemark.ee\/","name":"Fedemark","description":"Redelid, Tellingud, T\u00f6\u00f6platvormid ja vahekorrused","potentialAction":[{"@type":"SearchAction","target":{"@type":"EntryPoint","urlTemplate":"https:\/\/fedemark.ee\/?s={search_term_string}"},"query-input":"required name=search_term_string"}],"inLanguage":"fi-FI"}]}},"_links":{"self":[{"href":"https:\/\/fedemark.ee\/fi\/wp-json\/wp\/v2\/product\/7410"}],"collection":[{"href":"https:\/\/fedemark.ee\/fi\/wp-json\/wp\/v2\/product"}],"about":[{"href":"https:\/\/fedemark.ee\/fi\/wp-json\/wp\/v2\/types\/product"}],"replies":[{"embeddable":true,"href":"https:\/\/fedemark.ee\/fi\/wp-json\/wp\/v2\/comments?post=7410"}],"version-history":[{"count":0,"href":"https:\/\/fedemark.ee\/fi\/wp-json\/wp\/v2\/product\/7410\/revisions"}],"wp:featuredmedia":[{"embeddable":true,"href":"https:\/\/fedemark.ee\/fi\/wp-json\/wp\/v2\/media\/10256"}],"wp:attachment":[{"href":"https:\/\/fedemark.ee\/fi\/wp-json\/wp\/v2\/media?parent=7410"}],"wp:term":[{"taxonomy":"product_cat","embeddable":true,"href":"https:\/\/fedemark.ee\/fi\/wp-json\/wp\/v2\/product_cat?post=7410"},{"taxonomy":"product_tag","embeddable":true,"href":"https:\/\/fedemark.ee\/fi\/wp-json\/wp\/v2\/product_tag?post=7410"}],"curies":[{"name":"wp","href":"https:\/\/api.w.org\/{rel}","templated":true}]}}