{"id":7411,"date":"2017-06-16T15:01:46","date_gmt":"2017-06-16T15:01:46","guid":{"rendered":"https:\/\/sharks.ee\/fedemark\/shop\/uncategorized\/alumiiniumtrepid-valitingimustes\/"},"modified":"2017-07-31T13:13:04","modified_gmt":"2017-07-31T13:13:04","slug":"alumiinitikkaat-ulkokayttoon","status":"publish","type":"product","link":"https:\/\/fedemark.ee\/fi\/tuotteet\/erikois-ja-erikoistilauksesta-valmistettavat-tikkaat\/erikoistikkaat\/alumiinitikkaat-ulkokayttoon\/","title":{"rendered":"Alumiinitikkaat ulkok\u00e4ytt\u00f6\u00f6n"},"content":{"rendered":"","protected":false},"excerpt":{"rendered":"<p><em>Mukavaa kiipeily\u00e4 edist\u00e4v\u00e4t, kaltevuus 45\u00b0\u221260\u00b0<\/em><\/p>\n<p>Valmistettu puristetusta alumiiniprofiilista, iso laskeutumistaso, k\u00e4sipuu ja suojakaide. Luiskan kaltevuus ja liukumattomat puolat varmistavat mukavan kiipe\u00e4misen. Tikkaat toimitetaan purettuina (kuljetuskustannusten vuoksi) ja mukana olevan k\u00e4ytt\u00f6ohjeen avulla niiden kokoaminen on helppoa. Luiskan leveys voi olla 60, 80 tai 100 cm. Tilauksesta eri kokoja. Kiinnitykseen tarvitaan kaksi hakaa, mutta ne voivat olla erikoisvalmistettuja.<\/p>\n<p>Kaltevuus 45\u00b0<\/p>\n<p>\u2022 Kantavuus: 150 kg (1 henkil\u00f6)<br \/>\n\u2022 K\u00e4sipuun ja suojakaiteen korkeus: 110 cm<br \/>\n\u2022 Tason syvyys: 60 cm<br \/>\n\u2022 Luiskan leveys: 60, 80 tai 100 cm<br \/>\n\u2022 Luiskan kaltevuus: 45\u00b0<br \/>\n\u2022 K\u00e4sipuun ulko-\u00d8 40 mm<br \/>\n\u2022 Puolan syvyys: 22 cm<br \/>\n\u2022 Askelmien v\u00e4linen et\u00e4isyys: 22 cm<br \/>\n\u2022 Ty\u00f6taso katsotaan askelmaksi<\/p>\n<p>Mahdollista tilata:<br \/>\nLis\u00e4k\u00e4sipuu luiskan sivulle. Haat sein\u00e4\u00e4n kiinnitt\u00e4mist\u00e4 varten.<\/p>\n<p>Kaltevuus 60\u00b0<\/p>\n<p>\u2022 Kantavuus: 150 kg (1 henkil\u00f6)<br \/>\n\u2022 K\u00e4sipuun ja suojakaiteen korkeus: 110 cm<br \/>\n\u2022 Tason koko: 60 cm<br \/>\n\u2022 Luiskan leveys: 60, 80 tai 100 cm<br \/>\n\u2022 Luiskan kaltevuus: 60\u00b0<br \/>\n\u2022 K\u00e4sipuun ulko-\u00d8 40 mm<br \/>\n\u2022 Puolan syvyys: 20 cm<br \/>\n\u2022 Askelmien v\u00e4linen et\u00e4isyys: 24 cm<br \/>\n\u2022 Ty\u00f6taso katsotaan askelmaksi<\/p>\n","protected":false},"featured_media":6793,"comment_status":"open","ping_status":"closed","template":"","meta":{"footnotes":""},"product_cat":[198,199],"product_tag":[],"yoast_head":"<!-- This site is optimized with the Yoast SEO plugin v22.6 - https:\/\/yoast.com\/wordpress\/plugins\/seo\/ -->\n<title>Alumiinitikkaat ulkok\u00e4ytt\u00f6\u00f6n - Fedemark<\/title>\n<meta name=\"robots\" content=\"index, follow, max-snippet:-1, max-image-preview:large, max-video-preview:-1\" \/>\n<link rel=\"canonical\" href=\"https:\/\/fedemark.ee\/fi\/tuotteet\/erikois-ja-erikoistilauksesta-valmistettavat-tikkaat\/erikoistikkaat\/alumiinitikkaat-ulkokayttoon\/\" \/>\n<meta property=\"og:locale\" content=\"fi_FI\" \/>\n<meta property=\"og:type\" content=\"article\" \/>\n<meta property=\"og:title\" content=\"Alumiinitikkaat ulkok\u00e4ytt\u00f6\u00f6n - Fedemark\" \/>\n<meta property=\"og:description\" content=\"Mukavaa kiipeily\u00e4 edist\u00e4v\u00e4t, kaltevuus 45\u00b0\u221260\u00b0  Valmistettu puristetusta alumiiniprofiilista, iso laskeutumistaso, k\u00e4sipuu ja suojakaide. Luiskan kaltevuus ja liukumattomat puolat varmistavat mukavan kiipe\u00e4misen. Tikkaat toimitetaan purettuina (kuljetuskustannusten vuoksi) ja mukana olevan k\u00e4ytt\u00f6ohjeen avulla niiden kokoaminen on helppoa. Luiskan leveys voi olla 60, 80 tai 100 cm. Tilauksesta eri kokoja. Kiinnitykseen tarvitaan kaksi hakaa, mutta ne voivat olla erikoisvalmistettuja.  Kaltevuus 45\u00b0  \u2022 Kantavuus: 150 kg (1 henkil\u00f6) \u2022 K\u00e4sipuun ja suojakaiteen korkeus: 110 cm \u2022 Tason syvyys: 60 cm \u2022 Luiskan leveys: 60, 80 tai 100 cm \u2022 Luiskan kaltevuus: 45\u00b0 \u2022 K\u00e4sipuun ulko-\u00d8 40 mm \u2022 Puolan syvyys: 22 cm \u2022 Askelmien v\u00e4linen et\u00e4isyys: 22 cm \u2022 Ty\u00f6taso katsotaan askelmaksi  Mahdollista tilata: Lis\u00e4k\u00e4sipuu luiskan sivulle. Haat sein\u00e4\u00e4n kiinnitt\u00e4mist\u00e4 varten.  Kaltevuus 60\u00b0  \u2022 Kantavuus: 150 kg (1 henkil\u00f6) \u2022 K\u00e4sipuun ja suojakaiteen korkeus: 110 cm \u2022 Tason koko: 60 cm \u2022 Luiskan leveys: 60, 80 tai 100 cm \u2022 Luiskan kaltevuus: 60\u00b0 \u2022 K\u00e4sipuun ulko-\u00d8 40 mm \u2022 Puolan syvyys: 20 cm \u2022 Askelmien v\u00e4linen et\u00e4isyys: 24 cm \u2022 Ty\u00f6taso katsotaan askelmaksi\" \/>\n<meta property=\"og:url\" content=\"https:\/\/fedemark.ee\/fi\/tuotteet\/erikois-ja-erikoistilauksesta-valmistettavat-tikkaat\/erikoistikkaat\/alumiinitikkaat-ulkokayttoon\/\" \/>\n<meta property=\"og:site_name\" content=\"Fedemark\" \/>\n<meta property=\"article:modified_time\" content=\"2017-07-31T13:13:04+00:00\" \/>\n<meta property=\"og:image\" content=\"https:\/\/fedemark.ee\/wp-content\/uploads\/2017\/06\/scala-60\u00b0-aluminium-stairs-683x1024.jpg\" \/>\n\t<meta property=\"og:image:width\" content=\"683\" \/>\n\t<meta property=\"og:image:height\" content=\"1024\" \/>\n\t<meta property=\"og:image:type\" content=\"image\/jpeg\" \/>\n<meta name=\"twitter:card\" content=\"summary_large_image\" \/>\n<script type=\"application\/ld+json\" class=\"yoast-schema-graph\">{\"@context\":\"https:\/\/schema.org\",\"@graph\":[{\"@type\":\"WebPage\",\"@id\":\"https:\/\/fedemark.ee\/fi\/tuotteet\/erikois-ja-erikoistilauksesta-valmistettavat-tikkaat\/erikoistikkaat\/alumiinitikkaat-ulkokayttoon\/\",\"url\":\"https:\/\/fedemark.ee\/fi\/tuotteet\/erikois-ja-erikoistilauksesta-valmistettavat-tikkaat\/erikoistikkaat\/alumiinitikkaat-ulkokayttoon\/\",\"name\":\"Alumiinitikkaat ulkok\u00e4ytt\u00f6\u00f6n - Fedemark\",\"isPartOf\":{\"@id\":\"https:\/\/fedemark.ee\/#website\"},\"primaryImageOfPage\":{\"@id\":\"https:\/\/fedemark.ee\/fi\/tuotteet\/erikois-ja-erikoistilauksesta-valmistettavat-tikkaat\/erikoistikkaat\/alumiinitikkaat-ulkokayttoon\/#primaryimage\"},\"image\":{\"@id\":\"https:\/\/fedemark.ee\/fi\/tuotteet\/erikois-ja-erikoistilauksesta-valmistettavat-tikkaat\/erikoistikkaat\/alumiinitikkaat-ulkokayttoon\/#primaryimage\"},\"thumbnailUrl\":\"https:\/\/fedemark.ee\/wp-content\/uploads\/2017\/06\/scala-60\u00b0-aluminium-stairs.jpg\",\"datePublished\":\"2017-06-16T15:01:46+00:00\",\"dateModified\":\"2017-07-31T13:13:04+00:00\",\"breadcrumb\":{\"@id\":\"https:\/\/fedemark.ee\/fi\/tuotteet\/erikois-ja-erikoistilauksesta-valmistettavat-tikkaat\/erikoistikkaat\/alumiinitikkaat-ulkokayttoon\/#breadcrumb\"},\"inLanguage\":\"fi-FI\",\"potentialAction\":[{\"@type\":\"ReadAction\",\"target\":[\"https:\/\/fedemark.ee\/fi\/tuotteet\/erikois-ja-erikoistilauksesta-valmistettavat-tikkaat\/erikoistikkaat\/alumiinitikkaat-ulkokayttoon\/\"]}]},{\"@type\":\"ImageObject\",\"inLanguage\":\"fi-FI\",\"@id\":\"https:\/\/fedemark.ee\/fi\/tuotteet\/erikois-ja-erikoistilauksesta-valmistettavat-tikkaat\/erikoistikkaat\/alumiinitikkaat-ulkokayttoon\/#primaryimage\",\"url\":\"https:\/\/fedemark.ee\/wp-content\/uploads\/2017\/06\/scala-60\u00b0-aluminium-stairs.jpg\",\"contentUrl\":\"https:\/\/fedemark.ee\/wp-content\/uploads\/2017\/06\/scala-60\u00b0-aluminium-stairs.jpg\",\"width\":2304,\"height\":3456,\"caption\":\"image description\"},{\"@type\":\"BreadcrumbList\",\"@id\":\"https:\/\/fedemark.ee\/fi\/tuotteet\/erikois-ja-erikoistilauksesta-valmistettavat-tikkaat\/erikoistikkaat\/alumiinitikkaat-ulkokayttoon\/#breadcrumb\",\"itemListElement\":[{\"@type\":\"ListItem\",\"position\":1,\"name\":\"Home\",\"item\":\"https:\/\/fedemark.ee\/fi\/\"},{\"@type\":\"ListItem\",\"position\":2,\"name\":\"Tuotteet\",\"item\":\"https:\/\/fedemark.ee\/fi\/tuotteet\/\"},{\"@type\":\"ListItem\",\"position\":3,\"name\":\"Alumiinitikkaat ulkok\u00e4ytt\u00f6\u00f6n\"}]},{\"@type\":\"WebSite\",\"@id\":\"https:\/\/fedemark.ee\/#website\",\"url\":\"https:\/\/fedemark.ee\/\",\"name\":\"Fedemark\",\"description\":\"Redelid, Tellingud, T\u00f6\u00f6platvormid ja vahekorrused\",\"potentialAction\":[{\"@type\":\"SearchAction\",\"target\":{\"@type\":\"EntryPoint\",\"urlTemplate\":\"https:\/\/fedemark.ee\/?s={search_term_string}\"},\"query-input\":\"required name=search_term_string\"}],\"inLanguage\":\"fi-FI\"}]}<\/script>\n<!-- \/ Yoast SEO plugin. -->","yoast_head_json":{"title":"Alumiinitikkaat ulkok\u00e4ytt\u00f6\u00f6n - Fedemark","robots":{"index":"index","follow":"follow","max-snippet":"max-snippet:-1","max-image-preview":"max-image-preview:large","max-video-preview":"max-video-preview:-1"},"canonical":"https:\/\/fedemark.ee\/fi\/tuotteet\/erikois-ja-erikoistilauksesta-valmistettavat-tikkaat\/erikoistikkaat\/alumiinitikkaat-ulkokayttoon\/","og_locale":"fi_FI","og_type":"article","og_title":"Alumiinitikkaat ulkok\u00e4ytt\u00f6\u00f6n - Fedemark","og_description":"Mukavaa kiipeily\u00e4 edist\u00e4v\u00e4t, kaltevuus 45\u00b0\u221260\u00b0  Valmistettu puristetusta alumiiniprofiilista, iso laskeutumistaso, k\u00e4sipuu ja suojakaide. Luiskan kaltevuus ja liukumattomat puolat varmistavat mukavan kiipe\u00e4misen. Tikkaat toimitetaan purettuina (kuljetuskustannusten vuoksi) ja mukana olevan k\u00e4ytt\u00f6ohjeen avulla niiden kokoaminen on helppoa. Luiskan leveys voi olla 60, 80 tai 100 cm. Tilauksesta eri kokoja. Kiinnitykseen tarvitaan kaksi hakaa, mutta ne voivat olla erikoisvalmistettuja.  Kaltevuus 45\u00b0  \u2022 Kantavuus: 150 kg (1 henkil\u00f6) \u2022 K\u00e4sipuun ja suojakaiteen korkeus: 110 cm \u2022 Tason syvyys: 60 cm \u2022 Luiskan leveys: 60, 80 tai 100 cm \u2022 Luiskan kaltevuus: 45\u00b0 \u2022 K\u00e4sipuun ulko-\u00d8 40 mm \u2022 Puolan syvyys: 22 cm \u2022 Askelmien v\u00e4linen et\u00e4isyys: 22 cm \u2022 Ty\u00f6taso katsotaan askelmaksi  Mahdollista tilata: Lis\u00e4k\u00e4sipuu luiskan sivulle. Haat sein\u00e4\u00e4n kiinnitt\u00e4mist\u00e4 varten.  Kaltevuus 60\u00b0  \u2022 Kantavuus: 150 kg (1 henkil\u00f6) \u2022 K\u00e4sipuun ja suojakaiteen korkeus: 110 cm \u2022 Tason koko: 60 cm \u2022 Luiskan leveys: 60, 80 tai 100 cm \u2022 Luiskan kaltevuus: 60\u00b0 \u2022 K\u00e4sipuun ulko-\u00d8 40 mm \u2022 Puolan syvyys: 20 cm \u2022 Askelmien v\u00e4linen et\u00e4isyys: 24 cm \u2022 Ty\u00f6taso katsotaan askelmaksi","og_url":"https:\/\/fedemark.ee\/fi\/tuotteet\/erikois-ja-erikoistilauksesta-valmistettavat-tikkaat\/erikoistikkaat\/alumiinitikkaat-ulkokayttoon\/","og_site_name":"Fedemark","article_modified_time":"2017-07-31T13:13:04+00:00","og_image":[{"width":683,"height":1024,"url":"https:\/\/fedemark.ee\/wp-content\/uploads\/2017\/06\/scala-60\u00b0-aluminium-stairs-683x1024.jpg","type":"image\/jpeg"}],"twitter_card":"summary_large_image","schema":{"@context":"https:\/\/schema.org","@graph":[{"@type":"WebPage","@id":"https:\/\/fedemark.ee\/fi\/tuotteet\/erikois-ja-erikoistilauksesta-valmistettavat-tikkaat\/erikoistikkaat\/alumiinitikkaat-ulkokayttoon\/","url":"https:\/\/fedemark.ee\/fi\/tuotteet\/erikois-ja-erikoistilauksesta-valmistettavat-tikkaat\/erikoistikkaat\/alumiinitikkaat-ulkokayttoon\/","name":"Alumiinitikkaat ulkok\u00e4ytt\u00f6\u00f6n - Fedemark","isPartOf":{"@id":"https:\/\/fedemark.ee\/#website"},"primaryImageOfPage":{"@id":"https:\/\/fedemark.ee\/fi\/tuotteet\/erikois-ja-erikoistilauksesta-valmistettavat-tikkaat\/erikoistikkaat\/alumiinitikkaat-ulkokayttoon\/#primaryimage"},"image":{"@id":"https:\/\/fedemark.ee\/fi\/tuotteet\/erikois-ja-erikoistilauksesta-valmistettavat-tikkaat\/erikoistikkaat\/alumiinitikkaat-ulkokayttoon\/#primaryimage"},"thumbnailUrl":"https:\/\/fedemark.ee\/wp-content\/uploads\/2017\/06\/scala-60\u00b0-aluminium-stairs.jpg","datePublished":"2017-06-16T15:01:46+00:00","dateModified":"2017-07-31T13:13:04+00:00","breadcrumb":{"@id":"https:\/\/fedemark.ee\/fi\/tuotteet\/erikois-ja-erikoistilauksesta-valmistettavat-tikkaat\/erikoistikkaat\/alumiinitikkaat-ulkokayttoon\/#breadcrumb"},"inLanguage":"fi-FI","potentialAction":[{"@type":"ReadAction","target":["https:\/\/fedemark.ee\/fi\/tuotteet\/erikois-ja-erikoistilauksesta-valmistettavat-tikkaat\/erikoistikkaat\/alumiinitikkaat-ulkokayttoon\/"]}]},{"@type":"ImageObject","inLanguage":"fi-FI","@id":"https:\/\/fedemark.ee\/fi\/tuotteet\/erikois-ja-erikoistilauksesta-valmistettavat-tikkaat\/erikoistikkaat\/alumiinitikkaat-ulkokayttoon\/#primaryimage","url":"https:\/\/fedemark.ee\/wp-content\/uploads\/2017\/06\/scala-60\u00b0-aluminium-stairs.jpg","contentUrl":"https:\/\/fedemark.ee\/wp-content\/uploads\/2017\/06\/scala-60\u00b0-aluminium-stairs.jpg","width":2304,"height":3456,"caption":"image description"},{"@type":"BreadcrumbList","@id":"https:\/\/fedemark.ee\/fi\/tuotteet\/erikois-ja-erikoistilauksesta-valmistettavat-tikkaat\/erikoistikkaat\/alumiinitikkaat-ulkokayttoon\/#breadcrumb","itemListElement":[{"@type":"ListItem","position":1,"name":"Home","item":"https:\/\/fedemark.ee\/fi\/"},{"@type":"ListItem","position":2,"name":"Tuotteet","item":"https:\/\/fedemark.ee\/fi\/tuotteet\/"},{"@type":"ListItem","position":3,"name":"Alumiinitikkaat ulkok\u00e4ytt\u00f6\u00f6n"}]},{"@type":"WebSite","@id":"https:\/\/fedemark.ee\/#website","url":"https:\/\/fedemark.ee\/","name":"Fedemark","description":"Redelid, Tellingud, T\u00f6\u00f6platvormid ja vahekorrused","potentialAction":[{"@type":"SearchAction","target":{"@type":"EntryPoint","urlTemplate":"https:\/\/fedemark.ee\/?s={search_term_string}"},"query-input":"required name=search_term_string"}],"inLanguage":"fi-FI"}]}},"_links":{"self":[{"href":"https:\/\/fedemark.ee\/fi\/wp-json\/wp\/v2\/product\/7411"}],"collection":[{"href":"https:\/\/fedemark.ee\/fi\/wp-json\/wp\/v2\/product"}],"about":[{"href":"https:\/\/fedemark.ee\/fi\/wp-json\/wp\/v2\/types\/product"}],"replies":[{"embeddable":true,"href":"https:\/\/fedemark.ee\/fi\/wp-json\/wp\/v2\/comments?post=7411"}],"version-history":[{"count":0,"href":"https:\/\/fedemark.ee\/fi\/wp-json\/wp\/v2\/product\/7411\/revisions"}],"wp:featuredmedia":[{"embeddable":true,"href":"https:\/\/fedemark.ee\/fi\/wp-json\/wp\/v2\/media\/6793"}],"wp:attachment":[{"href":"https:\/\/fedemark.ee\/fi\/wp-json\/wp\/v2\/media?parent=7411"}],"wp:term":[{"taxonomy":"product_cat","embeddable":true,"href":"https:\/\/fedemark.ee\/fi\/wp-json\/wp\/v2\/product_cat?post=7411"},{"taxonomy":"product_tag","embeddable":true,"href":"https:\/\/fedemark.ee\/fi\/wp-json\/wp\/v2\/product_tag?post=7411"}],"curies":[{"name":"wp","href":"https:\/\/api.w.org\/{rel}","templated":true}]}}