{"id":7412,"date":"2017-06-16T15:03:50","date_gmt":"2017-06-16T15:03:50","guid":{"rendered":"https:\/\/sharks.ee\/fedemark\/shop\/uncategorized\/day\/"},"modified":"2017-08-15T13:15:06","modified_gmt":"2017-08-15T13:15:06","slug":"day","status":"publish","type":"product","link":"https:\/\/fedemark.ee\/fi\/tuotteet\/erikois-ja-erikoistilauksesta-valmistettavat-tikkaat\/erikoistikkaat\/day\/","title":{"rendered":"Day"},"content":{"rendered":"","protected":false},"excerpt":{"rendered":"<p><em>Yksiosaiset lattea-askelmaiset tikkaat<\/em><\/p>\n<p>Ammattik\u00e4ytt\u00f6\u00f6n tarkoitetut hitsatusta alumiinista valmistetut tikkaat ullakoille ja ylisille p\u00e4\u00e4syyn.<\/p>\n<p>TEKNISET OMINAISUUDET<br \/>\n\u2022 Profiili: 100&#215;30 mm<br \/>\n\u2022 Liukumattomat askelmat: 10 cm<br \/>\n\u2022 Askelmien v\u00e4linen et\u00e4isyys: 28 cm<br \/>\n\u2022 Puolien m\u00e4\u00e4r\u00e4: 5\u221220<br \/>\n\u2022 Viimeisen askelman korkeus: 1,35\u22125,31 m (viimeisen askelman korkeus = ullakon korkeus)<\/p>\n<p>VAKIO-OSAT<br \/>\n\u2022 Mukava ja kevyt<br \/>\n\u2022 K\u00e4sipuu molemmilla puolin<br \/>\n\u2022 Liukumattomat kumijalat<br \/>\n\u2022 Ylemm\u00e4t PVC-jalat<br \/>\n\u2022 Kyltti ja kokoamis- ja k\u00e4ytt\u00f6ohje<br \/>\n\u2022 L\u00e4mp\u00f6kutistuva muovipakkaus<\/p>\n<p>Mahdollista tilata:<br \/>\n\u2022 Vakiomalliset s\u00e4\u00e4dett\u00e4v\u00e4t lis\u00e4jalat 55&#215;120 mm<br \/>\n\u2022 Isot s\u00e4\u00e4dett\u00e4v\u00e4t lis\u00e4jalat 59&#215;178 mm<br \/>\n\u2022 \u201dMukavan mallinen\u201d 55\u00b0 kaltevuus ja isoilla askelmilla varustetut tikkaat (20 cm)<br \/>\n\u2022 Eri kokoja<\/p>\n<p><img loading=\"lazy\" decoding=\"async\" class=\"alignnone wp-image-5317\" src=\"https:\/\/fedemark.ee\/wp-content\/uploads\/2017\/06\/Ikoonid_29-1.jpg\" alt=\"\" width=\"77\" height=\"72\" \/><img loading=\"lazy\" decoding=\"async\" class=\"alignnone wp-image-5257\" src=\"https:\/\/fedemark.ee\/wp-content\/uploads\/2017\/06\/Ikoonid_03-Copy.jpg\" alt=\"\" width=\"70\" height=\"71\" srcset=\"https:\/\/fedemark.ee\/wp-content\/uploads\/2017\/06\/Ikoonid_03-Copy.jpg 132w, https:\/\/fedemark.ee\/wp-content\/uploads\/2017\/06\/Ikoonid_03-Copy-100x100.jpg 100w\" sizes=\"(max-width: 70px) 100vw, 70px\" \/><img loading=\"lazy\" decoding=\"async\" class=\"alignnone wp-image-5329\" src=\"https:\/\/fedemark.ee\/wp-content\/uploads\/2017\/06\/Ikoonid_37-Copy.jpg\" alt=\"\" width=\"132\" height=\"59\" \/><img loading=\"lazy\" decoding=\"async\" class=\"alignnone wp-image-5353\" src=\"https:\/\/fedemark.ee\/wp-content\/uploads\/2017\/06\/Ikoonid_50.jpg\" alt=\"\" width=\"64\" height=\"76\" \/><img loading=\"lazy\" decoding=\"async\" class=\"alignnone wp-image-5337\" src=\"https:\/\/fedemark.ee\/wp-content\/uploads\/2017\/06\/Ikoonid_38-Copy.jpg\" alt=\"\" width=\"79\" height=\"76\" \/><\/p>\n<p class=\"Standard\" style=\"margin-bottom: 15.0pt;\">\n","protected":false},"featured_media":10269,"comment_status":"open","ping_status":"closed","template":"","meta":{"footnotes":""},"product_cat":[198,199],"product_tag":[],"yoast_head":"<!-- This site is optimized with the Yoast SEO plugin v22.6 - https:\/\/yoast.com\/wordpress\/plugins\/seo\/ -->\n<title>Day - Fedemark<\/title>\n<meta name=\"robots\" content=\"index, follow, max-snippet:-1, max-image-preview:large, max-video-preview:-1\" \/>\n<link rel=\"canonical\" href=\"https:\/\/fedemark.ee\/fi\/tuotteet\/erikois-ja-erikoistilauksesta-valmistettavat-tikkaat\/erikoistikkaat\/day\/\" \/>\n<meta property=\"og:locale\" content=\"fi_FI\" \/>\n<meta property=\"og:type\" content=\"article\" \/>\n<meta property=\"og:title\" content=\"Day - Fedemark\" \/>\n<meta property=\"og:description\" content=\"Yksiosaiset lattea-askelmaiset tikkaat  Ammattik\u00e4ytt\u00f6\u00f6n tarkoitetut hitsatusta alumiinista valmistetut tikkaat ullakoille ja ylisille p\u00e4\u00e4syyn.  TEKNISET OMINAISUUDET \u2022 Profiili: 100x30 mm \u2022 Liukumattomat askelmat: 10 cm \u2022 Askelmien v\u00e4linen et\u00e4isyys: 28 cm \u2022 Puolien m\u00e4\u00e4r\u00e4: 5\u221220 \u2022 Viimeisen askelman korkeus: 1,35\u22125,31 m (viimeisen askelman korkeus = ullakon korkeus)  VAKIO-OSAT \u2022 Mukava ja kevyt \u2022 K\u00e4sipuu molemmilla puolin \u2022 Liukumattomat kumijalat \u2022 Ylemm\u00e4t PVC-jalat \u2022 Kyltti ja kokoamis- ja k\u00e4ytt\u00f6ohje \u2022 L\u00e4mp\u00f6kutistuva muovipakkaus  Mahdollista tilata: \u2022 Vakiomalliset s\u00e4\u00e4dett\u00e4v\u00e4t lis\u00e4jalat 55x120 mm \u2022 Isot s\u00e4\u00e4dett\u00e4v\u00e4t lis\u00e4jalat 59x178 mm \u2022 \u201dMukavan mallinen\u201d 55\u00b0 kaltevuus ja isoilla askelmilla varustetut tikkaat (20 cm) \u2022 Eri kokoja\" \/>\n<meta property=\"og:url\" content=\"https:\/\/fedemark.ee\/fi\/tuotteet\/erikois-ja-erikoistilauksesta-valmistettavat-tikkaat\/erikoistikkaat\/day\/\" \/>\n<meta property=\"og:site_name\" content=\"Fedemark\" \/>\n<meta property=\"article:modified_time\" content=\"2017-08-15T13:15:06+00:00\" \/>\n<meta property=\"og:image\" content=\"https:\/\/fedemark.ee\/wp-content\/uploads\/2017\/06\/day-1.jpg\" \/>\n\t<meta property=\"og:image:width\" content=\"576\" \/>\n\t<meta property=\"og:image:height\" content=\"600\" \/>\n\t<meta property=\"og:image:type\" content=\"image\/jpeg\" \/>\n<meta name=\"twitter:card\" content=\"summary_large_image\" \/>\n<script type=\"application\/ld+json\" class=\"yoast-schema-graph\">{\"@context\":\"https:\/\/schema.org\",\"@graph\":[{\"@type\":\"WebPage\",\"@id\":\"https:\/\/fedemark.ee\/fi\/tuotteet\/erikois-ja-erikoistilauksesta-valmistettavat-tikkaat\/erikoistikkaat\/day\/\",\"url\":\"https:\/\/fedemark.ee\/fi\/tuotteet\/erikois-ja-erikoistilauksesta-valmistettavat-tikkaat\/erikoistikkaat\/day\/\",\"name\":\"Day - Fedemark\",\"isPartOf\":{\"@id\":\"https:\/\/fedemark.ee\/#website\"},\"primaryImageOfPage\":{\"@id\":\"https:\/\/fedemark.ee\/fi\/tuotteet\/erikois-ja-erikoistilauksesta-valmistettavat-tikkaat\/erikoistikkaat\/day\/#primaryimage\"},\"image\":{\"@id\":\"https:\/\/fedemark.ee\/fi\/tuotteet\/erikois-ja-erikoistilauksesta-valmistettavat-tikkaat\/erikoistikkaat\/day\/#primaryimage\"},\"thumbnailUrl\":\"https:\/\/fedemark.ee\/wp-content\/uploads\/2017\/06\/day-1.jpg\",\"datePublished\":\"2017-06-16T15:03:50+00:00\",\"dateModified\":\"2017-08-15T13:15:06+00:00\",\"breadcrumb\":{\"@id\":\"https:\/\/fedemark.ee\/fi\/tuotteet\/erikois-ja-erikoistilauksesta-valmistettavat-tikkaat\/erikoistikkaat\/day\/#breadcrumb\"},\"inLanguage\":\"fi-FI\",\"potentialAction\":[{\"@type\":\"ReadAction\",\"target\":[\"https:\/\/fedemark.ee\/fi\/tuotteet\/erikois-ja-erikoistilauksesta-valmistettavat-tikkaat\/erikoistikkaat\/day\/\"]}]},{\"@type\":\"ImageObject\",\"inLanguage\":\"fi-FI\",\"@id\":\"https:\/\/fedemark.ee\/fi\/tuotteet\/erikois-ja-erikoistilauksesta-valmistettavat-tikkaat\/erikoistikkaat\/day\/#primaryimage\",\"url\":\"https:\/\/fedemark.ee\/wp-content\/uploads\/2017\/06\/day-1.jpg\",\"contentUrl\":\"https:\/\/fedemark.ee\/wp-content\/uploads\/2017\/06\/day-1.jpg\",\"width\":576,\"height\":600},{\"@type\":\"BreadcrumbList\",\"@id\":\"https:\/\/fedemark.ee\/fi\/tuotteet\/erikois-ja-erikoistilauksesta-valmistettavat-tikkaat\/erikoistikkaat\/day\/#breadcrumb\",\"itemListElement\":[{\"@type\":\"ListItem\",\"position\":1,\"name\":\"Home\",\"item\":\"https:\/\/fedemark.ee\/fi\/\"},{\"@type\":\"ListItem\",\"position\":2,\"name\":\"Tuotteet\",\"item\":\"https:\/\/fedemark.ee\/fi\/tuotteet\/\"},{\"@type\":\"ListItem\",\"position\":3,\"name\":\"Day\"}]},{\"@type\":\"WebSite\",\"@id\":\"https:\/\/fedemark.ee\/#website\",\"url\":\"https:\/\/fedemark.ee\/\",\"name\":\"Fedemark\",\"description\":\"Redelid, Tellingud, T\u00f6\u00f6platvormid ja vahekorrused\",\"potentialAction\":[{\"@type\":\"SearchAction\",\"target\":{\"@type\":\"EntryPoint\",\"urlTemplate\":\"https:\/\/fedemark.ee\/?s={search_term_string}\"},\"query-input\":\"required name=search_term_string\"}],\"inLanguage\":\"fi-FI\"}]}<\/script>\n<!-- \/ Yoast SEO plugin. -->","yoast_head_json":{"title":"Day - Fedemark","robots":{"index":"index","follow":"follow","max-snippet":"max-snippet:-1","max-image-preview":"max-image-preview:large","max-video-preview":"max-video-preview:-1"},"canonical":"https:\/\/fedemark.ee\/fi\/tuotteet\/erikois-ja-erikoistilauksesta-valmistettavat-tikkaat\/erikoistikkaat\/day\/","og_locale":"fi_FI","og_type":"article","og_title":"Day - Fedemark","og_description":"Yksiosaiset lattea-askelmaiset tikkaat  Ammattik\u00e4ytt\u00f6\u00f6n tarkoitetut hitsatusta alumiinista valmistetut tikkaat ullakoille ja ylisille p\u00e4\u00e4syyn.  TEKNISET OMINAISUUDET \u2022 Profiili: 100x30 mm \u2022 Liukumattomat askelmat: 10 cm \u2022 Askelmien v\u00e4linen et\u00e4isyys: 28 cm \u2022 Puolien m\u00e4\u00e4r\u00e4: 5\u221220 \u2022 Viimeisen askelman korkeus: 1,35\u22125,31 m (viimeisen askelman korkeus = ullakon korkeus)  VAKIO-OSAT \u2022 Mukava ja kevyt \u2022 K\u00e4sipuu molemmilla puolin \u2022 Liukumattomat kumijalat \u2022 Ylemm\u00e4t PVC-jalat \u2022 Kyltti ja kokoamis- ja k\u00e4ytt\u00f6ohje \u2022 L\u00e4mp\u00f6kutistuva muovipakkaus  Mahdollista tilata: \u2022 Vakiomalliset s\u00e4\u00e4dett\u00e4v\u00e4t lis\u00e4jalat 55x120 mm \u2022 Isot s\u00e4\u00e4dett\u00e4v\u00e4t lis\u00e4jalat 59x178 mm \u2022 \u201dMukavan mallinen\u201d 55\u00b0 kaltevuus ja isoilla askelmilla varustetut tikkaat (20 cm) \u2022 Eri kokoja","og_url":"https:\/\/fedemark.ee\/fi\/tuotteet\/erikois-ja-erikoistilauksesta-valmistettavat-tikkaat\/erikoistikkaat\/day\/","og_site_name":"Fedemark","article_modified_time":"2017-08-15T13:15:06+00:00","og_image":[{"width":576,"height":600,"url":"https:\/\/fedemark.ee\/wp-content\/uploads\/2017\/06\/day-1.jpg","type":"image\/jpeg"}],"twitter_card":"summary_large_image","schema":{"@context":"https:\/\/schema.org","@graph":[{"@type":"WebPage","@id":"https:\/\/fedemark.ee\/fi\/tuotteet\/erikois-ja-erikoistilauksesta-valmistettavat-tikkaat\/erikoistikkaat\/day\/","url":"https:\/\/fedemark.ee\/fi\/tuotteet\/erikois-ja-erikoistilauksesta-valmistettavat-tikkaat\/erikoistikkaat\/day\/","name":"Day - Fedemark","isPartOf":{"@id":"https:\/\/fedemark.ee\/#website"},"primaryImageOfPage":{"@id":"https:\/\/fedemark.ee\/fi\/tuotteet\/erikois-ja-erikoistilauksesta-valmistettavat-tikkaat\/erikoistikkaat\/day\/#primaryimage"},"image":{"@id":"https:\/\/fedemark.ee\/fi\/tuotteet\/erikois-ja-erikoistilauksesta-valmistettavat-tikkaat\/erikoistikkaat\/day\/#primaryimage"},"thumbnailUrl":"https:\/\/fedemark.ee\/wp-content\/uploads\/2017\/06\/day-1.jpg","datePublished":"2017-06-16T15:03:50+00:00","dateModified":"2017-08-15T13:15:06+00:00","breadcrumb":{"@id":"https:\/\/fedemark.ee\/fi\/tuotteet\/erikois-ja-erikoistilauksesta-valmistettavat-tikkaat\/erikoistikkaat\/day\/#breadcrumb"},"inLanguage":"fi-FI","potentialAction":[{"@type":"ReadAction","target":["https:\/\/fedemark.ee\/fi\/tuotteet\/erikois-ja-erikoistilauksesta-valmistettavat-tikkaat\/erikoistikkaat\/day\/"]}]},{"@type":"ImageObject","inLanguage":"fi-FI","@id":"https:\/\/fedemark.ee\/fi\/tuotteet\/erikois-ja-erikoistilauksesta-valmistettavat-tikkaat\/erikoistikkaat\/day\/#primaryimage","url":"https:\/\/fedemark.ee\/wp-content\/uploads\/2017\/06\/day-1.jpg","contentUrl":"https:\/\/fedemark.ee\/wp-content\/uploads\/2017\/06\/day-1.jpg","width":576,"height":600},{"@type":"BreadcrumbList","@id":"https:\/\/fedemark.ee\/fi\/tuotteet\/erikois-ja-erikoistilauksesta-valmistettavat-tikkaat\/erikoistikkaat\/day\/#breadcrumb","itemListElement":[{"@type":"ListItem","position":1,"name":"Home","item":"https:\/\/fedemark.ee\/fi\/"},{"@type":"ListItem","position":2,"name":"Tuotteet","item":"https:\/\/fedemark.ee\/fi\/tuotteet\/"},{"@type":"ListItem","position":3,"name":"Day"}]},{"@type":"WebSite","@id":"https:\/\/fedemark.ee\/#website","url":"https:\/\/fedemark.ee\/","name":"Fedemark","description":"Redelid, Tellingud, T\u00f6\u00f6platvormid ja vahekorrused","potentialAction":[{"@type":"SearchAction","target":{"@type":"EntryPoint","urlTemplate":"https:\/\/fedemark.ee\/?s={search_term_string}"},"query-input":"required name=search_term_string"}],"inLanguage":"fi-FI"}]}},"_links":{"self":[{"href":"https:\/\/fedemark.ee\/fi\/wp-json\/wp\/v2\/product\/7412"}],"collection":[{"href":"https:\/\/fedemark.ee\/fi\/wp-json\/wp\/v2\/product"}],"about":[{"href":"https:\/\/fedemark.ee\/fi\/wp-json\/wp\/v2\/types\/product"}],"replies":[{"embeddable":true,"href":"https:\/\/fedemark.ee\/fi\/wp-json\/wp\/v2\/comments?post=7412"}],"version-history":[{"count":0,"href":"https:\/\/fedemark.ee\/fi\/wp-json\/wp\/v2\/product\/7412\/revisions"}],"wp:featuredmedia":[{"embeddable":true,"href":"https:\/\/fedemark.ee\/fi\/wp-json\/wp\/v2\/media\/10269"}],"wp:attachment":[{"href":"https:\/\/fedemark.ee\/fi\/wp-json\/wp\/v2\/media?parent=7412"}],"wp:term":[{"taxonomy":"product_cat","embeddable":true,"href":"https:\/\/fedemark.ee\/fi\/wp-json\/wp\/v2\/product_cat?post=7412"},{"taxonomy":"product_tag","embeddable":true,"href":"https:\/\/fedemark.ee\/fi\/wp-json\/wp\/v2\/product_tag?post=7412"}],"curies":[{"name":"wp","href":"https:\/\/api.w.org\/{rel}","templated":true}]}}