{"id":7414,"date":"2017-06-16T15:32:25","date_gmt":"2017-06-16T15:32:25","guid":{"rendered":"https:\/\/sharks.ee\/fedemark\/shop\/uncategorized\/loft-ja-miniloft\/"},"modified":"2017-07-31T13:15:52","modified_gmt":"2017-07-31T13:15:52","slug":"loft-and-miniloft","status":"publish","type":"product","link":"https:\/\/fedemark.ee\/fi\/tuotteet\/erikois-ja-erikoistilauksesta-valmistettavat-tikkaat\/erikoistikkaat\/loft-and-miniloft\/","title":{"rendered":"Loft and Miniloft"},"content":{"rendered":"","protected":false},"excerpt":{"rendered":"<p><em>Anodisoidusta alumiinista valmistetut teleskooppitikkaat ullakolle kiipe\u00e4miseen<\/em><\/p>\n<p>Anodisoidusta alumiinista valmistetut 10-puolaiset teleskooppitikkaat (9-puolainen on Mini Loft -tyyppinen) voi s\u00e4\u00e4t\u00e4\u00e4 eri korkeuksiin 2,52 m alkaen aina 3,00 m korkeuteen saakka (Mini Loftin korkeus on 2,35\u22122,45 m). Sopivat sis\u00e4tiloissa k\u00e4ytett\u00e4viksi. Tikkaissa on leve\u00e4 luiska, ne ovat eritt\u00e4in kevyet ja asentamiseen kuluu 10 minuuttia.<br \/>\nTikkaat voi ponnistuksitta avata ja sulkea sekunneissa.<br \/>\nKantavuus: 150 kg.<\/p>\n<p>VAKIOVARUSTEET:<br \/>\nAvaushihna<br \/>\n6 ruuvia puukattoja varten<br \/>\n2 sulkemisjousta<br \/>\nAskelmien v\u00e4linen et\u00e4isyys: 9 cm<br \/>\nKaltevuus: 65\u00b0 (2,65 m) \/ 75\u00b0 (3 m)<\/p>\n<p>Eritt\u00e4in t\u00e4rke\u00e4\u00e4: tikkaiden muuntelu ilman lupaa on ankarasti kielletty\u00e4. Tikkaita ei saa asettaa nojaamaan sein\u00e4\u00e4 vasten.<\/p>\n<p>Luukun minimiaukko:<br \/>\nLoft: 52&#215;92 cm kattokorkeuksille 2,52\u22122,80 m<br \/>\nLoft: 52&#215;110 cm katon korkeuksille 2,70\u22123 m<br \/>\nMini Loft: 52&#215;60 cm katon korkeuksille 2,35\u22122,45 m<br \/>\nV\u00e4h. avauset\u00e4isyys sein\u00e4st\u00e4: 171 cm (katon korkeus &gt; 2,52 m)<br \/>\nV\u00e4h. avauset\u00e4isyys sein\u00e4st\u00e4: 90 cm (katon korkeus &gt; 2,85 m)<br \/>\nKehys \/ luukkusetti<\/p>\n<p>Mahdollista tilata:<br \/>\n60&#215;120 cm (katon korkeus 2,52\u22123 m)<br \/>\n60&#215;100 cm (katon korkeus 2,52\u22122,85 m)<\/p>\n","protected":false},"featured_media":6628,"comment_status":"open","ping_status":"closed","template":"","meta":{"footnotes":""},"product_cat":[198,199],"product_tag":[],"yoast_head":"<!-- This site is optimized with the Yoast SEO plugin v22.6 - https:\/\/yoast.com\/wordpress\/plugins\/seo\/ -->\n<title>Loft and Miniloft - Fedemark<\/title>\n<meta name=\"robots\" content=\"index, follow, max-snippet:-1, max-image-preview:large, max-video-preview:-1\" \/>\n<link rel=\"canonical\" href=\"https:\/\/fedemark.ee\/fi\/tuotteet\/erikois-ja-erikoistilauksesta-valmistettavat-tikkaat\/erikoistikkaat\/loft-and-miniloft\/\" \/>\n<meta property=\"og:locale\" content=\"fi_FI\" \/>\n<meta property=\"og:type\" content=\"article\" \/>\n<meta property=\"og:title\" content=\"Loft and Miniloft - Fedemark\" \/>\n<meta property=\"og:description\" content=\"Anodisoidusta alumiinista valmistetut teleskooppitikkaat ullakolle kiipe\u00e4miseen  Anodisoidusta alumiinista valmistetut 10-puolaiset teleskooppitikkaat (9-puolainen on Mini Loft -tyyppinen) voi s\u00e4\u00e4t\u00e4\u00e4 eri korkeuksiin 2,52 m alkaen aina 3,00 m korkeuteen saakka (Mini Loftin korkeus on 2,35\u22122,45 m). Sopivat sis\u00e4tiloissa k\u00e4ytett\u00e4viksi. Tikkaissa on leve\u00e4 luiska, ne ovat eritt\u00e4in kevyet ja asentamiseen kuluu 10 minuuttia. Tikkaat voi ponnistuksitta avata ja sulkea sekunneissa. Kantavuus: 150 kg.  VAKIOVARUSTEET: Avaushihna 6 ruuvia puukattoja varten 2 sulkemisjousta Askelmien v\u00e4linen et\u00e4isyys: 9 cm Kaltevuus: 65\u00b0 (2,65 m) \/ 75\u00b0 (3 m)  Eritt\u00e4in t\u00e4rke\u00e4\u00e4: tikkaiden muuntelu ilman lupaa on ankarasti kielletty\u00e4. Tikkaita ei saa asettaa nojaamaan sein\u00e4\u00e4 vasten.  Luukun minimiaukko: Loft: 52x92 cm kattokorkeuksille 2,52\u22122,80 m Loft: 52x110 cm katon korkeuksille 2,70\u22123 m Mini Loft: 52x60 cm katon korkeuksille 2,35\u22122,45 m V\u00e4h. avauset\u00e4isyys sein\u00e4st\u00e4: 171 cm (katon korkeus &gt; 2,52 m) V\u00e4h. avauset\u00e4isyys sein\u00e4st\u00e4: 90 cm (katon korkeus &gt; 2,85 m) Kehys \/ luukkusetti  Mahdollista tilata: 60x120 cm (katon korkeus 2,52\u22123 m) 60x100 cm (katon korkeus 2,52\u22122,85 m)\" \/>\n<meta property=\"og:url\" content=\"https:\/\/fedemark.ee\/fi\/tuotteet\/erikois-ja-erikoistilauksesta-valmistettavat-tikkaat\/erikoistikkaat\/loft-and-miniloft\/\" \/>\n<meta property=\"og:site_name\" content=\"Fedemark\" \/>\n<meta property=\"article:modified_time\" content=\"2017-07-31T13:15:52+00:00\" \/>\n<meta property=\"og:image\" content=\"https:\/\/fedemark.ee\/wp-content\/uploads\/2017\/06\/loft-and-miniloft.jpg\" \/>\n\t<meta property=\"og:image:width\" content=\"399\" \/>\n\t<meta property=\"og:image:height\" content=\"600\" \/>\n\t<meta property=\"og:image:type\" content=\"image\/jpeg\" \/>\n<meta name=\"twitter:card\" content=\"summary_large_image\" \/>\n<script type=\"application\/ld+json\" class=\"yoast-schema-graph\">{\"@context\":\"https:\/\/schema.org\",\"@graph\":[{\"@type\":\"WebPage\",\"@id\":\"https:\/\/fedemark.ee\/fi\/tuotteet\/erikois-ja-erikoistilauksesta-valmistettavat-tikkaat\/erikoistikkaat\/loft-and-miniloft\/\",\"url\":\"https:\/\/fedemark.ee\/fi\/tuotteet\/erikois-ja-erikoistilauksesta-valmistettavat-tikkaat\/erikoistikkaat\/loft-and-miniloft\/\",\"name\":\"Loft and Miniloft - Fedemark\",\"isPartOf\":{\"@id\":\"https:\/\/fedemark.ee\/#website\"},\"primaryImageOfPage\":{\"@id\":\"https:\/\/fedemark.ee\/fi\/tuotteet\/erikois-ja-erikoistilauksesta-valmistettavat-tikkaat\/erikoistikkaat\/loft-and-miniloft\/#primaryimage\"},\"image\":{\"@id\":\"https:\/\/fedemark.ee\/fi\/tuotteet\/erikois-ja-erikoistilauksesta-valmistettavat-tikkaat\/erikoistikkaat\/loft-and-miniloft\/#primaryimage\"},\"thumbnailUrl\":\"https:\/\/fedemark.ee\/wp-content\/uploads\/2017\/06\/loft-and-miniloft.jpg\",\"datePublished\":\"2017-06-16T15:32:25+00:00\",\"dateModified\":\"2017-07-31T13:15:52+00:00\",\"breadcrumb\":{\"@id\":\"https:\/\/fedemark.ee\/fi\/tuotteet\/erikois-ja-erikoistilauksesta-valmistettavat-tikkaat\/erikoistikkaat\/loft-and-miniloft\/#breadcrumb\"},\"inLanguage\":\"fi-FI\",\"potentialAction\":[{\"@type\":\"ReadAction\",\"target\":[\"https:\/\/fedemark.ee\/fi\/tuotteet\/erikois-ja-erikoistilauksesta-valmistettavat-tikkaat\/erikoistikkaat\/loft-and-miniloft\/\"]}]},{\"@type\":\"ImageObject\",\"inLanguage\":\"fi-FI\",\"@id\":\"https:\/\/fedemark.ee\/fi\/tuotteet\/erikois-ja-erikoistilauksesta-valmistettavat-tikkaat\/erikoistikkaat\/loft-and-miniloft\/#primaryimage\",\"url\":\"https:\/\/fedemark.ee\/wp-content\/uploads\/2017\/06\/loft-and-miniloft.jpg\",\"contentUrl\":\"https:\/\/fedemark.ee\/wp-content\/uploads\/2017\/06\/loft-and-miniloft.jpg\",\"width\":399,\"height\":600},{\"@type\":\"BreadcrumbList\",\"@id\":\"https:\/\/fedemark.ee\/fi\/tuotteet\/erikois-ja-erikoistilauksesta-valmistettavat-tikkaat\/erikoistikkaat\/loft-and-miniloft\/#breadcrumb\",\"itemListElement\":[{\"@type\":\"ListItem\",\"position\":1,\"name\":\"Home\",\"item\":\"https:\/\/fedemark.ee\/fi\/\"},{\"@type\":\"ListItem\",\"position\":2,\"name\":\"Tuotteet\",\"item\":\"https:\/\/fedemark.ee\/fi\/tuotteet\/\"},{\"@type\":\"ListItem\",\"position\":3,\"name\":\"Loft and Miniloft\"}]},{\"@type\":\"WebSite\",\"@id\":\"https:\/\/fedemark.ee\/#website\",\"url\":\"https:\/\/fedemark.ee\/\",\"name\":\"Fedemark\",\"description\":\"Redelid, Tellingud, T\u00f6\u00f6platvormid ja vahekorrused\",\"potentialAction\":[{\"@type\":\"SearchAction\",\"target\":{\"@type\":\"EntryPoint\",\"urlTemplate\":\"https:\/\/fedemark.ee\/?s={search_term_string}\"},\"query-input\":\"required name=search_term_string\"}],\"inLanguage\":\"fi-FI\"}]}<\/script>\n<!-- \/ Yoast SEO plugin. -->","yoast_head_json":{"title":"Loft and Miniloft - Fedemark","robots":{"index":"index","follow":"follow","max-snippet":"max-snippet:-1","max-image-preview":"max-image-preview:large","max-video-preview":"max-video-preview:-1"},"canonical":"https:\/\/fedemark.ee\/fi\/tuotteet\/erikois-ja-erikoistilauksesta-valmistettavat-tikkaat\/erikoistikkaat\/loft-and-miniloft\/","og_locale":"fi_FI","og_type":"article","og_title":"Loft and Miniloft - Fedemark","og_description":"Anodisoidusta alumiinista valmistetut teleskooppitikkaat ullakolle kiipe\u00e4miseen  Anodisoidusta alumiinista valmistetut 10-puolaiset teleskooppitikkaat (9-puolainen on Mini Loft -tyyppinen) voi s\u00e4\u00e4t\u00e4\u00e4 eri korkeuksiin 2,52 m alkaen aina 3,00 m korkeuteen saakka (Mini Loftin korkeus on 2,35\u22122,45 m). Sopivat sis\u00e4tiloissa k\u00e4ytett\u00e4viksi. Tikkaissa on leve\u00e4 luiska, ne ovat eritt\u00e4in kevyet ja asentamiseen kuluu 10 minuuttia. Tikkaat voi ponnistuksitta avata ja sulkea sekunneissa. Kantavuus: 150 kg.  VAKIOVARUSTEET: Avaushihna 6 ruuvia puukattoja varten 2 sulkemisjousta Askelmien v\u00e4linen et\u00e4isyys: 9 cm Kaltevuus: 65\u00b0 (2,65 m) \/ 75\u00b0 (3 m)  Eritt\u00e4in t\u00e4rke\u00e4\u00e4: tikkaiden muuntelu ilman lupaa on ankarasti kielletty\u00e4. Tikkaita ei saa asettaa nojaamaan sein\u00e4\u00e4 vasten.  Luukun minimiaukko: Loft: 52x92 cm kattokorkeuksille 2,52\u22122,80 m Loft: 52x110 cm katon korkeuksille 2,70\u22123 m Mini Loft: 52x60 cm katon korkeuksille 2,35\u22122,45 m V\u00e4h. avauset\u00e4isyys sein\u00e4st\u00e4: 171 cm (katon korkeus &gt; 2,52 m) V\u00e4h. avauset\u00e4isyys sein\u00e4st\u00e4: 90 cm (katon korkeus &gt; 2,85 m) Kehys \/ luukkusetti  Mahdollista tilata: 60x120 cm (katon korkeus 2,52\u22123 m) 60x100 cm (katon korkeus 2,52\u22122,85 m)","og_url":"https:\/\/fedemark.ee\/fi\/tuotteet\/erikois-ja-erikoistilauksesta-valmistettavat-tikkaat\/erikoistikkaat\/loft-and-miniloft\/","og_site_name":"Fedemark","article_modified_time":"2017-07-31T13:15:52+00:00","og_image":[{"width":399,"height":600,"url":"https:\/\/fedemark.ee\/wp-content\/uploads\/2017\/06\/loft-and-miniloft.jpg","type":"image\/jpeg"}],"twitter_card":"summary_large_image","schema":{"@context":"https:\/\/schema.org","@graph":[{"@type":"WebPage","@id":"https:\/\/fedemark.ee\/fi\/tuotteet\/erikois-ja-erikoistilauksesta-valmistettavat-tikkaat\/erikoistikkaat\/loft-and-miniloft\/","url":"https:\/\/fedemark.ee\/fi\/tuotteet\/erikois-ja-erikoistilauksesta-valmistettavat-tikkaat\/erikoistikkaat\/loft-and-miniloft\/","name":"Loft and Miniloft - Fedemark","isPartOf":{"@id":"https:\/\/fedemark.ee\/#website"},"primaryImageOfPage":{"@id":"https:\/\/fedemark.ee\/fi\/tuotteet\/erikois-ja-erikoistilauksesta-valmistettavat-tikkaat\/erikoistikkaat\/loft-and-miniloft\/#primaryimage"},"image":{"@id":"https:\/\/fedemark.ee\/fi\/tuotteet\/erikois-ja-erikoistilauksesta-valmistettavat-tikkaat\/erikoistikkaat\/loft-and-miniloft\/#primaryimage"},"thumbnailUrl":"https:\/\/fedemark.ee\/wp-content\/uploads\/2017\/06\/loft-and-miniloft.jpg","datePublished":"2017-06-16T15:32:25+00:00","dateModified":"2017-07-31T13:15:52+00:00","breadcrumb":{"@id":"https:\/\/fedemark.ee\/fi\/tuotteet\/erikois-ja-erikoistilauksesta-valmistettavat-tikkaat\/erikoistikkaat\/loft-and-miniloft\/#breadcrumb"},"inLanguage":"fi-FI","potentialAction":[{"@type":"ReadAction","target":["https:\/\/fedemark.ee\/fi\/tuotteet\/erikois-ja-erikoistilauksesta-valmistettavat-tikkaat\/erikoistikkaat\/loft-and-miniloft\/"]}]},{"@type":"ImageObject","inLanguage":"fi-FI","@id":"https:\/\/fedemark.ee\/fi\/tuotteet\/erikois-ja-erikoistilauksesta-valmistettavat-tikkaat\/erikoistikkaat\/loft-and-miniloft\/#primaryimage","url":"https:\/\/fedemark.ee\/wp-content\/uploads\/2017\/06\/loft-and-miniloft.jpg","contentUrl":"https:\/\/fedemark.ee\/wp-content\/uploads\/2017\/06\/loft-and-miniloft.jpg","width":399,"height":600},{"@type":"BreadcrumbList","@id":"https:\/\/fedemark.ee\/fi\/tuotteet\/erikois-ja-erikoistilauksesta-valmistettavat-tikkaat\/erikoistikkaat\/loft-and-miniloft\/#breadcrumb","itemListElement":[{"@type":"ListItem","position":1,"name":"Home","item":"https:\/\/fedemark.ee\/fi\/"},{"@type":"ListItem","position":2,"name":"Tuotteet","item":"https:\/\/fedemark.ee\/fi\/tuotteet\/"},{"@type":"ListItem","position":3,"name":"Loft and Miniloft"}]},{"@type":"WebSite","@id":"https:\/\/fedemark.ee\/#website","url":"https:\/\/fedemark.ee\/","name":"Fedemark","description":"Redelid, Tellingud, T\u00f6\u00f6platvormid ja vahekorrused","potentialAction":[{"@type":"SearchAction","target":{"@type":"EntryPoint","urlTemplate":"https:\/\/fedemark.ee\/?s={search_term_string}"},"query-input":"required name=search_term_string"}],"inLanguage":"fi-FI"}]}},"_links":{"self":[{"href":"https:\/\/fedemark.ee\/fi\/wp-json\/wp\/v2\/product\/7414"}],"collection":[{"href":"https:\/\/fedemark.ee\/fi\/wp-json\/wp\/v2\/product"}],"about":[{"href":"https:\/\/fedemark.ee\/fi\/wp-json\/wp\/v2\/types\/product"}],"replies":[{"embeddable":true,"href":"https:\/\/fedemark.ee\/fi\/wp-json\/wp\/v2\/comments?post=7414"}],"version-history":[{"count":0,"href":"https:\/\/fedemark.ee\/fi\/wp-json\/wp\/v2\/product\/7414\/revisions"}],"wp:featuredmedia":[{"embeddable":true,"href":"https:\/\/fedemark.ee\/fi\/wp-json\/wp\/v2\/media\/6628"}],"wp:attachment":[{"href":"https:\/\/fedemark.ee\/fi\/wp-json\/wp\/v2\/media?parent=7414"}],"wp:term":[{"taxonomy":"product_cat","embeddable":true,"href":"https:\/\/fedemark.ee\/fi\/wp-json\/wp\/v2\/product_cat?post=7414"},{"taxonomy":"product_tag","embeddable":true,"href":"https:\/\/fedemark.ee\/fi\/wp-json\/wp\/v2\/product_tag?post=7414"}],"curies":[{"name":"wp","href":"https:\/\/api.w.org\/{rel}","templated":true}]}}