{"id":7415,"date":"2017-06-16T15:36:04","date_gmt":"2017-06-16T15:36:04","guid":{"rendered":"https:\/\/sharks.ee\/fedemark\/shop\/uncategorized\/loft-redelid\/"},"modified":"2017-07-31T13:17:24","modified_gmt":"2017-07-31T13:17:24","slug":"ullakkotikkaat","status":"publish","type":"product","link":"https:\/\/fedemark.ee\/fi\/tuotteet\/erikois-ja-erikoistilauksesta-valmistettavat-tikkaat\/erikoistikkaat\/ullakkotikkaat\/","title":{"rendered":"Ullakkotikkaat"},"content":{"rendered":"","protected":false},"excerpt":{"rendered":"<p><em>Ter\u00e4ksiset koottavat ullakkotikkaat<\/em><\/p>\n<p><strong>Snodabile<\/strong><\/p>\n<p>4 osasta koostuvat sinkityst\u00e4 ter\u00e4ksest\u00e4 valmistetut ullakkotikkaat. Jousella tasapainotuksen ansiosta niiden k\u00e4ytt\u00f6 on eritt\u00e4in helppoa.<\/p>\n<p>Tikkaat sopivat enint\u00e4\u00e4n 3 m korkeudelle.<br \/>\nPaksuus koottuna 32 cm.<\/p>\n<p>Mahdollista tilata:<br \/>\n\u2022 Muut vakiomitat<br \/>\n\u2022 Mittojen mukaan tehdyt erikoiskoot (enint. 1 m2)<br \/>\n\u2022 Tikkaat enint\u00e4\u00e4n 4 m korkeudelle<\/p>\n<p><strong>Harmonica<\/strong><\/p>\n<p>Nelj\u00e4ll\u00e4 kiinnitysv\u00e4lineell\u00e4 varustetut, sinkityst\u00e4 ter\u00e4ksest\u00e4 valmistetut ullakkotikkaat. Niiden asentaminen on hyvin helppoa eik\u00e4 vaadi suurempaa ponnistusta.<\/p>\n<p>Sopivat 20 cm paksuisiin lattioihin (ja on mahdollista s\u00e4\u00e4t\u00e4\u00e4 eri paksuuksille).<br \/>\nTikkaat sopivat noin 3 metri\u00e4 korkeille katoille.<br \/>\nUllakkoaukon mitat ovat vakiot<br \/>\nPaksuus koottuna 40cm.<\/p>\n<p>Mahdollista tilata:<br \/>\n\u2022 Muut vakiomitat<br \/>\n\u2022 Mittojen mukaan tehdyt erikoiskoot (enint. 1 m2)<br \/>\n\u2022 Tikkaat enint\u00e4\u00e4n 4 m korkeudelle<br \/>\n\u2022 Harmonica \u2013 sein\u00e4\u00e4n tukeutuvat tikkaat<br \/>\n\u2022 Harmonica \u2013 katoille tai parvekkeille p\u00e4\u00e4syyn tarkoitetut tikkaat<br \/>\n\u2022 Moottorilla toimivat tikkaat<\/p>\n<p>Eritt\u00e4in t\u00e4rke\u00e4\u00e4: tikkaiden muunteleminen ilman lupaa on ankarasti kielletty\u00e4<\/p>\n","protected":false},"featured_media":6664,"comment_status":"open","ping_status":"closed","template":"","meta":{"footnotes":""},"product_cat":[198,199],"product_tag":[],"yoast_head":"<!-- This site is optimized with the Yoast SEO plugin v22.6 - https:\/\/yoast.com\/wordpress\/plugins\/seo\/ -->\n<title>Ullakkotikkaat - Fedemark<\/title>\n<meta name=\"robots\" content=\"index, follow, max-snippet:-1, max-image-preview:large, max-video-preview:-1\" \/>\n<link rel=\"canonical\" href=\"https:\/\/fedemark.ee\/fi\/tuotteet\/erikois-ja-erikoistilauksesta-valmistettavat-tikkaat\/erikoistikkaat\/ullakkotikkaat\/\" \/>\n<meta property=\"og:locale\" content=\"fi_FI\" \/>\n<meta property=\"og:type\" content=\"article\" \/>\n<meta property=\"og:title\" content=\"Ullakkotikkaat - Fedemark\" \/>\n<meta property=\"og:description\" content=\"Ter\u00e4ksiset koottavat ullakkotikkaat  Snodabile  4 osasta koostuvat sinkityst\u00e4 ter\u00e4ksest\u00e4 valmistetut ullakkotikkaat. Jousella tasapainotuksen ansiosta niiden k\u00e4ytt\u00f6 on eritt\u00e4in helppoa.  Tikkaat sopivat enint\u00e4\u00e4n 3 m korkeudelle. Paksuus koottuna 32 cm.  Mahdollista tilata: \u2022 Muut vakiomitat \u2022 Mittojen mukaan tehdyt erikoiskoot (enint. 1 m2) \u2022 Tikkaat enint\u00e4\u00e4n 4 m korkeudelle  Harmonica  Nelj\u00e4ll\u00e4 kiinnitysv\u00e4lineell\u00e4 varustetut, sinkityst\u00e4 ter\u00e4ksest\u00e4 valmistetut ullakkotikkaat. Niiden asentaminen on hyvin helppoa eik\u00e4 vaadi suurempaa ponnistusta.  Sopivat 20 cm paksuisiin lattioihin (ja on mahdollista s\u00e4\u00e4t\u00e4\u00e4 eri paksuuksille). Tikkaat sopivat noin 3 metri\u00e4 korkeille katoille. Ullakkoaukon mitat ovat vakiot Paksuus koottuna 40cm.  Mahdollista tilata: \u2022 Muut vakiomitat \u2022 Mittojen mukaan tehdyt erikoiskoot (enint. 1 m2) \u2022 Tikkaat enint\u00e4\u00e4n 4 m korkeudelle \u2022 Harmonica \u2013 sein\u00e4\u00e4n tukeutuvat tikkaat \u2022 Harmonica \u2013 katoille tai parvekkeille p\u00e4\u00e4syyn tarkoitetut tikkaat \u2022 Moottorilla toimivat tikkaat  Eritt\u00e4in t\u00e4rke\u00e4\u00e4: tikkaiden muunteleminen ilman lupaa on ankarasti kielletty\u00e4\" \/>\n<meta property=\"og:url\" content=\"https:\/\/fedemark.ee\/fi\/tuotteet\/erikois-ja-erikoistilauksesta-valmistettavat-tikkaat\/erikoistikkaat\/ullakkotikkaat\/\" \/>\n<meta property=\"og:site_name\" content=\"Fedemark\" \/>\n<meta property=\"article:modified_time\" content=\"2017-07-31T13:17:24+00:00\" \/>\n<meta property=\"og:image\" content=\"https:\/\/fedemark.ee\/wp-content\/uploads\/2017\/06\/loft-ladders-1.jpg\" \/>\n\t<meta property=\"og:image:width\" content=\"312\" \/>\n\t<meta property=\"og:image:height\" content=\"600\" \/>\n\t<meta property=\"og:image:type\" content=\"image\/jpeg\" \/>\n<meta name=\"twitter:card\" content=\"summary_large_image\" \/>\n<script type=\"application\/ld+json\" class=\"yoast-schema-graph\">{\"@context\":\"https:\/\/schema.org\",\"@graph\":[{\"@type\":\"WebPage\",\"@id\":\"https:\/\/fedemark.ee\/fi\/tuotteet\/erikois-ja-erikoistilauksesta-valmistettavat-tikkaat\/erikoistikkaat\/ullakkotikkaat\/\",\"url\":\"https:\/\/fedemark.ee\/fi\/tuotteet\/erikois-ja-erikoistilauksesta-valmistettavat-tikkaat\/erikoistikkaat\/ullakkotikkaat\/\",\"name\":\"Ullakkotikkaat - Fedemark\",\"isPartOf\":{\"@id\":\"https:\/\/fedemark.ee\/#website\"},\"primaryImageOfPage\":{\"@id\":\"https:\/\/fedemark.ee\/fi\/tuotteet\/erikois-ja-erikoistilauksesta-valmistettavat-tikkaat\/erikoistikkaat\/ullakkotikkaat\/#primaryimage\"},\"image\":{\"@id\":\"https:\/\/fedemark.ee\/fi\/tuotteet\/erikois-ja-erikoistilauksesta-valmistettavat-tikkaat\/erikoistikkaat\/ullakkotikkaat\/#primaryimage\"},\"thumbnailUrl\":\"https:\/\/fedemark.ee\/wp-content\/uploads\/2017\/06\/loft-ladders-1.jpg\",\"datePublished\":\"2017-06-16T15:36:04+00:00\",\"dateModified\":\"2017-07-31T13:17:24+00:00\",\"breadcrumb\":{\"@id\":\"https:\/\/fedemark.ee\/fi\/tuotteet\/erikois-ja-erikoistilauksesta-valmistettavat-tikkaat\/erikoistikkaat\/ullakkotikkaat\/#breadcrumb\"},\"inLanguage\":\"fi-FI\",\"potentialAction\":[{\"@type\":\"ReadAction\",\"target\":[\"https:\/\/fedemark.ee\/fi\/tuotteet\/erikois-ja-erikoistilauksesta-valmistettavat-tikkaat\/erikoistikkaat\/ullakkotikkaat\/\"]}]},{\"@type\":\"ImageObject\",\"inLanguage\":\"fi-FI\",\"@id\":\"https:\/\/fedemark.ee\/fi\/tuotteet\/erikois-ja-erikoistilauksesta-valmistettavat-tikkaat\/erikoistikkaat\/ullakkotikkaat\/#primaryimage\",\"url\":\"https:\/\/fedemark.ee\/wp-content\/uploads\/2017\/06\/loft-ladders-1.jpg\",\"contentUrl\":\"https:\/\/fedemark.ee\/wp-content\/uploads\/2017\/06\/loft-ladders-1.jpg\",\"width\":312,\"height\":600},{\"@type\":\"BreadcrumbList\",\"@id\":\"https:\/\/fedemark.ee\/fi\/tuotteet\/erikois-ja-erikoistilauksesta-valmistettavat-tikkaat\/erikoistikkaat\/ullakkotikkaat\/#breadcrumb\",\"itemListElement\":[{\"@type\":\"ListItem\",\"position\":1,\"name\":\"Home\",\"item\":\"https:\/\/fedemark.ee\/fi\/\"},{\"@type\":\"ListItem\",\"position\":2,\"name\":\"Tuotteet\",\"item\":\"https:\/\/fedemark.ee\/fi\/tuotteet\/\"},{\"@type\":\"ListItem\",\"position\":3,\"name\":\"Ullakkotikkaat\"}]},{\"@type\":\"WebSite\",\"@id\":\"https:\/\/fedemark.ee\/#website\",\"url\":\"https:\/\/fedemark.ee\/\",\"name\":\"Fedemark\",\"description\":\"Redelid, Tellingud, T\u00f6\u00f6platvormid ja vahekorrused\",\"potentialAction\":[{\"@type\":\"SearchAction\",\"target\":{\"@type\":\"EntryPoint\",\"urlTemplate\":\"https:\/\/fedemark.ee\/?s={search_term_string}\"},\"query-input\":\"required name=search_term_string\"}],\"inLanguage\":\"fi-FI\"}]}<\/script>\n<!-- \/ Yoast SEO plugin. -->","yoast_head_json":{"title":"Ullakkotikkaat - Fedemark","robots":{"index":"index","follow":"follow","max-snippet":"max-snippet:-1","max-image-preview":"max-image-preview:large","max-video-preview":"max-video-preview:-1"},"canonical":"https:\/\/fedemark.ee\/fi\/tuotteet\/erikois-ja-erikoistilauksesta-valmistettavat-tikkaat\/erikoistikkaat\/ullakkotikkaat\/","og_locale":"fi_FI","og_type":"article","og_title":"Ullakkotikkaat - Fedemark","og_description":"Ter\u00e4ksiset koottavat ullakkotikkaat  Snodabile  4 osasta koostuvat sinkityst\u00e4 ter\u00e4ksest\u00e4 valmistetut ullakkotikkaat. Jousella tasapainotuksen ansiosta niiden k\u00e4ytt\u00f6 on eritt\u00e4in helppoa.  Tikkaat sopivat enint\u00e4\u00e4n 3 m korkeudelle. Paksuus koottuna 32 cm.  Mahdollista tilata: \u2022 Muut vakiomitat \u2022 Mittojen mukaan tehdyt erikoiskoot (enint. 1 m2) \u2022 Tikkaat enint\u00e4\u00e4n 4 m korkeudelle  Harmonica  Nelj\u00e4ll\u00e4 kiinnitysv\u00e4lineell\u00e4 varustetut, sinkityst\u00e4 ter\u00e4ksest\u00e4 valmistetut ullakkotikkaat. Niiden asentaminen on hyvin helppoa eik\u00e4 vaadi suurempaa ponnistusta.  Sopivat 20 cm paksuisiin lattioihin (ja on mahdollista s\u00e4\u00e4t\u00e4\u00e4 eri paksuuksille). Tikkaat sopivat noin 3 metri\u00e4 korkeille katoille. Ullakkoaukon mitat ovat vakiot Paksuus koottuna 40cm.  Mahdollista tilata: \u2022 Muut vakiomitat \u2022 Mittojen mukaan tehdyt erikoiskoot (enint. 1 m2) \u2022 Tikkaat enint\u00e4\u00e4n 4 m korkeudelle \u2022 Harmonica \u2013 sein\u00e4\u00e4n tukeutuvat tikkaat \u2022 Harmonica \u2013 katoille tai parvekkeille p\u00e4\u00e4syyn tarkoitetut tikkaat \u2022 Moottorilla toimivat tikkaat  Eritt\u00e4in t\u00e4rke\u00e4\u00e4: tikkaiden muunteleminen ilman lupaa on ankarasti kielletty\u00e4","og_url":"https:\/\/fedemark.ee\/fi\/tuotteet\/erikois-ja-erikoistilauksesta-valmistettavat-tikkaat\/erikoistikkaat\/ullakkotikkaat\/","og_site_name":"Fedemark","article_modified_time":"2017-07-31T13:17:24+00:00","og_image":[{"width":312,"height":600,"url":"https:\/\/fedemark.ee\/wp-content\/uploads\/2017\/06\/loft-ladders-1.jpg","type":"image\/jpeg"}],"twitter_card":"summary_large_image","schema":{"@context":"https:\/\/schema.org","@graph":[{"@type":"WebPage","@id":"https:\/\/fedemark.ee\/fi\/tuotteet\/erikois-ja-erikoistilauksesta-valmistettavat-tikkaat\/erikoistikkaat\/ullakkotikkaat\/","url":"https:\/\/fedemark.ee\/fi\/tuotteet\/erikois-ja-erikoistilauksesta-valmistettavat-tikkaat\/erikoistikkaat\/ullakkotikkaat\/","name":"Ullakkotikkaat - Fedemark","isPartOf":{"@id":"https:\/\/fedemark.ee\/#website"},"primaryImageOfPage":{"@id":"https:\/\/fedemark.ee\/fi\/tuotteet\/erikois-ja-erikoistilauksesta-valmistettavat-tikkaat\/erikoistikkaat\/ullakkotikkaat\/#primaryimage"},"image":{"@id":"https:\/\/fedemark.ee\/fi\/tuotteet\/erikois-ja-erikoistilauksesta-valmistettavat-tikkaat\/erikoistikkaat\/ullakkotikkaat\/#primaryimage"},"thumbnailUrl":"https:\/\/fedemark.ee\/wp-content\/uploads\/2017\/06\/loft-ladders-1.jpg","datePublished":"2017-06-16T15:36:04+00:00","dateModified":"2017-07-31T13:17:24+00:00","breadcrumb":{"@id":"https:\/\/fedemark.ee\/fi\/tuotteet\/erikois-ja-erikoistilauksesta-valmistettavat-tikkaat\/erikoistikkaat\/ullakkotikkaat\/#breadcrumb"},"inLanguage":"fi-FI","potentialAction":[{"@type":"ReadAction","target":["https:\/\/fedemark.ee\/fi\/tuotteet\/erikois-ja-erikoistilauksesta-valmistettavat-tikkaat\/erikoistikkaat\/ullakkotikkaat\/"]}]},{"@type":"ImageObject","inLanguage":"fi-FI","@id":"https:\/\/fedemark.ee\/fi\/tuotteet\/erikois-ja-erikoistilauksesta-valmistettavat-tikkaat\/erikoistikkaat\/ullakkotikkaat\/#primaryimage","url":"https:\/\/fedemark.ee\/wp-content\/uploads\/2017\/06\/loft-ladders-1.jpg","contentUrl":"https:\/\/fedemark.ee\/wp-content\/uploads\/2017\/06\/loft-ladders-1.jpg","width":312,"height":600},{"@type":"BreadcrumbList","@id":"https:\/\/fedemark.ee\/fi\/tuotteet\/erikois-ja-erikoistilauksesta-valmistettavat-tikkaat\/erikoistikkaat\/ullakkotikkaat\/#breadcrumb","itemListElement":[{"@type":"ListItem","position":1,"name":"Home","item":"https:\/\/fedemark.ee\/fi\/"},{"@type":"ListItem","position":2,"name":"Tuotteet","item":"https:\/\/fedemark.ee\/fi\/tuotteet\/"},{"@type":"ListItem","position":3,"name":"Ullakkotikkaat"}]},{"@type":"WebSite","@id":"https:\/\/fedemark.ee\/#website","url":"https:\/\/fedemark.ee\/","name":"Fedemark","description":"Redelid, Tellingud, T\u00f6\u00f6platvormid ja vahekorrused","potentialAction":[{"@type":"SearchAction","target":{"@type":"EntryPoint","urlTemplate":"https:\/\/fedemark.ee\/?s={search_term_string}"},"query-input":"required name=search_term_string"}],"inLanguage":"fi-FI"}]}},"_links":{"self":[{"href":"https:\/\/fedemark.ee\/fi\/wp-json\/wp\/v2\/product\/7415"}],"collection":[{"href":"https:\/\/fedemark.ee\/fi\/wp-json\/wp\/v2\/product"}],"about":[{"href":"https:\/\/fedemark.ee\/fi\/wp-json\/wp\/v2\/types\/product"}],"replies":[{"embeddable":true,"href":"https:\/\/fedemark.ee\/fi\/wp-json\/wp\/v2\/comments?post=7415"}],"version-history":[{"count":0,"href":"https:\/\/fedemark.ee\/fi\/wp-json\/wp\/v2\/product\/7415\/revisions"}],"wp:featuredmedia":[{"embeddable":true,"href":"https:\/\/fedemark.ee\/fi\/wp-json\/wp\/v2\/media\/6664"}],"wp:attachment":[{"href":"https:\/\/fedemark.ee\/fi\/wp-json\/wp\/v2\/media?parent=7415"}],"wp:term":[{"taxonomy":"product_cat","embeddable":true,"href":"https:\/\/fedemark.ee\/fi\/wp-json\/wp\/v2\/product_cat?post=7415"},{"taxonomy":"product_tag","embeddable":true,"href":"https:\/\/fedemark.ee\/fi\/wp-json\/wp\/v2\/product_tag?post=7415"}],"curies":[{"name":"wp","href":"https:\/\/api.w.org\/{rel}","templated":true}]}}