{"id":7416,"date":"2017-06-16T15:40:48","date_gmt":"2017-06-16T15:40:48","guid":{"rendered":"https:\/\/sharks.ee\/fedemark\/shop\/uncategorized\/optima\/"},"modified":"2017-07-31T13:18:24","modified_gmt":"2017-07-31T13:18:24","slug":"optima-itse-tasapainottuvat-portaat","status":"publish","type":"product","link":"https:\/\/fedemark.ee\/fi\/tuotteet\/erikois-ja-erikoistilauksesta-valmistettavat-tikkaat\/erikoistikkaat\/optima-itse-tasapainottuvat-portaat\/","title":{"rendered":"OPTIMA itse tasapainottuvat portaat"},"content":{"rendered":"","protected":false},"excerpt":{"rendered":"<p><em>Sopeutuvat erilaisiin ulosp\u00e4\u00e4syn korkeuksiin rakennuskohteissa, koneissa ja kattiloissa<\/em><\/p>\n<p>Isoin askelmin varustetut yksipuoliset tikkaat, jotka sopeutuvat erilaisiin ulosp\u00e4\u00e4syn korkeuksiin rakennuskohteissa, koneissa ja kattiloissa.<br \/>\nTehty puristetusta alumiiniprofiilista ja varustettu itse tasapainottuvin askelmin. Sopivat erilaisille tasanteille p\u00e4\u00e4syyn rakennuskohteissa, loistava vakaus maanpinnalla ja ulostulopaikassa.<\/p>\n<p>Varustettu vasemman- ja oikeanpuoleisella k\u00e4sipuulla ja suojakaiteella, jotka suojaavat k\u00e4ytt\u00e4j\u00e4\u00e4 kiipe\u00e4misen ja laskeutumisen aikana, jopa 45\u00b0 kaltevuudella voi pit\u00e4\u00e4 k\u00e4det irti ja olla kasvot tikkaiden suuntaan.<br \/>\nPVC-st\u00e4 valmistetut liukumattomat ja s\u00e4\u00e4dett\u00e4v\u00e4t jalat sopeutuvat maanpinnan mukaan ja varmistavat hyv\u00e4n vakauden.<\/p>\n<p>Ulosp\u00e4\u00e4sypaikan korkeuden mukaan kiipeilyluiskan kaltevuus muuttuu pit\u00e4en askelmat aina vaakasuorassa asennossa.<br \/>\nKummallakin tasolla on alaosissa maanpinnalla aukot, jotka antavat k\u00e4ytt\u00e4j\u00e4lle mahdollisuuden kiinnitt\u00e4\u00e4 tikkaat, jotta niiden yll\u00e4tt\u00e4vilt\u00e4 liikkumisilta v\u00e4ltyt\u00e4\u00e4n.<\/p>\n<p>VAKIOVARUSTEET<br \/>\n\u2022 Maanpinnan mukaan sopeutuvat liukumattomat jalat<br \/>\n\u2022 Tukilevyj\u00e4 voi kiinnitt\u00e4\u00e4 p\u00e4ist\u00e4\u00e4n nastoilla tikkaiden kiinnitt\u00e4miseksi maahan<br \/>\n\u2022 Ruostumattomasta ter\u00e4ksest\u00e4 valmistetut ruuvit<br \/>\n\u2022 Avautumista est\u00e4v\u00e4 mekanismi (v\u00e4\u00e4nnett\u00e4v\u00e4 nuppi)<br \/>\n\u2022 Vakioleveys 600 mm (muut leveydet tilauksesta)<br \/>\n\u2022 Liukumattomat muhkuraiset askelmat 60x30x2 mm<br \/>\n\u2022 Vasemman- ja oikeanpuoleiset k\u00e4sipuut 1,00 m<br \/>\n\u2022 K\u00e4ytt\u00f6- ja huolto-ohje<\/p>\n<p>Tarkoitetut katoilla ja kaltevilla katoilla k\u00e4ymiseen, ajoneuvoihin, per\u00e4vaunuihin, tavaratiloihin ja takasiiville p\u00e4\u00e4syyn (kun on varustettu sopivin koukuin). Minimikorkeus on 1200 mm ja seuraavat ovat 300 mm v\u00e4lein korkeammat.<\/p>\n","protected":false},"featured_media":10295,"comment_status":"open","ping_status":"closed","template":"","meta":{"footnotes":""},"product_cat":[198,199],"product_tag":[],"yoast_head":"<!-- This site is optimized with the Yoast SEO plugin v22.6 - https:\/\/yoast.com\/wordpress\/plugins\/seo\/ -->\n<title>OPTIMA itse tasapainottuvat portaat - Fedemark<\/title>\n<meta name=\"robots\" content=\"index, follow, max-snippet:-1, max-image-preview:large, max-video-preview:-1\" \/>\n<link rel=\"canonical\" href=\"https:\/\/fedemark.ee\/fi\/tuotteet\/erikois-ja-erikoistilauksesta-valmistettavat-tikkaat\/erikoistikkaat\/optima-itse-tasapainottuvat-portaat\/\" \/>\n<meta property=\"og:locale\" content=\"fi_FI\" \/>\n<meta property=\"og:type\" content=\"article\" \/>\n<meta property=\"og:title\" content=\"OPTIMA itse tasapainottuvat portaat - Fedemark\" \/>\n<meta property=\"og:description\" content=\"Sopeutuvat erilaisiin ulosp\u00e4\u00e4syn korkeuksiin rakennuskohteissa, koneissa ja kattiloissa  Isoin askelmin varustetut yksipuoliset tikkaat, jotka sopeutuvat erilaisiin ulosp\u00e4\u00e4syn korkeuksiin rakennuskohteissa, koneissa ja kattiloissa. Tehty puristetusta alumiiniprofiilista ja varustettu itse tasapainottuvin askelmin. Sopivat erilaisille tasanteille p\u00e4\u00e4syyn rakennuskohteissa, loistava vakaus maanpinnalla ja ulostulopaikassa.  Varustettu vasemman- ja oikeanpuoleisella k\u00e4sipuulla ja suojakaiteella, jotka suojaavat k\u00e4ytt\u00e4j\u00e4\u00e4 kiipe\u00e4misen ja laskeutumisen aikana, jopa 45\u00b0 kaltevuudella voi pit\u00e4\u00e4 k\u00e4det irti ja olla kasvot tikkaiden suuntaan. PVC-st\u00e4 valmistetut liukumattomat ja s\u00e4\u00e4dett\u00e4v\u00e4t jalat sopeutuvat maanpinnan mukaan ja varmistavat hyv\u00e4n vakauden.  Ulosp\u00e4\u00e4sypaikan korkeuden mukaan kiipeilyluiskan kaltevuus muuttuu pit\u00e4en askelmat aina vaakasuorassa asennossa. Kummallakin tasolla on alaosissa maanpinnalla aukot, jotka antavat k\u00e4ytt\u00e4j\u00e4lle mahdollisuuden kiinnitt\u00e4\u00e4 tikkaat, jotta niiden yll\u00e4tt\u00e4vilt\u00e4 liikkumisilta v\u00e4ltyt\u00e4\u00e4n.  VAKIOVARUSTEET \u2022 Maanpinnan mukaan sopeutuvat liukumattomat jalat \u2022 Tukilevyj\u00e4 voi kiinnitt\u00e4\u00e4 p\u00e4ist\u00e4\u00e4n nastoilla tikkaiden kiinnitt\u00e4miseksi maahan \u2022 Ruostumattomasta ter\u00e4ksest\u00e4 valmistetut ruuvit \u2022 Avautumista est\u00e4v\u00e4 mekanismi (v\u00e4\u00e4nnett\u00e4v\u00e4 nuppi) \u2022 Vakioleveys 600 mm (muut leveydet tilauksesta) \u2022 Liukumattomat muhkuraiset askelmat 60x30x2 mm \u2022 Vasemman- ja oikeanpuoleiset k\u00e4sipuut 1,00 m \u2022 K\u00e4ytt\u00f6- ja huolto-ohje  Tarkoitetut katoilla ja kaltevilla katoilla k\u00e4ymiseen, ajoneuvoihin, per\u00e4vaunuihin, tavaratiloihin ja takasiiville p\u00e4\u00e4syyn (kun on varustettu sopivin koukuin). Minimikorkeus on 1200 mm ja seuraavat ovat 300 mm v\u00e4lein korkeammat.\" \/>\n<meta property=\"og:url\" content=\"https:\/\/fedemark.ee\/fi\/tuotteet\/erikois-ja-erikoistilauksesta-valmistettavat-tikkaat\/erikoistikkaat\/optima-itse-tasapainottuvat-portaat\/\" \/>\n<meta property=\"og:site_name\" content=\"Fedemark\" \/>\n<meta property=\"article:modified_time\" content=\"2017-07-31T13:18:24+00:00\" \/>\n<meta property=\"og:image\" content=\"https:\/\/fedemark.ee\/wp-content\/uploads\/2017\/06\/optima-1.jpg\" \/>\n\t<meta property=\"og:image:width\" content=\"800\" \/>\n\t<meta property=\"og:image:height\" content=\"507\" \/>\n\t<meta property=\"og:image:type\" content=\"image\/jpeg\" \/>\n<meta name=\"twitter:card\" content=\"summary_large_image\" \/>\n<script type=\"application\/ld+json\" class=\"yoast-schema-graph\">{\"@context\":\"https:\/\/schema.org\",\"@graph\":[{\"@type\":\"WebPage\",\"@id\":\"https:\/\/fedemark.ee\/fi\/tuotteet\/erikois-ja-erikoistilauksesta-valmistettavat-tikkaat\/erikoistikkaat\/optima-itse-tasapainottuvat-portaat\/\",\"url\":\"https:\/\/fedemark.ee\/fi\/tuotteet\/erikois-ja-erikoistilauksesta-valmistettavat-tikkaat\/erikoistikkaat\/optima-itse-tasapainottuvat-portaat\/\",\"name\":\"OPTIMA itse tasapainottuvat portaat - Fedemark\",\"isPartOf\":{\"@id\":\"https:\/\/fedemark.ee\/#website\"},\"primaryImageOfPage\":{\"@id\":\"https:\/\/fedemark.ee\/fi\/tuotteet\/erikois-ja-erikoistilauksesta-valmistettavat-tikkaat\/erikoistikkaat\/optima-itse-tasapainottuvat-portaat\/#primaryimage\"},\"image\":{\"@id\":\"https:\/\/fedemark.ee\/fi\/tuotteet\/erikois-ja-erikoistilauksesta-valmistettavat-tikkaat\/erikoistikkaat\/optima-itse-tasapainottuvat-portaat\/#primaryimage\"},\"thumbnailUrl\":\"https:\/\/fedemark.ee\/wp-content\/uploads\/2017\/06\/optima-1.jpg\",\"datePublished\":\"2017-06-16T15:40:48+00:00\",\"dateModified\":\"2017-07-31T13:18:24+00:00\",\"breadcrumb\":{\"@id\":\"https:\/\/fedemark.ee\/fi\/tuotteet\/erikois-ja-erikoistilauksesta-valmistettavat-tikkaat\/erikoistikkaat\/optima-itse-tasapainottuvat-portaat\/#breadcrumb\"},\"inLanguage\":\"fi-FI\",\"potentialAction\":[{\"@type\":\"ReadAction\",\"target\":[\"https:\/\/fedemark.ee\/fi\/tuotteet\/erikois-ja-erikoistilauksesta-valmistettavat-tikkaat\/erikoistikkaat\/optima-itse-tasapainottuvat-portaat\/\"]}]},{\"@type\":\"ImageObject\",\"inLanguage\":\"fi-FI\",\"@id\":\"https:\/\/fedemark.ee\/fi\/tuotteet\/erikois-ja-erikoistilauksesta-valmistettavat-tikkaat\/erikoistikkaat\/optima-itse-tasapainottuvat-portaat\/#primaryimage\",\"url\":\"https:\/\/fedemark.ee\/wp-content\/uploads\/2017\/06\/optima-1.jpg\",\"contentUrl\":\"https:\/\/fedemark.ee\/wp-content\/uploads\/2017\/06\/optima-1.jpg\",\"width\":800,\"height\":507},{\"@type\":\"BreadcrumbList\",\"@id\":\"https:\/\/fedemark.ee\/fi\/tuotteet\/erikois-ja-erikoistilauksesta-valmistettavat-tikkaat\/erikoistikkaat\/optima-itse-tasapainottuvat-portaat\/#breadcrumb\",\"itemListElement\":[{\"@type\":\"ListItem\",\"position\":1,\"name\":\"Home\",\"item\":\"https:\/\/fedemark.ee\/fi\/\"},{\"@type\":\"ListItem\",\"position\":2,\"name\":\"Tuotteet\",\"item\":\"https:\/\/fedemark.ee\/fi\/tuotteet\/\"},{\"@type\":\"ListItem\",\"position\":3,\"name\":\"OPTIMA itse tasapainottuvat portaat\"}]},{\"@type\":\"WebSite\",\"@id\":\"https:\/\/fedemark.ee\/#website\",\"url\":\"https:\/\/fedemark.ee\/\",\"name\":\"Fedemark\",\"description\":\"Redelid, Tellingud, T\u00f6\u00f6platvormid ja vahekorrused\",\"potentialAction\":[{\"@type\":\"SearchAction\",\"target\":{\"@type\":\"EntryPoint\",\"urlTemplate\":\"https:\/\/fedemark.ee\/?s={search_term_string}\"},\"query-input\":\"required name=search_term_string\"}],\"inLanguage\":\"fi-FI\"}]}<\/script>\n<!-- \/ Yoast SEO plugin. -->","yoast_head_json":{"title":"OPTIMA itse tasapainottuvat portaat - Fedemark","robots":{"index":"index","follow":"follow","max-snippet":"max-snippet:-1","max-image-preview":"max-image-preview:large","max-video-preview":"max-video-preview:-1"},"canonical":"https:\/\/fedemark.ee\/fi\/tuotteet\/erikois-ja-erikoistilauksesta-valmistettavat-tikkaat\/erikoistikkaat\/optima-itse-tasapainottuvat-portaat\/","og_locale":"fi_FI","og_type":"article","og_title":"OPTIMA itse tasapainottuvat portaat - Fedemark","og_description":"Sopeutuvat erilaisiin ulosp\u00e4\u00e4syn korkeuksiin rakennuskohteissa, koneissa ja kattiloissa  Isoin askelmin varustetut yksipuoliset tikkaat, jotka sopeutuvat erilaisiin ulosp\u00e4\u00e4syn korkeuksiin rakennuskohteissa, koneissa ja kattiloissa. Tehty puristetusta alumiiniprofiilista ja varustettu itse tasapainottuvin askelmin. Sopivat erilaisille tasanteille p\u00e4\u00e4syyn rakennuskohteissa, loistava vakaus maanpinnalla ja ulostulopaikassa.  Varustettu vasemman- ja oikeanpuoleisella k\u00e4sipuulla ja suojakaiteella, jotka suojaavat k\u00e4ytt\u00e4j\u00e4\u00e4 kiipe\u00e4misen ja laskeutumisen aikana, jopa 45\u00b0 kaltevuudella voi pit\u00e4\u00e4 k\u00e4det irti ja olla kasvot tikkaiden suuntaan. PVC-st\u00e4 valmistetut liukumattomat ja s\u00e4\u00e4dett\u00e4v\u00e4t jalat sopeutuvat maanpinnan mukaan ja varmistavat hyv\u00e4n vakauden.  Ulosp\u00e4\u00e4sypaikan korkeuden mukaan kiipeilyluiskan kaltevuus muuttuu pit\u00e4en askelmat aina vaakasuorassa asennossa. Kummallakin tasolla on alaosissa maanpinnalla aukot, jotka antavat k\u00e4ytt\u00e4j\u00e4lle mahdollisuuden kiinnitt\u00e4\u00e4 tikkaat, jotta niiden yll\u00e4tt\u00e4vilt\u00e4 liikkumisilta v\u00e4ltyt\u00e4\u00e4n.  VAKIOVARUSTEET \u2022 Maanpinnan mukaan sopeutuvat liukumattomat jalat \u2022 Tukilevyj\u00e4 voi kiinnitt\u00e4\u00e4 p\u00e4ist\u00e4\u00e4n nastoilla tikkaiden kiinnitt\u00e4miseksi maahan \u2022 Ruostumattomasta ter\u00e4ksest\u00e4 valmistetut ruuvit \u2022 Avautumista est\u00e4v\u00e4 mekanismi (v\u00e4\u00e4nnett\u00e4v\u00e4 nuppi) \u2022 Vakioleveys 600 mm (muut leveydet tilauksesta) \u2022 Liukumattomat muhkuraiset askelmat 60x30x2 mm \u2022 Vasemman- ja oikeanpuoleiset k\u00e4sipuut 1,00 m \u2022 K\u00e4ytt\u00f6- ja huolto-ohje  Tarkoitetut katoilla ja kaltevilla katoilla k\u00e4ymiseen, ajoneuvoihin, per\u00e4vaunuihin, tavaratiloihin ja takasiiville p\u00e4\u00e4syyn (kun on varustettu sopivin koukuin). Minimikorkeus on 1200 mm ja seuraavat ovat 300 mm v\u00e4lein korkeammat.","og_url":"https:\/\/fedemark.ee\/fi\/tuotteet\/erikois-ja-erikoistilauksesta-valmistettavat-tikkaat\/erikoistikkaat\/optima-itse-tasapainottuvat-portaat\/","og_site_name":"Fedemark","article_modified_time":"2017-07-31T13:18:24+00:00","og_image":[{"width":800,"height":507,"url":"https:\/\/fedemark.ee\/wp-content\/uploads\/2017\/06\/optima-1.jpg","type":"image\/jpeg"}],"twitter_card":"summary_large_image","schema":{"@context":"https:\/\/schema.org","@graph":[{"@type":"WebPage","@id":"https:\/\/fedemark.ee\/fi\/tuotteet\/erikois-ja-erikoistilauksesta-valmistettavat-tikkaat\/erikoistikkaat\/optima-itse-tasapainottuvat-portaat\/","url":"https:\/\/fedemark.ee\/fi\/tuotteet\/erikois-ja-erikoistilauksesta-valmistettavat-tikkaat\/erikoistikkaat\/optima-itse-tasapainottuvat-portaat\/","name":"OPTIMA itse tasapainottuvat portaat - Fedemark","isPartOf":{"@id":"https:\/\/fedemark.ee\/#website"},"primaryImageOfPage":{"@id":"https:\/\/fedemark.ee\/fi\/tuotteet\/erikois-ja-erikoistilauksesta-valmistettavat-tikkaat\/erikoistikkaat\/optima-itse-tasapainottuvat-portaat\/#primaryimage"},"image":{"@id":"https:\/\/fedemark.ee\/fi\/tuotteet\/erikois-ja-erikoistilauksesta-valmistettavat-tikkaat\/erikoistikkaat\/optima-itse-tasapainottuvat-portaat\/#primaryimage"},"thumbnailUrl":"https:\/\/fedemark.ee\/wp-content\/uploads\/2017\/06\/optima-1.jpg","datePublished":"2017-06-16T15:40:48+00:00","dateModified":"2017-07-31T13:18:24+00:00","breadcrumb":{"@id":"https:\/\/fedemark.ee\/fi\/tuotteet\/erikois-ja-erikoistilauksesta-valmistettavat-tikkaat\/erikoistikkaat\/optima-itse-tasapainottuvat-portaat\/#breadcrumb"},"inLanguage":"fi-FI","potentialAction":[{"@type":"ReadAction","target":["https:\/\/fedemark.ee\/fi\/tuotteet\/erikois-ja-erikoistilauksesta-valmistettavat-tikkaat\/erikoistikkaat\/optima-itse-tasapainottuvat-portaat\/"]}]},{"@type":"ImageObject","inLanguage":"fi-FI","@id":"https:\/\/fedemark.ee\/fi\/tuotteet\/erikois-ja-erikoistilauksesta-valmistettavat-tikkaat\/erikoistikkaat\/optima-itse-tasapainottuvat-portaat\/#primaryimage","url":"https:\/\/fedemark.ee\/wp-content\/uploads\/2017\/06\/optima-1.jpg","contentUrl":"https:\/\/fedemark.ee\/wp-content\/uploads\/2017\/06\/optima-1.jpg","width":800,"height":507},{"@type":"BreadcrumbList","@id":"https:\/\/fedemark.ee\/fi\/tuotteet\/erikois-ja-erikoistilauksesta-valmistettavat-tikkaat\/erikoistikkaat\/optima-itse-tasapainottuvat-portaat\/#breadcrumb","itemListElement":[{"@type":"ListItem","position":1,"name":"Home","item":"https:\/\/fedemark.ee\/fi\/"},{"@type":"ListItem","position":2,"name":"Tuotteet","item":"https:\/\/fedemark.ee\/fi\/tuotteet\/"},{"@type":"ListItem","position":3,"name":"OPTIMA itse tasapainottuvat portaat"}]},{"@type":"WebSite","@id":"https:\/\/fedemark.ee\/#website","url":"https:\/\/fedemark.ee\/","name":"Fedemark","description":"Redelid, Tellingud, T\u00f6\u00f6platvormid ja vahekorrused","potentialAction":[{"@type":"SearchAction","target":{"@type":"EntryPoint","urlTemplate":"https:\/\/fedemark.ee\/?s={search_term_string}"},"query-input":"required name=search_term_string"}],"inLanguage":"fi-FI"}]}},"_links":{"self":[{"href":"https:\/\/fedemark.ee\/fi\/wp-json\/wp\/v2\/product\/7416"}],"collection":[{"href":"https:\/\/fedemark.ee\/fi\/wp-json\/wp\/v2\/product"}],"about":[{"href":"https:\/\/fedemark.ee\/fi\/wp-json\/wp\/v2\/types\/product"}],"replies":[{"embeddable":true,"href":"https:\/\/fedemark.ee\/fi\/wp-json\/wp\/v2\/comments?post=7416"}],"version-history":[{"count":0,"href":"https:\/\/fedemark.ee\/fi\/wp-json\/wp\/v2\/product\/7416\/revisions"}],"wp:featuredmedia":[{"embeddable":true,"href":"https:\/\/fedemark.ee\/fi\/wp-json\/wp\/v2\/media\/10295"}],"wp:attachment":[{"href":"https:\/\/fedemark.ee\/fi\/wp-json\/wp\/v2\/media?parent=7416"}],"wp:term":[{"taxonomy":"product_cat","embeddable":true,"href":"https:\/\/fedemark.ee\/fi\/wp-json\/wp\/v2\/product_cat?post=7416"},{"taxonomy":"product_tag","embeddable":true,"href":"https:\/\/fedemark.ee\/fi\/wp-json\/wp\/v2\/product_tag?post=7416"}],"curies":[{"name":"wp","href":"https:\/\/api.w.org\/{rel}","templated":true}]}}