{"id":7417,"date":"2017-06-16T15:45:08","date_gmt":"2017-06-16T15:45:08","guid":{"rendered":"https:\/\/sharks.ee\/fedemark\/shop\/uncategorized\/mahutite-tooplatvorm\/"},"modified":"2017-07-31T13:20:04","modified_gmt":"2017-07-31T13:20:04","slug":"sailiotikkaat","status":"publish","type":"product","link":"https:\/\/fedemark.ee\/fi\/tuotteet\/erikois-ja-erikoistilauksesta-valmistettavat-tikkaat\/erikoistikkaat\/sailiotikkaat\/","title":{"rendered":"S\u00e4ili\u00f6tikkaat"},"content":{"rendered":"","protected":false},"excerpt":{"rendered":"<p><em>Voivat olla kiinte\u00e4t tai teleskooppitikkaat 2,89\u22127 m<\/em><\/p>\n<p>Tarkoitetut erityisesti mukavan p\u00e4\u00e4syn varmistamiseen s\u00e4ili\u00f6ihin tai kattiloihin.<br \/>\nTikkaillamme voi olla suuri ulottuvuus loistavan ulottuvuuden ja painon v\u00e4lisen tasapainon ansiosta.<br \/>\nTikkaiden viemiseen s\u00e4ili\u00f6n luo niiden kehys tulee asettaa kuoma-auton alle.<\/p>\n<p>Teleskooppitasannej\u00e4rjestelm\u00e4ns\u00e4 ansiosta ne sopivat t\u00f6iden suorittamiseen eri korkeuksilla.<br \/>\nNe voi nostaa ja laskea eritt\u00e4in helposti ja tehokkaasti sujuvan vinssin avulla.<\/p>\n<p>Tasanteen minimikorkeus on 289 cm ja maksimikorkeus 700 cm.<br \/>\nMaalattu ter\u00e4skehys pitelee eritt\u00e4in kest\u00e4vi\u00e4 alumiinitikkaita, joilla on kaikilla sivuilla suoja- ja varvaslaudat.<\/p>\n<p>VAKIOVARUSTEET<br \/>\n\u2022\u00a0S\u00e4\u00e4dett\u00e4v\u00e4 korkeus 2,89\u22127 m (eri mallit)<br \/>\n\u2022\u00a0Ter\u00e4skehys 2 s\u00e4\u00e4dett\u00e4v\u00e4ll\u00e4 vakaajalla<br \/>\n\u2022 2 py\u00f6riv\u00e4\u00e4, pistonkest\u00e4v\u00e4\u00e4 ja jarruilla varustettua py\u00f6r\u00e4\u00e4 ja 2 kiinte\u00e4\u00e4 py\u00f6r\u00e4\u00e4 (l\u00e4pimitta 255 mm)<br \/>\n\u2022\u00a0Nosto k\u00e4sivinssill\u00e4<br \/>\n\u2022 Turvakoukut nostamisen pys\u00e4ytt\u00e4miseen mill\u00e4 korkeudella tahansa<br \/>\n\u2022\u00a0K\u00e4sipuut tikkaiden molemmin puolin<br \/>\n\u2022 Kuljetuskahvat alla<br \/>\n\u2022\u00a0Alumiinitasanne varvaslautoineen ja suojakaiteineen (1 m)<br \/>\n\u2022\u00a0Tarrat ja ohjeet<br \/>\n\u2022\u00a0CE-sertifikaatti<\/p>\n<p>TELESKOOPPIMALLI<br \/>\nS\u00c4ILI\u00d6TIKKAAT, PIENET, tason korkeus 2,89\u20134,41 m<br \/>\nS\u00c4ILI\u00d6TIKKAAT, KESKIKOKOISET, tason korkeus 3,15\u20134,91 m<br \/>\nS\u00c4ILI\u00d6TIKKAAT, ISOT, tason korkeus 3,40\u20135.41 m<br \/>\nS\u00c4ILI\u00d6TIKKAAT MAXI, tason korkeus &gt; 5,50 m (enint. 7 m)<\/p>\n<p>KIINTE\u00c4 MALLI<br \/>\nS\u00c4ILI\u00d6TIKKAAT (tason korkeus 2,35 ja 3,50 m)<br \/>\nS\u00c4ILI\u00d6TIKKAAT (tason korkeus 3,51 ja 4,30 m)<\/p>\n<p><strong>MAHDOLLISTA TILATA<\/strong><br \/>\nSUOJAKAITEEN KORI 1,20&#215;1,20 m<br \/>\nSUOJAKORI TIKKAILLA<br \/>\nVETOTANKO HINAAMISTA VARTEN JA ERITYISET ILMARENKAAT, JOIDEN L\u00c4PIMITTA ON 400 mm<br \/>\nS\u00c4ILI\u00d6TIKKAAT PER\u00c4VAUNULLE<br \/>\nKORIN KATTO SUOJAKSI AURINGOLTA JA SATEELTA<br \/>\nLATTEAT ASKELMAT KIINTEILLE TIKKAILLE<br \/>\nLEVE\u00c4T LAATAT 2 VAKAAJALLE (pehme\u00e4lle maaper\u00e4lle)<br \/>\n2 LIS\u00c4VAKAAJAA TAAKSE (2 ETUPUOLELLA OLEVAA KUULUU VAKIOVARUSTUKSEEN)<br \/>\nTURVAKETJU TASON SIS\u00c4\u00c4NP\u00c4\u00c4SYYN<br \/>\nMAANPINNALLE ASENNETTAVA SIS\u00c4\u00c4NP\u00c4\u00c4SYPORTTI (EST\u00c4M\u00c4\u00c4N P\u00c4\u00c4SY NIILT\u00c4, JOILLA EI OLE SIIHEN LUPAA)<br \/>\nETUPUOLEN ULOSP\u00c4\u00c4SYPORTTI TASANTEELLA (S\u00c4ILI\u00d6\u00d6N P\u00c4\u00c4SEMISEEN)<br \/>\nERITYISEN PITK\u00c4 TASANNE, 1,60 m<br \/>\nULKORAJAPUTKET TURVAHIHNAN LIITT\u00c4MISEEN<\/p>\n","protected":false},"featured_media":6704,"comment_status":"open","ping_status":"closed","template":"","meta":{"footnotes":""},"product_cat":[198,199],"product_tag":[],"yoast_head":"<!-- This site is optimized with the Yoast SEO plugin v22.6 - https:\/\/yoast.com\/wordpress\/plugins\/seo\/ -->\n<title>S\u00e4ili\u00f6tikkaat - Fedemark<\/title>\n<meta name=\"robots\" content=\"index, follow, max-snippet:-1, max-image-preview:large, max-video-preview:-1\" \/>\n<link rel=\"canonical\" href=\"https:\/\/fedemark.ee\/fi\/tuotteet\/erikois-ja-erikoistilauksesta-valmistettavat-tikkaat\/erikoistikkaat\/sailiotikkaat\/\" \/>\n<meta property=\"og:locale\" content=\"fi_FI\" \/>\n<meta property=\"og:type\" content=\"article\" \/>\n<meta property=\"og:title\" content=\"S\u00e4ili\u00f6tikkaat - Fedemark\" \/>\n<meta property=\"og:description\" content=\"Voivat olla kiinte\u00e4t tai teleskooppitikkaat 2,89\u22127 m  Tarkoitetut erityisesti mukavan p\u00e4\u00e4syn varmistamiseen s\u00e4ili\u00f6ihin tai kattiloihin. Tikkaillamme voi olla suuri ulottuvuus loistavan ulottuvuuden ja painon v\u00e4lisen tasapainon ansiosta. Tikkaiden viemiseen s\u00e4ili\u00f6n luo niiden kehys tulee asettaa kuoma-auton alle.  Teleskooppitasannej\u00e4rjestelm\u00e4ns\u00e4 ansiosta ne sopivat t\u00f6iden suorittamiseen eri korkeuksilla. Ne voi nostaa ja laskea eritt\u00e4in helposti ja tehokkaasti sujuvan vinssin avulla.  Tasanteen minimikorkeus on 289 cm ja maksimikorkeus 700 cm. Maalattu ter\u00e4skehys pitelee eritt\u00e4in kest\u00e4vi\u00e4 alumiinitikkaita, joilla on kaikilla sivuilla suoja- ja varvaslaudat.  VAKIOVARUSTEET \u2022\u00a0S\u00e4\u00e4dett\u00e4v\u00e4 korkeus 2,89\u22127 m (eri mallit) \u2022\u00a0Ter\u00e4skehys 2 s\u00e4\u00e4dett\u00e4v\u00e4ll\u00e4 vakaajalla \u2022 2 py\u00f6riv\u00e4\u00e4, pistonkest\u00e4v\u00e4\u00e4 ja jarruilla varustettua py\u00f6r\u00e4\u00e4 ja 2 kiinte\u00e4\u00e4 py\u00f6r\u00e4\u00e4 (l\u00e4pimitta 255 mm) \u2022\u00a0Nosto k\u00e4sivinssill\u00e4 \u2022 Turvakoukut nostamisen pys\u00e4ytt\u00e4miseen mill\u00e4 korkeudella tahansa \u2022\u00a0K\u00e4sipuut tikkaiden molemmin puolin \u2022 Kuljetuskahvat alla \u2022\u00a0Alumiinitasanne varvaslautoineen ja suojakaiteineen (1 m) \u2022\u00a0Tarrat ja ohjeet \u2022\u00a0CE-sertifikaatti  TELESKOOPPIMALLI S\u00c4ILI\u00d6TIKKAAT, PIENET, tason korkeus 2,89\u20134,41 m S\u00c4ILI\u00d6TIKKAAT, KESKIKOKOISET, tason korkeus 3,15\u20134,91 m S\u00c4ILI\u00d6TIKKAAT, ISOT, tason korkeus 3,40\u20135.41 m S\u00c4ILI\u00d6TIKKAAT MAXI, tason korkeus &gt; 5,50 m (enint. 7 m)  KIINTE\u00c4 MALLI S\u00c4ILI\u00d6TIKKAAT (tason korkeus 2,35 ja 3,50 m) S\u00c4ILI\u00d6TIKKAAT (tason korkeus 3,51 ja 4,30 m)  MAHDOLLISTA TILATA SUOJAKAITEEN KORI 1,20x1,20 m SUOJAKORI TIKKAILLA VETOTANKO HINAAMISTA VARTEN JA ERITYISET ILMARENKAAT, JOIDEN L\u00c4PIMITTA ON 400 mm S\u00c4ILI\u00d6TIKKAAT PER\u00c4VAUNULLE KORIN KATTO SUOJAKSI AURINGOLTA JA SATEELTA LATTEAT ASKELMAT KIINTEILLE TIKKAILLE LEVE\u00c4T LAATAT 2 VAKAAJALLE (pehme\u00e4lle maaper\u00e4lle) 2 LIS\u00c4VAKAAJAA TAAKSE (2 ETUPUOLELLA OLEVAA KUULUU VAKIOVARUSTUKSEEN) TURVAKETJU TASON SIS\u00c4\u00c4NP\u00c4\u00c4SYYN MAANPINNALLE ASENNETTAVA SIS\u00c4\u00c4NP\u00c4\u00c4SYPORTTI (EST\u00c4M\u00c4\u00c4N P\u00c4\u00c4SY NIILT\u00c4, JOILLA EI OLE SIIHEN LUPAA) ETUPUOLEN ULOSP\u00c4\u00c4SYPORTTI TASANTEELLA (S\u00c4ILI\u00d6\u00d6N P\u00c4\u00c4SEMISEEN) ERITYISEN PITK\u00c4 TASANNE, 1,60 m ULKORAJAPUTKET TURVAHIHNAN LIITT\u00c4MISEEN\" \/>\n<meta property=\"og:url\" content=\"https:\/\/fedemark.ee\/fi\/tuotteet\/erikois-ja-erikoistilauksesta-valmistettavat-tikkaat\/erikoistikkaat\/sailiotikkaat\/\" \/>\n<meta property=\"og:site_name\" content=\"Fedemark\" \/>\n<meta property=\"article:modified_time\" content=\"2017-07-31T13:20:04+00:00\" \/>\n<meta property=\"og:image\" content=\"https:\/\/fedemark.ee\/wp-content\/uploads\/2017\/06\/tank-ladder.jpg\" \/>\n\t<meta property=\"og:image:width\" content=\"2326\" \/>\n\t<meta property=\"og:image:height\" content=\"2747\" \/>\n\t<meta property=\"og:image:type\" content=\"image\/jpeg\" \/>\n<meta name=\"twitter:card\" content=\"summary_large_image\" \/>\n<script type=\"application\/ld+json\" class=\"yoast-schema-graph\">{\"@context\":\"https:\/\/schema.org\",\"@graph\":[{\"@type\":\"WebPage\",\"@id\":\"https:\/\/fedemark.ee\/fi\/tuotteet\/erikois-ja-erikoistilauksesta-valmistettavat-tikkaat\/erikoistikkaat\/sailiotikkaat\/\",\"url\":\"https:\/\/fedemark.ee\/fi\/tuotteet\/erikois-ja-erikoistilauksesta-valmistettavat-tikkaat\/erikoistikkaat\/sailiotikkaat\/\",\"name\":\"S\u00e4ili\u00f6tikkaat - Fedemark\",\"isPartOf\":{\"@id\":\"https:\/\/fedemark.ee\/#website\"},\"primaryImageOfPage\":{\"@id\":\"https:\/\/fedemark.ee\/fi\/tuotteet\/erikois-ja-erikoistilauksesta-valmistettavat-tikkaat\/erikoistikkaat\/sailiotikkaat\/#primaryimage\"},\"image\":{\"@id\":\"https:\/\/fedemark.ee\/fi\/tuotteet\/erikois-ja-erikoistilauksesta-valmistettavat-tikkaat\/erikoistikkaat\/sailiotikkaat\/#primaryimage\"},\"thumbnailUrl\":\"https:\/\/fedemark.ee\/wp-content\/uploads\/2017\/06\/tank-ladder.jpg\",\"datePublished\":\"2017-06-16T15:45:08+00:00\",\"dateModified\":\"2017-07-31T13:20:04+00:00\",\"breadcrumb\":{\"@id\":\"https:\/\/fedemark.ee\/fi\/tuotteet\/erikois-ja-erikoistilauksesta-valmistettavat-tikkaat\/erikoistikkaat\/sailiotikkaat\/#breadcrumb\"},\"inLanguage\":\"fi-FI\",\"potentialAction\":[{\"@type\":\"ReadAction\",\"target\":[\"https:\/\/fedemark.ee\/fi\/tuotteet\/erikois-ja-erikoistilauksesta-valmistettavat-tikkaat\/erikoistikkaat\/sailiotikkaat\/\"]}]},{\"@type\":\"ImageObject\",\"inLanguage\":\"fi-FI\",\"@id\":\"https:\/\/fedemark.ee\/fi\/tuotteet\/erikois-ja-erikoistilauksesta-valmistettavat-tikkaat\/erikoistikkaat\/sailiotikkaat\/#primaryimage\",\"url\":\"https:\/\/fedemark.ee\/wp-content\/uploads\/2017\/06\/tank-ladder.jpg\",\"contentUrl\":\"https:\/\/fedemark.ee\/wp-content\/uploads\/2017\/06\/tank-ladder.jpg\",\"width\":2326,\"height\":2747},{\"@type\":\"BreadcrumbList\",\"@id\":\"https:\/\/fedemark.ee\/fi\/tuotteet\/erikois-ja-erikoistilauksesta-valmistettavat-tikkaat\/erikoistikkaat\/sailiotikkaat\/#breadcrumb\",\"itemListElement\":[{\"@type\":\"ListItem\",\"position\":1,\"name\":\"Home\",\"item\":\"https:\/\/fedemark.ee\/fi\/\"},{\"@type\":\"ListItem\",\"position\":2,\"name\":\"Tuotteet\",\"item\":\"https:\/\/fedemark.ee\/fi\/tuotteet\/\"},{\"@type\":\"ListItem\",\"position\":3,\"name\":\"S\u00e4ili\u00f6tikkaat\"}]},{\"@type\":\"WebSite\",\"@id\":\"https:\/\/fedemark.ee\/#website\",\"url\":\"https:\/\/fedemark.ee\/\",\"name\":\"Fedemark\",\"description\":\"Redelid, Tellingud, T\u00f6\u00f6platvormid ja vahekorrused\",\"potentialAction\":[{\"@type\":\"SearchAction\",\"target\":{\"@type\":\"EntryPoint\",\"urlTemplate\":\"https:\/\/fedemark.ee\/?s={search_term_string}\"},\"query-input\":\"required name=search_term_string\"}],\"inLanguage\":\"fi-FI\"}]}<\/script>\n<!-- \/ Yoast SEO plugin. -->","yoast_head_json":{"title":"S\u00e4ili\u00f6tikkaat - Fedemark","robots":{"index":"index","follow":"follow","max-snippet":"max-snippet:-1","max-image-preview":"max-image-preview:large","max-video-preview":"max-video-preview:-1"},"canonical":"https:\/\/fedemark.ee\/fi\/tuotteet\/erikois-ja-erikoistilauksesta-valmistettavat-tikkaat\/erikoistikkaat\/sailiotikkaat\/","og_locale":"fi_FI","og_type":"article","og_title":"S\u00e4ili\u00f6tikkaat - Fedemark","og_description":"Voivat olla kiinte\u00e4t tai teleskooppitikkaat 2,89\u22127 m  Tarkoitetut erityisesti mukavan p\u00e4\u00e4syn varmistamiseen s\u00e4ili\u00f6ihin tai kattiloihin. Tikkaillamme voi olla suuri ulottuvuus loistavan ulottuvuuden ja painon v\u00e4lisen tasapainon ansiosta. Tikkaiden viemiseen s\u00e4ili\u00f6n luo niiden kehys tulee asettaa kuoma-auton alle.  Teleskooppitasannej\u00e4rjestelm\u00e4ns\u00e4 ansiosta ne sopivat t\u00f6iden suorittamiseen eri korkeuksilla. Ne voi nostaa ja laskea eritt\u00e4in helposti ja tehokkaasti sujuvan vinssin avulla.  Tasanteen minimikorkeus on 289 cm ja maksimikorkeus 700 cm. Maalattu ter\u00e4skehys pitelee eritt\u00e4in kest\u00e4vi\u00e4 alumiinitikkaita, joilla on kaikilla sivuilla suoja- ja varvaslaudat.  VAKIOVARUSTEET \u2022\u00a0S\u00e4\u00e4dett\u00e4v\u00e4 korkeus 2,89\u22127 m (eri mallit) \u2022\u00a0Ter\u00e4skehys 2 s\u00e4\u00e4dett\u00e4v\u00e4ll\u00e4 vakaajalla \u2022 2 py\u00f6riv\u00e4\u00e4, pistonkest\u00e4v\u00e4\u00e4 ja jarruilla varustettua py\u00f6r\u00e4\u00e4 ja 2 kiinte\u00e4\u00e4 py\u00f6r\u00e4\u00e4 (l\u00e4pimitta 255 mm) \u2022\u00a0Nosto k\u00e4sivinssill\u00e4 \u2022 Turvakoukut nostamisen pys\u00e4ytt\u00e4miseen mill\u00e4 korkeudella tahansa \u2022\u00a0K\u00e4sipuut tikkaiden molemmin puolin \u2022 Kuljetuskahvat alla \u2022\u00a0Alumiinitasanne varvaslautoineen ja suojakaiteineen (1 m) \u2022\u00a0Tarrat ja ohjeet \u2022\u00a0CE-sertifikaatti  TELESKOOPPIMALLI S\u00c4ILI\u00d6TIKKAAT, PIENET, tason korkeus 2,89\u20134,41 m S\u00c4ILI\u00d6TIKKAAT, KESKIKOKOISET, tason korkeus 3,15\u20134,91 m S\u00c4ILI\u00d6TIKKAAT, ISOT, tason korkeus 3,40\u20135.41 m S\u00c4ILI\u00d6TIKKAAT MAXI, tason korkeus &gt; 5,50 m (enint. 7 m)  KIINTE\u00c4 MALLI S\u00c4ILI\u00d6TIKKAAT (tason korkeus 2,35 ja 3,50 m) S\u00c4ILI\u00d6TIKKAAT (tason korkeus 3,51 ja 4,30 m)  MAHDOLLISTA TILATA SUOJAKAITEEN KORI 1,20x1,20 m SUOJAKORI TIKKAILLA VETOTANKO HINAAMISTA VARTEN JA ERITYISET ILMARENKAAT, JOIDEN L\u00c4PIMITTA ON 400 mm S\u00c4ILI\u00d6TIKKAAT PER\u00c4VAUNULLE KORIN KATTO SUOJAKSI AURINGOLTA JA SATEELTA LATTEAT ASKELMAT KIINTEILLE TIKKAILLE LEVE\u00c4T LAATAT 2 VAKAAJALLE (pehme\u00e4lle maaper\u00e4lle) 2 LIS\u00c4VAKAAJAA TAAKSE (2 ETUPUOLELLA OLEVAA KUULUU VAKIOVARUSTUKSEEN) TURVAKETJU TASON SIS\u00c4\u00c4NP\u00c4\u00c4SYYN MAANPINNALLE ASENNETTAVA SIS\u00c4\u00c4NP\u00c4\u00c4SYPORTTI (EST\u00c4M\u00c4\u00c4N P\u00c4\u00c4SY NIILT\u00c4, JOILLA EI OLE SIIHEN LUPAA) ETUPUOLEN ULOSP\u00c4\u00c4SYPORTTI TASANTEELLA (S\u00c4ILI\u00d6\u00d6N P\u00c4\u00c4SEMISEEN) ERITYISEN PITK\u00c4 TASANNE, 1,60 m ULKORAJAPUTKET TURVAHIHNAN LIITT\u00c4MISEEN","og_url":"https:\/\/fedemark.ee\/fi\/tuotteet\/erikois-ja-erikoistilauksesta-valmistettavat-tikkaat\/erikoistikkaat\/sailiotikkaat\/","og_site_name":"Fedemark","article_modified_time":"2017-07-31T13:20:04+00:00","og_image":[{"width":2326,"height":2747,"url":"https:\/\/fedemark.ee\/wp-content\/uploads\/2017\/06\/tank-ladder.jpg","type":"image\/jpeg"}],"twitter_card":"summary_large_image","schema":{"@context":"https:\/\/schema.org","@graph":[{"@type":"WebPage","@id":"https:\/\/fedemark.ee\/fi\/tuotteet\/erikois-ja-erikoistilauksesta-valmistettavat-tikkaat\/erikoistikkaat\/sailiotikkaat\/","url":"https:\/\/fedemark.ee\/fi\/tuotteet\/erikois-ja-erikoistilauksesta-valmistettavat-tikkaat\/erikoistikkaat\/sailiotikkaat\/","name":"S\u00e4ili\u00f6tikkaat - Fedemark","isPartOf":{"@id":"https:\/\/fedemark.ee\/#website"},"primaryImageOfPage":{"@id":"https:\/\/fedemark.ee\/fi\/tuotteet\/erikois-ja-erikoistilauksesta-valmistettavat-tikkaat\/erikoistikkaat\/sailiotikkaat\/#primaryimage"},"image":{"@id":"https:\/\/fedemark.ee\/fi\/tuotteet\/erikois-ja-erikoistilauksesta-valmistettavat-tikkaat\/erikoistikkaat\/sailiotikkaat\/#primaryimage"},"thumbnailUrl":"https:\/\/fedemark.ee\/wp-content\/uploads\/2017\/06\/tank-ladder.jpg","datePublished":"2017-06-16T15:45:08+00:00","dateModified":"2017-07-31T13:20:04+00:00","breadcrumb":{"@id":"https:\/\/fedemark.ee\/fi\/tuotteet\/erikois-ja-erikoistilauksesta-valmistettavat-tikkaat\/erikoistikkaat\/sailiotikkaat\/#breadcrumb"},"inLanguage":"fi-FI","potentialAction":[{"@type":"ReadAction","target":["https:\/\/fedemark.ee\/fi\/tuotteet\/erikois-ja-erikoistilauksesta-valmistettavat-tikkaat\/erikoistikkaat\/sailiotikkaat\/"]}]},{"@type":"ImageObject","inLanguage":"fi-FI","@id":"https:\/\/fedemark.ee\/fi\/tuotteet\/erikois-ja-erikoistilauksesta-valmistettavat-tikkaat\/erikoistikkaat\/sailiotikkaat\/#primaryimage","url":"https:\/\/fedemark.ee\/wp-content\/uploads\/2017\/06\/tank-ladder.jpg","contentUrl":"https:\/\/fedemark.ee\/wp-content\/uploads\/2017\/06\/tank-ladder.jpg","width":2326,"height":2747},{"@type":"BreadcrumbList","@id":"https:\/\/fedemark.ee\/fi\/tuotteet\/erikois-ja-erikoistilauksesta-valmistettavat-tikkaat\/erikoistikkaat\/sailiotikkaat\/#breadcrumb","itemListElement":[{"@type":"ListItem","position":1,"name":"Home","item":"https:\/\/fedemark.ee\/fi\/"},{"@type":"ListItem","position":2,"name":"Tuotteet","item":"https:\/\/fedemark.ee\/fi\/tuotteet\/"},{"@type":"ListItem","position":3,"name":"S\u00e4ili\u00f6tikkaat"}]},{"@type":"WebSite","@id":"https:\/\/fedemark.ee\/#website","url":"https:\/\/fedemark.ee\/","name":"Fedemark","description":"Redelid, Tellingud, T\u00f6\u00f6platvormid ja vahekorrused","potentialAction":[{"@type":"SearchAction","target":{"@type":"EntryPoint","urlTemplate":"https:\/\/fedemark.ee\/?s={search_term_string}"},"query-input":"required name=search_term_string"}],"inLanguage":"fi-FI"}]}},"_links":{"self":[{"href":"https:\/\/fedemark.ee\/fi\/wp-json\/wp\/v2\/product\/7417"}],"collection":[{"href":"https:\/\/fedemark.ee\/fi\/wp-json\/wp\/v2\/product"}],"about":[{"href":"https:\/\/fedemark.ee\/fi\/wp-json\/wp\/v2\/types\/product"}],"replies":[{"embeddable":true,"href":"https:\/\/fedemark.ee\/fi\/wp-json\/wp\/v2\/comments?post=7417"}],"version-history":[{"count":0,"href":"https:\/\/fedemark.ee\/fi\/wp-json\/wp\/v2\/product\/7417\/revisions"}],"wp:featuredmedia":[{"embeddable":true,"href":"https:\/\/fedemark.ee\/fi\/wp-json\/wp\/v2\/media\/6704"}],"wp:attachment":[{"href":"https:\/\/fedemark.ee\/fi\/wp-json\/wp\/v2\/media?parent=7417"}],"wp:term":[{"taxonomy":"product_cat","embeddable":true,"href":"https:\/\/fedemark.ee\/fi\/wp-json\/wp\/v2\/product_cat?post=7417"},{"taxonomy":"product_tag","embeddable":true,"href":"https:\/\/fedemark.ee\/fi\/wp-json\/wp\/v2\/product_tag?post=7417"}],"curies":[{"name":"wp","href":"https:\/\/api.w.org\/{rel}","templated":true}]}}