{"id":7418,"date":"2017-06-16T15:48:19","date_gmt":"2017-06-16T15:48:19","guid":{"rendered":"https:\/\/sharks.ee\/fedemark\/shop\/uncategorized\/teleskoopiline-laotooplatvorm\/"},"modified":"2017-07-31T13:21:01","modified_gmt":"2017-07-31T13:21:01","slug":"teleskooppitikkaat-varastoon-korkeus-saadettavissa","status":"publish","type":"product","link":"https:\/\/fedemark.ee\/fi\/tuotteet\/erikois-ja-erikoistilauksesta-valmistettavat-tikkaat\/erikoistikkaat\/teleskooppitikkaat-varastoon-korkeus-saadettavissa\/","title":{"rendered":"Teleskooppitikkaat varastoon, korkeus s\u00e4\u00e4dett\u00e4viss\u00e4"},"content":{"rendered":"","protected":false},"excerpt":{"rendered":"<p><em>Hyvin ulottuva, iso ty\u00f6taso<\/em><\/p>\n<p>Sopivat teleskooppitasannej\u00e4rjestelm\u00e4ns\u00e4 vuoksi ty\u00f6 suorittamiseen eri korkeuksissa.<br \/>\nT\u00e4t\u00e4 voi nostaa ja laskea eritt\u00e4in helposti ja tehokkaasti sujuvan vinssin avulla.<\/p>\n<p>Tasanteen minimikorkeus on 80 cm ja maksimikorkeus 300 cm.<br \/>\nMaalattu ter\u00e4skehys pitelee eritt\u00e4in kest\u00e4vi\u00e4 alumiinitikkaita, joilla on kaikilla sivuilla suoja- ja varvaslaudat.<\/p>\n<p>VAKIOVARUSTEET<br \/>\n\u2022\u00a0S\u00e4\u00e4dett\u00e4v\u00e4 korkeus 0,80\u22123,00 m<br \/>\n\u2022\u00a0Ter\u00e4skehys 4 s\u00e4\u00e4dett\u00e4v\u00e4ll\u00e4 vakaajalla sek\u00e4 4 jarrullista py\u00f6r\u00e4\u00e4 (2 niist\u00e4 on py\u00f6rivi\u00e4 py\u00f6ri\u00e4)<br \/>\n\u2022\u00a0Py\u00f6r\u00e4n l\u00e4pimitta 200 mm<br \/>\n\u2022\u00a0Nosto k\u00e4sivinssill\u00e4<br \/>\n\u2022\u00a02 turvakoukkua noston pys\u00e4ytt\u00e4miseen miss\u00e4 korkeudessa tahansa<br \/>\n\u2022\u00a0K\u00e4sipuut tikkaiden kummallakin puolella<br \/>\n\u2022\u00a0Alumiinitasanne varvaslautoineen ja suojakaiteineen (1 m)<br \/>\n\u2022\u00a0Tarrat ja ohjeet<br \/>\n\u2022\u00a0CE-sertifikaatti<\/p>\n<p>ERI KOOT TILAUKSESTA<\/p>\n<p>TEKNISET OMINAISUUDET<\/p>\n<p>\u2022\u00a0Tasanteen maksimikorkeus: 2,99 m<br \/>\n\u2022\u00a0Tasanteen minimikorkeus: 0,83 m<br \/>\n\u2022\u00a0Kokonaiskorkeus: 4,00 m<br \/>\n\u2022\u00a0Kehyksen leveys: 0,85 m<br \/>\n\u2022\u00a0Leveys tukijalkojen kanssa: 1,60 m<br \/>\n\u2022\u00a0Kehyksen pituus: 2,00 m<br \/>\n\u2022\u00a0Tasanteen mitat: 1,40 x 0,85 m<br \/>\n\u2022\u00a0Varvaslaudan korkeus: 150 mm<br \/>\n\u2022\u00a0Suojakaiteen korkeus: 1 m<br \/>\n\u2022\u00a0Etupy\u00f6r\u00e4n l\u00e4pimitta: 200 mm. Kumiset py\u00f6riv\u00e4t py\u00f6r\u00e4t jarruineen<br \/>\n\u2022\u00a0Takapy\u00f6r\u00e4n l\u00e4pimitta: 200 mm.\u00a0Kumiset py\u00f6riv\u00e4t py\u00f6r\u00e4t asettimen kera<br \/>\n\u2022\u00a0Kuljetusmitat: pituus 5 m &#8211; leveys 1 m &#8211; korkeus 2,5 m<br \/>\n\u2022\u00a0Kantavuus: 150 kg (yksi henkil\u00f6)<br \/>\n\u2022\u00a0Kokonaispaino: 270 kg<\/p>\n","protected":false},"featured_media":6765,"comment_status":"open","ping_status":"closed","template":"","meta":{"footnotes":""},"product_cat":[198,199],"product_tag":[],"yoast_head":"<!-- This site is optimized with the Yoast SEO plugin v22.6 - https:\/\/yoast.com\/wordpress\/plugins\/seo\/ -->\n<title>Teleskooppitikkaat varastoon, korkeus s\u00e4\u00e4dett\u00e4viss\u00e4 - Fedemark<\/title>\n<meta name=\"robots\" content=\"index, follow, max-snippet:-1, max-image-preview:large, max-video-preview:-1\" \/>\n<link rel=\"canonical\" href=\"https:\/\/fedemark.ee\/fi\/tuotteet\/erikois-ja-erikoistilauksesta-valmistettavat-tikkaat\/erikoistikkaat\/teleskooppitikkaat-varastoon-korkeus-saadettavissa\/\" \/>\n<meta property=\"og:locale\" content=\"fi_FI\" \/>\n<meta property=\"og:type\" content=\"article\" \/>\n<meta property=\"og:title\" content=\"Teleskooppitikkaat varastoon, korkeus s\u00e4\u00e4dett\u00e4viss\u00e4 - Fedemark\" \/>\n<meta property=\"og:description\" content=\"Hyvin ulottuva, iso ty\u00f6taso  Sopivat teleskooppitasannej\u00e4rjestelm\u00e4ns\u00e4 vuoksi ty\u00f6 suorittamiseen eri korkeuksissa. T\u00e4t\u00e4 voi nostaa ja laskea eritt\u00e4in helposti ja tehokkaasti sujuvan vinssin avulla.  Tasanteen minimikorkeus on 80 cm ja maksimikorkeus 300 cm. Maalattu ter\u00e4skehys pitelee eritt\u00e4in kest\u00e4vi\u00e4 alumiinitikkaita, joilla on kaikilla sivuilla suoja- ja varvaslaudat.  VAKIOVARUSTEET \u2022\u00a0S\u00e4\u00e4dett\u00e4v\u00e4 korkeus 0,80\u22123,00 m \u2022\u00a0Ter\u00e4skehys 4 s\u00e4\u00e4dett\u00e4v\u00e4ll\u00e4 vakaajalla sek\u00e4 4 jarrullista py\u00f6r\u00e4\u00e4 (2 niist\u00e4 on py\u00f6rivi\u00e4 py\u00f6ri\u00e4) \u2022\u00a0Py\u00f6r\u00e4n l\u00e4pimitta 200 mm \u2022\u00a0Nosto k\u00e4sivinssill\u00e4 \u2022\u00a02 turvakoukkua noston pys\u00e4ytt\u00e4miseen miss\u00e4 korkeudessa tahansa \u2022\u00a0K\u00e4sipuut tikkaiden kummallakin puolella \u2022\u00a0Alumiinitasanne varvaslautoineen ja suojakaiteineen (1 m) \u2022\u00a0Tarrat ja ohjeet \u2022\u00a0CE-sertifikaatti  ERI KOOT TILAUKSESTA  TEKNISET OMINAISUUDET  \u2022\u00a0Tasanteen maksimikorkeus: 2,99 m \u2022\u00a0Tasanteen minimikorkeus: 0,83 m \u2022\u00a0Kokonaiskorkeus: 4,00 m \u2022\u00a0Kehyksen leveys: 0,85 m \u2022\u00a0Leveys tukijalkojen kanssa: 1,60 m \u2022\u00a0Kehyksen pituus: 2,00 m \u2022\u00a0Tasanteen mitat: 1,40 x 0,85 m \u2022\u00a0Varvaslaudan korkeus: 150 mm \u2022\u00a0Suojakaiteen korkeus: 1 m \u2022\u00a0Etupy\u00f6r\u00e4n l\u00e4pimitta: 200 mm. Kumiset py\u00f6riv\u00e4t py\u00f6r\u00e4t jarruineen \u2022\u00a0Takapy\u00f6r\u00e4n l\u00e4pimitta: 200 mm.\u00a0Kumiset py\u00f6riv\u00e4t py\u00f6r\u00e4t asettimen kera \u2022\u00a0Kuljetusmitat: pituus 5 m - leveys 1 m - korkeus 2,5 m \u2022\u00a0Kantavuus: 150 kg (yksi henkil\u00f6) \u2022\u00a0Kokonaispaino: 270 kg\" \/>\n<meta property=\"og:url\" content=\"https:\/\/fedemark.ee\/fi\/tuotteet\/erikois-ja-erikoistilauksesta-valmistettavat-tikkaat\/erikoistikkaat\/teleskooppitikkaat-varastoon-korkeus-saadettavissa\/\" \/>\n<meta property=\"og:site_name\" content=\"Fedemark\" \/>\n<meta property=\"article:modified_time\" content=\"2017-07-31T13:21:01+00:00\" \/>\n<meta property=\"og:image\" content=\"https:\/\/fedemark.ee\/wp-content\/uploads\/2017\/06\/telescopic-warehouse-ladder.jpg\" \/>\n\t<meta property=\"og:image:width\" content=\"2753\" \/>\n\t<meta property=\"og:image:height\" content=\"2151\" \/>\n\t<meta property=\"og:image:type\" content=\"image\/jpeg\" \/>\n<meta name=\"twitter:card\" content=\"summary_large_image\" \/>\n<script type=\"application\/ld+json\" class=\"yoast-schema-graph\">{\"@context\":\"https:\/\/schema.org\",\"@graph\":[{\"@type\":\"WebPage\",\"@id\":\"https:\/\/fedemark.ee\/fi\/tuotteet\/erikois-ja-erikoistilauksesta-valmistettavat-tikkaat\/erikoistikkaat\/teleskooppitikkaat-varastoon-korkeus-saadettavissa\/\",\"url\":\"https:\/\/fedemark.ee\/fi\/tuotteet\/erikois-ja-erikoistilauksesta-valmistettavat-tikkaat\/erikoistikkaat\/teleskooppitikkaat-varastoon-korkeus-saadettavissa\/\",\"name\":\"Teleskooppitikkaat varastoon, korkeus s\u00e4\u00e4dett\u00e4viss\u00e4 - Fedemark\",\"isPartOf\":{\"@id\":\"https:\/\/fedemark.ee\/#website\"},\"primaryImageOfPage\":{\"@id\":\"https:\/\/fedemark.ee\/fi\/tuotteet\/erikois-ja-erikoistilauksesta-valmistettavat-tikkaat\/erikoistikkaat\/teleskooppitikkaat-varastoon-korkeus-saadettavissa\/#primaryimage\"},\"image\":{\"@id\":\"https:\/\/fedemark.ee\/fi\/tuotteet\/erikois-ja-erikoistilauksesta-valmistettavat-tikkaat\/erikoistikkaat\/teleskooppitikkaat-varastoon-korkeus-saadettavissa\/#primaryimage\"},\"thumbnailUrl\":\"https:\/\/fedemark.ee\/wp-content\/uploads\/2017\/06\/telescopic-warehouse-ladder.jpg\",\"datePublished\":\"2017-06-16T15:48:19+00:00\",\"dateModified\":\"2017-07-31T13:21:01+00:00\",\"breadcrumb\":{\"@id\":\"https:\/\/fedemark.ee\/fi\/tuotteet\/erikois-ja-erikoistilauksesta-valmistettavat-tikkaat\/erikoistikkaat\/teleskooppitikkaat-varastoon-korkeus-saadettavissa\/#breadcrumb\"},\"inLanguage\":\"fi-FI\",\"potentialAction\":[{\"@type\":\"ReadAction\",\"target\":[\"https:\/\/fedemark.ee\/fi\/tuotteet\/erikois-ja-erikoistilauksesta-valmistettavat-tikkaat\/erikoistikkaat\/teleskooppitikkaat-varastoon-korkeus-saadettavissa\/\"]}]},{\"@type\":\"ImageObject\",\"inLanguage\":\"fi-FI\",\"@id\":\"https:\/\/fedemark.ee\/fi\/tuotteet\/erikois-ja-erikoistilauksesta-valmistettavat-tikkaat\/erikoistikkaat\/teleskooppitikkaat-varastoon-korkeus-saadettavissa\/#primaryimage\",\"url\":\"https:\/\/fedemark.ee\/wp-content\/uploads\/2017\/06\/telescopic-warehouse-ladder.jpg\",\"contentUrl\":\"https:\/\/fedemark.ee\/wp-content\/uploads\/2017\/06\/telescopic-warehouse-ladder.jpg\",\"width\":2753,\"height\":2151},{\"@type\":\"BreadcrumbList\",\"@id\":\"https:\/\/fedemark.ee\/fi\/tuotteet\/erikois-ja-erikoistilauksesta-valmistettavat-tikkaat\/erikoistikkaat\/teleskooppitikkaat-varastoon-korkeus-saadettavissa\/#breadcrumb\",\"itemListElement\":[{\"@type\":\"ListItem\",\"position\":1,\"name\":\"Home\",\"item\":\"https:\/\/fedemark.ee\/fi\/\"},{\"@type\":\"ListItem\",\"position\":2,\"name\":\"Tuotteet\",\"item\":\"https:\/\/fedemark.ee\/fi\/tuotteet\/\"},{\"@type\":\"ListItem\",\"position\":3,\"name\":\"Teleskooppitikkaat varastoon, korkeus s\u00e4\u00e4dett\u00e4viss\u00e4\"}]},{\"@type\":\"WebSite\",\"@id\":\"https:\/\/fedemark.ee\/#website\",\"url\":\"https:\/\/fedemark.ee\/\",\"name\":\"Fedemark\",\"description\":\"Redelid, Tellingud, T\u00f6\u00f6platvormid ja vahekorrused\",\"potentialAction\":[{\"@type\":\"SearchAction\",\"target\":{\"@type\":\"EntryPoint\",\"urlTemplate\":\"https:\/\/fedemark.ee\/?s={search_term_string}\"},\"query-input\":\"required name=search_term_string\"}],\"inLanguage\":\"fi-FI\"}]}<\/script>\n<!-- \/ Yoast SEO plugin. -->","yoast_head_json":{"title":"Teleskooppitikkaat varastoon, korkeus s\u00e4\u00e4dett\u00e4viss\u00e4 - Fedemark","robots":{"index":"index","follow":"follow","max-snippet":"max-snippet:-1","max-image-preview":"max-image-preview:large","max-video-preview":"max-video-preview:-1"},"canonical":"https:\/\/fedemark.ee\/fi\/tuotteet\/erikois-ja-erikoistilauksesta-valmistettavat-tikkaat\/erikoistikkaat\/teleskooppitikkaat-varastoon-korkeus-saadettavissa\/","og_locale":"fi_FI","og_type":"article","og_title":"Teleskooppitikkaat varastoon, korkeus s\u00e4\u00e4dett\u00e4viss\u00e4 - Fedemark","og_description":"Hyvin ulottuva, iso ty\u00f6taso  Sopivat teleskooppitasannej\u00e4rjestelm\u00e4ns\u00e4 vuoksi ty\u00f6 suorittamiseen eri korkeuksissa. T\u00e4t\u00e4 voi nostaa ja laskea eritt\u00e4in helposti ja tehokkaasti sujuvan vinssin avulla.  Tasanteen minimikorkeus on 80 cm ja maksimikorkeus 300 cm. Maalattu ter\u00e4skehys pitelee eritt\u00e4in kest\u00e4vi\u00e4 alumiinitikkaita, joilla on kaikilla sivuilla suoja- ja varvaslaudat.  VAKIOVARUSTEET \u2022\u00a0S\u00e4\u00e4dett\u00e4v\u00e4 korkeus 0,80\u22123,00 m \u2022\u00a0Ter\u00e4skehys 4 s\u00e4\u00e4dett\u00e4v\u00e4ll\u00e4 vakaajalla sek\u00e4 4 jarrullista py\u00f6r\u00e4\u00e4 (2 niist\u00e4 on py\u00f6rivi\u00e4 py\u00f6ri\u00e4) \u2022\u00a0Py\u00f6r\u00e4n l\u00e4pimitta 200 mm \u2022\u00a0Nosto k\u00e4sivinssill\u00e4 \u2022\u00a02 turvakoukkua noston pys\u00e4ytt\u00e4miseen miss\u00e4 korkeudessa tahansa \u2022\u00a0K\u00e4sipuut tikkaiden kummallakin puolella \u2022\u00a0Alumiinitasanne varvaslautoineen ja suojakaiteineen (1 m) \u2022\u00a0Tarrat ja ohjeet \u2022\u00a0CE-sertifikaatti  ERI KOOT TILAUKSESTA  TEKNISET OMINAISUUDET  \u2022\u00a0Tasanteen maksimikorkeus: 2,99 m \u2022\u00a0Tasanteen minimikorkeus: 0,83 m \u2022\u00a0Kokonaiskorkeus: 4,00 m \u2022\u00a0Kehyksen leveys: 0,85 m \u2022\u00a0Leveys tukijalkojen kanssa: 1,60 m \u2022\u00a0Kehyksen pituus: 2,00 m \u2022\u00a0Tasanteen mitat: 1,40 x 0,85 m \u2022\u00a0Varvaslaudan korkeus: 150 mm \u2022\u00a0Suojakaiteen korkeus: 1 m \u2022\u00a0Etupy\u00f6r\u00e4n l\u00e4pimitta: 200 mm. Kumiset py\u00f6riv\u00e4t py\u00f6r\u00e4t jarruineen \u2022\u00a0Takapy\u00f6r\u00e4n l\u00e4pimitta: 200 mm.\u00a0Kumiset py\u00f6riv\u00e4t py\u00f6r\u00e4t asettimen kera \u2022\u00a0Kuljetusmitat: pituus 5 m - leveys 1 m - korkeus 2,5 m \u2022\u00a0Kantavuus: 150 kg (yksi henkil\u00f6) \u2022\u00a0Kokonaispaino: 270 kg","og_url":"https:\/\/fedemark.ee\/fi\/tuotteet\/erikois-ja-erikoistilauksesta-valmistettavat-tikkaat\/erikoistikkaat\/teleskooppitikkaat-varastoon-korkeus-saadettavissa\/","og_site_name":"Fedemark","article_modified_time":"2017-07-31T13:21:01+00:00","og_image":[{"width":2753,"height":2151,"url":"https:\/\/fedemark.ee\/wp-content\/uploads\/2017\/06\/telescopic-warehouse-ladder.jpg","type":"image\/jpeg"}],"twitter_card":"summary_large_image","schema":{"@context":"https:\/\/schema.org","@graph":[{"@type":"WebPage","@id":"https:\/\/fedemark.ee\/fi\/tuotteet\/erikois-ja-erikoistilauksesta-valmistettavat-tikkaat\/erikoistikkaat\/teleskooppitikkaat-varastoon-korkeus-saadettavissa\/","url":"https:\/\/fedemark.ee\/fi\/tuotteet\/erikois-ja-erikoistilauksesta-valmistettavat-tikkaat\/erikoistikkaat\/teleskooppitikkaat-varastoon-korkeus-saadettavissa\/","name":"Teleskooppitikkaat varastoon, korkeus s\u00e4\u00e4dett\u00e4viss\u00e4 - Fedemark","isPartOf":{"@id":"https:\/\/fedemark.ee\/#website"},"primaryImageOfPage":{"@id":"https:\/\/fedemark.ee\/fi\/tuotteet\/erikois-ja-erikoistilauksesta-valmistettavat-tikkaat\/erikoistikkaat\/teleskooppitikkaat-varastoon-korkeus-saadettavissa\/#primaryimage"},"image":{"@id":"https:\/\/fedemark.ee\/fi\/tuotteet\/erikois-ja-erikoistilauksesta-valmistettavat-tikkaat\/erikoistikkaat\/teleskooppitikkaat-varastoon-korkeus-saadettavissa\/#primaryimage"},"thumbnailUrl":"https:\/\/fedemark.ee\/wp-content\/uploads\/2017\/06\/telescopic-warehouse-ladder.jpg","datePublished":"2017-06-16T15:48:19+00:00","dateModified":"2017-07-31T13:21:01+00:00","breadcrumb":{"@id":"https:\/\/fedemark.ee\/fi\/tuotteet\/erikois-ja-erikoistilauksesta-valmistettavat-tikkaat\/erikoistikkaat\/teleskooppitikkaat-varastoon-korkeus-saadettavissa\/#breadcrumb"},"inLanguage":"fi-FI","potentialAction":[{"@type":"ReadAction","target":["https:\/\/fedemark.ee\/fi\/tuotteet\/erikois-ja-erikoistilauksesta-valmistettavat-tikkaat\/erikoistikkaat\/teleskooppitikkaat-varastoon-korkeus-saadettavissa\/"]}]},{"@type":"ImageObject","inLanguage":"fi-FI","@id":"https:\/\/fedemark.ee\/fi\/tuotteet\/erikois-ja-erikoistilauksesta-valmistettavat-tikkaat\/erikoistikkaat\/teleskooppitikkaat-varastoon-korkeus-saadettavissa\/#primaryimage","url":"https:\/\/fedemark.ee\/wp-content\/uploads\/2017\/06\/telescopic-warehouse-ladder.jpg","contentUrl":"https:\/\/fedemark.ee\/wp-content\/uploads\/2017\/06\/telescopic-warehouse-ladder.jpg","width":2753,"height":2151},{"@type":"BreadcrumbList","@id":"https:\/\/fedemark.ee\/fi\/tuotteet\/erikois-ja-erikoistilauksesta-valmistettavat-tikkaat\/erikoistikkaat\/teleskooppitikkaat-varastoon-korkeus-saadettavissa\/#breadcrumb","itemListElement":[{"@type":"ListItem","position":1,"name":"Home","item":"https:\/\/fedemark.ee\/fi\/"},{"@type":"ListItem","position":2,"name":"Tuotteet","item":"https:\/\/fedemark.ee\/fi\/tuotteet\/"},{"@type":"ListItem","position":3,"name":"Teleskooppitikkaat varastoon, korkeus s\u00e4\u00e4dett\u00e4viss\u00e4"}]},{"@type":"WebSite","@id":"https:\/\/fedemark.ee\/#website","url":"https:\/\/fedemark.ee\/","name":"Fedemark","description":"Redelid, Tellingud, T\u00f6\u00f6platvormid ja vahekorrused","potentialAction":[{"@type":"SearchAction","target":{"@type":"EntryPoint","urlTemplate":"https:\/\/fedemark.ee\/?s={search_term_string}"},"query-input":"required name=search_term_string"}],"inLanguage":"fi-FI"}]}},"_links":{"self":[{"href":"https:\/\/fedemark.ee\/fi\/wp-json\/wp\/v2\/product\/7418"}],"collection":[{"href":"https:\/\/fedemark.ee\/fi\/wp-json\/wp\/v2\/product"}],"about":[{"href":"https:\/\/fedemark.ee\/fi\/wp-json\/wp\/v2\/types\/product"}],"replies":[{"embeddable":true,"href":"https:\/\/fedemark.ee\/fi\/wp-json\/wp\/v2\/comments?post=7418"}],"version-history":[{"count":0,"href":"https:\/\/fedemark.ee\/fi\/wp-json\/wp\/v2\/product\/7418\/revisions"}],"wp:featuredmedia":[{"embeddable":true,"href":"https:\/\/fedemark.ee\/fi\/wp-json\/wp\/v2\/media\/6765"}],"wp:attachment":[{"href":"https:\/\/fedemark.ee\/fi\/wp-json\/wp\/v2\/media?parent=7418"}],"wp:term":[{"taxonomy":"product_cat","embeddable":true,"href":"https:\/\/fedemark.ee\/fi\/wp-json\/wp\/v2\/product_cat?post=7418"},{"taxonomy":"product_tag","embeddable":true,"href":"https:\/\/fedemark.ee\/fi\/wp-json\/wp\/v2\/product_tag?post=7418"}],"curies":[{"name":"wp","href":"https:\/\/api.w.org\/{rel}","templated":true}]}}