{"id":7419,"date":"2017-06-19T08:41:37","date_gmt":"2017-06-19T08:41:37","guid":{"rendered":"https:\/\/sharks.ee\/fedemark\/shop\/uncategorized\/bingo\/"},"modified":"2017-07-31T13:24:23","modified_gmt":"2017-07-31T13:24:23","slug":"bingo","status":"publish","type":"product","link":"https:\/\/fedemark.ee\/fi\/tuotteet\/kuljetettavat-materiaalinosturit\/bingo\/","title":{"rendered":"Bingo"},"content":{"rendered":"","protected":false},"excerpt":{"rendered":"<p>Kompakti s\u00e4hk\u00f6inen, monik\u00e4ytt\u00f6inen materiaalinostin<\/p>\n<p>Kompakti k\u00e4sin liikutettava ja s\u00e4hk\u00f6isell\u00e4 nostomekanismilla varustettu monik\u00e4ytt\u00f6inen nostin. Nostopylv\u00e4s on alumiininen ja sen taipuvuus on tarkastettu. Saatavana on kantavuudella 200 kg (nostokorkeus enint. 1,5 m) ja 100 kg nostokorkeus 1,5\u22122,0 m.<br \/>\n2 kiinte\u00e4\u00e4 lyijyhappoakkua ja 12V 38Ah akkulaturi nostimessa.<br \/>\nK\u00e4ytett\u00e4viss\u00e4 on yhdeks\u00e4n vakiotarviketta, joihin kuuluvat haarukat, kiert\u00e4v\u00e4 nostin, rullanostin, rullaliukuhihna jne.<br \/>\nMuita sovelluksia, nostimia ja mittoja on saatavana tilauksesta k\u00e4ytt\u00e4j\u00e4n toiveiden mukaan.<br \/>\nElintarvike- ja kemianteollisuuden sovelluksia varten on saatavana my\u00f6s Aisi 304 -ruostumattomasta ter\u00e4ksest\u00e4 valmistettu versio.<br \/>\nLoistava ty\u00f6v\u00e4line, joka sopii kaikille k\u00e4ytt\u00e4jille, joiden tulee nostaa erityyppisi\u00e4 laitteita.<br \/>\nMukava, helppok\u00e4ytt\u00f6inen ja monipuolinen.<\/p>\n<p><strong>RULLASTO &#8211; K\u00c4YTT\u00d6TARKOITUS:<\/strong><br \/>\nErilaisten painojen ker\u00e4\u00e4minen, kuljetus ja varastointi. Rullaston p\u00e4iss\u00e4 oleva kiinnitys takaa turvallisen kuljetuksen.<br \/>\n<strong>K\u00c4YTT\u00d6ALUEET:<\/strong> sairaalat, tekniikan yritykset, logistiikkayritykset, erilaisia materiaaleja myyv\u00e4t yritykset.<\/p>\n<p><strong>KOUKKU &#8211; TARKOITUS:<\/strong><br \/>\nMuottien tai laitteiden liikuttelu<br \/>\n<strong>K\u00c4YTT\u00d6ALUEET:<\/strong> Tekniikan yritykset<\/p>\n<p><strong>LIS\u00c4TARVIKKEIDEN K\u00c4YTT\u00d6TARKOITUS, KELAT:<\/strong><br \/>\nKaikenlaisten materiaalien hallinta ja keloilla k\u00e4sittely, alkaen kalvosta kylttien asentamiseen ja pakkaamisesta laatan asentamiseen.<br \/>\n<strong>KIERUKKA:<\/strong> kelan maasta tai tavaralavalta ottaminen ja jonnekin sijoittaminen (koneeseen, hyllylle tai muualle), kelan sisus on 100 % t\u00e4ytetty kierukalla.<br \/>\n<strong>RULLILLA VARUSTETTU KIERUKKA:<\/strong> jos kelan pit\u00e4\u00e4 liikkua kierukassa, rullien ansiosta kela py\u00f6rii kierukassa paljon helpommin verrattuna siihen, ett\u00e4 kyseess\u00e4 olisi vain kierukka. Kelan vahingoittumisen v\u00e4ltt\u00e4miseksi siin\u00e4 on turvalukko.<br \/>\n<strong>PY\u00d6R\u00c4KELA:<\/strong> kelan ottaminen pystyasennosta (maasta tai tavaralavalta) ja asettaminen vaivatta vaaka-asentoon ajoneuvoon tai hyllylle sijoittamiseksi (kelan syd\u00e4n on nostimen \u201dnokalla\u201d vain osittain kiinni)<br \/>\n<strong>KIINNITYSKELA:<\/strong> samat k\u00e4ytt\u00f6tarkoitukset kuin kierukalla, kun kelan pit\u00e4\u00e4 j\u00e4\u00e4d\u00e4 t\u00e4ysin vapaaksi, mutta on olemassa tilaa kelan p\u00e4\u00e4llyst\u00e4miseen ulkoap\u00e4in.<br \/>\n<strong>RULLIEN KEHYS:<\/strong> keloja voi vaihtoehtoisesti py\u00f6ritt\u00e4\u00e4 kehykselle, jos my\u00f6s voi py\u00f6ri\u00e4.<br \/>\n<strong>K\u00c4YTT\u00d6ALUE:<\/strong> kevyt teollisuus, tuotanto, painoteollisuus, tekniikan yritykset, farmasiateollisuus, elintarvikkeiden suurtuotanto (pasta, makeiset jne.) ja juomateollisuus (kivenn\u00e4isvesi ja muut).<\/p>\n<p><strong>TASO &#8211; K\u00c4YTT\u00d6TARKOITUS:<\/strong> ty\u00f6n suunnittelu tai elintarvikkeiden, l\u00e4\u00e4kkeiden, painotuotteiden, laitteiden, erilaisten rasioiden tai purkeissa olevien materiaalien kuljetus (saatavana my\u00f6s ruostumattomasta ter\u00e4ksest\u00e4 valmistettuna tai reunallisena)<br \/>\n<strong>K\u00c4YTT\u00d6ALUEET:<\/strong> sairaalat, kauppakeskukset, myym\u00e4l\u00e4t, laitekauppiaat, painoyritykset, teollisuus (automaattisia koneita k\u00e4ytt\u00e4v\u00e4t), pakkaaminen<\/p>\n<p><strong>HAARUKAT &#8211; K\u00c4YTT\u00d6TARKOITUS:<\/strong><br \/>\nPienten tavaralavojen (lavojen v\u00e4lineet) tai erimuotoisten ja -kokoisten irtotavaroiden kuljetus \/lastaus \/ purku.<br \/>\n<strong>K\u00c4YTT\u00d6ALUE:<\/strong> logistiikka- ja muut sektorit, joissa k\u00e4ytt\u00e4j\u00e4n tulee nostaa tavaroita, joiden paino ylitt\u00e4\u00e4 laissa s\u00e4\u00e4detyn.<\/p>\n<p>Bingoa voi muokata tarvikkeilla asiakkaan tarpeiden mukaan.<\/p>\n","protected":false},"featured_media":7494,"comment_status":"open","ping_status":"closed","template":"","meta":{"footnotes":""},"product_cat":[200],"product_tag":[],"yoast_head":"<!-- This site is optimized with the Yoast SEO plugin v22.6 - https:\/\/yoast.com\/wordpress\/plugins\/seo\/ -->\n<title>Bingo - Fedemark<\/title>\n<meta name=\"robots\" content=\"index, follow, max-snippet:-1, max-image-preview:large, max-video-preview:-1\" \/>\n<link rel=\"canonical\" href=\"https:\/\/fedemark.ee\/fi\/tuotteet\/kuljetettavat-materiaalinosturit\/bingo\/\" \/>\n<meta property=\"og:locale\" content=\"fi_FI\" \/>\n<meta property=\"og:type\" content=\"article\" \/>\n<meta property=\"og:title\" content=\"Bingo - Fedemark\" \/>\n<meta property=\"og:description\" content=\"Kompakti s\u00e4hk\u00f6inen, monik\u00e4ytt\u00f6inen materiaalinostin  Kompakti k\u00e4sin liikutettava ja s\u00e4hk\u00f6isell\u00e4 nostomekanismilla varustettu monik\u00e4ytt\u00f6inen nostin. Nostopylv\u00e4s on alumiininen ja sen taipuvuus on tarkastettu. Saatavana on kantavuudella 200 kg (nostokorkeus enint. 1,5 m) ja 100 kg nostokorkeus 1,5\u22122,0 m. 2 kiinte\u00e4\u00e4 lyijyhappoakkua ja 12V 38Ah akkulaturi nostimessa. K\u00e4ytett\u00e4viss\u00e4 on yhdeks\u00e4n vakiotarviketta, joihin kuuluvat haarukat, kiert\u00e4v\u00e4 nostin, rullanostin, rullaliukuhihna jne. Muita sovelluksia, nostimia ja mittoja on saatavana tilauksesta k\u00e4ytt\u00e4j\u00e4n toiveiden mukaan. Elintarvike- ja kemianteollisuuden sovelluksia varten on saatavana my\u00f6s Aisi 304 -ruostumattomasta ter\u00e4ksest\u00e4 valmistettu versio. Loistava ty\u00f6v\u00e4line, joka sopii kaikille k\u00e4ytt\u00e4jille, joiden tulee nostaa erityyppisi\u00e4 laitteita. Mukava, helppok\u00e4ytt\u00f6inen ja monipuolinen.  RULLASTO - K\u00c4YTT\u00d6TARKOITUS: Erilaisten painojen ker\u00e4\u00e4minen, kuljetus ja varastointi. Rullaston p\u00e4iss\u00e4 oleva kiinnitys takaa turvallisen kuljetuksen. K\u00c4YTT\u00d6ALUEET: sairaalat, tekniikan yritykset, logistiikkayritykset, erilaisia materiaaleja myyv\u00e4t yritykset.  KOUKKU - TARKOITUS: Muottien tai laitteiden liikuttelu K\u00c4YTT\u00d6ALUEET: Tekniikan yritykset  LIS\u00c4TARVIKKEIDEN K\u00c4YTT\u00d6TARKOITUS, KELAT: Kaikenlaisten materiaalien hallinta ja keloilla k\u00e4sittely, alkaen kalvosta kylttien asentamiseen ja pakkaamisesta laatan asentamiseen. KIERUKKA: kelan maasta tai tavaralavalta ottaminen ja jonnekin sijoittaminen (koneeseen, hyllylle tai muualle), kelan sisus on 100 % t\u00e4ytetty kierukalla. RULLILLA VARUSTETTU KIERUKKA: jos kelan pit\u00e4\u00e4 liikkua kierukassa, rullien ansiosta kela py\u00f6rii kierukassa paljon helpommin verrattuna siihen, ett\u00e4 kyseess\u00e4 olisi vain kierukka. Kelan vahingoittumisen v\u00e4ltt\u00e4miseksi siin\u00e4 on turvalukko. PY\u00d6R\u00c4KELA: kelan ottaminen pystyasennosta (maasta tai tavaralavalta) ja asettaminen vaivatta vaaka-asentoon ajoneuvoon tai hyllylle sijoittamiseksi (kelan syd\u00e4n on nostimen \u201dnokalla\u201d vain osittain kiinni) KIINNITYSKELA: samat k\u00e4ytt\u00f6tarkoitukset kuin kierukalla, kun kelan pit\u00e4\u00e4 j\u00e4\u00e4d\u00e4 t\u00e4ysin vapaaksi, mutta on olemassa tilaa kelan p\u00e4\u00e4llyst\u00e4miseen ulkoap\u00e4in. RULLIEN KEHYS: keloja voi vaihtoehtoisesti py\u00f6ritt\u00e4\u00e4 kehykselle, jos my\u00f6s voi py\u00f6ri\u00e4. K\u00c4YTT\u00d6ALUE: kevyt teollisuus, tuotanto, painoteollisuus, tekniikan yritykset, farmasiateollisuus, elintarvikkeiden suurtuotanto (pasta, makeiset jne.) ja juomateollisuus (kivenn\u00e4isvesi ja muut).  TASO - K\u00c4YTT\u00d6TARKOITUS: ty\u00f6n suunnittelu tai elintarvikkeiden, l\u00e4\u00e4kkeiden, painotuotteiden, laitteiden, erilaisten rasioiden tai purkeissa olevien materiaalien kuljetus (saatavana my\u00f6s ruostumattomasta ter\u00e4ksest\u00e4 valmistettuna tai reunallisena) K\u00c4YTT\u00d6ALUEET: sairaalat, kauppakeskukset, myym\u00e4l\u00e4t, laitekauppiaat, painoyritykset, teollisuus (automaattisia koneita k\u00e4ytt\u00e4v\u00e4t), pakkaaminen  HAARUKAT - K\u00c4YTT\u00d6TARKOITUS: Pienten tavaralavojen (lavojen v\u00e4lineet) tai erimuotoisten ja -kokoisten irtotavaroiden kuljetus \/lastaus \/ purku. K\u00c4YTT\u00d6ALUE: logistiikka- ja muut sektorit, joissa k\u00e4ytt\u00e4j\u00e4n tulee nostaa tavaroita, joiden paino ylitt\u00e4\u00e4 laissa s\u00e4\u00e4detyn.  Bingoa voi muokata tarvikkeilla asiakkaan tarpeiden mukaan.\" \/>\n<meta property=\"og:url\" content=\"https:\/\/fedemark.ee\/fi\/tuotteet\/kuljetettavat-materiaalinosturit\/bingo\/\" \/>\n<meta property=\"og:site_name\" content=\"Fedemark\" \/>\n<meta property=\"article:modified_time\" content=\"2017-07-31T13:24:23+00:00\" \/>\n<meta property=\"og:image\" content=\"https:\/\/fedemark.ee\/wp-content\/uploads\/2017\/06\/Bingo.jpg\" \/>\n\t<meta property=\"og:image:width\" content=\"517\" \/>\n\t<meta property=\"og:image:height\" content=\"740\" \/>\n\t<meta property=\"og:image:type\" content=\"image\/jpeg\" \/>\n<meta name=\"twitter:card\" content=\"summary_large_image\" \/>\n<script type=\"application\/ld+json\" class=\"yoast-schema-graph\">{\"@context\":\"https:\/\/schema.org\",\"@graph\":[{\"@type\":\"WebPage\",\"@id\":\"https:\/\/fedemark.ee\/fi\/tuotteet\/kuljetettavat-materiaalinosturit\/bingo\/\",\"url\":\"https:\/\/fedemark.ee\/fi\/tuotteet\/kuljetettavat-materiaalinosturit\/bingo\/\",\"name\":\"Bingo - Fedemark\",\"isPartOf\":{\"@id\":\"https:\/\/fedemark.ee\/#website\"},\"primaryImageOfPage\":{\"@id\":\"https:\/\/fedemark.ee\/fi\/tuotteet\/kuljetettavat-materiaalinosturit\/bingo\/#primaryimage\"},\"image\":{\"@id\":\"https:\/\/fedemark.ee\/fi\/tuotteet\/kuljetettavat-materiaalinosturit\/bingo\/#primaryimage\"},\"thumbnailUrl\":\"https:\/\/fedemark.ee\/wp-content\/uploads\/2017\/06\/Bingo.jpg\",\"datePublished\":\"2017-06-19T08:41:37+00:00\",\"dateModified\":\"2017-07-31T13:24:23+00:00\",\"breadcrumb\":{\"@id\":\"https:\/\/fedemark.ee\/fi\/tuotteet\/kuljetettavat-materiaalinosturit\/bingo\/#breadcrumb\"},\"inLanguage\":\"fi-FI\",\"potentialAction\":[{\"@type\":\"ReadAction\",\"target\":[\"https:\/\/fedemark.ee\/fi\/tuotteet\/kuljetettavat-materiaalinosturit\/bingo\/\"]}]},{\"@type\":\"ImageObject\",\"inLanguage\":\"fi-FI\",\"@id\":\"https:\/\/fedemark.ee\/fi\/tuotteet\/kuljetettavat-materiaalinosturit\/bingo\/#primaryimage\",\"url\":\"https:\/\/fedemark.ee\/wp-content\/uploads\/2017\/06\/Bingo.jpg\",\"contentUrl\":\"https:\/\/fedemark.ee\/wp-content\/uploads\/2017\/06\/Bingo.jpg\",\"width\":517,\"height\":740},{\"@type\":\"BreadcrumbList\",\"@id\":\"https:\/\/fedemark.ee\/fi\/tuotteet\/kuljetettavat-materiaalinosturit\/bingo\/#breadcrumb\",\"itemListElement\":[{\"@type\":\"ListItem\",\"position\":1,\"name\":\"Home\",\"item\":\"https:\/\/fedemark.ee\/fi\/\"},{\"@type\":\"ListItem\",\"position\":2,\"name\":\"Tuotteet\",\"item\":\"https:\/\/fedemark.ee\/fi\/tuotteet\/\"},{\"@type\":\"ListItem\",\"position\":3,\"name\":\"Bingo\"}]},{\"@type\":\"WebSite\",\"@id\":\"https:\/\/fedemark.ee\/#website\",\"url\":\"https:\/\/fedemark.ee\/\",\"name\":\"Fedemark\",\"description\":\"Redelid, Tellingud, T\u00f6\u00f6platvormid ja vahekorrused\",\"potentialAction\":[{\"@type\":\"SearchAction\",\"target\":{\"@type\":\"EntryPoint\",\"urlTemplate\":\"https:\/\/fedemark.ee\/?s={search_term_string}\"},\"query-input\":\"required name=search_term_string\"}],\"inLanguage\":\"fi-FI\"}]}<\/script>\n<!-- \/ Yoast SEO plugin. -->","yoast_head_json":{"title":"Bingo - Fedemark","robots":{"index":"index","follow":"follow","max-snippet":"max-snippet:-1","max-image-preview":"max-image-preview:large","max-video-preview":"max-video-preview:-1"},"canonical":"https:\/\/fedemark.ee\/fi\/tuotteet\/kuljetettavat-materiaalinosturit\/bingo\/","og_locale":"fi_FI","og_type":"article","og_title":"Bingo - Fedemark","og_description":"Kompakti s\u00e4hk\u00f6inen, monik\u00e4ytt\u00f6inen materiaalinostin  Kompakti k\u00e4sin liikutettava ja s\u00e4hk\u00f6isell\u00e4 nostomekanismilla varustettu monik\u00e4ytt\u00f6inen nostin. Nostopylv\u00e4s on alumiininen ja sen taipuvuus on tarkastettu. Saatavana on kantavuudella 200 kg (nostokorkeus enint. 1,5 m) ja 100 kg nostokorkeus 1,5\u22122,0 m. 2 kiinte\u00e4\u00e4 lyijyhappoakkua ja 12V 38Ah akkulaturi nostimessa. K\u00e4ytett\u00e4viss\u00e4 on yhdeks\u00e4n vakiotarviketta, joihin kuuluvat haarukat, kiert\u00e4v\u00e4 nostin, rullanostin, rullaliukuhihna jne. Muita sovelluksia, nostimia ja mittoja on saatavana tilauksesta k\u00e4ytt\u00e4j\u00e4n toiveiden mukaan. Elintarvike- ja kemianteollisuuden sovelluksia varten on saatavana my\u00f6s Aisi 304 -ruostumattomasta ter\u00e4ksest\u00e4 valmistettu versio. Loistava ty\u00f6v\u00e4line, joka sopii kaikille k\u00e4ytt\u00e4jille, joiden tulee nostaa erityyppisi\u00e4 laitteita. Mukava, helppok\u00e4ytt\u00f6inen ja monipuolinen.  RULLASTO - K\u00c4YTT\u00d6TARKOITUS: Erilaisten painojen ker\u00e4\u00e4minen, kuljetus ja varastointi. Rullaston p\u00e4iss\u00e4 oleva kiinnitys takaa turvallisen kuljetuksen. K\u00c4YTT\u00d6ALUEET: sairaalat, tekniikan yritykset, logistiikkayritykset, erilaisia materiaaleja myyv\u00e4t yritykset.  KOUKKU - TARKOITUS: Muottien tai laitteiden liikuttelu K\u00c4YTT\u00d6ALUEET: Tekniikan yritykset  LIS\u00c4TARVIKKEIDEN K\u00c4YTT\u00d6TARKOITUS, KELAT: Kaikenlaisten materiaalien hallinta ja keloilla k\u00e4sittely, alkaen kalvosta kylttien asentamiseen ja pakkaamisesta laatan asentamiseen. KIERUKKA: kelan maasta tai tavaralavalta ottaminen ja jonnekin sijoittaminen (koneeseen, hyllylle tai muualle), kelan sisus on 100 % t\u00e4ytetty kierukalla. RULLILLA VARUSTETTU KIERUKKA: jos kelan pit\u00e4\u00e4 liikkua kierukassa, rullien ansiosta kela py\u00f6rii kierukassa paljon helpommin verrattuna siihen, ett\u00e4 kyseess\u00e4 olisi vain kierukka. Kelan vahingoittumisen v\u00e4ltt\u00e4miseksi siin\u00e4 on turvalukko. PY\u00d6R\u00c4KELA: kelan ottaminen pystyasennosta (maasta tai tavaralavalta) ja asettaminen vaivatta vaaka-asentoon ajoneuvoon tai hyllylle sijoittamiseksi (kelan syd\u00e4n on nostimen \u201dnokalla\u201d vain osittain kiinni) KIINNITYSKELA: samat k\u00e4ytt\u00f6tarkoitukset kuin kierukalla, kun kelan pit\u00e4\u00e4 j\u00e4\u00e4d\u00e4 t\u00e4ysin vapaaksi, mutta on olemassa tilaa kelan p\u00e4\u00e4llyst\u00e4miseen ulkoap\u00e4in. RULLIEN KEHYS: keloja voi vaihtoehtoisesti py\u00f6ritt\u00e4\u00e4 kehykselle, jos my\u00f6s voi py\u00f6ri\u00e4. K\u00c4YTT\u00d6ALUE: kevyt teollisuus, tuotanto, painoteollisuus, tekniikan yritykset, farmasiateollisuus, elintarvikkeiden suurtuotanto (pasta, makeiset jne.) ja juomateollisuus (kivenn\u00e4isvesi ja muut).  TASO - K\u00c4YTT\u00d6TARKOITUS: ty\u00f6n suunnittelu tai elintarvikkeiden, l\u00e4\u00e4kkeiden, painotuotteiden, laitteiden, erilaisten rasioiden tai purkeissa olevien materiaalien kuljetus (saatavana my\u00f6s ruostumattomasta ter\u00e4ksest\u00e4 valmistettuna tai reunallisena) K\u00c4YTT\u00d6ALUEET: sairaalat, kauppakeskukset, myym\u00e4l\u00e4t, laitekauppiaat, painoyritykset, teollisuus (automaattisia koneita k\u00e4ytt\u00e4v\u00e4t), pakkaaminen  HAARUKAT - K\u00c4YTT\u00d6TARKOITUS: Pienten tavaralavojen (lavojen v\u00e4lineet) tai erimuotoisten ja -kokoisten irtotavaroiden kuljetus \/lastaus \/ purku. K\u00c4YTT\u00d6ALUE: logistiikka- ja muut sektorit, joissa k\u00e4ytt\u00e4j\u00e4n tulee nostaa tavaroita, joiden paino ylitt\u00e4\u00e4 laissa s\u00e4\u00e4detyn.  Bingoa voi muokata tarvikkeilla asiakkaan tarpeiden mukaan.","og_url":"https:\/\/fedemark.ee\/fi\/tuotteet\/kuljetettavat-materiaalinosturit\/bingo\/","og_site_name":"Fedemark","article_modified_time":"2017-07-31T13:24:23+00:00","og_image":[{"width":517,"height":740,"url":"https:\/\/fedemark.ee\/wp-content\/uploads\/2017\/06\/Bingo.jpg","type":"image\/jpeg"}],"twitter_card":"summary_large_image","schema":{"@context":"https:\/\/schema.org","@graph":[{"@type":"WebPage","@id":"https:\/\/fedemark.ee\/fi\/tuotteet\/kuljetettavat-materiaalinosturit\/bingo\/","url":"https:\/\/fedemark.ee\/fi\/tuotteet\/kuljetettavat-materiaalinosturit\/bingo\/","name":"Bingo - Fedemark","isPartOf":{"@id":"https:\/\/fedemark.ee\/#website"},"primaryImageOfPage":{"@id":"https:\/\/fedemark.ee\/fi\/tuotteet\/kuljetettavat-materiaalinosturit\/bingo\/#primaryimage"},"image":{"@id":"https:\/\/fedemark.ee\/fi\/tuotteet\/kuljetettavat-materiaalinosturit\/bingo\/#primaryimage"},"thumbnailUrl":"https:\/\/fedemark.ee\/wp-content\/uploads\/2017\/06\/Bingo.jpg","datePublished":"2017-06-19T08:41:37+00:00","dateModified":"2017-07-31T13:24:23+00:00","breadcrumb":{"@id":"https:\/\/fedemark.ee\/fi\/tuotteet\/kuljetettavat-materiaalinosturit\/bingo\/#breadcrumb"},"inLanguage":"fi-FI","potentialAction":[{"@type":"ReadAction","target":["https:\/\/fedemark.ee\/fi\/tuotteet\/kuljetettavat-materiaalinosturit\/bingo\/"]}]},{"@type":"ImageObject","inLanguage":"fi-FI","@id":"https:\/\/fedemark.ee\/fi\/tuotteet\/kuljetettavat-materiaalinosturit\/bingo\/#primaryimage","url":"https:\/\/fedemark.ee\/wp-content\/uploads\/2017\/06\/Bingo.jpg","contentUrl":"https:\/\/fedemark.ee\/wp-content\/uploads\/2017\/06\/Bingo.jpg","width":517,"height":740},{"@type":"BreadcrumbList","@id":"https:\/\/fedemark.ee\/fi\/tuotteet\/kuljetettavat-materiaalinosturit\/bingo\/#breadcrumb","itemListElement":[{"@type":"ListItem","position":1,"name":"Home","item":"https:\/\/fedemark.ee\/fi\/"},{"@type":"ListItem","position":2,"name":"Tuotteet","item":"https:\/\/fedemark.ee\/fi\/tuotteet\/"},{"@type":"ListItem","position":3,"name":"Bingo"}]},{"@type":"WebSite","@id":"https:\/\/fedemark.ee\/#website","url":"https:\/\/fedemark.ee\/","name":"Fedemark","description":"Redelid, Tellingud, T\u00f6\u00f6platvormid ja vahekorrused","potentialAction":[{"@type":"SearchAction","target":{"@type":"EntryPoint","urlTemplate":"https:\/\/fedemark.ee\/?s={search_term_string}"},"query-input":"required name=search_term_string"}],"inLanguage":"fi-FI"}]}},"_links":{"self":[{"href":"https:\/\/fedemark.ee\/fi\/wp-json\/wp\/v2\/product\/7419"}],"collection":[{"href":"https:\/\/fedemark.ee\/fi\/wp-json\/wp\/v2\/product"}],"about":[{"href":"https:\/\/fedemark.ee\/fi\/wp-json\/wp\/v2\/types\/product"}],"replies":[{"embeddable":true,"href":"https:\/\/fedemark.ee\/fi\/wp-json\/wp\/v2\/comments?post=7419"}],"version-history":[{"count":0,"href":"https:\/\/fedemark.ee\/fi\/wp-json\/wp\/v2\/product\/7419\/revisions"}],"wp:featuredmedia":[{"embeddable":true,"href":"https:\/\/fedemark.ee\/fi\/wp-json\/wp\/v2\/media\/7494"}],"wp:attachment":[{"href":"https:\/\/fedemark.ee\/fi\/wp-json\/wp\/v2\/media?parent=7419"}],"wp:term":[{"taxonomy":"product_cat","embeddable":true,"href":"https:\/\/fedemark.ee\/fi\/wp-json\/wp\/v2\/product_cat?post=7419"},{"taxonomy":"product_tag","embeddable":true,"href":"https:\/\/fedemark.ee\/fi\/wp-json\/wp\/v2\/product_tag?post=7419"}],"curies":[{"name":"wp","href":"https:\/\/api.w.org\/{rel}","templated":true}]}}