{"id":7420,"date":"2017-06-19T08:44:29","date_gmt":"2017-06-19T08:44:29","guid":{"rendered":"https:\/\/sharks.ee\/fedemark\/shop\/uncategorized\/glass-lifter-express\/"},"modified":"2017-07-31T13:25:12","modified_gmt":"2017-07-31T13:25:12","slug":"lasinostin-express","status":"publish","type":"product","link":"https:\/\/fedemark.ee\/fi\/tuotteet\/kuljetettavat-materiaalinosturit\/lasinostin-express\/","title":{"rendered":"Lasinostin Express"},"content":{"rendered":"","protected":false},"excerpt":{"rendered":"<p><em>Kuljetettava; eritt\u00e4in kompakti lasinostin<\/em><\/p>\n<p>Mekaaninen ohjaus (vain k\u00e4sin nosto).<br \/>\nS\u00e4hk\u00f6- ja hydrauliikkamekanismeja ei ole.<br \/>\nEritt\u00e4in yksinkertainen, ei vaadi erityist\u00e4 huoltoa.<\/p>\n<p>Express on kompakti, sen kokoaminen vie aikaa alle minuutin ja sit\u00e4 on kevyt kantaa.<\/p>\n<p>Enimm\u00e4iskorkeus 1769 mm, imukupit<br \/>\nMinimikorkeus 839 mm, imukupit<\/p>\n<p>VAKIOVARUSTEET<br \/>\n\u2022 Ohjaus yhdell\u00e4 vivulla k\u00e4sik\u00e4ytt\u00f6isell\u00e4 vinssill\u00e4<br \/>\n\u2022 Laite lasin k\u00e4\u00e4nt\u00e4miseen 360\u00b0<br \/>\n\u2022 Automaattinen pysty- ja vaakasuuntainen s\u00e4\u00e4t\u00f6 alustan keskipaikan asettamiseksi ikkunalla<br \/>\n\u2022 Lujasta alumiinista valmistettu nostopylv\u00e4\u00e4t (taivutustarkastus)<br \/>\n\u2022 Kyltit ja k\u00e4ytt\u00f6- ja huolto-ohje<br \/>\n\u2022 Testisertifikaatti eurooppalaisten asetusten mukaisesti (EY)<\/p>\n<p>Express on tarkoitettu isojen ikkunalasien kuormasta purkamiseen, asentamiseen ja kuljetukseen.<br \/>\nNostimen kantavuus on 150 kg.<br \/>\nK\u00e4\u00e4nt\u00e4\u00e4 enint\u00e4\u00e4n 3000 mm pituisen lasin.<br \/>\nS\u00e4\u00e4t\u00f6j\u00e4rjestelm\u00e4, jolla lasin voi asentaa kehyksen aluksiin.<\/p>\n<p>Lasin k\u00e4sittely voi olla vaarallista, erityisesti ep\u00e4tasaisessa maastossa.<br \/>\nIsojen ikkunoiden k\u00e4sin kuljetus on aina ollut eritt\u00e4in vaarallista.<br \/>\nExpress on kehitetty t\u00e4m\u00e4n ongelman ratkaisemiseen.<br \/>\nInnovatiivinen nostoj\u00e4rjestelm\u00e4, kevyt, pieni ja liikuteltava.<br \/>\nNostin pystyy kantamaan 100 kg laseja (yksi henkil\u00f6) tai 150 kg (2 henkil\u00f6\u00e4).<br \/>\nExpress kuljetetaan kahtena 15 kg osana ja sen kokoaminen vie alle minuutin.<\/p>\n<p>Express pystyy nostamaan ikkunan ajoneuvosta ja kuljettamaan sen asennuspaikalle ilman vahingoittumisvaaraa.<br \/>\n330 mm ilmarenkaat on valmistettu erityisesti kuljettamiseen rakennuskohteille tyypillisiss\u00e4 ep\u00e4tasaisissa maastoissa.<br \/>\nPy\u00f6rien akselit ovat s\u00e4\u00e4dett\u00e4v\u00e4t v\u00e4lill\u00e4 54\u221280 cm, riippuen kuljetukseen k\u00e4ytett\u00e4viss\u00e4 olevista k\u00e4yt\u00e4vist\u00e4 ja ovista.<\/p>\n<p>T\u00e4m\u00e4 erikoisj\u00e4rjestelm\u00e4 mahdollistaa lasin k\u00e4\u00e4nt\u00e4misen 360\u00b0.<\/p>\n","protected":false},"featured_media":10593,"comment_status":"open","ping_status":"closed","template":"","meta":{"footnotes":""},"product_cat":[200],"product_tag":[],"yoast_head":"<!-- This site is optimized with the Yoast SEO plugin v22.6 - https:\/\/yoast.com\/wordpress\/plugins\/seo\/ -->\n<title>Lasinostin Express - Fedemark<\/title>\n<meta name=\"robots\" content=\"index, follow, max-snippet:-1, max-image-preview:large, max-video-preview:-1\" \/>\n<link rel=\"canonical\" href=\"https:\/\/fedemark.ee\/fi\/tuotteet\/kuljetettavat-materiaalinosturit\/lasinostin-express\/\" \/>\n<meta property=\"og:locale\" content=\"fi_FI\" \/>\n<meta property=\"og:type\" content=\"article\" \/>\n<meta property=\"og:title\" content=\"Lasinostin Express - Fedemark\" \/>\n<meta property=\"og:description\" content=\"Kuljetettava; eritt\u00e4in kompakti lasinostin  Mekaaninen ohjaus (vain k\u00e4sin nosto). S\u00e4hk\u00f6- ja hydrauliikkamekanismeja ei ole. Eritt\u00e4in yksinkertainen, ei vaadi erityist\u00e4 huoltoa.  Express on kompakti, sen kokoaminen vie aikaa alle minuutin ja sit\u00e4 on kevyt kantaa.  Enimm\u00e4iskorkeus 1769 mm, imukupit Minimikorkeus 839 mm, imukupit  VAKIOVARUSTEET \u2022 Ohjaus yhdell\u00e4 vivulla k\u00e4sik\u00e4ytt\u00f6isell\u00e4 vinssill\u00e4 \u2022 Laite lasin k\u00e4\u00e4nt\u00e4miseen 360\u00b0 \u2022 Automaattinen pysty- ja vaakasuuntainen s\u00e4\u00e4t\u00f6 alustan keskipaikan asettamiseksi ikkunalla \u2022 Lujasta alumiinista valmistettu nostopylv\u00e4\u00e4t (taivutustarkastus) \u2022 Kyltit ja k\u00e4ytt\u00f6- ja huolto-ohje \u2022 Testisertifikaatti eurooppalaisten asetusten mukaisesti (EY)  Express on tarkoitettu isojen ikkunalasien kuormasta purkamiseen, asentamiseen ja kuljetukseen. Nostimen kantavuus on 150 kg. K\u00e4\u00e4nt\u00e4\u00e4 enint\u00e4\u00e4n 3000 mm pituisen lasin. S\u00e4\u00e4t\u00f6j\u00e4rjestelm\u00e4, jolla lasin voi asentaa kehyksen aluksiin.  Lasin k\u00e4sittely voi olla vaarallista, erityisesti ep\u00e4tasaisessa maastossa. Isojen ikkunoiden k\u00e4sin kuljetus on aina ollut eritt\u00e4in vaarallista. Express on kehitetty t\u00e4m\u00e4n ongelman ratkaisemiseen. Innovatiivinen nostoj\u00e4rjestelm\u00e4, kevyt, pieni ja liikuteltava. Nostin pystyy kantamaan 100 kg laseja (yksi henkil\u00f6) tai 150 kg (2 henkil\u00f6\u00e4). Express kuljetetaan kahtena 15 kg osana ja sen kokoaminen vie alle minuutin.  Express pystyy nostamaan ikkunan ajoneuvosta ja kuljettamaan sen asennuspaikalle ilman vahingoittumisvaaraa. 330 mm ilmarenkaat on valmistettu erityisesti kuljettamiseen rakennuskohteille tyypillisiss\u00e4 ep\u00e4tasaisissa maastoissa. Py\u00f6rien akselit ovat s\u00e4\u00e4dett\u00e4v\u00e4t v\u00e4lill\u00e4 54\u221280 cm, riippuen kuljetukseen k\u00e4ytett\u00e4viss\u00e4 olevista k\u00e4yt\u00e4vist\u00e4 ja ovista.  T\u00e4m\u00e4 erikoisj\u00e4rjestelm\u00e4 mahdollistaa lasin k\u00e4\u00e4nt\u00e4misen 360\u00b0.\" \/>\n<meta property=\"og:url\" content=\"https:\/\/fedemark.ee\/fi\/tuotteet\/kuljetettavat-materiaalinosturit\/lasinostin-express\/\" \/>\n<meta property=\"og:site_name\" content=\"Fedemark\" \/>\n<meta property=\"article:modified_time\" content=\"2017-07-31T13:25:12+00:00\" \/>\n<meta property=\"og:image\" content=\"https:\/\/fedemark.ee\/wp-content\/uploads\/2017\/06\/Glasses-lift-5.jpg\" \/>\n\t<meta property=\"og:image:width\" content=\"800\" \/>\n\t<meta property=\"og:image:height\" content=\"800\" \/>\n\t<meta property=\"og:image:type\" content=\"image\/jpeg\" \/>\n<meta name=\"twitter:card\" content=\"summary_large_image\" \/>\n<script type=\"application\/ld+json\" class=\"yoast-schema-graph\">{\"@context\":\"https:\/\/schema.org\",\"@graph\":[{\"@type\":\"WebPage\",\"@id\":\"https:\/\/fedemark.ee\/fi\/tuotteet\/kuljetettavat-materiaalinosturit\/lasinostin-express\/\",\"url\":\"https:\/\/fedemark.ee\/fi\/tuotteet\/kuljetettavat-materiaalinosturit\/lasinostin-express\/\",\"name\":\"Lasinostin Express - Fedemark\",\"isPartOf\":{\"@id\":\"https:\/\/fedemark.ee\/#website\"},\"primaryImageOfPage\":{\"@id\":\"https:\/\/fedemark.ee\/fi\/tuotteet\/kuljetettavat-materiaalinosturit\/lasinostin-express\/#primaryimage\"},\"image\":{\"@id\":\"https:\/\/fedemark.ee\/fi\/tuotteet\/kuljetettavat-materiaalinosturit\/lasinostin-express\/#primaryimage\"},\"thumbnailUrl\":\"https:\/\/fedemark.ee\/wp-content\/uploads\/2017\/06\/Glasses-lift-5.jpg\",\"datePublished\":\"2017-06-19T08:44:29+00:00\",\"dateModified\":\"2017-07-31T13:25:12+00:00\",\"breadcrumb\":{\"@id\":\"https:\/\/fedemark.ee\/fi\/tuotteet\/kuljetettavat-materiaalinosturit\/lasinostin-express\/#breadcrumb\"},\"inLanguage\":\"fi-FI\",\"potentialAction\":[{\"@type\":\"ReadAction\",\"target\":[\"https:\/\/fedemark.ee\/fi\/tuotteet\/kuljetettavat-materiaalinosturit\/lasinostin-express\/\"]}]},{\"@type\":\"ImageObject\",\"inLanguage\":\"fi-FI\",\"@id\":\"https:\/\/fedemark.ee\/fi\/tuotteet\/kuljetettavat-materiaalinosturit\/lasinostin-express\/#primaryimage\",\"url\":\"https:\/\/fedemark.ee\/wp-content\/uploads\/2017\/06\/Glasses-lift-5.jpg\",\"contentUrl\":\"https:\/\/fedemark.ee\/wp-content\/uploads\/2017\/06\/Glasses-lift-5.jpg\",\"width\":800,\"height\":800},{\"@type\":\"BreadcrumbList\",\"@id\":\"https:\/\/fedemark.ee\/fi\/tuotteet\/kuljetettavat-materiaalinosturit\/lasinostin-express\/#breadcrumb\",\"itemListElement\":[{\"@type\":\"ListItem\",\"position\":1,\"name\":\"Home\",\"item\":\"https:\/\/fedemark.ee\/fi\/\"},{\"@type\":\"ListItem\",\"position\":2,\"name\":\"Tuotteet\",\"item\":\"https:\/\/fedemark.ee\/fi\/tuotteet\/\"},{\"@type\":\"ListItem\",\"position\":3,\"name\":\"Lasinostin Express\"}]},{\"@type\":\"WebSite\",\"@id\":\"https:\/\/fedemark.ee\/#website\",\"url\":\"https:\/\/fedemark.ee\/\",\"name\":\"Fedemark\",\"description\":\"Redelid, Tellingud, T\u00f6\u00f6platvormid ja vahekorrused\",\"potentialAction\":[{\"@type\":\"SearchAction\",\"target\":{\"@type\":\"EntryPoint\",\"urlTemplate\":\"https:\/\/fedemark.ee\/?s={search_term_string}\"},\"query-input\":\"required name=search_term_string\"}],\"inLanguage\":\"fi-FI\"}]}<\/script>\n<!-- \/ Yoast SEO plugin. -->","yoast_head_json":{"title":"Lasinostin Express - Fedemark","robots":{"index":"index","follow":"follow","max-snippet":"max-snippet:-1","max-image-preview":"max-image-preview:large","max-video-preview":"max-video-preview:-1"},"canonical":"https:\/\/fedemark.ee\/fi\/tuotteet\/kuljetettavat-materiaalinosturit\/lasinostin-express\/","og_locale":"fi_FI","og_type":"article","og_title":"Lasinostin Express - Fedemark","og_description":"Kuljetettava; eritt\u00e4in kompakti lasinostin  Mekaaninen ohjaus (vain k\u00e4sin nosto). S\u00e4hk\u00f6- ja hydrauliikkamekanismeja ei ole. Eritt\u00e4in yksinkertainen, ei vaadi erityist\u00e4 huoltoa.  Express on kompakti, sen kokoaminen vie aikaa alle minuutin ja sit\u00e4 on kevyt kantaa.  Enimm\u00e4iskorkeus 1769 mm, imukupit Minimikorkeus 839 mm, imukupit  VAKIOVARUSTEET \u2022 Ohjaus yhdell\u00e4 vivulla k\u00e4sik\u00e4ytt\u00f6isell\u00e4 vinssill\u00e4 \u2022 Laite lasin k\u00e4\u00e4nt\u00e4miseen 360\u00b0 \u2022 Automaattinen pysty- ja vaakasuuntainen s\u00e4\u00e4t\u00f6 alustan keskipaikan asettamiseksi ikkunalla \u2022 Lujasta alumiinista valmistettu nostopylv\u00e4\u00e4t (taivutustarkastus) \u2022 Kyltit ja k\u00e4ytt\u00f6- ja huolto-ohje \u2022 Testisertifikaatti eurooppalaisten asetusten mukaisesti (EY)  Express on tarkoitettu isojen ikkunalasien kuormasta purkamiseen, asentamiseen ja kuljetukseen. Nostimen kantavuus on 150 kg. K\u00e4\u00e4nt\u00e4\u00e4 enint\u00e4\u00e4n 3000 mm pituisen lasin. S\u00e4\u00e4t\u00f6j\u00e4rjestelm\u00e4, jolla lasin voi asentaa kehyksen aluksiin.  Lasin k\u00e4sittely voi olla vaarallista, erityisesti ep\u00e4tasaisessa maastossa. Isojen ikkunoiden k\u00e4sin kuljetus on aina ollut eritt\u00e4in vaarallista. Express on kehitetty t\u00e4m\u00e4n ongelman ratkaisemiseen. Innovatiivinen nostoj\u00e4rjestelm\u00e4, kevyt, pieni ja liikuteltava. Nostin pystyy kantamaan 100 kg laseja (yksi henkil\u00f6) tai 150 kg (2 henkil\u00f6\u00e4). Express kuljetetaan kahtena 15 kg osana ja sen kokoaminen vie alle minuutin.  Express pystyy nostamaan ikkunan ajoneuvosta ja kuljettamaan sen asennuspaikalle ilman vahingoittumisvaaraa. 330 mm ilmarenkaat on valmistettu erityisesti kuljettamiseen rakennuskohteille tyypillisiss\u00e4 ep\u00e4tasaisissa maastoissa. Py\u00f6rien akselit ovat s\u00e4\u00e4dett\u00e4v\u00e4t v\u00e4lill\u00e4 54\u221280 cm, riippuen kuljetukseen k\u00e4ytett\u00e4viss\u00e4 olevista k\u00e4yt\u00e4vist\u00e4 ja ovista.  T\u00e4m\u00e4 erikoisj\u00e4rjestelm\u00e4 mahdollistaa lasin k\u00e4\u00e4nt\u00e4misen 360\u00b0.","og_url":"https:\/\/fedemark.ee\/fi\/tuotteet\/kuljetettavat-materiaalinosturit\/lasinostin-express\/","og_site_name":"Fedemark","article_modified_time":"2017-07-31T13:25:12+00:00","og_image":[{"width":800,"height":800,"url":"https:\/\/fedemark.ee\/wp-content\/uploads\/2017\/06\/Glasses-lift-5.jpg","type":"image\/jpeg"}],"twitter_card":"summary_large_image","schema":{"@context":"https:\/\/schema.org","@graph":[{"@type":"WebPage","@id":"https:\/\/fedemark.ee\/fi\/tuotteet\/kuljetettavat-materiaalinosturit\/lasinostin-express\/","url":"https:\/\/fedemark.ee\/fi\/tuotteet\/kuljetettavat-materiaalinosturit\/lasinostin-express\/","name":"Lasinostin Express - Fedemark","isPartOf":{"@id":"https:\/\/fedemark.ee\/#website"},"primaryImageOfPage":{"@id":"https:\/\/fedemark.ee\/fi\/tuotteet\/kuljetettavat-materiaalinosturit\/lasinostin-express\/#primaryimage"},"image":{"@id":"https:\/\/fedemark.ee\/fi\/tuotteet\/kuljetettavat-materiaalinosturit\/lasinostin-express\/#primaryimage"},"thumbnailUrl":"https:\/\/fedemark.ee\/wp-content\/uploads\/2017\/06\/Glasses-lift-5.jpg","datePublished":"2017-06-19T08:44:29+00:00","dateModified":"2017-07-31T13:25:12+00:00","breadcrumb":{"@id":"https:\/\/fedemark.ee\/fi\/tuotteet\/kuljetettavat-materiaalinosturit\/lasinostin-express\/#breadcrumb"},"inLanguage":"fi-FI","potentialAction":[{"@type":"ReadAction","target":["https:\/\/fedemark.ee\/fi\/tuotteet\/kuljetettavat-materiaalinosturit\/lasinostin-express\/"]}]},{"@type":"ImageObject","inLanguage":"fi-FI","@id":"https:\/\/fedemark.ee\/fi\/tuotteet\/kuljetettavat-materiaalinosturit\/lasinostin-express\/#primaryimage","url":"https:\/\/fedemark.ee\/wp-content\/uploads\/2017\/06\/Glasses-lift-5.jpg","contentUrl":"https:\/\/fedemark.ee\/wp-content\/uploads\/2017\/06\/Glasses-lift-5.jpg","width":800,"height":800},{"@type":"BreadcrumbList","@id":"https:\/\/fedemark.ee\/fi\/tuotteet\/kuljetettavat-materiaalinosturit\/lasinostin-express\/#breadcrumb","itemListElement":[{"@type":"ListItem","position":1,"name":"Home","item":"https:\/\/fedemark.ee\/fi\/"},{"@type":"ListItem","position":2,"name":"Tuotteet","item":"https:\/\/fedemark.ee\/fi\/tuotteet\/"},{"@type":"ListItem","position":3,"name":"Lasinostin Express"}]},{"@type":"WebSite","@id":"https:\/\/fedemark.ee\/#website","url":"https:\/\/fedemark.ee\/","name":"Fedemark","description":"Redelid, Tellingud, T\u00f6\u00f6platvormid ja vahekorrused","potentialAction":[{"@type":"SearchAction","target":{"@type":"EntryPoint","urlTemplate":"https:\/\/fedemark.ee\/?s={search_term_string}"},"query-input":"required name=search_term_string"}],"inLanguage":"fi-FI"}]}},"_links":{"self":[{"href":"https:\/\/fedemark.ee\/fi\/wp-json\/wp\/v2\/product\/7420"}],"collection":[{"href":"https:\/\/fedemark.ee\/fi\/wp-json\/wp\/v2\/product"}],"about":[{"href":"https:\/\/fedemark.ee\/fi\/wp-json\/wp\/v2\/types\/product"}],"replies":[{"embeddable":true,"href":"https:\/\/fedemark.ee\/fi\/wp-json\/wp\/v2\/comments?post=7420"}],"version-history":[{"count":0,"href":"https:\/\/fedemark.ee\/fi\/wp-json\/wp\/v2\/product\/7420\/revisions"}],"wp:featuredmedia":[{"embeddable":true,"href":"https:\/\/fedemark.ee\/fi\/wp-json\/wp\/v2\/media\/10593"}],"wp:attachment":[{"href":"https:\/\/fedemark.ee\/fi\/wp-json\/wp\/v2\/media?parent=7420"}],"wp:term":[{"taxonomy":"product_cat","embeddable":true,"href":"https:\/\/fedemark.ee\/fi\/wp-json\/wp\/v2\/product_cat?post=7420"},{"taxonomy":"product_tag","embeddable":true,"href":"https:\/\/fedemark.ee\/fi\/wp-json\/wp\/v2\/product_tag?post=7420"}],"curies":[{"name":"wp","href":"https:\/\/api.w.org\/{rel}","templated":true}]}}