{"id":7421,"date":"2017-06-19T08:48:55","date_gmt":"2017-06-19T08:48:55","guid":{"rendered":"https:\/\/sharks.ee\/fedemark\/shop\/uncategorized\/motoriseeritud-tostuk\/"},"modified":"2017-07-31T13:26:25","modified_gmt":"2017-07-31T13:26:25","slug":"motoriseeritud-tostuk","status":"publish","type":"product","link":"https:\/\/fedemark.ee\/fi\/tuotteet\/kuljetettavat-materiaalinosturit\/motoriseeritud-tostuk\/","title":{"rendered":"Moottorilla varustettu nostin"},"content":{"rendered":"","protected":false},"excerpt":{"rendered":"<p><em>Nostin rakennust\u00f6ihin ja muuttoihin \u2013 enimm\u00e4iskorkeus 23,80 m<\/em><\/p>\n<p>Nostin on helppo koota ja k\u00e4ytt\u00e4\u00e4, ja se sopii muuttoihin ja rakennust\u00f6iden suorittamiseen.<br \/>\nSill\u00e4 on helppo nostaa paneeleita, ovia, pakkauksia, hiekkaa, sementti\u00e4 ja laattoja.<br \/>\nKantavuus: 199 kg<br \/>\nAlumiiniset liitett\u00e4v\u00e4t osat ovat 2 metrin pituisia<br \/>\nKykenee ulottumaan 4,0\u221223,80 m korkeuteen<br \/>\nParvekkeille, ikkunoille ja katolle ulottumiseksi voi asentaa polven.<br \/>\nPolven asentamisen j\u00e4lkeen on suositeltavaa liitt\u00e4\u00e4 jatkokappale (0,50 m, lis\u00e4varuste), joka asetetaan alle. Se mahdollistaa alustan takaisin liikkumisen.<br \/>\nJatkokappaleita voi asentaa s\u00e4\u00e4dett\u00e4v\u00e4\u00e4n tukeen.<br \/>\nKuorma on aina tukevasti sijoitettuna ja ty\u00f6skentely turvallista.<br \/>\nMekaanisesti ohjattava putoamisen est\u00e4v\u00e4 mekanisti pys\u00e4ytt\u00e4\u00e4 tason automaattisesti. Taso kytkeytyy erityisen synteettisen materiaalin vuoksi, jonka nimi on DELRIN, ja joka on eritt\u00e4in kest\u00e4v\u00e4\u00e4 ja voitelee itsens\u00e4 automaattisesti.<\/p>\n<p>Eritt\u00e4in t\u00e4rke\u00e4\u00e4<br \/>\nNostimessa on laatta, jossa on esitettyn\u00e4 korkeudet, kaltevuudet ja enimm\u00e4iskuorma, jonka voitte sille asettaa. Mik\u00e4li nostin on varustettu s\u00e4\u00e4dett\u00e4v\u00e4ll\u00e4 polvella, kantavuus on esitetty taulukon palstassa 45\u00b0.<\/p>\n","protected":false},"featured_media":7538,"comment_status":"open","ping_status":"closed","template":"","meta":{"footnotes":""},"product_cat":[200],"product_tag":[],"yoast_head":"<!-- This site is optimized with the Yoast SEO plugin v22.6 - https:\/\/yoast.com\/wordpress\/plugins\/seo\/ -->\n<title>Moottorilla varustettu nostin - Fedemark<\/title>\n<meta name=\"robots\" content=\"index, follow, max-snippet:-1, max-image-preview:large, max-video-preview:-1\" \/>\n<link rel=\"canonical\" href=\"https:\/\/fedemark.ee\/fi\/tuotteet\/kuljetettavat-materiaalinosturit\/motoriseeritud-tostuk\/\" \/>\n<meta property=\"og:locale\" content=\"fi_FI\" \/>\n<meta property=\"og:type\" content=\"article\" \/>\n<meta property=\"og:title\" content=\"Moottorilla varustettu nostin - Fedemark\" \/>\n<meta property=\"og:description\" content=\"Nostin rakennust\u00f6ihin ja muuttoihin \u2013 enimm\u00e4iskorkeus 23,80 m  Nostin on helppo koota ja k\u00e4ytt\u00e4\u00e4, ja se sopii muuttoihin ja rakennust\u00f6iden suorittamiseen. Sill\u00e4 on helppo nostaa paneeleita, ovia, pakkauksia, hiekkaa, sementti\u00e4 ja laattoja. Kantavuus: 199 kg Alumiiniset liitett\u00e4v\u00e4t osat ovat 2 metrin pituisia Kykenee ulottumaan 4,0\u221223,80 m korkeuteen Parvekkeille, ikkunoille ja katolle ulottumiseksi voi asentaa polven. Polven asentamisen j\u00e4lkeen on suositeltavaa liitt\u00e4\u00e4 jatkokappale (0,50 m, lis\u00e4varuste), joka asetetaan alle. Se mahdollistaa alustan takaisin liikkumisen. Jatkokappaleita voi asentaa s\u00e4\u00e4dett\u00e4v\u00e4\u00e4n tukeen. Kuorma on aina tukevasti sijoitettuna ja ty\u00f6skentely turvallista. Mekaanisesti ohjattava putoamisen est\u00e4v\u00e4 mekanisti pys\u00e4ytt\u00e4\u00e4 tason automaattisesti. Taso kytkeytyy erityisen synteettisen materiaalin vuoksi, jonka nimi on DELRIN, ja joka on eritt\u00e4in kest\u00e4v\u00e4\u00e4 ja voitelee itsens\u00e4 automaattisesti.  Eritt\u00e4in t\u00e4rke\u00e4\u00e4 Nostimessa on laatta, jossa on esitettyn\u00e4 korkeudet, kaltevuudet ja enimm\u00e4iskuorma, jonka voitte sille asettaa. Mik\u00e4li nostin on varustettu s\u00e4\u00e4dett\u00e4v\u00e4ll\u00e4 polvella, kantavuus on esitetty taulukon palstassa 45\u00b0.\" \/>\n<meta property=\"og:url\" content=\"https:\/\/fedemark.ee\/fi\/tuotteet\/kuljetettavat-materiaalinosturit\/motoriseeritud-tostuk\/\" \/>\n<meta property=\"og:site_name\" content=\"Fedemark\" \/>\n<meta property=\"article:modified_time\" content=\"2017-07-31T13:26:25+00:00\" \/>\n<meta property=\"og:image\" content=\"https:\/\/fedemark.ee\/wp-content\/uploads\/2017\/06\/Motorized-elevator.jpg\" \/>\n\t<meta property=\"og:image:width\" content=\"481\" \/>\n\t<meta property=\"og:image:height\" content=\"794\" \/>\n\t<meta property=\"og:image:type\" content=\"image\/jpeg\" \/>\n<meta name=\"twitter:card\" content=\"summary_large_image\" \/>\n<script type=\"application\/ld+json\" class=\"yoast-schema-graph\">{\"@context\":\"https:\/\/schema.org\",\"@graph\":[{\"@type\":\"WebPage\",\"@id\":\"https:\/\/fedemark.ee\/fi\/tuotteet\/kuljetettavat-materiaalinosturit\/motoriseeritud-tostuk\/\",\"url\":\"https:\/\/fedemark.ee\/fi\/tuotteet\/kuljetettavat-materiaalinosturit\/motoriseeritud-tostuk\/\",\"name\":\"Moottorilla varustettu nostin - Fedemark\",\"isPartOf\":{\"@id\":\"https:\/\/fedemark.ee\/#website\"},\"primaryImageOfPage\":{\"@id\":\"https:\/\/fedemark.ee\/fi\/tuotteet\/kuljetettavat-materiaalinosturit\/motoriseeritud-tostuk\/#primaryimage\"},\"image\":{\"@id\":\"https:\/\/fedemark.ee\/fi\/tuotteet\/kuljetettavat-materiaalinosturit\/motoriseeritud-tostuk\/#primaryimage\"},\"thumbnailUrl\":\"https:\/\/fedemark.ee\/wp-content\/uploads\/2017\/06\/Motorized-elevator.jpg\",\"datePublished\":\"2017-06-19T08:48:55+00:00\",\"dateModified\":\"2017-07-31T13:26:25+00:00\",\"breadcrumb\":{\"@id\":\"https:\/\/fedemark.ee\/fi\/tuotteet\/kuljetettavat-materiaalinosturit\/motoriseeritud-tostuk\/#breadcrumb\"},\"inLanguage\":\"fi-FI\",\"potentialAction\":[{\"@type\":\"ReadAction\",\"target\":[\"https:\/\/fedemark.ee\/fi\/tuotteet\/kuljetettavat-materiaalinosturit\/motoriseeritud-tostuk\/\"]}]},{\"@type\":\"ImageObject\",\"inLanguage\":\"fi-FI\",\"@id\":\"https:\/\/fedemark.ee\/fi\/tuotteet\/kuljetettavat-materiaalinosturit\/motoriseeritud-tostuk\/#primaryimage\",\"url\":\"https:\/\/fedemark.ee\/wp-content\/uploads\/2017\/06\/Motorized-elevator.jpg\",\"contentUrl\":\"https:\/\/fedemark.ee\/wp-content\/uploads\/2017\/06\/Motorized-elevator.jpg\",\"width\":481,\"height\":794},{\"@type\":\"BreadcrumbList\",\"@id\":\"https:\/\/fedemark.ee\/fi\/tuotteet\/kuljetettavat-materiaalinosturit\/motoriseeritud-tostuk\/#breadcrumb\",\"itemListElement\":[{\"@type\":\"ListItem\",\"position\":1,\"name\":\"Home\",\"item\":\"https:\/\/fedemark.ee\/fi\/\"},{\"@type\":\"ListItem\",\"position\":2,\"name\":\"Tuotteet\",\"item\":\"https:\/\/fedemark.ee\/fi\/tuotteet\/\"},{\"@type\":\"ListItem\",\"position\":3,\"name\":\"Moottorilla varustettu nostin\"}]},{\"@type\":\"WebSite\",\"@id\":\"https:\/\/fedemark.ee\/#website\",\"url\":\"https:\/\/fedemark.ee\/\",\"name\":\"Fedemark\",\"description\":\"Redelid, Tellingud, T\u00f6\u00f6platvormid ja vahekorrused\",\"potentialAction\":[{\"@type\":\"SearchAction\",\"target\":{\"@type\":\"EntryPoint\",\"urlTemplate\":\"https:\/\/fedemark.ee\/?s={search_term_string}\"},\"query-input\":\"required name=search_term_string\"}],\"inLanguage\":\"fi-FI\"}]}<\/script>\n<!-- \/ Yoast SEO plugin. -->","yoast_head_json":{"title":"Moottorilla varustettu nostin - Fedemark","robots":{"index":"index","follow":"follow","max-snippet":"max-snippet:-1","max-image-preview":"max-image-preview:large","max-video-preview":"max-video-preview:-1"},"canonical":"https:\/\/fedemark.ee\/fi\/tuotteet\/kuljetettavat-materiaalinosturit\/motoriseeritud-tostuk\/","og_locale":"fi_FI","og_type":"article","og_title":"Moottorilla varustettu nostin - Fedemark","og_description":"Nostin rakennust\u00f6ihin ja muuttoihin \u2013 enimm\u00e4iskorkeus 23,80 m  Nostin on helppo koota ja k\u00e4ytt\u00e4\u00e4, ja se sopii muuttoihin ja rakennust\u00f6iden suorittamiseen. Sill\u00e4 on helppo nostaa paneeleita, ovia, pakkauksia, hiekkaa, sementti\u00e4 ja laattoja. Kantavuus: 199 kg Alumiiniset liitett\u00e4v\u00e4t osat ovat 2 metrin pituisia Kykenee ulottumaan 4,0\u221223,80 m korkeuteen Parvekkeille, ikkunoille ja katolle ulottumiseksi voi asentaa polven. Polven asentamisen j\u00e4lkeen on suositeltavaa liitt\u00e4\u00e4 jatkokappale (0,50 m, lis\u00e4varuste), joka asetetaan alle. Se mahdollistaa alustan takaisin liikkumisen. Jatkokappaleita voi asentaa s\u00e4\u00e4dett\u00e4v\u00e4\u00e4n tukeen. Kuorma on aina tukevasti sijoitettuna ja ty\u00f6skentely turvallista. Mekaanisesti ohjattava putoamisen est\u00e4v\u00e4 mekanisti pys\u00e4ytt\u00e4\u00e4 tason automaattisesti. Taso kytkeytyy erityisen synteettisen materiaalin vuoksi, jonka nimi on DELRIN, ja joka on eritt\u00e4in kest\u00e4v\u00e4\u00e4 ja voitelee itsens\u00e4 automaattisesti.  Eritt\u00e4in t\u00e4rke\u00e4\u00e4 Nostimessa on laatta, jossa on esitettyn\u00e4 korkeudet, kaltevuudet ja enimm\u00e4iskuorma, jonka voitte sille asettaa. Mik\u00e4li nostin on varustettu s\u00e4\u00e4dett\u00e4v\u00e4ll\u00e4 polvella, kantavuus on esitetty taulukon palstassa 45\u00b0.","og_url":"https:\/\/fedemark.ee\/fi\/tuotteet\/kuljetettavat-materiaalinosturit\/motoriseeritud-tostuk\/","og_site_name":"Fedemark","article_modified_time":"2017-07-31T13:26:25+00:00","og_image":[{"width":481,"height":794,"url":"https:\/\/fedemark.ee\/wp-content\/uploads\/2017\/06\/Motorized-elevator.jpg","type":"image\/jpeg"}],"twitter_card":"summary_large_image","schema":{"@context":"https:\/\/schema.org","@graph":[{"@type":"WebPage","@id":"https:\/\/fedemark.ee\/fi\/tuotteet\/kuljetettavat-materiaalinosturit\/motoriseeritud-tostuk\/","url":"https:\/\/fedemark.ee\/fi\/tuotteet\/kuljetettavat-materiaalinosturit\/motoriseeritud-tostuk\/","name":"Moottorilla varustettu nostin - Fedemark","isPartOf":{"@id":"https:\/\/fedemark.ee\/#website"},"primaryImageOfPage":{"@id":"https:\/\/fedemark.ee\/fi\/tuotteet\/kuljetettavat-materiaalinosturit\/motoriseeritud-tostuk\/#primaryimage"},"image":{"@id":"https:\/\/fedemark.ee\/fi\/tuotteet\/kuljetettavat-materiaalinosturit\/motoriseeritud-tostuk\/#primaryimage"},"thumbnailUrl":"https:\/\/fedemark.ee\/wp-content\/uploads\/2017\/06\/Motorized-elevator.jpg","datePublished":"2017-06-19T08:48:55+00:00","dateModified":"2017-07-31T13:26:25+00:00","breadcrumb":{"@id":"https:\/\/fedemark.ee\/fi\/tuotteet\/kuljetettavat-materiaalinosturit\/motoriseeritud-tostuk\/#breadcrumb"},"inLanguage":"fi-FI","potentialAction":[{"@type":"ReadAction","target":["https:\/\/fedemark.ee\/fi\/tuotteet\/kuljetettavat-materiaalinosturit\/motoriseeritud-tostuk\/"]}]},{"@type":"ImageObject","inLanguage":"fi-FI","@id":"https:\/\/fedemark.ee\/fi\/tuotteet\/kuljetettavat-materiaalinosturit\/motoriseeritud-tostuk\/#primaryimage","url":"https:\/\/fedemark.ee\/wp-content\/uploads\/2017\/06\/Motorized-elevator.jpg","contentUrl":"https:\/\/fedemark.ee\/wp-content\/uploads\/2017\/06\/Motorized-elevator.jpg","width":481,"height":794},{"@type":"BreadcrumbList","@id":"https:\/\/fedemark.ee\/fi\/tuotteet\/kuljetettavat-materiaalinosturit\/motoriseeritud-tostuk\/#breadcrumb","itemListElement":[{"@type":"ListItem","position":1,"name":"Home","item":"https:\/\/fedemark.ee\/fi\/"},{"@type":"ListItem","position":2,"name":"Tuotteet","item":"https:\/\/fedemark.ee\/fi\/tuotteet\/"},{"@type":"ListItem","position":3,"name":"Moottorilla varustettu nostin"}]},{"@type":"WebSite","@id":"https:\/\/fedemark.ee\/#website","url":"https:\/\/fedemark.ee\/","name":"Fedemark","description":"Redelid, Tellingud, T\u00f6\u00f6platvormid ja vahekorrused","potentialAction":[{"@type":"SearchAction","target":{"@type":"EntryPoint","urlTemplate":"https:\/\/fedemark.ee\/?s={search_term_string}"},"query-input":"required name=search_term_string"}],"inLanguage":"fi-FI"}]}},"_links":{"self":[{"href":"https:\/\/fedemark.ee\/fi\/wp-json\/wp\/v2\/product\/7421"}],"collection":[{"href":"https:\/\/fedemark.ee\/fi\/wp-json\/wp\/v2\/product"}],"about":[{"href":"https:\/\/fedemark.ee\/fi\/wp-json\/wp\/v2\/types\/product"}],"replies":[{"embeddable":true,"href":"https:\/\/fedemark.ee\/fi\/wp-json\/wp\/v2\/comments?post=7421"}],"version-history":[{"count":0,"href":"https:\/\/fedemark.ee\/fi\/wp-json\/wp\/v2\/product\/7421\/revisions"}],"wp:featuredmedia":[{"embeddable":true,"href":"https:\/\/fedemark.ee\/fi\/wp-json\/wp\/v2\/media\/7538"}],"wp:attachment":[{"href":"https:\/\/fedemark.ee\/fi\/wp-json\/wp\/v2\/media?parent=7421"}],"wp:term":[{"taxonomy":"product_cat","embeddable":true,"href":"https:\/\/fedemark.ee\/fi\/wp-json\/wp\/v2\/product_cat?post=7421"},{"taxonomy":"product_tag","embeddable":true,"href":"https:\/\/fedemark.ee\/fi\/wp-json\/wp\/v2\/product_tag?post=7421"}],"curies":[{"name":"wp","href":"https:\/\/api.w.org\/{rel}","templated":true}]}}