{"id":7422,"date":"2017-06-19T08:56:54","date_gmt":"2017-06-19T08:56:54","guid":{"rendered":"https:\/\/sharks.ee\/fedemark\/shop\/uncategorized\/hercules\/"},"modified":"2017-08-04T08:58:21","modified_gmt":"2017-08-04T08:58:21","slug":"hercules","status":"publish","type":"product","link":"https:\/\/fedemark.ee\/fi\/tuotteet\/kuljetettavat-materiaalinosturit\/hercules\/","title":{"rendered":"Hercules"},"content":{"rendered":"","protected":false},"excerpt":{"rendered":"<p><em>Nostin materiaalien nostamiseen<\/em><\/p>\n<p>Materiaalinostimessa on lujat alumiinipylv\u00e4\u00e4t, jotka tutkimusten mukaan kest\u00e4v\u00e4t tarkastetulla joustavuudella sek\u00e4 pysty- ett\u00e4 vaakasuuntaista painetta. Pylv\u00e4iden lukitusj\u00e4rjestelm\u00e4 muuttaa kuljetust\u00f6iden suorituksen helpommaksi.<br \/>\nHaarukoita voi k\u00e4ytt\u00e4\u00e4 vakioasennossa tai k\u00e4\u00e4nt\u00e4\u00e4 yl\u00f6s, jolloin saavutetaan enimm\u00e4iskorkeus.<br \/>\nNostoj\u00e4rjestelm\u00e4n on t\u00e4ysin mekaaninen ja toimii vinssi\u00e4 liikuttamalla. Lukitseva turvalaite pit\u00e4\u00e4 kuorman oikeassa asennossa ja se k\u00e4ynnistyy silloin, kun nostoj\u00e4rjestelm\u00e4n toiminnassa ilmenee jotain ongelmia tai puutteita.<br \/>\nNostin vastaa eurooppalaista standardia ja sill\u00e4 on CE-sertifikaatti.<\/p>\n<p>TEKNISET OMINAISUUDET<\/p>\n<p>Hercules \u00a0 \u00a0 \u00a0 \u00a0 \u00a0 \u00a0 \u00a0 \u00a0 \u00a0 \u00a0 \u00a0 \u00a0 \u00a0 \u00a0 \u00a0 \u00a0 \u00a0 \u00a0 \u00a0 \u00a0 \u00a0 \u00a0 \u00a0 \u00a0 \u00a0 Malli 720 \u00a0 \u00a0 Malli 545 \u00a0 \u00a0 Malli 385<br \/>\nKuorman korkeus (haarukat ylh\u00e4\u00e4ll\u00e4) m \u00a0 \u00a0 \u00a0 \u00a07,20\u00a0\u00a0\u00a0 \u00a0\u00a0\u00a0\u00a0\u00a0\u00a0\u00a0\u00a0\u00a0 \u00a05,45\u00a0\u00a0\u00a0\u00a0\u00a0\u00a0\u00a0 \u00a0\u00a0\u00a0\u00a0\u00a0\u00a0 \u00a03,85<br \/>\nKuorman korkeus (haarukat alhaalla) m \u00a0 \u00a0 \u00a0 \u00a0 \u00a0 \u00a0 \u00a06,63\u00a0\u00a0\u00a0\u00a0\u00a0 \u00a0\u00a0\u00a0\u00a0\u00a0\u00a0 \u00a0 4,90\u00a0\u00a0\u00a0\u00a0\u00a0\u00a0\u00a0\u00a0\u00a0\u00a0\u00a0\u00a0\u00a0\u00a0 \u00a03,30<br \/>\nKuljetuskorkeus\u00a0m \u00a0 \u00a0 \u00a0 \u00a0 \u00a0 \u00a0 \u00a0 \u00a0 \u00a0 \u00a0 \u00a0 \u00a0 \u00a0 \u00a0 \u00a02,14\u00a0\u00a0\u00a0 \u00a0\u00a0\u00a0\u00a0 \u00a0\u00a0\u00a0\u00a0\u00a0 2,14\u00a0\u00a0\u00a0\u00a0\u00a0\u00a0\u00a0\u00a0\u00a0\u00a0\u00a0\u00a0\u00a0\u00a0\u00a0\u00a02,14<br \/>\nKantavuus kg\u00a0 \u00a0 \u00a0 \u00a0 \u00a0 \u00a0 \u00a0 \u00a0 \u00a0 \u00a0 \u00a0 \u00a0 \u00a0 \u00a0 \u00a0 \u00a0 \u00a0 \u00a0 300\u00a0\u00a0\u00a0\u00a0\u00a0\u00a0\u00a0\u00a0\u00a0\u00a0\u00a0\u00a0\u00a0\u00a0\u00a0340\u00a0\u00a0\u00a0\u00a0\u00a0\u00a0\u00a0\u00a0\u00a0\u00a0\u00a0\u00a0\u00a0\u00a0 \u00a0 380<br \/>\nPaino kg \u00a0 \u00a0 \u00a0 \u00a0 \u00a0 \u00a0 \u00a0 \u00a0 \u00a0 \u00a0 \u00a0 \u00a0 \u00a0 \u00a0 \u00a0 \u00a0 \u00a0 \u00a0 \u00a0 \u00a0 \u00a0 \u00a0 \u00a0 \u00a0 \u00a0 \u00a0 \u00a0 200\u00a0\u00a0\u00a0\u00a0\u00a0 \u00a0\u00a0\u00a0\u00a0\u00a0\u00a0\u00a0 \u00a0165\u00a0\u00a0\u00a0\u00a0\u00a0\u00a0\u00a0 \u00a0\u00a0\u00a0\u00a0\u00a0\u00a0\u00a0 \u00a0125<br \/>\nLeveys tukien kanssa m \u00a0 \u00a0 \u00a0 \u00a0 \u00a0 \u00a0 \u00a0Vakiotuki 1,88<br \/>\nLeveys mm \u00a0 \u00a0 \u00a0 \u00a0 \u00a0 \u00a0 \u00a0 \u00a0 \u00a0 \u00a0 \u00a0 \u00a0 \u00a0 \u00a0 \u00a0 \u00a0 \u00a0 \u00a0 \u00a0 \u00a0 \u00a0 \u00a0 \u00a0 \u00a0 \u00a0 0,77\u00a0\u00a0\u00a0 \u00a0\u00a0\u00a0\u00a0\u00a0\u00a0\u00a0\u00a0\u00a0 \u00a00,77\u00a0\u00a0\u00a0\u00a0\u00a0\u00a0\u00a0\u00a0\u00a0\u00a0\u00a0\u00a0\u00a0\u00a0\u00a0 0,77<br \/>\nPituus m \u00a0 \u00a0 \u00a0 \u00a0 \u00a0 \u00a0 \u00a0 \u00a0 \u00a0 \u00a0 \u00a0 \u00a0 \u00a0 \u00a0 \u00a0 \u00a0 \u00a0 \u00a0 \u00a0 \u00a0 \u00a0 \u00a0 \u00a0 \u00a0 \u00a0 \u00a01,82\u00a0\u00a0\u00a0\u00a0\u00a0\u00a0\u00a0\u00a0\u00a0\u00a0\u00a0\u00a0\u00a0\u00a0\u00a01,82\u00a0\u00a0\u00a0\u00a0\u00a0\u00a0 \u00a0\u00a0\u00a0\u00a0\u00a0\u00a0 \u00a0 1,82<br \/>\nNostomekanismi \u00a0 \u00a0 \u00a0 \u00a0 \u00a0 \u00a0 \u00a0 \u00a0 \u00a0 \u00a0 \u00a0 \u00a0 \u00a0 \u00a0 \u00a0 \u00a0 \u00a0 \u00a0 \u00a0 \u00a0 Manuaalinen<br \/>\nKallistuvien takapy\u00f6rien l\u00e4pimitta mm \u00a0 \u00a0 \u00a0 \u00a0 \u00a0 \u00a0 \u00a0 \u00a0 \u00a0 \u00a0 \u00a0 \u00a0 200+125 \u00a0 \u00a0 \u00a0 \u00a0 \u00a0 \u00a0200+125 \u00a0 \u00a0 \u00a0 200+125<br \/>\nTakapy\u00f6rien l\u00e4pimitta mm \u00a0 \u00a0 \u00a0 \u00a0 \u00a0 \u00a0 \u00a0 \u00a0 \u00a0125 \u00a0 \u00a0 \u00a0 \u00a0 \u00a0 \u00a0 \u00a0 \u00a0 \u00a0 \u00a0 125 \u00a0 \u00a0 \u00a0 \u00a0 \u00a0 \u00a0 \u00a0 \u00a0 \u00a0125<br \/>\nEtupy\u00f6rien l\u00e4pimitta mm \u00a0 \u00a0 \u00a0 \u00a0 \u00a0 \u00a0 \u00a0 \u00a0 \u00a0 \u00a0 125 \u2013 jarrutus<\/p>\n","protected":false},"featured_media":7550,"comment_status":"open","ping_status":"closed","template":"","meta":{"footnotes":""},"product_cat":[200],"product_tag":[],"yoast_head":"<!-- This site is optimized with the Yoast SEO plugin v22.6 - https:\/\/yoast.com\/wordpress\/plugins\/seo\/ -->\n<title>Hercules - Fedemark<\/title>\n<meta name=\"robots\" content=\"index, follow, max-snippet:-1, max-image-preview:large, max-video-preview:-1\" \/>\n<link rel=\"canonical\" href=\"https:\/\/fedemark.ee\/fi\/tuotteet\/kuljetettavat-materiaalinosturit\/hercules\/\" \/>\n<meta property=\"og:locale\" content=\"fi_FI\" \/>\n<meta property=\"og:type\" content=\"article\" \/>\n<meta property=\"og:title\" content=\"Hercules - Fedemark\" \/>\n<meta property=\"og:description\" content=\"Nostin materiaalien nostamiseen  Materiaalinostimessa on lujat alumiinipylv\u00e4\u00e4t, jotka tutkimusten mukaan kest\u00e4v\u00e4t tarkastetulla joustavuudella sek\u00e4 pysty- ett\u00e4 vaakasuuntaista painetta. Pylv\u00e4iden lukitusj\u00e4rjestelm\u00e4 muuttaa kuljetust\u00f6iden suorituksen helpommaksi. Haarukoita voi k\u00e4ytt\u00e4\u00e4 vakioasennossa tai k\u00e4\u00e4nt\u00e4\u00e4 yl\u00f6s, jolloin saavutetaan enimm\u00e4iskorkeus. Nostoj\u00e4rjestelm\u00e4n on t\u00e4ysin mekaaninen ja toimii vinssi\u00e4 liikuttamalla. Lukitseva turvalaite pit\u00e4\u00e4 kuorman oikeassa asennossa ja se k\u00e4ynnistyy silloin, kun nostoj\u00e4rjestelm\u00e4n toiminnassa ilmenee jotain ongelmia tai puutteita. Nostin vastaa eurooppalaista standardia ja sill\u00e4 on CE-sertifikaatti.  TEKNISET OMINAISUUDET  Hercules \u00a0 \u00a0 \u00a0 \u00a0 \u00a0 \u00a0 \u00a0 \u00a0 \u00a0 \u00a0 \u00a0 \u00a0 \u00a0 \u00a0 \u00a0 \u00a0 \u00a0 \u00a0 \u00a0 \u00a0 \u00a0 \u00a0 \u00a0 \u00a0 \u00a0 Malli 720 \u00a0 \u00a0 Malli 545 \u00a0 \u00a0 Malli 385 Kuorman korkeus (haarukat ylh\u00e4\u00e4ll\u00e4) m \u00a0 \u00a0 \u00a0 \u00a07,20\u00a0\u00a0\u00a0 \u00a0\u00a0\u00a0\u00a0\u00a0\u00a0\u00a0\u00a0\u00a0 \u00a05,45\u00a0\u00a0\u00a0\u00a0\u00a0\u00a0\u00a0 \u00a0\u00a0\u00a0\u00a0\u00a0\u00a0 \u00a03,85 Kuorman korkeus (haarukat alhaalla) m \u00a0 \u00a0 \u00a0 \u00a0 \u00a0 \u00a0 \u00a06,63\u00a0\u00a0\u00a0\u00a0\u00a0 \u00a0\u00a0\u00a0\u00a0\u00a0\u00a0 \u00a0 4,90\u00a0\u00a0\u00a0\u00a0\u00a0\u00a0\u00a0\u00a0\u00a0\u00a0\u00a0\u00a0\u00a0\u00a0 \u00a03,30 Kuljetuskorkeus\u00a0m \u00a0 \u00a0 \u00a0 \u00a0 \u00a0 \u00a0 \u00a0 \u00a0 \u00a0 \u00a0 \u00a0 \u00a0 \u00a0 \u00a0 \u00a02,14\u00a0\u00a0\u00a0 \u00a0\u00a0\u00a0\u00a0 \u00a0\u00a0\u00a0\u00a0\u00a0 2,14\u00a0\u00a0\u00a0\u00a0\u00a0\u00a0\u00a0\u00a0\u00a0\u00a0\u00a0\u00a0\u00a0\u00a0\u00a0\u00a02,14 Kantavuus kg\u00a0 \u00a0 \u00a0 \u00a0 \u00a0 \u00a0 \u00a0 \u00a0 \u00a0 \u00a0 \u00a0 \u00a0 \u00a0 \u00a0 \u00a0 \u00a0 \u00a0 \u00a0 300\u00a0\u00a0\u00a0\u00a0\u00a0\u00a0\u00a0\u00a0\u00a0\u00a0\u00a0\u00a0\u00a0\u00a0\u00a0340\u00a0\u00a0\u00a0\u00a0\u00a0\u00a0\u00a0\u00a0\u00a0\u00a0\u00a0\u00a0\u00a0\u00a0 \u00a0 380 Paino kg \u00a0 \u00a0 \u00a0 \u00a0 \u00a0 \u00a0 \u00a0 \u00a0 \u00a0 \u00a0 \u00a0 \u00a0 \u00a0 \u00a0 \u00a0 \u00a0 \u00a0 \u00a0 \u00a0 \u00a0 \u00a0 \u00a0 \u00a0 \u00a0 \u00a0 \u00a0 \u00a0 200\u00a0\u00a0\u00a0\u00a0\u00a0 \u00a0\u00a0\u00a0\u00a0\u00a0\u00a0\u00a0 \u00a0165\u00a0\u00a0\u00a0\u00a0\u00a0\u00a0\u00a0 \u00a0\u00a0\u00a0\u00a0\u00a0\u00a0\u00a0 \u00a0125 Leveys tukien kanssa m \u00a0 \u00a0 \u00a0 \u00a0 \u00a0 \u00a0 \u00a0Vakiotuki 1,88 Leveys mm \u00a0 \u00a0 \u00a0 \u00a0 \u00a0 \u00a0 \u00a0 \u00a0 \u00a0 \u00a0 \u00a0 \u00a0 \u00a0 \u00a0 \u00a0 \u00a0 \u00a0 \u00a0 \u00a0 \u00a0 \u00a0 \u00a0 \u00a0 \u00a0 \u00a0 0,77\u00a0\u00a0\u00a0 \u00a0\u00a0\u00a0\u00a0\u00a0\u00a0\u00a0\u00a0\u00a0 \u00a00,77\u00a0\u00a0\u00a0\u00a0\u00a0\u00a0\u00a0\u00a0\u00a0\u00a0\u00a0\u00a0\u00a0\u00a0\u00a0 0,77 Pituus m \u00a0 \u00a0 \u00a0 \u00a0 \u00a0 \u00a0 \u00a0 \u00a0 \u00a0 \u00a0 \u00a0 \u00a0 \u00a0 \u00a0 \u00a0 \u00a0 \u00a0 \u00a0 \u00a0 \u00a0 \u00a0 \u00a0 \u00a0 \u00a0 \u00a0 \u00a01,82\u00a0\u00a0\u00a0\u00a0\u00a0\u00a0\u00a0\u00a0\u00a0\u00a0\u00a0\u00a0\u00a0\u00a0\u00a01,82\u00a0\u00a0\u00a0\u00a0\u00a0\u00a0 \u00a0\u00a0\u00a0\u00a0\u00a0\u00a0 \u00a0 1,82 Nostomekanismi \u00a0 \u00a0 \u00a0 \u00a0 \u00a0 \u00a0 \u00a0 \u00a0 \u00a0 \u00a0 \u00a0 \u00a0 \u00a0 \u00a0 \u00a0 \u00a0 \u00a0 \u00a0 \u00a0 \u00a0 Manuaalinen Kallistuvien takapy\u00f6rien l\u00e4pimitta mm \u00a0 \u00a0 \u00a0 \u00a0 \u00a0 \u00a0 \u00a0 \u00a0 \u00a0 \u00a0 \u00a0 \u00a0 200+125 \u00a0 \u00a0 \u00a0 \u00a0 \u00a0 \u00a0200+125 \u00a0 \u00a0 \u00a0 200+125 Takapy\u00f6rien l\u00e4pimitta mm \u00a0 \u00a0 \u00a0 \u00a0 \u00a0 \u00a0 \u00a0 \u00a0 \u00a0125 \u00a0 \u00a0 \u00a0 \u00a0 \u00a0 \u00a0 \u00a0 \u00a0 \u00a0 \u00a0 125 \u00a0 \u00a0 \u00a0 \u00a0 \u00a0 \u00a0 \u00a0 \u00a0 \u00a0125 Etupy\u00f6rien l\u00e4pimitta mm \u00a0 \u00a0 \u00a0 \u00a0 \u00a0 \u00a0 \u00a0 \u00a0 \u00a0 \u00a0 125 \u2013 jarrutus\" \/>\n<meta property=\"og:url\" content=\"https:\/\/fedemark.ee\/fi\/tuotteet\/kuljetettavat-materiaalinosturit\/hercules\/\" \/>\n<meta property=\"og:site_name\" content=\"Fedemark\" \/>\n<meta property=\"article:modified_time\" content=\"2017-08-04T08:58:21+00:00\" \/>\n<meta property=\"og:image\" content=\"https:\/\/fedemark.ee\/wp-content\/uploads\/2017\/06\/Hercules.jpg\" \/>\n\t<meta property=\"og:image:width\" content=\"450\" \/>\n\t<meta property=\"og:image:height\" content=\"600\" \/>\n\t<meta property=\"og:image:type\" content=\"image\/jpeg\" \/>\n<meta name=\"twitter:card\" content=\"summary_large_image\" \/>\n<script type=\"application\/ld+json\" class=\"yoast-schema-graph\">{\"@context\":\"https:\/\/schema.org\",\"@graph\":[{\"@type\":\"WebPage\",\"@id\":\"https:\/\/fedemark.ee\/fi\/tuotteet\/kuljetettavat-materiaalinosturit\/hercules\/\",\"url\":\"https:\/\/fedemark.ee\/fi\/tuotteet\/kuljetettavat-materiaalinosturit\/hercules\/\",\"name\":\"Hercules - Fedemark\",\"isPartOf\":{\"@id\":\"https:\/\/fedemark.ee\/#website\"},\"primaryImageOfPage\":{\"@id\":\"https:\/\/fedemark.ee\/fi\/tuotteet\/kuljetettavat-materiaalinosturit\/hercules\/#primaryimage\"},\"image\":{\"@id\":\"https:\/\/fedemark.ee\/fi\/tuotteet\/kuljetettavat-materiaalinosturit\/hercules\/#primaryimage\"},\"thumbnailUrl\":\"https:\/\/fedemark.ee\/wp-content\/uploads\/2017\/06\/Hercules.jpg\",\"datePublished\":\"2017-06-19T08:56:54+00:00\",\"dateModified\":\"2017-08-04T08:58:21+00:00\",\"breadcrumb\":{\"@id\":\"https:\/\/fedemark.ee\/fi\/tuotteet\/kuljetettavat-materiaalinosturit\/hercules\/#breadcrumb\"},\"inLanguage\":\"fi-FI\",\"potentialAction\":[{\"@type\":\"ReadAction\",\"target\":[\"https:\/\/fedemark.ee\/fi\/tuotteet\/kuljetettavat-materiaalinosturit\/hercules\/\"]}]},{\"@type\":\"ImageObject\",\"inLanguage\":\"fi-FI\",\"@id\":\"https:\/\/fedemark.ee\/fi\/tuotteet\/kuljetettavat-materiaalinosturit\/hercules\/#primaryimage\",\"url\":\"https:\/\/fedemark.ee\/wp-content\/uploads\/2017\/06\/Hercules.jpg\",\"contentUrl\":\"https:\/\/fedemark.ee\/wp-content\/uploads\/2017\/06\/Hercules.jpg\",\"width\":450,\"height\":600},{\"@type\":\"BreadcrumbList\",\"@id\":\"https:\/\/fedemark.ee\/fi\/tuotteet\/kuljetettavat-materiaalinosturit\/hercules\/#breadcrumb\",\"itemListElement\":[{\"@type\":\"ListItem\",\"position\":1,\"name\":\"Home\",\"item\":\"https:\/\/fedemark.ee\/fi\/\"},{\"@type\":\"ListItem\",\"position\":2,\"name\":\"Tuotteet\",\"item\":\"https:\/\/fedemark.ee\/fi\/tuotteet\/\"},{\"@type\":\"ListItem\",\"position\":3,\"name\":\"Hercules\"}]},{\"@type\":\"WebSite\",\"@id\":\"https:\/\/fedemark.ee\/#website\",\"url\":\"https:\/\/fedemark.ee\/\",\"name\":\"Fedemark\",\"description\":\"Redelid, Tellingud, T\u00f6\u00f6platvormid ja vahekorrused\",\"potentialAction\":[{\"@type\":\"SearchAction\",\"target\":{\"@type\":\"EntryPoint\",\"urlTemplate\":\"https:\/\/fedemark.ee\/?s={search_term_string}\"},\"query-input\":\"required name=search_term_string\"}],\"inLanguage\":\"fi-FI\"}]}<\/script>\n<!-- \/ Yoast SEO plugin. -->","yoast_head_json":{"title":"Hercules - Fedemark","robots":{"index":"index","follow":"follow","max-snippet":"max-snippet:-1","max-image-preview":"max-image-preview:large","max-video-preview":"max-video-preview:-1"},"canonical":"https:\/\/fedemark.ee\/fi\/tuotteet\/kuljetettavat-materiaalinosturit\/hercules\/","og_locale":"fi_FI","og_type":"article","og_title":"Hercules - Fedemark","og_description":"Nostin materiaalien nostamiseen  Materiaalinostimessa on lujat alumiinipylv\u00e4\u00e4t, jotka tutkimusten mukaan kest\u00e4v\u00e4t tarkastetulla joustavuudella sek\u00e4 pysty- ett\u00e4 vaakasuuntaista painetta. Pylv\u00e4iden lukitusj\u00e4rjestelm\u00e4 muuttaa kuljetust\u00f6iden suorituksen helpommaksi. Haarukoita voi k\u00e4ytt\u00e4\u00e4 vakioasennossa tai k\u00e4\u00e4nt\u00e4\u00e4 yl\u00f6s, jolloin saavutetaan enimm\u00e4iskorkeus. Nostoj\u00e4rjestelm\u00e4n on t\u00e4ysin mekaaninen ja toimii vinssi\u00e4 liikuttamalla. Lukitseva turvalaite pit\u00e4\u00e4 kuorman oikeassa asennossa ja se k\u00e4ynnistyy silloin, kun nostoj\u00e4rjestelm\u00e4n toiminnassa ilmenee jotain ongelmia tai puutteita. Nostin vastaa eurooppalaista standardia ja sill\u00e4 on CE-sertifikaatti.  TEKNISET OMINAISUUDET  Hercules \u00a0 \u00a0 \u00a0 \u00a0 \u00a0 \u00a0 \u00a0 \u00a0 \u00a0 \u00a0 \u00a0 \u00a0 \u00a0 \u00a0 \u00a0 \u00a0 \u00a0 \u00a0 \u00a0 \u00a0 \u00a0 \u00a0 \u00a0 \u00a0 \u00a0 Malli 720 \u00a0 \u00a0 Malli 545 \u00a0 \u00a0 Malli 385 Kuorman korkeus (haarukat ylh\u00e4\u00e4ll\u00e4) m \u00a0 \u00a0 \u00a0 \u00a07,20\u00a0\u00a0\u00a0 \u00a0\u00a0\u00a0\u00a0\u00a0\u00a0\u00a0\u00a0\u00a0 \u00a05,45\u00a0\u00a0\u00a0\u00a0\u00a0\u00a0\u00a0 \u00a0\u00a0\u00a0\u00a0\u00a0\u00a0 \u00a03,85 Kuorman korkeus (haarukat alhaalla) m \u00a0 \u00a0 \u00a0 \u00a0 \u00a0 \u00a0 \u00a06,63\u00a0\u00a0\u00a0\u00a0\u00a0 \u00a0\u00a0\u00a0\u00a0\u00a0\u00a0 \u00a0 4,90\u00a0\u00a0\u00a0\u00a0\u00a0\u00a0\u00a0\u00a0\u00a0\u00a0\u00a0\u00a0\u00a0\u00a0 \u00a03,30 Kuljetuskorkeus\u00a0m \u00a0 \u00a0 \u00a0 \u00a0 \u00a0 \u00a0 \u00a0 \u00a0 \u00a0 \u00a0 \u00a0 \u00a0 \u00a0 \u00a0 \u00a02,14\u00a0\u00a0\u00a0 \u00a0\u00a0\u00a0\u00a0 \u00a0\u00a0\u00a0\u00a0\u00a0 2,14\u00a0\u00a0\u00a0\u00a0\u00a0\u00a0\u00a0\u00a0\u00a0\u00a0\u00a0\u00a0\u00a0\u00a0\u00a0\u00a02,14 Kantavuus kg\u00a0 \u00a0 \u00a0 \u00a0 \u00a0 \u00a0 \u00a0 \u00a0 \u00a0 \u00a0 \u00a0 \u00a0 \u00a0 \u00a0 \u00a0 \u00a0 \u00a0 \u00a0 300\u00a0\u00a0\u00a0\u00a0\u00a0\u00a0\u00a0\u00a0\u00a0\u00a0\u00a0\u00a0\u00a0\u00a0\u00a0340\u00a0\u00a0\u00a0\u00a0\u00a0\u00a0\u00a0\u00a0\u00a0\u00a0\u00a0\u00a0\u00a0\u00a0 \u00a0 380 Paino kg \u00a0 \u00a0 \u00a0 \u00a0 \u00a0 \u00a0 \u00a0 \u00a0 \u00a0 \u00a0 \u00a0 \u00a0 \u00a0 \u00a0 \u00a0 \u00a0 \u00a0 \u00a0 \u00a0 \u00a0 \u00a0 \u00a0 \u00a0 \u00a0 \u00a0 \u00a0 \u00a0 200\u00a0\u00a0\u00a0\u00a0\u00a0 \u00a0\u00a0\u00a0\u00a0\u00a0\u00a0\u00a0 \u00a0165\u00a0\u00a0\u00a0\u00a0\u00a0\u00a0\u00a0 \u00a0\u00a0\u00a0\u00a0\u00a0\u00a0\u00a0 \u00a0125 Leveys tukien kanssa m \u00a0 \u00a0 \u00a0 \u00a0 \u00a0 \u00a0 \u00a0Vakiotuki 1,88 Leveys mm \u00a0 \u00a0 \u00a0 \u00a0 \u00a0 \u00a0 \u00a0 \u00a0 \u00a0 \u00a0 \u00a0 \u00a0 \u00a0 \u00a0 \u00a0 \u00a0 \u00a0 \u00a0 \u00a0 \u00a0 \u00a0 \u00a0 \u00a0 \u00a0 \u00a0 0,77\u00a0\u00a0\u00a0 \u00a0\u00a0\u00a0\u00a0\u00a0\u00a0\u00a0\u00a0\u00a0 \u00a00,77\u00a0\u00a0\u00a0\u00a0\u00a0\u00a0\u00a0\u00a0\u00a0\u00a0\u00a0\u00a0\u00a0\u00a0\u00a0 0,77 Pituus m \u00a0 \u00a0 \u00a0 \u00a0 \u00a0 \u00a0 \u00a0 \u00a0 \u00a0 \u00a0 \u00a0 \u00a0 \u00a0 \u00a0 \u00a0 \u00a0 \u00a0 \u00a0 \u00a0 \u00a0 \u00a0 \u00a0 \u00a0 \u00a0 \u00a0 \u00a01,82\u00a0\u00a0\u00a0\u00a0\u00a0\u00a0\u00a0\u00a0\u00a0\u00a0\u00a0\u00a0\u00a0\u00a0\u00a01,82\u00a0\u00a0\u00a0\u00a0\u00a0\u00a0 \u00a0\u00a0\u00a0\u00a0\u00a0\u00a0 \u00a0 1,82 Nostomekanismi \u00a0 \u00a0 \u00a0 \u00a0 \u00a0 \u00a0 \u00a0 \u00a0 \u00a0 \u00a0 \u00a0 \u00a0 \u00a0 \u00a0 \u00a0 \u00a0 \u00a0 \u00a0 \u00a0 \u00a0 Manuaalinen Kallistuvien takapy\u00f6rien l\u00e4pimitta mm \u00a0 \u00a0 \u00a0 \u00a0 \u00a0 \u00a0 \u00a0 \u00a0 \u00a0 \u00a0 \u00a0 \u00a0 200+125 \u00a0 \u00a0 \u00a0 \u00a0 \u00a0 \u00a0200+125 \u00a0 \u00a0 \u00a0 200+125 Takapy\u00f6rien l\u00e4pimitta mm \u00a0 \u00a0 \u00a0 \u00a0 \u00a0 \u00a0 \u00a0 \u00a0 \u00a0125 \u00a0 \u00a0 \u00a0 \u00a0 \u00a0 \u00a0 \u00a0 \u00a0 \u00a0 \u00a0 125 \u00a0 \u00a0 \u00a0 \u00a0 \u00a0 \u00a0 \u00a0 \u00a0 \u00a0125 Etupy\u00f6rien l\u00e4pimitta mm \u00a0 \u00a0 \u00a0 \u00a0 \u00a0 \u00a0 \u00a0 \u00a0 \u00a0 \u00a0 125 \u2013 jarrutus","og_url":"https:\/\/fedemark.ee\/fi\/tuotteet\/kuljetettavat-materiaalinosturit\/hercules\/","og_site_name":"Fedemark","article_modified_time":"2017-08-04T08:58:21+00:00","og_image":[{"width":450,"height":600,"url":"https:\/\/fedemark.ee\/wp-content\/uploads\/2017\/06\/Hercules.jpg","type":"image\/jpeg"}],"twitter_card":"summary_large_image","schema":{"@context":"https:\/\/schema.org","@graph":[{"@type":"WebPage","@id":"https:\/\/fedemark.ee\/fi\/tuotteet\/kuljetettavat-materiaalinosturit\/hercules\/","url":"https:\/\/fedemark.ee\/fi\/tuotteet\/kuljetettavat-materiaalinosturit\/hercules\/","name":"Hercules - Fedemark","isPartOf":{"@id":"https:\/\/fedemark.ee\/#website"},"primaryImageOfPage":{"@id":"https:\/\/fedemark.ee\/fi\/tuotteet\/kuljetettavat-materiaalinosturit\/hercules\/#primaryimage"},"image":{"@id":"https:\/\/fedemark.ee\/fi\/tuotteet\/kuljetettavat-materiaalinosturit\/hercules\/#primaryimage"},"thumbnailUrl":"https:\/\/fedemark.ee\/wp-content\/uploads\/2017\/06\/Hercules.jpg","datePublished":"2017-06-19T08:56:54+00:00","dateModified":"2017-08-04T08:58:21+00:00","breadcrumb":{"@id":"https:\/\/fedemark.ee\/fi\/tuotteet\/kuljetettavat-materiaalinosturit\/hercules\/#breadcrumb"},"inLanguage":"fi-FI","potentialAction":[{"@type":"ReadAction","target":["https:\/\/fedemark.ee\/fi\/tuotteet\/kuljetettavat-materiaalinosturit\/hercules\/"]}]},{"@type":"ImageObject","inLanguage":"fi-FI","@id":"https:\/\/fedemark.ee\/fi\/tuotteet\/kuljetettavat-materiaalinosturit\/hercules\/#primaryimage","url":"https:\/\/fedemark.ee\/wp-content\/uploads\/2017\/06\/Hercules.jpg","contentUrl":"https:\/\/fedemark.ee\/wp-content\/uploads\/2017\/06\/Hercules.jpg","width":450,"height":600},{"@type":"BreadcrumbList","@id":"https:\/\/fedemark.ee\/fi\/tuotteet\/kuljetettavat-materiaalinosturit\/hercules\/#breadcrumb","itemListElement":[{"@type":"ListItem","position":1,"name":"Home","item":"https:\/\/fedemark.ee\/fi\/"},{"@type":"ListItem","position":2,"name":"Tuotteet","item":"https:\/\/fedemark.ee\/fi\/tuotteet\/"},{"@type":"ListItem","position":3,"name":"Hercules"}]},{"@type":"WebSite","@id":"https:\/\/fedemark.ee\/#website","url":"https:\/\/fedemark.ee\/","name":"Fedemark","description":"Redelid, Tellingud, T\u00f6\u00f6platvormid ja vahekorrused","potentialAction":[{"@type":"SearchAction","target":{"@type":"EntryPoint","urlTemplate":"https:\/\/fedemark.ee\/?s={search_term_string}"},"query-input":"required name=search_term_string"}],"inLanguage":"fi-FI"}]}},"_links":{"self":[{"href":"https:\/\/fedemark.ee\/fi\/wp-json\/wp\/v2\/product\/7422"}],"collection":[{"href":"https:\/\/fedemark.ee\/fi\/wp-json\/wp\/v2\/product"}],"about":[{"href":"https:\/\/fedemark.ee\/fi\/wp-json\/wp\/v2\/types\/product"}],"replies":[{"embeddable":true,"href":"https:\/\/fedemark.ee\/fi\/wp-json\/wp\/v2\/comments?post=7422"}],"version-history":[{"count":1,"href":"https:\/\/fedemark.ee\/fi\/wp-json\/wp\/v2\/product\/7422\/revisions"}],"predecessor-version":[{"id":7423,"href":"https:\/\/fedemark.ee\/fi\/wp-json\/wp\/v2\/product\/7422\/revisions\/7423"}],"wp:featuredmedia":[{"embeddable":true,"href":"https:\/\/fedemark.ee\/fi\/wp-json\/wp\/v2\/media\/7550"}],"wp:attachment":[{"href":"https:\/\/fedemark.ee\/fi\/wp-json\/wp\/v2\/media?parent=7422"}],"wp:term":[{"taxonomy":"product_cat","embeddable":true,"href":"https:\/\/fedemark.ee\/fi\/wp-json\/wp\/v2\/product_cat?post=7422"},{"taxonomy":"product_tag","embeddable":true,"href":"https:\/\/fedemark.ee\/fi\/wp-json\/wp\/v2\/product_tag?post=7422"}],"curies":[{"name":"wp","href":"https:\/\/api.w.org\/{rel}","templated":true}]}}