{"id":7963,"date":"2017-06-16T08:27:07","date_gmt":"2017-06-16T08:27:07","guid":{"rendered":"https:\/\/sharks.ee\/fedemark\/shop\/uncategorized\/top-step\/"},"modified":"2017-10-18T09:06:02","modified_gmt":"2017-10-18T09:06:02","slug":"topstep","status":"publish","type":"product","link":"https:\/\/fedemark.ee\/fi\/tuotteet\/tikkaat-harrastuskayttoon-ja-kevyisiin-toihin\/tasotikkaat-fi\/topstep\/","title":{"rendered":"Topstep"},"content":{"rendered":"","protected":false},"excerpt":{"rendered":"<p>Yksipuolinen alumiinitikas<\/p>\n<p>Ainutlaatuinen ja poikkeuksellinen muotoilu.<\/p>\n<p>Yksipuolinen tikas, yl\u00e4osassa taso ja tukipuola.<br \/>\nKest\u00e4v\u00e4 ja vakaa, ihanteellinen kotik\u00e4ytt\u00f6\u00f6n.<br \/>\nAlumiini ei ruostu ja askelmat on niitattu pystytankoihin \u2013 t\u00e4m\u00e4n ansiosta tikas on kest\u00e4v\u00e4 ja vakaa.<\/p>\n<p>Tikkaiden on kaksi yll\u00e4tt\u00e4v\u00e4\u00e4 avautumista est\u00e4v\u00e4\u00e4 v\u00e4linett\u00e4: itselukkiutuva taso ja turvahihnat.<\/p>\n<p>Tuote vastaa italialaisia ja eurooppalaisia m\u00e4\u00e4r\u00e4yksi\u00e4 sek\u00e4 eurooppalaista standardia EN131. Sen k\u00e4ytt\u00f6 vastaa lains\u00e4\u00e4d\u00e4nn\u00f6llist\u00e4 asetusta nro 81\/08.<\/p>\n<p>TEKNISET TIEDOT<\/p>\n<ul>\n<li>Automaattinen taso 28 x 25 cm<\/li>\n<li>Askelmien v\u00e4linen et\u00e4isyys 23 cm<\/li>\n<li>Tukipuolan korkeus: 60,5 cm<\/li>\n<li>Askelmien m\u00e4\u00e4r\u00e4 3 \u2212 7<\/li>\n<li>Tason korkeudet 0,62 \u2212 1,50 m<\/li>\n<li>Askelmapuolen profiili 40 x 20 mm<\/li>\n<li>Takaprofiili 35 x 20 mm<\/li>\n<li>Profiilien minimipaksuus 1,2 mm<\/li>\n<li>Paksuus suljettuna 12 cm<\/li>\n<\/ul>\n<p>VAKIOVARUSTUS<\/p>\n<ul>\n<li>Ruuviavain- ja sankopidin<\/li>\n<li>Ergonomiset liukumattomasta PVC:st\u00e4 valmistetut jalanp\u00e4\u00e4t<\/li>\n<li>Liukumattomat askelmat, syvyys 83 mm<\/li>\n<li>2 avautumista est\u00e4v\u00e4\u00e4 turvahihnaa<\/li>\n<li>Kyltit sek\u00e4 k\u00e4ytt\u00f6- ja huolto-ohje<\/li>\n<li>Kuvalla varustettu l\u00e4mp\u00f6kutistuva pakkaus<\/li>\n<li>Testisertifikaatti vastaa italialaisia ja eurooppalaisia m\u00e4\u00e4r\u00e4yksi\u00e4<\/li>\n<\/ul>\n<p><img loading=\"lazy\" decoding=\"async\" class=\"alignnone wp-image-5257\" src=\"https:\/\/fedemark.ee\/wp-content\/uploads\/2017\/06\/Ikoonid_03-Copy.jpg\" alt=\"\" width=\"61\" height=\"61\" srcset=\"https:\/\/fedemark.ee\/wp-content\/uploads\/2017\/06\/Ikoonid_03-Copy.jpg 132w, https:\/\/fedemark.ee\/wp-content\/uploads\/2017\/06\/Ikoonid_03-Copy-100x100.jpg 100w\" sizes=\"(max-width: 61px) 100vw, 61px\" \/><img loading=\"lazy\" decoding=\"async\" class=\"alignnone wp-image-5353\" src=\"https:\/\/fedemark.ee\/wp-content\/uploads\/2017\/06\/Ikoonid_50.jpg\" alt=\"\" width=\"53\" height=\"63\" \/><\/p>\n","protected":false},"featured_media":6881,"comment_status":"open","ping_status":"closed","template":"","meta":{"footnotes":""},"product_cat":[208,171],"product_tag":[],"yoast_head":"<!-- This site is optimized with the Yoast SEO plugin v22.6 - https:\/\/yoast.com\/wordpress\/plugins\/seo\/ -->\n<title>Topstep - Fedemark<\/title>\n<meta name=\"robots\" content=\"index, follow, max-snippet:-1, max-image-preview:large, max-video-preview:-1\" \/>\n<link rel=\"canonical\" href=\"https:\/\/fedemark.ee\/fi\/tuotteet\/tikkaat-harrastuskayttoon-ja-kevyisiin-toihin\/tasotikkaat-fi\/topstep\/\" \/>\n<meta property=\"og:locale\" content=\"fi_FI\" \/>\n<meta property=\"og:type\" content=\"article\" \/>\n<meta property=\"og:title\" content=\"Topstep - Fedemark\" \/>\n<meta property=\"og:description\" content=\"Yksipuolinen alumiinitikas  Ainutlaatuinen ja poikkeuksellinen muotoilu.  Yksipuolinen tikas, yl\u00e4osassa taso ja tukipuola. Kest\u00e4v\u00e4 ja vakaa, ihanteellinen kotik\u00e4ytt\u00f6\u00f6n. Alumiini ei ruostu ja askelmat on niitattu pystytankoihin \u2013 t\u00e4m\u00e4n ansiosta tikas on kest\u00e4v\u00e4 ja vakaa.  Tikkaiden on kaksi yll\u00e4tt\u00e4v\u00e4\u00e4 avautumista est\u00e4v\u00e4\u00e4 v\u00e4linett\u00e4: itselukkiutuva taso ja turvahihnat.  Tuote vastaa italialaisia ja eurooppalaisia m\u00e4\u00e4r\u00e4yksi\u00e4 sek\u00e4 eurooppalaista standardia EN131. Sen k\u00e4ytt\u00f6 vastaa lains\u00e4\u00e4d\u00e4nn\u00f6llist\u00e4 asetusta nro 81\/08.  TEKNISET TIEDOT   Automaattinen taso 28 x 25 cm  Askelmien v\u00e4linen et\u00e4isyys 23 cm  Tukipuolan korkeus: 60,5 cm  Askelmien m\u00e4\u00e4r\u00e4 3 \u2212 7  Tason korkeudet 0,62 \u2212 1,50 m  Askelmapuolen profiili 40 x 20 mm  Takaprofiili 35 x 20 mm  Profiilien minimipaksuus 1,2 mm  Paksuus suljettuna 12 cm  VAKIOVARUSTUS   Ruuviavain- ja sankopidin  Ergonomiset liukumattomasta PVC:st\u00e4 valmistetut jalanp\u00e4\u00e4t  Liukumattomat askelmat, syvyys 83 mm  2 avautumista est\u00e4v\u00e4\u00e4 turvahihnaa  Kyltit sek\u00e4 k\u00e4ytt\u00f6- ja huolto-ohje  Kuvalla varustettu l\u00e4mp\u00f6kutistuva pakkaus  Testisertifikaatti vastaa italialaisia ja eurooppalaisia m\u00e4\u00e4r\u00e4yksi\u00e4\" \/>\n<meta property=\"og:url\" content=\"https:\/\/fedemark.ee\/fi\/tuotteet\/tikkaat-harrastuskayttoon-ja-kevyisiin-toihin\/tasotikkaat-fi\/topstep\/\" \/>\n<meta property=\"og:site_name\" content=\"Fedemark\" \/>\n<meta property=\"article:modified_time\" content=\"2017-10-18T09:06:02+00:00\" \/>\n<meta property=\"og:image\" content=\"https:\/\/fedemark.ee\/wp-content\/uploads\/2017\/06\/Topstep-2.jpg\" \/>\n\t<meta property=\"og:image:width\" content=\"394\" \/>\n\t<meta property=\"og:image:height\" content=\"600\" \/>\n\t<meta property=\"og:image:type\" content=\"image\/jpeg\" \/>\n<meta name=\"twitter:card\" content=\"summary_large_image\" \/>\n<script type=\"application\/ld+json\" class=\"yoast-schema-graph\">{\"@context\":\"https:\/\/schema.org\",\"@graph\":[{\"@type\":\"WebPage\",\"@id\":\"https:\/\/fedemark.ee\/fi\/tuotteet\/tikkaat-harrastuskayttoon-ja-kevyisiin-toihin\/tasotikkaat-fi\/topstep\/\",\"url\":\"https:\/\/fedemark.ee\/fi\/tuotteet\/tikkaat-harrastuskayttoon-ja-kevyisiin-toihin\/tasotikkaat-fi\/topstep\/\",\"name\":\"Topstep - Fedemark\",\"isPartOf\":{\"@id\":\"https:\/\/fedemark.ee\/#website\"},\"primaryImageOfPage\":{\"@id\":\"https:\/\/fedemark.ee\/fi\/tuotteet\/tikkaat-harrastuskayttoon-ja-kevyisiin-toihin\/tasotikkaat-fi\/topstep\/#primaryimage\"},\"image\":{\"@id\":\"https:\/\/fedemark.ee\/fi\/tuotteet\/tikkaat-harrastuskayttoon-ja-kevyisiin-toihin\/tasotikkaat-fi\/topstep\/#primaryimage\"},\"thumbnailUrl\":\"https:\/\/fedemark.ee\/wp-content\/uploads\/2017\/06\/Topstep-2.jpg\",\"datePublished\":\"2017-06-16T08:27:07+00:00\",\"dateModified\":\"2017-10-18T09:06:02+00:00\",\"breadcrumb\":{\"@id\":\"https:\/\/fedemark.ee\/fi\/tuotteet\/tikkaat-harrastuskayttoon-ja-kevyisiin-toihin\/tasotikkaat-fi\/topstep\/#breadcrumb\"},\"inLanguage\":\"fi-FI\",\"potentialAction\":[{\"@type\":\"ReadAction\",\"target\":[\"https:\/\/fedemark.ee\/fi\/tuotteet\/tikkaat-harrastuskayttoon-ja-kevyisiin-toihin\/tasotikkaat-fi\/topstep\/\"]}]},{\"@type\":\"ImageObject\",\"inLanguage\":\"fi-FI\",\"@id\":\"https:\/\/fedemark.ee\/fi\/tuotteet\/tikkaat-harrastuskayttoon-ja-kevyisiin-toihin\/tasotikkaat-fi\/topstep\/#primaryimage\",\"url\":\"https:\/\/fedemark.ee\/wp-content\/uploads\/2017\/06\/Topstep-2.jpg\",\"contentUrl\":\"https:\/\/fedemark.ee\/wp-content\/uploads\/2017\/06\/Topstep-2.jpg\",\"width\":394,\"height\":600},{\"@type\":\"BreadcrumbList\",\"@id\":\"https:\/\/fedemark.ee\/fi\/tuotteet\/tikkaat-harrastuskayttoon-ja-kevyisiin-toihin\/tasotikkaat-fi\/topstep\/#breadcrumb\",\"itemListElement\":[{\"@type\":\"ListItem\",\"position\":1,\"name\":\"Home\",\"item\":\"https:\/\/fedemark.ee\/fi\/\"},{\"@type\":\"ListItem\",\"position\":2,\"name\":\"Tuotteet\",\"item\":\"https:\/\/fedemark.ee\/fi\/tuotteet\/\"},{\"@type\":\"ListItem\",\"position\":3,\"name\":\"Topstep\"}]},{\"@type\":\"WebSite\",\"@id\":\"https:\/\/fedemark.ee\/#website\",\"url\":\"https:\/\/fedemark.ee\/\",\"name\":\"Fedemark\",\"description\":\"Redelid, Tellingud, T\u00f6\u00f6platvormid ja vahekorrused\",\"potentialAction\":[{\"@type\":\"SearchAction\",\"target\":{\"@type\":\"EntryPoint\",\"urlTemplate\":\"https:\/\/fedemark.ee\/?s={search_term_string}\"},\"query-input\":\"required name=search_term_string\"}],\"inLanguage\":\"fi-FI\"}]}<\/script>\n<!-- \/ Yoast SEO plugin. -->","yoast_head_json":{"title":"Topstep - Fedemark","robots":{"index":"index","follow":"follow","max-snippet":"max-snippet:-1","max-image-preview":"max-image-preview:large","max-video-preview":"max-video-preview:-1"},"canonical":"https:\/\/fedemark.ee\/fi\/tuotteet\/tikkaat-harrastuskayttoon-ja-kevyisiin-toihin\/tasotikkaat-fi\/topstep\/","og_locale":"fi_FI","og_type":"article","og_title":"Topstep - Fedemark","og_description":"Yksipuolinen alumiinitikas  Ainutlaatuinen ja poikkeuksellinen muotoilu.  Yksipuolinen tikas, yl\u00e4osassa taso ja tukipuola. Kest\u00e4v\u00e4 ja vakaa, ihanteellinen kotik\u00e4ytt\u00f6\u00f6n. Alumiini ei ruostu ja askelmat on niitattu pystytankoihin \u2013 t\u00e4m\u00e4n ansiosta tikas on kest\u00e4v\u00e4 ja vakaa.  Tikkaiden on kaksi yll\u00e4tt\u00e4v\u00e4\u00e4 avautumista est\u00e4v\u00e4\u00e4 v\u00e4linett\u00e4: itselukkiutuva taso ja turvahihnat.  Tuote vastaa italialaisia ja eurooppalaisia m\u00e4\u00e4r\u00e4yksi\u00e4 sek\u00e4 eurooppalaista standardia EN131. Sen k\u00e4ytt\u00f6 vastaa lains\u00e4\u00e4d\u00e4nn\u00f6llist\u00e4 asetusta nro 81\/08.  TEKNISET TIEDOT   Automaattinen taso 28 x 25 cm  Askelmien v\u00e4linen et\u00e4isyys 23 cm  Tukipuolan korkeus: 60,5 cm  Askelmien m\u00e4\u00e4r\u00e4 3 \u2212 7  Tason korkeudet 0,62 \u2212 1,50 m  Askelmapuolen profiili 40 x 20 mm  Takaprofiili 35 x 20 mm  Profiilien minimipaksuus 1,2 mm  Paksuus suljettuna 12 cm  VAKIOVARUSTUS   Ruuviavain- ja sankopidin  Ergonomiset liukumattomasta PVC:st\u00e4 valmistetut jalanp\u00e4\u00e4t  Liukumattomat askelmat, syvyys 83 mm  2 avautumista est\u00e4v\u00e4\u00e4 turvahihnaa  Kyltit sek\u00e4 k\u00e4ytt\u00f6- ja huolto-ohje  Kuvalla varustettu l\u00e4mp\u00f6kutistuva pakkaus  Testisertifikaatti vastaa italialaisia ja eurooppalaisia m\u00e4\u00e4r\u00e4yksi\u00e4","og_url":"https:\/\/fedemark.ee\/fi\/tuotteet\/tikkaat-harrastuskayttoon-ja-kevyisiin-toihin\/tasotikkaat-fi\/topstep\/","og_site_name":"Fedemark","article_modified_time":"2017-10-18T09:06:02+00:00","og_image":[{"width":394,"height":600,"url":"https:\/\/fedemark.ee\/wp-content\/uploads\/2017\/06\/Topstep-2.jpg","type":"image\/jpeg"}],"twitter_card":"summary_large_image","schema":{"@context":"https:\/\/schema.org","@graph":[{"@type":"WebPage","@id":"https:\/\/fedemark.ee\/fi\/tuotteet\/tikkaat-harrastuskayttoon-ja-kevyisiin-toihin\/tasotikkaat-fi\/topstep\/","url":"https:\/\/fedemark.ee\/fi\/tuotteet\/tikkaat-harrastuskayttoon-ja-kevyisiin-toihin\/tasotikkaat-fi\/topstep\/","name":"Topstep - Fedemark","isPartOf":{"@id":"https:\/\/fedemark.ee\/#website"},"primaryImageOfPage":{"@id":"https:\/\/fedemark.ee\/fi\/tuotteet\/tikkaat-harrastuskayttoon-ja-kevyisiin-toihin\/tasotikkaat-fi\/topstep\/#primaryimage"},"image":{"@id":"https:\/\/fedemark.ee\/fi\/tuotteet\/tikkaat-harrastuskayttoon-ja-kevyisiin-toihin\/tasotikkaat-fi\/topstep\/#primaryimage"},"thumbnailUrl":"https:\/\/fedemark.ee\/wp-content\/uploads\/2017\/06\/Topstep-2.jpg","datePublished":"2017-06-16T08:27:07+00:00","dateModified":"2017-10-18T09:06:02+00:00","breadcrumb":{"@id":"https:\/\/fedemark.ee\/fi\/tuotteet\/tikkaat-harrastuskayttoon-ja-kevyisiin-toihin\/tasotikkaat-fi\/topstep\/#breadcrumb"},"inLanguage":"fi-FI","potentialAction":[{"@type":"ReadAction","target":["https:\/\/fedemark.ee\/fi\/tuotteet\/tikkaat-harrastuskayttoon-ja-kevyisiin-toihin\/tasotikkaat-fi\/topstep\/"]}]},{"@type":"ImageObject","inLanguage":"fi-FI","@id":"https:\/\/fedemark.ee\/fi\/tuotteet\/tikkaat-harrastuskayttoon-ja-kevyisiin-toihin\/tasotikkaat-fi\/topstep\/#primaryimage","url":"https:\/\/fedemark.ee\/wp-content\/uploads\/2017\/06\/Topstep-2.jpg","contentUrl":"https:\/\/fedemark.ee\/wp-content\/uploads\/2017\/06\/Topstep-2.jpg","width":394,"height":600},{"@type":"BreadcrumbList","@id":"https:\/\/fedemark.ee\/fi\/tuotteet\/tikkaat-harrastuskayttoon-ja-kevyisiin-toihin\/tasotikkaat-fi\/topstep\/#breadcrumb","itemListElement":[{"@type":"ListItem","position":1,"name":"Home","item":"https:\/\/fedemark.ee\/fi\/"},{"@type":"ListItem","position":2,"name":"Tuotteet","item":"https:\/\/fedemark.ee\/fi\/tuotteet\/"},{"@type":"ListItem","position":3,"name":"Topstep"}]},{"@type":"WebSite","@id":"https:\/\/fedemark.ee\/#website","url":"https:\/\/fedemark.ee\/","name":"Fedemark","description":"Redelid, Tellingud, T\u00f6\u00f6platvormid ja vahekorrused","potentialAction":[{"@type":"SearchAction","target":{"@type":"EntryPoint","urlTemplate":"https:\/\/fedemark.ee\/?s={search_term_string}"},"query-input":"required name=search_term_string"}],"inLanguage":"fi-FI"}]}},"_links":{"self":[{"href":"https:\/\/fedemark.ee\/fi\/wp-json\/wp\/v2\/product\/7963"}],"collection":[{"href":"https:\/\/fedemark.ee\/fi\/wp-json\/wp\/v2\/product"}],"about":[{"href":"https:\/\/fedemark.ee\/fi\/wp-json\/wp\/v2\/types\/product"}],"replies":[{"embeddable":true,"href":"https:\/\/fedemark.ee\/fi\/wp-json\/wp\/v2\/comments?post=7963"}],"version-history":[{"count":1,"href":"https:\/\/fedemark.ee\/fi\/wp-json\/wp\/v2\/product\/7963\/revisions"}],"predecessor-version":[{"id":9160,"href":"https:\/\/fedemark.ee\/fi\/wp-json\/wp\/v2\/product\/7963\/revisions\/9160"}],"wp:featuredmedia":[{"embeddable":true,"href":"https:\/\/fedemark.ee\/fi\/wp-json\/wp\/v2\/media\/6881"}],"wp:attachment":[{"href":"https:\/\/fedemark.ee\/fi\/wp-json\/wp\/v2\/media?parent=7963"}],"wp:term":[{"taxonomy":"product_cat","embeddable":true,"href":"https:\/\/fedemark.ee\/fi\/wp-json\/wp\/v2\/product_cat?post=7963"},{"taxonomy":"product_tag","embeddable":true,"href":"https:\/\/fedemark.ee\/fi\/wp-json\/wp\/v2\/product_tag?post=7963"}],"curies":[{"name":"wp","href":"https:\/\/api.w.org\/{rel}","templated":true}]}}