{"id":7964,"date":"2017-06-16T08:32:45","date_gmt":"2017-06-16T08:32:45","guid":{"rendered":"https:\/\/sharks.ee\/fedemark\/shop\/uncategorized\/vetta\/"},"modified":"2017-08-04T08:20:23","modified_gmt":"2017-08-04T08:20:23","slug":"vetta","status":"publish","type":"product","link":"https:\/\/fedemark.ee\/fi\/tuotteet\/tikkaat-harrastuskayttoon-ja-kevyisiin-toihin\/tasotikkaat-fi\/vetta\/","title":{"rendered":"Vetta"},"content":{"rendered":"","protected":false},"excerpt":{"rendered":"<p>Yksipuolinen alumiinitikas<\/p>\n<p>Ainutlaatuinen ja poikkeuksellinen muotoilu.<\/p>\n<p>Yksipuolinen tikas, yl\u00e4osassa taso ja tukitanko.<br \/>\nKest\u00e4v\u00e4 ja vakaa, ihanteellisen kotik\u00e4ytt\u00f6\u00f6n.<br \/>\nAlumiini ei ruostu ja askelmat on kiinnitetty pystyprofiileihin niittaamalla \u2013 t\u00e4m\u00e4n ansiosta tikas on kest\u00e4v\u00e4 ja vakaa.<\/p>\n<p>Tikkaan yll\u00e4tt\u00e4v\u00e4\u00e4 avautumista est\u00e4m\u00e4ss\u00e4 on kaksi varokeinoa: itselukkiutuva taso ja turvahihnat.<\/p>\n<p>Tuote vastaa italialaisia asetuksia. Sen k\u00e4ytt\u00f6 vastaa asetusta nro 81\/08.<\/p>\n<p>TEKNISET TIEDOT<\/p>\n<ul>\n<li>Automaattinen taso 28 x 25 cm<\/li>\n<li>Askelmien v\u00e4linen et\u00e4isyys 23 cm<\/li>\n<li>Tukitangon korkeus 52 cm<\/li>\n<li>Askelmien m\u00e4\u00e4r\u00e4 3 \u2212 8<\/li>\n<li>Tason korkeudet 0,62 \u2212 1,71 m<\/li>\n<li>Rampin profiili 40 x 20 mm<\/li>\n<li>Takaprofiili 35 x 20 mm<\/li>\n<li>Profiilien minimipaksuus 0,9 mm<\/li>\n<li>Paksuus suljettuna 12 cm<\/li>\n<\/ul>\n<p>VAKIOVARUSTEET<\/p>\n<ul>\n<li>Ruuvimeisseli- ja sankopidin<\/li>\n<li>Ergonomiset liukumattomat PVC:st\u00e4 valmistetut jalanp\u00e4\u00e4t<\/li>\n<li>Pinnaltaan liukumattomat askelmat, leveys 83 mm<\/li>\n<li>2 avautumista est\u00e4v\u00e4\u00e4 turvahihnaa<\/li>\n<li>Kyltit ja k\u00e4ytt\u00f6- ja huolto-ohje<\/li>\n<li>Kuvalla varustettu l\u00e4mp\u00f6kutistuva pakkaus<\/li>\n<li>Testisertifikaatti vastaa italialaisia asetuksia<\/li>\n<\/ul>\n","protected":false},"featured_media":10235,"comment_status":"open","ping_status":"closed","template":"","meta":{"footnotes":""},"product_cat":[208,171],"product_tag":[],"yoast_head":"<!-- This site is optimized with the Yoast SEO plugin v22.6 - https:\/\/yoast.com\/wordpress\/plugins\/seo\/ -->\n<title>Vetta - Fedemark<\/title>\n<meta name=\"robots\" content=\"index, follow, max-snippet:-1, max-image-preview:large, max-video-preview:-1\" \/>\n<link rel=\"canonical\" href=\"https:\/\/fedemark.ee\/fi\/tuotteet\/tikkaat-harrastuskayttoon-ja-kevyisiin-toihin\/tasotikkaat-fi\/vetta\/\" \/>\n<meta property=\"og:locale\" content=\"fi_FI\" \/>\n<meta property=\"og:type\" content=\"article\" \/>\n<meta property=\"og:title\" content=\"Vetta - Fedemark\" \/>\n<meta property=\"og:description\" content=\"Yksipuolinen alumiinitikas  Ainutlaatuinen ja poikkeuksellinen muotoilu.  Yksipuolinen tikas, yl\u00e4osassa taso ja tukitanko. Kest\u00e4v\u00e4 ja vakaa, ihanteellisen kotik\u00e4ytt\u00f6\u00f6n. Alumiini ei ruostu ja askelmat on kiinnitetty pystyprofiileihin niittaamalla \u2013 t\u00e4m\u00e4n ansiosta tikas on kest\u00e4v\u00e4 ja vakaa.  Tikkaan yll\u00e4tt\u00e4v\u00e4\u00e4 avautumista est\u00e4m\u00e4ss\u00e4 on kaksi varokeinoa: itselukkiutuva taso ja turvahihnat.  Tuote vastaa italialaisia asetuksia. Sen k\u00e4ytt\u00f6 vastaa asetusta nro 81\/08.  TEKNISET TIEDOT   Automaattinen taso 28 x 25 cm  Askelmien v\u00e4linen et\u00e4isyys 23 cm  Tukitangon korkeus 52 cm  Askelmien m\u00e4\u00e4r\u00e4 3 \u2212 8  Tason korkeudet 0,62 \u2212 1,71 m  Rampin profiili 40 x 20 mm  Takaprofiili 35 x 20 mm  Profiilien minimipaksuus 0,9 mm  Paksuus suljettuna 12 cm  VAKIOVARUSTEET   Ruuvimeisseli- ja sankopidin  Ergonomiset liukumattomat PVC:st\u00e4 valmistetut jalanp\u00e4\u00e4t  Pinnaltaan liukumattomat askelmat, leveys 83 mm  2 avautumista est\u00e4v\u00e4\u00e4 turvahihnaa  Kyltit ja k\u00e4ytt\u00f6- ja huolto-ohje  Kuvalla varustettu l\u00e4mp\u00f6kutistuva pakkaus  Testisertifikaatti vastaa italialaisia asetuksia\" \/>\n<meta property=\"og:url\" content=\"https:\/\/fedemark.ee\/fi\/tuotteet\/tikkaat-harrastuskayttoon-ja-kevyisiin-toihin\/tasotikkaat-fi\/vetta\/\" \/>\n<meta property=\"og:site_name\" content=\"Fedemark\" \/>\n<meta property=\"article:modified_time\" content=\"2017-08-04T08:20:23+00:00\" \/>\n<meta property=\"og:image\" content=\"https:\/\/fedemark.ee\/wp-content\/uploads\/2017\/06\/Vetta-1-1.jpg\" \/>\n\t<meta property=\"og:image:width\" content=\"720\" \/>\n\t<meta property=\"og:image:height\" content=\"720\" \/>\n\t<meta property=\"og:image:type\" content=\"image\/jpeg\" \/>\n<meta name=\"twitter:card\" content=\"summary_large_image\" \/>\n<script type=\"application\/ld+json\" class=\"yoast-schema-graph\">{\"@context\":\"https:\/\/schema.org\",\"@graph\":[{\"@type\":\"WebPage\",\"@id\":\"https:\/\/fedemark.ee\/fi\/tuotteet\/tikkaat-harrastuskayttoon-ja-kevyisiin-toihin\/tasotikkaat-fi\/vetta\/\",\"url\":\"https:\/\/fedemark.ee\/fi\/tuotteet\/tikkaat-harrastuskayttoon-ja-kevyisiin-toihin\/tasotikkaat-fi\/vetta\/\",\"name\":\"Vetta - Fedemark\",\"isPartOf\":{\"@id\":\"https:\/\/fedemark.ee\/#website\"},\"primaryImageOfPage\":{\"@id\":\"https:\/\/fedemark.ee\/fi\/tuotteet\/tikkaat-harrastuskayttoon-ja-kevyisiin-toihin\/tasotikkaat-fi\/vetta\/#primaryimage\"},\"image\":{\"@id\":\"https:\/\/fedemark.ee\/fi\/tuotteet\/tikkaat-harrastuskayttoon-ja-kevyisiin-toihin\/tasotikkaat-fi\/vetta\/#primaryimage\"},\"thumbnailUrl\":\"https:\/\/fedemark.ee\/wp-content\/uploads\/2017\/06\/Vetta-1-1.jpg\",\"datePublished\":\"2017-06-16T08:32:45+00:00\",\"dateModified\":\"2017-08-04T08:20:23+00:00\",\"breadcrumb\":{\"@id\":\"https:\/\/fedemark.ee\/fi\/tuotteet\/tikkaat-harrastuskayttoon-ja-kevyisiin-toihin\/tasotikkaat-fi\/vetta\/#breadcrumb\"},\"inLanguage\":\"fi-FI\",\"potentialAction\":[{\"@type\":\"ReadAction\",\"target\":[\"https:\/\/fedemark.ee\/fi\/tuotteet\/tikkaat-harrastuskayttoon-ja-kevyisiin-toihin\/tasotikkaat-fi\/vetta\/\"]}]},{\"@type\":\"ImageObject\",\"inLanguage\":\"fi-FI\",\"@id\":\"https:\/\/fedemark.ee\/fi\/tuotteet\/tikkaat-harrastuskayttoon-ja-kevyisiin-toihin\/tasotikkaat-fi\/vetta\/#primaryimage\",\"url\":\"https:\/\/fedemark.ee\/wp-content\/uploads\/2017\/06\/Vetta-1-1.jpg\",\"contentUrl\":\"https:\/\/fedemark.ee\/wp-content\/uploads\/2017\/06\/Vetta-1-1.jpg\",\"width\":720,\"height\":720},{\"@type\":\"BreadcrumbList\",\"@id\":\"https:\/\/fedemark.ee\/fi\/tuotteet\/tikkaat-harrastuskayttoon-ja-kevyisiin-toihin\/tasotikkaat-fi\/vetta\/#breadcrumb\",\"itemListElement\":[{\"@type\":\"ListItem\",\"position\":1,\"name\":\"Home\",\"item\":\"https:\/\/fedemark.ee\/fi\/\"},{\"@type\":\"ListItem\",\"position\":2,\"name\":\"Tuotteet\",\"item\":\"https:\/\/fedemark.ee\/fi\/tuotteet\/\"},{\"@type\":\"ListItem\",\"position\":3,\"name\":\"Vetta\"}]},{\"@type\":\"WebSite\",\"@id\":\"https:\/\/fedemark.ee\/#website\",\"url\":\"https:\/\/fedemark.ee\/\",\"name\":\"Fedemark\",\"description\":\"Redelid, Tellingud, T\u00f6\u00f6platvormid ja vahekorrused\",\"potentialAction\":[{\"@type\":\"SearchAction\",\"target\":{\"@type\":\"EntryPoint\",\"urlTemplate\":\"https:\/\/fedemark.ee\/?s={search_term_string}\"},\"query-input\":\"required name=search_term_string\"}],\"inLanguage\":\"fi-FI\"}]}<\/script>\n<!-- \/ Yoast SEO plugin. -->","yoast_head_json":{"title":"Vetta - Fedemark","robots":{"index":"index","follow":"follow","max-snippet":"max-snippet:-1","max-image-preview":"max-image-preview:large","max-video-preview":"max-video-preview:-1"},"canonical":"https:\/\/fedemark.ee\/fi\/tuotteet\/tikkaat-harrastuskayttoon-ja-kevyisiin-toihin\/tasotikkaat-fi\/vetta\/","og_locale":"fi_FI","og_type":"article","og_title":"Vetta - Fedemark","og_description":"Yksipuolinen alumiinitikas  Ainutlaatuinen ja poikkeuksellinen muotoilu.  Yksipuolinen tikas, yl\u00e4osassa taso ja tukitanko. Kest\u00e4v\u00e4 ja vakaa, ihanteellisen kotik\u00e4ytt\u00f6\u00f6n. Alumiini ei ruostu ja askelmat on kiinnitetty pystyprofiileihin niittaamalla \u2013 t\u00e4m\u00e4n ansiosta tikas on kest\u00e4v\u00e4 ja vakaa.  Tikkaan yll\u00e4tt\u00e4v\u00e4\u00e4 avautumista est\u00e4m\u00e4ss\u00e4 on kaksi varokeinoa: itselukkiutuva taso ja turvahihnat.  Tuote vastaa italialaisia asetuksia. Sen k\u00e4ytt\u00f6 vastaa asetusta nro 81\/08.  TEKNISET TIEDOT   Automaattinen taso 28 x 25 cm  Askelmien v\u00e4linen et\u00e4isyys 23 cm  Tukitangon korkeus 52 cm  Askelmien m\u00e4\u00e4r\u00e4 3 \u2212 8  Tason korkeudet 0,62 \u2212 1,71 m  Rampin profiili 40 x 20 mm  Takaprofiili 35 x 20 mm  Profiilien minimipaksuus 0,9 mm  Paksuus suljettuna 12 cm  VAKIOVARUSTEET   Ruuvimeisseli- ja sankopidin  Ergonomiset liukumattomat PVC:st\u00e4 valmistetut jalanp\u00e4\u00e4t  Pinnaltaan liukumattomat askelmat, leveys 83 mm  2 avautumista est\u00e4v\u00e4\u00e4 turvahihnaa  Kyltit ja k\u00e4ytt\u00f6- ja huolto-ohje  Kuvalla varustettu l\u00e4mp\u00f6kutistuva pakkaus  Testisertifikaatti vastaa italialaisia asetuksia","og_url":"https:\/\/fedemark.ee\/fi\/tuotteet\/tikkaat-harrastuskayttoon-ja-kevyisiin-toihin\/tasotikkaat-fi\/vetta\/","og_site_name":"Fedemark","article_modified_time":"2017-08-04T08:20:23+00:00","og_image":[{"width":720,"height":720,"url":"https:\/\/fedemark.ee\/wp-content\/uploads\/2017\/06\/Vetta-1-1.jpg","type":"image\/jpeg"}],"twitter_card":"summary_large_image","schema":{"@context":"https:\/\/schema.org","@graph":[{"@type":"WebPage","@id":"https:\/\/fedemark.ee\/fi\/tuotteet\/tikkaat-harrastuskayttoon-ja-kevyisiin-toihin\/tasotikkaat-fi\/vetta\/","url":"https:\/\/fedemark.ee\/fi\/tuotteet\/tikkaat-harrastuskayttoon-ja-kevyisiin-toihin\/tasotikkaat-fi\/vetta\/","name":"Vetta - Fedemark","isPartOf":{"@id":"https:\/\/fedemark.ee\/#website"},"primaryImageOfPage":{"@id":"https:\/\/fedemark.ee\/fi\/tuotteet\/tikkaat-harrastuskayttoon-ja-kevyisiin-toihin\/tasotikkaat-fi\/vetta\/#primaryimage"},"image":{"@id":"https:\/\/fedemark.ee\/fi\/tuotteet\/tikkaat-harrastuskayttoon-ja-kevyisiin-toihin\/tasotikkaat-fi\/vetta\/#primaryimage"},"thumbnailUrl":"https:\/\/fedemark.ee\/wp-content\/uploads\/2017\/06\/Vetta-1-1.jpg","datePublished":"2017-06-16T08:32:45+00:00","dateModified":"2017-08-04T08:20:23+00:00","breadcrumb":{"@id":"https:\/\/fedemark.ee\/fi\/tuotteet\/tikkaat-harrastuskayttoon-ja-kevyisiin-toihin\/tasotikkaat-fi\/vetta\/#breadcrumb"},"inLanguage":"fi-FI","potentialAction":[{"@type":"ReadAction","target":["https:\/\/fedemark.ee\/fi\/tuotteet\/tikkaat-harrastuskayttoon-ja-kevyisiin-toihin\/tasotikkaat-fi\/vetta\/"]}]},{"@type":"ImageObject","inLanguage":"fi-FI","@id":"https:\/\/fedemark.ee\/fi\/tuotteet\/tikkaat-harrastuskayttoon-ja-kevyisiin-toihin\/tasotikkaat-fi\/vetta\/#primaryimage","url":"https:\/\/fedemark.ee\/wp-content\/uploads\/2017\/06\/Vetta-1-1.jpg","contentUrl":"https:\/\/fedemark.ee\/wp-content\/uploads\/2017\/06\/Vetta-1-1.jpg","width":720,"height":720},{"@type":"BreadcrumbList","@id":"https:\/\/fedemark.ee\/fi\/tuotteet\/tikkaat-harrastuskayttoon-ja-kevyisiin-toihin\/tasotikkaat-fi\/vetta\/#breadcrumb","itemListElement":[{"@type":"ListItem","position":1,"name":"Home","item":"https:\/\/fedemark.ee\/fi\/"},{"@type":"ListItem","position":2,"name":"Tuotteet","item":"https:\/\/fedemark.ee\/fi\/tuotteet\/"},{"@type":"ListItem","position":3,"name":"Vetta"}]},{"@type":"WebSite","@id":"https:\/\/fedemark.ee\/#website","url":"https:\/\/fedemark.ee\/","name":"Fedemark","description":"Redelid, Tellingud, T\u00f6\u00f6platvormid ja vahekorrused","potentialAction":[{"@type":"SearchAction","target":{"@type":"EntryPoint","urlTemplate":"https:\/\/fedemark.ee\/?s={search_term_string}"},"query-input":"required name=search_term_string"}],"inLanguage":"fi-FI"}]}},"_links":{"self":[{"href":"https:\/\/fedemark.ee\/fi\/wp-json\/wp\/v2\/product\/7964"}],"collection":[{"href":"https:\/\/fedemark.ee\/fi\/wp-json\/wp\/v2\/product"}],"about":[{"href":"https:\/\/fedemark.ee\/fi\/wp-json\/wp\/v2\/types\/product"}],"replies":[{"embeddable":true,"href":"https:\/\/fedemark.ee\/fi\/wp-json\/wp\/v2\/comments?post=7964"}],"version-history":[{"count":0,"href":"https:\/\/fedemark.ee\/fi\/wp-json\/wp\/v2\/product\/7964\/revisions"}],"wp:featuredmedia":[{"embeddable":true,"href":"https:\/\/fedemark.ee\/fi\/wp-json\/wp\/v2\/media\/10235"}],"wp:attachment":[{"href":"https:\/\/fedemark.ee\/fi\/wp-json\/wp\/v2\/media?parent=7964"}],"wp:term":[{"taxonomy":"product_cat","embeddable":true,"href":"https:\/\/fedemark.ee\/fi\/wp-json\/wp\/v2\/product_cat?post=7964"},{"taxonomy":"product_tag","embeddable":true,"href":"https:\/\/fedemark.ee\/fi\/wp-json\/wp\/v2\/product_tag?post=7964"}],"curies":[{"name":"wp","href":"https:\/\/api.w.org\/{rel}","templated":true}]}}