{"id":7965,"date":"2017-06-16T09:09:33","date_gmt":"2017-06-16T09:09:33","guid":{"rendered":"https:\/\/sharks.ee\/fedemark\/shop\/uncategorized\/aero-light\/"},"modified":"2017-08-04T08:22:06","modified_gmt":"2017-08-04T08:22:06","slug":"aero-light","status":"publish","type":"product","link":"https:\/\/fedemark.ee\/fi\/tuotteet\/tikkaat-harrastuskayttoon-ja-kevyisiin-toihin\/porraspenkit-fi\/aero-light\/","title":{"rendered":"Aero Light"},"content":{"rendered":"","protected":false},"excerpt":{"rendered":"<p><em>Anodisoidusta alumiinista valmistettu tikas (musta)<\/em><\/p>\n<p>Kompakti ja v\u00e4h\u00e4n tilaa viev\u00e4 anodisoidusta alumiinista valmistettu musta tikas, ihanteellinen k\u00e4ytett\u00e4v\u00e4ksi kotona, toimistossa tai kaupassa.<\/p>\n<p>Ei likaa k\u00e4si\u00e4 ja pinta on miellytt\u00e4v\u00e4 k\u00e4sitell\u00e4. Ei ruostu eik\u00e4 hapetu.<\/p>\n<p>Leve\u00e4t alumiinipintaiset askelmat ovat liukumattomat ja tilan s\u00e4\u00e4st\u00e4miseksi kuljetuksessa ja varastoitaessa ne sulkeutuvat kokoon taitettaessa rakenteen sis\u00e4\u00e4n.<\/p>\n<p>Tikas on muotoiltu niin, ett\u00e4 maahan tukeutuvien jalkojen v\u00e4li on poikkeuksellisen leve\u00e4 \u2013 se tekee tuotteen eritt\u00e4in vakaaksi ja sen k\u00e4yt\u00f6n mukavaksi.<\/p>\n<p>Tuote vastaa italialaisia asetuksia sek\u00e4 asetusta 81\/08.<\/p>\n<p>Tuote vastaa eurooppalaisia asetuksia ja standardia EN14183.<\/p>\n<p>TEKNISET TIEDOT<\/p>\n<ul>\n<li>Askelmia 2\/3<\/li>\n<li>Paksuus suljettuna 4 cm<\/li>\n<li>Korkeus suljettuna 0,79\/1,06 m<\/li>\n<li>Viimeisen askelman korkeus 0,50\/0,75 m<\/li>\n<li>Ty\u00f6korkeus 2,50\/2,70 m<\/li>\n<li>Tikkaan leveys 0,50 m<\/li>\n<li>Liukumattomien askelmien mitat 26 x 33 cm<\/li>\n<li>Askelmien v\u00e4linen et\u00e4isyys 25 cm<\/li>\n<li>Paino 4,6\/6,2 kg<\/li>\n<li>Kantokyky 150 kg<\/li>\n<\/ul>\n<p>VAKIOVARUSTUS<\/p>\n<ul>\n<li>Liukumattomat PVC-jalat<\/li>\n<li>Kyltit ja k\u00e4ytt\u00f6- ja huolto-ohje<\/li>\n<li>Kuvalla varustettu pahvipakkaus<\/li>\n<li>Testisertifikaatti vastaa italialaisia ja eurooppalaisia asetuksia<\/li>\n<\/ul>\n<p>&nbsp;<\/p>\n","protected":false},"featured_media":10150,"comment_status":"open","ping_status":"closed","template":"","meta":{"footnotes":""},"product_cat":[177,171],"product_tag":[],"yoast_head":"<!-- This site is optimized with the Yoast SEO plugin v22.6 - https:\/\/yoast.com\/wordpress\/plugins\/seo\/ -->\n<title>Aero Light - Fedemark<\/title>\n<meta name=\"robots\" content=\"index, follow, max-snippet:-1, max-image-preview:large, max-video-preview:-1\" \/>\n<link rel=\"canonical\" href=\"https:\/\/fedemark.ee\/fi\/tuotteet\/tikkaat-harrastuskayttoon-ja-kevyisiin-toihin\/porraspenkit-fi\/aero-light\/\" \/>\n<meta property=\"og:locale\" content=\"fi_FI\" \/>\n<meta property=\"og:type\" content=\"article\" \/>\n<meta property=\"og:title\" content=\"Aero Light - Fedemark\" \/>\n<meta property=\"og:description\" content=\"Anodisoidusta alumiinista valmistettu tikas (musta)  Kompakti ja v\u00e4h\u00e4n tilaa viev\u00e4 anodisoidusta alumiinista valmistettu musta tikas, ihanteellinen k\u00e4ytett\u00e4v\u00e4ksi kotona, toimistossa tai kaupassa.  Ei likaa k\u00e4si\u00e4 ja pinta on miellytt\u00e4v\u00e4 k\u00e4sitell\u00e4. Ei ruostu eik\u00e4 hapetu.  Leve\u00e4t alumiinipintaiset askelmat ovat liukumattomat ja tilan s\u00e4\u00e4st\u00e4miseksi kuljetuksessa ja varastoitaessa ne sulkeutuvat kokoon taitettaessa rakenteen sis\u00e4\u00e4n.  Tikas on muotoiltu niin, ett\u00e4 maahan tukeutuvien jalkojen v\u00e4li on poikkeuksellisen leve\u00e4 \u2013 se tekee tuotteen eritt\u00e4in vakaaksi ja sen k\u00e4yt\u00f6n mukavaksi.  Tuote vastaa italialaisia asetuksia sek\u00e4 asetusta 81\/08.  Tuote vastaa eurooppalaisia asetuksia ja standardia EN14183.  TEKNISET TIEDOT   Askelmia 2\/3  Paksuus suljettuna 4 cm  Korkeus suljettuna 0,79\/1,06 m  Viimeisen askelman korkeus 0,50\/0,75 m  Ty\u00f6korkeus 2,50\/2,70 m  Tikkaan leveys 0,50 m  Liukumattomien askelmien mitat 26 x 33 cm  Askelmien v\u00e4linen et\u00e4isyys 25 cm  Paino 4,6\/6,2 kg  Kantokyky 150 kg  VAKIOVARUSTUS   Liukumattomat PVC-jalat  Kyltit ja k\u00e4ytt\u00f6- ja huolto-ohje  Kuvalla varustettu pahvipakkaus  Testisertifikaatti vastaa italialaisia ja eurooppalaisia asetuksia  &nbsp;\" \/>\n<meta property=\"og:url\" content=\"https:\/\/fedemark.ee\/fi\/tuotteet\/tikkaat-harrastuskayttoon-ja-kevyisiin-toihin\/porraspenkit-fi\/aero-light\/\" \/>\n<meta property=\"og:site_name\" content=\"Fedemark\" \/>\n<meta property=\"article:modified_time\" content=\"2017-08-04T08:22:06+00:00\" \/>\n<meta property=\"og:image\" content=\"https:\/\/fedemark.ee\/wp-content\/uploads\/2017\/06\/aero-light-3-1.jpg\" \/>\n\t<meta property=\"og:image:width\" content=\"800\" \/>\n\t<meta property=\"og:image:height\" content=\"800\" \/>\n\t<meta property=\"og:image:type\" content=\"image\/jpeg\" \/>\n<meta name=\"twitter:card\" content=\"summary_large_image\" \/>\n<script type=\"application\/ld+json\" class=\"yoast-schema-graph\">{\"@context\":\"https:\/\/schema.org\",\"@graph\":[{\"@type\":\"WebPage\",\"@id\":\"https:\/\/fedemark.ee\/fi\/tuotteet\/tikkaat-harrastuskayttoon-ja-kevyisiin-toihin\/porraspenkit-fi\/aero-light\/\",\"url\":\"https:\/\/fedemark.ee\/fi\/tuotteet\/tikkaat-harrastuskayttoon-ja-kevyisiin-toihin\/porraspenkit-fi\/aero-light\/\",\"name\":\"Aero Light - Fedemark\",\"isPartOf\":{\"@id\":\"https:\/\/fedemark.ee\/#website\"},\"primaryImageOfPage\":{\"@id\":\"https:\/\/fedemark.ee\/fi\/tuotteet\/tikkaat-harrastuskayttoon-ja-kevyisiin-toihin\/porraspenkit-fi\/aero-light\/#primaryimage\"},\"image\":{\"@id\":\"https:\/\/fedemark.ee\/fi\/tuotteet\/tikkaat-harrastuskayttoon-ja-kevyisiin-toihin\/porraspenkit-fi\/aero-light\/#primaryimage\"},\"thumbnailUrl\":\"https:\/\/fedemark.ee\/wp-content\/uploads\/2017\/06\/aero-light-3-1.jpg\",\"datePublished\":\"2017-06-16T09:09:33+00:00\",\"dateModified\":\"2017-08-04T08:22:06+00:00\",\"breadcrumb\":{\"@id\":\"https:\/\/fedemark.ee\/fi\/tuotteet\/tikkaat-harrastuskayttoon-ja-kevyisiin-toihin\/porraspenkit-fi\/aero-light\/#breadcrumb\"},\"inLanguage\":\"fi-FI\",\"potentialAction\":[{\"@type\":\"ReadAction\",\"target\":[\"https:\/\/fedemark.ee\/fi\/tuotteet\/tikkaat-harrastuskayttoon-ja-kevyisiin-toihin\/porraspenkit-fi\/aero-light\/\"]}]},{\"@type\":\"ImageObject\",\"inLanguage\":\"fi-FI\",\"@id\":\"https:\/\/fedemark.ee\/fi\/tuotteet\/tikkaat-harrastuskayttoon-ja-kevyisiin-toihin\/porraspenkit-fi\/aero-light\/#primaryimage\",\"url\":\"https:\/\/fedemark.ee\/wp-content\/uploads\/2017\/06\/aero-light-3-1.jpg\",\"contentUrl\":\"https:\/\/fedemark.ee\/wp-content\/uploads\/2017\/06\/aero-light-3-1.jpg\",\"width\":800,\"height\":800},{\"@type\":\"BreadcrumbList\",\"@id\":\"https:\/\/fedemark.ee\/fi\/tuotteet\/tikkaat-harrastuskayttoon-ja-kevyisiin-toihin\/porraspenkit-fi\/aero-light\/#breadcrumb\",\"itemListElement\":[{\"@type\":\"ListItem\",\"position\":1,\"name\":\"Home\",\"item\":\"https:\/\/fedemark.ee\/fi\/\"},{\"@type\":\"ListItem\",\"position\":2,\"name\":\"Tuotteet\",\"item\":\"https:\/\/fedemark.ee\/fi\/tuotteet\/\"},{\"@type\":\"ListItem\",\"position\":3,\"name\":\"Aero Light\"}]},{\"@type\":\"WebSite\",\"@id\":\"https:\/\/fedemark.ee\/#website\",\"url\":\"https:\/\/fedemark.ee\/\",\"name\":\"Fedemark\",\"description\":\"Redelid, Tellingud, T\u00f6\u00f6platvormid ja vahekorrused\",\"potentialAction\":[{\"@type\":\"SearchAction\",\"target\":{\"@type\":\"EntryPoint\",\"urlTemplate\":\"https:\/\/fedemark.ee\/?s={search_term_string}\"},\"query-input\":\"required name=search_term_string\"}],\"inLanguage\":\"fi-FI\"}]}<\/script>\n<!-- \/ Yoast SEO plugin. -->","yoast_head_json":{"title":"Aero Light - Fedemark","robots":{"index":"index","follow":"follow","max-snippet":"max-snippet:-1","max-image-preview":"max-image-preview:large","max-video-preview":"max-video-preview:-1"},"canonical":"https:\/\/fedemark.ee\/fi\/tuotteet\/tikkaat-harrastuskayttoon-ja-kevyisiin-toihin\/porraspenkit-fi\/aero-light\/","og_locale":"fi_FI","og_type":"article","og_title":"Aero Light - Fedemark","og_description":"Anodisoidusta alumiinista valmistettu tikas (musta)  Kompakti ja v\u00e4h\u00e4n tilaa viev\u00e4 anodisoidusta alumiinista valmistettu musta tikas, ihanteellinen k\u00e4ytett\u00e4v\u00e4ksi kotona, toimistossa tai kaupassa.  Ei likaa k\u00e4si\u00e4 ja pinta on miellytt\u00e4v\u00e4 k\u00e4sitell\u00e4. Ei ruostu eik\u00e4 hapetu.  Leve\u00e4t alumiinipintaiset askelmat ovat liukumattomat ja tilan s\u00e4\u00e4st\u00e4miseksi kuljetuksessa ja varastoitaessa ne sulkeutuvat kokoon taitettaessa rakenteen sis\u00e4\u00e4n.  Tikas on muotoiltu niin, ett\u00e4 maahan tukeutuvien jalkojen v\u00e4li on poikkeuksellisen leve\u00e4 \u2013 se tekee tuotteen eritt\u00e4in vakaaksi ja sen k\u00e4yt\u00f6n mukavaksi.  Tuote vastaa italialaisia asetuksia sek\u00e4 asetusta 81\/08.  Tuote vastaa eurooppalaisia asetuksia ja standardia EN14183.  TEKNISET TIEDOT   Askelmia 2\/3  Paksuus suljettuna 4 cm  Korkeus suljettuna 0,79\/1,06 m  Viimeisen askelman korkeus 0,50\/0,75 m  Ty\u00f6korkeus 2,50\/2,70 m  Tikkaan leveys 0,50 m  Liukumattomien askelmien mitat 26 x 33 cm  Askelmien v\u00e4linen et\u00e4isyys 25 cm  Paino 4,6\/6,2 kg  Kantokyky 150 kg  VAKIOVARUSTUS   Liukumattomat PVC-jalat  Kyltit ja k\u00e4ytt\u00f6- ja huolto-ohje  Kuvalla varustettu pahvipakkaus  Testisertifikaatti vastaa italialaisia ja eurooppalaisia asetuksia  &nbsp;","og_url":"https:\/\/fedemark.ee\/fi\/tuotteet\/tikkaat-harrastuskayttoon-ja-kevyisiin-toihin\/porraspenkit-fi\/aero-light\/","og_site_name":"Fedemark","article_modified_time":"2017-08-04T08:22:06+00:00","og_image":[{"width":800,"height":800,"url":"https:\/\/fedemark.ee\/wp-content\/uploads\/2017\/06\/aero-light-3-1.jpg","type":"image\/jpeg"}],"twitter_card":"summary_large_image","schema":{"@context":"https:\/\/schema.org","@graph":[{"@type":"WebPage","@id":"https:\/\/fedemark.ee\/fi\/tuotteet\/tikkaat-harrastuskayttoon-ja-kevyisiin-toihin\/porraspenkit-fi\/aero-light\/","url":"https:\/\/fedemark.ee\/fi\/tuotteet\/tikkaat-harrastuskayttoon-ja-kevyisiin-toihin\/porraspenkit-fi\/aero-light\/","name":"Aero Light - Fedemark","isPartOf":{"@id":"https:\/\/fedemark.ee\/#website"},"primaryImageOfPage":{"@id":"https:\/\/fedemark.ee\/fi\/tuotteet\/tikkaat-harrastuskayttoon-ja-kevyisiin-toihin\/porraspenkit-fi\/aero-light\/#primaryimage"},"image":{"@id":"https:\/\/fedemark.ee\/fi\/tuotteet\/tikkaat-harrastuskayttoon-ja-kevyisiin-toihin\/porraspenkit-fi\/aero-light\/#primaryimage"},"thumbnailUrl":"https:\/\/fedemark.ee\/wp-content\/uploads\/2017\/06\/aero-light-3-1.jpg","datePublished":"2017-06-16T09:09:33+00:00","dateModified":"2017-08-04T08:22:06+00:00","breadcrumb":{"@id":"https:\/\/fedemark.ee\/fi\/tuotteet\/tikkaat-harrastuskayttoon-ja-kevyisiin-toihin\/porraspenkit-fi\/aero-light\/#breadcrumb"},"inLanguage":"fi-FI","potentialAction":[{"@type":"ReadAction","target":["https:\/\/fedemark.ee\/fi\/tuotteet\/tikkaat-harrastuskayttoon-ja-kevyisiin-toihin\/porraspenkit-fi\/aero-light\/"]}]},{"@type":"ImageObject","inLanguage":"fi-FI","@id":"https:\/\/fedemark.ee\/fi\/tuotteet\/tikkaat-harrastuskayttoon-ja-kevyisiin-toihin\/porraspenkit-fi\/aero-light\/#primaryimage","url":"https:\/\/fedemark.ee\/wp-content\/uploads\/2017\/06\/aero-light-3-1.jpg","contentUrl":"https:\/\/fedemark.ee\/wp-content\/uploads\/2017\/06\/aero-light-3-1.jpg","width":800,"height":800},{"@type":"BreadcrumbList","@id":"https:\/\/fedemark.ee\/fi\/tuotteet\/tikkaat-harrastuskayttoon-ja-kevyisiin-toihin\/porraspenkit-fi\/aero-light\/#breadcrumb","itemListElement":[{"@type":"ListItem","position":1,"name":"Home","item":"https:\/\/fedemark.ee\/fi\/"},{"@type":"ListItem","position":2,"name":"Tuotteet","item":"https:\/\/fedemark.ee\/fi\/tuotteet\/"},{"@type":"ListItem","position":3,"name":"Aero Light"}]},{"@type":"WebSite","@id":"https:\/\/fedemark.ee\/#website","url":"https:\/\/fedemark.ee\/","name":"Fedemark","description":"Redelid, Tellingud, T\u00f6\u00f6platvormid ja vahekorrused","potentialAction":[{"@type":"SearchAction","target":{"@type":"EntryPoint","urlTemplate":"https:\/\/fedemark.ee\/?s={search_term_string}"},"query-input":"required name=search_term_string"}],"inLanguage":"fi-FI"}]}},"_links":{"self":[{"href":"https:\/\/fedemark.ee\/fi\/wp-json\/wp\/v2\/product\/7965"}],"collection":[{"href":"https:\/\/fedemark.ee\/fi\/wp-json\/wp\/v2\/product"}],"about":[{"href":"https:\/\/fedemark.ee\/fi\/wp-json\/wp\/v2\/types\/product"}],"replies":[{"embeddable":true,"href":"https:\/\/fedemark.ee\/fi\/wp-json\/wp\/v2\/comments?post=7965"}],"version-history":[{"count":0,"href":"https:\/\/fedemark.ee\/fi\/wp-json\/wp\/v2\/product\/7965\/revisions"}],"wp:featuredmedia":[{"embeddable":true,"href":"https:\/\/fedemark.ee\/fi\/wp-json\/wp\/v2\/media\/10150"}],"wp:attachment":[{"href":"https:\/\/fedemark.ee\/fi\/wp-json\/wp\/v2\/media?parent=7965"}],"wp:term":[{"taxonomy":"product_cat","embeddable":true,"href":"https:\/\/fedemark.ee\/fi\/wp-json\/wp\/v2\/product_cat?post=7965"},{"taxonomy":"product_tag","embeddable":true,"href":"https:\/\/fedemark.ee\/fi\/wp-json\/wp\/v2\/product_tag?post=7965"}],"curies":[{"name":"wp","href":"https:\/\/api.w.org\/{rel}","templated":true}]}}