{"id":7967,"date":"2017-06-16T09:11:37","date_gmt":"2017-06-16T09:11:37","guid":{"rendered":"https:\/\/sharks.ee\/fedemark\/shop\/uncategorized\/bravo-gripstep\/"},"modified":"2017-08-04T08:24:05","modified_gmt":"2017-08-04T08:24:05","slug":"bravo-gripstep","status":"publish","type":"product","link":"https:\/\/fedemark.ee\/fi\/tuotteet\/tikkaat-harrastuskayttoon-ja-kevyisiin-toihin\/porraspenkit-fi\/bravo-gripstep\/","title":{"rendered":"Bravo Gripstep"},"content":{"rendered":"","protected":false},"excerpt":{"rendered":"<p><em>Askelmin ja tukiputkella varustettu tikas<\/em><\/p>\n<p>Yhdell\u00e4 askelosalla ja tukiputkella varustettu, maalattu metallitikas.<br \/>\nTarkoitettu yksinkertaisempiin t\u00f6ihin kotona, toimistossa tai kaupassa.<br \/>\nTikkaan maahan tukeutuvien jalkojen v\u00e4li on leve\u00e4 \u2013 se auttaa v\u00e4ltt\u00e4m\u00e4\u00e4n tasapainon menett\u00e4mist\u00e4.<\/p>\n<p>TEKNISET TIEDOT<\/p>\n<ul>\n<li>Liukumattomalla kumilla p\u00e4\u00e4llystetyt leve\u00e4t askelmat (26 x 38 cm)<\/li>\n<li>Ter\u00e4sputkinen rakenne, putkien halkaisija 25 mm<\/li>\n<li>Askelmaosan leveys 40 cm<\/li>\n<li>Askelmien v\u00e4linen et\u00e4isyys 24 cm<\/li>\n<li>Askelmien m\u00e4\u00e4r\u00e4 2 \u2212 4<\/li>\n<li>Tason korkeus 0,48 \u2212 0,95 m<\/li>\n<\/ul>\n<p>TUKIPUTKI<\/p>\n<ul>\n<li>Tukiputken vakiokorkeus 29 cm (2 askelmaa)<\/li>\n<li>Korkeampi tukiputki 51,5 cm (3 askelmaa)<\/li>\n<li>Korkeampi tukiputki 53 cm (4 askelmaa)<\/li>\n<\/ul>\n<p>VAKIOVARUSTUS<\/p>\n<ul>\n<li>Liukumattomat kumit jalkojen p\u00e4iss\u00e4<\/li>\n<li>Kyltit ja k\u00e4ytt\u00f6- ja huolto-ohje<\/li>\n<li>Pakkaus: muovipussi (*j\u00e4lleenmyyjille: pakolliset pakkaukset vain pahvista)<\/li>\n<li>Testisertifikaatti vastaa italialaisia asetuksia<\/li>\n<\/ul>\n<p>&nbsp;<\/p>\n","protected":false},"featured_media":10183,"comment_status":"open","ping_status":"closed","template":"","meta":{"footnotes":""},"product_cat":[177,171],"product_tag":[],"yoast_head":"<!-- This site is optimized with the Yoast SEO plugin v22.6 - https:\/\/yoast.com\/wordpress\/plugins\/seo\/ -->\n<title>Bravo Gripstep - Fedemark<\/title>\n<meta name=\"robots\" content=\"index, follow, max-snippet:-1, max-image-preview:large, max-video-preview:-1\" \/>\n<link rel=\"canonical\" href=\"https:\/\/fedemark.ee\/fi\/tuotteet\/tikkaat-harrastuskayttoon-ja-kevyisiin-toihin\/porraspenkit-fi\/bravo-gripstep\/\" \/>\n<meta property=\"og:locale\" content=\"fi_FI\" \/>\n<meta property=\"og:type\" content=\"article\" \/>\n<meta property=\"og:title\" content=\"Bravo Gripstep - Fedemark\" \/>\n<meta property=\"og:description\" content=\"Askelmin ja tukiputkella varustettu tikas  Yhdell\u00e4 askelosalla ja tukiputkella varustettu, maalattu metallitikas. Tarkoitettu yksinkertaisempiin t\u00f6ihin kotona, toimistossa tai kaupassa. Tikkaan maahan tukeutuvien jalkojen v\u00e4li on leve\u00e4 \u2013 se auttaa v\u00e4ltt\u00e4m\u00e4\u00e4n tasapainon menett\u00e4mist\u00e4.  TEKNISET TIEDOT   Liukumattomalla kumilla p\u00e4\u00e4llystetyt leve\u00e4t askelmat (26 x 38 cm)  Ter\u00e4sputkinen rakenne, putkien halkaisija 25 mm  Askelmaosan leveys 40 cm  Askelmien v\u00e4linen et\u00e4isyys 24 cm  Askelmien m\u00e4\u00e4r\u00e4 2 \u2212 4  Tason korkeus 0,48 \u2212 0,95 m  TUKIPUTKI   Tukiputken vakiokorkeus 29 cm (2 askelmaa)  Korkeampi tukiputki 51,5 cm (3 askelmaa)  Korkeampi tukiputki 53 cm (4 askelmaa)  VAKIOVARUSTUS   Liukumattomat kumit jalkojen p\u00e4iss\u00e4  Kyltit ja k\u00e4ytt\u00f6- ja huolto-ohje  Pakkaus: muovipussi (*j\u00e4lleenmyyjille: pakolliset pakkaukset vain pahvista)  Testisertifikaatti vastaa italialaisia asetuksia  &nbsp;\" \/>\n<meta property=\"og:url\" content=\"https:\/\/fedemark.ee\/fi\/tuotteet\/tikkaat-harrastuskayttoon-ja-kevyisiin-toihin\/porraspenkit-fi\/bravo-gripstep\/\" \/>\n<meta property=\"og:site_name\" content=\"Fedemark\" \/>\n<meta property=\"article:modified_time\" content=\"2017-08-04T08:24:05+00:00\" \/>\n<meta property=\"og:image\" content=\"https:\/\/fedemark.ee\/wp-content\/uploads\/2017\/06\/Gripstep-1-1.jpg\" \/>\n\t<meta property=\"og:image:width\" content=\"800\" \/>\n\t<meta property=\"og:image:height\" content=\"800\" \/>\n\t<meta property=\"og:image:type\" content=\"image\/jpeg\" \/>\n<meta name=\"twitter:card\" content=\"summary_large_image\" \/>\n<script type=\"application\/ld+json\" class=\"yoast-schema-graph\">{\"@context\":\"https:\/\/schema.org\",\"@graph\":[{\"@type\":\"WebPage\",\"@id\":\"https:\/\/fedemark.ee\/fi\/tuotteet\/tikkaat-harrastuskayttoon-ja-kevyisiin-toihin\/porraspenkit-fi\/bravo-gripstep\/\",\"url\":\"https:\/\/fedemark.ee\/fi\/tuotteet\/tikkaat-harrastuskayttoon-ja-kevyisiin-toihin\/porraspenkit-fi\/bravo-gripstep\/\",\"name\":\"Bravo Gripstep - Fedemark\",\"isPartOf\":{\"@id\":\"https:\/\/fedemark.ee\/#website\"},\"primaryImageOfPage\":{\"@id\":\"https:\/\/fedemark.ee\/fi\/tuotteet\/tikkaat-harrastuskayttoon-ja-kevyisiin-toihin\/porraspenkit-fi\/bravo-gripstep\/#primaryimage\"},\"image\":{\"@id\":\"https:\/\/fedemark.ee\/fi\/tuotteet\/tikkaat-harrastuskayttoon-ja-kevyisiin-toihin\/porraspenkit-fi\/bravo-gripstep\/#primaryimage\"},\"thumbnailUrl\":\"https:\/\/fedemark.ee\/wp-content\/uploads\/2017\/06\/Gripstep-1-1.jpg\",\"datePublished\":\"2017-06-16T09:11:37+00:00\",\"dateModified\":\"2017-08-04T08:24:05+00:00\",\"breadcrumb\":{\"@id\":\"https:\/\/fedemark.ee\/fi\/tuotteet\/tikkaat-harrastuskayttoon-ja-kevyisiin-toihin\/porraspenkit-fi\/bravo-gripstep\/#breadcrumb\"},\"inLanguage\":\"fi-FI\",\"potentialAction\":[{\"@type\":\"ReadAction\",\"target\":[\"https:\/\/fedemark.ee\/fi\/tuotteet\/tikkaat-harrastuskayttoon-ja-kevyisiin-toihin\/porraspenkit-fi\/bravo-gripstep\/\"]}]},{\"@type\":\"ImageObject\",\"inLanguage\":\"fi-FI\",\"@id\":\"https:\/\/fedemark.ee\/fi\/tuotteet\/tikkaat-harrastuskayttoon-ja-kevyisiin-toihin\/porraspenkit-fi\/bravo-gripstep\/#primaryimage\",\"url\":\"https:\/\/fedemark.ee\/wp-content\/uploads\/2017\/06\/Gripstep-1-1.jpg\",\"contentUrl\":\"https:\/\/fedemark.ee\/wp-content\/uploads\/2017\/06\/Gripstep-1-1.jpg\",\"width\":800,\"height\":800},{\"@type\":\"BreadcrumbList\",\"@id\":\"https:\/\/fedemark.ee\/fi\/tuotteet\/tikkaat-harrastuskayttoon-ja-kevyisiin-toihin\/porraspenkit-fi\/bravo-gripstep\/#breadcrumb\",\"itemListElement\":[{\"@type\":\"ListItem\",\"position\":1,\"name\":\"Home\",\"item\":\"https:\/\/fedemark.ee\/fi\/\"},{\"@type\":\"ListItem\",\"position\":2,\"name\":\"Tuotteet\",\"item\":\"https:\/\/fedemark.ee\/fi\/tuotteet\/\"},{\"@type\":\"ListItem\",\"position\":3,\"name\":\"Bravo Gripstep\"}]},{\"@type\":\"WebSite\",\"@id\":\"https:\/\/fedemark.ee\/#website\",\"url\":\"https:\/\/fedemark.ee\/\",\"name\":\"Fedemark\",\"description\":\"Redelid, Tellingud, T\u00f6\u00f6platvormid ja vahekorrused\",\"potentialAction\":[{\"@type\":\"SearchAction\",\"target\":{\"@type\":\"EntryPoint\",\"urlTemplate\":\"https:\/\/fedemark.ee\/?s={search_term_string}\"},\"query-input\":\"required name=search_term_string\"}],\"inLanguage\":\"fi-FI\"}]}<\/script>\n<!-- \/ Yoast SEO plugin. -->","yoast_head_json":{"title":"Bravo Gripstep - Fedemark","robots":{"index":"index","follow":"follow","max-snippet":"max-snippet:-1","max-image-preview":"max-image-preview:large","max-video-preview":"max-video-preview:-1"},"canonical":"https:\/\/fedemark.ee\/fi\/tuotteet\/tikkaat-harrastuskayttoon-ja-kevyisiin-toihin\/porraspenkit-fi\/bravo-gripstep\/","og_locale":"fi_FI","og_type":"article","og_title":"Bravo Gripstep - Fedemark","og_description":"Askelmin ja tukiputkella varustettu tikas  Yhdell\u00e4 askelosalla ja tukiputkella varustettu, maalattu metallitikas. Tarkoitettu yksinkertaisempiin t\u00f6ihin kotona, toimistossa tai kaupassa. Tikkaan maahan tukeutuvien jalkojen v\u00e4li on leve\u00e4 \u2013 se auttaa v\u00e4ltt\u00e4m\u00e4\u00e4n tasapainon menett\u00e4mist\u00e4.  TEKNISET TIEDOT   Liukumattomalla kumilla p\u00e4\u00e4llystetyt leve\u00e4t askelmat (26 x 38 cm)  Ter\u00e4sputkinen rakenne, putkien halkaisija 25 mm  Askelmaosan leveys 40 cm  Askelmien v\u00e4linen et\u00e4isyys 24 cm  Askelmien m\u00e4\u00e4r\u00e4 2 \u2212 4  Tason korkeus 0,48 \u2212 0,95 m  TUKIPUTKI   Tukiputken vakiokorkeus 29 cm (2 askelmaa)  Korkeampi tukiputki 51,5 cm (3 askelmaa)  Korkeampi tukiputki 53 cm (4 askelmaa)  VAKIOVARUSTUS   Liukumattomat kumit jalkojen p\u00e4iss\u00e4  Kyltit ja k\u00e4ytt\u00f6- ja huolto-ohje  Pakkaus: muovipussi (*j\u00e4lleenmyyjille: pakolliset pakkaukset vain pahvista)  Testisertifikaatti vastaa italialaisia asetuksia  &nbsp;","og_url":"https:\/\/fedemark.ee\/fi\/tuotteet\/tikkaat-harrastuskayttoon-ja-kevyisiin-toihin\/porraspenkit-fi\/bravo-gripstep\/","og_site_name":"Fedemark","article_modified_time":"2017-08-04T08:24:05+00:00","og_image":[{"width":800,"height":800,"url":"https:\/\/fedemark.ee\/wp-content\/uploads\/2017\/06\/Gripstep-1-1.jpg","type":"image\/jpeg"}],"twitter_card":"summary_large_image","schema":{"@context":"https:\/\/schema.org","@graph":[{"@type":"WebPage","@id":"https:\/\/fedemark.ee\/fi\/tuotteet\/tikkaat-harrastuskayttoon-ja-kevyisiin-toihin\/porraspenkit-fi\/bravo-gripstep\/","url":"https:\/\/fedemark.ee\/fi\/tuotteet\/tikkaat-harrastuskayttoon-ja-kevyisiin-toihin\/porraspenkit-fi\/bravo-gripstep\/","name":"Bravo Gripstep - Fedemark","isPartOf":{"@id":"https:\/\/fedemark.ee\/#website"},"primaryImageOfPage":{"@id":"https:\/\/fedemark.ee\/fi\/tuotteet\/tikkaat-harrastuskayttoon-ja-kevyisiin-toihin\/porraspenkit-fi\/bravo-gripstep\/#primaryimage"},"image":{"@id":"https:\/\/fedemark.ee\/fi\/tuotteet\/tikkaat-harrastuskayttoon-ja-kevyisiin-toihin\/porraspenkit-fi\/bravo-gripstep\/#primaryimage"},"thumbnailUrl":"https:\/\/fedemark.ee\/wp-content\/uploads\/2017\/06\/Gripstep-1-1.jpg","datePublished":"2017-06-16T09:11:37+00:00","dateModified":"2017-08-04T08:24:05+00:00","breadcrumb":{"@id":"https:\/\/fedemark.ee\/fi\/tuotteet\/tikkaat-harrastuskayttoon-ja-kevyisiin-toihin\/porraspenkit-fi\/bravo-gripstep\/#breadcrumb"},"inLanguage":"fi-FI","potentialAction":[{"@type":"ReadAction","target":["https:\/\/fedemark.ee\/fi\/tuotteet\/tikkaat-harrastuskayttoon-ja-kevyisiin-toihin\/porraspenkit-fi\/bravo-gripstep\/"]}]},{"@type":"ImageObject","inLanguage":"fi-FI","@id":"https:\/\/fedemark.ee\/fi\/tuotteet\/tikkaat-harrastuskayttoon-ja-kevyisiin-toihin\/porraspenkit-fi\/bravo-gripstep\/#primaryimage","url":"https:\/\/fedemark.ee\/wp-content\/uploads\/2017\/06\/Gripstep-1-1.jpg","contentUrl":"https:\/\/fedemark.ee\/wp-content\/uploads\/2017\/06\/Gripstep-1-1.jpg","width":800,"height":800},{"@type":"BreadcrumbList","@id":"https:\/\/fedemark.ee\/fi\/tuotteet\/tikkaat-harrastuskayttoon-ja-kevyisiin-toihin\/porraspenkit-fi\/bravo-gripstep\/#breadcrumb","itemListElement":[{"@type":"ListItem","position":1,"name":"Home","item":"https:\/\/fedemark.ee\/fi\/"},{"@type":"ListItem","position":2,"name":"Tuotteet","item":"https:\/\/fedemark.ee\/fi\/tuotteet\/"},{"@type":"ListItem","position":3,"name":"Bravo Gripstep"}]},{"@type":"WebSite","@id":"https:\/\/fedemark.ee\/#website","url":"https:\/\/fedemark.ee\/","name":"Fedemark","description":"Redelid, Tellingud, T\u00f6\u00f6platvormid ja vahekorrused","potentialAction":[{"@type":"SearchAction","target":{"@type":"EntryPoint","urlTemplate":"https:\/\/fedemark.ee\/?s={search_term_string}"},"query-input":"required name=search_term_string"}],"inLanguage":"fi-FI"}]}},"_links":{"self":[{"href":"https:\/\/fedemark.ee\/fi\/wp-json\/wp\/v2\/product\/7967"}],"collection":[{"href":"https:\/\/fedemark.ee\/fi\/wp-json\/wp\/v2\/product"}],"about":[{"href":"https:\/\/fedemark.ee\/fi\/wp-json\/wp\/v2\/types\/product"}],"replies":[{"embeddable":true,"href":"https:\/\/fedemark.ee\/fi\/wp-json\/wp\/v2\/comments?post=7967"}],"version-history":[{"count":0,"href":"https:\/\/fedemark.ee\/fi\/wp-json\/wp\/v2\/product\/7967\/revisions"}],"wp:featuredmedia":[{"embeddable":true,"href":"https:\/\/fedemark.ee\/fi\/wp-json\/wp\/v2\/media\/10183"}],"wp:attachment":[{"href":"https:\/\/fedemark.ee\/fi\/wp-json\/wp\/v2\/media?parent=7967"}],"wp:term":[{"taxonomy":"product_cat","embeddable":true,"href":"https:\/\/fedemark.ee\/fi\/wp-json\/wp\/v2\/product_cat?post=7967"},{"taxonomy":"product_tag","embeddable":true,"href":"https:\/\/fedemark.ee\/fi\/wp-json\/wp\/v2\/product_tag?post=7967"}],"curies":[{"name":"wp","href":"https:\/\/api.w.org\/{rel}","templated":true}]}}