{"id":7968,"date":"2017-06-16T14:37:21","date_gmt":"2017-06-16T14:37:21","guid":{"rendered":"https:\/\/sharks.ee\/fedemark\/shop\/uncategorized\/serafina-mix\/"},"modified":"2017-08-04T08:25:00","modified_gmt":"2017-08-04T08:25:00","slug":"serafina-mix","status":"publish","type":"product","link":"https:\/\/fedemark.ee\/fi\/tuotteet\/tikkaat-harrastuskayttoon-ja-kevyisiin-toihin\/monikayttoiset-ja-muotoiltavat-teleskooppitikkaat-fi\/serafina-mix\/","title":{"rendered":"Serafina Mix"},"content":{"rendered":"","protected":false},"excerpt":{"rendered":"<p><em>Maalatusta ter\u00e4ksest\u00e4 ja alumiinista valmistettu teleskooppitikas, monta asentoa ja levenev\u00e4 alaosa<\/em><\/p>\n<p>Teleskooppisesti jatkettava ter\u00e4stikas, jossa on alumiininen sis\u00e4osa ja epoksimaaliviimeistely.<br \/>\nPuoliautomaattiset nivelet mahdollistavat tikkaan A-muotoisen avaamisen ja sulkemisen, ilman ett\u00e4 nuppeja t\u00e4ytyisi kiert\u00e4\u00e4 auki tai kiinni.<br \/>\nNuppeja tarvitaan vain silloin, kun tikas avataan sellaiseen asentoon, jossa se tuetaan sein\u00e4\u00e4 vasten.<\/p>\n<p><strong> TIEDOT JA VARUSTEET<\/strong><br \/>\n\u2022 Ihanteellinen harrastust\u00f6ihin ja yksinkertaisimpiin ammattit\u00f6ihin<br \/>\n\u2022 PVC:st\u00e4 valmistetut liukumattomat jalanp\u00e4\u00e4t ovat kaksinkertaisesti vinot pysy\u00e4kseen tukipinnalla lujasti.<br \/>\n\u2022 Ter\u00e4ksiset kiinnittimet<br \/>\n\u2022 Askelmaosa 30 mm<br \/>\n\u2022\u00a0Askelmarivin leveys 28 cm<br \/>\n\u2022\u00a0L\u00e4mp\u00f6kutistuva pakkaus<br \/>\n\u2022 Ulkoprofiili on uritettu ja kohotettu 25 x 56 mm.<br \/>\n\u2022 Nivel on puoliautomaattinen, se antaa mahdollisuuden avata tikkaan A-muotoon nuppeja k\u00e4ytt\u00e4m\u00e4tt\u00e4.<\/p>\n","protected":false},"featured_media":6487,"comment_status":"open","ping_status":"closed","template":"","meta":{"footnotes":""},"product_cat":[256,171],"product_tag":[],"yoast_head":"<!-- This site is optimized with the Yoast SEO plugin v22.6 - https:\/\/yoast.com\/wordpress\/plugins\/seo\/ -->\n<title>Serafina Mix - Fedemark<\/title>\n<meta name=\"robots\" content=\"index, follow, max-snippet:-1, max-image-preview:large, max-video-preview:-1\" \/>\n<link rel=\"canonical\" href=\"https:\/\/fedemark.ee\/fi\/tuotteet\/tikkaat-harrastuskayttoon-ja-kevyisiin-toihin\/monikayttoiset-ja-muotoiltavat-teleskooppitikkaat-fi\/serafina-mix\/\" \/>\n<meta property=\"og:locale\" content=\"fi_FI\" \/>\n<meta property=\"og:type\" content=\"article\" \/>\n<meta property=\"og:title\" content=\"Serafina Mix - Fedemark\" \/>\n<meta property=\"og:description\" content=\"Maalatusta ter\u00e4ksest\u00e4 ja alumiinista valmistettu teleskooppitikas, monta asentoa ja levenev\u00e4 alaosa  Teleskooppisesti jatkettava ter\u00e4stikas, jossa on alumiininen sis\u00e4osa ja epoksimaaliviimeistely. Puoliautomaattiset nivelet mahdollistavat tikkaan A-muotoisen avaamisen ja sulkemisen, ilman ett\u00e4 nuppeja t\u00e4ytyisi kiert\u00e4\u00e4 auki tai kiinni. Nuppeja tarvitaan vain silloin, kun tikas avataan sellaiseen asentoon, jossa se tuetaan sein\u00e4\u00e4 vasten.   TIEDOT JA VARUSTEET \u2022 Ihanteellinen harrastust\u00f6ihin ja yksinkertaisimpiin ammattit\u00f6ihin \u2022 PVC:st\u00e4 valmistetut liukumattomat jalanp\u00e4\u00e4t ovat kaksinkertaisesti vinot pysy\u00e4kseen tukipinnalla lujasti. \u2022 Ter\u00e4ksiset kiinnittimet \u2022 Askelmaosa 30 mm \u2022\u00a0Askelmarivin leveys 28 cm \u2022\u00a0L\u00e4mp\u00f6kutistuva pakkaus \u2022 Ulkoprofiili on uritettu ja kohotettu 25 x 56 mm. \u2022 Nivel on puoliautomaattinen, se antaa mahdollisuuden avata tikkaan A-muotoon nuppeja k\u00e4ytt\u00e4m\u00e4tt\u00e4.\" \/>\n<meta property=\"og:url\" content=\"https:\/\/fedemark.ee\/fi\/tuotteet\/tikkaat-harrastuskayttoon-ja-kevyisiin-toihin\/monikayttoiset-ja-muotoiltavat-teleskooppitikkaat-fi\/serafina-mix\/\" \/>\n<meta property=\"og:site_name\" content=\"Fedemark\" \/>\n<meta property=\"article:modified_time\" content=\"2017-08-04T08:25:00+00:00\" \/>\n<meta property=\"og:image\" content=\"https:\/\/fedemark.ee\/wp-content\/uploads\/2017\/06\/serafina-mix.jpg\" \/>\n\t<meta property=\"og:image:width\" content=\"4000\" \/>\n\t<meta property=\"og:image:height\" content=\"5982\" \/>\n\t<meta property=\"og:image:type\" content=\"image\/jpeg\" \/>\n<meta name=\"twitter:card\" content=\"summary_large_image\" \/>\n<script type=\"application\/ld+json\" class=\"yoast-schema-graph\">{\"@context\":\"https:\/\/schema.org\",\"@graph\":[{\"@type\":\"WebPage\",\"@id\":\"https:\/\/fedemark.ee\/fi\/tuotteet\/tikkaat-harrastuskayttoon-ja-kevyisiin-toihin\/monikayttoiset-ja-muotoiltavat-teleskooppitikkaat-fi\/serafina-mix\/\",\"url\":\"https:\/\/fedemark.ee\/fi\/tuotteet\/tikkaat-harrastuskayttoon-ja-kevyisiin-toihin\/monikayttoiset-ja-muotoiltavat-teleskooppitikkaat-fi\/serafina-mix\/\",\"name\":\"Serafina Mix - Fedemark\",\"isPartOf\":{\"@id\":\"https:\/\/fedemark.ee\/#website\"},\"primaryImageOfPage\":{\"@id\":\"https:\/\/fedemark.ee\/fi\/tuotteet\/tikkaat-harrastuskayttoon-ja-kevyisiin-toihin\/monikayttoiset-ja-muotoiltavat-teleskooppitikkaat-fi\/serafina-mix\/#primaryimage\"},\"image\":{\"@id\":\"https:\/\/fedemark.ee\/fi\/tuotteet\/tikkaat-harrastuskayttoon-ja-kevyisiin-toihin\/monikayttoiset-ja-muotoiltavat-teleskooppitikkaat-fi\/serafina-mix\/#primaryimage\"},\"thumbnailUrl\":\"https:\/\/fedemark.ee\/wp-content\/uploads\/2017\/06\/serafina-mix.jpg\",\"datePublished\":\"2017-06-16T14:37:21+00:00\",\"dateModified\":\"2017-08-04T08:25:00+00:00\",\"breadcrumb\":{\"@id\":\"https:\/\/fedemark.ee\/fi\/tuotteet\/tikkaat-harrastuskayttoon-ja-kevyisiin-toihin\/monikayttoiset-ja-muotoiltavat-teleskooppitikkaat-fi\/serafina-mix\/#breadcrumb\"},\"inLanguage\":\"fi-FI\",\"potentialAction\":[{\"@type\":\"ReadAction\",\"target\":[\"https:\/\/fedemark.ee\/fi\/tuotteet\/tikkaat-harrastuskayttoon-ja-kevyisiin-toihin\/monikayttoiset-ja-muotoiltavat-teleskooppitikkaat-fi\/serafina-mix\/\"]}]},{\"@type\":\"ImageObject\",\"inLanguage\":\"fi-FI\",\"@id\":\"https:\/\/fedemark.ee\/fi\/tuotteet\/tikkaat-harrastuskayttoon-ja-kevyisiin-toihin\/monikayttoiset-ja-muotoiltavat-teleskooppitikkaat-fi\/serafina-mix\/#primaryimage\",\"url\":\"https:\/\/fedemark.ee\/wp-content\/uploads\/2017\/06\/serafina-mix.jpg\",\"contentUrl\":\"https:\/\/fedemark.ee\/wp-content\/uploads\/2017\/06\/serafina-mix.jpg\",\"width\":4000,\"height\":5982},{\"@type\":\"BreadcrumbList\",\"@id\":\"https:\/\/fedemark.ee\/fi\/tuotteet\/tikkaat-harrastuskayttoon-ja-kevyisiin-toihin\/monikayttoiset-ja-muotoiltavat-teleskooppitikkaat-fi\/serafina-mix\/#breadcrumb\",\"itemListElement\":[{\"@type\":\"ListItem\",\"position\":1,\"name\":\"Home\",\"item\":\"https:\/\/fedemark.ee\/fi\/\"},{\"@type\":\"ListItem\",\"position\":2,\"name\":\"Tuotteet\",\"item\":\"https:\/\/fedemark.ee\/fi\/tuotteet\/\"},{\"@type\":\"ListItem\",\"position\":3,\"name\":\"Serafina Mix\"}]},{\"@type\":\"WebSite\",\"@id\":\"https:\/\/fedemark.ee\/#website\",\"url\":\"https:\/\/fedemark.ee\/\",\"name\":\"Fedemark\",\"description\":\"Redelid, Tellingud, T\u00f6\u00f6platvormid ja vahekorrused\",\"potentialAction\":[{\"@type\":\"SearchAction\",\"target\":{\"@type\":\"EntryPoint\",\"urlTemplate\":\"https:\/\/fedemark.ee\/?s={search_term_string}\"},\"query-input\":\"required name=search_term_string\"}],\"inLanguage\":\"fi-FI\"}]}<\/script>\n<!-- \/ Yoast SEO plugin. -->","yoast_head_json":{"title":"Serafina Mix - Fedemark","robots":{"index":"index","follow":"follow","max-snippet":"max-snippet:-1","max-image-preview":"max-image-preview:large","max-video-preview":"max-video-preview:-1"},"canonical":"https:\/\/fedemark.ee\/fi\/tuotteet\/tikkaat-harrastuskayttoon-ja-kevyisiin-toihin\/monikayttoiset-ja-muotoiltavat-teleskooppitikkaat-fi\/serafina-mix\/","og_locale":"fi_FI","og_type":"article","og_title":"Serafina Mix - Fedemark","og_description":"Maalatusta ter\u00e4ksest\u00e4 ja alumiinista valmistettu teleskooppitikas, monta asentoa ja levenev\u00e4 alaosa  Teleskooppisesti jatkettava ter\u00e4stikas, jossa on alumiininen sis\u00e4osa ja epoksimaaliviimeistely. Puoliautomaattiset nivelet mahdollistavat tikkaan A-muotoisen avaamisen ja sulkemisen, ilman ett\u00e4 nuppeja t\u00e4ytyisi kiert\u00e4\u00e4 auki tai kiinni. Nuppeja tarvitaan vain silloin, kun tikas avataan sellaiseen asentoon, jossa se tuetaan sein\u00e4\u00e4 vasten.   TIEDOT JA VARUSTEET \u2022 Ihanteellinen harrastust\u00f6ihin ja yksinkertaisimpiin ammattit\u00f6ihin \u2022 PVC:st\u00e4 valmistetut liukumattomat jalanp\u00e4\u00e4t ovat kaksinkertaisesti vinot pysy\u00e4kseen tukipinnalla lujasti. \u2022 Ter\u00e4ksiset kiinnittimet \u2022 Askelmaosa 30 mm \u2022\u00a0Askelmarivin leveys 28 cm \u2022\u00a0L\u00e4mp\u00f6kutistuva pakkaus \u2022 Ulkoprofiili on uritettu ja kohotettu 25 x 56 mm. \u2022 Nivel on puoliautomaattinen, se antaa mahdollisuuden avata tikkaan A-muotoon nuppeja k\u00e4ytt\u00e4m\u00e4tt\u00e4.","og_url":"https:\/\/fedemark.ee\/fi\/tuotteet\/tikkaat-harrastuskayttoon-ja-kevyisiin-toihin\/monikayttoiset-ja-muotoiltavat-teleskooppitikkaat-fi\/serafina-mix\/","og_site_name":"Fedemark","article_modified_time":"2017-08-04T08:25:00+00:00","og_image":[{"width":4000,"height":5982,"url":"https:\/\/fedemark.ee\/wp-content\/uploads\/2017\/06\/serafina-mix.jpg","type":"image\/jpeg"}],"twitter_card":"summary_large_image","schema":{"@context":"https:\/\/schema.org","@graph":[{"@type":"WebPage","@id":"https:\/\/fedemark.ee\/fi\/tuotteet\/tikkaat-harrastuskayttoon-ja-kevyisiin-toihin\/monikayttoiset-ja-muotoiltavat-teleskooppitikkaat-fi\/serafina-mix\/","url":"https:\/\/fedemark.ee\/fi\/tuotteet\/tikkaat-harrastuskayttoon-ja-kevyisiin-toihin\/monikayttoiset-ja-muotoiltavat-teleskooppitikkaat-fi\/serafina-mix\/","name":"Serafina Mix - Fedemark","isPartOf":{"@id":"https:\/\/fedemark.ee\/#website"},"primaryImageOfPage":{"@id":"https:\/\/fedemark.ee\/fi\/tuotteet\/tikkaat-harrastuskayttoon-ja-kevyisiin-toihin\/monikayttoiset-ja-muotoiltavat-teleskooppitikkaat-fi\/serafina-mix\/#primaryimage"},"image":{"@id":"https:\/\/fedemark.ee\/fi\/tuotteet\/tikkaat-harrastuskayttoon-ja-kevyisiin-toihin\/monikayttoiset-ja-muotoiltavat-teleskooppitikkaat-fi\/serafina-mix\/#primaryimage"},"thumbnailUrl":"https:\/\/fedemark.ee\/wp-content\/uploads\/2017\/06\/serafina-mix.jpg","datePublished":"2017-06-16T14:37:21+00:00","dateModified":"2017-08-04T08:25:00+00:00","breadcrumb":{"@id":"https:\/\/fedemark.ee\/fi\/tuotteet\/tikkaat-harrastuskayttoon-ja-kevyisiin-toihin\/monikayttoiset-ja-muotoiltavat-teleskooppitikkaat-fi\/serafina-mix\/#breadcrumb"},"inLanguage":"fi-FI","potentialAction":[{"@type":"ReadAction","target":["https:\/\/fedemark.ee\/fi\/tuotteet\/tikkaat-harrastuskayttoon-ja-kevyisiin-toihin\/monikayttoiset-ja-muotoiltavat-teleskooppitikkaat-fi\/serafina-mix\/"]}]},{"@type":"ImageObject","inLanguage":"fi-FI","@id":"https:\/\/fedemark.ee\/fi\/tuotteet\/tikkaat-harrastuskayttoon-ja-kevyisiin-toihin\/monikayttoiset-ja-muotoiltavat-teleskooppitikkaat-fi\/serafina-mix\/#primaryimage","url":"https:\/\/fedemark.ee\/wp-content\/uploads\/2017\/06\/serafina-mix.jpg","contentUrl":"https:\/\/fedemark.ee\/wp-content\/uploads\/2017\/06\/serafina-mix.jpg","width":4000,"height":5982},{"@type":"BreadcrumbList","@id":"https:\/\/fedemark.ee\/fi\/tuotteet\/tikkaat-harrastuskayttoon-ja-kevyisiin-toihin\/monikayttoiset-ja-muotoiltavat-teleskooppitikkaat-fi\/serafina-mix\/#breadcrumb","itemListElement":[{"@type":"ListItem","position":1,"name":"Home","item":"https:\/\/fedemark.ee\/fi\/"},{"@type":"ListItem","position":2,"name":"Tuotteet","item":"https:\/\/fedemark.ee\/fi\/tuotteet\/"},{"@type":"ListItem","position":3,"name":"Serafina Mix"}]},{"@type":"WebSite","@id":"https:\/\/fedemark.ee\/#website","url":"https:\/\/fedemark.ee\/","name":"Fedemark","description":"Redelid, Tellingud, T\u00f6\u00f6platvormid ja vahekorrused","potentialAction":[{"@type":"SearchAction","target":{"@type":"EntryPoint","urlTemplate":"https:\/\/fedemark.ee\/?s={search_term_string}"},"query-input":"required name=search_term_string"}],"inLanguage":"fi-FI"}]}},"_links":{"self":[{"href":"https:\/\/fedemark.ee\/fi\/wp-json\/wp\/v2\/product\/7968"}],"collection":[{"href":"https:\/\/fedemark.ee\/fi\/wp-json\/wp\/v2\/product"}],"about":[{"href":"https:\/\/fedemark.ee\/fi\/wp-json\/wp\/v2\/types\/product"}],"replies":[{"embeddable":true,"href":"https:\/\/fedemark.ee\/fi\/wp-json\/wp\/v2\/comments?post=7968"}],"version-history":[{"count":0,"href":"https:\/\/fedemark.ee\/fi\/wp-json\/wp\/v2\/product\/7968\/revisions"}],"wp:featuredmedia":[{"embeddable":true,"href":"https:\/\/fedemark.ee\/fi\/wp-json\/wp\/v2\/media\/6487"}],"wp:attachment":[{"href":"https:\/\/fedemark.ee\/fi\/wp-json\/wp\/v2\/media?parent=7968"}],"wp:term":[{"taxonomy":"product_cat","embeddable":true,"href":"https:\/\/fedemark.ee\/fi\/wp-json\/wp\/v2\/product_cat?post=7968"},{"taxonomy":"product_tag","embeddable":true,"href":"https:\/\/fedemark.ee\/fi\/wp-json\/wp\/v2\/product_tag?post=7968"}],"curies":[{"name":"wp","href":"https:\/\/api.w.org\/{rel}","templated":true}]}}