{"id":7969,"date":"2017-06-16T14:55:18","date_gmt":"2017-06-16T14:55:18","guid":{"rendered":"https:\/\/sharks.ee\/fedemark\/shop\/uncategorized\/topika\/"},"modified":"2017-08-04T08:27:38","modified_gmt":"2017-08-04T08:27:38","slug":"topika","status":"publish","type":"product","link":"https:\/\/fedemark.ee\/fi\/tuotteet\/tikkaat-harrastuskayttoon-ja-kevyisiin-toihin\/monikayttoiset-ja-muotoiltavat-teleskooppitikkaat-fi\/topika\/","title":{"rendered":"Topika"},"content":{"rendered":"","protected":false},"excerpt":{"rendered":"<p>Teleskooppinen ja moneen asentoon lukittava tikas yksinkertaisempiin t\u00f6ihin<\/p>\n<p>Alhaalta levenev\u00e4 alumiininen teleskooppitikas sein\u00e4\u00e4n tuettavaksi tai A-muotoisena k\u00e4ytett\u00e4v\u00e4ksi. Ihanteellinen yksinkertaisempien t\u00f6iden tekemiseen.<\/p>\n<p>Ulkopuolelta tikaspuolat on hitsattu pystyprofiileihin ja n\u00e4in muodostuu \u00e4\u00e4rimm\u00e4isen luja yhdest\u00e4 osasta koostuva rakenne.<br \/>\nSis\u00e4puolella on k\u00e4ytetty korkean teknologian automaattista tiivistysj\u00e4rjestelm\u00e4\u00e4, joka kiinnitt\u00e4\u00e4 askelma pysyv\u00e4sti pystyprofiiliin ns. sandwich-menetelm\u00e4ll\u00e4.<\/p>\n<p>VAKIOVARUSTUS<\/p>\n<ul>\n<li>Liukumattomat kohopintaiset tikaspuolat 25,5 x 28 mm<\/li>\n<li>Nivelten muovinupit<\/li>\n<li>Sinkityt peltinivelet<\/li>\n<li>Tikaspuolien v\u00e4li 28 cm<\/li>\n<li>PVC:st\u00e4 valmistetut niitatut ja liukumattomat jalanp\u00e4\u00e4t<\/li>\n<li>Sisempi pystyprofiili 50 x 20 mm<\/li>\n<li>Ulkoinen pystyprofiili 57 x 23 mm<\/li>\n<li>Tikkaan sis\u00e4leveys 36,5 cm<\/li>\n<li>Nailonp\u00e4\u00e4llysteiset ter\u00e4ksiset turvakiinnittimet<\/li>\n<li>Kuvalla varustettu l\u00e4mp\u00f6kutistuva pakkaus<\/li>\n<\/ul>\n<p>Automaattiset nivelet mahdollistavat tehd\u00e4 nopeasti seuraavaa:<\/p>\n<ul>\n<li>Avata tikkaan A-muotoon ja uudelleen sulkea ilman, ett\u00e4 niveli\u00e4 tulisi kiert\u00e4\u00e4 kiinni ja auki<\/li>\n<li>Kiinnitt\u00e4\u00e4 tikkaan A-muotoiseen asentoon k\u00e4ytt\u00e4m\u00e4ll\u00e4 niveli\u00e4<\/li>\n<li>Avata tikkaan sein\u00e4lle tukemisasentoon k\u00e4ytt\u00e4m\u00e4ll\u00e4 niveli\u00e4<\/li>\n<\/ul>\n","protected":false},"featured_media":10577,"comment_status":"open","ping_status":"closed","template":"","meta":{"footnotes":""},"product_cat":[256,171],"product_tag":[],"yoast_head":"<!-- This site is optimized with the Yoast SEO plugin v22.6 - https:\/\/yoast.com\/wordpress\/plugins\/seo\/ -->\n<title>Topika - Fedemark<\/title>\n<meta name=\"robots\" content=\"index, follow, max-snippet:-1, max-image-preview:large, max-video-preview:-1\" \/>\n<link rel=\"canonical\" href=\"https:\/\/fedemark.ee\/fi\/tuotteet\/tikkaat-harrastuskayttoon-ja-kevyisiin-toihin\/monikayttoiset-ja-muotoiltavat-teleskooppitikkaat-fi\/topika\/\" \/>\n<meta property=\"og:locale\" content=\"fi_FI\" \/>\n<meta property=\"og:type\" content=\"article\" \/>\n<meta property=\"og:title\" content=\"Topika - Fedemark\" \/>\n<meta property=\"og:description\" content=\"Teleskooppinen ja moneen asentoon lukittava tikas yksinkertaisempiin t\u00f6ihin  Alhaalta levenev\u00e4 alumiininen teleskooppitikas sein\u00e4\u00e4n tuettavaksi tai A-muotoisena k\u00e4ytett\u00e4v\u00e4ksi. Ihanteellinen yksinkertaisempien t\u00f6iden tekemiseen.  Ulkopuolelta tikaspuolat on hitsattu pystyprofiileihin ja n\u00e4in muodostuu \u00e4\u00e4rimm\u00e4isen luja yhdest\u00e4 osasta koostuva rakenne. Sis\u00e4puolella on k\u00e4ytetty korkean teknologian automaattista tiivistysj\u00e4rjestelm\u00e4\u00e4, joka kiinnitt\u00e4\u00e4 askelma pysyv\u00e4sti pystyprofiiliin ns. sandwich-menetelm\u00e4ll\u00e4.  VAKIOVARUSTUS   Liukumattomat kohopintaiset tikaspuolat 25,5 x 28 mm  Nivelten muovinupit  Sinkityt peltinivelet  Tikaspuolien v\u00e4li 28 cm  PVC:st\u00e4 valmistetut niitatut ja liukumattomat jalanp\u00e4\u00e4t  Sisempi pystyprofiili 50 x 20 mm  Ulkoinen pystyprofiili 57 x 23 mm  Tikkaan sis\u00e4leveys 36,5 cm  Nailonp\u00e4\u00e4llysteiset ter\u00e4ksiset turvakiinnittimet  Kuvalla varustettu l\u00e4mp\u00f6kutistuva pakkaus  Automaattiset nivelet mahdollistavat tehd\u00e4 nopeasti seuraavaa:   Avata tikkaan A-muotoon ja uudelleen sulkea ilman, ett\u00e4 niveli\u00e4 tulisi kiert\u00e4\u00e4 kiinni ja auki  Kiinnitt\u00e4\u00e4 tikkaan A-muotoiseen asentoon k\u00e4ytt\u00e4m\u00e4ll\u00e4 niveli\u00e4  Avata tikkaan sein\u00e4lle tukemisasentoon k\u00e4ytt\u00e4m\u00e4ll\u00e4 niveli\u00e4\" \/>\n<meta property=\"og:url\" content=\"https:\/\/fedemark.ee\/fi\/tuotteet\/tikkaat-harrastuskayttoon-ja-kevyisiin-toihin\/monikayttoiset-ja-muotoiltavat-teleskooppitikkaat-fi\/topika\/\" \/>\n<meta property=\"og:site_name\" content=\"Fedemark\" \/>\n<meta property=\"article:modified_time\" content=\"2017-08-04T08:27:38+00:00\" \/>\n<meta property=\"og:image\" content=\"https:\/\/fedemark.ee\/wp-content\/uploads\/2017\/06\/topika-1.jpg\" \/>\n\t<meta property=\"og:image:width\" content=\"800\" \/>\n\t<meta property=\"og:image:height\" content=\"800\" \/>\n\t<meta property=\"og:image:type\" content=\"image\/jpeg\" \/>\n<meta name=\"twitter:card\" content=\"summary_large_image\" \/>\n<script type=\"application\/ld+json\" class=\"yoast-schema-graph\">{\"@context\":\"https:\/\/schema.org\",\"@graph\":[{\"@type\":\"WebPage\",\"@id\":\"https:\/\/fedemark.ee\/fi\/tuotteet\/tikkaat-harrastuskayttoon-ja-kevyisiin-toihin\/monikayttoiset-ja-muotoiltavat-teleskooppitikkaat-fi\/topika\/\",\"url\":\"https:\/\/fedemark.ee\/fi\/tuotteet\/tikkaat-harrastuskayttoon-ja-kevyisiin-toihin\/monikayttoiset-ja-muotoiltavat-teleskooppitikkaat-fi\/topika\/\",\"name\":\"Topika - Fedemark\",\"isPartOf\":{\"@id\":\"https:\/\/fedemark.ee\/#website\"},\"primaryImageOfPage\":{\"@id\":\"https:\/\/fedemark.ee\/fi\/tuotteet\/tikkaat-harrastuskayttoon-ja-kevyisiin-toihin\/monikayttoiset-ja-muotoiltavat-teleskooppitikkaat-fi\/topika\/#primaryimage\"},\"image\":{\"@id\":\"https:\/\/fedemark.ee\/fi\/tuotteet\/tikkaat-harrastuskayttoon-ja-kevyisiin-toihin\/monikayttoiset-ja-muotoiltavat-teleskooppitikkaat-fi\/topika\/#primaryimage\"},\"thumbnailUrl\":\"https:\/\/fedemark.ee\/wp-content\/uploads\/2017\/06\/topika-1.jpg\",\"datePublished\":\"2017-06-16T14:55:18+00:00\",\"dateModified\":\"2017-08-04T08:27:38+00:00\",\"breadcrumb\":{\"@id\":\"https:\/\/fedemark.ee\/fi\/tuotteet\/tikkaat-harrastuskayttoon-ja-kevyisiin-toihin\/monikayttoiset-ja-muotoiltavat-teleskooppitikkaat-fi\/topika\/#breadcrumb\"},\"inLanguage\":\"fi-FI\",\"potentialAction\":[{\"@type\":\"ReadAction\",\"target\":[\"https:\/\/fedemark.ee\/fi\/tuotteet\/tikkaat-harrastuskayttoon-ja-kevyisiin-toihin\/monikayttoiset-ja-muotoiltavat-teleskooppitikkaat-fi\/topika\/\"]}]},{\"@type\":\"ImageObject\",\"inLanguage\":\"fi-FI\",\"@id\":\"https:\/\/fedemark.ee\/fi\/tuotteet\/tikkaat-harrastuskayttoon-ja-kevyisiin-toihin\/monikayttoiset-ja-muotoiltavat-teleskooppitikkaat-fi\/topika\/#primaryimage\",\"url\":\"https:\/\/fedemark.ee\/wp-content\/uploads\/2017\/06\/topika-1.jpg\",\"contentUrl\":\"https:\/\/fedemark.ee\/wp-content\/uploads\/2017\/06\/topika-1.jpg\",\"width\":800,\"height\":800},{\"@type\":\"BreadcrumbList\",\"@id\":\"https:\/\/fedemark.ee\/fi\/tuotteet\/tikkaat-harrastuskayttoon-ja-kevyisiin-toihin\/monikayttoiset-ja-muotoiltavat-teleskooppitikkaat-fi\/topika\/#breadcrumb\",\"itemListElement\":[{\"@type\":\"ListItem\",\"position\":1,\"name\":\"Home\",\"item\":\"https:\/\/fedemark.ee\/fi\/\"},{\"@type\":\"ListItem\",\"position\":2,\"name\":\"Tuotteet\",\"item\":\"https:\/\/fedemark.ee\/fi\/tuotteet\/\"},{\"@type\":\"ListItem\",\"position\":3,\"name\":\"Topika\"}]},{\"@type\":\"WebSite\",\"@id\":\"https:\/\/fedemark.ee\/#website\",\"url\":\"https:\/\/fedemark.ee\/\",\"name\":\"Fedemark\",\"description\":\"Redelid, Tellingud, T\u00f6\u00f6platvormid ja vahekorrused\",\"potentialAction\":[{\"@type\":\"SearchAction\",\"target\":{\"@type\":\"EntryPoint\",\"urlTemplate\":\"https:\/\/fedemark.ee\/?s={search_term_string}\"},\"query-input\":\"required name=search_term_string\"}],\"inLanguage\":\"fi-FI\"}]}<\/script>\n<!-- \/ Yoast SEO plugin. -->","yoast_head_json":{"title":"Topika - Fedemark","robots":{"index":"index","follow":"follow","max-snippet":"max-snippet:-1","max-image-preview":"max-image-preview:large","max-video-preview":"max-video-preview:-1"},"canonical":"https:\/\/fedemark.ee\/fi\/tuotteet\/tikkaat-harrastuskayttoon-ja-kevyisiin-toihin\/monikayttoiset-ja-muotoiltavat-teleskooppitikkaat-fi\/topika\/","og_locale":"fi_FI","og_type":"article","og_title":"Topika - Fedemark","og_description":"Teleskooppinen ja moneen asentoon lukittava tikas yksinkertaisempiin t\u00f6ihin  Alhaalta levenev\u00e4 alumiininen teleskooppitikas sein\u00e4\u00e4n tuettavaksi tai A-muotoisena k\u00e4ytett\u00e4v\u00e4ksi. Ihanteellinen yksinkertaisempien t\u00f6iden tekemiseen.  Ulkopuolelta tikaspuolat on hitsattu pystyprofiileihin ja n\u00e4in muodostuu \u00e4\u00e4rimm\u00e4isen luja yhdest\u00e4 osasta koostuva rakenne. Sis\u00e4puolella on k\u00e4ytetty korkean teknologian automaattista tiivistysj\u00e4rjestelm\u00e4\u00e4, joka kiinnitt\u00e4\u00e4 askelma pysyv\u00e4sti pystyprofiiliin ns. sandwich-menetelm\u00e4ll\u00e4.  VAKIOVARUSTUS   Liukumattomat kohopintaiset tikaspuolat 25,5 x 28 mm  Nivelten muovinupit  Sinkityt peltinivelet  Tikaspuolien v\u00e4li 28 cm  PVC:st\u00e4 valmistetut niitatut ja liukumattomat jalanp\u00e4\u00e4t  Sisempi pystyprofiili 50 x 20 mm  Ulkoinen pystyprofiili 57 x 23 mm  Tikkaan sis\u00e4leveys 36,5 cm  Nailonp\u00e4\u00e4llysteiset ter\u00e4ksiset turvakiinnittimet  Kuvalla varustettu l\u00e4mp\u00f6kutistuva pakkaus  Automaattiset nivelet mahdollistavat tehd\u00e4 nopeasti seuraavaa:   Avata tikkaan A-muotoon ja uudelleen sulkea ilman, ett\u00e4 niveli\u00e4 tulisi kiert\u00e4\u00e4 kiinni ja auki  Kiinnitt\u00e4\u00e4 tikkaan A-muotoiseen asentoon k\u00e4ytt\u00e4m\u00e4ll\u00e4 niveli\u00e4  Avata tikkaan sein\u00e4lle tukemisasentoon k\u00e4ytt\u00e4m\u00e4ll\u00e4 niveli\u00e4","og_url":"https:\/\/fedemark.ee\/fi\/tuotteet\/tikkaat-harrastuskayttoon-ja-kevyisiin-toihin\/monikayttoiset-ja-muotoiltavat-teleskooppitikkaat-fi\/topika\/","og_site_name":"Fedemark","article_modified_time":"2017-08-04T08:27:38+00:00","og_image":[{"width":800,"height":800,"url":"https:\/\/fedemark.ee\/wp-content\/uploads\/2017\/06\/topika-1.jpg","type":"image\/jpeg"}],"twitter_card":"summary_large_image","schema":{"@context":"https:\/\/schema.org","@graph":[{"@type":"WebPage","@id":"https:\/\/fedemark.ee\/fi\/tuotteet\/tikkaat-harrastuskayttoon-ja-kevyisiin-toihin\/monikayttoiset-ja-muotoiltavat-teleskooppitikkaat-fi\/topika\/","url":"https:\/\/fedemark.ee\/fi\/tuotteet\/tikkaat-harrastuskayttoon-ja-kevyisiin-toihin\/monikayttoiset-ja-muotoiltavat-teleskooppitikkaat-fi\/topika\/","name":"Topika - Fedemark","isPartOf":{"@id":"https:\/\/fedemark.ee\/#website"},"primaryImageOfPage":{"@id":"https:\/\/fedemark.ee\/fi\/tuotteet\/tikkaat-harrastuskayttoon-ja-kevyisiin-toihin\/monikayttoiset-ja-muotoiltavat-teleskooppitikkaat-fi\/topika\/#primaryimage"},"image":{"@id":"https:\/\/fedemark.ee\/fi\/tuotteet\/tikkaat-harrastuskayttoon-ja-kevyisiin-toihin\/monikayttoiset-ja-muotoiltavat-teleskooppitikkaat-fi\/topika\/#primaryimage"},"thumbnailUrl":"https:\/\/fedemark.ee\/wp-content\/uploads\/2017\/06\/topika-1.jpg","datePublished":"2017-06-16T14:55:18+00:00","dateModified":"2017-08-04T08:27:38+00:00","breadcrumb":{"@id":"https:\/\/fedemark.ee\/fi\/tuotteet\/tikkaat-harrastuskayttoon-ja-kevyisiin-toihin\/monikayttoiset-ja-muotoiltavat-teleskooppitikkaat-fi\/topika\/#breadcrumb"},"inLanguage":"fi-FI","potentialAction":[{"@type":"ReadAction","target":["https:\/\/fedemark.ee\/fi\/tuotteet\/tikkaat-harrastuskayttoon-ja-kevyisiin-toihin\/monikayttoiset-ja-muotoiltavat-teleskooppitikkaat-fi\/topika\/"]}]},{"@type":"ImageObject","inLanguage":"fi-FI","@id":"https:\/\/fedemark.ee\/fi\/tuotteet\/tikkaat-harrastuskayttoon-ja-kevyisiin-toihin\/monikayttoiset-ja-muotoiltavat-teleskooppitikkaat-fi\/topika\/#primaryimage","url":"https:\/\/fedemark.ee\/wp-content\/uploads\/2017\/06\/topika-1.jpg","contentUrl":"https:\/\/fedemark.ee\/wp-content\/uploads\/2017\/06\/topika-1.jpg","width":800,"height":800},{"@type":"BreadcrumbList","@id":"https:\/\/fedemark.ee\/fi\/tuotteet\/tikkaat-harrastuskayttoon-ja-kevyisiin-toihin\/monikayttoiset-ja-muotoiltavat-teleskooppitikkaat-fi\/topika\/#breadcrumb","itemListElement":[{"@type":"ListItem","position":1,"name":"Home","item":"https:\/\/fedemark.ee\/fi\/"},{"@type":"ListItem","position":2,"name":"Tuotteet","item":"https:\/\/fedemark.ee\/fi\/tuotteet\/"},{"@type":"ListItem","position":3,"name":"Topika"}]},{"@type":"WebSite","@id":"https:\/\/fedemark.ee\/#website","url":"https:\/\/fedemark.ee\/","name":"Fedemark","description":"Redelid, Tellingud, T\u00f6\u00f6platvormid ja vahekorrused","potentialAction":[{"@type":"SearchAction","target":{"@type":"EntryPoint","urlTemplate":"https:\/\/fedemark.ee\/?s={search_term_string}"},"query-input":"required name=search_term_string"}],"inLanguage":"fi-FI"}]}},"_links":{"self":[{"href":"https:\/\/fedemark.ee\/fi\/wp-json\/wp\/v2\/product\/7969"}],"collection":[{"href":"https:\/\/fedemark.ee\/fi\/wp-json\/wp\/v2\/product"}],"about":[{"href":"https:\/\/fedemark.ee\/fi\/wp-json\/wp\/v2\/types\/product"}],"replies":[{"embeddable":true,"href":"https:\/\/fedemark.ee\/fi\/wp-json\/wp\/v2\/comments?post=7969"}],"version-history":[{"count":0,"href":"https:\/\/fedemark.ee\/fi\/wp-json\/wp\/v2\/product\/7969\/revisions"}],"wp:featuredmedia":[{"embeddable":true,"href":"https:\/\/fedemark.ee\/fi\/wp-json\/wp\/v2\/media\/10577"}],"wp:attachment":[{"href":"https:\/\/fedemark.ee\/fi\/wp-json\/wp\/v2\/media?parent=7969"}],"wp:term":[{"taxonomy":"product_cat","embeddable":true,"href":"https:\/\/fedemark.ee\/fi\/wp-json\/wp\/v2\/product_cat?post=7969"},{"taxonomy":"product_tag","embeddable":true,"href":"https:\/\/fedemark.ee\/fi\/wp-json\/wp\/v2\/product_tag?post=7969"}],"curies":[{"name":"wp","href":"https:\/\/api.w.org\/{rel}","templated":true}]}}