{"id":7970,"date":"2017-06-19T10:47:20","date_gmt":"2017-06-19T10:47:20","guid":{"rendered":"https:\/\/sharks.ee\/fedemark\/shop\/uncategorized\/bench-worker\/"},"modified":"2017-08-04T08:29:33","modified_gmt":"2017-08-04T08:29:33","slug":"bench-worker-nostin-penkki-pukki","status":"publish","type":"product","link":"https:\/\/fedemark.ee\/fi\/tuotteet\/tavaravaunut\/multifunktsionaalsed-kasikarud-fi\/bench-worker-nostin-penkki-pukki\/","title":{"rendered":"Bench WORKER \u2013 nostin, penkki, pukki"},"content":{"rendered":"","protected":false},"excerpt":{"rendered":"<p><em>Alumiininen tasok\u00e4rry, jonka voi muuttaa ty\u00f6penkiksi ja pukiksi (nelj\u00e4 tuotetta yhdess\u00e4)<\/em><\/p>\n<p>T\u00e4m\u00e4 ter\u00e4s- ja PVC-osia sis\u00e4lt\u00e4v\u00e4 alumiininen apuv\u00e4line on vallankumouksellinen ty\u00f6penkki, jonka voi muuttaa pukiksi ja kahden tyyppiseksi nostimeksi. Tarkoitettu niille, jotka etsiv\u00e4t sek\u00e4 koti- ett\u00e4 ammattik\u00e4ytt\u00f6\u00f6n ihanteellisesti sopivaa monipuolista apuv\u00e4linett\u00e4.<br \/>\nYksi ainoa moneen k\u00e4ytt\u00f6\u00f6n sopiva tuote, joka mahtuu hyvin sek\u00e4 kotiin ett\u00e4 autoon.<br \/>\nAuttaa s\u00e4\u00e4st\u00e4m\u00e4\u00e4n rahaa ja tilaa.<\/p>\n<p>Ty\u00f6penkki: t\u00e4m\u00e4 on tuotteen t\u00e4rkein toiminto. Ergonominen korkeus \u2013 80 cm. Irrotettava puupinta, jossa on kulmien mittaamiseen graafiset merkinn\u00e4t ja metrimitta, jotka helpottavat materiaalin mittaus- ja leikkaust\u00f6it\u00e4. Reik\u00e4 F mahdollistaa poraamisen.<\/p>\n<p><strong>Pukiksi ja tasok\u00e4rryksi muutettava alumiininen ty\u00f6penkki.<\/strong><\/p>\n<p>Worker on nupein ja tuin varustetun teleskooppij\u00e4rjestelm\u00e4n ansiosta helposti muunneltava apuv\u00e4line.<br \/>\nSen voi muuttaa p\u00e4\u00e4asennostaan kaikenlaisen kuljetuksen mahdollistavaksi tasok\u00e4rryksi vain muutamassa sekunnissa.<br \/>\nTasok\u00e4rry on suuri apu tarvittavien tavaroiden kuljetukseen autolta ty\u00f6kohteeseen.<br \/>\nNelj\u00e4 k\u00e4\u00e4ntyv\u00e4\u00e4 py\u00f6r\u00e4\u00e4 (niist\u00e4 kaksi jarrullisia) mahdollistavat kaikenlaisen siirtelyn tasaisella pinnalla.<br \/>\nKun naru ty\u00f6nnet\u00e4\u00e4n sille tarkoitetun rei\u00e4n l\u00e4pi, tasok\u00e4rry\u00e4 voi vet\u00e4\u00e4 per\u00e4ss\u00e4 ja siten kuljettaa suuriakin kuormia.<\/p>\n<p>Workerin jalat voi s\u00e4\u00e4t\u00e4\u00e4 my\u00f6s eri korkeuksiin, jolloin voi ty\u00f6skennell\u00e4 joko portaissa tai muulla ep\u00e4tasaisella pinnalla.<\/p>\n<p>Pukkiasennossa Workerin korkeus on 58 cm ja sen pinta on liukumaton. Ty\u00f6taso on liukumatonta lujitettua muovia ja siin\u00e4 on reiki\u00e4, jotta hiekka, sementti, kalkki, maali tai mik\u00e4 tahansa k\u00e4yt\u00f6ss\u00e4 oleva materiaali p\u00e4\u00e4see putoamaan maahan.<\/p>\n<p>PISTORASIAT: etup\u00e4\u00e4ss\u00e4 on kolme pistorasiaa tekem\u00e4\u00e4n my\u00f6s s\u00e4hk\u00f6ty\u00f6kalujen k\u00e4yt\u00f6n mukavaksi.<br \/>\nEnint. 250 V 15 Ah<\/p>\n<p>Naulauspinta<br \/>\nPenkin takap\u00e4\u00e4ss\u00e4 on ter\u00e4ksinen osa, jota voi k\u00e4ytt\u00e4\u00e4 naulaust\u00f6ihin penkki\u00e4 vahingoittamatta.<\/p>\n<p><strong>Joukko s\u00e4ilytystiloja<\/strong><br \/>\nJotta kaikki olisi saatavilla ja mit\u00e4\u00e4n ei putoaisi maahan, on p\u00f6yd\u00e4n takap\u00e4\u00e4ss\u00e4 ala, jossa on erilaisia s\u00e4ilytyspaikkoja ruuveille, muttereille, ruuvimeisselille, sahalle ja vasaralle.<\/p>\n<p><strong>Kouru putkia varten:<\/strong> penkin p\u00e4\u00e4dyss\u00e4 on my\u00f6s kouru, joka tekee putkien katkaisemisen mukavaksi.<\/p>\n<p>Ergonominen ulosvedett\u00e4v\u00e4 k\u00e4densija.<br \/>\nJotta ty\u00f6v\u00e4lineen k\u00e4ytt\u00f6 k\u00e4rryn\u00e4 olisi mahdollisimman mukavaa, sen k\u00e4densija on ulosvedett\u00e4v\u00e4.<\/p>\n<p>Ergonomiset kiinnitysnupit<br \/>\nVain nupinpainallus riitt\u00e4\u00e4 siihen, ett\u00e4 ty\u00f6penkist\u00e4 saa k\u00e4rryn. Painettaessa jalat voivat py\u00f6ri\u00e4 ja liikkua yhteen tai lev\u00e4lleen.<\/p>\n<p><strong>TEKNISET TIEDOT<\/strong><br \/>\nTukipinnan mitat: 113 x 47 cm<br \/>\nKuljetusmitat: 113 x 58 x 7,5 cm<br \/>\nPakkauksen mitat: 117 x 61 x 10,5 cm<br \/>\nPintojen korkeudet: 58 ja 80 cm<br \/>\nEnimm. kantokyky (ty\u00f6tasolla): 150 kg<br \/>\nEnimm. kantokyky (pukilla): 150 kg<br \/>\nEnimm. kantokyky (tasok\u00e4rryll\u00e4): 100 kg<br \/>\nPistorasiat: enint. 250 V 15 Ah<br \/>\nPaino 17 kg<\/p>\n<p>K\u00e4ytt\u00f6- ja huolto-ohje sis\u00e4lt\u00e4\u00e4 kaikki tarvittavat ohjeet. K\u00e4ytt\u00e4j\u00e4n tulee lukea ne l\u00e4pi ja noudattaa niit\u00e4. Jos k\u00e4ytt\u00e4j\u00e4 ei noudata ohjeessa kuvattuja neuvoja tai j\u00e4tt\u00e4\u00e4 varoitukset huomiotta, yrityksemme ei vastaa mahdollisista seurauksista.<\/p>\n<p>&nbsp;<\/p>\n","protected":false},"featured_media":7722,"comment_status":"open","ping_status":"closed","template":"","meta":{"footnotes":""},"product_cat":[266,181],"product_tag":[],"yoast_head":"<!-- This site is optimized with the Yoast SEO plugin v22.6 - https:\/\/yoast.com\/wordpress\/plugins\/seo\/ -->\n<title>Bench WORKER \u2013 nostin, penkki, pukki - Fedemark<\/title>\n<meta name=\"robots\" content=\"index, follow, max-snippet:-1, max-image-preview:large, max-video-preview:-1\" \/>\n<link rel=\"canonical\" href=\"https:\/\/fedemark.ee\/fi\/tuotteet\/tavaravaunut\/multifunktsionaalsed-kasikarud-fi\/bench-worker-nostin-penkki-pukki\/\" \/>\n<meta property=\"og:locale\" content=\"fi_FI\" \/>\n<meta property=\"og:type\" content=\"article\" \/>\n<meta property=\"og:title\" content=\"Bench WORKER \u2013 nostin, penkki, pukki - Fedemark\" \/>\n<meta property=\"og:description\" content=\"Alumiininen tasok\u00e4rry, jonka voi muuttaa ty\u00f6penkiksi ja pukiksi (nelj\u00e4 tuotetta yhdess\u00e4)  T\u00e4m\u00e4 ter\u00e4s- ja PVC-osia sis\u00e4lt\u00e4v\u00e4 alumiininen apuv\u00e4line on vallankumouksellinen ty\u00f6penkki, jonka voi muuttaa pukiksi ja kahden tyyppiseksi nostimeksi. Tarkoitettu niille, jotka etsiv\u00e4t sek\u00e4 koti- ett\u00e4 ammattik\u00e4ytt\u00f6\u00f6n ihanteellisesti sopivaa monipuolista apuv\u00e4linett\u00e4. Yksi ainoa moneen k\u00e4ytt\u00f6\u00f6n sopiva tuote, joka mahtuu hyvin sek\u00e4 kotiin ett\u00e4 autoon. Auttaa s\u00e4\u00e4st\u00e4m\u00e4\u00e4n rahaa ja tilaa.  Ty\u00f6penkki: t\u00e4m\u00e4 on tuotteen t\u00e4rkein toiminto. Ergonominen korkeus \u2013 80 cm. Irrotettava puupinta, jossa on kulmien mittaamiseen graafiset merkinn\u00e4t ja metrimitta, jotka helpottavat materiaalin mittaus- ja leikkaust\u00f6it\u00e4. Reik\u00e4 F mahdollistaa poraamisen.  Pukiksi ja tasok\u00e4rryksi muutettava alumiininen ty\u00f6penkki.  Worker on nupein ja tuin varustetun teleskooppij\u00e4rjestelm\u00e4n ansiosta helposti muunneltava apuv\u00e4line. Sen voi muuttaa p\u00e4\u00e4asennostaan kaikenlaisen kuljetuksen mahdollistavaksi tasok\u00e4rryksi vain muutamassa sekunnissa. Tasok\u00e4rry on suuri apu tarvittavien tavaroiden kuljetukseen autolta ty\u00f6kohteeseen. Nelj\u00e4 k\u00e4\u00e4ntyv\u00e4\u00e4 py\u00f6r\u00e4\u00e4 (niist\u00e4 kaksi jarrullisia) mahdollistavat kaikenlaisen siirtelyn tasaisella pinnalla. Kun naru ty\u00f6nnet\u00e4\u00e4n sille tarkoitetun rei\u00e4n l\u00e4pi, tasok\u00e4rry\u00e4 voi vet\u00e4\u00e4 per\u00e4ss\u00e4 ja siten kuljettaa suuriakin kuormia.  Workerin jalat voi s\u00e4\u00e4t\u00e4\u00e4 my\u00f6s eri korkeuksiin, jolloin voi ty\u00f6skennell\u00e4 joko portaissa tai muulla ep\u00e4tasaisella pinnalla.  Pukkiasennossa Workerin korkeus on 58 cm ja sen pinta on liukumaton. Ty\u00f6taso on liukumatonta lujitettua muovia ja siin\u00e4 on reiki\u00e4, jotta hiekka, sementti, kalkki, maali tai mik\u00e4 tahansa k\u00e4yt\u00f6ss\u00e4 oleva materiaali p\u00e4\u00e4see putoamaan maahan.  PISTORASIAT: etup\u00e4\u00e4ss\u00e4 on kolme pistorasiaa tekem\u00e4\u00e4n my\u00f6s s\u00e4hk\u00f6ty\u00f6kalujen k\u00e4yt\u00f6n mukavaksi. Enint. 250 V 15 Ah  Naulauspinta Penkin takap\u00e4\u00e4ss\u00e4 on ter\u00e4ksinen osa, jota voi k\u00e4ytt\u00e4\u00e4 naulaust\u00f6ihin penkki\u00e4 vahingoittamatta.  Joukko s\u00e4ilytystiloja Jotta kaikki olisi saatavilla ja mit\u00e4\u00e4n ei putoaisi maahan, on p\u00f6yd\u00e4n takap\u00e4\u00e4ss\u00e4 ala, jossa on erilaisia s\u00e4ilytyspaikkoja ruuveille, muttereille, ruuvimeisselille, sahalle ja vasaralle.  Kouru putkia varten: penkin p\u00e4\u00e4dyss\u00e4 on my\u00f6s kouru, joka tekee putkien katkaisemisen mukavaksi.  Ergonominen ulosvedett\u00e4v\u00e4 k\u00e4densija. Jotta ty\u00f6v\u00e4lineen k\u00e4ytt\u00f6 k\u00e4rryn\u00e4 olisi mahdollisimman mukavaa, sen k\u00e4densija on ulosvedett\u00e4v\u00e4.  Ergonomiset kiinnitysnupit Vain nupinpainallus riitt\u00e4\u00e4 siihen, ett\u00e4 ty\u00f6penkist\u00e4 saa k\u00e4rryn. Painettaessa jalat voivat py\u00f6ri\u00e4 ja liikkua yhteen tai lev\u00e4lleen.  TEKNISET TIEDOT Tukipinnan mitat: 113 x 47 cm Kuljetusmitat: 113 x 58 x 7,5 cm Pakkauksen mitat: 117 x 61 x 10,5 cm Pintojen korkeudet: 58 ja 80 cm Enimm. kantokyky (ty\u00f6tasolla): 150 kg Enimm. kantokyky (pukilla): 150 kg Enimm. kantokyky (tasok\u00e4rryll\u00e4): 100 kg Pistorasiat: enint. 250 V 15 Ah Paino 17 kg  K\u00e4ytt\u00f6- ja huolto-ohje sis\u00e4lt\u00e4\u00e4 kaikki tarvittavat ohjeet. K\u00e4ytt\u00e4j\u00e4n tulee lukea ne l\u00e4pi ja noudattaa niit\u00e4. Jos k\u00e4ytt\u00e4j\u00e4 ei noudata ohjeessa kuvattuja neuvoja tai j\u00e4tt\u00e4\u00e4 varoitukset huomiotta, yrityksemme ei vastaa mahdollisista seurauksista.  &nbsp;\" \/>\n<meta property=\"og:url\" content=\"https:\/\/fedemark.ee\/fi\/tuotteet\/tavaravaunut\/multifunktsionaalsed-kasikarud-fi\/bench-worker-nostin-penkki-pukki\/\" \/>\n<meta property=\"og:site_name\" content=\"Fedemark\" \/>\n<meta property=\"article:modified_time\" content=\"2017-08-04T08:29:33+00:00\" \/>\n<meta property=\"og:image\" content=\"https:\/\/fedemark.ee\/wp-content\/uploads\/2017\/06\/benchworker.jpg\" \/>\n\t<meta property=\"og:image:width\" content=\"2454\" \/>\n\t<meta property=\"og:image:height\" content=\"1973\" \/>\n\t<meta property=\"og:image:type\" content=\"image\/jpeg\" \/>\n<meta name=\"twitter:card\" content=\"summary_large_image\" \/>\n<script type=\"application\/ld+json\" class=\"yoast-schema-graph\">{\"@context\":\"https:\/\/schema.org\",\"@graph\":[{\"@type\":\"WebPage\",\"@id\":\"https:\/\/fedemark.ee\/fi\/tuotteet\/tavaravaunut\/multifunktsionaalsed-kasikarud-fi\/bench-worker-nostin-penkki-pukki\/\",\"url\":\"https:\/\/fedemark.ee\/fi\/tuotteet\/tavaravaunut\/multifunktsionaalsed-kasikarud-fi\/bench-worker-nostin-penkki-pukki\/\",\"name\":\"Bench WORKER \u2013 nostin, penkki, pukki - Fedemark\",\"isPartOf\":{\"@id\":\"https:\/\/fedemark.ee\/#website\"},\"primaryImageOfPage\":{\"@id\":\"https:\/\/fedemark.ee\/fi\/tuotteet\/tavaravaunut\/multifunktsionaalsed-kasikarud-fi\/bench-worker-nostin-penkki-pukki\/#primaryimage\"},\"image\":{\"@id\":\"https:\/\/fedemark.ee\/fi\/tuotteet\/tavaravaunut\/multifunktsionaalsed-kasikarud-fi\/bench-worker-nostin-penkki-pukki\/#primaryimage\"},\"thumbnailUrl\":\"https:\/\/fedemark.ee\/wp-content\/uploads\/2017\/06\/benchworker.jpg\",\"datePublished\":\"2017-06-19T10:47:20+00:00\",\"dateModified\":\"2017-08-04T08:29:33+00:00\",\"breadcrumb\":{\"@id\":\"https:\/\/fedemark.ee\/fi\/tuotteet\/tavaravaunut\/multifunktsionaalsed-kasikarud-fi\/bench-worker-nostin-penkki-pukki\/#breadcrumb\"},\"inLanguage\":\"fi-FI\",\"potentialAction\":[{\"@type\":\"ReadAction\",\"target\":[\"https:\/\/fedemark.ee\/fi\/tuotteet\/tavaravaunut\/multifunktsionaalsed-kasikarud-fi\/bench-worker-nostin-penkki-pukki\/\"]}]},{\"@type\":\"ImageObject\",\"inLanguage\":\"fi-FI\",\"@id\":\"https:\/\/fedemark.ee\/fi\/tuotteet\/tavaravaunut\/multifunktsionaalsed-kasikarud-fi\/bench-worker-nostin-penkki-pukki\/#primaryimage\",\"url\":\"https:\/\/fedemark.ee\/wp-content\/uploads\/2017\/06\/benchworker.jpg\",\"contentUrl\":\"https:\/\/fedemark.ee\/wp-content\/uploads\/2017\/06\/benchworker.jpg\",\"width\":2454,\"height\":1973},{\"@type\":\"BreadcrumbList\",\"@id\":\"https:\/\/fedemark.ee\/fi\/tuotteet\/tavaravaunut\/multifunktsionaalsed-kasikarud-fi\/bench-worker-nostin-penkki-pukki\/#breadcrumb\",\"itemListElement\":[{\"@type\":\"ListItem\",\"position\":1,\"name\":\"Home\",\"item\":\"https:\/\/fedemark.ee\/fi\/\"},{\"@type\":\"ListItem\",\"position\":2,\"name\":\"Tuotteet\",\"item\":\"https:\/\/fedemark.ee\/fi\/tuotteet\/\"},{\"@type\":\"ListItem\",\"position\":3,\"name\":\"Bench WORKER \u2013 nostin, penkki, pukki\"}]},{\"@type\":\"WebSite\",\"@id\":\"https:\/\/fedemark.ee\/#website\",\"url\":\"https:\/\/fedemark.ee\/\",\"name\":\"Fedemark\",\"description\":\"Redelid, Tellingud, T\u00f6\u00f6platvormid ja vahekorrused\",\"potentialAction\":[{\"@type\":\"SearchAction\",\"target\":{\"@type\":\"EntryPoint\",\"urlTemplate\":\"https:\/\/fedemark.ee\/?s={search_term_string}\"},\"query-input\":\"required name=search_term_string\"}],\"inLanguage\":\"fi-FI\"}]}<\/script>\n<!-- \/ Yoast SEO plugin. -->","yoast_head_json":{"title":"Bench WORKER \u2013 nostin, penkki, pukki - Fedemark","robots":{"index":"index","follow":"follow","max-snippet":"max-snippet:-1","max-image-preview":"max-image-preview:large","max-video-preview":"max-video-preview:-1"},"canonical":"https:\/\/fedemark.ee\/fi\/tuotteet\/tavaravaunut\/multifunktsionaalsed-kasikarud-fi\/bench-worker-nostin-penkki-pukki\/","og_locale":"fi_FI","og_type":"article","og_title":"Bench WORKER \u2013 nostin, penkki, pukki - Fedemark","og_description":"Alumiininen tasok\u00e4rry, jonka voi muuttaa ty\u00f6penkiksi ja pukiksi (nelj\u00e4 tuotetta yhdess\u00e4)  T\u00e4m\u00e4 ter\u00e4s- ja PVC-osia sis\u00e4lt\u00e4v\u00e4 alumiininen apuv\u00e4line on vallankumouksellinen ty\u00f6penkki, jonka voi muuttaa pukiksi ja kahden tyyppiseksi nostimeksi. Tarkoitettu niille, jotka etsiv\u00e4t sek\u00e4 koti- ett\u00e4 ammattik\u00e4ytt\u00f6\u00f6n ihanteellisesti sopivaa monipuolista apuv\u00e4linett\u00e4. Yksi ainoa moneen k\u00e4ytt\u00f6\u00f6n sopiva tuote, joka mahtuu hyvin sek\u00e4 kotiin ett\u00e4 autoon. Auttaa s\u00e4\u00e4st\u00e4m\u00e4\u00e4n rahaa ja tilaa.  Ty\u00f6penkki: t\u00e4m\u00e4 on tuotteen t\u00e4rkein toiminto. Ergonominen korkeus \u2013 80 cm. Irrotettava puupinta, jossa on kulmien mittaamiseen graafiset merkinn\u00e4t ja metrimitta, jotka helpottavat materiaalin mittaus- ja leikkaust\u00f6it\u00e4. Reik\u00e4 F mahdollistaa poraamisen.  Pukiksi ja tasok\u00e4rryksi muutettava alumiininen ty\u00f6penkki.  Worker on nupein ja tuin varustetun teleskooppij\u00e4rjestelm\u00e4n ansiosta helposti muunneltava apuv\u00e4line. Sen voi muuttaa p\u00e4\u00e4asennostaan kaikenlaisen kuljetuksen mahdollistavaksi tasok\u00e4rryksi vain muutamassa sekunnissa. Tasok\u00e4rry on suuri apu tarvittavien tavaroiden kuljetukseen autolta ty\u00f6kohteeseen. Nelj\u00e4 k\u00e4\u00e4ntyv\u00e4\u00e4 py\u00f6r\u00e4\u00e4 (niist\u00e4 kaksi jarrullisia) mahdollistavat kaikenlaisen siirtelyn tasaisella pinnalla. Kun naru ty\u00f6nnet\u00e4\u00e4n sille tarkoitetun rei\u00e4n l\u00e4pi, tasok\u00e4rry\u00e4 voi vet\u00e4\u00e4 per\u00e4ss\u00e4 ja siten kuljettaa suuriakin kuormia.  Workerin jalat voi s\u00e4\u00e4t\u00e4\u00e4 my\u00f6s eri korkeuksiin, jolloin voi ty\u00f6skennell\u00e4 joko portaissa tai muulla ep\u00e4tasaisella pinnalla.  Pukkiasennossa Workerin korkeus on 58 cm ja sen pinta on liukumaton. Ty\u00f6taso on liukumatonta lujitettua muovia ja siin\u00e4 on reiki\u00e4, jotta hiekka, sementti, kalkki, maali tai mik\u00e4 tahansa k\u00e4yt\u00f6ss\u00e4 oleva materiaali p\u00e4\u00e4see putoamaan maahan.  PISTORASIAT: etup\u00e4\u00e4ss\u00e4 on kolme pistorasiaa tekem\u00e4\u00e4n my\u00f6s s\u00e4hk\u00f6ty\u00f6kalujen k\u00e4yt\u00f6n mukavaksi. Enint. 250 V 15 Ah  Naulauspinta Penkin takap\u00e4\u00e4ss\u00e4 on ter\u00e4ksinen osa, jota voi k\u00e4ytt\u00e4\u00e4 naulaust\u00f6ihin penkki\u00e4 vahingoittamatta.  Joukko s\u00e4ilytystiloja Jotta kaikki olisi saatavilla ja mit\u00e4\u00e4n ei putoaisi maahan, on p\u00f6yd\u00e4n takap\u00e4\u00e4ss\u00e4 ala, jossa on erilaisia s\u00e4ilytyspaikkoja ruuveille, muttereille, ruuvimeisselille, sahalle ja vasaralle.  Kouru putkia varten: penkin p\u00e4\u00e4dyss\u00e4 on my\u00f6s kouru, joka tekee putkien katkaisemisen mukavaksi.  Ergonominen ulosvedett\u00e4v\u00e4 k\u00e4densija. Jotta ty\u00f6v\u00e4lineen k\u00e4ytt\u00f6 k\u00e4rryn\u00e4 olisi mahdollisimman mukavaa, sen k\u00e4densija on ulosvedett\u00e4v\u00e4.  Ergonomiset kiinnitysnupit Vain nupinpainallus riitt\u00e4\u00e4 siihen, ett\u00e4 ty\u00f6penkist\u00e4 saa k\u00e4rryn. Painettaessa jalat voivat py\u00f6ri\u00e4 ja liikkua yhteen tai lev\u00e4lleen.  TEKNISET TIEDOT Tukipinnan mitat: 113 x 47 cm Kuljetusmitat: 113 x 58 x 7,5 cm Pakkauksen mitat: 117 x 61 x 10,5 cm Pintojen korkeudet: 58 ja 80 cm Enimm. kantokyky (ty\u00f6tasolla): 150 kg Enimm. kantokyky (pukilla): 150 kg Enimm. kantokyky (tasok\u00e4rryll\u00e4): 100 kg Pistorasiat: enint. 250 V 15 Ah Paino 17 kg  K\u00e4ytt\u00f6- ja huolto-ohje sis\u00e4lt\u00e4\u00e4 kaikki tarvittavat ohjeet. K\u00e4ytt\u00e4j\u00e4n tulee lukea ne l\u00e4pi ja noudattaa niit\u00e4. Jos k\u00e4ytt\u00e4j\u00e4 ei noudata ohjeessa kuvattuja neuvoja tai j\u00e4tt\u00e4\u00e4 varoitukset huomiotta, yrityksemme ei vastaa mahdollisista seurauksista.  &nbsp;","og_url":"https:\/\/fedemark.ee\/fi\/tuotteet\/tavaravaunut\/multifunktsionaalsed-kasikarud-fi\/bench-worker-nostin-penkki-pukki\/","og_site_name":"Fedemark","article_modified_time":"2017-08-04T08:29:33+00:00","og_image":[{"width":2454,"height":1973,"url":"https:\/\/fedemark.ee\/wp-content\/uploads\/2017\/06\/benchworker.jpg","type":"image\/jpeg"}],"twitter_card":"summary_large_image","schema":{"@context":"https:\/\/schema.org","@graph":[{"@type":"WebPage","@id":"https:\/\/fedemark.ee\/fi\/tuotteet\/tavaravaunut\/multifunktsionaalsed-kasikarud-fi\/bench-worker-nostin-penkki-pukki\/","url":"https:\/\/fedemark.ee\/fi\/tuotteet\/tavaravaunut\/multifunktsionaalsed-kasikarud-fi\/bench-worker-nostin-penkki-pukki\/","name":"Bench WORKER \u2013 nostin, penkki, pukki - Fedemark","isPartOf":{"@id":"https:\/\/fedemark.ee\/#website"},"primaryImageOfPage":{"@id":"https:\/\/fedemark.ee\/fi\/tuotteet\/tavaravaunut\/multifunktsionaalsed-kasikarud-fi\/bench-worker-nostin-penkki-pukki\/#primaryimage"},"image":{"@id":"https:\/\/fedemark.ee\/fi\/tuotteet\/tavaravaunut\/multifunktsionaalsed-kasikarud-fi\/bench-worker-nostin-penkki-pukki\/#primaryimage"},"thumbnailUrl":"https:\/\/fedemark.ee\/wp-content\/uploads\/2017\/06\/benchworker.jpg","datePublished":"2017-06-19T10:47:20+00:00","dateModified":"2017-08-04T08:29:33+00:00","breadcrumb":{"@id":"https:\/\/fedemark.ee\/fi\/tuotteet\/tavaravaunut\/multifunktsionaalsed-kasikarud-fi\/bench-worker-nostin-penkki-pukki\/#breadcrumb"},"inLanguage":"fi-FI","potentialAction":[{"@type":"ReadAction","target":["https:\/\/fedemark.ee\/fi\/tuotteet\/tavaravaunut\/multifunktsionaalsed-kasikarud-fi\/bench-worker-nostin-penkki-pukki\/"]}]},{"@type":"ImageObject","inLanguage":"fi-FI","@id":"https:\/\/fedemark.ee\/fi\/tuotteet\/tavaravaunut\/multifunktsionaalsed-kasikarud-fi\/bench-worker-nostin-penkki-pukki\/#primaryimage","url":"https:\/\/fedemark.ee\/wp-content\/uploads\/2017\/06\/benchworker.jpg","contentUrl":"https:\/\/fedemark.ee\/wp-content\/uploads\/2017\/06\/benchworker.jpg","width":2454,"height":1973},{"@type":"BreadcrumbList","@id":"https:\/\/fedemark.ee\/fi\/tuotteet\/tavaravaunut\/multifunktsionaalsed-kasikarud-fi\/bench-worker-nostin-penkki-pukki\/#breadcrumb","itemListElement":[{"@type":"ListItem","position":1,"name":"Home","item":"https:\/\/fedemark.ee\/fi\/"},{"@type":"ListItem","position":2,"name":"Tuotteet","item":"https:\/\/fedemark.ee\/fi\/tuotteet\/"},{"@type":"ListItem","position":3,"name":"Bench WORKER \u2013 nostin, penkki, pukki"}]},{"@type":"WebSite","@id":"https:\/\/fedemark.ee\/#website","url":"https:\/\/fedemark.ee\/","name":"Fedemark","description":"Redelid, Tellingud, T\u00f6\u00f6platvormid ja vahekorrused","potentialAction":[{"@type":"SearchAction","target":{"@type":"EntryPoint","urlTemplate":"https:\/\/fedemark.ee\/?s={search_term_string}"},"query-input":"required name=search_term_string"}],"inLanguage":"fi-FI"}]}},"_links":{"self":[{"href":"https:\/\/fedemark.ee\/fi\/wp-json\/wp\/v2\/product\/7970"}],"collection":[{"href":"https:\/\/fedemark.ee\/fi\/wp-json\/wp\/v2\/product"}],"about":[{"href":"https:\/\/fedemark.ee\/fi\/wp-json\/wp\/v2\/types\/product"}],"replies":[{"embeddable":true,"href":"https:\/\/fedemark.ee\/fi\/wp-json\/wp\/v2\/comments?post=7970"}],"version-history":[{"count":0,"href":"https:\/\/fedemark.ee\/fi\/wp-json\/wp\/v2\/product\/7970\/revisions"}],"wp:featuredmedia":[{"embeddable":true,"href":"https:\/\/fedemark.ee\/fi\/wp-json\/wp\/v2\/media\/7722"}],"wp:attachment":[{"href":"https:\/\/fedemark.ee\/fi\/wp-json\/wp\/v2\/media?parent=7970"}],"wp:term":[{"taxonomy":"product_cat","embeddable":true,"href":"https:\/\/fedemark.ee\/fi\/wp-json\/wp\/v2\/product_cat?post=7970"},{"taxonomy":"product_tag","embeddable":true,"href":"https:\/\/fedemark.ee\/fi\/wp-json\/wp\/v2\/product_tag?post=7970"}],"curies":[{"name":"wp","href":"https:\/\/api.w.org\/{rel}","templated":true}]}}