{"id":7971,"date":"2017-06-19T10:31:11","date_gmt":"2017-06-19T10:31:11","guid":{"rendered":"https:\/\/sharks.ee\/fedemark\/shop\/uncategorized\/aerocraft\/"},"modified":"2017-08-04T08:31:32","modified_gmt":"2017-08-04T08:31:32","slug":"kasikarry-ja-nostin-aerocart","status":"publish","type":"product","link":"https:\/\/fedemark.ee\/fi\/tuotteet\/tavaravaunut\/multifunktsionaalsed-kasikarud-fi\/kasikarry-ja-nostin-aerocart\/","title":{"rendered":"K\u00e4sik\u00e4rry ja -nostin Aerocart"},"content":{"rendered":"","protected":false},"excerpt":{"rendered":"<p><em>Monik\u00e4ytt\u00f6inen ter\u00e4sk\u00e4rry (kahdeksan toimintoa)<\/em><\/p>\n<p>Kantokyky 136 kg<\/p>\n<p><strong>Ihanteellinen esimerkiksi kodinkoneiden, suurten s\u00e4kkien, laatikoiden, hiekan, mullan, pullojen ja rasioiden kuljetukseen.<\/strong><\/p>\n<p>Kahdeksan toimintoa. PUUTARHAK\u00c4RRY \u2013 NOSTIN \u2013 JATKETTU K\u00c4RRY \u2013<\/p>\n<p>S\u00c4KKIEN SIIRTELY \u2013 TYNNYRIEN KULJETUS \u2013 KIVIEN KANTAMINEN \u2013 KASVIEN KANTAMINEN \u2013 PER\u00c4K\u00c4RRY<\/p>\n<p>Hintaan sis\u00e4ltyv\u00e4t lis\u00e4laitteet: s\u00e4kinpidin \u2013 tynnyrinpidin \u2013 pidin kivien kuljetukseen \u2013 pidin tynnyrien kuljetukseen<\/p>\n<p>T\u00e4rkeimm\u00e4t osat<\/p>\n<ul>\n<li>Yleisk\u00e4ytt\u00f6inen nosto- ja kuljetusj\u00e4rjestelm\u00e4 antaa mahdollisuuden tehd\u00e4 k\u00e4rryst\u00e4 helposti nostin.<\/li>\n<li>Patentoitu muotoilu, joka s\u00e4\u00e4telee kuorman painopistett\u00e4 siten, ett\u00e4 kuorma on kuljetuksessa tasapainossa ja ohjaaminen on helppoa.<\/li>\n<li>Kaksi ilmarenkaatonta py\u00f6r\u00e4\u00e4 sopivat liikkumiseen kaikenlaisella alustalla \u2013 k\u00e4rry on vakaasti tuettu joka tilanteessa.<\/li>\n<li>Jatkettavat kuormatuet ja monenlaiset lis\u00e4tarvikkeet mahdollistavat my\u00f6s poikkeuksellisen muotoisten esineiden kuljetuksen.<\/li>\n<li>Ergonomisten k\u00e4densijojen pehme\u00e4t tarttumiskohdat lis\u00e4\u00e4v\u00e4t mukavuutta. Lujuuden takaa laadukkaasta ter\u00e4ksest\u00e4 koostuva rakenne.<\/li>\n<\/ul>\n<p>Ergonomisuus<\/p>\n<p>Aerocartin kehityksess\u00e4 on kiinnitetty huomiota ergonomisuuteen \u2013 sivuilla sijaitsevat py\u00f6r\u00e4t ja k\u00e4densijojen pituus v\u00e4hent\u00e4v\u00e4t huomattavasti ty\u00f6ntekij\u00e4n k\u00e4siin ja selk\u00e4\u00e4n vaikuttavaa rasitusta.<\/p>\n<p>Ty\u00f6ntekij\u00e4\u00e4n kohdistuva rasitus on tavalliseen k\u00e4rryyn verrattuna 3\/4 verran pienempi.<\/p>\n","protected":false},"featured_media":10519,"comment_status":"open","ping_status":"closed","template":"","meta":{"footnotes":""},"product_cat":[266,181],"product_tag":[],"yoast_head":"<!-- This site is optimized with the Yoast SEO plugin v22.6 - https:\/\/yoast.com\/wordpress\/plugins\/seo\/ -->\n<title>K\u00e4sik\u00e4rry ja -nostin Aerocart - Fedemark<\/title>\n<meta name=\"robots\" content=\"index, follow, max-snippet:-1, max-image-preview:large, max-video-preview:-1\" \/>\n<link rel=\"canonical\" href=\"https:\/\/fedemark.ee\/fi\/tuotteet\/tavaravaunut\/multifunktsionaalsed-kasikarud-fi\/kasikarry-ja-nostin-aerocart\/\" \/>\n<meta property=\"og:locale\" content=\"fi_FI\" \/>\n<meta property=\"og:type\" content=\"article\" \/>\n<meta property=\"og:title\" content=\"K\u00e4sik\u00e4rry ja -nostin Aerocart - Fedemark\" \/>\n<meta property=\"og:description\" content=\"Monik\u00e4ytt\u00f6inen ter\u00e4sk\u00e4rry (kahdeksan toimintoa)  Kantokyky 136 kg  Ihanteellinen esimerkiksi kodinkoneiden, suurten s\u00e4kkien, laatikoiden, hiekan, mullan, pullojen ja rasioiden kuljetukseen.  Kahdeksan toimintoa. PUUTARHAK\u00c4RRY \u2013 NOSTIN \u2013 JATKETTU K\u00c4RRY \u2013  S\u00c4KKIEN SIIRTELY \u2013 TYNNYRIEN KULJETUS \u2013 KIVIEN KANTAMINEN \u2013 KASVIEN KANTAMINEN \u2013 PER\u00c4K\u00c4RRY  Hintaan sis\u00e4ltyv\u00e4t lis\u00e4laitteet: s\u00e4kinpidin \u2013 tynnyrinpidin \u2013 pidin kivien kuljetukseen \u2013 pidin tynnyrien kuljetukseen  T\u00e4rkeimm\u00e4t osat   Yleisk\u00e4ytt\u00f6inen nosto- ja kuljetusj\u00e4rjestelm\u00e4 antaa mahdollisuuden tehd\u00e4 k\u00e4rryst\u00e4 helposti nostin.  Patentoitu muotoilu, joka s\u00e4\u00e4telee kuorman painopistett\u00e4 siten, ett\u00e4 kuorma on kuljetuksessa tasapainossa ja ohjaaminen on helppoa.  Kaksi ilmarenkaatonta py\u00f6r\u00e4\u00e4 sopivat liikkumiseen kaikenlaisella alustalla \u2013 k\u00e4rry on vakaasti tuettu joka tilanteessa.  Jatkettavat kuormatuet ja monenlaiset lis\u00e4tarvikkeet mahdollistavat my\u00f6s poikkeuksellisen muotoisten esineiden kuljetuksen.  Ergonomisten k\u00e4densijojen pehme\u00e4t tarttumiskohdat lis\u00e4\u00e4v\u00e4t mukavuutta. Lujuuden takaa laadukkaasta ter\u00e4ksest\u00e4 koostuva rakenne.  Ergonomisuus  Aerocartin kehityksess\u00e4 on kiinnitetty huomiota ergonomisuuteen \u2013 sivuilla sijaitsevat py\u00f6r\u00e4t ja k\u00e4densijojen pituus v\u00e4hent\u00e4v\u00e4t huomattavasti ty\u00f6ntekij\u00e4n k\u00e4siin ja selk\u00e4\u00e4n vaikuttavaa rasitusta.  Ty\u00f6ntekij\u00e4\u00e4n kohdistuva rasitus on tavalliseen k\u00e4rryyn verrattuna 3\/4 verran pienempi.\" \/>\n<meta property=\"og:url\" content=\"https:\/\/fedemark.ee\/fi\/tuotteet\/tavaravaunut\/multifunktsionaalsed-kasikarud-fi\/kasikarry-ja-nostin-aerocart\/\" \/>\n<meta property=\"og:site_name\" content=\"Fedemark\" \/>\n<meta property=\"article:modified_time\" content=\"2017-08-04T08:31:32+00:00\" \/>\n<meta property=\"og:image\" content=\"https:\/\/fedemark.ee\/wp-content\/uploads\/2017\/06\/Aerocart-1.jpg\" \/>\n\t<meta property=\"og:image:width\" content=\"800\" \/>\n\t<meta property=\"og:image:height\" content=\"800\" \/>\n\t<meta property=\"og:image:type\" content=\"image\/jpeg\" \/>\n<meta name=\"twitter:card\" content=\"summary_large_image\" \/>\n<script type=\"application\/ld+json\" class=\"yoast-schema-graph\">{\"@context\":\"https:\/\/schema.org\",\"@graph\":[{\"@type\":\"WebPage\",\"@id\":\"https:\/\/fedemark.ee\/fi\/tuotteet\/tavaravaunut\/multifunktsionaalsed-kasikarud-fi\/kasikarry-ja-nostin-aerocart\/\",\"url\":\"https:\/\/fedemark.ee\/fi\/tuotteet\/tavaravaunut\/multifunktsionaalsed-kasikarud-fi\/kasikarry-ja-nostin-aerocart\/\",\"name\":\"K\u00e4sik\u00e4rry ja -nostin Aerocart - Fedemark\",\"isPartOf\":{\"@id\":\"https:\/\/fedemark.ee\/#website\"},\"primaryImageOfPage\":{\"@id\":\"https:\/\/fedemark.ee\/fi\/tuotteet\/tavaravaunut\/multifunktsionaalsed-kasikarud-fi\/kasikarry-ja-nostin-aerocart\/#primaryimage\"},\"image\":{\"@id\":\"https:\/\/fedemark.ee\/fi\/tuotteet\/tavaravaunut\/multifunktsionaalsed-kasikarud-fi\/kasikarry-ja-nostin-aerocart\/#primaryimage\"},\"thumbnailUrl\":\"https:\/\/fedemark.ee\/wp-content\/uploads\/2017\/06\/Aerocart-1.jpg\",\"datePublished\":\"2017-06-19T10:31:11+00:00\",\"dateModified\":\"2017-08-04T08:31:32+00:00\",\"breadcrumb\":{\"@id\":\"https:\/\/fedemark.ee\/fi\/tuotteet\/tavaravaunut\/multifunktsionaalsed-kasikarud-fi\/kasikarry-ja-nostin-aerocart\/#breadcrumb\"},\"inLanguage\":\"fi-FI\",\"potentialAction\":[{\"@type\":\"ReadAction\",\"target\":[\"https:\/\/fedemark.ee\/fi\/tuotteet\/tavaravaunut\/multifunktsionaalsed-kasikarud-fi\/kasikarry-ja-nostin-aerocart\/\"]}]},{\"@type\":\"ImageObject\",\"inLanguage\":\"fi-FI\",\"@id\":\"https:\/\/fedemark.ee\/fi\/tuotteet\/tavaravaunut\/multifunktsionaalsed-kasikarud-fi\/kasikarry-ja-nostin-aerocart\/#primaryimage\",\"url\":\"https:\/\/fedemark.ee\/wp-content\/uploads\/2017\/06\/Aerocart-1.jpg\",\"contentUrl\":\"https:\/\/fedemark.ee\/wp-content\/uploads\/2017\/06\/Aerocart-1.jpg\",\"width\":800,\"height\":800},{\"@type\":\"BreadcrumbList\",\"@id\":\"https:\/\/fedemark.ee\/fi\/tuotteet\/tavaravaunut\/multifunktsionaalsed-kasikarud-fi\/kasikarry-ja-nostin-aerocart\/#breadcrumb\",\"itemListElement\":[{\"@type\":\"ListItem\",\"position\":1,\"name\":\"Home\",\"item\":\"https:\/\/fedemark.ee\/fi\/\"},{\"@type\":\"ListItem\",\"position\":2,\"name\":\"Tuotteet\",\"item\":\"https:\/\/fedemark.ee\/fi\/tuotteet\/\"},{\"@type\":\"ListItem\",\"position\":3,\"name\":\"K\u00e4sik\u00e4rry ja -nostin Aerocart\"}]},{\"@type\":\"WebSite\",\"@id\":\"https:\/\/fedemark.ee\/#website\",\"url\":\"https:\/\/fedemark.ee\/\",\"name\":\"Fedemark\",\"description\":\"Redelid, Tellingud, T\u00f6\u00f6platvormid ja vahekorrused\",\"potentialAction\":[{\"@type\":\"SearchAction\",\"target\":{\"@type\":\"EntryPoint\",\"urlTemplate\":\"https:\/\/fedemark.ee\/?s={search_term_string}\"},\"query-input\":\"required name=search_term_string\"}],\"inLanguage\":\"fi-FI\"}]}<\/script>\n<!-- \/ Yoast SEO plugin. -->","yoast_head_json":{"title":"K\u00e4sik\u00e4rry ja -nostin Aerocart - Fedemark","robots":{"index":"index","follow":"follow","max-snippet":"max-snippet:-1","max-image-preview":"max-image-preview:large","max-video-preview":"max-video-preview:-1"},"canonical":"https:\/\/fedemark.ee\/fi\/tuotteet\/tavaravaunut\/multifunktsionaalsed-kasikarud-fi\/kasikarry-ja-nostin-aerocart\/","og_locale":"fi_FI","og_type":"article","og_title":"K\u00e4sik\u00e4rry ja -nostin Aerocart - Fedemark","og_description":"Monik\u00e4ytt\u00f6inen ter\u00e4sk\u00e4rry (kahdeksan toimintoa)  Kantokyky 136 kg  Ihanteellinen esimerkiksi kodinkoneiden, suurten s\u00e4kkien, laatikoiden, hiekan, mullan, pullojen ja rasioiden kuljetukseen.  Kahdeksan toimintoa. PUUTARHAK\u00c4RRY \u2013 NOSTIN \u2013 JATKETTU K\u00c4RRY \u2013  S\u00c4KKIEN SIIRTELY \u2013 TYNNYRIEN KULJETUS \u2013 KIVIEN KANTAMINEN \u2013 KASVIEN KANTAMINEN \u2013 PER\u00c4K\u00c4RRY  Hintaan sis\u00e4ltyv\u00e4t lis\u00e4laitteet: s\u00e4kinpidin \u2013 tynnyrinpidin \u2013 pidin kivien kuljetukseen \u2013 pidin tynnyrien kuljetukseen  T\u00e4rkeimm\u00e4t osat   Yleisk\u00e4ytt\u00f6inen nosto- ja kuljetusj\u00e4rjestelm\u00e4 antaa mahdollisuuden tehd\u00e4 k\u00e4rryst\u00e4 helposti nostin.  Patentoitu muotoilu, joka s\u00e4\u00e4telee kuorman painopistett\u00e4 siten, ett\u00e4 kuorma on kuljetuksessa tasapainossa ja ohjaaminen on helppoa.  Kaksi ilmarenkaatonta py\u00f6r\u00e4\u00e4 sopivat liikkumiseen kaikenlaisella alustalla \u2013 k\u00e4rry on vakaasti tuettu joka tilanteessa.  Jatkettavat kuormatuet ja monenlaiset lis\u00e4tarvikkeet mahdollistavat my\u00f6s poikkeuksellisen muotoisten esineiden kuljetuksen.  Ergonomisten k\u00e4densijojen pehme\u00e4t tarttumiskohdat lis\u00e4\u00e4v\u00e4t mukavuutta. Lujuuden takaa laadukkaasta ter\u00e4ksest\u00e4 koostuva rakenne.  Ergonomisuus  Aerocartin kehityksess\u00e4 on kiinnitetty huomiota ergonomisuuteen \u2013 sivuilla sijaitsevat py\u00f6r\u00e4t ja k\u00e4densijojen pituus v\u00e4hent\u00e4v\u00e4t huomattavasti ty\u00f6ntekij\u00e4n k\u00e4siin ja selk\u00e4\u00e4n vaikuttavaa rasitusta.  Ty\u00f6ntekij\u00e4\u00e4n kohdistuva rasitus on tavalliseen k\u00e4rryyn verrattuna 3\/4 verran pienempi.","og_url":"https:\/\/fedemark.ee\/fi\/tuotteet\/tavaravaunut\/multifunktsionaalsed-kasikarud-fi\/kasikarry-ja-nostin-aerocart\/","og_site_name":"Fedemark","article_modified_time":"2017-08-04T08:31:32+00:00","og_image":[{"width":800,"height":800,"url":"https:\/\/fedemark.ee\/wp-content\/uploads\/2017\/06\/Aerocart-1.jpg","type":"image\/jpeg"}],"twitter_card":"summary_large_image","schema":{"@context":"https:\/\/schema.org","@graph":[{"@type":"WebPage","@id":"https:\/\/fedemark.ee\/fi\/tuotteet\/tavaravaunut\/multifunktsionaalsed-kasikarud-fi\/kasikarry-ja-nostin-aerocart\/","url":"https:\/\/fedemark.ee\/fi\/tuotteet\/tavaravaunut\/multifunktsionaalsed-kasikarud-fi\/kasikarry-ja-nostin-aerocart\/","name":"K\u00e4sik\u00e4rry ja -nostin Aerocart - Fedemark","isPartOf":{"@id":"https:\/\/fedemark.ee\/#website"},"primaryImageOfPage":{"@id":"https:\/\/fedemark.ee\/fi\/tuotteet\/tavaravaunut\/multifunktsionaalsed-kasikarud-fi\/kasikarry-ja-nostin-aerocart\/#primaryimage"},"image":{"@id":"https:\/\/fedemark.ee\/fi\/tuotteet\/tavaravaunut\/multifunktsionaalsed-kasikarud-fi\/kasikarry-ja-nostin-aerocart\/#primaryimage"},"thumbnailUrl":"https:\/\/fedemark.ee\/wp-content\/uploads\/2017\/06\/Aerocart-1.jpg","datePublished":"2017-06-19T10:31:11+00:00","dateModified":"2017-08-04T08:31:32+00:00","breadcrumb":{"@id":"https:\/\/fedemark.ee\/fi\/tuotteet\/tavaravaunut\/multifunktsionaalsed-kasikarud-fi\/kasikarry-ja-nostin-aerocart\/#breadcrumb"},"inLanguage":"fi-FI","potentialAction":[{"@type":"ReadAction","target":["https:\/\/fedemark.ee\/fi\/tuotteet\/tavaravaunut\/multifunktsionaalsed-kasikarud-fi\/kasikarry-ja-nostin-aerocart\/"]}]},{"@type":"ImageObject","inLanguage":"fi-FI","@id":"https:\/\/fedemark.ee\/fi\/tuotteet\/tavaravaunut\/multifunktsionaalsed-kasikarud-fi\/kasikarry-ja-nostin-aerocart\/#primaryimage","url":"https:\/\/fedemark.ee\/wp-content\/uploads\/2017\/06\/Aerocart-1.jpg","contentUrl":"https:\/\/fedemark.ee\/wp-content\/uploads\/2017\/06\/Aerocart-1.jpg","width":800,"height":800},{"@type":"BreadcrumbList","@id":"https:\/\/fedemark.ee\/fi\/tuotteet\/tavaravaunut\/multifunktsionaalsed-kasikarud-fi\/kasikarry-ja-nostin-aerocart\/#breadcrumb","itemListElement":[{"@type":"ListItem","position":1,"name":"Home","item":"https:\/\/fedemark.ee\/fi\/"},{"@type":"ListItem","position":2,"name":"Tuotteet","item":"https:\/\/fedemark.ee\/fi\/tuotteet\/"},{"@type":"ListItem","position":3,"name":"K\u00e4sik\u00e4rry ja -nostin Aerocart"}]},{"@type":"WebSite","@id":"https:\/\/fedemark.ee\/#website","url":"https:\/\/fedemark.ee\/","name":"Fedemark","description":"Redelid, Tellingud, T\u00f6\u00f6platvormid ja vahekorrused","potentialAction":[{"@type":"SearchAction","target":{"@type":"EntryPoint","urlTemplate":"https:\/\/fedemark.ee\/?s={search_term_string}"},"query-input":"required name=search_term_string"}],"inLanguage":"fi-FI"}]}},"_links":{"self":[{"href":"https:\/\/fedemark.ee\/fi\/wp-json\/wp\/v2\/product\/7971"}],"collection":[{"href":"https:\/\/fedemark.ee\/fi\/wp-json\/wp\/v2\/product"}],"about":[{"href":"https:\/\/fedemark.ee\/fi\/wp-json\/wp\/v2\/types\/product"}],"replies":[{"embeddable":true,"href":"https:\/\/fedemark.ee\/fi\/wp-json\/wp\/v2\/comments?post=7971"}],"version-history":[{"count":0,"href":"https:\/\/fedemark.ee\/fi\/wp-json\/wp\/v2\/product\/7971\/revisions"}],"wp:featuredmedia":[{"embeddable":true,"href":"https:\/\/fedemark.ee\/fi\/wp-json\/wp\/v2\/media\/10519"}],"wp:attachment":[{"href":"https:\/\/fedemark.ee\/fi\/wp-json\/wp\/v2\/media?parent=7971"}],"wp:term":[{"taxonomy":"product_cat","embeddable":true,"href":"https:\/\/fedemark.ee\/fi\/wp-json\/wp\/v2\/product_cat?post=7971"},{"taxonomy":"product_tag","embeddable":true,"href":"https:\/\/fedemark.ee\/fi\/wp-json\/wp\/v2\/product_tag?post=7971"}],"curies":[{"name":"wp","href":"https:\/\/api.w.org\/{rel}","templated":true}]}}