{"id":7972,"date":"2017-06-15T19:19:22","date_gmt":"2017-06-15T19:19:22","guid":{"rendered":"https:\/\/sharks.ee\/fedemark\/shop\/uncategorized\/stand\/"},"modified":"2017-08-04T08:33:11","modified_gmt":"2017-08-04T08:33:11","slug":"stand","status":"publish","type":"product","link":"https:\/\/fedemark.ee\/fi\/tuotteet\/suurikantokykyiset-tikkaat\/porraspenkit\/stand\/","title":{"rendered":"Stand"},"content":{"rendered":"","protected":false},"excerpt":{"rendered":"<p><em>Alumiininen sahapukki<\/em><\/p>\n<p>Kest\u00e4v\u00e4 alumiininen sahapukki, jossa on runsaasti tilaa laudoille ja laitteille. Kahdesta ter\u00e4ksisest\u00e4 symmetrisest\u00e4 yhdysvartaasta koostuva avautumisen est\u00e4v\u00e4 mekanismi. Ergonomiset liukumattomat jalat takaavat hyv\u00e4n vakauden koko rakenteelle.<br \/>\nEpoksimaalilla maalattu. Rakenne muodostuu lujasta hitsatusta metalliseosputkesta (30&#215;20 mm). Moottorisahalta alusta suojaa sahaajaa ja takaa turvallisen ja jatkuvan suuntauksen sahauksen aikana. T\u00e4t\u00e4 voi s\u00e4\u00e4t\u00e4\u00e4 rungon halkaisijan mukaan enint\u00e4\u00e4n 40 cm asti. L\u00e4mp\u00f6kutistuva muovipakkaus.<\/p>\n<p>TEKNISET OMINAISUUDET<br \/>\nKantavuus 150 kg<br \/>\nKorkeus ty\u00f6asennossa 80 cm<br \/>\nKuljetusmitat 18x9x84 cm<br \/>\nLiukumattomat PVC-jalat<br \/>\nPaino 6 kg<br \/>\nTakuu 5 vuotta<br \/>\nL\u00e4mp\u00f6kutistuva muovipakkaus<\/p>\n","protected":false},"featured_media":6220,"comment_status":"open","ping_status":"closed","template":"","meta":{"footnotes":""},"product_cat":[176,205],"product_tag":[],"yoast_head":"<!-- This site is optimized with the Yoast SEO plugin v22.6 - https:\/\/yoast.com\/wordpress\/plugins\/seo\/ -->\n<title>Stand - Fedemark<\/title>\n<meta name=\"robots\" content=\"index, follow, max-snippet:-1, max-image-preview:large, max-video-preview:-1\" \/>\n<link rel=\"canonical\" href=\"https:\/\/fedemark.ee\/fi\/tuotteet\/suurikantokykyiset-tikkaat\/porraspenkit\/stand\/\" \/>\n<meta property=\"og:locale\" content=\"fi_FI\" \/>\n<meta property=\"og:type\" content=\"article\" \/>\n<meta property=\"og:title\" content=\"Stand - Fedemark\" \/>\n<meta property=\"og:description\" content=\"Alumiininen sahapukki  Kest\u00e4v\u00e4 alumiininen sahapukki, jossa on runsaasti tilaa laudoille ja laitteille. Kahdesta ter\u00e4ksisest\u00e4 symmetrisest\u00e4 yhdysvartaasta koostuva avautumisen est\u00e4v\u00e4 mekanismi. Ergonomiset liukumattomat jalat takaavat hyv\u00e4n vakauden koko rakenteelle. Epoksimaalilla maalattu. Rakenne muodostuu lujasta hitsatusta metalliseosputkesta (30x20 mm). Moottorisahalta alusta suojaa sahaajaa ja takaa turvallisen ja jatkuvan suuntauksen sahauksen aikana. T\u00e4t\u00e4 voi s\u00e4\u00e4t\u00e4\u00e4 rungon halkaisijan mukaan enint\u00e4\u00e4n 40 cm asti. L\u00e4mp\u00f6kutistuva muovipakkaus.  TEKNISET OMINAISUUDET Kantavuus 150 kg Korkeus ty\u00f6asennossa 80 cm Kuljetusmitat 18x9x84 cm Liukumattomat PVC-jalat Paino 6 kg Takuu 5 vuotta L\u00e4mp\u00f6kutistuva muovipakkaus\" \/>\n<meta property=\"og:url\" content=\"https:\/\/fedemark.ee\/fi\/tuotteet\/suurikantokykyiset-tikkaat\/porraspenkit\/stand\/\" \/>\n<meta property=\"og:site_name\" content=\"Fedemark\" \/>\n<meta property=\"article:modified_time\" content=\"2017-08-04T08:33:11+00:00\" \/>\n<meta property=\"og:image\" content=\"https:\/\/fedemark.ee\/wp-content\/uploads\/2017\/06\/stand.jpg\" \/>\n\t<meta property=\"og:image:width\" content=\"2451\" \/>\n\t<meta property=\"og:image:height\" content=\"2702\" \/>\n\t<meta property=\"og:image:type\" content=\"image\/jpeg\" \/>\n<meta name=\"twitter:card\" content=\"summary_large_image\" \/>\n<script type=\"application\/ld+json\" class=\"yoast-schema-graph\">{\"@context\":\"https:\/\/schema.org\",\"@graph\":[{\"@type\":\"WebPage\",\"@id\":\"https:\/\/fedemark.ee\/fi\/tuotteet\/suurikantokykyiset-tikkaat\/porraspenkit\/stand\/\",\"url\":\"https:\/\/fedemark.ee\/fi\/tuotteet\/suurikantokykyiset-tikkaat\/porraspenkit\/stand\/\",\"name\":\"Stand - Fedemark\",\"isPartOf\":{\"@id\":\"https:\/\/fedemark.ee\/#website\"},\"primaryImageOfPage\":{\"@id\":\"https:\/\/fedemark.ee\/fi\/tuotteet\/suurikantokykyiset-tikkaat\/porraspenkit\/stand\/#primaryimage\"},\"image\":{\"@id\":\"https:\/\/fedemark.ee\/fi\/tuotteet\/suurikantokykyiset-tikkaat\/porraspenkit\/stand\/#primaryimage\"},\"thumbnailUrl\":\"https:\/\/fedemark.ee\/wp-content\/uploads\/2017\/06\/stand.jpg\",\"datePublished\":\"2017-06-15T19:19:22+00:00\",\"dateModified\":\"2017-08-04T08:33:11+00:00\",\"breadcrumb\":{\"@id\":\"https:\/\/fedemark.ee\/fi\/tuotteet\/suurikantokykyiset-tikkaat\/porraspenkit\/stand\/#breadcrumb\"},\"inLanguage\":\"fi-FI\",\"potentialAction\":[{\"@type\":\"ReadAction\",\"target\":[\"https:\/\/fedemark.ee\/fi\/tuotteet\/suurikantokykyiset-tikkaat\/porraspenkit\/stand\/\"]}]},{\"@type\":\"ImageObject\",\"inLanguage\":\"fi-FI\",\"@id\":\"https:\/\/fedemark.ee\/fi\/tuotteet\/suurikantokykyiset-tikkaat\/porraspenkit\/stand\/#primaryimage\",\"url\":\"https:\/\/fedemark.ee\/wp-content\/uploads\/2017\/06\/stand.jpg\",\"contentUrl\":\"https:\/\/fedemark.ee\/wp-content\/uploads\/2017\/06\/stand.jpg\",\"width\":2451,\"height\":2702},{\"@type\":\"BreadcrumbList\",\"@id\":\"https:\/\/fedemark.ee\/fi\/tuotteet\/suurikantokykyiset-tikkaat\/porraspenkit\/stand\/#breadcrumb\",\"itemListElement\":[{\"@type\":\"ListItem\",\"position\":1,\"name\":\"Home\",\"item\":\"https:\/\/fedemark.ee\/fi\/\"},{\"@type\":\"ListItem\",\"position\":2,\"name\":\"Tuotteet\",\"item\":\"https:\/\/fedemark.ee\/fi\/tuotteet\/\"},{\"@type\":\"ListItem\",\"position\":3,\"name\":\"Stand\"}]},{\"@type\":\"WebSite\",\"@id\":\"https:\/\/fedemark.ee\/#website\",\"url\":\"https:\/\/fedemark.ee\/\",\"name\":\"Fedemark\",\"description\":\"Redelid, Tellingud, T\u00f6\u00f6platvormid ja vahekorrused\",\"potentialAction\":[{\"@type\":\"SearchAction\",\"target\":{\"@type\":\"EntryPoint\",\"urlTemplate\":\"https:\/\/fedemark.ee\/?s={search_term_string}\"},\"query-input\":\"required name=search_term_string\"}],\"inLanguage\":\"fi-FI\"}]}<\/script>\n<!-- \/ Yoast SEO plugin. -->","yoast_head_json":{"title":"Stand - Fedemark","robots":{"index":"index","follow":"follow","max-snippet":"max-snippet:-1","max-image-preview":"max-image-preview:large","max-video-preview":"max-video-preview:-1"},"canonical":"https:\/\/fedemark.ee\/fi\/tuotteet\/suurikantokykyiset-tikkaat\/porraspenkit\/stand\/","og_locale":"fi_FI","og_type":"article","og_title":"Stand - Fedemark","og_description":"Alumiininen sahapukki  Kest\u00e4v\u00e4 alumiininen sahapukki, jossa on runsaasti tilaa laudoille ja laitteille. Kahdesta ter\u00e4ksisest\u00e4 symmetrisest\u00e4 yhdysvartaasta koostuva avautumisen est\u00e4v\u00e4 mekanismi. Ergonomiset liukumattomat jalat takaavat hyv\u00e4n vakauden koko rakenteelle. Epoksimaalilla maalattu. Rakenne muodostuu lujasta hitsatusta metalliseosputkesta (30x20 mm). Moottorisahalta alusta suojaa sahaajaa ja takaa turvallisen ja jatkuvan suuntauksen sahauksen aikana. T\u00e4t\u00e4 voi s\u00e4\u00e4t\u00e4\u00e4 rungon halkaisijan mukaan enint\u00e4\u00e4n 40 cm asti. L\u00e4mp\u00f6kutistuva muovipakkaus.  TEKNISET OMINAISUUDET Kantavuus 150 kg Korkeus ty\u00f6asennossa 80 cm Kuljetusmitat 18x9x84 cm Liukumattomat PVC-jalat Paino 6 kg Takuu 5 vuotta L\u00e4mp\u00f6kutistuva muovipakkaus","og_url":"https:\/\/fedemark.ee\/fi\/tuotteet\/suurikantokykyiset-tikkaat\/porraspenkit\/stand\/","og_site_name":"Fedemark","article_modified_time":"2017-08-04T08:33:11+00:00","og_image":[{"width":2451,"height":2702,"url":"https:\/\/fedemark.ee\/wp-content\/uploads\/2017\/06\/stand.jpg","type":"image\/jpeg"}],"twitter_card":"summary_large_image","schema":{"@context":"https:\/\/schema.org","@graph":[{"@type":"WebPage","@id":"https:\/\/fedemark.ee\/fi\/tuotteet\/suurikantokykyiset-tikkaat\/porraspenkit\/stand\/","url":"https:\/\/fedemark.ee\/fi\/tuotteet\/suurikantokykyiset-tikkaat\/porraspenkit\/stand\/","name":"Stand - Fedemark","isPartOf":{"@id":"https:\/\/fedemark.ee\/#website"},"primaryImageOfPage":{"@id":"https:\/\/fedemark.ee\/fi\/tuotteet\/suurikantokykyiset-tikkaat\/porraspenkit\/stand\/#primaryimage"},"image":{"@id":"https:\/\/fedemark.ee\/fi\/tuotteet\/suurikantokykyiset-tikkaat\/porraspenkit\/stand\/#primaryimage"},"thumbnailUrl":"https:\/\/fedemark.ee\/wp-content\/uploads\/2017\/06\/stand.jpg","datePublished":"2017-06-15T19:19:22+00:00","dateModified":"2017-08-04T08:33:11+00:00","breadcrumb":{"@id":"https:\/\/fedemark.ee\/fi\/tuotteet\/suurikantokykyiset-tikkaat\/porraspenkit\/stand\/#breadcrumb"},"inLanguage":"fi-FI","potentialAction":[{"@type":"ReadAction","target":["https:\/\/fedemark.ee\/fi\/tuotteet\/suurikantokykyiset-tikkaat\/porraspenkit\/stand\/"]}]},{"@type":"ImageObject","inLanguage":"fi-FI","@id":"https:\/\/fedemark.ee\/fi\/tuotteet\/suurikantokykyiset-tikkaat\/porraspenkit\/stand\/#primaryimage","url":"https:\/\/fedemark.ee\/wp-content\/uploads\/2017\/06\/stand.jpg","contentUrl":"https:\/\/fedemark.ee\/wp-content\/uploads\/2017\/06\/stand.jpg","width":2451,"height":2702},{"@type":"BreadcrumbList","@id":"https:\/\/fedemark.ee\/fi\/tuotteet\/suurikantokykyiset-tikkaat\/porraspenkit\/stand\/#breadcrumb","itemListElement":[{"@type":"ListItem","position":1,"name":"Home","item":"https:\/\/fedemark.ee\/fi\/"},{"@type":"ListItem","position":2,"name":"Tuotteet","item":"https:\/\/fedemark.ee\/fi\/tuotteet\/"},{"@type":"ListItem","position":3,"name":"Stand"}]},{"@type":"WebSite","@id":"https:\/\/fedemark.ee\/#website","url":"https:\/\/fedemark.ee\/","name":"Fedemark","description":"Redelid, Tellingud, T\u00f6\u00f6platvormid ja vahekorrused","potentialAction":[{"@type":"SearchAction","target":{"@type":"EntryPoint","urlTemplate":"https:\/\/fedemark.ee\/?s={search_term_string}"},"query-input":"required name=search_term_string"}],"inLanguage":"fi-FI"}]}},"_links":{"self":[{"href":"https:\/\/fedemark.ee\/fi\/wp-json\/wp\/v2\/product\/7972"}],"collection":[{"href":"https:\/\/fedemark.ee\/fi\/wp-json\/wp\/v2\/product"}],"about":[{"href":"https:\/\/fedemark.ee\/fi\/wp-json\/wp\/v2\/types\/product"}],"replies":[{"embeddable":true,"href":"https:\/\/fedemark.ee\/fi\/wp-json\/wp\/v2\/comments?post=7972"}],"version-history":[{"count":0,"href":"https:\/\/fedemark.ee\/fi\/wp-json\/wp\/v2\/product\/7972\/revisions"}],"wp:featuredmedia":[{"embeddable":true,"href":"https:\/\/fedemark.ee\/fi\/wp-json\/wp\/v2\/media\/6220"}],"wp:attachment":[{"href":"https:\/\/fedemark.ee\/fi\/wp-json\/wp\/v2\/media?parent=7972"}],"wp:term":[{"taxonomy":"product_cat","embeddable":true,"href":"https:\/\/fedemark.ee\/fi\/wp-json\/wp\/v2\/product_cat?post=7972"},{"taxonomy":"product_tag","embeddable":true,"href":"https:\/\/fedemark.ee\/fi\/wp-json\/wp\/v2\/product_tag?post=7972"}],"curies":[{"name":"wp","href":"https:\/\/api.w.org\/{rel}","templated":true}]}}