{"id":7973,"date":"2017-05-30T12:53:57","date_gmt":"2017-05-30T12:53:57","guid":{"rendered":"https:\/\/sharks.ee\/fedemark\/shop\/uncategorized\/regina\/"},"modified":"2017-08-04T08:38:33","modified_gmt":"2017-08-04T08:38:33","slug":"regina","status":"publish","type":"product","link":"https:\/\/fedemark.ee\/fi\/tuotteet\/suurikantokykyiset-tikkaat\/tasotikkaat\/regina\/","title":{"rendered":"Regina"},"content":{"rendered":"","protected":false},"excerpt":{"rendered":"<p>REGINA on alumiiniporrastikas alustalla ja lis\u00e4vaihtoehtona my\u00f6s turvakaiteella. Sopii k\u00e4ytett\u00e4v\u00e4ksi rakennuksilla ja kotitaloudessa.<\/p>\n<p>Tuote vastaa eurooppalaista standardia EN131<\/p>\n<p>Tekniset tiedot:<\/p>\n<p>Varustettu ty\u00f6kalualustalla<br \/>\nTy\u00f6lavan mitat 28\u00d725,5 cm<br \/>\nErgonomisesti muotoillut luistonestopintaiset kumiset jalat<br \/>\nReunustetut luistonestopintaiset askelmat 8 cm:n levyisen\u00e4<br \/>\nAskelmat on hitsattu vahvasti kehykseen<br \/>\nAskelmienv\u00e4linen et\u00e4isyys 25 cm<br \/>\nAvautumisen est\u00e4v\u00e4t hihnat 25 cm<br \/>\nAlimpien askelmien alla tuki ja uritettu kehys<br \/>\nVahvistettu takasivu (alkaen 8-askelmallisesta mallista)<br \/>\nTurvakaiteen korkeus: 60 cm<\/p>\n<p><img loading=\"lazy\" decoding=\"async\" class=\"alignnone size-full wp-image-4137\" src=\"https:\/\/fedemark.ee\/wp-content\/uploads\/2017\/05\/regina_tabel1.jpg\" alt=\"\" width=\"600\" height=\"277\" srcset=\"https:\/\/fedemark.ee\/wp-content\/uploads\/2017\/05\/regina_tabel1.jpg 600w, https:\/\/fedemark.ee\/wp-content\/uploads\/2017\/05\/regina_tabel1-300x139.jpg 300w\" sizes=\"(max-width: 600px) 100vw, 600px\" \/><\/p>\n<p><img loading=\"lazy\" decoding=\"async\" class=\"alignnone wp-image-5253\" src=\"https:\/\/fedemark.ee\/wp-content\/uploads\/2017\/06\/Ikoonid_29.jpg\" alt=\"\" width=\"76\" height=\"71\" \/><img loading=\"lazy\" decoding=\"async\" class=\"alignnone wp-image-5257\" src=\"https:\/\/fedemark.ee\/wp-content\/uploads\/2017\/06\/Ikoonid_03-Copy.jpg\" alt=\"\" width=\"68\" height=\"69\" srcset=\"https:\/\/fedemark.ee\/wp-content\/uploads\/2017\/06\/Ikoonid_03-Copy.jpg 132w, https:\/\/fedemark.ee\/wp-content\/uploads\/2017\/06\/Ikoonid_03-Copy-100x100.jpg 100w\" sizes=\"(max-width: 68px) 100vw, 68px\" \/><img loading=\"lazy\" decoding=\"async\" class=\"alignnone wp-image-5329\" src=\"https:\/\/fedemark.ee\/wp-content\/uploads\/2017\/06\/Ikoonid_37-Copy.jpg\" alt=\"\" width=\"138\" height=\"62\" \/><img loading=\"lazy\" decoding=\"async\" class=\"alignnone wp-image-5353\" src=\"https:\/\/fedemark.ee\/wp-content\/uploads\/2017\/06\/Ikoonid_50.jpg\" alt=\"\" width=\"59\" height=\"70\" \/><\/p>\n","protected":false},"featured_media":9892,"comment_status":"open","ping_status":"closed","template":"","meta":{"footnotes":""},"product_cat":[205,207],"product_tag":[],"yoast_head":"<!-- This site is optimized with the Yoast SEO plugin v22.6 - https:\/\/yoast.com\/wordpress\/plugins\/seo\/ -->\n<title>Regina - Fedemark<\/title>\n<meta name=\"robots\" content=\"index, follow, max-snippet:-1, max-image-preview:large, max-video-preview:-1\" \/>\n<link rel=\"canonical\" href=\"https:\/\/fedemark.ee\/fi\/tuotteet\/suurikantokykyiset-tikkaat\/tasotikkaat\/regina\/\" \/>\n<meta property=\"og:locale\" content=\"fi_FI\" \/>\n<meta property=\"og:type\" content=\"article\" \/>\n<meta property=\"og:title\" content=\"Regina - Fedemark\" \/>\n<meta property=\"og:description\" content=\"REGINA on alumiiniporrastikas alustalla ja lis\u00e4vaihtoehtona my\u00f6s turvakaiteella. Sopii k\u00e4ytett\u00e4v\u00e4ksi rakennuksilla ja kotitaloudessa.  Tuote vastaa eurooppalaista standardia EN131  Tekniset tiedot:  Varustettu ty\u00f6kalualustalla Ty\u00f6lavan mitat 28\u00d725,5 cm Ergonomisesti muotoillut luistonestopintaiset kumiset jalat Reunustetut luistonestopintaiset askelmat 8 cm:n levyisen\u00e4 Askelmat on hitsattu vahvasti kehykseen Askelmienv\u00e4linen et\u00e4isyys 25 cm Avautumisen est\u00e4v\u00e4t hihnat 25 cm Alimpien askelmien alla tuki ja uritettu kehys Vahvistettu takasivu (alkaen 8-askelmallisesta mallista) Turvakaiteen korkeus: 60 cm\" \/>\n<meta property=\"og:url\" content=\"https:\/\/fedemark.ee\/fi\/tuotteet\/suurikantokykyiset-tikkaat\/tasotikkaat\/regina\/\" \/>\n<meta property=\"og:site_name\" content=\"Fedemark\" \/>\n<meta property=\"article:modified_time\" content=\"2017-08-04T08:38:33+00:00\" \/>\n<meta property=\"og:image\" content=\"https:\/\/fedemark.ee\/wp-content\/uploads\/2017\/05\/Regina-treppredel-4-1.jpg\" \/>\n\t<meta property=\"og:image:width\" content=\"800\" \/>\n\t<meta property=\"og:image:height\" content=\"800\" \/>\n\t<meta property=\"og:image:type\" content=\"image\/jpeg\" \/>\n<meta name=\"twitter:card\" content=\"summary_large_image\" \/>\n<script type=\"application\/ld+json\" class=\"yoast-schema-graph\">{\"@context\":\"https:\/\/schema.org\",\"@graph\":[{\"@type\":\"WebPage\",\"@id\":\"https:\/\/fedemark.ee\/fi\/tuotteet\/suurikantokykyiset-tikkaat\/tasotikkaat\/regina\/\",\"url\":\"https:\/\/fedemark.ee\/fi\/tuotteet\/suurikantokykyiset-tikkaat\/tasotikkaat\/regina\/\",\"name\":\"Regina - Fedemark\",\"isPartOf\":{\"@id\":\"https:\/\/fedemark.ee\/#website\"},\"primaryImageOfPage\":{\"@id\":\"https:\/\/fedemark.ee\/fi\/tuotteet\/suurikantokykyiset-tikkaat\/tasotikkaat\/regina\/#primaryimage\"},\"image\":{\"@id\":\"https:\/\/fedemark.ee\/fi\/tuotteet\/suurikantokykyiset-tikkaat\/tasotikkaat\/regina\/#primaryimage\"},\"thumbnailUrl\":\"https:\/\/fedemark.ee\/wp-content\/uploads\/2017\/05\/Regina-treppredel-4-1.jpg\",\"datePublished\":\"2017-05-30T12:53:57+00:00\",\"dateModified\":\"2017-08-04T08:38:33+00:00\",\"breadcrumb\":{\"@id\":\"https:\/\/fedemark.ee\/fi\/tuotteet\/suurikantokykyiset-tikkaat\/tasotikkaat\/regina\/#breadcrumb\"},\"inLanguage\":\"fi-FI\",\"potentialAction\":[{\"@type\":\"ReadAction\",\"target\":[\"https:\/\/fedemark.ee\/fi\/tuotteet\/suurikantokykyiset-tikkaat\/tasotikkaat\/regina\/\"]}]},{\"@type\":\"ImageObject\",\"inLanguage\":\"fi-FI\",\"@id\":\"https:\/\/fedemark.ee\/fi\/tuotteet\/suurikantokykyiset-tikkaat\/tasotikkaat\/regina\/#primaryimage\",\"url\":\"https:\/\/fedemark.ee\/wp-content\/uploads\/2017\/05\/Regina-treppredel-4-1.jpg\",\"contentUrl\":\"https:\/\/fedemark.ee\/wp-content\/uploads\/2017\/05\/Regina-treppredel-4-1.jpg\",\"width\":800,\"height\":800},{\"@type\":\"BreadcrumbList\",\"@id\":\"https:\/\/fedemark.ee\/fi\/tuotteet\/suurikantokykyiset-tikkaat\/tasotikkaat\/regina\/#breadcrumb\",\"itemListElement\":[{\"@type\":\"ListItem\",\"position\":1,\"name\":\"Home\",\"item\":\"https:\/\/fedemark.ee\/fi\/\"},{\"@type\":\"ListItem\",\"position\":2,\"name\":\"Tuotteet\",\"item\":\"https:\/\/fedemark.ee\/fi\/tuotteet\/\"},{\"@type\":\"ListItem\",\"position\":3,\"name\":\"Regina\"}]},{\"@type\":\"WebSite\",\"@id\":\"https:\/\/fedemark.ee\/#website\",\"url\":\"https:\/\/fedemark.ee\/\",\"name\":\"Fedemark\",\"description\":\"Redelid, Tellingud, T\u00f6\u00f6platvormid ja vahekorrused\",\"potentialAction\":[{\"@type\":\"SearchAction\",\"target\":{\"@type\":\"EntryPoint\",\"urlTemplate\":\"https:\/\/fedemark.ee\/?s={search_term_string}\"},\"query-input\":\"required name=search_term_string\"}],\"inLanguage\":\"fi-FI\"}]}<\/script>\n<!-- \/ Yoast SEO plugin. -->","yoast_head_json":{"title":"Regina - Fedemark","robots":{"index":"index","follow":"follow","max-snippet":"max-snippet:-1","max-image-preview":"max-image-preview:large","max-video-preview":"max-video-preview:-1"},"canonical":"https:\/\/fedemark.ee\/fi\/tuotteet\/suurikantokykyiset-tikkaat\/tasotikkaat\/regina\/","og_locale":"fi_FI","og_type":"article","og_title":"Regina - Fedemark","og_description":"REGINA on alumiiniporrastikas alustalla ja lis\u00e4vaihtoehtona my\u00f6s turvakaiteella. Sopii k\u00e4ytett\u00e4v\u00e4ksi rakennuksilla ja kotitaloudessa.  Tuote vastaa eurooppalaista standardia EN131  Tekniset tiedot:  Varustettu ty\u00f6kalualustalla Ty\u00f6lavan mitat 28\u00d725,5 cm Ergonomisesti muotoillut luistonestopintaiset kumiset jalat Reunustetut luistonestopintaiset askelmat 8 cm:n levyisen\u00e4 Askelmat on hitsattu vahvasti kehykseen Askelmienv\u00e4linen et\u00e4isyys 25 cm Avautumisen est\u00e4v\u00e4t hihnat 25 cm Alimpien askelmien alla tuki ja uritettu kehys Vahvistettu takasivu (alkaen 8-askelmallisesta mallista) Turvakaiteen korkeus: 60 cm","og_url":"https:\/\/fedemark.ee\/fi\/tuotteet\/suurikantokykyiset-tikkaat\/tasotikkaat\/regina\/","og_site_name":"Fedemark","article_modified_time":"2017-08-04T08:38:33+00:00","og_image":[{"width":800,"height":800,"url":"https:\/\/fedemark.ee\/wp-content\/uploads\/2017\/05\/Regina-treppredel-4-1.jpg","type":"image\/jpeg"}],"twitter_card":"summary_large_image","schema":{"@context":"https:\/\/schema.org","@graph":[{"@type":"WebPage","@id":"https:\/\/fedemark.ee\/fi\/tuotteet\/suurikantokykyiset-tikkaat\/tasotikkaat\/regina\/","url":"https:\/\/fedemark.ee\/fi\/tuotteet\/suurikantokykyiset-tikkaat\/tasotikkaat\/regina\/","name":"Regina - Fedemark","isPartOf":{"@id":"https:\/\/fedemark.ee\/#website"},"primaryImageOfPage":{"@id":"https:\/\/fedemark.ee\/fi\/tuotteet\/suurikantokykyiset-tikkaat\/tasotikkaat\/regina\/#primaryimage"},"image":{"@id":"https:\/\/fedemark.ee\/fi\/tuotteet\/suurikantokykyiset-tikkaat\/tasotikkaat\/regina\/#primaryimage"},"thumbnailUrl":"https:\/\/fedemark.ee\/wp-content\/uploads\/2017\/05\/Regina-treppredel-4-1.jpg","datePublished":"2017-05-30T12:53:57+00:00","dateModified":"2017-08-04T08:38:33+00:00","breadcrumb":{"@id":"https:\/\/fedemark.ee\/fi\/tuotteet\/suurikantokykyiset-tikkaat\/tasotikkaat\/regina\/#breadcrumb"},"inLanguage":"fi-FI","potentialAction":[{"@type":"ReadAction","target":["https:\/\/fedemark.ee\/fi\/tuotteet\/suurikantokykyiset-tikkaat\/tasotikkaat\/regina\/"]}]},{"@type":"ImageObject","inLanguage":"fi-FI","@id":"https:\/\/fedemark.ee\/fi\/tuotteet\/suurikantokykyiset-tikkaat\/tasotikkaat\/regina\/#primaryimage","url":"https:\/\/fedemark.ee\/wp-content\/uploads\/2017\/05\/Regina-treppredel-4-1.jpg","contentUrl":"https:\/\/fedemark.ee\/wp-content\/uploads\/2017\/05\/Regina-treppredel-4-1.jpg","width":800,"height":800},{"@type":"BreadcrumbList","@id":"https:\/\/fedemark.ee\/fi\/tuotteet\/suurikantokykyiset-tikkaat\/tasotikkaat\/regina\/#breadcrumb","itemListElement":[{"@type":"ListItem","position":1,"name":"Home","item":"https:\/\/fedemark.ee\/fi\/"},{"@type":"ListItem","position":2,"name":"Tuotteet","item":"https:\/\/fedemark.ee\/fi\/tuotteet\/"},{"@type":"ListItem","position":3,"name":"Regina"}]},{"@type":"WebSite","@id":"https:\/\/fedemark.ee\/#website","url":"https:\/\/fedemark.ee\/","name":"Fedemark","description":"Redelid, Tellingud, T\u00f6\u00f6platvormid ja vahekorrused","potentialAction":[{"@type":"SearchAction","target":{"@type":"EntryPoint","urlTemplate":"https:\/\/fedemark.ee\/?s={search_term_string}"},"query-input":"required name=search_term_string"}],"inLanguage":"fi-FI"}]}},"_links":{"self":[{"href":"https:\/\/fedemark.ee\/fi\/wp-json\/wp\/v2\/product\/7973"}],"collection":[{"href":"https:\/\/fedemark.ee\/fi\/wp-json\/wp\/v2\/product"}],"about":[{"href":"https:\/\/fedemark.ee\/fi\/wp-json\/wp\/v2\/types\/product"}],"replies":[{"embeddable":true,"href":"https:\/\/fedemark.ee\/fi\/wp-json\/wp\/v2\/comments?post=7973"}],"version-history":[{"count":0,"href":"https:\/\/fedemark.ee\/fi\/wp-json\/wp\/v2\/product\/7973\/revisions"}],"wp:featuredmedia":[{"embeddable":true,"href":"https:\/\/fedemark.ee\/fi\/wp-json\/wp\/v2\/media\/9892"}],"wp:attachment":[{"href":"https:\/\/fedemark.ee\/fi\/wp-json\/wp\/v2\/media?parent=7973"}],"wp:term":[{"taxonomy":"product_cat","embeddable":true,"href":"https:\/\/fedemark.ee\/fi\/wp-json\/wp\/v2\/product_cat?post=7973"},{"taxonomy":"product_tag","embeddable":true,"href":"https:\/\/fedemark.ee\/fi\/wp-json\/wp\/v2\/product_tag?post=7973"}],"curies":[{"name":"wp","href":"https:\/\/api.w.org\/{rel}","templated":true}]}}