{"id":7975,"date":"2017-05-30T13:01:40","date_gmt":"2017-05-30T13:01:40","guid":{"rendered":"https:\/\/sharks.ee\/fedemark\/shop\/uncategorized\/lady\/"},"modified":"2017-08-04T08:40:00","modified_gmt":"2017-08-04T08:40:00","slug":"lady","status":"publish","type":"product","link":"https:\/\/fedemark.ee\/fi\/tuotteet\/suurikantokykyiset-tikkaat\/monikayttoiset-ja-muotoiltavat-teleskooppitikkaat\/lady\/","title":{"rendered":"Lady"},"content":{"rendered":"","protected":false},"excerpt":{"rendered":"<p>Reunalliset alumiinitikkaat, jolla on 13 erilaista ty\u00f6asentoa, pienikokoinen pakattuna, voidaan kuljettaa tavallisen auton tavaratilassa. Erinomainen ammatti- ja koti- k\u00e4ytt\u00f6\u00f6n.<\/p>\n<p>Nopeasti asettuva automaattinen ter\u00e4ssarana toimii seuraavasti: 1. Paina turvanuppia, 2. Aseta tikkaat, 3. Nuppi vapautuu automaattisesti lukiten tikkaat haluttuun asentoon.<\/p>\n<p>Tikkaita voidaan k\u00e4ytt\u00e4\u00e4 my\u00f6s telineen\u00e4.<\/p>\n<p>Vakio-ominaisuudet:<\/p>\n<p>Luistamattomat alumiiniaskelmat 30\u00d730 mm<br \/>\nKehysprofiili 63,5\u00d723,9 mm<br \/>\nIrrotettava jalustatuki<br \/>\nNopeaa asennusta mahdollistavat automaattisaranat<br \/>\nErgonomiset kumijalat<br \/>\nKutistemuovipakkaus<br \/>\nSis\u00e4lohkon leveys 36,5 cm<br \/>\nAskelmien v\u00e4li 30 cm<br \/>\nKantavuus 150 kg (telineen\u00e4 120 kg)<br \/>\nAskelmien osien m\u00e4\u00e4r\u00e4: 3\u00d74 (askelmia yhteens\u00e4 12)<br \/>\nTaitettuna korkeus: 0,90 m<br \/>\nAskeltikkaiden korkeus: 1,63 m<br \/>\nKorkeus avattuna: 3,34 m<br \/>\nTy\u00f6lavana korkeus: 0,88 m (kantavuus 120 kg)<br \/>\nPaino: 11 kg<\/p>\n<p><img loading=\"lazy\" decoding=\"async\" class=\"alignnone wp-image-5253\" src=\"https:\/\/fedemark.ee\/wp-content\/uploads\/2017\/06\/Ikoonid_29.jpg\" alt=\"\" width=\"68\" height=\"63\" \/><img loading=\"lazy\" decoding=\"async\" class=\"alignnone wp-image-5261\" src=\"https:\/\/fedemark.ee\/wp-content\/uploads\/2017\/06\/Ikoonid_03.jpg\" alt=\"\" width=\"64\" height=\"64\" srcset=\"https:\/\/fedemark.ee\/wp-content\/uploads\/2017\/06\/Ikoonid_03.jpg 132w, https:\/\/fedemark.ee\/wp-content\/uploads\/2017\/06\/Ikoonid_03-100x100.jpg 100w\" sizes=\"(max-width: 64px) 100vw, 64px\" \/><img loading=\"lazy\" decoding=\"async\" class=\"alignnone wp-image-5353\" src=\"https:\/\/fedemark.ee\/wp-content\/uploads\/2017\/06\/Ikoonid_50.jpg\" alt=\"\" width=\"56\" height=\"66\" \/><\/p>\n","protected":false},"featured_media":9700,"comment_status":"open","ping_status":"closed","template":"","meta":{"footnotes":""},"product_cat":[178,205],"product_tag":[],"yoast_head":"<!-- This site is optimized with the Yoast SEO plugin v22.6 - https:\/\/yoast.com\/wordpress\/plugins\/seo\/ -->\n<title>Lady - Fedemark<\/title>\n<meta name=\"robots\" content=\"index, follow, max-snippet:-1, max-image-preview:large, max-video-preview:-1\" \/>\n<link rel=\"canonical\" href=\"https:\/\/fedemark.ee\/fi\/tuotteet\/suurikantokykyiset-tikkaat\/monikayttoiset-ja-muotoiltavat-teleskooppitikkaat\/lady\/\" \/>\n<meta property=\"og:locale\" content=\"fi_FI\" \/>\n<meta property=\"og:type\" content=\"article\" \/>\n<meta property=\"og:title\" content=\"Lady - Fedemark\" \/>\n<meta property=\"og:description\" content=\"Reunalliset alumiinitikkaat, jolla on 13 erilaista ty\u00f6asentoa, pienikokoinen pakattuna, voidaan kuljettaa tavallisen auton tavaratilassa. Erinomainen ammatti- ja koti- k\u00e4ytt\u00f6\u00f6n.  Nopeasti asettuva automaattinen ter\u00e4ssarana toimii seuraavasti: 1. Paina turvanuppia, 2. Aseta tikkaat, 3. Nuppi vapautuu automaattisesti lukiten tikkaat haluttuun asentoon.  Tikkaita voidaan k\u00e4ytt\u00e4\u00e4 my\u00f6s telineen\u00e4.  Vakio-ominaisuudet:  Luistamattomat alumiiniaskelmat 30\u00d730 mm Kehysprofiili 63,5\u00d723,9 mm Irrotettava jalustatuki Nopeaa asennusta mahdollistavat automaattisaranat Ergonomiset kumijalat Kutistemuovipakkaus Sis\u00e4lohkon leveys 36,5 cm Askelmien v\u00e4li 30 cm Kantavuus 150 kg (telineen\u00e4 120 kg) Askelmien osien m\u00e4\u00e4r\u00e4: 3\u00d74 (askelmia yhteens\u00e4 12) Taitettuna korkeus: 0,90 m Askeltikkaiden korkeus: 1,63 m Korkeus avattuna: 3,34 m Ty\u00f6lavana korkeus: 0,88 m (kantavuus 120 kg) Paino: 11 kg\" \/>\n<meta property=\"og:url\" content=\"https:\/\/fedemark.ee\/fi\/tuotteet\/suurikantokykyiset-tikkaat\/monikayttoiset-ja-muotoiltavat-teleskooppitikkaat\/lady\/\" \/>\n<meta property=\"og:site_name\" content=\"Fedemark\" \/>\n<meta property=\"article:modified_time\" content=\"2017-08-04T08:40:00+00:00\" \/>\n<meta property=\"og:image\" content=\"https:\/\/fedemark.ee\/wp-content\/uploads\/2017\/05\/Lady-1-1.jpg\" \/>\n\t<meta property=\"og:image:width\" content=\"800\" \/>\n\t<meta property=\"og:image:height\" content=\"800\" \/>\n\t<meta property=\"og:image:type\" content=\"image\/jpeg\" \/>\n<meta name=\"twitter:card\" content=\"summary_large_image\" \/>\n<script type=\"application\/ld+json\" class=\"yoast-schema-graph\">{\"@context\":\"https:\/\/schema.org\",\"@graph\":[{\"@type\":\"WebPage\",\"@id\":\"https:\/\/fedemark.ee\/fi\/tuotteet\/suurikantokykyiset-tikkaat\/monikayttoiset-ja-muotoiltavat-teleskooppitikkaat\/lady\/\",\"url\":\"https:\/\/fedemark.ee\/fi\/tuotteet\/suurikantokykyiset-tikkaat\/monikayttoiset-ja-muotoiltavat-teleskooppitikkaat\/lady\/\",\"name\":\"Lady - Fedemark\",\"isPartOf\":{\"@id\":\"https:\/\/fedemark.ee\/#website\"},\"primaryImageOfPage\":{\"@id\":\"https:\/\/fedemark.ee\/fi\/tuotteet\/suurikantokykyiset-tikkaat\/monikayttoiset-ja-muotoiltavat-teleskooppitikkaat\/lady\/#primaryimage\"},\"image\":{\"@id\":\"https:\/\/fedemark.ee\/fi\/tuotteet\/suurikantokykyiset-tikkaat\/monikayttoiset-ja-muotoiltavat-teleskooppitikkaat\/lady\/#primaryimage\"},\"thumbnailUrl\":\"https:\/\/fedemark.ee\/wp-content\/uploads\/2017\/05\/Lady-1-1.jpg\",\"datePublished\":\"2017-05-30T13:01:40+00:00\",\"dateModified\":\"2017-08-04T08:40:00+00:00\",\"breadcrumb\":{\"@id\":\"https:\/\/fedemark.ee\/fi\/tuotteet\/suurikantokykyiset-tikkaat\/monikayttoiset-ja-muotoiltavat-teleskooppitikkaat\/lady\/#breadcrumb\"},\"inLanguage\":\"fi-FI\",\"potentialAction\":[{\"@type\":\"ReadAction\",\"target\":[\"https:\/\/fedemark.ee\/fi\/tuotteet\/suurikantokykyiset-tikkaat\/monikayttoiset-ja-muotoiltavat-teleskooppitikkaat\/lady\/\"]}]},{\"@type\":\"ImageObject\",\"inLanguage\":\"fi-FI\",\"@id\":\"https:\/\/fedemark.ee\/fi\/tuotteet\/suurikantokykyiset-tikkaat\/monikayttoiset-ja-muotoiltavat-teleskooppitikkaat\/lady\/#primaryimage\",\"url\":\"https:\/\/fedemark.ee\/wp-content\/uploads\/2017\/05\/Lady-1-1.jpg\",\"contentUrl\":\"https:\/\/fedemark.ee\/wp-content\/uploads\/2017\/05\/Lady-1-1.jpg\",\"width\":800,\"height\":800},{\"@type\":\"BreadcrumbList\",\"@id\":\"https:\/\/fedemark.ee\/fi\/tuotteet\/suurikantokykyiset-tikkaat\/monikayttoiset-ja-muotoiltavat-teleskooppitikkaat\/lady\/#breadcrumb\",\"itemListElement\":[{\"@type\":\"ListItem\",\"position\":1,\"name\":\"Home\",\"item\":\"https:\/\/fedemark.ee\/fi\/\"},{\"@type\":\"ListItem\",\"position\":2,\"name\":\"Tuotteet\",\"item\":\"https:\/\/fedemark.ee\/fi\/tuotteet\/\"},{\"@type\":\"ListItem\",\"position\":3,\"name\":\"Lady\"}]},{\"@type\":\"WebSite\",\"@id\":\"https:\/\/fedemark.ee\/#website\",\"url\":\"https:\/\/fedemark.ee\/\",\"name\":\"Fedemark\",\"description\":\"Redelid, Tellingud, T\u00f6\u00f6platvormid ja vahekorrused\",\"potentialAction\":[{\"@type\":\"SearchAction\",\"target\":{\"@type\":\"EntryPoint\",\"urlTemplate\":\"https:\/\/fedemark.ee\/?s={search_term_string}\"},\"query-input\":\"required name=search_term_string\"}],\"inLanguage\":\"fi-FI\"}]}<\/script>\n<!-- \/ Yoast SEO plugin. -->","yoast_head_json":{"title":"Lady - Fedemark","robots":{"index":"index","follow":"follow","max-snippet":"max-snippet:-1","max-image-preview":"max-image-preview:large","max-video-preview":"max-video-preview:-1"},"canonical":"https:\/\/fedemark.ee\/fi\/tuotteet\/suurikantokykyiset-tikkaat\/monikayttoiset-ja-muotoiltavat-teleskooppitikkaat\/lady\/","og_locale":"fi_FI","og_type":"article","og_title":"Lady - Fedemark","og_description":"Reunalliset alumiinitikkaat, jolla on 13 erilaista ty\u00f6asentoa, pienikokoinen pakattuna, voidaan kuljettaa tavallisen auton tavaratilassa. Erinomainen ammatti- ja koti- k\u00e4ytt\u00f6\u00f6n.  Nopeasti asettuva automaattinen ter\u00e4ssarana toimii seuraavasti: 1. Paina turvanuppia, 2. Aseta tikkaat, 3. Nuppi vapautuu automaattisesti lukiten tikkaat haluttuun asentoon.  Tikkaita voidaan k\u00e4ytt\u00e4\u00e4 my\u00f6s telineen\u00e4.  Vakio-ominaisuudet:  Luistamattomat alumiiniaskelmat 30\u00d730 mm Kehysprofiili 63,5\u00d723,9 mm Irrotettava jalustatuki Nopeaa asennusta mahdollistavat automaattisaranat Ergonomiset kumijalat Kutistemuovipakkaus Sis\u00e4lohkon leveys 36,5 cm Askelmien v\u00e4li 30 cm Kantavuus 150 kg (telineen\u00e4 120 kg) Askelmien osien m\u00e4\u00e4r\u00e4: 3\u00d74 (askelmia yhteens\u00e4 12) Taitettuna korkeus: 0,90 m Askeltikkaiden korkeus: 1,63 m Korkeus avattuna: 3,34 m Ty\u00f6lavana korkeus: 0,88 m (kantavuus 120 kg) Paino: 11 kg","og_url":"https:\/\/fedemark.ee\/fi\/tuotteet\/suurikantokykyiset-tikkaat\/monikayttoiset-ja-muotoiltavat-teleskooppitikkaat\/lady\/","og_site_name":"Fedemark","article_modified_time":"2017-08-04T08:40:00+00:00","og_image":[{"width":800,"height":800,"url":"https:\/\/fedemark.ee\/wp-content\/uploads\/2017\/05\/Lady-1-1.jpg","type":"image\/jpeg"}],"twitter_card":"summary_large_image","schema":{"@context":"https:\/\/schema.org","@graph":[{"@type":"WebPage","@id":"https:\/\/fedemark.ee\/fi\/tuotteet\/suurikantokykyiset-tikkaat\/monikayttoiset-ja-muotoiltavat-teleskooppitikkaat\/lady\/","url":"https:\/\/fedemark.ee\/fi\/tuotteet\/suurikantokykyiset-tikkaat\/monikayttoiset-ja-muotoiltavat-teleskooppitikkaat\/lady\/","name":"Lady - Fedemark","isPartOf":{"@id":"https:\/\/fedemark.ee\/#website"},"primaryImageOfPage":{"@id":"https:\/\/fedemark.ee\/fi\/tuotteet\/suurikantokykyiset-tikkaat\/monikayttoiset-ja-muotoiltavat-teleskooppitikkaat\/lady\/#primaryimage"},"image":{"@id":"https:\/\/fedemark.ee\/fi\/tuotteet\/suurikantokykyiset-tikkaat\/monikayttoiset-ja-muotoiltavat-teleskooppitikkaat\/lady\/#primaryimage"},"thumbnailUrl":"https:\/\/fedemark.ee\/wp-content\/uploads\/2017\/05\/Lady-1-1.jpg","datePublished":"2017-05-30T13:01:40+00:00","dateModified":"2017-08-04T08:40:00+00:00","breadcrumb":{"@id":"https:\/\/fedemark.ee\/fi\/tuotteet\/suurikantokykyiset-tikkaat\/monikayttoiset-ja-muotoiltavat-teleskooppitikkaat\/lady\/#breadcrumb"},"inLanguage":"fi-FI","potentialAction":[{"@type":"ReadAction","target":["https:\/\/fedemark.ee\/fi\/tuotteet\/suurikantokykyiset-tikkaat\/monikayttoiset-ja-muotoiltavat-teleskooppitikkaat\/lady\/"]}]},{"@type":"ImageObject","inLanguage":"fi-FI","@id":"https:\/\/fedemark.ee\/fi\/tuotteet\/suurikantokykyiset-tikkaat\/monikayttoiset-ja-muotoiltavat-teleskooppitikkaat\/lady\/#primaryimage","url":"https:\/\/fedemark.ee\/wp-content\/uploads\/2017\/05\/Lady-1-1.jpg","contentUrl":"https:\/\/fedemark.ee\/wp-content\/uploads\/2017\/05\/Lady-1-1.jpg","width":800,"height":800},{"@type":"BreadcrumbList","@id":"https:\/\/fedemark.ee\/fi\/tuotteet\/suurikantokykyiset-tikkaat\/monikayttoiset-ja-muotoiltavat-teleskooppitikkaat\/lady\/#breadcrumb","itemListElement":[{"@type":"ListItem","position":1,"name":"Home","item":"https:\/\/fedemark.ee\/fi\/"},{"@type":"ListItem","position":2,"name":"Tuotteet","item":"https:\/\/fedemark.ee\/fi\/tuotteet\/"},{"@type":"ListItem","position":3,"name":"Lady"}]},{"@type":"WebSite","@id":"https:\/\/fedemark.ee\/#website","url":"https:\/\/fedemark.ee\/","name":"Fedemark","description":"Redelid, Tellingud, T\u00f6\u00f6platvormid ja vahekorrused","potentialAction":[{"@type":"SearchAction","target":{"@type":"EntryPoint","urlTemplate":"https:\/\/fedemark.ee\/?s={search_term_string}"},"query-input":"required name=search_term_string"}],"inLanguage":"fi-FI"}]}},"_links":{"self":[{"href":"https:\/\/fedemark.ee\/fi\/wp-json\/wp\/v2\/product\/7975"}],"collection":[{"href":"https:\/\/fedemark.ee\/fi\/wp-json\/wp\/v2\/product"}],"about":[{"href":"https:\/\/fedemark.ee\/fi\/wp-json\/wp\/v2\/types\/product"}],"replies":[{"embeddable":true,"href":"https:\/\/fedemark.ee\/fi\/wp-json\/wp\/v2\/comments?post=7975"}],"version-history":[{"count":0,"href":"https:\/\/fedemark.ee\/fi\/wp-json\/wp\/v2\/product\/7975\/revisions"}],"wp:featuredmedia":[{"embeddable":true,"href":"https:\/\/fedemark.ee\/fi\/wp-json\/wp\/v2\/media\/9700"}],"wp:attachment":[{"href":"https:\/\/fedemark.ee\/fi\/wp-json\/wp\/v2\/media?parent=7975"}],"wp:term":[{"taxonomy":"product_cat","embeddable":true,"href":"https:\/\/fedemark.ee\/fi\/wp-json\/wp\/v2\/product_cat?post=7975"},{"taxonomy":"product_tag","embeddable":true,"href":"https:\/\/fedemark.ee\/fi\/wp-json\/wp\/v2\/product_tag?post=7975"}],"curies":[{"name":"wp","href":"https:\/\/api.w.org\/{rel}","templated":true}]}}