{"id":7976,"date":"2017-05-30T13:12:06","date_gmt":"2017-05-30T13:12:06","guid":{"rendered":"https:\/\/sharks.ee\/fedemark\/shop\/uncategorized\/castellana\/"},"modified":"2017-08-04T08:45:26","modified_gmt":"2017-08-04T08:45:26","slug":"castellana","status":"publish","type":"product","link":"https:\/\/fedemark.ee\/fi\/tuotteet\/suurikantokykyiset-tikkaat\/liikkuvat-varastotikkaat\/castellana\/","title":{"rendered":"Castellana"},"content":{"rendered":"","protected":false},"excerpt":{"rendered":"<p><strong>Castellana<\/strong> on ammattik\u00e4ytt\u00f6\u00f6n koottava alumiinitikas alustalla, turvakaiteella ja k\u00e4sikaiteella. Tuote on valmistettu uritetusta alumiinista ja sen osat on kesken\u00e4\u00e4n hitsattu yhteen.<\/p>\n<p>Ty\u00f6lava sopii sek\u00e4 varastoihin, tuotantotiloihin, kouluihin jne. Sen leve\u00e4t askelmat, 100 cm:n turvakaiteet ja suuri alumiininen ty\u00f6skentelyalusta mahdollistavat ty\u00f6skentelyn mukavasti ja turvallisesti. Kun tikkaat on avattu k\u00e4ytt\u00f6\u00f6n, on jarruj\u00e4rjestelm\u00e4 automaattinen. Tuotteen siirt\u00e4misen kahvoista mahdollistavat kumiset jalat kahdella kumipy\u00f6r\u00e4ll\u00e4 (\u00f8 125 mm), maanpinnalla liikkumiseksi. Tuote on varustettu avautumisen- ja sulkemisen est\u00e4vill\u00e4 vivuilla, joita voi k\u00e4ytt\u00e4\u00e4 my\u00f6s kahvoina tuotteen nostamiseksi.<\/p>\n<p>Tuote on testattu ja vastaa eurooppalaista standardia EN131.<\/p>\n<p><strong>Tekniset tiedot:<\/strong><\/p>\n<p>10 cm:n levyiset askelmat on hitsattu tukevasti kiinni kehykseen<br \/>\nAskelmienv\u00e4linen et\u00e4isyys: 24 cm<br \/>\nTurvakaiteen korkeus: 100 cm<br \/>\nProfiilin mitat: 100 x 30<br \/>\njalkojen kaidekorkeus (lavalla): 15 cm<br \/>\nTy\u00f6kaluhyllyn kantokyky: 15 kg<br \/>\nKumiset jalat ja py\u00f6r\u00e4t (py\u00f6r\u00e4n \u00f8 125 mm)<br \/>\nLava uritetusta alumiinista: 53 x 67 cm<br \/>\nEtumainen sis\u00e4leveys: 60 cm<br \/>\nKantokyky 150 kg<br \/>\nTakuu: 5 vuotta<\/p>\n<p><strong>Toivomuksen mukaan<\/strong><\/p>\n<p>Erikoismitat ja rakenne<br \/>\nYhdistelm\u00e4 koostuu 4 itselukittuvasta py\u00f6r\u00e4st\u00e4<br \/>\n20 cm:n levyiset askelmat<br \/>\nTakaosa pystysuora maanpinnan suhteen (ilman EN 131:\u00e4)<br \/>\nLyhyt tuki (75 cm:n pituinen) ahtaissa tiloissa k\u00e4ytett\u00e4v\u00e4ksi<br \/>\nEi-koottavat kiinte\u00e4t tikkaat<br \/>\nTurvak\u00e4sikaide lavan sulkemiseksi 360\u00b0 (lis\u00e4maksusta)<\/p>\n<p><img loading=\"lazy\" decoding=\"async\" class=\"alignnone size-full wp-image-4152\" src=\"https:\/\/fedemark.ee\/wp-content\/uploads\/2017\/05\/castellana_tabel1.jpg\" alt=\"\" width=\"600\" height=\"277\" srcset=\"https:\/\/fedemark.ee\/wp-content\/uploads\/2017\/05\/castellana_tabel1.jpg 600w, https:\/\/fedemark.ee\/wp-content\/uploads\/2017\/05\/castellana_tabel1-300x139.jpg 300w\" sizes=\"(max-width: 600px) 100vw, 600px\" \/><\/p>\n<p><img loading=\"lazy\" decoding=\"async\" class=\"alignnone wp-image-5317\" src=\"https:\/\/fedemark.ee\/wp-content\/uploads\/2017\/06\/Ikoonid_29-1.jpg\" alt=\"\" width=\"83\" height=\"77\" \/><img loading=\"lazy\" decoding=\"async\" class=\"alignnone wp-image-5353\" src=\"https:\/\/fedemark.ee\/wp-content\/uploads\/2017\/06\/Ikoonid_50.jpg\" alt=\"\" width=\"66\" height=\"78\" \/><img loading=\"lazy\" decoding=\"async\" class=\"alignnone wp-image-5257\" src=\"https:\/\/fedemark.ee\/wp-content\/uploads\/2017\/06\/Ikoonid_03-Copy.jpg\" alt=\"\" width=\"72\" height=\"73\" srcset=\"https:\/\/fedemark.ee\/wp-content\/uploads\/2017\/06\/Ikoonid_03-Copy.jpg 132w, https:\/\/fedemark.ee\/wp-content\/uploads\/2017\/06\/Ikoonid_03-Copy-100x100.jpg 100w\" sizes=\"(max-width: 72px) 100vw, 72px\" \/><\/p>\n","protected":false},"featured_media":9541,"comment_status":"open","ping_status":"closed","template":"","meta":{"footnotes":""},"product_cat":[187,205],"product_tag":[],"yoast_head":"<!-- This site is optimized with the Yoast SEO plugin v22.6 - https:\/\/yoast.com\/wordpress\/plugins\/seo\/ -->\n<title>Castellana - Fedemark<\/title>\n<meta name=\"robots\" content=\"index, follow, max-snippet:-1, max-image-preview:large, max-video-preview:-1\" \/>\n<link rel=\"canonical\" href=\"https:\/\/fedemark.ee\/fi\/tuotteet\/suurikantokykyiset-tikkaat\/liikkuvat-varastotikkaat\/castellana\/\" \/>\n<meta property=\"og:locale\" content=\"fi_FI\" \/>\n<meta property=\"og:type\" content=\"article\" \/>\n<meta property=\"og:title\" content=\"Castellana - Fedemark\" \/>\n<meta property=\"og:description\" content=\"Castellana on ammattik\u00e4ytt\u00f6\u00f6n koottava alumiinitikas alustalla, turvakaiteella ja k\u00e4sikaiteella. Tuote on valmistettu uritetusta alumiinista ja sen osat on kesken\u00e4\u00e4n hitsattu yhteen.  Ty\u00f6lava sopii sek\u00e4 varastoihin, tuotantotiloihin, kouluihin jne. Sen leve\u00e4t askelmat, 100 cm:n turvakaiteet ja suuri alumiininen ty\u00f6skentelyalusta mahdollistavat ty\u00f6skentelyn mukavasti ja turvallisesti. Kun tikkaat on avattu k\u00e4ytt\u00f6\u00f6n, on jarruj\u00e4rjestelm\u00e4 automaattinen. Tuotteen siirt\u00e4misen kahvoista mahdollistavat kumiset jalat kahdella kumipy\u00f6r\u00e4ll\u00e4 (\u00f8 125 mm), maanpinnalla liikkumiseksi. Tuote on varustettu avautumisen- ja sulkemisen est\u00e4vill\u00e4 vivuilla, joita voi k\u00e4ytt\u00e4\u00e4 my\u00f6s kahvoina tuotteen nostamiseksi.  Tuote on testattu ja vastaa eurooppalaista standardia EN131.  Tekniset tiedot:  10 cm:n levyiset askelmat on hitsattu tukevasti kiinni kehykseen Askelmienv\u00e4linen et\u00e4isyys: 24 cm Turvakaiteen korkeus: 100 cm Profiilin mitat: 100 x 30 jalkojen kaidekorkeus (lavalla): 15 cm Ty\u00f6kaluhyllyn kantokyky: 15 kg Kumiset jalat ja py\u00f6r\u00e4t (py\u00f6r\u00e4n \u00f8 125 mm) Lava uritetusta alumiinista: 53 x 67 cm Etumainen sis\u00e4leveys: 60 cm Kantokyky 150 kg Takuu: 5 vuotta  Toivomuksen mukaan  Erikoismitat ja rakenne Yhdistelm\u00e4 koostuu 4 itselukittuvasta py\u00f6r\u00e4st\u00e4 20 cm:n levyiset askelmat Takaosa pystysuora maanpinnan suhteen (ilman EN 131:\u00e4) Lyhyt tuki (75 cm:n pituinen) ahtaissa tiloissa k\u00e4ytett\u00e4v\u00e4ksi Ei-koottavat kiinte\u00e4t tikkaat Turvak\u00e4sikaide lavan sulkemiseksi 360\u00b0 (lis\u00e4maksusta)\" \/>\n<meta property=\"og:url\" content=\"https:\/\/fedemark.ee\/fi\/tuotteet\/suurikantokykyiset-tikkaat\/liikkuvat-varastotikkaat\/castellana\/\" \/>\n<meta property=\"og:site_name\" content=\"Fedemark\" \/>\n<meta property=\"article:modified_time\" content=\"2017-08-04T08:45:26+00:00\" \/>\n<meta property=\"og:image\" content=\"https:\/\/fedemark.ee\/wp-content\/uploads\/2017\/05\/Castellana-1-1.jpg\" \/>\n\t<meta property=\"og:image:width\" content=\"800\" \/>\n\t<meta property=\"og:image:height\" content=\"800\" \/>\n\t<meta property=\"og:image:type\" content=\"image\/jpeg\" \/>\n<meta name=\"twitter:card\" content=\"summary_large_image\" \/>\n<script type=\"application\/ld+json\" class=\"yoast-schema-graph\">{\"@context\":\"https:\/\/schema.org\",\"@graph\":[{\"@type\":\"WebPage\",\"@id\":\"https:\/\/fedemark.ee\/fi\/tuotteet\/suurikantokykyiset-tikkaat\/liikkuvat-varastotikkaat\/castellana\/\",\"url\":\"https:\/\/fedemark.ee\/fi\/tuotteet\/suurikantokykyiset-tikkaat\/liikkuvat-varastotikkaat\/castellana\/\",\"name\":\"Castellana - Fedemark\",\"isPartOf\":{\"@id\":\"https:\/\/fedemark.ee\/#website\"},\"primaryImageOfPage\":{\"@id\":\"https:\/\/fedemark.ee\/fi\/tuotteet\/suurikantokykyiset-tikkaat\/liikkuvat-varastotikkaat\/castellana\/#primaryimage\"},\"image\":{\"@id\":\"https:\/\/fedemark.ee\/fi\/tuotteet\/suurikantokykyiset-tikkaat\/liikkuvat-varastotikkaat\/castellana\/#primaryimage\"},\"thumbnailUrl\":\"https:\/\/fedemark.ee\/wp-content\/uploads\/2017\/05\/Castellana-1-1.jpg\",\"datePublished\":\"2017-05-30T13:12:06+00:00\",\"dateModified\":\"2017-08-04T08:45:26+00:00\",\"breadcrumb\":{\"@id\":\"https:\/\/fedemark.ee\/fi\/tuotteet\/suurikantokykyiset-tikkaat\/liikkuvat-varastotikkaat\/castellana\/#breadcrumb\"},\"inLanguage\":\"fi-FI\",\"potentialAction\":[{\"@type\":\"ReadAction\",\"target\":[\"https:\/\/fedemark.ee\/fi\/tuotteet\/suurikantokykyiset-tikkaat\/liikkuvat-varastotikkaat\/castellana\/\"]}]},{\"@type\":\"ImageObject\",\"inLanguage\":\"fi-FI\",\"@id\":\"https:\/\/fedemark.ee\/fi\/tuotteet\/suurikantokykyiset-tikkaat\/liikkuvat-varastotikkaat\/castellana\/#primaryimage\",\"url\":\"https:\/\/fedemark.ee\/wp-content\/uploads\/2017\/05\/Castellana-1-1.jpg\",\"contentUrl\":\"https:\/\/fedemark.ee\/wp-content\/uploads\/2017\/05\/Castellana-1-1.jpg\",\"width\":800,\"height\":800},{\"@type\":\"BreadcrumbList\",\"@id\":\"https:\/\/fedemark.ee\/fi\/tuotteet\/suurikantokykyiset-tikkaat\/liikkuvat-varastotikkaat\/castellana\/#breadcrumb\",\"itemListElement\":[{\"@type\":\"ListItem\",\"position\":1,\"name\":\"Home\",\"item\":\"https:\/\/fedemark.ee\/fi\/\"},{\"@type\":\"ListItem\",\"position\":2,\"name\":\"Tuotteet\",\"item\":\"https:\/\/fedemark.ee\/fi\/tuotteet\/\"},{\"@type\":\"ListItem\",\"position\":3,\"name\":\"Castellana\"}]},{\"@type\":\"WebSite\",\"@id\":\"https:\/\/fedemark.ee\/#website\",\"url\":\"https:\/\/fedemark.ee\/\",\"name\":\"Fedemark\",\"description\":\"Redelid, Tellingud, T\u00f6\u00f6platvormid ja vahekorrused\",\"potentialAction\":[{\"@type\":\"SearchAction\",\"target\":{\"@type\":\"EntryPoint\",\"urlTemplate\":\"https:\/\/fedemark.ee\/?s={search_term_string}\"},\"query-input\":\"required name=search_term_string\"}],\"inLanguage\":\"fi-FI\"}]}<\/script>\n<!-- \/ Yoast SEO plugin. -->","yoast_head_json":{"title":"Castellana - Fedemark","robots":{"index":"index","follow":"follow","max-snippet":"max-snippet:-1","max-image-preview":"max-image-preview:large","max-video-preview":"max-video-preview:-1"},"canonical":"https:\/\/fedemark.ee\/fi\/tuotteet\/suurikantokykyiset-tikkaat\/liikkuvat-varastotikkaat\/castellana\/","og_locale":"fi_FI","og_type":"article","og_title":"Castellana - Fedemark","og_description":"Castellana on ammattik\u00e4ytt\u00f6\u00f6n koottava alumiinitikas alustalla, turvakaiteella ja k\u00e4sikaiteella. Tuote on valmistettu uritetusta alumiinista ja sen osat on kesken\u00e4\u00e4n hitsattu yhteen.  Ty\u00f6lava sopii sek\u00e4 varastoihin, tuotantotiloihin, kouluihin jne. Sen leve\u00e4t askelmat, 100 cm:n turvakaiteet ja suuri alumiininen ty\u00f6skentelyalusta mahdollistavat ty\u00f6skentelyn mukavasti ja turvallisesti. Kun tikkaat on avattu k\u00e4ytt\u00f6\u00f6n, on jarruj\u00e4rjestelm\u00e4 automaattinen. Tuotteen siirt\u00e4misen kahvoista mahdollistavat kumiset jalat kahdella kumipy\u00f6r\u00e4ll\u00e4 (\u00f8 125 mm), maanpinnalla liikkumiseksi. Tuote on varustettu avautumisen- ja sulkemisen est\u00e4vill\u00e4 vivuilla, joita voi k\u00e4ytt\u00e4\u00e4 my\u00f6s kahvoina tuotteen nostamiseksi.  Tuote on testattu ja vastaa eurooppalaista standardia EN131.  Tekniset tiedot:  10 cm:n levyiset askelmat on hitsattu tukevasti kiinni kehykseen Askelmienv\u00e4linen et\u00e4isyys: 24 cm Turvakaiteen korkeus: 100 cm Profiilin mitat: 100 x 30 jalkojen kaidekorkeus (lavalla): 15 cm Ty\u00f6kaluhyllyn kantokyky: 15 kg Kumiset jalat ja py\u00f6r\u00e4t (py\u00f6r\u00e4n \u00f8 125 mm) Lava uritetusta alumiinista: 53 x 67 cm Etumainen sis\u00e4leveys: 60 cm Kantokyky 150 kg Takuu: 5 vuotta  Toivomuksen mukaan  Erikoismitat ja rakenne Yhdistelm\u00e4 koostuu 4 itselukittuvasta py\u00f6r\u00e4st\u00e4 20 cm:n levyiset askelmat Takaosa pystysuora maanpinnan suhteen (ilman EN 131:\u00e4) Lyhyt tuki (75 cm:n pituinen) ahtaissa tiloissa k\u00e4ytett\u00e4v\u00e4ksi Ei-koottavat kiinte\u00e4t tikkaat Turvak\u00e4sikaide lavan sulkemiseksi 360\u00b0 (lis\u00e4maksusta)","og_url":"https:\/\/fedemark.ee\/fi\/tuotteet\/suurikantokykyiset-tikkaat\/liikkuvat-varastotikkaat\/castellana\/","og_site_name":"Fedemark","article_modified_time":"2017-08-04T08:45:26+00:00","og_image":[{"width":800,"height":800,"url":"https:\/\/fedemark.ee\/wp-content\/uploads\/2017\/05\/Castellana-1-1.jpg","type":"image\/jpeg"}],"twitter_card":"summary_large_image","schema":{"@context":"https:\/\/schema.org","@graph":[{"@type":"WebPage","@id":"https:\/\/fedemark.ee\/fi\/tuotteet\/suurikantokykyiset-tikkaat\/liikkuvat-varastotikkaat\/castellana\/","url":"https:\/\/fedemark.ee\/fi\/tuotteet\/suurikantokykyiset-tikkaat\/liikkuvat-varastotikkaat\/castellana\/","name":"Castellana - Fedemark","isPartOf":{"@id":"https:\/\/fedemark.ee\/#website"},"primaryImageOfPage":{"@id":"https:\/\/fedemark.ee\/fi\/tuotteet\/suurikantokykyiset-tikkaat\/liikkuvat-varastotikkaat\/castellana\/#primaryimage"},"image":{"@id":"https:\/\/fedemark.ee\/fi\/tuotteet\/suurikantokykyiset-tikkaat\/liikkuvat-varastotikkaat\/castellana\/#primaryimage"},"thumbnailUrl":"https:\/\/fedemark.ee\/wp-content\/uploads\/2017\/05\/Castellana-1-1.jpg","datePublished":"2017-05-30T13:12:06+00:00","dateModified":"2017-08-04T08:45:26+00:00","breadcrumb":{"@id":"https:\/\/fedemark.ee\/fi\/tuotteet\/suurikantokykyiset-tikkaat\/liikkuvat-varastotikkaat\/castellana\/#breadcrumb"},"inLanguage":"fi-FI","potentialAction":[{"@type":"ReadAction","target":["https:\/\/fedemark.ee\/fi\/tuotteet\/suurikantokykyiset-tikkaat\/liikkuvat-varastotikkaat\/castellana\/"]}]},{"@type":"ImageObject","inLanguage":"fi-FI","@id":"https:\/\/fedemark.ee\/fi\/tuotteet\/suurikantokykyiset-tikkaat\/liikkuvat-varastotikkaat\/castellana\/#primaryimage","url":"https:\/\/fedemark.ee\/wp-content\/uploads\/2017\/05\/Castellana-1-1.jpg","contentUrl":"https:\/\/fedemark.ee\/wp-content\/uploads\/2017\/05\/Castellana-1-1.jpg","width":800,"height":800},{"@type":"BreadcrumbList","@id":"https:\/\/fedemark.ee\/fi\/tuotteet\/suurikantokykyiset-tikkaat\/liikkuvat-varastotikkaat\/castellana\/#breadcrumb","itemListElement":[{"@type":"ListItem","position":1,"name":"Home","item":"https:\/\/fedemark.ee\/fi\/"},{"@type":"ListItem","position":2,"name":"Tuotteet","item":"https:\/\/fedemark.ee\/fi\/tuotteet\/"},{"@type":"ListItem","position":3,"name":"Castellana"}]},{"@type":"WebSite","@id":"https:\/\/fedemark.ee\/#website","url":"https:\/\/fedemark.ee\/","name":"Fedemark","description":"Redelid, Tellingud, T\u00f6\u00f6platvormid ja vahekorrused","potentialAction":[{"@type":"SearchAction","target":{"@type":"EntryPoint","urlTemplate":"https:\/\/fedemark.ee\/?s={search_term_string}"},"query-input":"required name=search_term_string"}],"inLanguage":"fi-FI"}]}},"_links":{"self":[{"href":"https:\/\/fedemark.ee\/fi\/wp-json\/wp\/v2\/product\/7976"}],"collection":[{"href":"https:\/\/fedemark.ee\/fi\/wp-json\/wp\/v2\/product"}],"about":[{"href":"https:\/\/fedemark.ee\/fi\/wp-json\/wp\/v2\/types\/product"}],"replies":[{"embeddable":true,"href":"https:\/\/fedemark.ee\/fi\/wp-json\/wp\/v2\/comments?post=7976"}],"version-history":[{"count":0,"href":"https:\/\/fedemark.ee\/fi\/wp-json\/wp\/v2\/product\/7976\/revisions"}],"wp:featuredmedia":[{"embeddable":true,"href":"https:\/\/fedemark.ee\/fi\/wp-json\/wp\/v2\/media\/9541"}],"wp:attachment":[{"href":"https:\/\/fedemark.ee\/fi\/wp-json\/wp\/v2\/media?parent=7976"}],"wp:term":[{"taxonomy":"product_cat","embeddable":true,"href":"https:\/\/fedemark.ee\/fi\/wp-json\/wp\/v2\/product_cat?post=7976"},{"taxonomy":"product_tag","embeddable":true,"href":"https:\/\/fedemark.ee\/fi\/wp-json\/wp\/v2\/product_tag?post=7976"}],"curies":[{"name":"wp","href":"https:\/\/api.w.org\/{rel}","templated":true}]}}