{"id":7986,"date":"2017-06-14T19:04:30","date_gmt":"2017-06-14T19:04:30","guid":{"rendered":"https:\/\/sharks.ee\/fedemark\/shop\/uncategorized\/vintsredel\/"},"modified":"2017-08-04T08:47:32","modified_gmt":"2017-08-04T08:47:32","slug":"vinssitikas","status":"publish","type":"product","link":"https:\/\/fedemark.ee\/fi\/tuotteet\/suurikantokykyiset-tikkaat\/teleskooppitikkaat\/vinssitikas\/","title":{"rendered":"Vinssitikas"},"content":{"rendered":"","protected":false},"excerpt":{"rendered":"<p><em>3-osainen tikas, joka nousee vinssill\u00e4<\/em><\/p>\n<p>Alumiininen.<br \/>\nT\u00e4m\u00e4n tikkaan avaamisen ja sulkemisen helpottamiseen k\u00e4ytet\u00e4\u00e4n vinssi\u00e4.<\/p>\n<p>T\u00e4t\u00e4 ei voi taivuttaa kuin A-kehystikasta.<\/p>\n<p>TEKNISET OMINAISUUDET<br \/>\n\u2022\u00a0 Puolat: 14\u221218<br \/>\n\u2022\u00a0 Yleiset korkeudet: 10,45\u221213,60 m<br \/>\n\u2022\u00a0 Puolan et\u00e4isyys: 30 cm<br \/>\n\u2022\u00a0 Kantavuus: 150 kg<br \/>\n\u2022\u00a0 Py\u00f6r\u00e4t viimeisess\u00e4 osassa<br \/>\n\u2022\u00a0 Kumiset Rocker-jalat<br \/>\n\u2022\u00a0 Vinssi ja ter\u00e4svaijeri<br \/>\n\u2022\u00a0 Tarrat ja k\u00e4ytt\u00f6ohje<\/p>\n","protected":false},"featured_media":8945,"comment_status":"open","ping_status":"closed","template":"","meta":{"footnotes":""},"product_cat":[205,172],"product_tag":[],"yoast_head":"<!-- This site is optimized with the Yoast SEO plugin v22.6 - https:\/\/yoast.com\/wordpress\/plugins\/seo\/ -->\n<title>Vinssitikas - Fedemark<\/title>\n<meta name=\"robots\" content=\"index, follow, max-snippet:-1, max-image-preview:large, max-video-preview:-1\" \/>\n<link rel=\"canonical\" href=\"https:\/\/fedemark.ee\/fi\/tuotteet\/suurikantokykyiset-tikkaat\/teleskooppitikkaat\/vinssitikas\/\" \/>\n<meta property=\"og:locale\" content=\"fi_FI\" \/>\n<meta property=\"og:type\" content=\"article\" \/>\n<meta property=\"og:title\" content=\"Vinssitikas - Fedemark\" \/>\n<meta property=\"og:description\" content=\"3-osainen tikas, joka nousee vinssill\u00e4  Alumiininen. T\u00e4m\u00e4n tikkaan avaamisen ja sulkemisen helpottamiseen k\u00e4ytet\u00e4\u00e4n vinssi\u00e4.  T\u00e4t\u00e4 ei voi taivuttaa kuin A-kehystikasta.  TEKNISET OMINAISUUDET \u2022\u00a0 Puolat: 14\u221218 \u2022\u00a0 Yleiset korkeudet: 10,45\u221213,60 m \u2022\u00a0 Puolan et\u00e4isyys: 30 cm \u2022\u00a0 Kantavuus: 150 kg \u2022\u00a0 Py\u00f6r\u00e4t viimeisess\u00e4 osassa \u2022\u00a0 Kumiset Rocker-jalat \u2022\u00a0 Vinssi ja ter\u00e4svaijeri \u2022\u00a0 Tarrat ja k\u00e4ytt\u00f6ohje\" \/>\n<meta property=\"og:url\" content=\"https:\/\/fedemark.ee\/fi\/tuotteet\/suurikantokykyiset-tikkaat\/teleskooppitikkaat\/vinssitikas\/\" \/>\n<meta property=\"og:site_name\" content=\"Fedemark\" \/>\n<meta property=\"article:modified_time\" content=\"2017-08-04T08:47:32+00:00\" \/>\n<meta property=\"og:image\" content=\"https:\/\/fedemark.ee\/wp-content\/uploads\/2017\/06\/Vintsredel-1.jpg\" \/>\n\t<meta property=\"og:image:width\" content=\"800\" \/>\n\t<meta property=\"og:image:height\" content=\"800\" \/>\n\t<meta property=\"og:image:type\" content=\"image\/jpeg\" \/>\n<meta name=\"twitter:card\" content=\"summary_large_image\" \/>\n<script type=\"application\/ld+json\" class=\"yoast-schema-graph\">{\"@context\":\"https:\/\/schema.org\",\"@graph\":[{\"@type\":\"WebPage\",\"@id\":\"https:\/\/fedemark.ee\/fi\/tuotteet\/suurikantokykyiset-tikkaat\/teleskooppitikkaat\/vinssitikas\/\",\"url\":\"https:\/\/fedemark.ee\/fi\/tuotteet\/suurikantokykyiset-tikkaat\/teleskooppitikkaat\/vinssitikas\/\",\"name\":\"Vinssitikas - Fedemark\",\"isPartOf\":{\"@id\":\"https:\/\/fedemark.ee\/#website\"},\"primaryImageOfPage\":{\"@id\":\"https:\/\/fedemark.ee\/fi\/tuotteet\/suurikantokykyiset-tikkaat\/teleskooppitikkaat\/vinssitikas\/#primaryimage\"},\"image\":{\"@id\":\"https:\/\/fedemark.ee\/fi\/tuotteet\/suurikantokykyiset-tikkaat\/teleskooppitikkaat\/vinssitikas\/#primaryimage\"},\"thumbnailUrl\":\"https:\/\/fedemark.ee\/wp-content\/uploads\/2017\/06\/Vintsredel-1.jpg\",\"datePublished\":\"2017-06-14T19:04:30+00:00\",\"dateModified\":\"2017-08-04T08:47:32+00:00\",\"breadcrumb\":{\"@id\":\"https:\/\/fedemark.ee\/fi\/tuotteet\/suurikantokykyiset-tikkaat\/teleskooppitikkaat\/vinssitikas\/#breadcrumb\"},\"inLanguage\":\"fi-FI\",\"potentialAction\":[{\"@type\":\"ReadAction\",\"target\":[\"https:\/\/fedemark.ee\/fi\/tuotteet\/suurikantokykyiset-tikkaat\/teleskooppitikkaat\/vinssitikas\/\"]}]},{\"@type\":\"ImageObject\",\"inLanguage\":\"fi-FI\",\"@id\":\"https:\/\/fedemark.ee\/fi\/tuotteet\/suurikantokykyiset-tikkaat\/teleskooppitikkaat\/vinssitikas\/#primaryimage\",\"url\":\"https:\/\/fedemark.ee\/wp-content\/uploads\/2017\/06\/Vintsredel-1.jpg\",\"contentUrl\":\"https:\/\/fedemark.ee\/wp-content\/uploads\/2017\/06\/Vintsredel-1.jpg\",\"width\":800,\"height\":800},{\"@type\":\"BreadcrumbList\",\"@id\":\"https:\/\/fedemark.ee\/fi\/tuotteet\/suurikantokykyiset-tikkaat\/teleskooppitikkaat\/vinssitikas\/#breadcrumb\",\"itemListElement\":[{\"@type\":\"ListItem\",\"position\":1,\"name\":\"Home\",\"item\":\"https:\/\/fedemark.ee\/fi\/\"},{\"@type\":\"ListItem\",\"position\":2,\"name\":\"Tuotteet\",\"item\":\"https:\/\/fedemark.ee\/fi\/tuotteet\/\"},{\"@type\":\"ListItem\",\"position\":3,\"name\":\"Vinssitikas\"}]},{\"@type\":\"WebSite\",\"@id\":\"https:\/\/fedemark.ee\/#website\",\"url\":\"https:\/\/fedemark.ee\/\",\"name\":\"Fedemark\",\"description\":\"Redelid, Tellingud, T\u00f6\u00f6platvormid ja vahekorrused\",\"potentialAction\":[{\"@type\":\"SearchAction\",\"target\":{\"@type\":\"EntryPoint\",\"urlTemplate\":\"https:\/\/fedemark.ee\/?s={search_term_string}\"},\"query-input\":\"required name=search_term_string\"}],\"inLanguage\":\"fi-FI\"}]}<\/script>\n<!-- \/ Yoast SEO plugin. -->","yoast_head_json":{"title":"Vinssitikas - Fedemark","robots":{"index":"index","follow":"follow","max-snippet":"max-snippet:-1","max-image-preview":"max-image-preview:large","max-video-preview":"max-video-preview:-1"},"canonical":"https:\/\/fedemark.ee\/fi\/tuotteet\/suurikantokykyiset-tikkaat\/teleskooppitikkaat\/vinssitikas\/","og_locale":"fi_FI","og_type":"article","og_title":"Vinssitikas - Fedemark","og_description":"3-osainen tikas, joka nousee vinssill\u00e4  Alumiininen. T\u00e4m\u00e4n tikkaan avaamisen ja sulkemisen helpottamiseen k\u00e4ytet\u00e4\u00e4n vinssi\u00e4.  T\u00e4t\u00e4 ei voi taivuttaa kuin A-kehystikasta.  TEKNISET OMINAISUUDET \u2022\u00a0 Puolat: 14\u221218 \u2022\u00a0 Yleiset korkeudet: 10,45\u221213,60 m \u2022\u00a0 Puolan et\u00e4isyys: 30 cm \u2022\u00a0 Kantavuus: 150 kg \u2022\u00a0 Py\u00f6r\u00e4t viimeisess\u00e4 osassa \u2022\u00a0 Kumiset Rocker-jalat \u2022\u00a0 Vinssi ja ter\u00e4svaijeri \u2022\u00a0 Tarrat ja k\u00e4ytt\u00f6ohje","og_url":"https:\/\/fedemark.ee\/fi\/tuotteet\/suurikantokykyiset-tikkaat\/teleskooppitikkaat\/vinssitikas\/","og_site_name":"Fedemark","article_modified_time":"2017-08-04T08:47:32+00:00","og_image":[{"width":800,"height":800,"url":"https:\/\/fedemark.ee\/wp-content\/uploads\/2017\/06\/Vintsredel-1.jpg","type":"image\/jpeg"}],"twitter_card":"summary_large_image","schema":{"@context":"https:\/\/schema.org","@graph":[{"@type":"WebPage","@id":"https:\/\/fedemark.ee\/fi\/tuotteet\/suurikantokykyiset-tikkaat\/teleskooppitikkaat\/vinssitikas\/","url":"https:\/\/fedemark.ee\/fi\/tuotteet\/suurikantokykyiset-tikkaat\/teleskooppitikkaat\/vinssitikas\/","name":"Vinssitikas - Fedemark","isPartOf":{"@id":"https:\/\/fedemark.ee\/#website"},"primaryImageOfPage":{"@id":"https:\/\/fedemark.ee\/fi\/tuotteet\/suurikantokykyiset-tikkaat\/teleskooppitikkaat\/vinssitikas\/#primaryimage"},"image":{"@id":"https:\/\/fedemark.ee\/fi\/tuotteet\/suurikantokykyiset-tikkaat\/teleskooppitikkaat\/vinssitikas\/#primaryimage"},"thumbnailUrl":"https:\/\/fedemark.ee\/wp-content\/uploads\/2017\/06\/Vintsredel-1.jpg","datePublished":"2017-06-14T19:04:30+00:00","dateModified":"2017-08-04T08:47:32+00:00","breadcrumb":{"@id":"https:\/\/fedemark.ee\/fi\/tuotteet\/suurikantokykyiset-tikkaat\/teleskooppitikkaat\/vinssitikas\/#breadcrumb"},"inLanguage":"fi-FI","potentialAction":[{"@type":"ReadAction","target":["https:\/\/fedemark.ee\/fi\/tuotteet\/suurikantokykyiset-tikkaat\/teleskooppitikkaat\/vinssitikas\/"]}]},{"@type":"ImageObject","inLanguage":"fi-FI","@id":"https:\/\/fedemark.ee\/fi\/tuotteet\/suurikantokykyiset-tikkaat\/teleskooppitikkaat\/vinssitikas\/#primaryimage","url":"https:\/\/fedemark.ee\/wp-content\/uploads\/2017\/06\/Vintsredel-1.jpg","contentUrl":"https:\/\/fedemark.ee\/wp-content\/uploads\/2017\/06\/Vintsredel-1.jpg","width":800,"height":800},{"@type":"BreadcrumbList","@id":"https:\/\/fedemark.ee\/fi\/tuotteet\/suurikantokykyiset-tikkaat\/teleskooppitikkaat\/vinssitikas\/#breadcrumb","itemListElement":[{"@type":"ListItem","position":1,"name":"Home","item":"https:\/\/fedemark.ee\/fi\/"},{"@type":"ListItem","position":2,"name":"Tuotteet","item":"https:\/\/fedemark.ee\/fi\/tuotteet\/"},{"@type":"ListItem","position":3,"name":"Vinssitikas"}]},{"@type":"WebSite","@id":"https:\/\/fedemark.ee\/#website","url":"https:\/\/fedemark.ee\/","name":"Fedemark","description":"Redelid, Tellingud, T\u00f6\u00f6platvormid ja vahekorrused","potentialAction":[{"@type":"SearchAction","target":{"@type":"EntryPoint","urlTemplate":"https:\/\/fedemark.ee\/?s={search_term_string}"},"query-input":"required name=search_term_string"}],"inLanguage":"fi-FI"}]}},"_links":{"self":[{"href":"https:\/\/fedemark.ee\/fi\/wp-json\/wp\/v2\/product\/7986"}],"collection":[{"href":"https:\/\/fedemark.ee\/fi\/wp-json\/wp\/v2\/product"}],"about":[{"href":"https:\/\/fedemark.ee\/fi\/wp-json\/wp\/v2\/types\/product"}],"replies":[{"embeddable":true,"href":"https:\/\/fedemark.ee\/fi\/wp-json\/wp\/v2\/comments?post=7986"}],"version-history":[{"count":0,"href":"https:\/\/fedemark.ee\/fi\/wp-json\/wp\/v2\/product\/7986\/revisions"}],"wp:featuredmedia":[{"embeddable":true,"href":"https:\/\/fedemark.ee\/fi\/wp-json\/wp\/v2\/media\/8945"}],"wp:attachment":[{"href":"https:\/\/fedemark.ee\/fi\/wp-json\/wp\/v2\/media?parent=7986"}],"wp:term":[{"taxonomy":"product_cat","embeddable":true,"href":"https:\/\/fedemark.ee\/fi\/wp-json\/wp\/v2\/product_cat?post=7986"},{"taxonomy":"product_tag","embeddable":true,"href":"https:\/\/fedemark.ee\/fi\/wp-json\/wp\/v2\/product_tag?post=7986"}],"curies":[{"name":"wp","href":"https:\/\/api.w.org\/{rel}","templated":true}]}}