{"id":7987,"date":"2017-06-15T12:16:34","date_gmt":"2017-06-15T12:16:34","guid":{"rendered":"https:\/\/sharks.ee\/fedemark\/shop\/uncategorized\/scalissima\/"},"modified":"2017-08-04T08:49:18","modified_gmt":"2017-08-04T08:49:18","slug":"scalissima","status":"publish","type":"product","link":"https:\/\/fedemark.ee\/fi\/tuotteet\/suurikantokykyiset-tikkaat\/monikayttoiset-ja-muotoiltavat-teleskooppitikkaat\/scalissima\/","title":{"rendered":"Scalissima"},"content":{"rendered":"","protected":false},"excerpt":{"rendered":"<p><strong>Scalissima<\/strong> on alumiini-teleskooppitikkaat ammattik\u00e4ytt\u00f6\u00f6n.<\/p>\n<p>Valmistettu laadukkaasta alumiiniprofiilista, ammattik\u00e4ytt\u00f6\u00f6n. Scalissima on tukeva, mutta kevyt; profiilit ja nivelet takaavat parhaan k\u00e4ytt\u00f6mukavuuden. Leve\u00e4 alusprofiili kest\u00e4vien kumisten jalkojen ohella antaa tukevuuden ja vakavuuden kaikenlaisessa k\u00e4yt\u00f6ss\u00e4. Kumiset jalat takaavat turvallisen pidon maassa.<\/p>\n<p>Mitat: 6+6, 7+7, 8+8 askelmaa on testattu ja ne vastaavat eurooppalaista standardia EN131.<\/p>\n<p><strong>Ominaisuudet:<\/strong><\/p>\n<p>Laadukkaat metalliset kiinnityskoukut on pinnoitettu tukevalla ja kest\u00e4v\u00e4ll\u00e4 nailonilla<\/p>\n<p>Tukevat alumiiniset nivelet on nopeat kiinnitt\u00e4\u00e4<\/p>\n<p>Tukeva alumiinikoukku (niveli\u00e4 varten)<\/p>\n<p>Koottuna mahtuu helposti auton tavaratilaan<\/p>\n<p>Turvalliset ergonomiset kumiset jalat, turvalliseksi ja varmaksi sijoittamiseksi maanpintaan<\/p>\n<p><strong>Tekniset tiedot:<\/strong><\/p>\n<p>Askelmienv\u00e4linen et\u00e4isyys: 28 cm<\/p>\n<p>Askelman mitat: 27 x 27 mm<\/p>\n<p>Sisempi profiili: 57 x 27 mm<\/p>\n<p>Ulompi profiili: 65 x 30 mm<\/p>\n<p>Kantokyky: 150 kg<\/p>\n<p><a class=\"group1 cboxElement\" href=\"http:\/\/www.fedemark.ee\/wp-content\/uploads\/2014\/08\/scalissima_tabel1.jpg\"><img loading=\"lazy\" decoding=\"async\" class=\"alignnone wp-image-640 size-full\" src=\"http:\/\/www.fedemark.ee\/wp-content\/uploads\/2014\/08\/scalissima_tabel1.jpg\" alt=\"scalissima_tabel\" width=\"600\" height=\"233\" \/><\/a><\/p>\n<p><img loading=\"lazy\" decoding=\"async\" class=\"alignnone wp-image-5253\" src=\"https:\/\/fedemark.ee\/wp-content\/uploads\/2017\/06\/Ikoonid_29.jpg\" alt=\"\" width=\"64\" height=\"60\" \/><img loading=\"lazy\" decoding=\"async\" class=\"alignnone wp-image-5257\" src=\"https:\/\/fedemark.ee\/wp-content\/uploads\/2017\/06\/Ikoonid_03-Copy.jpg\" alt=\"\" width=\"58\" height=\"59\" srcset=\"https:\/\/fedemark.ee\/wp-content\/uploads\/2017\/06\/Ikoonid_03-Copy.jpg 132w, https:\/\/fedemark.ee\/wp-content\/uploads\/2017\/06\/Ikoonid_03-Copy-100x100.jpg 100w\" sizes=\"(max-width: 58px) 100vw, 58px\" \/><img loading=\"lazy\" decoding=\"async\" class=\"alignnone wp-image-5329\" src=\"https:\/\/fedemark.ee\/wp-content\/uploads\/2017\/06\/Ikoonid_37-Copy.jpg\" alt=\"\" width=\"127\" height=\"57\" \/><img loading=\"lazy\" decoding=\"async\" class=\"alignnone wp-image-5353\" src=\"https:\/\/fedemark.ee\/wp-content\/uploads\/2017\/06\/Ikoonid_50.jpg\" alt=\"\" width=\"52\" height=\"61\" \/><img loading=\"lazy\" decoding=\"async\" class=\"alignnone wp-image-5337\" src=\"https:\/\/fedemark.ee\/wp-content\/uploads\/2017\/06\/Ikoonid_38-Copy.jpg\" alt=\"\" width=\"71\" height=\"68\" \/><\/p>\n","protected":false},"featured_media":5083,"comment_status":"open","ping_status":"closed","template":"","meta":{"footnotes":""},"product_cat":[178,205],"product_tag":[],"yoast_head":"<!-- This site is optimized with the Yoast SEO plugin v22.6 - https:\/\/yoast.com\/wordpress\/plugins\/seo\/ -->\n<title>Scalissima - Fedemark<\/title>\n<meta name=\"robots\" content=\"index, follow, max-snippet:-1, max-image-preview:large, max-video-preview:-1\" \/>\n<link rel=\"canonical\" href=\"https:\/\/fedemark.ee\/fi\/tuotteet\/suurikantokykyiset-tikkaat\/monikayttoiset-ja-muotoiltavat-teleskooppitikkaat\/scalissima\/\" \/>\n<meta property=\"og:locale\" content=\"fi_FI\" \/>\n<meta property=\"og:type\" content=\"article\" \/>\n<meta property=\"og:title\" content=\"Scalissima - Fedemark\" \/>\n<meta property=\"og:description\" content=\"Scalissima on alumiini-teleskooppitikkaat ammattik\u00e4ytt\u00f6\u00f6n.  Valmistettu laadukkaasta alumiiniprofiilista, ammattik\u00e4ytt\u00f6\u00f6n. Scalissima on tukeva, mutta kevyt; profiilit ja nivelet takaavat parhaan k\u00e4ytt\u00f6mukavuuden. Leve\u00e4 alusprofiili kest\u00e4vien kumisten jalkojen ohella antaa tukevuuden ja vakavuuden kaikenlaisessa k\u00e4yt\u00f6ss\u00e4. Kumiset jalat takaavat turvallisen pidon maassa.  Mitat: 6+6, 7+7, 8+8 askelmaa on testattu ja ne vastaavat eurooppalaista standardia EN131.  Ominaisuudet:  Laadukkaat metalliset kiinnityskoukut on pinnoitettu tukevalla ja kest\u00e4v\u00e4ll\u00e4 nailonilla  Tukevat alumiiniset nivelet on nopeat kiinnitt\u00e4\u00e4  Tukeva alumiinikoukku (niveli\u00e4 varten)  Koottuna mahtuu helposti auton tavaratilaan  Turvalliset ergonomiset kumiset jalat, turvalliseksi ja varmaksi sijoittamiseksi maanpintaan  Tekniset tiedot:  Askelmienv\u00e4linen et\u00e4isyys: 28 cm  Askelman mitat: 27 x 27 mm  Sisempi profiili: 57 x 27 mm  Ulompi profiili: 65 x 30 mm  Kantokyky: 150 kg\" \/>\n<meta property=\"og:url\" content=\"https:\/\/fedemark.ee\/fi\/tuotteet\/suurikantokykyiset-tikkaat\/monikayttoiset-ja-muotoiltavat-teleskooppitikkaat\/scalissima\/\" \/>\n<meta property=\"og:site_name\" content=\"Fedemark\" \/>\n<meta property=\"article:modified_time\" content=\"2017-08-04T08:49:18+00:00\" \/>\n<meta property=\"og:image\" content=\"https:\/\/fedemark.ee\/wp-content\/uploads\/2017\/06\/Scalissima.jpg\" \/>\n\t<meta property=\"og:image:width\" content=\"738\" \/>\n\t<meta property=\"og:image:height\" content=\"882\" \/>\n\t<meta property=\"og:image:type\" content=\"image\/jpeg\" \/>\n<meta name=\"twitter:card\" content=\"summary_large_image\" \/>\n<script type=\"application\/ld+json\" class=\"yoast-schema-graph\">{\"@context\":\"https:\/\/schema.org\",\"@graph\":[{\"@type\":\"WebPage\",\"@id\":\"https:\/\/fedemark.ee\/fi\/tuotteet\/suurikantokykyiset-tikkaat\/monikayttoiset-ja-muotoiltavat-teleskooppitikkaat\/scalissima\/\",\"url\":\"https:\/\/fedemark.ee\/fi\/tuotteet\/suurikantokykyiset-tikkaat\/monikayttoiset-ja-muotoiltavat-teleskooppitikkaat\/scalissima\/\",\"name\":\"Scalissima - Fedemark\",\"isPartOf\":{\"@id\":\"https:\/\/fedemark.ee\/#website\"},\"primaryImageOfPage\":{\"@id\":\"https:\/\/fedemark.ee\/fi\/tuotteet\/suurikantokykyiset-tikkaat\/monikayttoiset-ja-muotoiltavat-teleskooppitikkaat\/scalissima\/#primaryimage\"},\"image\":{\"@id\":\"https:\/\/fedemark.ee\/fi\/tuotteet\/suurikantokykyiset-tikkaat\/monikayttoiset-ja-muotoiltavat-teleskooppitikkaat\/scalissima\/#primaryimage\"},\"thumbnailUrl\":\"https:\/\/fedemark.ee\/wp-content\/uploads\/2017\/06\/Scalissima.jpg\",\"datePublished\":\"2017-06-15T12:16:34+00:00\",\"dateModified\":\"2017-08-04T08:49:18+00:00\",\"breadcrumb\":{\"@id\":\"https:\/\/fedemark.ee\/fi\/tuotteet\/suurikantokykyiset-tikkaat\/monikayttoiset-ja-muotoiltavat-teleskooppitikkaat\/scalissima\/#breadcrumb\"},\"inLanguage\":\"fi-FI\",\"potentialAction\":[{\"@type\":\"ReadAction\",\"target\":[\"https:\/\/fedemark.ee\/fi\/tuotteet\/suurikantokykyiset-tikkaat\/monikayttoiset-ja-muotoiltavat-teleskooppitikkaat\/scalissima\/\"]}]},{\"@type\":\"ImageObject\",\"inLanguage\":\"fi-FI\",\"@id\":\"https:\/\/fedemark.ee\/fi\/tuotteet\/suurikantokykyiset-tikkaat\/monikayttoiset-ja-muotoiltavat-teleskooppitikkaat\/scalissima\/#primaryimage\",\"url\":\"https:\/\/fedemark.ee\/wp-content\/uploads\/2017\/06\/Scalissima.jpg\",\"contentUrl\":\"https:\/\/fedemark.ee\/wp-content\/uploads\/2017\/06\/Scalissima.jpg\",\"width\":738,\"height\":882},{\"@type\":\"BreadcrumbList\",\"@id\":\"https:\/\/fedemark.ee\/fi\/tuotteet\/suurikantokykyiset-tikkaat\/monikayttoiset-ja-muotoiltavat-teleskooppitikkaat\/scalissima\/#breadcrumb\",\"itemListElement\":[{\"@type\":\"ListItem\",\"position\":1,\"name\":\"Home\",\"item\":\"https:\/\/fedemark.ee\/fi\/\"},{\"@type\":\"ListItem\",\"position\":2,\"name\":\"Tuotteet\",\"item\":\"https:\/\/fedemark.ee\/fi\/tuotteet\/\"},{\"@type\":\"ListItem\",\"position\":3,\"name\":\"Scalissima\"}]},{\"@type\":\"WebSite\",\"@id\":\"https:\/\/fedemark.ee\/#website\",\"url\":\"https:\/\/fedemark.ee\/\",\"name\":\"Fedemark\",\"description\":\"Redelid, Tellingud, T\u00f6\u00f6platvormid ja vahekorrused\",\"potentialAction\":[{\"@type\":\"SearchAction\",\"target\":{\"@type\":\"EntryPoint\",\"urlTemplate\":\"https:\/\/fedemark.ee\/?s={search_term_string}\"},\"query-input\":\"required name=search_term_string\"}],\"inLanguage\":\"fi-FI\"}]}<\/script>\n<!-- \/ Yoast SEO plugin. -->","yoast_head_json":{"title":"Scalissima - Fedemark","robots":{"index":"index","follow":"follow","max-snippet":"max-snippet:-1","max-image-preview":"max-image-preview:large","max-video-preview":"max-video-preview:-1"},"canonical":"https:\/\/fedemark.ee\/fi\/tuotteet\/suurikantokykyiset-tikkaat\/monikayttoiset-ja-muotoiltavat-teleskooppitikkaat\/scalissima\/","og_locale":"fi_FI","og_type":"article","og_title":"Scalissima - Fedemark","og_description":"Scalissima on alumiini-teleskooppitikkaat ammattik\u00e4ytt\u00f6\u00f6n.  Valmistettu laadukkaasta alumiiniprofiilista, ammattik\u00e4ytt\u00f6\u00f6n. Scalissima on tukeva, mutta kevyt; profiilit ja nivelet takaavat parhaan k\u00e4ytt\u00f6mukavuuden. Leve\u00e4 alusprofiili kest\u00e4vien kumisten jalkojen ohella antaa tukevuuden ja vakavuuden kaikenlaisessa k\u00e4yt\u00f6ss\u00e4. Kumiset jalat takaavat turvallisen pidon maassa.  Mitat: 6+6, 7+7, 8+8 askelmaa on testattu ja ne vastaavat eurooppalaista standardia EN131.  Ominaisuudet:  Laadukkaat metalliset kiinnityskoukut on pinnoitettu tukevalla ja kest\u00e4v\u00e4ll\u00e4 nailonilla  Tukevat alumiiniset nivelet on nopeat kiinnitt\u00e4\u00e4  Tukeva alumiinikoukku (niveli\u00e4 varten)  Koottuna mahtuu helposti auton tavaratilaan  Turvalliset ergonomiset kumiset jalat, turvalliseksi ja varmaksi sijoittamiseksi maanpintaan  Tekniset tiedot:  Askelmienv\u00e4linen et\u00e4isyys: 28 cm  Askelman mitat: 27 x 27 mm  Sisempi profiili: 57 x 27 mm  Ulompi profiili: 65 x 30 mm  Kantokyky: 150 kg","og_url":"https:\/\/fedemark.ee\/fi\/tuotteet\/suurikantokykyiset-tikkaat\/monikayttoiset-ja-muotoiltavat-teleskooppitikkaat\/scalissima\/","og_site_name":"Fedemark","article_modified_time":"2017-08-04T08:49:18+00:00","og_image":[{"width":738,"height":882,"url":"https:\/\/fedemark.ee\/wp-content\/uploads\/2017\/06\/Scalissima.jpg","type":"image\/jpeg"}],"twitter_card":"summary_large_image","schema":{"@context":"https:\/\/schema.org","@graph":[{"@type":"WebPage","@id":"https:\/\/fedemark.ee\/fi\/tuotteet\/suurikantokykyiset-tikkaat\/monikayttoiset-ja-muotoiltavat-teleskooppitikkaat\/scalissima\/","url":"https:\/\/fedemark.ee\/fi\/tuotteet\/suurikantokykyiset-tikkaat\/monikayttoiset-ja-muotoiltavat-teleskooppitikkaat\/scalissima\/","name":"Scalissima - Fedemark","isPartOf":{"@id":"https:\/\/fedemark.ee\/#website"},"primaryImageOfPage":{"@id":"https:\/\/fedemark.ee\/fi\/tuotteet\/suurikantokykyiset-tikkaat\/monikayttoiset-ja-muotoiltavat-teleskooppitikkaat\/scalissima\/#primaryimage"},"image":{"@id":"https:\/\/fedemark.ee\/fi\/tuotteet\/suurikantokykyiset-tikkaat\/monikayttoiset-ja-muotoiltavat-teleskooppitikkaat\/scalissima\/#primaryimage"},"thumbnailUrl":"https:\/\/fedemark.ee\/wp-content\/uploads\/2017\/06\/Scalissima.jpg","datePublished":"2017-06-15T12:16:34+00:00","dateModified":"2017-08-04T08:49:18+00:00","breadcrumb":{"@id":"https:\/\/fedemark.ee\/fi\/tuotteet\/suurikantokykyiset-tikkaat\/monikayttoiset-ja-muotoiltavat-teleskooppitikkaat\/scalissima\/#breadcrumb"},"inLanguage":"fi-FI","potentialAction":[{"@type":"ReadAction","target":["https:\/\/fedemark.ee\/fi\/tuotteet\/suurikantokykyiset-tikkaat\/monikayttoiset-ja-muotoiltavat-teleskooppitikkaat\/scalissima\/"]}]},{"@type":"ImageObject","inLanguage":"fi-FI","@id":"https:\/\/fedemark.ee\/fi\/tuotteet\/suurikantokykyiset-tikkaat\/monikayttoiset-ja-muotoiltavat-teleskooppitikkaat\/scalissima\/#primaryimage","url":"https:\/\/fedemark.ee\/wp-content\/uploads\/2017\/06\/Scalissima.jpg","contentUrl":"https:\/\/fedemark.ee\/wp-content\/uploads\/2017\/06\/Scalissima.jpg","width":738,"height":882},{"@type":"BreadcrumbList","@id":"https:\/\/fedemark.ee\/fi\/tuotteet\/suurikantokykyiset-tikkaat\/monikayttoiset-ja-muotoiltavat-teleskooppitikkaat\/scalissima\/#breadcrumb","itemListElement":[{"@type":"ListItem","position":1,"name":"Home","item":"https:\/\/fedemark.ee\/fi\/"},{"@type":"ListItem","position":2,"name":"Tuotteet","item":"https:\/\/fedemark.ee\/fi\/tuotteet\/"},{"@type":"ListItem","position":3,"name":"Scalissima"}]},{"@type":"WebSite","@id":"https:\/\/fedemark.ee\/#website","url":"https:\/\/fedemark.ee\/","name":"Fedemark","description":"Redelid, Tellingud, T\u00f6\u00f6platvormid ja vahekorrused","potentialAction":[{"@type":"SearchAction","target":{"@type":"EntryPoint","urlTemplate":"https:\/\/fedemark.ee\/?s={search_term_string}"},"query-input":"required name=search_term_string"}],"inLanguage":"fi-FI"}]}},"_links":{"self":[{"href":"https:\/\/fedemark.ee\/fi\/wp-json\/wp\/v2\/product\/7987"}],"collection":[{"href":"https:\/\/fedemark.ee\/fi\/wp-json\/wp\/v2\/product"}],"about":[{"href":"https:\/\/fedemark.ee\/fi\/wp-json\/wp\/v2\/types\/product"}],"replies":[{"embeddable":true,"href":"https:\/\/fedemark.ee\/fi\/wp-json\/wp\/v2\/comments?post=7987"}],"version-history":[{"count":0,"href":"https:\/\/fedemark.ee\/fi\/wp-json\/wp\/v2\/product\/7987\/revisions"}],"wp:featuredmedia":[{"embeddable":true,"href":"https:\/\/fedemark.ee\/fi\/wp-json\/wp\/v2\/media\/5083"}],"wp:attachment":[{"href":"https:\/\/fedemark.ee\/fi\/wp-json\/wp\/v2\/media?parent=7987"}],"wp:term":[{"taxonomy":"product_cat","embeddable":true,"href":"https:\/\/fedemark.ee\/fi\/wp-json\/wp\/v2\/product_cat?post=7987"},{"taxonomy":"product_tag","embeddable":true,"href":"https:\/\/fedemark.ee\/fi\/wp-json\/wp\/v2\/product_tag?post=7987"}],"curies":[{"name":"wp","href":"https:\/\/api.w.org\/{rel}","templated":true}]}}