{"id":7988,"date":"2017-06-15T13:02:09","date_gmt":"2017-06-15T13:02:09","guid":{"rendered":"https:\/\/sharks.ee\/fedemark\/shop\/uncategorized\/x-tend-2\/"},"modified":"2017-08-04T08:51:20","modified_gmt":"2017-08-04T08:51:20","slug":"x-tend","status":"publish","type":"product","link":"https:\/\/fedemark.ee\/fi\/tuotteet\/suurikantokykyiset-tikkaat\/monikayttoiset-ja-muotoiltavat-teleskooppitikkaat\/x-tend\/","title":{"rendered":"X-tend"},"content":{"rendered":"","protected":false},"excerpt":{"rendered":"<p><strong>X-tend<\/strong> on laadukas alumiininen teleskooppitikas. Korkeuden vaihteluv\u00e4li 80 \u2013 380 cm, tuote voidaan avata vain muutamassa sekunnissa.<\/p>\n<p>Xtend tikkaat pit\u00e4\u00e4 k\u00e4det puhtaana, sill\u00e4 tikkaat on valmistettu eloksoidusta alumiinista. Useimmat tikkaat on valmistettu eloksoimattomasta alumiinista, joka jonkin ajan kuluttua alkaa hapettua ja liata k\u00e4si\u00e4.<\/p>\n<p>Suunniteltu ammattik\u00e4ytt\u00f6\u00f6n, mutta sopii my\u00f6s tavalliselle k\u00e4ytt\u00e4j\u00e4lle. Korkealaatuisilla tikkailla on turvallinen leve\u00e4 alusta. Suorakulman muotoiset 40 mm:n levyiset askelmat mahdollistavat k\u00e4ytt\u00e4j\u00e4lle mukavan seisomisen tarvittavalla korkeudella. Xtend on varustettu kevyin ja turvallisesti k\u00e4ytett\u00e4vin mekanismein, avaamis- ja sulkemisnupein, sormivammojen v\u00e4ltt\u00e4miseksi.<\/p>\n<p>N\u00e4m\u00e4 tikkaat on valmistettu eurooppalaisen standardin EN131 mukaan ja patentoitu US- standardin mukana. Xtend tikkaiden halutun korkeuden saavuttaminen (pident\u00e4minen ja sulkeminen) saadaan askelmien yl\u00f6s ty\u00f6nt\u00e4misell\u00e4 (kuten teleskooppi-ongenvavalla). Xtendin maksimikorkeus on 3,80 m.<\/p>\n<p>K\u00e4yt\u00f6n j\u00e4lkeen Xtend on helppo panna kokoon, painamalla siihen tarkoitettuja turvanuppeja, jotka sijaitsevat jokaisen askelman vieress\u00e4. Tikkaat sulkeutuvat askel kerrallaan omalla painollaan.<\/p>\n<p>Xtend on \u00e4\u00e4rimm\u00e4isen pienikokoinen (800 mm) ja sit\u00e4 voi s\u00e4ilytt\u00e4\u00e4 turvallisesti kaikkialla: autossa, kaapissa, portaiden alla jne.<\/p>\n<p><strong>Tekniset tiedot:<\/strong><\/p>\n<p>Maksimikorkeus: 3,80 m<\/p>\n<p>Korkeus suljettuna: 0,8 m<\/p>\n<p>Askelmien lukum\u00e4\u00e4r\u00e4: 13 (alkaen 0,8 m joka 300 mm:n v\u00e4lein)<\/p>\n<p>Alustan leveys: 490 mm<\/p>\n<p>Maksimileveys: 450 mm<\/p>\n<p>Tikkaiden paksuus: 80 mm<\/p>\n<p>Paino:11,5 kg<\/p>\n<p>Liukastumista torjuvan askelman leveys: 40 mm<\/p>\n<p>Askelman leveys: 300 mm<\/p>\n<p>Jalat: valmistettu liukumista est\u00e4v\u00e4st\u00e4 PVC:st\u00e4<\/p>\n<p>Kantokyky 150 kg<\/p>\n<p><img loading=\"lazy\" decoding=\"async\" class=\"alignnone wp-image-5289\" src=\"https:\/\/fedemark.ee\/wp-content\/uploads\/2017\/06\/Ikoonid_14-Copy.jpg\" alt=\"\" width=\"63\" height=\"80\" \/><img loading=\"lazy\" decoding=\"async\" class=\"alignnone wp-image-5261\" src=\"https:\/\/fedemark.ee\/wp-content\/uploads\/2017\/06\/Ikoonid_03.jpg\" alt=\"\" width=\"71\" height=\"72\" srcset=\"https:\/\/fedemark.ee\/wp-content\/uploads\/2017\/06\/Ikoonid_03.jpg 132w, https:\/\/fedemark.ee\/wp-content\/uploads\/2017\/06\/Ikoonid_03-100x100.jpg 100w\" sizes=\"(max-width: 71px) 100vw, 71px\" \/><img loading=\"lazy\" decoding=\"async\" class=\"alignnone wp-image-5353\" src=\"https:\/\/fedemark.ee\/wp-content\/uploads\/2017\/06\/Ikoonid_50.jpg\" alt=\"\" width=\"63\" height=\"75\" \/><\/p>\n","protected":false},"featured_media":9727,"comment_status":"open","ping_status":"closed","template":"","meta":{"footnotes":""},"product_cat":[178,205],"product_tag":[],"yoast_head":"<!-- This site is optimized with the Yoast SEO plugin v22.6 - https:\/\/yoast.com\/wordpress\/plugins\/seo\/ -->\n<title>X-tend - Fedemark<\/title>\n<meta name=\"robots\" content=\"index, follow, max-snippet:-1, max-image-preview:large, max-video-preview:-1\" \/>\n<link rel=\"canonical\" href=\"https:\/\/fedemark.ee\/fi\/tuotteet\/suurikantokykyiset-tikkaat\/monikayttoiset-ja-muotoiltavat-teleskooppitikkaat\/x-tend\/\" \/>\n<meta property=\"og:locale\" content=\"fi_FI\" \/>\n<meta property=\"og:type\" content=\"article\" \/>\n<meta property=\"og:title\" content=\"X-tend - Fedemark\" \/>\n<meta property=\"og:description\" content=\"X-tend on laadukas alumiininen teleskooppitikas. Korkeuden vaihteluv\u00e4li 80 \u2013 380 cm, tuote voidaan avata vain muutamassa sekunnissa.  Xtend tikkaat pit\u00e4\u00e4 k\u00e4det puhtaana, sill\u00e4 tikkaat on valmistettu eloksoidusta alumiinista. Useimmat tikkaat on valmistettu eloksoimattomasta alumiinista, joka jonkin ajan kuluttua alkaa hapettua ja liata k\u00e4si\u00e4.  Suunniteltu ammattik\u00e4ytt\u00f6\u00f6n, mutta sopii my\u00f6s tavalliselle k\u00e4ytt\u00e4j\u00e4lle. Korkealaatuisilla tikkailla on turvallinen leve\u00e4 alusta. Suorakulman muotoiset 40 mm:n levyiset askelmat mahdollistavat k\u00e4ytt\u00e4j\u00e4lle mukavan seisomisen tarvittavalla korkeudella. Xtend on varustettu kevyin ja turvallisesti k\u00e4ytett\u00e4vin mekanismein, avaamis- ja sulkemisnupein, sormivammojen v\u00e4ltt\u00e4miseksi.  N\u00e4m\u00e4 tikkaat on valmistettu eurooppalaisen standardin EN131 mukaan ja patentoitu US- standardin mukana. Xtend tikkaiden halutun korkeuden saavuttaminen (pident\u00e4minen ja sulkeminen) saadaan askelmien yl\u00f6s ty\u00f6nt\u00e4misell\u00e4 (kuten teleskooppi-ongenvavalla). Xtendin maksimikorkeus on 3,80 m.  K\u00e4yt\u00f6n j\u00e4lkeen Xtend on helppo panna kokoon, painamalla siihen tarkoitettuja turvanuppeja, jotka sijaitsevat jokaisen askelman vieress\u00e4. Tikkaat sulkeutuvat askel kerrallaan omalla painollaan.  Xtend on \u00e4\u00e4rimm\u00e4isen pienikokoinen (800 mm) ja sit\u00e4 voi s\u00e4ilytt\u00e4\u00e4 turvallisesti kaikkialla: autossa, kaapissa, portaiden alla jne.  Tekniset tiedot:  Maksimikorkeus: 3,80 m  Korkeus suljettuna: 0,8 m  Askelmien lukum\u00e4\u00e4r\u00e4: 13 (alkaen 0,8 m joka 300 mm:n v\u00e4lein)  Alustan leveys: 490 mm  Maksimileveys: 450 mm  Tikkaiden paksuus: 80 mm  Paino:11,5 kg  Liukastumista torjuvan askelman leveys: 40 mm  Askelman leveys: 300 mm  Jalat: valmistettu liukumista est\u00e4v\u00e4st\u00e4 PVC:st\u00e4  Kantokyky 150 kg\" \/>\n<meta property=\"og:url\" content=\"https:\/\/fedemark.ee\/fi\/tuotteet\/suurikantokykyiset-tikkaat\/monikayttoiset-ja-muotoiltavat-teleskooppitikkaat\/x-tend\/\" \/>\n<meta property=\"og:site_name\" content=\"Fedemark\" \/>\n<meta property=\"article:modified_time\" content=\"2017-08-04T08:51:20+00:00\" \/>\n<meta property=\"og:image\" content=\"https:\/\/fedemark.ee\/wp-content\/uploads\/2017\/06\/XTEND-1-1.jpg\" \/>\n\t<meta property=\"og:image:width\" content=\"800\" \/>\n\t<meta property=\"og:image:height\" content=\"800\" \/>\n\t<meta property=\"og:image:type\" content=\"image\/jpeg\" \/>\n<meta name=\"twitter:card\" content=\"summary_large_image\" \/>\n<script type=\"application\/ld+json\" class=\"yoast-schema-graph\">{\"@context\":\"https:\/\/schema.org\",\"@graph\":[{\"@type\":\"WebPage\",\"@id\":\"https:\/\/fedemark.ee\/fi\/tuotteet\/suurikantokykyiset-tikkaat\/monikayttoiset-ja-muotoiltavat-teleskooppitikkaat\/x-tend\/\",\"url\":\"https:\/\/fedemark.ee\/fi\/tuotteet\/suurikantokykyiset-tikkaat\/monikayttoiset-ja-muotoiltavat-teleskooppitikkaat\/x-tend\/\",\"name\":\"X-tend - Fedemark\",\"isPartOf\":{\"@id\":\"https:\/\/fedemark.ee\/#website\"},\"primaryImageOfPage\":{\"@id\":\"https:\/\/fedemark.ee\/fi\/tuotteet\/suurikantokykyiset-tikkaat\/monikayttoiset-ja-muotoiltavat-teleskooppitikkaat\/x-tend\/#primaryimage\"},\"image\":{\"@id\":\"https:\/\/fedemark.ee\/fi\/tuotteet\/suurikantokykyiset-tikkaat\/monikayttoiset-ja-muotoiltavat-teleskooppitikkaat\/x-tend\/#primaryimage\"},\"thumbnailUrl\":\"https:\/\/fedemark.ee\/wp-content\/uploads\/2017\/06\/XTEND-1-1.jpg\",\"datePublished\":\"2017-06-15T13:02:09+00:00\",\"dateModified\":\"2017-08-04T08:51:20+00:00\",\"breadcrumb\":{\"@id\":\"https:\/\/fedemark.ee\/fi\/tuotteet\/suurikantokykyiset-tikkaat\/monikayttoiset-ja-muotoiltavat-teleskooppitikkaat\/x-tend\/#breadcrumb\"},\"inLanguage\":\"fi-FI\",\"potentialAction\":[{\"@type\":\"ReadAction\",\"target\":[\"https:\/\/fedemark.ee\/fi\/tuotteet\/suurikantokykyiset-tikkaat\/monikayttoiset-ja-muotoiltavat-teleskooppitikkaat\/x-tend\/\"]}]},{\"@type\":\"ImageObject\",\"inLanguage\":\"fi-FI\",\"@id\":\"https:\/\/fedemark.ee\/fi\/tuotteet\/suurikantokykyiset-tikkaat\/monikayttoiset-ja-muotoiltavat-teleskooppitikkaat\/x-tend\/#primaryimage\",\"url\":\"https:\/\/fedemark.ee\/wp-content\/uploads\/2017\/06\/XTEND-1-1.jpg\",\"contentUrl\":\"https:\/\/fedemark.ee\/wp-content\/uploads\/2017\/06\/XTEND-1-1.jpg\",\"width\":800,\"height\":800},{\"@type\":\"BreadcrumbList\",\"@id\":\"https:\/\/fedemark.ee\/fi\/tuotteet\/suurikantokykyiset-tikkaat\/monikayttoiset-ja-muotoiltavat-teleskooppitikkaat\/x-tend\/#breadcrumb\",\"itemListElement\":[{\"@type\":\"ListItem\",\"position\":1,\"name\":\"Home\",\"item\":\"https:\/\/fedemark.ee\/fi\/\"},{\"@type\":\"ListItem\",\"position\":2,\"name\":\"Tuotteet\",\"item\":\"https:\/\/fedemark.ee\/fi\/tuotteet\/\"},{\"@type\":\"ListItem\",\"position\":3,\"name\":\"X-tend\"}]},{\"@type\":\"WebSite\",\"@id\":\"https:\/\/fedemark.ee\/#website\",\"url\":\"https:\/\/fedemark.ee\/\",\"name\":\"Fedemark\",\"description\":\"Redelid, Tellingud, T\u00f6\u00f6platvormid ja vahekorrused\",\"potentialAction\":[{\"@type\":\"SearchAction\",\"target\":{\"@type\":\"EntryPoint\",\"urlTemplate\":\"https:\/\/fedemark.ee\/?s={search_term_string}\"},\"query-input\":\"required name=search_term_string\"}],\"inLanguage\":\"fi-FI\"}]}<\/script>\n<!-- \/ Yoast SEO plugin. -->","yoast_head_json":{"title":"X-tend - Fedemark","robots":{"index":"index","follow":"follow","max-snippet":"max-snippet:-1","max-image-preview":"max-image-preview:large","max-video-preview":"max-video-preview:-1"},"canonical":"https:\/\/fedemark.ee\/fi\/tuotteet\/suurikantokykyiset-tikkaat\/monikayttoiset-ja-muotoiltavat-teleskooppitikkaat\/x-tend\/","og_locale":"fi_FI","og_type":"article","og_title":"X-tend - Fedemark","og_description":"X-tend on laadukas alumiininen teleskooppitikas. Korkeuden vaihteluv\u00e4li 80 \u2013 380 cm, tuote voidaan avata vain muutamassa sekunnissa.  Xtend tikkaat pit\u00e4\u00e4 k\u00e4det puhtaana, sill\u00e4 tikkaat on valmistettu eloksoidusta alumiinista. Useimmat tikkaat on valmistettu eloksoimattomasta alumiinista, joka jonkin ajan kuluttua alkaa hapettua ja liata k\u00e4si\u00e4.  Suunniteltu ammattik\u00e4ytt\u00f6\u00f6n, mutta sopii my\u00f6s tavalliselle k\u00e4ytt\u00e4j\u00e4lle. Korkealaatuisilla tikkailla on turvallinen leve\u00e4 alusta. Suorakulman muotoiset 40 mm:n levyiset askelmat mahdollistavat k\u00e4ytt\u00e4j\u00e4lle mukavan seisomisen tarvittavalla korkeudella. Xtend on varustettu kevyin ja turvallisesti k\u00e4ytett\u00e4vin mekanismein, avaamis- ja sulkemisnupein, sormivammojen v\u00e4ltt\u00e4miseksi.  N\u00e4m\u00e4 tikkaat on valmistettu eurooppalaisen standardin EN131 mukaan ja patentoitu US- standardin mukana. Xtend tikkaiden halutun korkeuden saavuttaminen (pident\u00e4minen ja sulkeminen) saadaan askelmien yl\u00f6s ty\u00f6nt\u00e4misell\u00e4 (kuten teleskooppi-ongenvavalla). Xtendin maksimikorkeus on 3,80 m.  K\u00e4yt\u00f6n j\u00e4lkeen Xtend on helppo panna kokoon, painamalla siihen tarkoitettuja turvanuppeja, jotka sijaitsevat jokaisen askelman vieress\u00e4. Tikkaat sulkeutuvat askel kerrallaan omalla painollaan.  Xtend on \u00e4\u00e4rimm\u00e4isen pienikokoinen (800 mm) ja sit\u00e4 voi s\u00e4ilytt\u00e4\u00e4 turvallisesti kaikkialla: autossa, kaapissa, portaiden alla jne.  Tekniset tiedot:  Maksimikorkeus: 3,80 m  Korkeus suljettuna: 0,8 m  Askelmien lukum\u00e4\u00e4r\u00e4: 13 (alkaen 0,8 m joka 300 mm:n v\u00e4lein)  Alustan leveys: 490 mm  Maksimileveys: 450 mm  Tikkaiden paksuus: 80 mm  Paino:11,5 kg  Liukastumista torjuvan askelman leveys: 40 mm  Askelman leveys: 300 mm  Jalat: valmistettu liukumista est\u00e4v\u00e4st\u00e4 PVC:st\u00e4  Kantokyky 150 kg","og_url":"https:\/\/fedemark.ee\/fi\/tuotteet\/suurikantokykyiset-tikkaat\/monikayttoiset-ja-muotoiltavat-teleskooppitikkaat\/x-tend\/","og_site_name":"Fedemark","article_modified_time":"2017-08-04T08:51:20+00:00","og_image":[{"width":800,"height":800,"url":"https:\/\/fedemark.ee\/wp-content\/uploads\/2017\/06\/XTEND-1-1.jpg","type":"image\/jpeg"}],"twitter_card":"summary_large_image","schema":{"@context":"https:\/\/schema.org","@graph":[{"@type":"WebPage","@id":"https:\/\/fedemark.ee\/fi\/tuotteet\/suurikantokykyiset-tikkaat\/monikayttoiset-ja-muotoiltavat-teleskooppitikkaat\/x-tend\/","url":"https:\/\/fedemark.ee\/fi\/tuotteet\/suurikantokykyiset-tikkaat\/monikayttoiset-ja-muotoiltavat-teleskooppitikkaat\/x-tend\/","name":"X-tend - Fedemark","isPartOf":{"@id":"https:\/\/fedemark.ee\/#website"},"primaryImageOfPage":{"@id":"https:\/\/fedemark.ee\/fi\/tuotteet\/suurikantokykyiset-tikkaat\/monikayttoiset-ja-muotoiltavat-teleskooppitikkaat\/x-tend\/#primaryimage"},"image":{"@id":"https:\/\/fedemark.ee\/fi\/tuotteet\/suurikantokykyiset-tikkaat\/monikayttoiset-ja-muotoiltavat-teleskooppitikkaat\/x-tend\/#primaryimage"},"thumbnailUrl":"https:\/\/fedemark.ee\/wp-content\/uploads\/2017\/06\/XTEND-1-1.jpg","datePublished":"2017-06-15T13:02:09+00:00","dateModified":"2017-08-04T08:51:20+00:00","breadcrumb":{"@id":"https:\/\/fedemark.ee\/fi\/tuotteet\/suurikantokykyiset-tikkaat\/monikayttoiset-ja-muotoiltavat-teleskooppitikkaat\/x-tend\/#breadcrumb"},"inLanguage":"fi-FI","potentialAction":[{"@type":"ReadAction","target":["https:\/\/fedemark.ee\/fi\/tuotteet\/suurikantokykyiset-tikkaat\/monikayttoiset-ja-muotoiltavat-teleskooppitikkaat\/x-tend\/"]}]},{"@type":"ImageObject","inLanguage":"fi-FI","@id":"https:\/\/fedemark.ee\/fi\/tuotteet\/suurikantokykyiset-tikkaat\/monikayttoiset-ja-muotoiltavat-teleskooppitikkaat\/x-tend\/#primaryimage","url":"https:\/\/fedemark.ee\/wp-content\/uploads\/2017\/06\/XTEND-1-1.jpg","contentUrl":"https:\/\/fedemark.ee\/wp-content\/uploads\/2017\/06\/XTEND-1-1.jpg","width":800,"height":800},{"@type":"BreadcrumbList","@id":"https:\/\/fedemark.ee\/fi\/tuotteet\/suurikantokykyiset-tikkaat\/monikayttoiset-ja-muotoiltavat-teleskooppitikkaat\/x-tend\/#breadcrumb","itemListElement":[{"@type":"ListItem","position":1,"name":"Home","item":"https:\/\/fedemark.ee\/fi\/"},{"@type":"ListItem","position":2,"name":"Tuotteet","item":"https:\/\/fedemark.ee\/fi\/tuotteet\/"},{"@type":"ListItem","position":3,"name":"X-tend"}]},{"@type":"WebSite","@id":"https:\/\/fedemark.ee\/#website","url":"https:\/\/fedemark.ee\/","name":"Fedemark","description":"Redelid, Tellingud, T\u00f6\u00f6platvormid ja vahekorrused","potentialAction":[{"@type":"SearchAction","target":{"@type":"EntryPoint","urlTemplate":"https:\/\/fedemark.ee\/?s={search_term_string}"},"query-input":"required name=search_term_string"}],"inLanguage":"fi-FI"}]}},"_links":{"self":[{"href":"https:\/\/fedemark.ee\/fi\/wp-json\/wp\/v2\/product\/7988"}],"collection":[{"href":"https:\/\/fedemark.ee\/fi\/wp-json\/wp\/v2\/product"}],"about":[{"href":"https:\/\/fedemark.ee\/fi\/wp-json\/wp\/v2\/types\/product"}],"replies":[{"embeddable":true,"href":"https:\/\/fedemark.ee\/fi\/wp-json\/wp\/v2\/comments?post=7988"}],"version-history":[{"count":0,"href":"https:\/\/fedemark.ee\/fi\/wp-json\/wp\/v2\/product\/7988\/revisions"}],"wp:featuredmedia":[{"embeddable":true,"href":"https:\/\/fedemark.ee\/fi\/wp-json\/wp\/v2\/media\/9727"}],"wp:attachment":[{"href":"https:\/\/fedemark.ee\/fi\/wp-json\/wp\/v2\/media?parent=7988"}],"wp:term":[{"taxonomy":"product_cat","embeddable":true,"href":"https:\/\/fedemark.ee\/fi\/wp-json\/wp\/v2\/product_cat?post=7988"},{"taxonomy":"product_tag","embeddable":true,"href":"https:\/\/fedemark.ee\/fi\/wp-json\/wp\/v2\/product_tag?post=7988"}],"curies":[{"name":"wp","href":"https:\/\/api.w.org\/{rel}","templated":true}]}}