{"id":7989,"date":"2017-06-15T13:13:48","date_gmt":"2017-06-15T13:13:48","guid":{"rendered":"https:\/\/sharks.ee\/fedemark\/shop\/uncategorized\/lady-plus\/"},"modified":"2017-08-04T08:53:42","modified_gmt":"2017-08-04T08:53:42","slug":"lady-plus","status":"publish","type":"product","link":"https:\/\/fedemark.ee\/fi\/tuotteet\/suurikantokykyiset-tikkaat\/monikayttoiset-ja-muotoiltavat-teleskooppitikkaat\/lady-plus\/","title":{"rendered":"Lady Plus"},"content":{"rendered":"","protected":false},"excerpt":{"rendered":"<p>Monik\u00e4ytt\u00f6inen tukijalalla varustettu tikas<br \/>\nMonik\u00e4ytt\u00f6inen, laipallinen, kokoontaitettava alumiinitikas.<br \/>\nVoi k\u00e4ytt\u00e4\u00e4 sek\u00e4 porrastikkaana ett\u00e4 sein\u00e4\u00e4n tuettavana tikkaana.<br \/>\nErilaisia ty\u00f6asentoja, kokoontaitettuna mahtuu tavallisen henkil\u00f6auton tavaratilaan.<br \/>\nVoi k\u00e4ytt\u00e4\u00e4 my\u00f6s ty\u00f6penkkin\u00e4 (seist\u00e4 sill\u00e4 ei saa) ja sopii eritt\u00e4in hyvin sek\u00e4 ammattik\u00e4ytt\u00f6\u00f6n ett\u00e4 my\u00f6s pienempien kotit\u00f6iden tekoon.<\/p>\n<p><strong>TEKNISET OMINAISUUDET<\/strong><\/p>\n<ul>\n<li>Liukumattomat alumiinipuolat: 30 mm<\/li>\n<li>Kehyksen profiili: 60 x 25 mm<\/li>\n<li>Kapeamman tikasosan leveys: 35 cm<\/li>\n<li>Puolien v\u00e4linen et\u00e4isyys: 30 cm<\/li>\n<li>Tukijalan pituus: 80 cm<\/li>\n<li>Paino: 16 kg<\/li>\n<li>Kantokyky: 150 kg<\/li>\n<li>Puolien m\u00e4\u00e4r\u00e4 osiota kohti: 4&#215;4 (yhteens\u00e4 16 puolaa)<\/li>\n<li>Korkeus kokoon taitettuna: 1,23 m<\/li>\n<li>Korkeus porrastikkaana: 2,26 m<\/li>\n<li>Korkeus sein\u00e4\u00e4n tuettuna: 4,66 m<\/li>\n<li>Penkin korkeus: 1,20 m<\/li>\n<\/ul>\n<p><strong>VAKIO-OSAT<\/strong><\/p>\n<ul>\n<li>Irrotettava pohjan tukijalka<\/li>\n<li>Nailonvahvistus tukijalan alustan sis\u00e4ll\u00e4<\/li>\n<li>Nopeasti paikalleen asettuva automaattinen sarana<\/li>\n<li>Liukumattomat, vahvistetut kumijalat<\/li>\n<li>Kantokyky penkkin\u00e4 120 kg. Telinein\u00e4 k\u00e4ytt\u00e4minen on kielletty.<\/li>\n<li>Merkint\u00e4 ja kokoamis- ja k\u00e4ytt\u00f6ohje<\/li>\n<li>L\u00e4mp\u00f6kutistuva muovipakkaus ja kuvio<\/li>\n<\/ul>\n<p><img loading=\"lazy\" decoding=\"async\" class=\"alignnone wp-image-5253\" src=\"https:\/\/fedemark.ee\/wp-content\/uploads\/2017\/06\/Ikoonid_29.jpg\" alt=\"\" width=\"72\" height=\"68\" \/><img loading=\"lazy\" decoding=\"async\" class=\"alignnone wp-image-5257\" src=\"https:\/\/fedemark.ee\/wp-content\/uploads\/2017\/06\/Ikoonid_03-Copy.jpg\" alt=\"\" width=\"68\" height=\"68\" srcset=\"https:\/\/fedemark.ee\/wp-content\/uploads\/2017\/06\/Ikoonid_03-Copy.jpg 132w, https:\/\/fedemark.ee\/wp-content\/uploads\/2017\/06\/Ikoonid_03-Copy-100x100.jpg 100w\" sizes=\"(max-width: 68px) 100vw, 68px\" \/><img loading=\"lazy\" decoding=\"async\" class=\"alignnone wp-image-5353\" src=\"https:\/\/fedemark.ee\/wp-content\/uploads\/2017\/06\/Ikoonid_50.jpg\" alt=\"\" width=\"65\" height=\"76\" \/><\/p>\n","protected":false},"featured_media":8928,"comment_status":"open","ping_status":"closed","template":"","meta":{"footnotes":""},"product_cat":[178,205],"product_tag":[],"yoast_head":"<!-- This site is optimized with the Yoast SEO plugin v22.6 - https:\/\/yoast.com\/wordpress\/plugins\/seo\/ -->\n<title>Lady Plus - Fedemark<\/title>\n<meta name=\"robots\" content=\"index, follow, max-snippet:-1, max-image-preview:large, max-video-preview:-1\" \/>\n<link rel=\"canonical\" href=\"https:\/\/fedemark.ee\/fi\/tuotteet\/suurikantokykyiset-tikkaat\/monikayttoiset-ja-muotoiltavat-teleskooppitikkaat\/lady-plus\/\" \/>\n<meta property=\"og:locale\" content=\"fi_FI\" \/>\n<meta property=\"og:type\" content=\"article\" \/>\n<meta property=\"og:title\" content=\"Lady Plus - Fedemark\" \/>\n<meta property=\"og:description\" content=\"Monik\u00e4ytt\u00f6inen tukijalalla varustettu tikas Monik\u00e4ytt\u00f6inen, laipallinen, kokoontaitettava alumiinitikas. Voi k\u00e4ytt\u00e4\u00e4 sek\u00e4 porrastikkaana ett\u00e4 sein\u00e4\u00e4n tuettavana tikkaana. Erilaisia ty\u00f6asentoja, kokoontaitettuna mahtuu tavallisen henkil\u00f6auton tavaratilaan. Voi k\u00e4ytt\u00e4\u00e4 my\u00f6s ty\u00f6penkkin\u00e4 (seist\u00e4 sill\u00e4 ei saa) ja sopii eritt\u00e4in hyvin sek\u00e4 ammattik\u00e4ytt\u00f6\u00f6n ett\u00e4 my\u00f6s pienempien kotit\u00f6iden tekoon.  TEKNISET OMINAISUUDET   Liukumattomat alumiinipuolat: 30 mm  Kehyksen profiili: 60 x 25 mm  Kapeamman tikasosan leveys: 35 cm  Puolien v\u00e4linen et\u00e4isyys: 30 cm  Tukijalan pituus: 80 cm  Paino: 16 kg  Kantokyky: 150 kg  Puolien m\u00e4\u00e4r\u00e4 osiota kohti: 4x4 (yhteens\u00e4 16 puolaa)  Korkeus kokoon taitettuna: 1,23 m  Korkeus porrastikkaana: 2,26 m  Korkeus sein\u00e4\u00e4n tuettuna: 4,66 m  Penkin korkeus: 1,20 m  VAKIO-OSAT   Irrotettava pohjan tukijalka  Nailonvahvistus tukijalan alustan sis\u00e4ll\u00e4  Nopeasti paikalleen asettuva automaattinen sarana  Liukumattomat, vahvistetut kumijalat  Kantokyky penkkin\u00e4 120 kg. Telinein\u00e4 k\u00e4ytt\u00e4minen on kielletty.  Merkint\u00e4 ja kokoamis- ja k\u00e4ytt\u00f6ohje  L\u00e4mp\u00f6kutistuva muovipakkaus ja kuvio\" \/>\n<meta property=\"og:url\" content=\"https:\/\/fedemark.ee\/fi\/tuotteet\/suurikantokykyiset-tikkaat\/monikayttoiset-ja-muotoiltavat-teleskooppitikkaat\/lady-plus\/\" \/>\n<meta property=\"og:site_name\" content=\"Fedemark\" \/>\n<meta property=\"article:modified_time\" content=\"2017-08-04T08:53:42+00:00\" \/>\n<meta property=\"og:image\" content=\"https:\/\/fedemark.ee\/wp-content\/uploads\/2017\/06\/Lady-Plus-1.jpg\" \/>\n\t<meta property=\"og:image:width\" content=\"800\" \/>\n\t<meta property=\"og:image:height\" content=\"800\" \/>\n\t<meta property=\"og:image:type\" content=\"image\/jpeg\" \/>\n<meta name=\"twitter:card\" content=\"summary_large_image\" \/>\n<script type=\"application\/ld+json\" class=\"yoast-schema-graph\">{\"@context\":\"https:\/\/schema.org\",\"@graph\":[{\"@type\":\"WebPage\",\"@id\":\"https:\/\/fedemark.ee\/fi\/tuotteet\/suurikantokykyiset-tikkaat\/monikayttoiset-ja-muotoiltavat-teleskooppitikkaat\/lady-plus\/\",\"url\":\"https:\/\/fedemark.ee\/fi\/tuotteet\/suurikantokykyiset-tikkaat\/monikayttoiset-ja-muotoiltavat-teleskooppitikkaat\/lady-plus\/\",\"name\":\"Lady Plus - Fedemark\",\"isPartOf\":{\"@id\":\"https:\/\/fedemark.ee\/#website\"},\"primaryImageOfPage\":{\"@id\":\"https:\/\/fedemark.ee\/fi\/tuotteet\/suurikantokykyiset-tikkaat\/monikayttoiset-ja-muotoiltavat-teleskooppitikkaat\/lady-plus\/#primaryimage\"},\"image\":{\"@id\":\"https:\/\/fedemark.ee\/fi\/tuotteet\/suurikantokykyiset-tikkaat\/monikayttoiset-ja-muotoiltavat-teleskooppitikkaat\/lady-plus\/#primaryimage\"},\"thumbnailUrl\":\"https:\/\/fedemark.ee\/wp-content\/uploads\/2017\/06\/Lady-Plus-1.jpg\",\"datePublished\":\"2017-06-15T13:13:48+00:00\",\"dateModified\":\"2017-08-04T08:53:42+00:00\",\"breadcrumb\":{\"@id\":\"https:\/\/fedemark.ee\/fi\/tuotteet\/suurikantokykyiset-tikkaat\/monikayttoiset-ja-muotoiltavat-teleskooppitikkaat\/lady-plus\/#breadcrumb\"},\"inLanguage\":\"fi-FI\",\"potentialAction\":[{\"@type\":\"ReadAction\",\"target\":[\"https:\/\/fedemark.ee\/fi\/tuotteet\/suurikantokykyiset-tikkaat\/monikayttoiset-ja-muotoiltavat-teleskooppitikkaat\/lady-plus\/\"]}]},{\"@type\":\"ImageObject\",\"inLanguage\":\"fi-FI\",\"@id\":\"https:\/\/fedemark.ee\/fi\/tuotteet\/suurikantokykyiset-tikkaat\/monikayttoiset-ja-muotoiltavat-teleskooppitikkaat\/lady-plus\/#primaryimage\",\"url\":\"https:\/\/fedemark.ee\/wp-content\/uploads\/2017\/06\/Lady-Plus-1.jpg\",\"contentUrl\":\"https:\/\/fedemark.ee\/wp-content\/uploads\/2017\/06\/Lady-Plus-1.jpg\",\"width\":800,\"height\":800},{\"@type\":\"BreadcrumbList\",\"@id\":\"https:\/\/fedemark.ee\/fi\/tuotteet\/suurikantokykyiset-tikkaat\/monikayttoiset-ja-muotoiltavat-teleskooppitikkaat\/lady-plus\/#breadcrumb\",\"itemListElement\":[{\"@type\":\"ListItem\",\"position\":1,\"name\":\"Home\",\"item\":\"https:\/\/fedemark.ee\/fi\/\"},{\"@type\":\"ListItem\",\"position\":2,\"name\":\"Tuotteet\",\"item\":\"https:\/\/fedemark.ee\/fi\/tuotteet\/\"},{\"@type\":\"ListItem\",\"position\":3,\"name\":\"Lady Plus\"}]},{\"@type\":\"WebSite\",\"@id\":\"https:\/\/fedemark.ee\/#website\",\"url\":\"https:\/\/fedemark.ee\/\",\"name\":\"Fedemark\",\"description\":\"Redelid, Tellingud, T\u00f6\u00f6platvormid ja vahekorrused\",\"potentialAction\":[{\"@type\":\"SearchAction\",\"target\":{\"@type\":\"EntryPoint\",\"urlTemplate\":\"https:\/\/fedemark.ee\/?s={search_term_string}\"},\"query-input\":\"required name=search_term_string\"}],\"inLanguage\":\"fi-FI\"}]}<\/script>\n<!-- \/ Yoast SEO plugin. -->","yoast_head_json":{"title":"Lady Plus - Fedemark","robots":{"index":"index","follow":"follow","max-snippet":"max-snippet:-1","max-image-preview":"max-image-preview:large","max-video-preview":"max-video-preview:-1"},"canonical":"https:\/\/fedemark.ee\/fi\/tuotteet\/suurikantokykyiset-tikkaat\/monikayttoiset-ja-muotoiltavat-teleskooppitikkaat\/lady-plus\/","og_locale":"fi_FI","og_type":"article","og_title":"Lady Plus - Fedemark","og_description":"Monik\u00e4ytt\u00f6inen tukijalalla varustettu tikas Monik\u00e4ytt\u00f6inen, laipallinen, kokoontaitettava alumiinitikas. Voi k\u00e4ytt\u00e4\u00e4 sek\u00e4 porrastikkaana ett\u00e4 sein\u00e4\u00e4n tuettavana tikkaana. Erilaisia ty\u00f6asentoja, kokoontaitettuna mahtuu tavallisen henkil\u00f6auton tavaratilaan. Voi k\u00e4ytt\u00e4\u00e4 my\u00f6s ty\u00f6penkkin\u00e4 (seist\u00e4 sill\u00e4 ei saa) ja sopii eritt\u00e4in hyvin sek\u00e4 ammattik\u00e4ytt\u00f6\u00f6n ett\u00e4 my\u00f6s pienempien kotit\u00f6iden tekoon.  TEKNISET OMINAISUUDET   Liukumattomat alumiinipuolat: 30 mm  Kehyksen profiili: 60 x 25 mm  Kapeamman tikasosan leveys: 35 cm  Puolien v\u00e4linen et\u00e4isyys: 30 cm  Tukijalan pituus: 80 cm  Paino: 16 kg  Kantokyky: 150 kg  Puolien m\u00e4\u00e4r\u00e4 osiota kohti: 4x4 (yhteens\u00e4 16 puolaa)  Korkeus kokoon taitettuna: 1,23 m  Korkeus porrastikkaana: 2,26 m  Korkeus sein\u00e4\u00e4n tuettuna: 4,66 m  Penkin korkeus: 1,20 m  VAKIO-OSAT   Irrotettava pohjan tukijalka  Nailonvahvistus tukijalan alustan sis\u00e4ll\u00e4  Nopeasti paikalleen asettuva automaattinen sarana  Liukumattomat, vahvistetut kumijalat  Kantokyky penkkin\u00e4 120 kg. Telinein\u00e4 k\u00e4ytt\u00e4minen on kielletty.  Merkint\u00e4 ja kokoamis- ja k\u00e4ytt\u00f6ohje  L\u00e4mp\u00f6kutistuva muovipakkaus ja kuvio","og_url":"https:\/\/fedemark.ee\/fi\/tuotteet\/suurikantokykyiset-tikkaat\/monikayttoiset-ja-muotoiltavat-teleskooppitikkaat\/lady-plus\/","og_site_name":"Fedemark","article_modified_time":"2017-08-04T08:53:42+00:00","og_image":[{"width":800,"height":800,"url":"https:\/\/fedemark.ee\/wp-content\/uploads\/2017\/06\/Lady-Plus-1.jpg","type":"image\/jpeg"}],"twitter_card":"summary_large_image","schema":{"@context":"https:\/\/schema.org","@graph":[{"@type":"WebPage","@id":"https:\/\/fedemark.ee\/fi\/tuotteet\/suurikantokykyiset-tikkaat\/monikayttoiset-ja-muotoiltavat-teleskooppitikkaat\/lady-plus\/","url":"https:\/\/fedemark.ee\/fi\/tuotteet\/suurikantokykyiset-tikkaat\/monikayttoiset-ja-muotoiltavat-teleskooppitikkaat\/lady-plus\/","name":"Lady Plus - Fedemark","isPartOf":{"@id":"https:\/\/fedemark.ee\/#website"},"primaryImageOfPage":{"@id":"https:\/\/fedemark.ee\/fi\/tuotteet\/suurikantokykyiset-tikkaat\/monikayttoiset-ja-muotoiltavat-teleskooppitikkaat\/lady-plus\/#primaryimage"},"image":{"@id":"https:\/\/fedemark.ee\/fi\/tuotteet\/suurikantokykyiset-tikkaat\/monikayttoiset-ja-muotoiltavat-teleskooppitikkaat\/lady-plus\/#primaryimage"},"thumbnailUrl":"https:\/\/fedemark.ee\/wp-content\/uploads\/2017\/06\/Lady-Plus-1.jpg","datePublished":"2017-06-15T13:13:48+00:00","dateModified":"2017-08-04T08:53:42+00:00","breadcrumb":{"@id":"https:\/\/fedemark.ee\/fi\/tuotteet\/suurikantokykyiset-tikkaat\/monikayttoiset-ja-muotoiltavat-teleskooppitikkaat\/lady-plus\/#breadcrumb"},"inLanguage":"fi-FI","potentialAction":[{"@type":"ReadAction","target":["https:\/\/fedemark.ee\/fi\/tuotteet\/suurikantokykyiset-tikkaat\/monikayttoiset-ja-muotoiltavat-teleskooppitikkaat\/lady-plus\/"]}]},{"@type":"ImageObject","inLanguage":"fi-FI","@id":"https:\/\/fedemark.ee\/fi\/tuotteet\/suurikantokykyiset-tikkaat\/monikayttoiset-ja-muotoiltavat-teleskooppitikkaat\/lady-plus\/#primaryimage","url":"https:\/\/fedemark.ee\/wp-content\/uploads\/2017\/06\/Lady-Plus-1.jpg","contentUrl":"https:\/\/fedemark.ee\/wp-content\/uploads\/2017\/06\/Lady-Plus-1.jpg","width":800,"height":800},{"@type":"BreadcrumbList","@id":"https:\/\/fedemark.ee\/fi\/tuotteet\/suurikantokykyiset-tikkaat\/monikayttoiset-ja-muotoiltavat-teleskooppitikkaat\/lady-plus\/#breadcrumb","itemListElement":[{"@type":"ListItem","position":1,"name":"Home","item":"https:\/\/fedemark.ee\/fi\/"},{"@type":"ListItem","position":2,"name":"Tuotteet","item":"https:\/\/fedemark.ee\/fi\/tuotteet\/"},{"@type":"ListItem","position":3,"name":"Lady Plus"}]},{"@type":"WebSite","@id":"https:\/\/fedemark.ee\/#website","url":"https:\/\/fedemark.ee\/","name":"Fedemark","description":"Redelid, Tellingud, T\u00f6\u00f6platvormid ja vahekorrused","potentialAction":[{"@type":"SearchAction","target":{"@type":"EntryPoint","urlTemplate":"https:\/\/fedemark.ee\/?s={search_term_string}"},"query-input":"required name=search_term_string"}],"inLanguage":"fi-FI"}]}},"_links":{"self":[{"href":"https:\/\/fedemark.ee\/fi\/wp-json\/wp\/v2\/product\/7989"}],"collection":[{"href":"https:\/\/fedemark.ee\/fi\/wp-json\/wp\/v2\/product"}],"about":[{"href":"https:\/\/fedemark.ee\/fi\/wp-json\/wp\/v2\/types\/product"}],"replies":[{"embeddable":true,"href":"https:\/\/fedemark.ee\/fi\/wp-json\/wp\/v2\/comments?post=7989"}],"version-history":[{"count":0,"href":"https:\/\/fedemark.ee\/fi\/wp-json\/wp\/v2\/product\/7989\/revisions"}],"wp:featuredmedia":[{"embeddable":true,"href":"https:\/\/fedemark.ee\/fi\/wp-json\/wp\/v2\/media\/8928"}],"wp:attachment":[{"href":"https:\/\/fedemark.ee\/fi\/wp-json\/wp\/v2\/media?parent=7989"}],"wp:term":[{"taxonomy":"product_cat","embeddable":true,"href":"https:\/\/fedemark.ee\/fi\/wp-json\/wp\/v2\/product_cat?post=7989"},{"taxonomy":"product_tag","embeddable":true,"href":"https:\/\/fedemark.ee\/fi\/wp-json\/wp\/v2\/product_tag?post=7989"}],"curies":[{"name":"wp","href":"https:\/\/api.w.org\/{rel}","templated":true}]}}