{"id":7991,"date":"2017-05-30T12:22:03","date_gmt":"2017-05-30T12:22:03","guid":{"rendered":"https:\/\/sharks.ee\/fedemark\/shop\/uncategorized\/baby\/"},"modified":"2017-08-04T09:07:39","modified_gmt":"2017-08-04T09:07:39","slug":"baby","status":"publish","type":"product","link":"https:\/\/fedemark.ee\/fi\/tuotteet\/telineet-ja-erikoisrakenteet\/suurikantokykyiset-terastelineet\/baby\/","title":{"rendered":"Baby"},"content":{"rendered":"","protected":false},"excerpt":{"rendered":"<p>Ammatti- ja kotik\u00e4ytt\u00f6\u00f6n tarkoitetut telineet on valmistettu vahvistetusta ja maalatusta ter\u00e4ksest\u00e4. Helposti koottavat telineet mahtuvat standardiovien kautta ja ne on varustettu jarrullisilla lukittavilla py\u00f6rill\u00e4 (4 kpl), joiden l\u00e4pimitta on 100 mm.<\/p>\n<p>Korkeus 1,91 m, ensimm\u00e4isell\u00e4 lis\u00e4korotuksella 0,89 m on kokonaiskorkeus 2,80 m, kahdella korotuksella 0,89 + 0,89 + 4 tukea + luukulliset ty\u00f6lavat + 2 turva-aitaa on kokonaiskorkeus 3,69 m.<\/p>\n<p>Perusmitat: 1,78 x 0,80<\/p>\n<p>Kantokyky 110 kg (tarkoitettu 1 henkil\u00f6lle)<\/p>\n<table style=\"height: 160px;\" width=\"607\">\n<tbody>\n<tr>\n<th><\/th>\n<th><img loading=\"lazy\" decoding=\"async\" class=\"alignnone size-full wp-image-4113\" src=\"https:\/\/fedemark.ee\/wp-content\/uploads\/2017\/05\/0211.jpg\" alt=\"\" width=\"25\" height=\"41\" \/><\/th>\n<th><img loading=\"lazy\" decoding=\"async\" class=\"alignnone size-full wp-image-4111\" src=\"https:\/\/fedemark.ee\/wp-content\/uploads\/2017\/05\/141.jpg\" alt=\"\" width=\"26\" height=\"56\" \/><\/th>\n<th><img loading=\"lazy\" decoding=\"async\" class=\"alignnone size-full wp-image-4109\" src=\"https:\/\/fedemark.ee\/wp-content\/uploads\/2017\/05\/08.jpg\" alt=\"\" width=\"27\" height=\"33\" \/><\/th>\n<\/tr>\n<tr>\n<td><strong>Baby<\/strong><\/td>\n<td>1,91<\/td>\n<td>3,30 \u2013 3,60<\/td>\n<td>32,50<\/td>\n<\/tr>\n<tr>\n<td>Korotus<\/td>\n<td>0,89<\/td>\n<td>\/<\/td>\n<td>7,50<\/td>\n<\/tr>\n<tr>\n<td>Baby\u00a0korkeudella\u00a0 2,80 m<\/td>\n<td>2,80<\/td>\n<td>4,00 \u2013 4,30<\/td>\n<td>40,00<\/td>\n<\/tr>\n<tr>\n<td>Korotus 3,69 m<\/td>\n<td>0,89<\/td>\n<td>\/<\/td>\n<td>15,50<\/td>\n<\/tr>\n<tr>\n<td>Baby korkeudella 3,69 m<\/td>\n<td>3,69<\/td>\n<td>4,90 \u2013 5,20<\/td>\n<td>55,00<\/td>\n<\/tr>\n<\/tbody>\n<\/table>\n","protected":false},"featured_media":7994,"comment_status":"open","ping_status":"closed","template":"","meta":{"footnotes":""},"product_cat":[196,206],"product_tag":[],"yoast_head":"<!-- This site is optimized with the Yoast SEO plugin v22.6 - https:\/\/yoast.com\/wordpress\/plugins\/seo\/ -->\n<title>Baby - Fedemark<\/title>\n<meta name=\"robots\" content=\"index, follow, max-snippet:-1, max-image-preview:large, max-video-preview:-1\" \/>\n<link rel=\"canonical\" href=\"https:\/\/fedemark.ee\/fi\/tuotteet\/telineet-ja-erikoisrakenteet\/suurikantokykyiset-terastelineet\/baby\/\" \/>\n<meta property=\"og:locale\" content=\"fi_FI\" \/>\n<meta property=\"og:type\" content=\"article\" \/>\n<meta property=\"og:title\" content=\"Baby - Fedemark\" \/>\n<meta property=\"og:description\" content=\"Ammatti- ja kotik\u00e4ytt\u00f6\u00f6n tarkoitetut telineet on valmistettu vahvistetusta ja maalatusta ter\u00e4ksest\u00e4. Helposti koottavat telineet mahtuvat standardiovien kautta ja ne on varustettu jarrullisilla lukittavilla py\u00f6rill\u00e4 (4 kpl), joiden l\u00e4pimitta on 100 mm.  Korkeus 1,91 m, ensimm\u00e4isell\u00e4 lis\u00e4korotuksella 0,89 m on kokonaiskorkeus 2,80 m, kahdella korotuksella 0,89 + 0,89 + 4 tukea + luukulliset ty\u00f6lavat + 2 turva-aitaa on kokonaiskorkeus 3,69 m.  Perusmitat: 1,78 x 0,80  Kantokyky 110 kg (tarkoitettu 1 henkil\u00f6lle)          Baby 1,91 3,30 \u2013 3,60 32,50   Korotus 0,89 \/ 7,50   Baby\u00a0korkeudella\u00a0 2,80 m 2,80 4,00 \u2013 4,30 40,00   Korotus 3,69 m 0,89 \/ 15,50   Baby korkeudella 3,69 m 3,69 4,90 \u2013 5,20 55,00\" \/>\n<meta property=\"og:url\" content=\"https:\/\/fedemark.ee\/fi\/tuotteet\/telineet-ja-erikoisrakenteet\/suurikantokykyiset-terastelineet\/baby\/\" \/>\n<meta property=\"og:site_name\" content=\"Fedemark\" \/>\n<meta property=\"article:modified_time\" content=\"2017-08-04T09:07:39+00:00\" \/>\n<meta property=\"og:image\" content=\"https:\/\/fedemark.ee\/wp-content\/uploads\/2017\/05\/terastelling-Baby-m-191.jpg\" \/>\n\t<meta property=\"og:image:width\" content=\"854\" \/>\n\t<meta property=\"og:image:height\" content=\"969\" \/>\n\t<meta property=\"og:image:type\" content=\"image\/jpeg\" \/>\n<meta name=\"twitter:card\" content=\"summary_large_image\" \/>\n<script type=\"application\/ld+json\" class=\"yoast-schema-graph\">{\"@context\":\"https:\/\/schema.org\",\"@graph\":[{\"@type\":\"WebPage\",\"@id\":\"https:\/\/fedemark.ee\/fi\/tuotteet\/telineet-ja-erikoisrakenteet\/suurikantokykyiset-terastelineet\/baby\/\",\"url\":\"https:\/\/fedemark.ee\/fi\/tuotteet\/telineet-ja-erikoisrakenteet\/suurikantokykyiset-terastelineet\/baby\/\",\"name\":\"Baby - Fedemark\",\"isPartOf\":{\"@id\":\"https:\/\/fedemark.ee\/#website\"},\"primaryImageOfPage\":{\"@id\":\"https:\/\/fedemark.ee\/fi\/tuotteet\/telineet-ja-erikoisrakenteet\/suurikantokykyiset-terastelineet\/baby\/#primaryimage\"},\"image\":{\"@id\":\"https:\/\/fedemark.ee\/fi\/tuotteet\/telineet-ja-erikoisrakenteet\/suurikantokykyiset-terastelineet\/baby\/#primaryimage\"},\"thumbnailUrl\":\"https:\/\/fedemark.ee\/wp-content\/uploads\/2017\/05\/terastelling-Baby-m-191.jpg\",\"datePublished\":\"2017-05-30T12:22:03+00:00\",\"dateModified\":\"2017-08-04T09:07:39+00:00\",\"breadcrumb\":{\"@id\":\"https:\/\/fedemark.ee\/fi\/tuotteet\/telineet-ja-erikoisrakenteet\/suurikantokykyiset-terastelineet\/baby\/#breadcrumb\"},\"inLanguage\":\"fi-FI\",\"potentialAction\":[{\"@type\":\"ReadAction\",\"target\":[\"https:\/\/fedemark.ee\/fi\/tuotteet\/telineet-ja-erikoisrakenteet\/suurikantokykyiset-terastelineet\/baby\/\"]}]},{\"@type\":\"ImageObject\",\"inLanguage\":\"fi-FI\",\"@id\":\"https:\/\/fedemark.ee\/fi\/tuotteet\/telineet-ja-erikoisrakenteet\/suurikantokykyiset-terastelineet\/baby\/#primaryimage\",\"url\":\"https:\/\/fedemark.ee\/wp-content\/uploads\/2017\/05\/terastelling-Baby-m-191.jpg\",\"contentUrl\":\"https:\/\/fedemark.ee\/wp-content\/uploads\/2017\/05\/terastelling-Baby-m-191.jpg\",\"width\":854,\"height\":969},{\"@type\":\"BreadcrumbList\",\"@id\":\"https:\/\/fedemark.ee\/fi\/tuotteet\/telineet-ja-erikoisrakenteet\/suurikantokykyiset-terastelineet\/baby\/#breadcrumb\",\"itemListElement\":[{\"@type\":\"ListItem\",\"position\":1,\"name\":\"Home\",\"item\":\"https:\/\/fedemark.ee\/fi\/\"},{\"@type\":\"ListItem\",\"position\":2,\"name\":\"Tuotteet\",\"item\":\"https:\/\/fedemark.ee\/fi\/tuotteet\/\"},{\"@type\":\"ListItem\",\"position\":3,\"name\":\"Baby\"}]},{\"@type\":\"WebSite\",\"@id\":\"https:\/\/fedemark.ee\/#website\",\"url\":\"https:\/\/fedemark.ee\/\",\"name\":\"Fedemark\",\"description\":\"Redelid, Tellingud, T\u00f6\u00f6platvormid ja vahekorrused\",\"potentialAction\":[{\"@type\":\"SearchAction\",\"target\":{\"@type\":\"EntryPoint\",\"urlTemplate\":\"https:\/\/fedemark.ee\/?s={search_term_string}\"},\"query-input\":\"required name=search_term_string\"}],\"inLanguage\":\"fi-FI\"}]}<\/script>\n<!-- \/ Yoast SEO plugin. -->","yoast_head_json":{"title":"Baby - Fedemark","robots":{"index":"index","follow":"follow","max-snippet":"max-snippet:-1","max-image-preview":"max-image-preview:large","max-video-preview":"max-video-preview:-1"},"canonical":"https:\/\/fedemark.ee\/fi\/tuotteet\/telineet-ja-erikoisrakenteet\/suurikantokykyiset-terastelineet\/baby\/","og_locale":"fi_FI","og_type":"article","og_title":"Baby - Fedemark","og_description":"Ammatti- ja kotik\u00e4ytt\u00f6\u00f6n tarkoitetut telineet on valmistettu vahvistetusta ja maalatusta ter\u00e4ksest\u00e4. Helposti koottavat telineet mahtuvat standardiovien kautta ja ne on varustettu jarrullisilla lukittavilla py\u00f6rill\u00e4 (4 kpl), joiden l\u00e4pimitta on 100 mm.  Korkeus 1,91 m, ensimm\u00e4isell\u00e4 lis\u00e4korotuksella 0,89 m on kokonaiskorkeus 2,80 m, kahdella korotuksella 0,89 + 0,89 + 4 tukea + luukulliset ty\u00f6lavat + 2 turva-aitaa on kokonaiskorkeus 3,69 m.  Perusmitat: 1,78 x 0,80  Kantokyky 110 kg (tarkoitettu 1 henkil\u00f6lle)          Baby 1,91 3,30 \u2013 3,60 32,50   Korotus 0,89 \/ 7,50   Baby\u00a0korkeudella\u00a0 2,80 m 2,80 4,00 \u2013 4,30 40,00   Korotus 3,69 m 0,89 \/ 15,50   Baby korkeudella 3,69 m 3,69 4,90 \u2013 5,20 55,00","og_url":"https:\/\/fedemark.ee\/fi\/tuotteet\/telineet-ja-erikoisrakenteet\/suurikantokykyiset-terastelineet\/baby\/","og_site_name":"Fedemark","article_modified_time":"2017-08-04T09:07:39+00:00","og_image":[{"width":854,"height":969,"url":"https:\/\/fedemark.ee\/wp-content\/uploads\/2017\/05\/terastelling-Baby-m-191.jpg","type":"image\/jpeg"}],"twitter_card":"summary_large_image","schema":{"@context":"https:\/\/schema.org","@graph":[{"@type":"WebPage","@id":"https:\/\/fedemark.ee\/fi\/tuotteet\/telineet-ja-erikoisrakenteet\/suurikantokykyiset-terastelineet\/baby\/","url":"https:\/\/fedemark.ee\/fi\/tuotteet\/telineet-ja-erikoisrakenteet\/suurikantokykyiset-terastelineet\/baby\/","name":"Baby - Fedemark","isPartOf":{"@id":"https:\/\/fedemark.ee\/#website"},"primaryImageOfPage":{"@id":"https:\/\/fedemark.ee\/fi\/tuotteet\/telineet-ja-erikoisrakenteet\/suurikantokykyiset-terastelineet\/baby\/#primaryimage"},"image":{"@id":"https:\/\/fedemark.ee\/fi\/tuotteet\/telineet-ja-erikoisrakenteet\/suurikantokykyiset-terastelineet\/baby\/#primaryimage"},"thumbnailUrl":"https:\/\/fedemark.ee\/wp-content\/uploads\/2017\/05\/terastelling-Baby-m-191.jpg","datePublished":"2017-05-30T12:22:03+00:00","dateModified":"2017-08-04T09:07:39+00:00","breadcrumb":{"@id":"https:\/\/fedemark.ee\/fi\/tuotteet\/telineet-ja-erikoisrakenteet\/suurikantokykyiset-terastelineet\/baby\/#breadcrumb"},"inLanguage":"fi-FI","potentialAction":[{"@type":"ReadAction","target":["https:\/\/fedemark.ee\/fi\/tuotteet\/telineet-ja-erikoisrakenteet\/suurikantokykyiset-terastelineet\/baby\/"]}]},{"@type":"ImageObject","inLanguage":"fi-FI","@id":"https:\/\/fedemark.ee\/fi\/tuotteet\/telineet-ja-erikoisrakenteet\/suurikantokykyiset-terastelineet\/baby\/#primaryimage","url":"https:\/\/fedemark.ee\/wp-content\/uploads\/2017\/05\/terastelling-Baby-m-191.jpg","contentUrl":"https:\/\/fedemark.ee\/wp-content\/uploads\/2017\/05\/terastelling-Baby-m-191.jpg","width":854,"height":969},{"@type":"BreadcrumbList","@id":"https:\/\/fedemark.ee\/fi\/tuotteet\/telineet-ja-erikoisrakenteet\/suurikantokykyiset-terastelineet\/baby\/#breadcrumb","itemListElement":[{"@type":"ListItem","position":1,"name":"Home","item":"https:\/\/fedemark.ee\/fi\/"},{"@type":"ListItem","position":2,"name":"Tuotteet","item":"https:\/\/fedemark.ee\/fi\/tuotteet\/"},{"@type":"ListItem","position":3,"name":"Baby"}]},{"@type":"WebSite","@id":"https:\/\/fedemark.ee\/#website","url":"https:\/\/fedemark.ee\/","name":"Fedemark","description":"Redelid, Tellingud, T\u00f6\u00f6platvormid ja vahekorrused","potentialAction":[{"@type":"SearchAction","target":{"@type":"EntryPoint","urlTemplate":"https:\/\/fedemark.ee\/?s={search_term_string}"},"query-input":"required name=search_term_string"}],"inLanguage":"fi-FI"}]}},"_links":{"self":[{"href":"https:\/\/fedemark.ee\/fi\/wp-json\/wp\/v2\/product\/7991"}],"collection":[{"href":"https:\/\/fedemark.ee\/fi\/wp-json\/wp\/v2\/product"}],"about":[{"href":"https:\/\/fedemark.ee\/fi\/wp-json\/wp\/v2\/types\/product"}],"replies":[{"embeddable":true,"href":"https:\/\/fedemark.ee\/fi\/wp-json\/wp\/v2\/comments?post=7991"}],"version-history":[{"count":0,"href":"https:\/\/fedemark.ee\/fi\/wp-json\/wp\/v2\/product\/7991\/revisions"}],"wp:featuredmedia":[{"embeddable":true,"href":"https:\/\/fedemark.ee\/fi\/wp-json\/wp\/v2\/media\/7994"}],"wp:attachment":[{"href":"https:\/\/fedemark.ee\/fi\/wp-json\/wp\/v2\/media?parent=7991"}],"wp:term":[{"taxonomy":"product_cat","embeddable":true,"href":"https:\/\/fedemark.ee\/fi\/wp-json\/wp\/v2\/product_cat?post=7991"},{"taxonomy":"product_tag","embeddable":true,"href":"https:\/\/fedemark.ee\/fi\/wp-json\/wp\/v2\/product_tag?post=7991"}],"curies":[{"name":"wp","href":"https:\/\/api.w.org\/{rel}","templated":true}]}}