{"id":7997,"date":"2017-05-30T12:34:49","date_gmt":"2017-05-30T12:34:49","guid":{"rendered":"https:\/\/sharks.ee\/fedemark\/shop\/uncategorized\/professional\/"},"modified":"2017-08-04T09:22:07","modified_gmt":"2017-08-04T09:22:07","slug":"professional","status":"publish","type":"product","link":"https:\/\/fedemark.ee\/fi\/tuotteet\/telineet-ja-erikoisrakenteet\/suurikantokykyiset-terastelineet\/professional\/","title":{"rendered":"Professional"},"content":{"rendered":"","protected":false},"excerpt":{"rendered":"<p><strong>Professional-telinej\u00e4rjestelm\u00e4<\/strong> on valmistettu galvanoidusta ter\u00e4ksest\u00e4 (Fe360), joka on erikoisk\u00e4sitelty ruosteen torjumiseksi. Tuote on tarkoitettu ammattik\u00e4ytt\u00f6\u00f6n. Jokaisen kerrosv\u00e4lin korkeus on 1,20 m. Tuotteen pohjav\u00e4ri on vihre\u00e4, josta erottuvat punaiseksi maalatut turvakaiteet. Telinej\u00e4rjestelm\u00e4n rakenne mahdollistaa ty\u00f6skentelyn jopa 20 m:n korkeudella. Tuote sopii ihanteellisesti maalaus-, kunnostus- ja rakennust\u00f6ihin. Ter\u00e4slohkot on valmistettu kest\u00e4v\u00e4st\u00e4 ter\u00e4ksest\u00e4 (l\u00e4pimitta 45 mm) ja askelmat ovat luistonestopintaiset. Tuotteen voi pystytt\u00e4\u00e4 kevyesti ty\u00f6kaluja k\u00e4ytt\u00e4m\u00e4tt\u00e4.<\/p>\n<p><strong>Turvallinen ja vakaa rakenne<\/strong><\/p>\n<p>Tuotteen paikallaan pysyminen on saavutettu erityisin poikkitangoin, vakavuus on varmistettu 12:lla muotoaan muuttamattomalla kolmiolla, jotka est\u00e4v\u00e4t telineiden liikkumisen my\u00f6s silloin, kun sit\u00e4 k\u00e4ytet\u00e4\u00e4n suurissa korkeuksissa. Poikkitangot on asennettu niin, ett\u00e4 k\u00e4ytt\u00e4j\u00e4lle j\u00e4\u00e4 leve\u00e4 turvallinen alue ty\u00f6skentelyyn.<\/p>\n<p><strong>Tekniset tiedot:<\/strong><\/p>\n<p>Koko: pituus 2,00 m, leveys 1,20 m<br \/>\nKorkeus: alkaen 1,70 m \u2013 19,70 m asti<br \/>\nPohjakokonaisuus: 43 kg, korkeus 0,50 m<br \/>\nV\u00e4likorkeudet: 25 kg, korkeus 1,2 m<br \/>\nTurvakaiteet: 30 kg, korkeus 1,20 m<br \/>\nTuet: 16 kg<br \/>\nProfiilin l\u00e4pimitta: 45 mm<br \/>\nTy\u00f6lavat ter\u00e4ksest\u00e4\/puusta: 2,04 m x 1,00 m (37 kg)<br \/>\nJarrulliset py\u00f6r\u00e4t: 4 kpl, \u00d8 200 mm<br \/>\nKantokyky: 200 kg neli\u00f6metri\u00e4 kohti (2 in)<\/p>\n<p><img loading=\"lazy\" decoding=\"async\" class=\"alignnone size-full wp-image-4118\" src=\"https:\/\/fedemark.ee\/wp-content\/uploads\/2017\/05\/professional-tabel1.jpg\" alt=\"\" width=\"350\" height=\"305\" srcset=\"https:\/\/fedemark.ee\/wp-content\/uploads\/2017\/05\/professional-tabel1.jpg 350w, https:\/\/fedemark.ee\/wp-content\/uploads\/2017\/05\/professional-tabel1-300x261.jpg 300w\" sizes=\"(max-width: 350px) 100vw, 350px\" \/><\/p>\n<p><img loading=\"lazy\" decoding=\"async\" class=\"alignnone wp-image-5317\" src=\"https:\/\/fedemark.ee\/wp-content\/uploads\/2017\/06\/Ikoonid_29-1.jpg\" alt=\"\" width=\"73\" height=\"68\" \/><img loading=\"lazy\" decoding=\"async\" class=\"alignnone wp-image-5285\" src=\"https:\/\/fedemark.ee\/wp-content\/uploads\/2017\/06\/Ikoonid_11.jpg\" alt=\"\" width=\"69\" height=\"69\" srcset=\"https:\/\/fedemark.ee\/wp-content\/uploads\/2017\/06\/Ikoonid_11.jpg 150w, https:\/\/fedemark.ee\/wp-content\/uploads\/2017\/06\/Ikoonid_11-100x100.jpg 100w\" sizes=\"(max-width: 69px) 100vw, 69px\" \/><img loading=\"lazy\" decoding=\"async\" class=\"alignnone wp-image-5329\" src=\"https:\/\/fedemark.ee\/wp-content\/uploads\/2017\/06\/Ikoonid_37-Copy.jpg\" alt=\"\" width=\"116\" height=\"52\" \/><img loading=\"lazy\" decoding=\"async\" class=\"alignnone wp-image-5337\" src=\"https:\/\/fedemark.ee\/wp-content\/uploads\/2017\/06\/Ikoonid_38-Copy.jpg\" alt=\"\" width=\"77\" height=\"74\" \/><\/p>\n","protected":false},"featured_media":8000,"comment_status":"open","ping_status":"closed","template":"","meta":{"footnotes":""},"product_cat":[196,206],"product_tag":[],"yoast_head":"<!-- This site is optimized with the Yoast SEO plugin v22.6 - https:\/\/yoast.com\/wordpress\/plugins\/seo\/ -->\n<title>Professional - Fedemark<\/title>\n<meta name=\"robots\" content=\"index, follow, max-snippet:-1, max-image-preview:large, max-video-preview:-1\" \/>\n<link rel=\"canonical\" href=\"https:\/\/fedemark.ee\/fi\/tuotteet\/telineet-ja-erikoisrakenteet\/suurikantokykyiset-terastelineet\/professional\/\" \/>\n<meta property=\"og:locale\" content=\"fi_FI\" \/>\n<meta property=\"og:type\" content=\"article\" \/>\n<meta property=\"og:title\" content=\"Professional - Fedemark\" \/>\n<meta property=\"og:description\" content=\"Professional-telinej\u00e4rjestelm\u00e4 on valmistettu galvanoidusta ter\u00e4ksest\u00e4 (Fe360), joka on erikoisk\u00e4sitelty ruosteen torjumiseksi. Tuote on tarkoitettu ammattik\u00e4ytt\u00f6\u00f6n. Jokaisen kerrosv\u00e4lin korkeus on 1,20 m. Tuotteen pohjav\u00e4ri on vihre\u00e4, josta erottuvat punaiseksi maalatut turvakaiteet. Telinej\u00e4rjestelm\u00e4n rakenne mahdollistaa ty\u00f6skentelyn jopa 20 m:n korkeudella. Tuote sopii ihanteellisesti maalaus-, kunnostus- ja rakennust\u00f6ihin. Ter\u00e4slohkot on valmistettu kest\u00e4v\u00e4st\u00e4 ter\u00e4ksest\u00e4 (l\u00e4pimitta 45 mm) ja askelmat ovat luistonestopintaiset. Tuotteen voi pystytt\u00e4\u00e4 kevyesti ty\u00f6kaluja k\u00e4ytt\u00e4m\u00e4tt\u00e4.  Turvallinen ja vakaa rakenne  Tuotteen paikallaan pysyminen on saavutettu erityisin poikkitangoin, vakavuus on varmistettu 12:lla muotoaan muuttamattomalla kolmiolla, jotka est\u00e4v\u00e4t telineiden liikkumisen my\u00f6s silloin, kun sit\u00e4 k\u00e4ytet\u00e4\u00e4n suurissa korkeuksissa. Poikkitangot on asennettu niin, ett\u00e4 k\u00e4ytt\u00e4j\u00e4lle j\u00e4\u00e4 leve\u00e4 turvallinen alue ty\u00f6skentelyyn.  Tekniset tiedot:  Koko: pituus 2,00 m, leveys 1,20 m Korkeus: alkaen 1,70 m \u2013 19,70 m asti Pohjakokonaisuus: 43 kg, korkeus 0,50 m V\u00e4likorkeudet: 25 kg, korkeus 1,2 m Turvakaiteet: 30 kg, korkeus 1,20 m Tuet: 16 kg Profiilin l\u00e4pimitta: 45 mm Ty\u00f6lavat ter\u00e4ksest\u00e4\/puusta: 2,04 m x 1,00 m (37 kg) Jarrulliset py\u00f6r\u00e4t: 4 kpl, \u00d8 200 mm Kantokyky: 200 kg neli\u00f6metri\u00e4 kohti (2 in)\" \/>\n<meta property=\"og:url\" content=\"https:\/\/fedemark.ee\/fi\/tuotteet\/telineet-ja-erikoisrakenteet\/suurikantokykyiset-terastelineet\/professional\/\" \/>\n<meta property=\"og:site_name\" content=\"Fedemark\" \/>\n<meta property=\"article:modified_time\" content=\"2017-08-04T09:22:07+00:00\" \/>\n<meta property=\"og:image\" content=\"https:\/\/fedemark.ee\/wp-content\/uploads\/2017\/05\/Professional-3.jpg\" \/>\n\t<meta property=\"og:image:width\" content=\"1460\" \/>\n\t<meta property=\"og:image:height\" content=\"2862\" \/>\n\t<meta property=\"og:image:type\" content=\"image\/jpeg\" \/>\n<meta name=\"twitter:card\" content=\"summary_large_image\" \/>\n<script type=\"application\/ld+json\" class=\"yoast-schema-graph\">{\"@context\":\"https:\/\/schema.org\",\"@graph\":[{\"@type\":\"WebPage\",\"@id\":\"https:\/\/fedemark.ee\/fi\/tuotteet\/telineet-ja-erikoisrakenteet\/suurikantokykyiset-terastelineet\/professional\/\",\"url\":\"https:\/\/fedemark.ee\/fi\/tuotteet\/telineet-ja-erikoisrakenteet\/suurikantokykyiset-terastelineet\/professional\/\",\"name\":\"Professional - Fedemark\",\"isPartOf\":{\"@id\":\"https:\/\/fedemark.ee\/#website\"},\"primaryImageOfPage\":{\"@id\":\"https:\/\/fedemark.ee\/fi\/tuotteet\/telineet-ja-erikoisrakenteet\/suurikantokykyiset-terastelineet\/professional\/#primaryimage\"},\"image\":{\"@id\":\"https:\/\/fedemark.ee\/fi\/tuotteet\/telineet-ja-erikoisrakenteet\/suurikantokykyiset-terastelineet\/professional\/#primaryimage\"},\"thumbnailUrl\":\"https:\/\/fedemark.ee\/wp-content\/uploads\/2017\/05\/Professional-3.jpg\",\"datePublished\":\"2017-05-30T12:34:49+00:00\",\"dateModified\":\"2017-08-04T09:22:07+00:00\",\"breadcrumb\":{\"@id\":\"https:\/\/fedemark.ee\/fi\/tuotteet\/telineet-ja-erikoisrakenteet\/suurikantokykyiset-terastelineet\/professional\/#breadcrumb\"},\"inLanguage\":\"fi-FI\",\"potentialAction\":[{\"@type\":\"ReadAction\",\"target\":[\"https:\/\/fedemark.ee\/fi\/tuotteet\/telineet-ja-erikoisrakenteet\/suurikantokykyiset-terastelineet\/professional\/\"]}]},{\"@type\":\"ImageObject\",\"inLanguage\":\"fi-FI\",\"@id\":\"https:\/\/fedemark.ee\/fi\/tuotteet\/telineet-ja-erikoisrakenteet\/suurikantokykyiset-terastelineet\/professional\/#primaryimage\",\"url\":\"https:\/\/fedemark.ee\/wp-content\/uploads\/2017\/05\/Professional-3.jpg\",\"contentUrl\":\"https:\/\/fedemark.ee\/wp-content\/uploads\/2017\/05\/Professional-3.jpg\",\"width\":1460,\"height\":2862},{\"@type\":\"BreadcrumbList\",\"@id\":\"https:\/\/fedemark.ee\/fi\/tuotteet\/telineet-ja-erikoisrakenteet\/suurikantokykyiset-terastelineet\/professional\/#breadcrumb\",\"itemListElement\":[{\"@type\":\"ListItem\",\"position\":1,\"name\":\"Home\",\"item\":\"https:\/\/fedemark.ee\/fi\/\"},{\"@type\":\"ListItem\",\"position\":2,\"name\":\"Tuotteet\",\"item\":\"https:\/\/fedemark.ee\/fi\/tuotteet\/\"},{\"@type\":\"ListItem\",\"position\":3,\"name\":\"Professional\"}]},{\"@type\":\"WebSite\",\"@id\":\"https:\/\/fedemark.ee\/#website\",\"url\":\"https:\/\/fedemark.ee\/\",\"name\":\"Fedemark\",\"description\":\"Redelid, Tellingud, T\u00f6\u00f6platvormid ja vahekorrused\",\"potentialAction\":[{\"@type\":\"SearchAction\",\"target\":{\"@type\":\"EntryPoint\",\"urlTemplate\":\"https:\/\/fedemark.ee\/?s={search_term_string}\"},\"query-input\":\"required name=search_term_string\"}],\"inLanguage\":\"fi-FI\"}]}<\/script>\n<!-- \/ Yoast SEO plugin. -->","yoast_head_json":{"title":"Professional - Fedemark","robots":{"index":"index","follow":"follow","max-snippet":"max-snippet:-1","max-image-preview":"max-image-preview:large","max-video-preview":"max-video-preview:-1"},"canonical":"https:\/\/fedemark.ee\/fi\/tuotteet\/telineet-ja-erikoisrakenteet\/suurikantokykyiset-terastelineet\/professional\/","og_locale":"fi_FI","og_type":"article","og_title":"Professional - Fedemark","og_description":"Professional-telinej\u00e4rjestelm\u00e4 on valmistettu galvanoidusta ter\u00e4ksest\u00e4 (Fe360), joka on erikoisk\u00e4sitelty ruosteen torjumiseksi. Tuote on tarkoitettu ammattik\u00e4ytt\u00f6\u00f6n. Jokaisen kerrosv\u00e4lin korkeus on 1,20 m. Tuotteen pohjav\u00e4ri on vihre\u00e4, josta erottuvat punaiseksi maalatut turvakaiteet. Telinej\u00e4rjestelm\u00e4n rakenne mahdollistaa ty\u00f6skentelyn jopa 20 m:n korkeudella. Tuote sopii ihanteellisesti maalaus-, kunnostus- ja rakennust\u00f6ihin. Ter\u00e4slohkot on valmistettu kest\u00e4v\u00e4st\u00e4 ter\u00e4ksest\u00e4 (l\u00e4pimitta 45 mm) ja askelmat ovat luistonestopintaiset. Tuotteen voi pystytt\u00e4\u00e4 kevyesti ty\u00f6kaluja k\u00e4ytt\u00e4m\u00e4tt\u00e4.  Turvallinen ja vakaa rakenne  Tuotteen paikallaan pysyminen on saavutettu erityisin poikkitangoin, vakavuus on varmistettu 12:lla muotoaan muuttamattomalla kolmiolla, jotka est\u00e4v\u00e4t telineiden liikkumisen my\u00f6s silloin, kun sit\u00e4 k\u00e4ytet\u00e4\u00e4n suurissa korkeuksissa. Poikkitangot on asennettu niin, ett\u00e4 k\u00e4ytt\u00e4j\u00e4lle j\u00e4\u00e4 leve\u00e4 turvallinen alue ty\u00f6skentelyyn.  Tekniset tiedot:  Koko: pituus 2,00 m, leveys 1,20 m Korkeus: alkaen 1,70 m \u2013 19,70 m asti Pohjakokonaisuus: 43 kg, korkeus 0,50 m V\u00e4likorkeudet: 25 kg, korkeus 1,2 m Turvakaiteet: 30 kg, korkeus 1,20 m Tuet: 16 kg Profiilin l\u00e4pimitta: 45 mm Ty\u00f6lavat ter\u00e4ksest\u00e4\/puusta: 2,04 m x 1,00 m (37 kg) Jarrulliset py\u00f6r\u00e4t: 4 kpl, \u00d8 200 mm Kantokyky: 200 kg neli\u00f6metri\u00e4 kohti (2 in)","og_url":"https:\/\/fedemark.ee\/fi\/tuotteet\/telineet-ja-erikoisrakenteet\/suurikantokykyiset-terastelineet\/professional\/","og_site_name":"Fedemark","article_modified_time":"2017-08-04T09:22:07+00:00","og_image":[{"width":1460,"height":2862,"url":"https:\/\/fedemark.ee\/wp-content\/uploads\/2017\/05\/Professional-3.jpg","type":"image\/jpeg"}],"twitter_card":"summary_large_image","schema":{"@context":"https:\/\/schema.org","@graph":[{"@type":"WebPage","@id":"https:\/\/fedemark.ee\/fi\/tuotteet\/telineet-ja-erikoisrakenteet\/suurikantokykyiset-terastelineet\/professional\/","url":"https:\/\/fedemark.ee\/fi\/tuotteet\/telineet-ja-erikoisrakenteet\/suurikantokykyiset-terastelineet\/professional\/","name":"Professional - Fedemark","isPartOf":{"@id":"https:\/\/fedemark.ee\/#website"},"primaryImageOfPage":{"@id":"https:\/\/fedemark.ee\/fi\/tuotteet\/telineet-ja-erikoisrakenteet\/suurikantokykyiset-terastelineet\/professional\/#primaryimage"},"image":{"@id":"https:\/\/fedemark.ee\/fi\/tuotteet\/telineet-ja-erikoisrakenteet\/suurikantokykyiset-terastelineet\/professional\/#primaryimage"},"thumbnailUrl":"https:\/\/fedemark.ee\/wp-content\/uploads\/2017\/05\/Professional-3.jpg","datePublished":"2017-05-30T12:34:49+00:00","dateModified":"2017-08-04T09:22:07+00:00","breadcrumb":{"@id":"https:\/\/fedemark.ee\/fi\/tuotteet\/telineet-ja-erikoisrakenteet\/suurikantokykyiset-terastelineet\/professional\/#breadcrumb"},"inLanguage":"fi-FI","potentialAction":[{"@type":"ReadAction","target":["https:\/\/fedemark.ee\/fi\/tuotteet\/telineet-ja-erikoisrakenteet\/suurikantokykyiset-terastelineet\/professional\/"]}]},{"@type":"ImageObject","inLanguage":"fi-FI","@id":"https:\/\/fedemark.ee\/fi\/tuotteet\/telineet-ja-erikoisrakenteet\/suurikantokykyiset-terastelineet\/professional\/#primaryimage","url":"https:\/\/fedemark.ee\/wp-content\/uploads\/2017\/05\/Professional-3.jpg","contentUrl":"https:\/\/fedemark.ee\/wp-content\/uploads\/2017\/05\/Professional-3.jpg","width":1460,"height":2862},{"@type":"BreadcrumbList","@id":"https:\/\/fedemark.ee\/fi\/tuotteet\/telineet-ja-erikoisrakenteet\/suurikantokykyiset-terastelineet\/professional\/#breadcrumb","itemListElement":[{"@type":"ListItem","position":1,"name":"Home","item":"https:\/\/fedemark.ee\/fi\/"},{"@type":"ListItem","position":2,"name":"Tuotteet","item":"https:\/\/fedemark.ee\/fi\/tuotteet\/"},{"@type":"ListItem","position":3,"name":"Professional"}]},{"@type":"WebSite","@id":"https:\/\/fedemark.ee\/#website","url":"https:\/\/fedemark.ee\/","name":"Fedemark","description":"Redelid, Tellingud, T\u00f6\u00f6platvormid ja vahekorrused","potentialAction":[{"@type":"SearchAction","target":{"@type":"EntryPoint","urlTemplate":"https:\/\/fedemark.ee\/?s={search_term_string}"},"query-input":"required name=search_term_string"}],"inLanguage":"fi-FI"}]}},"_links":{"self":[{"href":"https:\/\/fedemark.ee\/fi\/wp-json\/wp\/v2\/product\/7997"}],"collection":[{"href":"https:\/\/fedemark.ee\/fi\/wp-json\/wp\/v2\/product"}],"about":[{"href":"https:\/\/fedemark.ee\/fi\/wp-json\/wp\/v2\/types\/product"}],"replies":[{"embeddable":true,"href":"https:\/\/fedemark.ee\/fi\/wp-json\/wp\/v2\/comments?post=7997"}],"version-history":[{"count":0,"href":"https:\/\/fedemark.ee\/fi\/wp-json\/wp\/v2\/product\/7997\/revisions"}],"wp:featuredmedia":[{"embeddable":true,"href":"https:\/\/fedemark.ee\/fi\/wp-json\/wp\/v2\/media\/8000"}],"wp:attachment":[{"href":"https:\/\/fedemark.ee\/fi\/wp-json\/wp\/v2\/media?parent=7997"}],"wp:term":[{"taxonomy":"product_cat","embeddable":true,"href":"https:\/\/fedemark.ee\/fi\/wp-json\/wp\/v2\/product_cat?post=7997"},{"taxonomy":"product_tag","embeddable":true,"href":"https:\/\/fedemark.ee\/fi\/wp-json\/wp\/v2\/product_tag?post=7997"}],"curies":[{"name":"wp","href":"https:\/\/api.w.org\/{rel}","templated":true}]}}