{"id":8003,"date":"2017-05-30T12:37:06","date_gmt":"2017-05-30T12:37:06","guid":{"rendered":"https:\/\/sharks.ee\/fedemark\/shop\/uncategorized\/millenium-s\/"},"modified":"2017-11-16T18:05:10","modified_gmt":"2017-11-16T18:05:10","slug":"millenium-s","status":"publish","type":"product","link":"https:\/\/fedemark.ee\/fi\/tuotteet\/telineet-ja-erikoisrakenteet\/alumiiniset-suurikantokykyiset-telineet\/millenium-s\/","title":{"rendered":"Millenium S"},"content":{"rendered":"","protected":false},"excerpt":{"rendered":"<p><strong>Millenium<\/strong> on alumiiniteline, joka on suunniteltu koti- ja ammattik\u00e4ytt\u00f6\u00f6n. Tuote on rakennettu vaihteluv\u00e4lein: korkeus 2,10 m, v\u00e4likorkeus 0,90 m; suurin ty\u00f6skentelykorkeus on 10,18 m. Tuote sopii useimpiin kunnostust\u00f6ihin ja on erityisen sopiva sis\u00e4- ja ulkoviimeistelyt\u00f6ihin. Tuote on valmistettu kevyest\u00e4 alumiiniseoksesta (l\u00e4pimitta 42 mm) ja siin\u00e4 on liukumattomat askelmat. Telineiden kokonaismitat ovat pienet, jonka ansiosta telineit\u00e4 on kevyt kuljettaa ja pystytt\u00e4\u00e4 ty\u00f6kaluja k\u00e4ytt\u00e4m\u00e4tt\u00e4. Tuote on valmistettu vahvasta kevyest\u00e4 alumiinista ja sill\u00e4 on 5 vuoden takuu. Tuote vastaa eurooppalaista standardia EN1004.<\/p>\n<p><strong>Milleniumin kokonaiskorkeudeksi on mahdollista saavuttaa 9,18 m.<\/strong><\/p>\n<p>Alkaen 6,18 m:n korkeudelta on mahdollista pystytt\u00e4\u00e4 D-moduuli 0,90 m ja E-moduuli 2,10 m (joka sis\u00e4lt\u00e4\u00e4 ty\u00f6lavan lis\u00e4ksi, 2 k\u00e4sikaidetta ja 2 turvakaidetta), joilla on mahdollista saavuttaa kokonaiskorkeudeksi 9,18 m (eli t\u00f6it\u00e4 voidaan suorittaa 10,18 m:n korkeudella). Kehykset, joiden askelmien v\u00e4li on 30 cm, mahdollistavat turvallisen liikkumisen lavalta toiselle (vastaten eurooppalaista standardia) k\u00e4ytt\u00e4m\u00e4tt\u00e4 sis\u00e4tikkaita. Moduuli D voidaan asentaa jokaiseen moduuliin v\u00e4likorkeuden saavuttamiseksi.<\/p>\n<p><strong>Tekniset tiedot:<\/strong><\/p>\n<p>Moduuli A yleismitat (ilman alusta): 1,60\u00d70,80 m<br \/>\nModuuli B yleismitat (alustalla): 1,70\u00d71,30 m<br \/>\nTy\u00f6lavat: 1,40 m x 0,60 m (12,5 kg)<br \/>\n3 luokka: kantokyky 200 kg neli\u00f6metri\u00e4 kohti (2 in)<br \/>\nLiukuestovarmojen askelmien v\u00e4li: 30 cm<br \/>\nJarrulliset py\u00f6r\u00e4t: 4 kpl, \u00d8 200 mm<br \/>\nValmistajan takuu: 5 vuotta<\/p>\n<p>Millenium S EN1004 (valinnainen) on vakio-Milleniumin kehittyneempi malli. Millinium S poikkeaa vaakasuorien k\u00e4sikaiteiden ja ristikk\u00e4isten jarrujen (kiinnikkeiden) osalta, joissa on patentoidut koukut itselukitukseen. Se mahdollistaa osien mukavan asennuksen. Jarrut (kiinnikkeet) asennetaan helposti, joka merkitsee ajans\u00e4\u00e4st\u00f6\u00e4 sek\u00e4 tuotteen pystytyksess\u00e4 ett\u00e4 purkuty\u00f6ss\u00e4 (noin 30 %).<\/p>\n<table>\n<tbody>\n<tr>\n<td width=\"99\">Ty\u00f6tason korkeus\u00a0(m)<\/td>\n<td width=\"99\">Teline korkeus\u00a0(m)<\/td>\n<td width=\"100\">Ty\u00f6n korkeus(m)<\/td>\n<td width=\"99\">Moduulit<\/td>\n<td width=\"110\">Ty\u00f6tasot<\/td>\n<td width=\"98\">Paino kg<\/td>\n<\/tr>\n<tr>\n<td width=\"99\">1,00<\/td>\n<td width=\"99\">1,95<\/td>\n<td width=\"100\">3,00<\/td>\n<td width=\"99\">A<\/td>\n<td width=\"110\">1<\/td>\n<td width=\"98\">32,00<\/td>\n<\/tr>\n<tr>\n<td width=\"99\">1,85<\/td>\n<td width=\"99\">2,85<\/td>\n<td width=\"100\">3,85<\/td>\n<td width=\"99\">A+D<\/td>\n<td width=\"110\">1<\/td>\n<td width=\"98\">37,00<\/td>\n<\/tr>\n<tr>\n<td width=\"99\">3,08<\/td>\n<td width=\"99\">4,08<\/td>\n<td width=\"100\">5,08<\/td>\n<td width=\"99\">A+B<\/td>\n<td width=\"110\">1<\/td>\n<td width=\"98\">68,00<\/td>\n<\/tr>\n<tr>\n<td width=\"99\">3,98<\/td>\n<td width=\"99\">4,98<\/td>\n<td width=\"100\">5,98<\/td>\n<td width=\"99\">A+B+D<\/td>\n<td width=\"110\">1<\/td>\n<td width=\"98\">72,00<\/td>\n<\/tr>\n<tr>\n<td width=\"99\">5,18<\/td>\n<td width=\"99\">6,18<\/td>\n<td width=\"100\">7,18<\/td>\n<td width=\"99\">A+B+C<\/td>\n<td width=\"110\">2<\/td>\n<td width=\"98\">100,00<\/td>\n<\/tr>\n<tr>\n<td width=\"99\">6,08<\/td>\n<td width=\"99\">7,08<\/td>\n<td width=\"100\">8,08<\/td>\n<td width=\"99\">A+B+C+D<\/td>\n<td width=\"110\">2<\/td>\n<td width=\"98\">104,00<\/td>\n<\/tr>\n<tr>\n<td width=\"99\">8,18<\/td>\n<td width=\"99\">9,18<\/td>\n<td width=\"100\">10,18<\/td>\n<td width=\"99\">A+B+C+C+D<\/td>\n<td width=\"110\">3<\/td>\n<td width=\"98\">136,00<\/td>\n<\/tr>\n<\/tbody>\n<\/table>\n<p><img loading=\"lazy\" decoding=\"async\" class=\"alignnone wp-image-5317\" src=\"https:\/\/fedemark.ee\/wp-content\/uploads\/2017\/06\/Ikoonid_29-1.jpg\" alt=\"\" width=\"76\" height=\"70\" \/><img loading=\"lazy\" decoding=\"async\" class=\"alignnone wp-image-5285\" src=\"https:\/\/fedemark.ee\/wp-content\/uploads\/2017\/06\/Ikoonid_11.jpg\" alt=\"\" width=\"73\" height=\"73\" srcset=\"https:\/\/fedemark.ee\/wp-content\/uploads\/2017\/06\/Ikoonid_11.jpg 150w, https:\/\/fedemark.ee\/wp-content\/uploads\/2017\/06\/Ikoonid_11-100x100.jpg 100w\" sizes=\"(max-width: 73px) 100vw, 73px\" \/><img loading=\"lazy\" decoding=\"async\" class=\"alignnone wp-image-5329\" src=\"https:\/\/fedemark.ee\/wp-content\/uploads\/2017\/06\/Ikoonid_37-Copy.jpg\" alt=\"\" width=\"125\" height=\"56\" \/><img loading=\"lazy\" decoding=\"async\" class=\"alignnone wp-image-5337\" src=\"https:\/\/fedemark.ee\/wp-content\/uploads\/2017\/06\/Ikoonid_38-Copy.jpg\" alt=\"\" width=\"82\" height=\"78\" \/><\/p>\n","protected":false},"featured_media":8011,"comment_status":"open","ping_status":"closed","template":"","meta":{"footnotes":""},"product_cat":[193],"product_tag":[],"yoast_head":"<!-- This site is optimized with the Yoast SEO plugin v22.6 - https:\/\/yoast.com\/wordpress\/plugins\/seo\/ -->\n<title>Millenium S - Fedemark<\/title>\n<meta name=\"robots\" content=\"index, follow, max-snippet:-1, max-image-preview:large, max-video-preview:-1\" \/>\n<link rel=\"canonical\" href=\"https:\/\/fedemark.ee\/fi\/tuotteet\/telineet-ja-erikoisrakenteet\/alumiiniset-suurikantokykyiset-telineet\/millenium-s\/\" \/>\n<meta property=\"og:locale\" content=\"fi_FI\" \/>\n<meta property=\"og:type\" content=\"article\" \/>\n<meta property=\"og:title\" content=\"Millenium S - Fedemark\" \/>\n<meta property=\"og:description\" content=\"Millenium on alumiiniteline, joka on suunniteltu koti- ja ammattik\u00e4ytt\u00f6\u00f6n. Tuote on rakennettu vaihteluv\u00e4lein: korkeus 2,10 m, v\u00e4likorkeus 0,90 m; suurin ty\u00f6skentelykorkeus on 10,18 m. Tuote sopii useimpiin kunnostust\u00f6ihin ja on erityisen sopiva sis\u00e4- ja ulkoviimeistelyt\u00f6ihin. Tuote on valmistettu kevyest\u00e4 alumiiniseoksesta (l\u00e4pimitta 42 mm) ja siin\u00e4 on liukumattomat askelmat. Telineiden kokonaismitat ovat pienet, jonka ansiosta telineit\u00e4 on kevyt kuljettaa ja pystytt\u00e4\u00e4 ty\u00f6kaluja k\u00e4ytt\u00e4m\u00e4tt\u00e4. Tuote on valmistettu vahvasta kevyest\u00e4 alumiinista ja sill\u00e4 on 5 vuoden takuu. Tuote vastaa eurooppalaista standardia EN1004.  Milleniumin kokonaiskorkeudeksi on mahdollista saavuttaa 9,18 m.  Alkaen 6,18 m:n korkeudelta on mahdollista pystytt\u00e4\u00e4 D-moduuli 0,90 m ja E-moduuli 2,10 m (joka sis\u00e4lt\u00e4\u00e4 ty\u00f6lavan lis\u00e4ksi, 2 k\u00e4sikaidetta ja 2 turvakaidetta), joilla on mahdollista saavuttaa kokonaiskorkeudeksi 9,18 m (eli t\u00f6it\u00e4 voidaan suorittaa 10,18 m:n korkeudella). Kehykset, joiden askelmien v\u00e4li on 30 cm, mahdollistavat turvallisen liikkumisen lavalta toiselle (vastaten eurooppalaista standardia) k\u00e4ytt\u00e4m\u00e4tt\u00e4 sis\u00e4tikkaita. Moduuli D voidaan asentaa jokaiseen moduuliin v\u00e4likorkeuden saavuttamiseksi.  Tekniset tiedot:  Moduuli A yleismitat (ilman alusta): 1,60\u00d70,80 m Moduuli B yleismitat (alustalla): 1,70\u00d71,30 m Ty\u00f6lavat: 1,40 m x 0,60 m (12,5 kg) 3 luokka: kantokyky 200 kg neli\u00f6metri\u00e4 kohti (2 in) Liukuestovarmojen askelmien v\u00e4li: 30 cm Jarrulliset py\u00f6r\u00e4t: 4 kpl, \u00d8 200 mm Valmistajan takuu: 5 vuotta  Millenium S EN1004 (valinnainen) on vakio-Milleniumin kehittyneempi malli. Millinium S poikkeaa vaakasuorien k\u00e4sikaiteiden ja ristikk\u00e4isten jarrujen (kiinnikkeiden) osalta, joissa on patentoidut koukut itselukitukseen. Se mahdollistaa osien mukavan asennuksen. Jarrut (kiinnikkeet) asennetaan helposti, joka merkitsee ajans\u00e4\u00e4st\u00f6\u00e4 sek\u00e4 tuotteen pystytyksess\u00e4 ett\u00e4 purkuty\u00f6ss\u00e4 (noin 30 %).    Ty\u00f6tason korkeus\u00a0(m) Teline korkeus\u00a0(m) Ty\u00f6n korkeus(m) Moduulit Ty\u00f6tasot Paino kg   1,00 1,95 3,00 A 1 32,00   1,85 2,85 3,85 A+D 1 37,00   3,08 4,08 5,08 A+B 1 68,00   3,98 4,98 5,98 A+B+D 1 72,00   5,18 6,18 7,18 A+B+C 2 100,00   6,08 7,08 8,08 A+B+C+D 2 104,00   8,18 9,18 10,18 A+B+C+C+D 3 136,00\" \/>\n<meta property=\"og:url\" content=\"https:\/\/fedemark.ee\/fi\/tuotteet\/telineet-ja-erikoisrakenteet\/alumiiniset-suurikantokykyiset-telineet\/millenium-s\/\" \/>\n<meta property=\"og:site_name\" content=\"Fedemark\" \/>\n<meta property=\"article:modified_time\" content=\"2017-11-16T18:05:10+00:00\" \/>\n<meta property=\"og:image\" content=\"https:\/\/fedemark.ee\/wp-content\/uploads\/2017\/05\/Alumiiniumtelling-Millenium-S-moodul-A-kasutamiseks-treppidel.jpg\" \/>\n\t<meta property=\"og:image:width\" content=\"245\" \/>\n\t<meta property=\"og:image:height\" content=\"402\" \/>\n\t<meta property=\"og:image:type\" content=\"image\/jpeg\" \/>\n<meta name=\"twitter:card\" content=\"summary_large_image\" \/>\n<script type=\"application\/ld+json\" class=\"yoast-schema-graph\">{\"@context\":\"https:\/\/schema.org\",\"@graph\":[{\"@type\":\"WebPage\",\"@id\":\"https:\/\/fedemark.ee\/fi\/tuotteet\/telineet-ja-erikoisrakenteet\/alumiiniset-suurikantokykyiset-telineet\/millenium-s\/\",\"url\":\"https:\/\/fedemark.ee\/fi\/tuotteet\/telineet-ja-erikoisrakenteet\/alumiiniset-suurikantokykyiset-telineet\/millenium-s\/\",\"name\":\"Millenium S - Fedemark\",\"isPartOf\":{\"@id\":\"https:\/\/fedemark.ee\/#website\"},\"primaryImageOfPage\":{\"@id\":\"https:\/\/fedemark.ee\/fi\/tuotteet\/telineet-ja-erikoisrakenteet\/alumiiniset-suurikantokykyiset-telineet\/millenium-s\/#primaryimage\"},\"image\":{\"@id\":\"https:\/\/fedemark.ee\/fi\/tuotteet\/telineet-ja-erikoisrakenteet\/alumiiniset-suurikantokykyiset-telineet\/millenium-s\/#primaryimage\"},\"thumbnailUrl\":\"https:\/\/fedemark.ee\/wp-content\/uploads\/2017\/05\/Alumiiniumtelling-Millenium-S-moodul-A-kasutamiseks-treppidel.jpg\",\"datePublished\":\"2017-05-30T12:37:06+00:00\",\"dateModified\":\"2017-11-16T18:05:10+00:00\",\"breadcrumb\":{\"@id\":\"https:\/\/fedemark.ee\/fi\/tuotteet\/telineet-ja-erikoisrakenteet\/alumiiniset-suurikantokykyiset-telineet\/millenium-s\/#breadcrumb\"},\"inLanguage\":\"fi-FI\",\"potentialAction\":[{\"@type\":\"ReadAction\",\"target\":[\"https:\/\/fedemark.ee\/fi\/tuotteet\/telineet-ja-erikoisrakenteet\/alumiiniset-suurikantokykyiset-telineet\/millenium-s\/\"]}]},{\"@type\":\"ImageObject\",\"inLanguage\":\"fi-FI\",\"@id\":\"https:\/\/fedemark.ee\/fi\/tuotteet\/telineet-ja-erikoisrakenteet\/alumiiniset-suurikantokykyiset-telineet\/millenium-s\/#primaryimage\",\"url\":\"https:\/\/fedemark.ee\/wp-content\/uploads\/2017\/05\/Alumiiniumtelling-Millenium-S-moodul-A-kasutamiseks-treppidel.jpg\",\"contentUrl\":\"https:\/\/fedemark.ee\/wp-content\/uploads\/2017\/05\/Alumiiniumtelling-Millenium-S-moodul-A-kasutamiseks-treppidel.jpg\",\"width\":245,\"height\":402},{\"@type\":\"BreadcrumbList\",\"@id\":\"https:\/\/fedemark.ee\/fi\/tuotteet\/telineet-ja-erikoisrakenteet\/alumiiniset-suurikantokykyiset-telineet\/millenium-s\/#breadcrumb\",\"itemListElement\":[{\"@type\":\"ListItem\",\"position\":1,\"name\":\"Home\",\"item\":\"https:\/\/fedemark.ee\/fi\/\"},{\"@type\":\"ListItem\",\"position\":2,\"name\":\"Tuotteet\",\"item\":\"https:\/\/fedemark.ee\/fi\/tuotteet\/\"},{\"@type\":\"ListItem\",\"position\":3,\"name\":\"Millenium S\"}]},{\"@type\":\"WebSite\",\"@id\":\"https:\/\/fedemark.ee\/#website\",\"url\":\"https:\/\/fedemark.ee\/\",\"name\":\"Fedemark\",\"description\":\"Redelid, Tellingud, T\u00f6\u00f6platvormid ja vahekorrused\",\"potentialAction\":[{\"@type\":\"SearchAction\",\"target\":{\"@type\":\"EntryPoint\",\"urlTemplate\":\"https:\/\/fedemark.ee\/?s={search_term_string}\"},\"query-input\":\"required name=search_term_string\"}],\"inLanguage\":\"fi-FI\"}]}<\/script>\n<!-- \/ Yoast SEO plugin. -->","yoast_head_json":{"title":"Millenium S - Fedemark","robots":{"index":"index","follow":"follow","max-snippet":"max-snippet:-1","max-image-preview":"max-image-preview:large","max-video-preview":"max-video-preview:-1"},"canonical":"https:\/\/fedemark.ee\/fi\/tuotteet\/telineet-ja-erikoisrakenteet\/alumiiniset-suurikantokykyiset-telineet\/millenium-s\/","og_locale":"fi_FI","og_type":"article","og_title":"Millenium S - Fedemark","og_description":"Millenium on alumiiniteline, joka on suunniteltu koti- ja ammattik\u00e4ytt\u00f6\u00f6n. Tuote on rakennettu vaihteluv\u00e4lein: korkeus 2,10 m, v\u00e4likorkeus 0,90 m; suurin ty\u00f6skentelykorkeus on 10,18 m. Tuote sopii useimpiin kunnostust\u00f6ihin ja on erityisen sopiva sis\u00e4- ja ulkoviimeistelyt\u00f6ihin. Tuote on valmistettu kevyest\u00e4 alumiiniseoksesta (l\u00e4pimitta 42 mm) ja siin\u00e4 on liukumattomat askelmat. Telineiden kokonaismitat ovat pienet, jonka ansiosta telineit\u00e4 on kevyt kuljettaa ja pystytt\u00e4\u00e4 ty\u00f6kaluja k\u00e4ytt\u00e4m\u00e4tt\u00e4. Tuote on valmistettu vahvasta kevyest\u00e4 alumiinista ja sill\u00e4 on 5 vuoden takuu. Tuote vastaa eurooppalaista standardia EN1004.  Milleniumin kokonaiskorkeudeksi on mahdollista saavuttaa 9,18 m.  Alkaen 6,18 m:n korkeudelta on mahdollista pystytt\u00e4\u00e4 D-moduuli 0,90 m ja E-moduuli 2,10 m (joka sis\u00e4lt\u00e4\u00e4 ty\u00f6lavan lis\u00e4ksi, 2 k\u00e4sikaidetta ja 2 turvakaidetta), joilla on mahdollista saavuttaa kokonaiskorkeudeksi 9,18 m (eli t\u00f6it\u00e4 voidaan suorittaa 10,18 m:n korkeudella). Kehykset, joiden askelmien v\u00e4li on 30 cm, mahdollistavat turvallisen liikkumisen lavalta toiselle (vastaten eurooppalaista standardia) k\u00e4ytt\u00e4m\u00e4tt\u00e4 sis\u00e4tikkaita. Moduuli D voidaan asentaa jokaiseen moduuliin v\u00e4likorkeuden saavuttamiseksi.  Tekniset tiedot:  Moduuli A yleismitat (ilman alusta): 1,60\u00d70,80 m Moduuli B yleismitat (alustalla): 1,70\u00d71,30 m Ty\u00f6lavat: 1,40 m x 0,60 m (12,5 kg) 3 luokka: kantokyky 200 kg neli\u00f6metri\u00e4 kohti (2 in) Liukuestovarmojen askelmien v\u00e4li: 30 cm Jarrulliset py\u00f6r\u00e4t: 4 kpl, \u00d8 200 mm Valmistajan takuu: 5 vuotta  Millenium S EN1004 (valinnainen) on vakio-Milleniumin kehittyneempi malli. Millinium S poikkeaa vaakasuorien k\u00e4sikaiteiden ja ristikk\u00e4isten jarrujen (kiinnikkeiden) osalta, joissa on patentoidut koukut itselukitukseen. Se mahdollistaa osien mukavan asennuksen. Jarrut (kiinnikkeet) asennetaan helposti, joka merkitsee ajans\u00e4\u00e4st\u00f6\u00e4 sek\u00e4 tuotteen pystytyksess\u00e4 ett\u00e4 purkuty\u00f6ss\u00e4 (noin 30 %).    Ty\u00f6tason korkeus\u00a0(m) Teline korkeus\u00a0(m) Ty\u00f6n korkeus(m) Moduulit Ty\u00f6tasot Paino kg   1,00 1,95 3,00 A 1 32,00   1,85 2,85 3,85 A+D 1 37,00   3,08 4,08 5,08 A+B 1 68,00   3,98 4,98 5,98 A+B+D 1 72,00   5,18 6,18 7,18 A+B+C 2 100,00   6,08 7,08 8,08 A+B+C+D 2 104,00   8,18 9,18 10,18 A+B+C+C+D 3 136,00","og_url":"https:\/\/fedemark.ee\/fi\/tuotteet\/telineet-ja-erikoisrakenteet\/alumiiniset-suurikantokykyiset-telineet\/millenium-s\/","og_site_name":"Fedemark","article_modified_time":"2017-11-16T18:05:10+00:00","og_image":[{"width":245,"height":402,"url":"https:\/\/fedemark.ee\/wp-content\/uploads\/2017\/05\/Alumiiniumtelling-Millenium-S-moodul-A-kasutamiseks-treppidel.jpg","type":"image\/jpeg"}],"twitter_card":"summary_large_image","schema":{"@context":"https:\/\/schema.org","@graph":[{"@type":"WebPage","@id":"https:\/\/fedemark.ee\/fi\/tuotteet\/telineet-ja-erikoisrakenteet\/alumiiniset-suurikantokykyiset-telineet\/millenium-s\/","url":"https:\/\/fedemark.ee\/fi\/tuotteet\/telineet-ja-erikoisrakenteet\/alumiiniset-suurikantokykyiset-telineet\/millenium-s\/","name":"Millenium S - Fedemark","isPartOf":{"@id":"https:\/\/fedemark.ee\/#website"},"primaryImageOfPage":{"@id":"https:\/\/fedemark.ee\/fi\/tuotteet\/telineet-ja-erikoisrakenteet\/alumiiniset-suurikantokykyiset-telineet\/millenium-s\/#primaryimage"},"image":{"@id":"https:\/\/fedemark.ee\/fi\/tuotteet\/telineet-ja-erikoisrakenteet\/alumiiniset-suurikantokykyiset-telineet\/millenium-s\/#primaryimage"},"thumbnailUrl":"https:\/\/fedemark.ee\/wp-content\/uploads\/2017\/05\/Alumiiniumtelling-Millenium-S-moodul-A-kasutamiseks-treppidel.jpg","datePublished":"2017-05-30T12:37:06+00:00","dateModified":"2017-11-16T18:05:10+00:00","breadcrumb":{"@id":"https:\/\/fedemark.ee\/fi\/tuotteet\/telineet-ja-erikoisrakenteet\/alumiiniset-suurikantokykyiset-telineet\/millenium-s\/#breadcrumb"},"inLanguage":"fi-FI","potentialAction":[{"@type":"ReadAction","target":["https:\/\/fedemark.ee\/fi\/tuotteet\/telineet-ja-erikoisrakenteet\/alumiiniset-suurikantokykyiset-telineet\/millenium-s\/"]}]},{"@type":"ImageObject","inLanguage":"fi-FI","@id":"https:\/\/fedemark.ee\/fi\/tuotteet\/telineet-ja-erikoisrakenteet\/alumiiniset-suurikantokykyiset-telineet\/millenium-s\/#primaryimage","url":"https:\/\/fedemark.ee\/wp-content\/uploads\/2017\/05\/Alumiiniumtelling-Millenium-S-moodul-A-kasutamiseks-treppidel.jpg","contentUrl":"https:\/\/fedemark.ee\/wp-content\/uploads\/2017\/05\/Alumiiniumtelling-Millenium-S-moodul-A-kasutamiseks-treppidel.jpg","width":245,"height":402},{"@type":"BreadcrumbList","@id":"https:\/\/fedemark.ee\/fi\/tuotteet\/telineet-ja-erikoisrakenteet\/alumiiniset-suurikantokykyiset-telineet\/millenium-s\/#breadcrumb","itemListElement":[{"@type":"ListItem","position":1,"name":"Home","item":"https:\/\/fedemark.ee\/fi\/"},{"@type":"ListItem","position":2,"name":"Tuotteet","item":"https:\/\/fedemark.ee\/fi\/tuotteet\/"},{"@type":"ListItem","position":3,"name":"Millenium S"}]},{"@type":"WebSite","@id":"https:\/\/fedemark.ee\/#website","url":"https:\/\/fedemark.ee\/","name":"Fedemark","description":"Redelid, Tellingud, T\u00f6\u00f6platvormid ja vahekorrused","potentialAction":[{"@type":"SearchAction","target":{"@type":"EntryPoint","urlTemplate":"https:\/\/fedemark.ee\/?s={search_term_string}"},"query-input":"required name=search_term_string"}],"inLanguage":"fi-FI"}]}},"_links":{"self":[{"href":"https:\/\/fedemark.ee\/fi\/wp-json\/wp\/v2\/product\/8003"}],"collection":[{"href":"https:\/\/fedemark.ee\/fi\/wp-json\/wp\/v2\/product"}],"about":[{"href":"https:\/\/fedemark.ee\/fi\/wp-json\/wp\/v2\/types\/product"}],"replies":[{"embeddable":true,"href":"https:\/\/fedemark.ee\/fi\/wp-json\/wp\/v2\/comments?post=8003"}],"version-history":[{"count":1,"href":"https:\/\/fedemark.ee\/fi\/wp-json\/wp\/v2\/product\/8003\/revisions"}],"predecessor-version":[{"id":10634,"href":"https:\/\/fedemark.ee\/fi\/wp-json\/wp\/v2\/product\/8003\/revisions\/10634"}],"wp:featuredmedia":[{"embeddable":true,"href":"https:\/\/fedemark.ee\/fi\/wp-json\/wp\/v2\/media\/8011"}],"wp:attachment":[{"href":"https:\/\/fedemark.ee\/fi\/wp-json\/wp\/v2\/media?parent=8003"}],"wp:term":[{"taxonomy":"product_cat","embeddable":true,"href":"https:\/\/fedemark.ee\/fi\/wp-json\/wp\/v2\/product_cat?post=8003"},{"taxonomy":"product_tag","embeddable":true,"href":"https:\/\/fedemark.ee\/fi\/wp-json\/wp\/v2\/product_tag?post=8003"}],"curies":[{"name":"wp","href":"https:\/\/api.w.org\/{rel}","templated":true}]}}