{"id":8012,"date":"2017-05-30T12:41:53","date_gmt":"2017-05-30T12:41:53","guid":{"rendered":"https:\/\/sharks.ee\/fedemark\/shop\/uncategorized\/roller-plus-l\/"},"modified":"2017-11-16T18:25:15","modified_gmt":"2017-11-16T18:25:15","slug":"roller-plus-l","status":"publish","type":"product","link":"https:\/\/fedemark.ee\/fi\/tuotteet\/telineet-ja-erikoisrakenteet\/alumiiniset-suurikantokykyiset-telineet\/roller-plus-l\/","title":{"rendered":"Roller Plus L"},"content":{"rendered":"","protected":false},"excerpt":{"rendered":"<p><strong>Roller Plus L<\/strong> on ammattik\u00e4ytt\u00f6\u00f6n tarkoitettu koottava alumiiniteline.<\/p>\n<p>Perusmoduulina on tuotteen korkeus 1,70 m, leveys 1,05 m ja pituus 2,0 m. Telineiden kokonaiskorkeudeksi on mahdollista saavuttaa 6,76 m, joka tarkoittaa t\u00f6iden suorituskorkeudeksi jopa 7,76 m. Tuote on valmistettu kevyest\u00e4 alumiiniseoksesta (l\u00e4pimitta 50 mm) ja siin\u00e4 on liukumattomat askelmat. Perusmalli on etuk\u00e4teen koottu (valmistettu muutamista ja kevyist\u00e4 osista), tarpeellisen ty\u00f6skentelyasennon saavuttamiseksi nopeasti ja vaivattomasti. Kokonaismitat ovat pienet, jonka ansiosta telineit\u00e4 on helppo kuljettaa ja pystytt\u00e4\u00e4 ty\u00f6kaluja k\u00e4ytt\u00e4m\u00e4tt\u00e4.<\/p>\n<p><strong>Tekniset tiedot:<\/strong><\/p>\n<p>Roller Plus L perusmitat: 2,00X1,05 m<br \/>\nKantokyky: 200 kg neli\u00f6metri\u00e4 kohti (2 in)<br \/>\nLiukumattomien askelmien v\u00e4li: 30 cm<br \/>\nJarrullisten py\u00f6rien l\u00e4pimitta:125 mm<br \/>\nValmistajan takuu: 5 vuotta<\/p>\n<table>\n<tbody>\n<tr>\n<td width=\"99\">Ty\u00f6tason korkeus\u00a0(m)<\/td>\n<td width=\"99\">Teline korkeus\u00a0(m)<\/td>\n<td width=\"100\">Ty\u00f6n korkeus(m)<\/td>\n<td width=\"100\">Moduulit<\/td>\n<td width=\"110\">Ty\u00f6tasot<\/td>\n<\/tr>\n<tr>\n<td width=\"99\">0,91<\/td>\n<td width=\"99\">1,71<\/td>\n<td width=\"100\">2,90<\/td>\n<td width=\"100\">A<\/td>\n<td width=\"110\">1<\/td>\n<\/tr>\n<tr>\n<td width=\"99\">2,41<\/td>\n<td width=\"99\">3,46<\/td>\n<td width=\"100\">4,40<\/td>\n<td width=\"100\">A+B<\/td>\n<td width=\"110\">1<\/td>\n<\/tr>\n<tr>\n<td width=\"99\">3,91<\/td>\n<td width=\"99\">4,96<\/td>\n<td width=\"100\">5,90<\/td>\n<td width=\"100\">A+B+C<\/td>\n<td width=\"110\">1<\/td>\n<\/tr>\n<tr>\n<td width=\"99\">5,71<\/td>\n<td width=\"99\">6,76<\/td>\n<td width=\"100\">7,70<\/td>\n<td width=\"100\">A+B+C+D<\/td>\n<td width=\"110\">2<\/td>\n<\/tr>\n<\/tbody>\n<\/table>\n<p><img loading=\"lazy\" decoding=\"async\" class=\"alignnone wp-image-5317\" src=\"https:\/\/fedemark.ee\/wp-content\/uploads\/2017\/06\/Ikoonid_29-1.jpg\" alt=\"\" width=\"78\" height=\"73\" \/><img loading=\"lazy\" decoding=\"async\" class=\"alignnone wp-image-5281\" src=\"https:\/\/fedemark.ee\/wp-content\/uploads\/2017\/06\/Ikoonid_11-Copy.jpg\" alt=\"\" width=\"77\" height=\"77\" srcset=\"https:\/\/fedemark.ee\/wp-content\/uploads\/2017\/06\/Ikoonid_11-Copy.jpg 150w, https:\/\/fedemark.ee\/wp-content\/uploads\/2017\/06\/Ikoonid_11-Copy-100x100.jpg 100w\" sizes=\"(max-width: 77px) 100vw, 77px\" \/><img loading=\"lazy\" decoding=\"async\" class=\"alignnone wp-image-5333\" src=\"https:\/\/fedemark.ee\/wp-content\/uploads\/2017\/06\/Ikoonid_37.jpg\" alt=\"\" width=\"167\" height=\"75\" \/><img loading=\"lazy\" decoding=\"async\" class=\"alignnone wp-image-5337\" src=\"https:\/\/fedemark.ee\/wp-content\/uploads\/2017\/06\/Ikoonid_38-Copy.jpg\" alt=\"\" width=\"71\" height=\"68\" \/><\/p>\n<p>&nbsp;<\/p>\n","protected":false},"featured_media":8019,"comment_status":"open","ping_status":"closed","template":"","meta":{"footnotes":""},"product_cat":[193],"product_tag":[],"yoast_head":"<!-- This site is optimized with the Yoast SEO plugin v22.6 - https:\/\/yoast.com\/wordpress\/plugins\/seo\/ -->\n<title>Roller Plus L - Fedemark<\/title>\n<meta name=\"robots\" content=\"index, follow, max-snippet:-1, max-image-preview:large, max-video-preview:-1\" \/>\n<link rel=\"canonical\" href=\"https:\/\/fedemark.ee\/fi\/tuotteet\/telineet-ja-erikoisrakenteet\/alumiiniset-suurikantokykyiset-telineet\/roller-plus-l\/\" \/>\n<meta property=\"og:locale\" content=\"fi_FI\" \/>\n<meta property=\"og:type\" content=\"article\" \/>\n<meta property=\"og:title\" content=\"Roller Plus L - Fedemark\" \/>\n<meta property=\"og:description\" content=\"Roller Plus L on ammattik\u00e4ytt\u00f6\u00f6n tarkoitettu koottava alumiiniteline.  Perusmoduulina on tuotteen korkeus 1,70 m, leveys 1,05 m ja pituus 2,0 m. Telineiden kokonaiskorkeudeksi on mahdollista saavuttaa 6,76 m, joka tarkoittaa t\u00f6iden suorituskorkeudeksi jopa 7,76 m. Tuote on valmistettu kevyest\u00e4 alumiiniseoksesta (l\u00e4pimitta 50 mm) ja siin\u00e4 on liukumattomat askelmat. Perusmalli on etuk\u00e4teen koottu (valmistettu muutamista ja kevyist\u00e4 osista), tarpeellisen ty\u00f6skentelyasennon saavuttamiseksi nopeasti ja vaivattomasti. Kokonaismitat ovat pienet, jonka ansiosta telineit\u00e4 on helppo kuljettaa ja pystytt\u00e4\u00e4 ty\u00f6kaluja k\u00e4ytt\u00e4m\u00e4tt\u00e4.  Tekniset tiedot:  Roller Plus L perusmitat: 2,00X1,05 m Kantokyky: 200 kg neli\u00f6metri\u00e4 kohti (2 in) Liukumattomien askelmien v\u00e4li: 30 cm Jarrullisten py\u00f6rien l\u00e4pimitta:125 mm Valmistajan takuu: 5 vuotta    Ty\u00f6tason korkeus\u00a0(m) Teline korkeus\u00a0(m) Ty\u00f6n korkeus(m) Moduulit Ty\u00f6tasot   0,91 1,71 2,90 A 1   2,41 3,46 4,40 A+B 1   3,91 4,96 5,90 A+B+C 1   5,71 6,76 7,70 A+B+C+D 2      &nbsp;\" \/>\n<meta property=\"og:url\" content=\"https:\/\/fedemark.ee\/fi\/tuotteet\/telineet-ja-erikoisrakenteet\/alumiiniset-suurikantokykyiset-telineet\/roller-plus-l\/\" \/>\n<meta property=\"og:site_name\" content=\"Fedemark\" \/>\n<meta property=\"article:modified_time\" content=\"2017-11-16T18:25:15+00:00\" \/>\n<meta property=\"og:image\" content=\"https:\/\/fedemark.ee\/wp-content\/uploads\/2017\/05\/Alumiiniumtelling-Roller-Plus-L-moodul-A.jpg\" \/>\n\t<meta property=\"og:image:width\" content=\"600\" \/>\n\t<meta property=\"og:image:height\" content=\"913\" \/>\n\t<meta property=\"og:image:type\" content=\"image\/jpeg\" \/>\n<meta name=\"twitter:card\" content=\"summary_large_image\" \/>\n<script type=\"application\/ld+json\" class=\"yoast-schema-graph\">{\"@context\":\"https:\/\/schema.org\",\"@graph\":[{\"@type\":\"WebPage\",\"@id\":\"https:\/\/fedemark.ee\/fi\/tuotteet\/telineet-ja-erikoisrakenteet\/alumiiniset-suurikantokykyiset-telineet\/roller-plus-l\/\",\"url\":\"https:\/\/fedemark.ee\/fi\/tuotteet\/telineet-ja-erikoisrakenteet\/alumiiniset-suurikantokykyiset-telineet\/roller-plus-l\/\",\"name\":\"Roller Plus L - Fedemark\",\"isPartOf\":{\"@id\":\"https:\/\/fedemark.ee\/#website\"},\"primaryImageOfPage\":{\"@id\":\"https:\/\/fedemark.ee\/fi\/tuotteet\/telineet-ja-erikoisrakenteet\/alumiiniset-suurikantokykyiset-telineet\/roller-plus-l\/#primaryimage\"},\"image\":{\"@id\":\"https:\/\/fedemark.ee\/fi\/tuotteet\/telineet-ja-erikoisrakenteet\/alumiiniset-suurikantokykyiset-telineet\/roller-plus-l\/#primaryimage\"},\"thumbnailUrl\":\"https:\/\/fedemark.ee\/wp-content\/uploads\/2017\/05\/Alumiiniumtelling-Roller-Plus-L-moodul-A.jpg\",\"datePublished\":\"2017-05-30T12:41:53+00:00\",\"dateModified\":\"2017-11-16T18:25:15+00:00\",\"breadcrumb\":{\"@id\":\"https:\/\/fedemark.ee\/fi\/tuotteet\/telineet-ja-erikoisrakenteet\/alumiiniset-suurikantokykyiset-telineet\/roller-plus-l\/#breadcrumb\"},\"inLanguage\":\"fi-FI\",\"potentialAction\":[{\"@type\":\"ReadAction\",\"target\":[\"https:\/\/fedemark.ee\/fi\/tuotteet\/telineet-ja-erikoisrakenteet\/alumiiniset-suurikantokykyiset-telineet\/roller-plus-l\/\"]}]},{\"@type\":\"ImageObject\",\"inLanguage\":\"fi-FI\",\"@id\":\"https:\/\/fedemark.ee\/fi\/tuotteet\/telineet-ja-erikoisrakenteet\/alumiiniset-suurikantokykyiset-telineet\/roller-plus-l\/#primaryimage\",\"url\":\"https:\/\/fedemark.ee\/wp-content\/uploads\/2017\/05\/Alumiiniumtelling-Roller-Plus-L-moodul-A.jpg\",\"contentUrl\":\"https:\/\/fedemark.ee\/wp-content\/uploads\/2017\/05\/Alumiiniumtelling-Roller-Plus-L-moodul-A.jpg\",\"width\":600,\"height\":913},{\"@type\":\"BreadcrumbList\",\"@id\":\"https:\/\/fedemark.ee\/fi\/tuotteet\/telineet-ja-erikoisrakenteet\/alumiiniset-suurikantokykyiset-telineet\/roller-plus-l\/#breadcrumb\",\"itemListElement\":[{\"@type\":\"ListItem\",\"position\":1,\"name\":\"Home\",\"item\":\"https:\/\/fedemark.ee\/fi\/\"},{\"@type\":\"ListItem\",\"position\":2,\"name\":\"Tuotteet\",\"item\":\"https:\/\/fedemark.ee\/fi\/tuotteet\/\"},{\"@type\":\"ListItem\",\"position\":3,\"name\":\"Roller Plus L\"}]},{\"@type\":\"WebSite\",\"@id\":\"https:\/\/fedemark.ee\/#website\",\"url\":\"https:\/\/fedemark.ee\/\",\"name\":\"Fedemark\",\"description\":\"Redelid, Tellingud, T\u00f6\u00f6platvormid ja vahekorrused\",\"potentialAction\":[{\"@type\":\"SearchAction\",\"target\":{\"@type\":\"EntryPoint\",\"urlTemplate\":\"https:\/\/fedemark.ee\/?s={search_term_string}\"},\"query-input\":\"required name=search_term_string\"}],\"inLanguage\":\"fi-FI\"}]}<\/script>\n<!-- \/ Yoast SEO plugin. -->","yoast_head_json":{"title":"Roller Plus L - Fedemark","robots":{"index":"index","follow":"follow","max-snippet":"max-snippet:-1","max-image-preview":"max-image-preview:large","max-video-preview":"max-video-preview:-1"},"canonical":"https:\/\/fedemark.ee\/fi\/tuotteet\/telineet-ja-erikoisrakenteet\/alumiiniset-suurikantokykyiset-telineet\/roller-plus-l\/","og_locale":"fi_FI","og_type":"article","og_title":"Roller Plus L - Fedemark","og_description":"Roller Plus L on ammattik\u00e4ytt\u00f6\u00f6n tarkoitettu koottava alumiiniteline.  Perusmoduulina on tuotteen korkeus 1,70 m, leveys 1,05 m ja pituus 2,0 m. Telineiden kokonaiskorkeudeksi on mahdollista saavuttaa 6,76 m, joka tarkoittaa t\u00f6iden suorituskorkeudeksi jopa 7,76 m. Tuote on valmistettu kevyest\u00e4 alumiiniseoksesta (l\u00e4pimitta 50 mm) ja siin\u00e4 on liukumattomat askelmat. Perusmalli on etuk\u00e4teen koottu (valmistettu muutamista ja kevyist\u00e4 osista), tarpeellisen ty\u00f6skentelyasennon saavuttamiseksi nopeasti ja vaivattomasti. Kokonaismitat ovat pienet, jonka ansiosta telineit\u00e4 on helppo kuljettaa ja pystytt\u00e4\u00e4 ty\u00f6kaluja k\u00e4ytt\u00e4m\u00e4tt\u00e4.  Tekniset tiedot:  Roller Plus L perusmitat: 2,00X1,05 m Kantokyky: 200 kg neli\u00f6metri\u00e4 kohti (2 in) Liukumattomien askelmien v\u00e4li: 30 cm Jarrullisten py\u00f6rien l\u00e4pimitta:125 mm Valmistajan takuu: 5 vuotta    Ty\u00f6tason korkeus\u00a0(m) Teline korkeus\u00a0(m) Ty\u00f6n korkeus(m) Moduulit Ty\u00f6tasot   0,91 1,71 2,90 A 1   2,41 3,46 4,40 A+B 1   3,91 4,96 5,90 A+B+C 1   5,71 6,76 7,70 A+B+C+D 2      &nbsp;","og_url":"https:\/\/fedemark.ee\/fi\/tuotteet\/telineet-ja-erikoisrakenteet\/alumiiniset-suurikantokykyiset-telineet\/roller-plus-l\/","og_site_name":"Fedemark","article_modified_time":"2017-11-16T18:25:15+00:00","og_image":[{"width":600,"height":913,"url":"https:\/\/fedemark.ee\/wp-content\/uploads\/2017\/05\/Alumiiniumtelling-Roller-Plus-L-moodul-A.jpg","type":"image\/jpeg"}],"twitter_card":"summary_large_image","schema":{"@context":"https:\/\/schema.org","@graph":[{"@type":"WebPage","@id":"https:\/\/fedemark.ee\/fi\/tuotteet\/telineet-ja-erikoisrakenteet\/alumiiniset-suurikantokykyiset-telineet\/roller-plus-l\/","url":"https:\/\/fedemark.ee\/fi\/tuotteet\/telineet-ja-erikoisrakenteet\/alumiiniset-suurikantokykyiset-telineet\/roller-plus-l\/","name":"Roller Plus L - Fedemark","isPartOf":{"@id":"https:\/\/fedemark.ee\/#website"},"primaryImageOfPage":{"@id":"https:\/\/fedemark.ee\/fi\/tuotteet\/telineet-ja-erikoisrakenteet\/alumiiniset-suurikantokykyiset-telineet\/roller-plus-l\/#primaryimage"},"image":{"@id":"https:\/\/fedemark.ee\/fi\/tuotteet\/telineet-ja-erikoisrakenteet\/alumiiniset-suurikantokykyiset-telineet\/roller-plus-l\/#primaryimage"},"thumbnailUrl":"https:\/\/fedemark.ee\/wp-content\/uploads\/2017\/05\/Alumiiniumtelling-Roller-Plus-L-moodul-A.jpg","datePublished":"2017-05-30T12:41:53+00:00","dateModified":"2017-11-16T18:25:15+00:00","breadcrumb":{"@id":"https:\/\/fedemark.ee\/fi\/tuotteet\/telineet-ja-erikoisrakenteet\/alumiiniset-suurikantokykyiset-telineet\/roller-plus-l\/#breadcrumb"},"inLanguage":"fi-FI","potentialAction":[{"@type":"ReadAction","target":["https:\/\/fedemark.ee\/fi\/tuotteet\/telineet-ja-erikoisrakenteet\/alumiiniset-suurikantokykyiset-telineet\/roller-plus-l\/"]}]},{"@type":"ImageObject","inLanguage":"fi-FI","@id":"https:\/\/fedemark.ee\/fi\/tuotteet\/telineet-ja-erikoisrakenteet\/alumiiniset-suurikantokykyiset-telineet\/roller-plus-l\/#primaryimage","url":"https:\/\/fedemark.ee\/wp-content\/uploads\/2017\/05\/Alumiiniumtelling-Roller-Plus-L-moodul-A.jpg","contentUrl":"https:\/\/fedemark.ee\/wp-content\/uploads\/2017\/05\/Alumiiniumtelling-Roller-Plus-L-moodul-A.jpg","width":600,"height":913},{"@type":"BreadcrumbList","@id":"https:\/\/fedemark.ee\/fi\/tuotteet\/telineet-ja-erikoisrakenteet\/alumiiniset-suurikantokykyiset-telineet\/roller-plus-l\/#breadcrumb","itemListElement":[{"@type":"ListItem","position":1,"name":"Home","item":"https:\/\/fedemark.ee\/fi\/"},{"@type":"ListItem","position":2,"name":"Tuotteet","item":"https:\/\/fedemark.ee\/fi\/tuotteet\/"},{"@type":"ListItem","position":3,"name":"Roller Plus L"}]},{"@type":"WebSite","@id":"https:\/\/fedemark.ee\/#website","url":"https:\/\/fedemark.ee\/","name":"Fedemark","description":"Redelid, Tellingud, T\u00f6\u00f6platvormid ja vahekorrused","potentialAction":[{"@type":"SearchAction","target":{"@type":"EntryPoint","urlTemplate":"https:\/\/fedemark.ee\/?s={search_term_string}"},"query-input":"required name=search_term_string"}],"inLanguage":"fi-FI"}]}},"_links":{"self":[{"href":"https:\/\/fedemark.ee\/fi\/wp-json\/wp\/v2\/product\/8012"}],"collection":[{"href":"https:\/\/fedemark.ee\/fi\/wp-json\/wp\/v2\/product"}],"about":[{"href":"https:\/\/fedemark.ee\/fi\/wp-json\/wp\/v2\/types\/product"}],"replies":[{"embeddable":true,"href":"https:\/\/fedemark.ee\/fi\/wp-json\/wp\/v2\/comments?post=8012"}],"version-history":[{"count":1,"href":"https:\/\/fedemark.ee\/fi\/wp-json\/wp\/v2\/product\/8012\/revisions"}],"predecessor-version":[{"id":10635,"href":"https:\/\/fedemark.ee\/fi\/wp-json\/wp\/v2\/product\/8012\/revisions\/10635"}],"wp:featuredmedia":[{"embeddable":true,"href":"https:\/\/fedemark.ee\/fi\/wp-json\/wp\/v2\/media\/8019"}],"wp:attachment":[{"href":"https:\/\/fedemark.ee\/fi\/wp-json\/wp\/v2\/media?parent=8012"}],"wp:term":[{"taxonomy":"product_cat","embeddable":true,"href":"https:\/\/fedemark.ee\/fi\/wp-json\/wp\/v2\/product_cat?post=8012"},{"taxonomy":"product_tag","embeddable":true,"href":"https:\/\/fedemark.ee\/fi\/wp-json\/wp\/v2\/product_tag?post=8012"}],"curies":[{"name":"wp","href":"https:\/\/api.w.org\/{rel}","templated":true}]}}