{"id":8020,"date":"2017-05-30T12:46:55","date_gmt":"2017-05-30T12:46:55","guid":{"rendered":"https:\/\/sharks.ee\/fedemark\/shop\/uncategorized\/roller-s\/"},"modified":"2017-11-16T18:37:48","modified_gmt":"2017-11-16T18:37:48","slug":"roller-s","status":"publish","type":"product","link":"https:\/\/fedemark.ee\/fi\/tuotteet\/telineet-ja-erikoisrakenteet\/alumiiniset-suurikantokykyiset-telineet\/roller-s\/","title":{"rendered":"Roller S"},"content":{"rendered":"","protected":false},"excerpt":{"rendered":"<p><strong>Roller S<\/strong> on koottavien alumiinitelineiden sarja. Telineit\u00e4 on kahta tyyppi\u00e4: vakiomalliset ja erikoismalliset (Roller S), joissa on itselukittuva jarruj\u00e4rjestelm\u00e4 ja jotka vastaavat eurooppalaista standardia EN1004. Molemmat sopivat sek\u00e4 koti- ett\u00e4 my\u00f6s ammattik\u00e4ytt\u00f6\u00f6n. Perusmoduulina tuotteen korkeus on 1,96 m; kaikin lis\u00e4osin on mahdollista saavuttaa kokonaiskorkeudeksi 7,00 m. Tuote sopii kunnostust\u00f6ihin ja seinien maalaukseen 8,00 m:n korkeuteen asti. Tuote on valmistettu kevyest\u00e4 alumiiniseoksesta (l\u00e4pimitta 42 mm) ja siin\u00e4 on liukumattomat askelmat. Perusmalli on etuk\u00e4teen koottu ja sen voi avata nopeasti, ty\u00f6skentelyyn tarvittavan asennon saamiseksi. Kokonaismitat ovat pienet, jonka ansiosta telineit\u00e4 on kevyt kuljettaa ja pystytt\u00e4\u00e4 ty\u00f6kaluja k\u00e4ytt\u00e4m\u00e4tt\u00e4. Tuote on valmistettu kest\u00e4v\u00e4st\u00e4 ruostumattomasta materiaalista.<\/p>\n<p>Eurooppalaista standardia vastaten kaikissa tuotteen osissa on valmistajan logo ja valmistusvuosi.<\/p>\n<p><strong>Tekniset tiedot:<\/strong><\/p>\n<p>Yleismitat: 1,60\u00d70,80 m<br \/>\nKantokyky: 200 kg neli\u00f6metri\u00e4 kohden (2 in)<br \/>\nLiukumattomien askelmien v\u00e4li: 30 cm<br \/>\nJarrulliset py\u00f6r\u00e4t: \u00f8 125<br \/>\nValmistajan takuu: 5 vuotta<\/p>\n<table>\n<tbody>\n<tr>\n<td width=\"99\">Ty\u00f6tason korkeus\u00a0(m)<\/td>\n<td width=\"99\">Teline korkeus\u00a0(m)<\/td>\n<td width=\"100\">Ty\u00f6n korkeus(m)<\/td>\n<td width=\"100\">Moduulit<\/td>\n<td width=\"110\">Ty\u00f6tasot<\/td>\n<\/tr>\n<tr>\n<td width=\"99\">0,96<\/td>\n<td width=\"99\">1,96<\/td>\n<td width=\"100\">2,96<\/td>\n<td width=\"100\">A<\/td>\n<td width=\"110\">1<\/td>\n<\/tr>\n<tr>\n<td width=\"99\">2,50<\/td>\n<td width=\"99\">3,50<\/td>\n<td width=\"100\">4,50<\/td>\n<td width=\"100\">A+B<\/td>\n<td width=\"110\">1<\/td>\n<\/tr>\n<tr>\n<td width=\"99\">4,00<\/td>\n<td width=\"99\">5,00<\/td>\n<td width=\"100\">6,00<\/td>\n<td width=\"100\">A+B+C<\/td>\n<td width=\"110\">1<\/td>\n<\/tr>\n<tr>\n<td width=\"99\">6,10<\/td>\n<td width=\"99\">7,10<\/td>\n<td width=\"100\">8,10<\/td>\n<td width=\"100\">A+B+C+D<\/td>\n<td width=\"110\">2<\/td>\n<\/tr>\n<\/tbody>\n<\/table>\n<p><img loading=\"lazy\" decoding=\"async\" class=\"alignnone wp-image-5317\" src=\"https:\/\/fedemark.ee\/wp-content\/uploads\/2017\/06\/Ikoonid_29-1.jpg\" alt=\"\" width=\"82\" height=\"76\" \/><img loading=\"lazy\" decoding=\"async\" class=\"alignnone wp-image-5285\" src=\"https:\/\/fedemark.ee\/wp-content\/uploads\/2017\/06\/Ikoonid_11.jpg\" alt=\"\" width=\"77\" height=\"77\" srcset=\"https:\/\/fedemark.ee\/wp-content\/uploads\/2017\/06\/Ikoonid_11.jpg 150w, https:\/\/fedemark.ee\/wp-content\/uploads\/2017\/06\/Ikoonid_11-100x100.jpg 100w\" sizes=\"(max-width: 77px) 100vw, 77px\" \/><img loading=\"lazy\" decoding=\"async\" class=\"alignnone wp-image-5329\" src=\"https:\/\/fedemark.ee\/wp-content\/uploads\/2017\/06\/Ikoonid_37-Copy.jpg\" alt=\"\" width=\"127\" height=\"57\" \/><img loading=\"lazy\" decoding=\"async\" class=\"alignnone wp-image-5337\" src=\"https:\/\/fedemark.ee\/wp-content\/uploads\/2017\/06\/Ikoonid_38-Copy.jpg\" alt=\"\" width=\"91\" height=\"87\" \/><\/p>\n","protected":false},"featured_media":9310,"comment_status":"open","ping_status":"closed","template":"","meta":{"footnotes":""},"product_cat":[193],"product_tag":[],"yoast_head":"<!-- This site is optimized with the Yoast SEO plugin v22.6 - https:\/\/yoast.com\/wordpress\/plugins\/seo\/ -->\n<title>Roller S - Fedemark<\/title>\n<meta name=\"robots\" content=\"index, follow, max-snippet:-1, max-image-preview:large, max-video-preview:-1\" \/>\n<link rel=\"canonical\" href=\"https:\/\/fedemark.ee\/fi\/tuotteet\/telineet-ja-erikoisrakenteet\/alumiiniset-suurikantokykyiset-telineet\/roller-s\/\" \/>\n<meta property=\"og:locale\" content=\"fi_FI\" \/>\n<meta property=\"og:type\" content=\"article\" \/>\n<meta property=\"og:title\" content=\"Roller S - Fedemark\" \/>\n<meta property=\"og:description\" content=\"Roller S on koottavien alumiinitelineiden sarja. Telineit\u00e4 on kahta tyyppi\u00e4: vakiomalliset ja erikoismalliset (Roller S), joissa on itselukittuva jarruj\u00e4rjestelm\u00e4 ja jotka vastaavat eurooppalaista standardia EN1004. Molemmat sopivat sek\u00e4 koti- ett\u00e4 my\u00f6s ammattik\u00e4ytt\u00f6\u00f6n. Perusmoduulina tuotteen korkeus on 1,96 m; kaikin lis\u00e4osin on mahdollista saavuttaa kokonaiskorkeudeksi 7,00 m. Tuote sopii kunnostust\u00f6ihin ja seinien maalaukseen 8,00 m:n korkeuteen asti. Tuote on valmistettu kevyest\u00e4 alumiiniseoksesta (l\u00e4pimitta 42 mm) ja siin\u00e4 on liukumattomat askelmat. Perusmalli on etuk\u00e4teen koottu ja sen voi avata nopeasti, ty\u00f6skentelyyn tarvittavan asennon saamiseksi. Kokonaismitat ovat pienet, jonka ansiosta telineit\u00e4 on kevyt kuljettaa ja pystytt\u00e4\u00e4 ty\u00f6kaluja k\u00e4ytt\u00e4m\u00e4tt\u00e4. Tuote on valmistettu kest\u00e4v\u00e4st\u00e4 ruostumattomasta materiaalista.  Eurooppalaista standardia vastaten kaikissa tuotteen osissa on valmistajan logo ja valmistusvuosi.  Tekniset tiedot:  Yleismitat: 1,60\u00d70,80 m Kantokyky: 200 kg neli\u00f6metri\u00e4 kohden (2 in) Liukumattomien askelmien v\u00e4li: 30 cm Jarrulliset py\u00f6r\u00e4t: \u00f8 125 Valmistajan takuu: 5 vuotta    Ty\u00f6tason korkeus\u00a0(m) Teline korkeus\u00a0(m) Ty\u00f6n korkeus(m) Moduulit Ty\u00f6tasot   0,96 1,96 2,96 A 1   2,50 3,50 4,50 A+B 1   4,00 5,00 6,00 A+B+C 1   6,10 7,10 8,10 A+B+C+D 2\" \/>\n<meta property=\"og:url\" content=\"https:\/\/fedemark.ee\/fi\/tuotteet\/telineet-ja-erikoisrakenteet\/alumiiniset-suurikantokykyiset-telineet\/roller-s\/\" \/>\n<meta property=\"og:site_name\" content=\"Fedemark\" \/>\n<meta property=\"article:modified_time\" content=\"2017-11-16T18:37:48+00:00\" \/>\n<meta property=\"og:image\" content=\"https:\/\/fedemark.ee\/wp-content\/uploads\/2017\/05\/Roller-S-module-A-1.jpg\" \/>\n\t<meta property=\"og:image:width\" content=\"800\" \/>\n\t<meta property=\"og:image:height\" content=\"800\" \/>\n\t<meta property=\"og:image:type\" content=\"image\/jpeg\" \/>\n<meta name=\"twitter:card\" content=\"summary_large_image\" \/>\n<script type=\"application\/ld+json\" class=\"yoast-schema-graph\">{\"@context\":\"https:\/\/schema.org\",\"@graph\":[{\"@type\":\"WebPage\",\"@id\":\"https:\/\/fedemark.ee\/fi\/tuotteet\/telineet-ja-erikoisrakenteet\/alumiiniset-suurikantokykyiset-telineet\/roller-s\/\",\"url\":\"https:\/\/fedemark.ee\/fi\/tuotteet\/telineet-ja-erikoisrakenteet\/alumiiniset-suurikantokykyiset-telineet\/roller-s\/\",\"name\":\"Roller S - Fedemark\",\"isPartOf\":{\"@id\":\"https:\/\/fedemark.ee\/#website\"},\"primaryImageOfPage\":{\"@id\":\"https:\/\/fedemark.ee\/fi\/tuotteet\/telineet-ja-erikoisrakenteet\/alumiiniset-suurikantokykyiset-telineet\/roller-s\/#primaryimage\"},\"image\":{\"@id\":\"https:\/\/fedemark.ee\/fi\/tuotteet\/telineet-ja-erikoisrakenteet\/alumiiniset-suurikantokykyiset-telineet\/roller-s\/#primaryimage\"},\"thumbnailUrl\":\"https:\/\/fedemark.ee\/wp-content\/uploads\/2017\/05\/Roller-S-module-A-1.jpg\",\"datePublished\":\"2017-05-30T12:46:55+00:00\",\"dateModified\":\"2017-11-16T18:37:48+00:00\",\"breadcrumb\":{\"@id\":\"https:\/\/fedemark.ee\/fi\/tuotteet\/telineet-ja-erikoisrakenteet\/alumiiniset-suurikantokykyiset-telineet\/roller-s\/#breadcrumb\"},\"inLanguage\":\"fi-FI\",\"potentialAction\":[{\"@type\":\"ReadAction\",\"target\":[\"https:\/\/fedemark.ee\/fi\/tuotteet\/telineet-ja-erikoisrakenteet\/alumiiniset-suurikantokykyiset-telineet\/roller-s\/\"]}]},{\"@type\":\"ImageObject\",\"inLanguage\":\"fi-FI\",\"@id\":\"https:\/\/fedemark.ee\/fi\/tuotteet\/telineet-ja-erikoisrakenteet\/alumiiniset-suurikantokykyiset-telineet\/roller-s\/#primaryimage\",\"url\":\"https:\/\/fedemark.ee\/wp-content\/uploads\/2017\/05\/Roller-S-module-A-1.jpg\",\"contentUrl\":\"https:\/\/fedemark.ee\/wp-content\/uploads\/2017\/05\/Roller-S-module-A-1.jpg\",\"width\":800,\"height\":800},{\"@type\":\"BreadcrumbList\",\"@id\":\"https:\/\/fedemark.ee\/fi\/tuotteet\/telineet-ja-erikoisrakenteet\/alumiiniset-suurikantokykyiset-telineet\/roller-s\/#breadcrumb\",\"itemListElement\":[{\"@type\":\"ListItem\",\"position\":1,\"name\":\"Home\",\"item\":\"https:\/\/fedemark.ee\/fi\/\"},{\"@type\":\"ListItem\",\"position\":2,\"name\":\"Tuotteet\",\"item\":\"https:\/\/fedemark.ee\/fi\/tuotteet\/\"},{\"@type\":\"ListItem\",\"position\":3,\"name\":\"Roller S\"}]},{\"@type\":\"WebSite\",\"@id\":\"https:\/\/fedemark.ee\/#website\",\"url\":\"https:\/\/fedemark.ee\/\",\"name\":\"Fedemark\",\"description\":\"Redelid, Tellingud, T\u00f6\u00f6platvormid ja vahekorrused\",\"potentialAction\":[{\"@type\":\"SearchAction\",\"target\":{\"@type\":\"EntryPoint\",\"urlTemplate\":\"https:\/\/fedemark.ee\/?s={search_term_string}\"},\"query-input\":\"required name=search_term_string\"}],\"inLanguage\":\"fi-FI\"}]}<\/script>\n<!-- \/ Yoast SEO plugin. -->","yoast_head_json":{"title":"Roller S - Fedemark","robots":{"index":"index","follow":"follow","max-snippet":"max-snippet:-1","max-image-preview":"max-image-preview:large","max-video-preview":"max-video-preview:-1"},"canonical":"https:\/\/fedemark.ee\/fi\/tuotteet\/telineet-ja-erikoisrakenteet\/alumiiniset-suurikantokykyiset-telineet\/roller-s\/","og_locale":"fi_FI","og_type":"article","og_title":"Roller S - Fedemark","og_description":"Roller S on koottavien alumiinitelineiden sarja. Telineit\u00e4 on kahta tyyppi\u00e4: vakiomalliset ja erikoismalliset (Roller S), joissa on itselukittuva jarruj\u00e4rjestelm\u00e4 ja jotka vastaavat eurooppalaista standardia EN1004. Molemmat sopivat sek\u00e4 koti- ett\u00e4 my\u00f6s ammattik\u00e4ytt\u00f6\u00f6n. Perusmoduulina tuotteen korkeus on 1,96 m; kaikin lis\u00e4osin on mahdollista saavuttaa kokonaiskorkeudeksi 7,00 m. Tuote sopii kunnostust\u00f6ihin ja seinien maalaukseen 8,00 m:n korkeuteen asti. Tuote on valmistettu kevyest\u00e4 alumiiniseoksesta (l\u00e4pimitta 42 mm) ja siin\u00e4 on liukumattomat askelmat. Perusmalli on etuk\u00e4teen koottu ja sen voi avata nopeasti, ty\u00f6skentelyyn tarvittavan asennon saamiseksi. Kokonaismitat ovat pienet, jonka ansiosta telineit\u00e4 on kevyt kuljettaa ja pystytt\u00e4\u00e4 ty\u00f6kaluja k\u00e4ytt\u00e4m\u00e4tt\u00e4. Tuote on valmistettu kest\u00e4v\u00e4st\u00e4 ruostumattomasta materiaalista.  Eurooppalaista standardia vastaten kaikissa tuotteen osissa on valmistajan logo ja valmistusvuosi.  Tekniset tiedot:  Yleismitat: 1,60\u00d70,80 m Kantokyky: 200 kg neli\u00f6metri\u00e4 kohden (2 in) Liukumattomien askelmien v\u00e4li: 30 cm Jarrulliset py\u00f6r\u00e4t: \u00f8 125 Valmistajan takuu: 5 vuotta    Ty\u00f6tason korkeus\u00a0(m) Teline korkeus\u00a0(m) Ty\u00f6n korkeus(m) Moduulit Ty\u00f6tasot   0,96 1,96 2,96 A 1   2,50 3,50 4,50 A+B 1   4,00 5,00 6,00 A+B+C 1   6,10 7,10 8,10 A+B+C+D 2","og_url":"https:\/\/fedemark.ee\/fi\/tuotteet\/telineet-ja-erikoisrakenteet\/alumiiniset-suurikantokykyiset-telineet\/roller-s\/","og_site_name":"Fedemark","article_modified_time":"2017-11-16T18:37:48+00:00","og_image":[{"width":800,"height":800,"url":"https:\/\/fedemark.ee\/wp-content\/uploads\/2017\/05\/Roller-S-module-A-1.jpg","type":"image\/jpeg"}],"twitter_card":"summary_large_image","schema":{"@context":"https:\/\/schema.org","@graph":[{"@type":"WebPage","@id":"https:\/\/fedemark.ee\/fi\/tuotteet\/telineet-ja-erikoisrakenteet\/alumiiniset-suurikantokykyiset-telineet\/roller-s\/","url":"https:\/\/fedemark.ee\/fi\/tuotteet\/telineet-ja-erikoisrakenteet\/alumiiniset-suurikantokykyiset-telineet\/roller-s\/","name":"Roller S - Fedemark","isPartOf":{"@id":"https:\/\/fedemark.ee\/#website"},"primaryImageOfPage":{"@id":"https:\/\/fedemark.ee\/fi\/tuotteet\/telineet-ja-erikoisrakenteet\/alumiiniset-suurikantokykyiset-telineet\/roller-s\/#primaryimage"},"image":{"@id":"https:\/\/fedemark.ee\/fi\/tuotteet\/telineet-ja-erikoisrakenteet\/alumiiniset-suurikantokykyiset-telineet\/roller-s\/#primaryimage"},"thumbnailUrl":"https:\/\/fedemark.ee\/wp-content\/uploads\/2017\/05\/Roller-S-module-A-1.jpg","datePublished":"2017-05-30T12:46:55+00:00","dateModified":"2017-11-16T18:37:48+00:00","breadcrumb":{"@id":"https:\/\/fedemark.ee\/fi\/tuotteet\/telineet-ja-erikoisrakenteet\/alumiiniset-suurikantokykyiset-telineet\/roller-s\/#breadcrumb"},"inLanguage":"fi-FI","potentialAction":[{"@type":"ReadAction","target":["https:\/\/fedemark.ee\/fi\/tuotteet\/telineet-ja-erikoisrakenteet\/alumiiniset-suurikantokykyiset-telineet\/roller-s\/"]}]},{"@type":"ImageObject","inLanguage":"fi-FI","@id":"https:\/\/fedemark.ee\/fi\/tuotteet\/telineet-ja-erikoisrakenteet\/alumiiniset-suurikantokykyiset-telineet\/roller-s\/#primaryimage","url":"https:\/\/fedemark.ee\/wp-content\/uploads\/2017\/05\/Roller-S-module-A-1.jpg","contentUrl":"https:\/\/fedemark.ee\/wp-content\/uploads\/2017\/05\/Roller-S-module-A-1.jpg","width":800,"height":800},{"@type":"BreadcrumbList","@id":"https:\/\/fedemark.ee\/fi\/tuotteet\/telineet-ja-erikoisrakenteet\/alumiiniset-suurikantokykyiset-telineet\/roller-s\/#breadcrumb","itemListElement":[{"@type":"ListItem","position":1,"name":"Home","item":"https:\/\/fedemark.ee\/fi\/"},{"@type":"ListItem","position":2,"name":"Tuotteet","item":"https:\/\/fedemark.ee\/fi\/tuotteet\/"},{"@type":"ListItem","position":3,"name":"Roller S"}]},{"@type":"WebSite","@id":"https:\/\/fedemark.ee\/#website","url":"https:\/\/fedemark.ee\/","name":"Fedemark","description":"Redelid, Tellingud, T\u00f6\u00f6platvormid ja vahekorrused","potentialAction":[{"@type":"SearchAction","target":{"@type":"EntryPoint","urlTemplate":"https:\/\/fedemark.ee\/?s={search_term_string}"},"query-input":"required name=search_term_string"}],"inLanguage":"fi-FI"}]}},"_links":{"self":[{"href":"https:\/\/fedemark.ee\/fi\/wp-json\/wp\/v2\/product\/8020"}],"collection":[{"href":"https:\/\/fedemark.ee\/fi\/wp-json\/wp\/v2\/product"}],"about":[{"href":"https:\/\/fedemark.ee\/fi\/wp-json\/wp\/v2\/types\/product"}],"replies":[{"embeddable":true,"href":"https:\/\/fedemark.ee\/fi\/wp-json\/wp\/v2\/comments?post=8020"}],"version-history":[{"count":1,"href":"https:\/\/fedemark.ee\/fi\/wp-json\/wp\/v2\/product\/8020\/revisions"}],"predecessor-version":[{"id":10637,"href":"https:\/\/fedemark.ee\/fi\/wp-json\/wp\/v2\/product\/8020\/revisions\/10637"}],"wp:featuredmedia":[{"embeddable":true,"href":"https:\/\/fedemark.ee\/fi\/wp-json\/wp\/v2\/media\/9310"}],"wp:attachment":[{"href":"https:\/\/fedemark.ee\/fi\/wp-json\/wp\/v2\/media?parent=8020"}],"wp:term":[{"taxonomy":"product_cat","embeddable":true,"href":"https:\/\/fedemark.ee\/fi\/wp-json\/wp\/v2\/product_cat?post=8020"},{"taxonomy":"product_tag","embeddable":true,"href":"https:\/\/fedemark.ee\/fi\/wp-json\/wp\/v2\/product_tag?post=8020"}],"curies":[{"name":"wp","href":"https:\/\/api.w.org\/{rel}","templated":true}]}}