{"id":8029,"date":"2017-06-14T09:20:34","date_gmt":"2017-06-14T09:20:34","guid":{"rendered":"https:\/\/sharks.ee\/fedemark\/shop\/uncategorized\/eurotech\/"},"modified":"2017-08-04T09:31:15","modified_gmt":"2017-08-04T09:31:15","slug":"eurotech","status":"publish","type":"product","link":"https:\/\/fedemark.ee\/fi\/tuotteet\/telineet-ja-erikoisrakenteet\/suurikantokykyiset-terastelineet\/eurotech\/","title":{"rendered":"Eurotech"},"content":{"rendered":"","protected":false},"excerpt":{"rendered":"<p>Ihanteellinen rahtaajille, rakenne s\u00e4\u00e4st\u00e4\u00e4 kokoamiseen kuluvaa aikaa ja siihen kuuluu v\u00e4h\u00e4n osia<\/p>\n<p>PLUSSAT:<\/p>\n<p>1) TIKKAAT ON INTEGROITU V\u00c4LIKEHYKSIIN<\/p>\n<p>2) PIENEMPI KOMPONENTTIEN M\u00c4\u00c4R\u00c4 TEKEE KOKOAMISESTA NOPEAMMAN<\/p>\n<p>3) 4 PERUSTYYPPI\u00c4 ANTAVAT SUUREMMAN VALIKOIMAN<\/p>\n<p>4) KEHITETTY VUONNA 2015 UUSIEN EUROOPPALAISTEN NORMIEN POHJALTA<\/p>\n<p>5) SAATAVANA 42 TY\u00d6KORKEUTTA<\/p>\n<p>Eurotechiss\u00e4 on paljon uudistuksia:<\/p>\n<p>RAKENNE-ELEMENTIT<\/p>\n<p>SVELT on johtava teolliseen ja taajaan k\u00e4ytt\u00f6\u00f6n tarkoitettuja, rakenteiltaan t\u00e4ydellisen lujia, toimintavarmoja ja helposti koottavia tornitelineit\u00e4 valmistava yritys.<\/p>\n<p>1) Erityiset ristikk\u00e4istankojen asennot luovat jokaisessa v\u00e4liss\u00e4 4 isostaattista ja pysyv\u00e4\u00e4 kolmiota, jotka est\u00e4v\u00e4t telineiden kallistumisen my\u00f6s eritt\u00e4in suurissa korkeuksissa k\u00e4ytett\u00e4ess\u00e4. Lis\u00e4laite antaa mahdollisuuden poistaa 2 ristikk\u00e4istankoa, jolloin syntyy iso ty\u00f6alue.<\/p>\n<p>2) Ristikk\u00e4istangojen kiinnitys koostuu pikakiinnitysj\u00e4rjestelm\u00e4st\u00e4<\/p>\n<p>3) Uudet liukumattomat puolat takaavat kiivetess\u00e4 turvallisen alustan<\/p>\n<p>4) Kehykset A kiinnittyv\u00e4t suojakaiteiden B putken sis\u00e4\u00e4n ja painavat ne alas. Telineet muuttuvat sit\u00e4 lujemmiksi, mit\u00e4 korkeammiksi ne nostetaan (koska paine jakautuu koko rakenteeseen).<\/p>\n<p>5) Eurotech malli 4 alustat on tarkoitettu k\u00e4ytt\u00e4jien kaikenlaisiin tarpeisiin. Jokainen alusta takaa vakauden koko rakenteelle. Se koostuu moduuleista ja se on hyvin helppo koota ty\u00f6kaluja ja muttereita \/ pultteja k\u00e4ytt\u00e4m\u00e4tt\u00e4. Malli on varustettu 4 vakaajalla, poisvirtausrei\u2019ill\u00e4, jotka est\u00e4v\u00e4t veden ja kosteuden joutumisen rakenteiden sis\u00e4\u00e4n, sek\u00e4 4 jarrullisella py\u00f6r\u00e4ll\u00e4.<\/p>\n<p>6) Komponenttien nimet ja ty\u00f6tasoihin kiinnitettyjen telineiden n\u00e4ytteet ovat eriv\u00e4risi\u00e4, ja niiden mukaan on helppo ymm\u00e4rt\u00e4\u00e4, minne ne tulee asentaa (sininen alusta, hopeanv\u00e4riset v\u00e4liosat, punaiset suojakaiteet ja reelingit).<\/p>\n<p><strong>KUVAUS<\/strong><\/p>\n<p>Eurotech on tehty FE360-ter\u00e4ksest\u00e4, joka on ruosteelta suojaamiseksi sinkitty. Sen k\u00e4ytt\u00f6 on turvallista ja kokoaminen helppoa. Ristikk\u00e4istangot muodostavat t\u00e4ydellisesti pysyv\u00e4n rakenteen, joka ei kallistu edes suurissa korkeuksissa. Euroopan normien mukaisesti k\u00e4ytt\u00e4j\u00e4 voi kiivej\u00e4 ty\u00f6tasoille kehysastinlautojen avulla.<\/p>\n<p>Puolien v\u00e4linen et\u00e4isyys on vain 30 cm. Siten telineiden sis\u00e4\u00e4n ei tarvitse lis\u00e4t\u00e4 tikkaita. Pohjan ristikk\u00e4istangot ovat samat kuin rungon.<\/p>\n<p>Paljon tarvikkeita ja 4 perusmallia vastaavat markkinoiden kysynt\u00e4\u00e4.<\/p>\n<p><strong>TARVIKKEET<\/strong><\/p>\n<ul>\n<li>Luukulla varustettu ter\u00e4ksinen \/ puinen ty\u00f6taso (2,04 x 1,00 m) \u2013 37 kg<\/li>\n<li>Luukulla varustettu alumiininen \/ puinen ty\u00f6taso (2,04 x 1,00 m) \u2013 31 kg<\/li>\n<li>Luukulla varustettu t\u00e4ysalumiininen ty\u00f6taso (tilauksesta)<\/li>\n<li>Alkutason kehys \u2013 18 kg (kuuluu peruspakettiin 4)<\/li>\n<li>Ylempi punainen suorakaide (2 k\u00e4sipuuta + 2 jalkakaide) &#8211; 8,5 kg<\/li>\n<li>Vakaajaa (kuuluvat peruspakettiin 2), kukin 9 kg<\/li>\n<li>4 turvakaidetta, jotka ovat jokaista v\u00e4lity\u00f6tasoa kohti pakolliset<\/li>\n<li>Avoimen alueen setti (mahdollistaa ristikk\u00e4istankojen poiston, jolla luodaan etusivulle vapaa tila)<\/li>\n<li>Turvasetti mahdollistaa Eurotechin k\u00e4yt\u00f6n katoille tai p\u00e4reille<\/li>\n<li>Nopeasti asennettava alumiininen ankkurij\u00e4rjestelm\u00e4<\/li>\n<li>Peruspaketti 2 (ks. peruspaketti 1 + 4 vakaajaa) 58 kg<\/li>\n<li>Peruspaketti 3 (ks. peruspaketti 1 + 4 vakaajaa + perustaso) 73 kg<\/li>\n<li>Peruspaketti 4 (ks. peruspaketti 1 + 4 vakaajaa + 2 perustasoa + alkutason kehys) 90 kg<\/li>\n<\/ul>\n","protected":false},"featured_media":4805,"comment_status":"open","ping_status":"closed","template":"","meta":{"footnotes":""},"product_cat":[196,206],"product_tag":[],"yoast_head":"<!-- This site is optimized with the Yoast SEO plugin v22.6 - https:\/\/yoast.com\/wordpress\/plugins\/seo\/ -->\n<title>Eurotech - Fedemark<\/title>\n<meta name=\"robots\" content=\"index, follow, max-snippet:-1, max-image-preview:large, max-video-preview:-1\" \/>\n<link rel=\"canonical\" href=\"https:\/\/fedemark.ee\/fi\/tuotteet\/telineet-ja-erikoisrakenteet\/suurikantokykyiset-terastelineet\/eurotech\/\" \/>\n<meta property=\"og:locale\" content=\"fi_FI\" \/>\n<meta property=\"og:type\" content=\"article\" \/>\n<meta property=\"og:title\" content=\"Eurotech - Fedemark\" \/>\n<meta property=\"og:description\" content=\"Ihanteellinen rahtaajille, rakenne s\u00e4\u00e4st\u00e4\u00e4 kokoamiseen kuluvaa aikaa ja siihen kuuluu v\u00e4h\u00e4n osia  PLUSSAT:  1) TIKKAAT ON INTEGROITU V\u00c4LIKEHYKSIIN  2) PIENEMPI KOMPONENTTIEN M\u00c4\u00c4R\u00c4 TEKEE KOKOAMISESTA NOPEAMMAN  3) 4 PERUSTYYPPI\u00c4 ANTAVAT SUUREMMAN VALIKOIMAN  4) KEHITETTY VUONNA 2015 UUSIEN EUROOPPALAISTEN NORMIEN POHJALTA  5) SAATAVANA 42 TY\u00d6KORKEUTTA  Eurotechiss\u00e4 on paljon uudistuksia:  RAKENNE-ELEMENTIT  SVELT on johtava teolliseen ja taajaan k\u00e4ytt\u00f6\u00f6n tarkoitettuja, rakenteiltaan t\u00e4ydellisen lujia, toimintavarmoja ja helposti koottavia tornitelineit\u00e4 valmistava yritys.  1) Erityiset ristikk\u00e4istankojen asennot luovat jokaisessa v\u00e4liss\u00e4 4 isostaattista ja pysyv\u00e4\u00e4 kolmiota, jotka est\u00e4v\u00e4t telineiden kallistumisen my\u00f6s eritt\u00e4in suurissa korkeuksissa k\u00e4ytett\u00e4ess\u00e4. Lis\u00e4laite antaa mahdollisuuden poistaa 2 ristikk\u00e4istankoa, jolloin syntyy iso ty\u00f6alue.  2) Ristikk\u00e4istangojen kiinnitys koostuu pikakiinnitysj\u00e4rjestelm\u00e4st\u00e4  3) Uudet liukumattomat puolat takaavat kiivetess\u00e4 turvallisen alustan  4) Kehykset A kiinnittyv\u00e4t suojakaiteiden B putken sis\u00e4\u00e4n ja painavat ne alas. Telineet muuttuvat sit\u00e4 lujemmiksi, mit\u00e4 korkeammiksi ne nostetaan (koska paine jakautuu koko rakenteeseen).  5) Eurotech malli 4 alustat on tarkoitettu k\u00e4ytt\u00e4jien kaikenlaisiin tarpeisiin. Jokainen alusta takaa vakauden koko rakenteelle. Se koostuu moduuleista ja se on hyvin helppo koota ty\u00f6kaluja ja muttereita \/ pultteja k\u00e4ytt\u00e4m\u00e4tt\u00e4. Malli on varustettu 4 vakaajalla, poisvirtausrei\u2019ill\u00e4, jotka est\u00e4v\u00e4t veden ja kosteuden joutumisen rakenteiden sis\u00e4\u00e4n, sek\u00e4 4 jarrullisella py\u00f6r\u00e4ll\u00e4.  6) Komponenttien nimet ja ty\u00f6tasoihin kiinnitettyjen telineiden n\u00e4ytteet ovat eriv\u00e4risi\u00e4, ja niiden mukaan on helppo ymm\u00e4rt\u00e4\u00e4, minne ne tulee asentaa (sininen alusta, hopeanv\u00e4riset v\u00e4liosat, punaiset suojakaiteet ja reelingit).  KUVAUS  Eurotech on tehty FE360-ter\u00e4ksest\u00e4, joka on ruosteelta suojaamiseksi sinkitty. Sen k\u00e4ytt\u00f6 on turvallista ja kokoaminen helppoa. Ristikk\u00e4istangot muodostavat t\u00e4ydellisesti pysyv\u00e4n rakenteen, joka ei kallistu edes suurissa korkeuksissa. Euroopan normien mukaisesti k\u00e4ytt\u00e4j\u00e4 voi kiivej\u00e4 ty\u00f6tasoille kehysastinlautojen avulla.  Puolien v\u00e4linen et\u00e4isyys on vain 30 cm. Siten telineiden sis\u00e4\u00e4n ei tarvitse lis\u00e4t\u00e4 tikkaita. Pohjan ristikk\u00e4istangot ovat samat kuin rungon.  Paljon tarvikkeita ja 4 perusmallia vastaavat markkinoiden kysynt\u00e4\u00e4.  TARVIKKEET   Luukulla varustettu ter\u00e4ksinen \/ puinen ty\u00f6taso (2,04 x 1,00 m) \u2013 37 kg  Luukulla varustettu alumiininen \/ puinen ty\u00f6taso (2,04 x 1,00 m) \u2013 31 kg  Luukulla varustettu t\u00e4ysalumiininen ty\u00f6taso (tilauksesta)  Alkutason kehys \u2013 18 kg (kuuluu peruspakettiin 4)  Ylempi punainen suorakaide (2 k\u00e4sipuuta + 2 jalkakaide) - 8,5 kg  Vakaajaa (kuuluvat peruspakettiin 2), kukin 9 kg  4 turvakaidetta, jotka ovat jokaista v\u00e4lity\u00f6tasoa kohti pakolliset  Avoimen alueen setti (mahdollistaa ristikk\u00e4istankojen poiston, jolla luodaan etusivulle vapaa tila)  Turvasetti mahdollistaa Eurotechin k\u00e4yt\u00f6n katoille tai p\u00e4reille  Nopeasti asennettava alumiininen ankkurij\u00e4rjestelm\u00e4  Peruspaketti 2 (ks. peruspaketti 1 + 4 vakaajaa) 58 kg  Peruspaketti 3 (ks. peruspaketti 1 + 4 vakaajaa + perustaso) 73 kg  Peruspaketti 4 (ks. peruspaketti 1 + 4 vakaajaa + 2 perustasoa + alkutason kehys) 90 kg\" \/>\n<meta property=\"og:url\" content=\"https:\/\/fedemark.ee\/fi\/tuotteet\/telineet-ja-erikoisrakenteet\/suurikantokykyiset-terastelineet\/eurotech\/\" \/>\n<meta property=\"og:site_name\" content=\"Fedemark\" \/>\n<meta property=\"article:modified_time\" content=\"2017-08-04T09:31:15+00:00\" \/>\n<meta property=\"og:image\" content=\"https:\/\/fedemark.ee\/wp-content\/uploads\/2017\/06\/Eurotech-7-e1497431475532-683x1024.jpg\" \/>\n\t<meta property=\"og:image:width\" content=\"683\" \/>\n\t<meta property=\"og:image:height\" content=\"1024\" \/>\n\t<meta property=\"og:image:type\" content=\"image\/jpeg\" \/>\n<meta name=\"twitter:card\" content=\"summary_large_image\" \/>\n<script type=\"application\/ld+json\" class=\"yoast-schema-graph\">{\"@context\":\"https:\/\/schema.org\",\"@graph\":[{\"@type\":\"WebPage\",\"@id\":\"https:\/\/fedemark.ee\/fi\/tuotteet\/telineet-ja-erikoisrakenteet\/suurikantokykyiset-terastelineet\/eurotech\/\",\"url\":\"https:\/\/fedemark.ee\/fi\/tuotteet\/telineet-ja-erikoisrakenteet\/suurikantokykyiset-terastelineet\/eurotech\/\",\"name\":\"Eurotech - Fedemark\",\"isPartOf\":{\"@id\":\"https:\/\/fedemark.ee\/#website\"},\"primaryImageOfPage\":{\"@id\":\"https:\/\/fedemark.ee\/fi\/tuotteet\/telineet-ja-erikoisrakenteet\/suurikantokykyiset-terastelineet\/eurotech\/#primaryimage\"},\"image\":{\"@id\":\"https:\/\/fedemark.ee\/fi\/tuotteet\/telineet-ja-erikoisrakenteet\/suurikantokykyiset-terastelineet\/eurotech\/#primaryimage\"},\"thumbnailUrl\":\"https:\/\/fedemark.ee\/wp-content\/uploads\/2017\/06\/Eurotech-7.jpg\",\"datePublished\":\"2017-06-14T09:20:34+00:00\",\"dateModified\":\"2017-08-04T09:31:15+00:00\",\"breadcrumb\":{\"@id\":\"https:\/\/fedemark.ee\/fi\/tuotteet\/telineet-ja-erikoisrakenteet\/suurikantokykyiset-terastelineet\/eurotech\/#breadcrumb\"},\"inLanguage\":\"fi-FI\",\"potentialAction\":[{\"@type\":\"ReadAction\",\"target\":[\"https:\/\/fedemark.ee\/fi\/tuotteet\/telineet-ja-erikoisrakenteet\/suurikantokykyiset-terastelineet\/eurotech\/\"]}]},{\"@type\":\"ImageObject\",\"inLanguage\":\"fi-FI\",\"@id\":\"https:\/\/fedemark.ee\/fi\/tuotteet\/telineet-ja-erikoisrakenteet\/suurikantokykyiset-terastelineet\/eurotech\/#primaryimage\",\"url\":\"https:\/\/fedemark.ee\/wp-content\/uploads\/2017\/06\/Eurotech-7.jpg\",\"contentUrl\":\"https:\/\/fedemark.ee\/wp-content\/uploads\/2017\/06\/Eurotech-7.jpg\",\"width\":4752,\"height\":3168},{\"@type\":\"BreadcrumbList\",\"@id\":\"https:\/\/fedemark.ee\/fi\/tuotteet\/telineet-ja-erikoisrakenteet\/suurikantokykyiset-terastelineet\/eurotech\/#breadcrumb\",\"itemListElement\":[{\"@type\":\"ListItem\",\"position\":1,\"name\":\"Home\",\"item\":\"https:\/\/fedemark.ee\/fi\/\"},{\"@type\":\"ListItem\",\"position\":2,\"name\":\"Tuotteet\",\"item\":\"https:\/\/fedemark.ee\/fi\/tuotteet\/\"},{\"@type\":\"ListItem\",\"position\":3,\"name\":\"Eurotech\"}]},{\"@type\":\"WebSite\",\"@id\":\"https:\/\/fedemark.ee\/#website\",\"url\":\"https:\/\/fedemark.ee\/\",\"name\":\"Fedemark\",\"description\":\"Redelid, Tellingud, T\u00f6\u00f6platvormid ja vahekorrused\",\"potentialAction\":[{\"@type\":\"SearchAction\",\"target\":{\"@type\":\"EntryPoint\",\"urlTemplate\":\"https:\/\/fedemark.ee\/?s={search_term_string}\"},\"query-input\":\"required name=search_term_string\"}],\"inLanguage\":\"fi-FI\"}]}<\/script>\n<!-- \/ Yoast SEO plugin. -->","yoast_head_json":{"title":"Eurotech - Fedemark","robots":{"index":"index","follow":"follow","max-snippet":"max-snippet:-1","max-image-preview":"max-image-preview:large","max-video-preview":"max-video-preview:-1"},"canonical":"https:\/\/fedemark.ee\/fi\/tuotteet\/telineet-ja-erikoisrakenteet\/suurikantokykyiset-terastelineet\/eurotech\/","og_locale":"fi_FI","og_type":"article","og_title":"Eurotech - Fedemark","og_description":"Ihanteellinen rahtaajille, rakenne s\u00e4\u00e4st\u00e4\u00e4 kokoamiseen kuluvaa aikaa ja siihen kuuluu v\u00e4h\u00e4n osia  PLUSSAT:  1) TIKKAAT ON INTEGROITU V\u00c4LIKEHYKSIIN  2) PIENEMPI KOMPONENTTIEN M\u00c4\u00c4R\u00c4 TEKEE KOKOAMISESTA NOPEAMMAN  3) 4 PERUSTYYPPI\u00c4 ANTAVAT SUUREMMAN VALIKOIMAN  4) KEHITETTY VUONNA 2015 UUSIEN EUROOPPALAISTEN NORMIEN POHJALTA  5) SAATAVANA 42 TY\u00d6KORKEUTTA  Eurotechiss\u00e4 on paljon uudistuksia:  RAKENNE-ELEMENTIT  SVELT on johtava teolliseen ja taajaan k\u00e4ytt\u00f6\u00f6n tarkoitettuja, rakenteiltaan t\u00e4ydellisen lujia, toimintavarmoja ja helposti koottavia tornitelineit\u00e4 valmistava yritys.  1) Erityiset ristikk\u00e4istankojen asennot luovat jokaisessa v\u00e4liss\u00e4 4 isostaattista ja pysyv\u00e4\u00e4 kolmiota, jotka est\u00e4v\u00e4t telineiden kallistumisen my\u00f6s eritt\u00e4in suurissa korkeuksissa k\u00e4ytett\u00e4ess\u00e4. Lis\u00e4laite antaa mahdollisuuden poistaa 2 ristikk\u00e4istankoa, jolloin syntyy iso ty\u00f6alue.  2) Ristikk\u00e4istangojen kiinnitys koostuu pikakiinnitysj\u00e4rjestelm\u00e4st\u00e4  3) Uudet liukumattomat puolat takaavat kiivetess\u00e4 turvallisen alustan  4) Kehykset A kiinnittyv\u00e4t suojakaiteiden B putken sis\u00e4\u00e4n ja painavat ne alas. Telineet muuttuvat sit\u00e4 lujemmiksi, mit\u00e4 korkeammiksi ne nostetaan (koska paine jakautuu koko rakenteeseen).  5) Eurotech malli 4 alustat on tarkoitettu k\u00e4ytt\u00e4jien kaikenlaisiin tarpeisiin. Jokainen alusta takaa vakauden koko rakenteelle. Se koostuu moduuleista ja se on hyvin helppo koota ty\u00f6kaluja ja muttereita \/ pultteja k\u00e4ytt\u00e4m\u00e4tt\u00e4. Malli on varustettu 4 vakaajalla, poisvirtausrei\u2019ill\u00e4, jotka est\u00e4v\u00e4t veden ja kosteuden joutumisen rakenteiden sis\u00e4\u00e4n, sek\u00e4 4 jarrullisella py\u00f6r\u00e4ll\u00e4.  6) Komponenttien nimet ja ty\u00f6tasoihin kiinnitettyjen telineiden n\u00e4ytteet ovat eriv\u00e4risi\u00e4, ja niiden mukaan on helppo ymm\u00e4rt\u00e4\u00e4, minne ne tulee asentaa (sininen alusta, hopeanv\u00e4riset v\u00e4liosat, punaiset suojakaiteet ja reelingit).  KUVAUS  Eurotech on tehty FE360-ter\u00e4ksest\u00e4, joka on ruosteelta suojaamiseksi sinkitty. Sen k\u00e4ytt\u00f6 on turvallista ja kokoaminen helppoa. Ristikk\u00e4istangot muodostavat t\u00e4ydellisesti pysyv\u00e4n rakenteen, joka ei kallistu edes suurissa korkeuksissa. Euroopan normien mukaisesti k\u00e4ytt\u00e4j\u00e4 voi kiivej\u00e4 ty\u00f6tasoille kehysastinlautojen avulla.  Puolien v\u00e4linen et\u00e4isyys on vain 30 cm. Siten telineiden sis\u00e4\u00e4n ei tarvitse lis\u00e4t\u00e4 tikkaita. Pohjan ristikk\u00e4istangot ovat samat kuin rungon.  Paljon tarvikkeita ja 4 perusmallia vastaavat markkinoiden kysynt\u00e4\u00e4.  TARVIKKEET   Luukulla varustettu ter\u00e4ksinen \/ puinen ty\u00f6taso (2,04 x 1,00 m) \u2013 37 kg  Luukulla varustettu alumiininen \/ puinen ty\u00f6taso (2,04 x 1,00 m) \u2013 31 kg  Luukulla varustettu t\u00e4ysalumiininen ty\u00f6taso (tilauksesta)  Alkutason kehys \u2013 18 kg (kuuluu peruspakettiin 4)  Ylempi punainen suorakaide (2 k\u00e4sipuuta + 2 jalkakaide) - 8,5 kg  Vakaajaa (kuuluvat peruspakettiin 2), kukin 9 kg  4 turvakaidetta, jotka ovat jokaista v\u00e4lity\u00f6tasoa kohti pakolliset  Avoimen alueen setti (mahdollistaa ristikk\u00e4istankojen poiston, jolla luodaan etusivulle vapaa tila)  Turvasetti mahdollistaa Eurotechin k\u00e4yt\u00f6n katoille tai p\u00e4reille  Nopeasti asennettava alumiininen ankkurij\u00e4rjestelm\u00e4  Peruspaketti 2 (ks. peruspaketti 1 + 4 vakaajaa) 58 kg  Peruspaketti 3 (ks. peruspaketti 1 + 4 vakaajaa + perustaso) 73 kg  Peruspaketti 4 (ks. peruspaketti 1 + 4 vakaajaa + 2 perustasoa + alkutason kehys) 90 kg","og_url":"https:\/\/fedemark.ee\/fi\/tuotteet\/telineet-ja-erikoisrakenteet\/suurikantokykyiset-terastelineet\/eurotech\/","og_site_name":"Fedemark","article_modified_time":"2017-08-04T09:31:15+00:00","og_image":[{"width":683,"height":1024,"url":"https:\/\/fedemark.ee\/wp-content\/uploads\/2017\/06\/Eurotech-7-e1497431475532-683x1024.jpg","type":"image\/jpeg"}],"twitter_card":"summary_large_image","schema":{"@context":"https:\/\/schema.org","@graph":[{"@type":"WebPage","@id":"https:\/\/fedemark.ee\/fi\/tuotteet\/telineet-ja-erikoisrakenteet\/suurikantokykyiset-terastelineet\/eurotech\/","url":"https:\/\/fedemark.ee\/fi\/tuotteet\/telineet-ja-erikoisrakenteet\/suurikantokykyiset-terastelineet\/eurotech\/","name":"Eurotech - Fedemark","isPartOf":{"@id":"https:\/\/fedemark.ee\/#website"},"primaryImageOfPage":{"@id":"https:\/\/fedemark.ee\/fi\/tuotteet\/telineet-ja-erikoisrakenteet\/suurikantokykyiset-terastelineet\/eurotech\/#primaryimage"},"image":{"@id":"https:\/\/fedemark.ee\/fi\/tuotteet\/telineet-ja-erikoisrakenteet\/suurikantokykyiset-terastelineet\/eurotech\/#primaryimage"},"thumbnailUrl":"https:\/\/fedemark.ee\/wp-content\/uploads\/2017\/06\/Eurotech-7.jpg","datePublished":"2017-06-14T09:20:34+00:00","dateModified":"2017-08-04T09:31:15+00:00","breadcrumb":{"@id":"https:\/\/fedemark.ee\/fi\/tuotteet\/telineet-ja-erikoisrakenteet\/suurikantokykyiset-terastelineet\/eurotech\/#breadcrumb"},"inLanguage":"fi-FI","potentialAction":[{"@type":"ReadAction","target":["https:\/\/fedemark.ee\/fi\/tuotteet\/telineet-ja-erikoisrakenteet\/suurikantokykyiset-terastelineet\/eurotech\/"]}]},{"@type":"ImageObject","inLanguage":"fi-FI","@id":"https:\/\/fedemark.ee\/fi\/tuotteet\/telineet-ja-erikoisrakenteet\/suurikantokykyiset-terastelineet\/eurotech\/#primaryimage","url":"https:\/\/fedemark.ee\/wp-content\/uploads\/2017\/06\/Eurotech-7.jpg","contentUrl":"https:\/\/fedemark.ee\/wp-content\/uploads\/2017\/06\/Eurotech-7.jpg","width":4752,"height":3168},{"@type":"BreadcrumbList","@id":"https:\/\/fedemark.ee\/fi\/tuotteet\/telineet-ja-erikoisrakenteet\/suurikantokykyiset-terastelineet\/eurotech\/#breadcrumb","itemListElement":[{"@type":"ListItem","position":1,"name":"Home","item":"https:\/\/fedemark.ee\/fi\/"},{"@type":"ListItem","position":2,"name":"Tuotteet","item":"https:\/\/fedemark.ee\/fi\/tuotteet\/"},{"@type":"ListItem","position":3,"name":"Eurotech"}]},{"@type":"WebSite","@id":"https:\/\/fedemark.ee\/#website","url":"https:\/\/fedemark.ee\/","name":"Fedemark","description":"Redelid, Tellingud, T\u00f6\u00f6platvormid ja vahekorrused","potentialAction":[{"@type":"SearchAction","target":{"@type":"EntryPoint","urlTemplate":"https:\/\/fedemark.ee\/?s={search_term_string}"},"query-input":"required name=search_term_string"}],"inLanguage":"fi-FI"}]}},"_links":{"self":[{"href":"https:\/\/fedemark.ee\/fi\/wp-json\/wp\/v2\/product\/8029"}],"collection":[{"href":"https:\/\/fedemark.ee\/fi\/wp-json\/wp\/v2\/product"}],"about":[{"href":"https:\/\/fedemark.ee\/fi\/wp-json\/wp\/v2\/types\/product"}],"replies":[{"embeddable":true,"href":"https:\/\/fedemark.ee\/fi\/wp-json\/wp\/v2\/comments?post=8029"}],"version-history":[{"count":0,"href":"https:\/\/fedemark.ee\/fi\/wp-json\/wp\/v2\/product\/8029\/revisions"}],"wp:featuredmedia":[{"embeddable":true,"href":"https:\/\/fedemark.ee\/fi\/wp-json\/wp\/v2\/media\/4805"}],"wp:attachment":[{"href":"https:\/\/fedemark.ee\/fi\/wp-json\/wp\/v2\/media?parent=8029"}],"wp:term":[{"taxonomy":"product_cat","embeddable":true,"href":"https:\/\/fedemark.ee\/fi\/wp-json\/wp\/v2\/product_cat?post=8029"},{"taxonomy":"product_tag","embeddable":true,"href":"https:\/\/fedemark.ee\/fi\/wp-json\/wp\/v2\/product_tag?post=8029"}],"curies":[{"name":"wp","href":"https:\/\/api.w.org\/{rel}","templated":true}]}}