{"id":8154,"date":"2017-06-15T13:11:51","date_gmt":"2017-06-15T13:11:51","guid":{"rendered":"https:\/\/sharks.ee\/fedemark\/shop\/uncategorized\/x-tend-superpro\/"},"modified":"2017-08-10T11:40:50","modified_gmt":"2017-08-10T11:40:50","slug":"x-tend-superpro","status":"publish","type":"product","link":"https:\/\/fedemark.ee\/fi\/tuotteet\/suurikantokykyiset-tikkaat\/monikayttoiset-ja-muotoiltavat-teleskooppitikkaat\/x-tend-superpro\/","title":{"rendered":"X-tend Superpro"},"content":{"rendered":"","protected":false},"excerpt":{"rendered":"<p>Kevyiden t\u00f6iden tekoon tarkoitettu vakiopuolilla varustettu kompakti tikas, jonka ty\u00f6korkeus on 5,40 m<\/p>\n<p>VAROKAA VAARALLISIA KOPIOITA<\/p>\n<p>6061 anodoidusta alumiinista valmistettu teleskooppitikas, joka erikoisk\u00e4sittelyn ansiosta ei likaa k\u00e4ytt\u00e4j\u00e4n k\u00e4si\u00e4.<\/p>\n<p>Tikas on tarkoitettu ammattik\u00e4ytt\u00f6\u00f6n, mutta sopii ihanteellisesti my\u00f6s kotik\u00e4ytt\u00f6\u00f6n ja harrastuksiin.<\/p>\n<p>Tikas on eritt\u00e4in kompakti ja sit\u00e4 voi s\u00e4ilytt\u00e4\u00e4 miss\u00e4 vain, esimerkiksi auton tavaratilassa tai leikkuualustalla.<\/p>\n<p>Sopii eritt\u00e4in hyvin asentajille, somistajille, putkimiehille ja s\u00e4hk\u00f6miehille.<\/p>\n<ul>\n<li>Liukumaton puola, leveys 5,7 cm<\/li>\n<li>Puolienv\u00e4linen et\u00e4isyys 30 cm \u2013 nailonliitokset<\/li>\n<li>Liukumaton PVC-alusta<\/li>\n<li>PVC-sanka kiinni pit\u00e4misen helpottamiseen<\/li>\n<li>Turvahihna, joka est\u00e4\u00e4 yll\u00e4tt\u00e4v\u00e4t avautumiset<\/li>\n<li>Automaattinen sulkeminen yhdell\u00e4 nupilla<\/li>\n<li>Pakkaus muovipussi + Styrofoam + pahvilaatikko<\/li>\n<\/ul>\n<p>KORKEUS SULJETTUNA 94 cm<\/p>\n<p>UUSI AUTOMAATTINEN SULKEMISJ\u00c4RJESTELM\u00c4<\/p>\n<p>Paina ensimm\u00e4isell\u00e4 askelmalla olevaa nuppia, niin tikas lukkiutuu hallitulla nopeudella t\u00e4ysin<\/p>\n<p>UUSI TURVALAITE SORMILLE<\/p>\n<p>Sulkemisen turvaj\u00e4rjestelm\u00e4 hidastaa tikkaan laskeutumista ja suojaa k\u00e4si\u00e4 vammoilta<\/p>\n<p>EUROOPPALAINEN STANDARDI 131\/6<\/p>\n<p>T\u00e4m\u00e4 on eritt\u00e4in kompakteja teleskooppitikkaita koskeva eurooppalainen standardi. Uudet turvalaitteiden (koukkujen) kest\u00e4vyytt\u00e4, k\u00e4ytt\u00e4j\u00e4n turvalaitetta (puolienv\u00e4linen alue), vertikaalista kyky\u00e4, puolia ja kumijalkoja koskevat testaukset.<\/p>\n<p>N\u00e4m\u00e4 testit on eritt\u00e4in vaikea l\u00e4p\u00e4ist\u00e4 ja siihen pystyy vain huippulaatuinen tuote.<\/p>\n<p><img loading=\"lazy\" decoding=\"async\" class=\"alignnone wp-image-5293\" src=\"https:\/\/fedemark.ee\/wp-content\/uploads\/2017\/06\/Ikoonid_14.jpg\" alt=\"\" width=\"66\" height=\"84\" \/><img loading=\"lazy\" decoding=\"async\" class=\"alignnone wp-image-5257\" src=\"https:\/\/fedemark.ee\/wp-content\/uploads\/2017\/06\/Ikoonid_03-Copy.jpg\" alt=\"\" width=\"75\" height=\"75\" srcset=\"https:\/\/fedemark.ee\/wp-content\/uploads\/2017\/06\/Ikoonid_03-Copy.jpg 132w, https:\/\/fedemark.ee\/wp-content\/uploads\/2017\/06\/Ikoonid_03-Copy-100x100.jpg 100w\" sizes=\"(max-width: 75px) 100vw, 75px\" \/><img loading=\"lazy\" decoding=\"async\" class=\"alignnone wp-image-5353\" src=\"https:\/\/fedemark.ee\/wp-content\/uploads\/2017\/06\/Ikoonid_50.jpg\" alt=\"\" width=\"63\" height=\"74\" \/><\/p>\n","protected":false},"featured_media":9750,"comment_status":"open","ping_status":"closed","template":"","meta":{"footnotes":""},"product_cat":[178,205],"product_tag":[],"yoast_head":"<!-- This site is optimized with the Yoast SEO plugin v22.6 - https:\/\/yoast.com\/wordpress\/plugins\/seo\/ -->\n<title>X-tend Superpro - Fedemark<\/title>\n<meta name=\"robots\" content=\"index, follow, max-snippet:-1, max-image-preview:large, max-video-preview:-1\" \/>\n<link rel=\"canonical\" href=\"https:\/\/fedemark.ee\/fi\/tuotteet\/suurikantokykyiset-tikkaat\/monikayttoiset-ja-muotoiltavat-teleskooppitikkaat\/x-tend-superpro\/\" \/>\n<meta property=\"og:locale\" content=\"fi_FI\" \/>\n<meta property=\"og:type\" content=\"article\" \/>\n<meta property=\"og:title\" content=\"X-tend Superpro - Fedemark\" \/>\n<meta property=\"og:description\" content=\"Kevyiden t\u00f6iden tekoon tarkoitettu vakiopuolilla varustettu kompakti tikas, jonka ty\u00f6korkeus on 5,40 m  VAROKAA VAARALLISIA KOPIOITA  6061 anodoidusta alumiinista valmistettu teleskooppitikas, joka erikoisk\u00e4sittelyn ansiosta ei likaa k\u00e4ytt\u00e4j\u00e4n k\u00e4si\u00e4.  Tikas on tarkoitettu ammattik\u00e4ytt\u00f6\u00f6n, mutta sopii ihanteellisesti my\u00f6s kotik\u00e4ytt\u00f6\u00f6n ja harrastuksiin.  Tikas on eritt\u00e4in kompakti ja sit\u00e4 voi s\u00e4ilytt\u00e4\u00e4 miss\u00e4 vain, esimerkiksi auton tavaratilassa tai leikkuualustalla.  Sopii eritt\u00e4in hyvin asentajille, somistajille, putkimiehille ja s\u00e4hk\u00f6miehille.   Liukumaton puola, leveys 5,7 cm  Puolienv\u00e4linen et\u00e4isyys 30 cm \u2013 nailonliitokset  Liukumaton PVC-alusta  PVC-sanka kiinni pit\u00e4misen helpottamiseen  Turvahihna, joka est\u00e4\u00e4 yll\u00e4tt\u00e4v\u00e4t avautumiset  Automaattinen sulkeminen yhdell\u00e4 nupilla  Pakkaus muovipussi + Styrofoam + pahvilaatikko  KORKEUS SULJETTUNA 94 cm  UUSI AUTOMAATTINEN SULKEMISJ\u00c4RJESTELM\u00c4  Paina ensimm\u00e4isell\u00e4 askelmalla olevaa nuppia, niin tikas lukkiutuu hallitulla nopeudella t\u00e4ysin  UUSI TURVALAITE SORMILLE  Sulkemisen turvaj\u00e4rjestelm\u00e4 hidastaa tikkaan laskeutumista ja suojaa k\u00e4si\u00e4 vammoilta  EUROOPPALAINEN STANDARDI 131\/6  T\u00e4m\u00e4 on eritt\u00e4in kompakteja teleskooppitikkaita koskeva eurooppalainen standardi. Uudet turvalaitteiden (koukkujen) kest\u00e4vyytt\u00e4, k\u00e4ytt\u00e4j\u00e4n turvalaitetta (puolienv\u00e4linen alue), vertikaalista kyky\u00e4, puolia ja kumijalkoja koskevat testaukset.  N\u00e4m\u00e4 testit on eritt\u00e4in vaikea l\u00e4p\u00e4ist\u00e4 ja siihen pystyy vain huippulaatuinen tuote.\" \/>\n<meta property=\"og:url\" content=\"https:\/\/fedemark.ee\/fi\/tuotteet\/suurikantokykyiset-tikkaat\/monikayttoiset-ja-muotoiltavat-teleskooppitikkaat\/x-tend-superpro\/\" \/>\n<meta property=\"og:site_name\" content=\"Fedemark\" \/>\n<meta property=\"article:modified_time\" content=\"2017-08-10T11:40:50+00:00\" \/>\n<meta property=\"og:image\" content=\"https:\/\/fedemark.ee\/wp-content\/uploads\/2017\/06\/xtend-super-pro-2.jpg\" \/>\n\t<meta property=\"og:image:width\" content=\"800\" \/>\n\t<meta property=\"og:image:height\" content=\"800\" \/>\n\t<meta property=\"og:image:type\" content=\"image\/jpeg\" \/>\n<meta name=\"twitter:card\" content=\"summary_large_image\" \/>\n<script type=\"application\/ld+json\" class=\"yoast-schema-graph\">{\"@context\":\"https:\/\/schema.org\",\"@graph\":[{\"@type\":\"WebPage\",\"@id\":\"https:\/\/fedemark.ee\/fi\/tuotteet\/suurikantokykyiset-tikkaat\/monikayttoiset-ja-muotoiltavat-teleskooppitikkaat\/x-tend-superpro\/\",\"url\":\"https:\/\/fedemark.ee\/fi\/tuotteet\/suurikantokykyiset-tikkaat\/monikayttoiset-ja-muotoiltavat-teleskooppitikkaat\/x-tend-superpro\/\",\"name\":\"X-tend Superpro - Fedemark\",\"isPartOf\":{\"@id\":\"https:\/\/fedemark.ee\/#website\"},\"primaryImageOfPage\":{\"@id\":\"https:\/\/fedemark.ee\/fi\/tuotteet\/suurikantokykyiset-tikkaat\/monikayttoiset-ja-muotoiltavat-teleskooppitikkaat\/x-tend-superpro\/#primaryimage\"},\"image\":{\"@id\":\"https:\/\/fedemark.ee\/fi\/tuotteet\/suurikantokykyiset-tikkaat\/monikayttoiset-ja-muotoiltavat-teleskooppitikkaat\/x-tend-superpro\/#primaryimage\"},\"thumbnailUrl\":\"https:\/\/fedemark.ee\/wp-content\/uploads\/2017\/06\/xtend-super-pro-2.jpg\",\"datePublished\":\"2017-06-15T13:11:51+00:00\",\"dateModified\":\"2017-08-10T11:40:50+00:00\",\"breadcrumb\":{\"@id\":\"https:\/\/fedemark.ee\/fi\/tuotteet\/suurikantokykyiset-tikkaat\/monikayttoiset-ja-muotoiltavat-teleskooppitikkaat\/x-tend-superpro\/#breadcrumb\"},\"inLanguage\":\"fi-FI\",\"potentialAction\":[{\"@type\":\"ReadAction\",\"target\":[\"https:\/\/fedemark.ee\/fi\/tuotteet\/suurikantokykyiset-tikkaat\/monikayttoiset-ja-muotoiltavat-teleskooppitikkaat\/x-tend-superpro\/\"]}]},{\"@type\":\"ImageObject\",\"inLanguage\":\"fi-FI\",\"@id\":\"https:\/\/fedemark.ee\/fi\/tuotteet\/suurikantokykyiset-tikkaat\/monikayttoiset-ja-muotoiltavat-teleskooppitikkaat\/x-tend-superpro\/#primaryimage\",\"url\":\"https:\/\/fedemark.ee\/wp-content\/uploads\/2017\/06\/xtend-super-pro-2.jpg\",\"contentUrl\":\"https:\/\/fedemark.ee\/wp-content\/uploads\/2017\/06\/xtend-super-pro-2.jpg\",\"width\":800,\"height\":800},{\"@type\":\"BreadcrumbList\",\"@id\":\"https:\/\/fedemark.ee\/fi\/tuotteet\/suurikantokykyiset-tikkaat\/monikayttoiset-ja-muotoiltavat-teleskooppitikkaat\/x-tend-superpro\/#breadcrumb\",\"itemListElement\":[{\"@type\":\"ListItem\",\"position\":1,\"name\":\"Home\",\"item\":\"https:\/\/fedemark.ee\/fi\/\"},{\"@type\":\"ListItem\",\"position\":2,\"name\":\"Tuotteet\",\"item\":\"https:\/\/fedemark.ee\/fi\/tuotteet\/\"},{\"@type\":\"ListItem\",\"position\":3,\"name\":\"X-tend Superpro\"}]},{\"@type\":\"WebSite\",\"@id\":\"https:\/\/fedemark.ee\/#website\",\"url\":\"https:\/\/fedemark.ee\/\",\"name\":\"Fedemark\",\"description\":\"Redelid, Tellingud, T\u00f6\u00f6platvormid ja vahekorrused\",\"potentialAction\":[{\"@type\":\"SearchAction\",\"target\":{\"@type\":\"EntryPoint\",\"urlTemplate\":\"https:\/\/fedemark.ee\/?s={search_term_string}\"},\"query-input\":\"required name=search_term_string\"}],\"inLanguage\":\"fi-FI\"}]}<\/script>\n<!-- \/ Yoast SEO plugin. -->","yoast_head_json":{"title":"X-tend Superpro - Fedemark","robots":{"index":"index","follow":"follow","max-snippet":"max-snippet:-1","max-image-preview":"max-image-preview:large","max-video-preview":"max-video-preview:-1"},"canonical":"https:\/\/fedemark.ee\/fi\/tuotteet\/suurikantokykyiset-tikkaat\/monikayttoiset-ja-muotoiltavat-teleskooppitikkaat\/x-tend-superpro\/","og_locale":"fi_FI","og_type":"article","og_title":"X-tend Superpro - Fedemark","og_description":"Kevyiden t\u00f6iden tekoon tarkoitettu vakiopuolilla varustettu kompakti tikas, jonka ty\u00f6korkeus on 5,40 m  VAROKAA VAARALLISIA KOPIOITA  6061 anodoidusta alumiinista valmistettu teleskooppitikas, joka erikoisk\u00e4sittelyn ansiosta ei likaa k\u00e4ytt\u00e4j\u00e4n k\u00e4si\u00e4.  Tikas on tarkoitettu ammattik\u00e4ytt\u00f6\u00f6n, mutta sopii ihanteellisesti my\u00f6s kotik\u00e4ytt\u00f6\u00f6n ja harrastuksiin.  Tikas on eritt\u00e4in kompakti ja sit\u00e4 voi s\u00e4ilytt\u00e4\u00e4 miss\u00e4 vain, esimerkiksi auton tavaratilassa tai leikkuualustalla.  Sopii eritt\u00e4in hyvin asentajille, somistajille, putkimiehille ja s\u00e4hk\u00f6miehille.   Liukumaton puola, leveys 5,7 cm  Puolienv\u00e4linen et\u00e4isyys 30 cm \u2013 nailonliitokset  Liukumaton PVC-alusta  PVC-sanka kiinni pit\u00e4misen helpottamiseen  Turvahihna, joka est\u00e4\u00e4 yll\u00e4tt\u00e4v\u00e4t avautumiset  Automaattinen sulkeminen yhdell\u00e4 nupilla  Pakkaus muovipussi + Styrofoam + pahvilaatikko  KORKEUS SULJETTUNA 94 cm  UUSI AUTOMAATTINEN SULKEMISJ\u00c4RJESTELM\u00c4  Paina ensimm\u00e4isell\u00e4 askelmalla olevaa nuppia, niin tikas lukkiutuu hallitulla nopeudella t\u00e4ysin  UUSI TURVALAITE SORMILLE  Sulkemisen turvaj\u00e4rjestelm\u00e4 hidastaa tikkaan laskeutumista ja suojaa k\u00e4si\u00e4 vammoilta  EUROOPPALAINEN STANDARDI 131\/6  T\u00e4m\u00e4 on eritt\u00e4in kompakteja teleskooppitikkaita koskeva eurooppalainen standardi. Uudet turvalaitteiden (koukkujen) kest\u00e4vyytt\u00e4, k\u00e4ytt\u00e4j\u00e4n turvalaitetta (puolienv\u00e4linen alue), vertikaalista kyky\u00e4, puolia ja kumijalkoja koskevat testaukset.  N\u00e4m\u00e4 testit on eritt\u00e4in vaikea l\u00e4p\u00e4ist\u00e4 ja siihen pystyy vain huippulaatuinen tuote.","og_url":"https:\/\/fedemark.ee\/fi\/tuotteet\/suurikantokykyiset-tikkaat\/monikayttoiset-ja-muotoiltavat-teleskooppitikkaat\/x-tend-superpro\/","og_site_name":"Fedemark","article_modified_time":"2017-08-10T11:40:50+00:00","og_image":[{"width":800,"height":800,"url":"https:\/\/fedemark.ee\/wp-content\/uploads\/2017\/06\/xtend-super-pro-2.jpg","type":"image\/jpeg"}],"twitter_card":"summary_large_image","schema":{"@context":"https:\/\/schema.org","@graph":[{"@type":"WebPage","@id":"https:\/\/fedemark.ee\/fi\/tuotteet\/suurikantokykyiset-tikkaat\/monikayttoiset-ja-muotoiltavat-teleskooppitikkaat\/x-tend-superpro\/","url":"https:\/\/fedemark.ee\/fi\/tuotteet\/suurikantokykyiset-tikkaat\/monikayttoiset-ja-muotoiltavat-teleskooppitikkaat\/x-tend-superpro\/","name":"X-tend Superpro - Fedemark","isPartOf":{"@id":"https:\/\/fedemark.ee\/#website"},"primaryImageOfPage":{"@id":"https:\/\/fedemark.ee\/fi\/tuotteet\/suurikantokykyiset-tikkaat\/monikayttoiset-ja-muotoiltavat-teleskooppitikkaat\/x-tend-superpro\/#primaryimage"},"image":{"@id":"https:\/\/fedemark.ee\/fi\/tuotteet\/suurikantokykyiset-tikkaat\/monikayttoiset-ja-muotoiltavat-teleskooppitikkaat\/x-tend-superpro\/#primaryimage"},"thumbnailUrl":"https:\/\/fedemark.ee\/wp-content\/uploads\/2017\/06\/xtend-super-pro-2.jpg","datePublished":"2017-06-15T13:11:51+00:00","dateModified":"2017-08-10T11:40:50+00:00","breadcrumb":{"@id":"https:\/\/fedemark.ee\/fi\/tuotteet\/suurikantokykyiset-tikkaat\/monikayttoiset-ja-muotoiltavat-teleskooppitikkaat\/x-tend-superpro\/#breadcrumb"},"inLanguage":"fi-FI","potentialAction":[{"@type":"ReadAction","target":["https:\/\/fedemark.ee\/fi\/tuotteet\/suurikantokykyiset-tikkaat\/monikayttoiset-ja-muotoiltavat-teleskooppitikkaat\/x-tend-superpro\/"]}]},{"@type":"ImageObject","inLanguage":"fi-FI","@id":"https:\/\/fedemark.ee\/fi\/tuotteet\/suurikantokykyiset-tikkaat\/monikayttoiset-ja-muotoiltavat-teleskooppitikkaat\/x-tend-superpro\/#primaryimage","url":"https:\/\/fedemark.ee\/wp-content\/uploads\/2017\/06\/xtend-super-pro-2.jpg","contentUrl":"https:\/\/fedemark.ee\/wp-content\/uploads\/2017\/06\/xtend-super-pro-2.jpg","width":800,"height":800},{"@type":"BreadcrumbList","@id":"https:\/\/fedemark.ee\/fi\/tuotteet\/suurikantokykyiset-tikkaat\/monikayttoiset-ja-muotoiltavat-teleskooppitikkaat\/x-tend-superpro\/#breadcrumb","itemListElement":[{"@type":"ListItem","position":1,"name":"Home","item":"https:\/\/fedemark.ee\/fi\/"},{"@type":"ListItem","position":2,"name":"Tuotteet","item":"https:\/\/fedemark.ee\/fi\/tuotteet\/"},{"@type":"ListItem","position":3,"name":"X-tend Superpro"}]},{"@type":"WebSite","@id":"https:\/\/fedemark.ee\/#website","url":"https:\/\/fedemark.ee\/","name":"Fedemark","description":"Redelid, Tellingud, T\u00f6\u00f6platvormid ja vahekorrused","potentialAction":[{"@type":"SearchAction","target":{"@type":"EntryPoint","urlTemplate":"https:\/\/fedemark.ee\/?s={search_term_string}"},"query-input":"required name=search_term_string"}],"inLanguage":"fi-FI"}]}},"_links":{"self":[{"href":"https:\/\/fedemark.ee\/fi\/wp-json\/wp\/v2\/product\/8154"}],"collection":[{"href":"https:\/\/fedemark.ee\/fi\/wp-json\/wp\/v2\/product"}],"about":[{"href":"https:\/\/fedemark.ee\/fi\/wp-json\/wp\/v2\/types\/product"}],"replies":[{"embeddable":true,"href":"https:\/\/fedemark.ee\/fi\/wp-json\/wp\/v2\/comments?post=8154"}],"version-history":[{"count":0,"href":"https:\/\/fedemark.ee\/fi\/wp-json\/wp\/v2\/product\/8154\/revisions"}],"wp:featuredmedia":[{"embeddable":true,"href":"https:\/\/fedemark.ee\/fi\/wp-json\/wp\/v2\/media\/9750"}],"wp:attachment":[{"href":"https:\/\/fedemark.ee\/fi\/wp-json\/wp\/v2\/media?parent=8154"}],"wp:term":[{"taxonomy":"product_cat","embeddable":true,"href":"https:\/\/fedemark.ee\/fi\/wp-json\/wp\/v2\/product_cat?post=8154"},{"taxonomy":"product_tag","embeddable":true,"href":"https:\/\/fedemark.ee\/fi\/wp-json\/wp\/v2\/product_tag?post=8154"}],"curies":[{"name":"wp","href":"https:\/\/api.w.org\/{rel}","templated":true}]}}