{"id":8298,"date":"2017-06-14T17:54:09","date_gmt":"2017-06-14T17:54:09","guid":{"rendered":"https:\/\/sharks.ee\/fedemark\/shop\/uncategorized\/%d1%81%d0%bf%d0%b5%d1%86%d0%b8%d0%b0%d0%bb%d1%8c%d0%bd%d1%8b%d0%b5-%d1%80%d0%b5%d1%88%d0%b5%d0%bd%d0%b8%d1%8f-%d0%b4%d0%bb%d1%8f-%d0%bf%d1%80%d0%be%d0%bc%d1%8b%d1%88%d0%bb%d0%b5%d0%bd%d0%bd%d1%8b\/"},"modified":"2017-08-15T08:50:42","modified_gmt":"2017-08-15T08:50:42","slug":"erikoisratkaisut-teollisuuksiin","status":"publish","type":"product","link":"https:\/\/fedemark.ee\/fi\/tuotteet\/telineet-ja-erikoisrakenteet\/erikoisrakenteet\/erikoisratkaisut-teollisuuksiin\/","title":{"rendered":"Erikoisratkaisut teollisuuksiin"},"content":{"rendered":"","protected":false},"excerpt":{"rendered":"<p>Erikoisrakenteiset telineet ja ty\u00f6tasot teollisuuskoneiden huoltot\u00f6iden suoritukseen. K\u00e4ytt\u00e4j\u00e4n t\u00e4ydellisen turvallisuuden varmistavat p\u00e4\u00e4syj\u00e4rjestelm\u00e4t koneille tehtaissa, tuotantoyksik\u00f6iss\u00e4 tai ty\u00f6pajoissa.<\/p>\n<ul>\n<li>Ter\u00e4ksest\u00e4 tai alumiinista<\/li>\n<li>Kantokyky ja rakenne asiakkaan toiveiden mukaan<\/li>\n<li>S\u00e4\u00e4dett\u00e4v\u00e4korkeuksiset tasot<\/li>\n<li>Liikkuvat tai kiinte\u00e4t<\/li>\n<li>Valmistus vastaa eurooppalaista standardia<\/li>\n<li>Nopea asennus<\/li>\n<li>Tekniset ominaisuudet vastaavat asiakkaan toivetta<\/li>\n<li>S\u00e4hk\u00f6iset tai manuaaliset<\/li>\n<li>Lattiakaivoj\u00e4rjestelm\u00e4t<\/li>\n<li>Kulkutiet turvakaiteineen ja siltaportaineen<\/li>\n<li>Erikoisratkaisut luentosaleihin, elokuvateattereihin ja teatterisaleihin<\/li>\n<li>Portaat, joiden kaltevuutta voi muuttaa<\/li>\n<\/ul>\n","protected":false},"featured_media":8136,"comment_status":"open","ping_status":"closed","template":"","meta":{"footnotes":""},"product_cat":[195,206],"product_tag":[],"yoast_head":"<!-- This site is optimized with the Yoast SEO plugin v22.6 - https:\/\/yoast.com\/wordpress\/plugins\/seo\/ -->\n<title>Erikoisratkaisut teollisuuksiin - Fedemark<\/title>\n<meta name=\"robots\" content=\"index, follow, max-snippet:-1, max-image-preview:large, max-video-preview:-1\" \/>\n<link rel=\"canonical\" href=\"https:\/\/fedemark.ee\/fi\/tuotteet\/telineet-ja-erikoisrakenteet\/erikoisrakenteet\/erikoisratkaisut-teollisuuksiin\/\" \/>\n<meta property=\"og:locale\" content=\"fi_FI\" \/>\n<meta property=\"og:type\" content=\"article\" \/>\n<meta property=\"og:title\" content=\"Erikoisratkaisut teollisuuksiin - Fedemark\" \/>\n<meta property=\"og:description\" content=\"Erikoisrakenteiset telineet ja ty\u00f6tasot teollisuuskoneiden huoltot\u00f6iden suoritukseen. K\u00e4ytt\u00e4j\u00e4n t\u00e4ydellisen turvallisuuden varmistavat p\u00e4\u00e4syj\u00e4rjestelm\u00e4t koneille tehtaissa, tuotantoyksik\u00f6iss\u00e4 tai ty\u00f6pajoissa.   Ter\u00e4ksest\u00e4 tai alumiinista  Kantokyky ja rakenne asiakkaan toiveiden mukaan  S\u00e4\u00e4dett\u00e4v\u00e4korkeuksiset tasot  Liikkuvat tai kiinte\u00e4t  Valmistus vastaa eurooppalaista standardia  Nopea asennus  Tekniset ominaisuudet vastaavat asiakkaan toivetta  S\u00e4hk\u00f6iset tai manuaaliset  Lattiakaivoj\u00e4rjestelm\u00e4t  Kulkutiet turvakaiteineen ja siltaportaineen  Erikoisratkaisut luentosaleihin, elokuvateattereihin ja teatterisaleihin  Portaat, joiden kaltevuutta voi muuttaa\" \/>\n<meta property=\"og:url\" content=\"https:\/\/fedemark.ee\/fi\/tuotteet\/telineet-ja-erikoisrakenteet\/erikoisrakenteet\/erikoisratkaisut-teollisuuksiin\/\" \/>\n<meta property=\"og:site_name\" content=\"Fedemark\" \/>\n<meta property=\"article:modified_time\" content=\"2017-08-15T08:50:42+00:00\" \/>\n<meta property=\"og:image\" content=\"https:\/\/fedemark.ee\/wp-content\/uploads\/2017\/06\/t\u00f6\u00f6stusele-6.jpg\" \/>\n\t<meta property=\"og:image:width\" content=\"793\" \/>\n\t<meta property=\"og:image:height\" content=\"595\" \/>\n\t<meta property=\"og:image:type\" content=\"image\/jpeg\" \/>\n<meta name=\"twitter:card\" content=\"summary_large_image\" \/>\n<script type=\"application\/ld+json\" class=\"yoast-schema-graph\">{\"@context\":\"https:\/\/schema.org\",\"@graph\":[{\"@type\":\"WebPage\",\"@id\":\"https:\/\/fedemark.ee\/fi\/tuotteet\/telineet-ja-erikoisrakenteet\/erikoisrakenteet\/erikoisratkaisut-teollisuuksiin\/\",\"url\":\"https:\/\/fedemark.ee\/fi\/tuotteet\/telineet-ja-erikoisrakenteet\/erikoisrakenteet\/erikoisratkaisut-teollisuuksiin\/\",\"name\":\"Erikoisratkaisut teollisuuksiin - Fedemark\",\"isPartOf\":{\"@id\":\"https:\/\/fedemark.ee\/#website\"},\"primaryImageOfPage\":{\"@id\":\"https:\/\/fedemark.ee\/fi\/tuotteet\/telineet-ja-erikoisrakenteet\/erikoisrakenteet\/erikoisratkaisut-teollisuuksiin\/#primaryimage\"},\"image\":{\"@id\":\"https:\/\/fedemark.ee\/fi\/tuotteet\/telineet-ja-erikoisrakenteet\/erikoisrakenteet\/erikoisratkaisut-teollisuuksiin\/#primaryimage\"},\"thumbnailUrl\":\"https:\/\/fedemark.ee\/wp-content\/uploads\/2017\/06\/t\u00f6\u00f6stusele-6.jpg\",\"datePublished\":\"2017-06-14T17:54:09+00:00\",\"dateModified\":\"2017-08-15T08:50:42+00:00\",\"breadcrumb\":{\"@id\":\"https:\/\/fedemark.ee\/fi\/tuotteet\/telineet-ja-erikoisrakenteet\/erikoisrakenteet\/erikoisratkaisut-teollisuuksiin\/#breadcrumb\"},\"inLanguage\":\"fi-FI\",\"potentialAction\":[{\"@type\":\"ReadAction\",\"target\":[\"https:\/\/fedemark.ee\/fi\/tuotteet\/telineet-ja-erikoisrakenteet\/erikoisrakenteet\/erikoisratkaisut-teollisuuksiin\/\"]}]},{\"@type\":\"ImageObject\",\"inLanguage\":\"fi-FI\",\"@id\":\"https:\/\/fedemark.ee\/fi\/tuotteet\/telineet-ja-erikoisrakenteet\/erikoisrakenteet\/erikoisratkaisut-teollisuuksiin\/#primaryimage\",\"url\":\"https:\/\/fedemark.ee\/wp-content\/uploads\/2017\/06\/t\u00f6\u00f6stusele-6.jpg\",\"contentUrl\":\"https:\/\/fedemark.ee\/wp-content\/uploads\/2017\/06\/t\u00f6\u00f6stusele-6.jpg\",\"width\":793,\"height\":595},{\"@type\":\"BreadcrumbList\",\"@id\":\"https:\/\/fedemark.ee\/fi\/tuotteet\/telineet-ja-erikoisrakenteet\/erikoisrakenteet\/erikoisratkaisut-teollisuuksiin\/#breadcrumb\",\"itemListElement\":[{\"@type\":\"ListItem\",\"position\":1,\"name\":\"Home\",\"item\":\"https:\/\/fedemark.ee\/fi\/\"},{\"@type\":\"ListItem\",\"position\":2,\"name\":\"Tuotteet\",\"item\":\"https:\/\/fedemark.ee\/fi\/tuotteet\/\"},{\"@type\":\"ListItem\",\"position\":3,\"name\":\"Erikoisratkaisut teollisuuksiin\"}]},{\"@type\":\"WebSite\",\"@id\":\"https:\/\/fedemark.ee\/#website\",\"url\":\"https:\/\/fedemark.ee\/\",\"name\":\"Fedemark\",\"description\":\"Redelid, Tellingud, T\u00f6\u00f6platvormid ja vahekorrused\",\"potentialAction\":[{\"@type\":\"SearchAction\",\"target\":{\"@type\":\"EntryPoint\",\"urlTemplate\":\"https:\/\/fedemark.ee\/?s={search_term_string}\"},\"query-input\":\"required name=search_term_string\"}],\"inLanguage\":\"fi-FI\"}]}<\/script>\n<!-- \/ Yoast SEO plugin. -->","yoast_head_json":{"title":"Erikoisratkaisut teollisuuksiin - Fedemark","robots":{"index":"index","follow":"follow","max-snippet":"max-snippet:-1","max-image-preview":"max-image-preview:large","max-video-preview":"max-video-preview:-1"},"canonical":"https:\/\/fedemark.ee\/fi\/tuotteet\/telineet-ja-erikoisrakenteet\/erikoisrakenteet\/erikoisratkaisut-teollisuuksiin\/","og_locale":"fi_FI","og_type":"article","og_title":"Erikoisratkaisut teollisuuksiin - Fedemark","og_description":"Erikoisrakenteiset telineet ja ty\u00f6tasot teollisuuskoneiden huoltot\u00f6iden suoritukseen. K\u00e4ytt\u00e4j\u00e4n t\u00e4ydellisen turvallisuuden varmistavat p\u00e4\u00e4syj\u00e4rjestelm\u00e4t koneille tehtaissa, tuotantoyksik\u00f6iss\u00e4 tai ty\u00f6pajoissa.   Ter\u00e4ksest\u00e4 tai alumiinista  Kantokyky ja rakenne asiakkaan toiveiden mukaan  S\u00e4\u00e4dett\u00e4v\u00e4korkeuksiset tasot  Liikkuvat tai kiinte\u00e4t  Valmistus vastaa eurooppalaista standardia  Nopea asennus  Tekniset ominaisuudet vastaavat asiakkaan toivetta  S\u00e4hk\u00f6iset tai manuaaliset  Lattiakaivoj\u00e4rjestelm\u00e4t  Kulkutiet turvakaiteineen ja siltaportaineen  Erikoisratkaisut luentosaleihin, elokuvateattereihin ja teatterisaleihin  Portaat, joiden kaltevuutta voi muuttaa","og_url":"https:\/\/fedemark.ee\/fi\/tuotteet\/telineet-ja-erikoisrakenteet\/erikoisrakenteet\/erikoisratkaisut-teollisuuksiin\/","og_site_name":"Fedemark","article_modified_time":"2017-08-15T08:50:42+00:00","og_image":[{"width":793,"height":595,"url":"https:\/\/fedemark.ee\/wp-content\/uploads\/2017\/06\/t\u00f6\u00f6stusele-6.jpg","type":"image\/jpeg"}],"twitter_card":"summary_large_image","schema":{"@context":"https:\/\/schema.org","@graph":[{"@type":"WebPage","@id":"https:\/\/fedemark.ee\/fi\/tuotteet\/telineet-ja-erikoisrakenteet\/erikoisrakenteet\/erikoisratkaisut-teollisuuksiin\/","url":"https:\/\/fedemark.ee\/fi\/tuotteet\/telineet-ja-erikoisrakenteet\/erikoisrakenteet\/erikoisratkaisut-teollisuuksiin\/","name":"Erikoisratkaisut teollisuuksiin - Fedemark","isPartOf":{"@id":"https:\/\/fedemark.ee\/#website"},"primaryImageOfPage":{"@id":"https:\/\/fedemark.ee\/fi\/tuotteet\/telineet-ja-erikoisrakenteet\/erikoisrakenteet\/erikoisratkaisut-teollisuuksiin\/#primaryimage"},"image":{"@id":"https:\/\/fedemark.ee\/fi\/tuotteet\/telineet-ja-erikoisrakenteet\/erikoisrakenteet\/erikoisratkaisut-teollisuuksiin\/#primaryimage"},"thumbnailUrl":"https:\/\/fedemark.ee\/wp-content\/uploads\/2017\/06\/t\u00f6\u00f6stusele-6.jpg","datePublished":"2017-06-14T17:54:09+00:00","dateModified":"2017-08-15T08:50:42+00:00","breadcrumb":{"@id":"https:\/\/fedemark.ee\/fi\/tuotteet\/telineet-ja-erikoisrakenteet\/erikoisrakenteet\/erikoisratkaisut-teollisuuksiin\/#breadcrumb"},"inLanguage":"fi-FI","potentialAction":[{"@type":"ReadAction","target":["https:\/\/fedemark.ee\/fi\/tuotteet\/telineet-ja-erikoisrakenteet\/erikoisrakenteet\/erikoisratkaisut-teollisuuksiin\/"]}]},{"@type":"ImageObject","inLanguage":"fi-FI","@id":"https:\/\/fedemark.ee\/fi\/tuotteet\/telineet-ja-erikoisrakenteet\/erikoisrakenteet\/erikoisratkaisut-teollisuuksiin\/#primaryimage","url":"https:\/\/fedemark.ee\/wp-content\/uploads\/2017\/06\/t\u00f6\u00f6stusele-6.jpg","contentUrl":"https:\/\/fedemark.ee\/wp-content\/uploads\/2017\/06\/t\u00f6\u00f6stusele-6.jpg","width":793,"height":595},{"@type":"BreadcrumbList","@id":"https:\/\/fedemark.ee\/fi\/tuotteet\/telineet-ja-erikoisrakenteet\/erikoisrakenteet\/erikoisratkaisut-teollisuuksiin\/#breadcrumb","itemListElement":[{"@type":"ListItem","position":1,"name":"Home","item":"https:\/\/fedemark.ee\/fi\/"},{"@type":"ListItem","position":2,"name":"Tuotteet","item":"https:\/\/fedemark.ee\/fi\/tuotteet\/"},{"@type":"ListItem","position":3,"name":"Erikoisratkaisut teollisuuksiin"}]},{"@type":"WebSite","@id":"https:\/\/fedemark.ee\/#website","url":"https:\/\/fedemark.ee\/","name":"Fedemark","description":"Redelid, Tellingud, T\u00f6\u00f6platvormid ja vahekorrused","potentialAction":[{"@type":"SearchAction","target":{"@type":"EntryPoint","urlTemplate":"https:\/\/fedemark.ee\/?s={search_term_string}"},"query-input":"required name=search_term_string"}],"inLanguage":"fi-FI"}]}},"_links":{"self":[{"href":"https:\/\/fedemark.ee\/fi\/wp-json\/wp\/v2\/product\/8298"}],"collection":[{"href":"https:\/\/fedemark.ee\/fi\/wp-json\/wp\/v2\/product"}],"about":[{"href":"https:\/\/fedemark.ee\/fi\/wp-json\/wp\/v2\/types\/product"}],"replies":[{"embeddable":true,"href":"https:\/\/fedemark.ee\/fi\/wp-json\/wp\/v2\/comments?post=8298"}],"version-history":[{"count":0,"href":"https:\/\/fedemark.ee\/fi\/wp-json\/wp\/v2\/product\/8298\/revisions"}],"wp:featuredmedia":[{"embeddable":true,"href":"https:\/\/fedemark.ee\/fi\/wp-json\/wp\/v2\/media\/8136"}],"wp:attachment":[{"href":"https:\/\/fedemark.ee\/fi\/wp-json\/wp\/v2\/media?parent=8298"}],"wp:term":[{"taxonomy":"product_cat","embeddable":true,"href":"https:\/\/fedemark.ee\/fi\/wp-json\/wp\/v2\/product_cat?post=8298"},{"taxonomy":"product_tag","embeddable":true,"href":"https:\/\/fedemark.ee\/fi\/wp-json\/wp\/v2\/product_tag?post=8298"}],"curies":[{"name":"wp","href":"https:\/\/api.w.org\/{rel}","templated":true}]}}