{"id":8716,"date":"2017-09-05T12:13:00","date_gmt":"2017-09-05T12:13:00","guid":{"rendered":"https:\/\/sharks.ee\/fedemark\/shop\/maaratlemata\/industrial-50\/"},"modified":"2017-09-26T12:10:30","modified_gmt":"2017-09-26T12:10:30","slug":"industrial-50","status":"publish","type":"product","link":"https:\/\/fedemark.ee\/fi\/tuotteet\/polynimurit\/industrial-50\/","title":{"rendered":"Industrial 50"},"content":{"rendered":"","protected":false},"excerpt":{"rendered":"<p>Tehokas p\u00f6lynimuri, joka on tarkoitettu suurten t\u00f6iden tekemiseen (myym\u00e4l\u00f6iden lattiat, ty\u00f6pajat, n\u00e4yttelyalueet, pihat jne.). Laite imee p\u00f6ly\u00e4 ja nesteit\u00e4, jotka eiv\u00e4t ole palovaarallisia. Ter\u00e4srumpu, tuulettimen kiinnitys ja k\u00e4rry integroituine ty\u00f6v\u00e4linepitimineen. 100 % antistaattinen ABS-hartsinen moottorilohko.<\/p>\n<p>Tekniset tiedot<\/p>\n<p>J\u00e4nnitealue V~ 220\u2013240<\/p>\n<p>Hz taajuus- 50\/60<\/p>\n<p>IEC-teho &#8211; 1200W<\/p>\n<p>Enimm\u00e4isteho- 1350W<\/p>\n<p>Laitteen eristysluokka- II<\/p>\n<p>Nimelliskapasiteetti- 50L<\/p>\n<p>Rummun materiaali- Ruostumaton ter\u00e4s<\/p>\n<p>Enimm. alipaine &#8211; 240mbar<\/p>\n<p>Enimm. ilmavirtaus (noin) &#8211; 220m3\/h<\/p>\n<p>Pystysuora paperinen suodatinpussi<\/p>\n<p>Kassettisuodatin<\/p>\n<p>Vaahtoamista est\u00e4v\u00e4 suodatin (lis\u00e4varuste)<\/p>\n<p>PP-esisuodatin (lis\u00e4varuste)<\/p>\n<p>Pullon- ja pyyhkeenpidin (lis\u00e4varuste)<\/p>\n<p><strong>Tarvikkeet \u00f8 45 mm<\/strong><\/p>\n<ol>\n<li>Py\u00f6riv\u00e4, ergonomisella sangalla varustettu letku<\/li>\n<li>Pidennysputket<\/li>\n<li>Kolmikulmainen suutin<\/li>\n<li>Rakosuutin<\/li>\n<li>Teollinen m\u00e4rk\u00e4puhdistussuutin<\/li>\n<li>Mattoadapteri<\/li>\n<li>Kombiharjan pidin\n<p>LIS\u00c4VARUSTEET<\/li>\n<li>P\u00f6lyharja<\/li>\n<\/ol>\n","protected":false},"featured_media":10732,"comment_status":"open","ping_status":"closed","template":"","meta":{"footnotes":""},"product_cat":[272],"product_tag":[],"yoast_head":"<!-- This site is optimized with the Yoast SEO plugin v22.6 - https:\/\/yoast.com\/wordpress\/plugins\/seo\/ -->\n<title>Industrial 50 - Fedemark<\/title>\n<meta name=\"robots\" content=\"index, follow, max-snippet:-1, max-image-preview:large, max-video-preview:-1\" \/>\n<link rel=\"canonical\" href=\"https:\/\/fedemark.ee\/fi\/tuotteet\/polynimurit\/industrial-50\/\" \/>\n<meta property=\"og:locale\" content=\"fi_FI\" \/>\n<meta property=\"og:type\" content=\"article\" \/>\n<meta property=\"og:title\" content=\"Industrial 50 - Fedemark\" \/>\n<meta property=\"og:description\" content=\"Tehokas p\u00f6lynimuri, joka on tarkoitettu suurten t\u00f6iden tekemiseen (myym\u00e4l\u00f6iden lattiat, ty\u00f6pajat, n\u00e4yttelyalueet, pihat jne.). Laite imee p\u00f6ly\u00e4 ja nesteit\u00e4, jotka eiv\u00e4t ole palovaarallisia. Ter\u00e4srumpu, tuulettimen kiinnitys ja k\u00e4rry integroituine ty\u00f6v\u00e4linepitimineen. 100 % antistaattinen ABS-hartsinen moottorilohko.  Tekniset tiedot  J\u00e4nnitealue V~ 220\u2013240  Hz taajuus- 50\/60  IEC-teho - 1200W  Enimm\u00e4isteho- 1350W  Laitteen eristysluokka- II  Nimelliskapasiteetti- 50L  Rummun materiaali- Ruostumaton ter\u00e4s  Enimm. alipaine - 240mbar  Enimm. ilmavirtaus (noin) - 220m3\/h  Pystysuora paperinen suodatinpussi  Kassettisuodatin  Vaahtoamista est\u00e4v\u00e4 suodatin (lis\u00e4varuste)  PP-esisuodatin (lis\u00e4varuste)  Pullon- ja pyyhkeenpidin (lis\u00e4varuste)  Tarvikkeet \u00f8 45 mm   Py\u00f6riv\u00e4, ergonomisella sangalla varustettu letku  Pidennysputket  Kolmikulmainen suutin  Rakosuutin  Teollinen m\u00e4rk\u00e4puhdistussuutin  Mattoadapteri  Kombiharjan pidin  LIS\u00c4VARUSTEET  P\u00f6lyharja\" \/>\n<meta property=\"og:url\" content=\"https:\/\/fedemark.ee\/fi\/tuotteet\/polynimurit\/industrial-50\/\" \/>\n<meta property=\"og:site_name\" content=\"Fedemark\" \/>\n<meta property=\"article:modified_time\" content=\"2017-09-26T12:10:30+00:00\" \/>\n<meta property=\"og:image\" content=\"https:\/\/fedemark.ee\/wp-content\/uploads\/2017\/09\/Industrial-50-I.jpg\" \/>\n\t<meta property=\"og:image:width\" content=\"1000\" \/>\n\t<meta property=\"og:image:height\" content=\"1000\" \/>\n\t<meta property=\"og:image:type\" content=\"image\/jpeg\" \/>\n<meta name=\"twitter:card\" content=\"summary_large_image\" \/>\n<script type=\"application\/ld+json\" class=\"yoast-schema-graph\">{\"@context\":\"https:\/\/schema.org\",\"@graph\":[{\"@type\":\"WebPage\",\"@id\":\"https:\/\/fedemark.ee\/fi\/tuotteet\/polynimurit\/industrial-50\/\",\"url\":\"https:\/\/fedemark.ee\/fi\/tuotteet\/polynimurit\/industrial-50\/\",\"name\":\"Industrial 50 - Fedemark\",\"isPartOf\":{\"@id\":\"https:\/\/fedemark.ee\/#website\"},\"primaryImageOfPage\":{\"@id\":\"https:\/\/fedemark.ee\/fi\/tuotteet\/polynimurit\/industrial-50\/#primaryimage\"},\"image\":{\"@id\":\"https:\/\/fedemark.ee\/fi\/tuotteet\/polynimurit\/industrial-50\/#primaryimage\"},\"thumbnailUrl\":\"https:\/\/fedemark.ee\/wp-content\/uploads\/2017\/09\/Industrial-50-I.jpg\",\"datePublished\":\"2017-09-05T12:13:00+00:00\",\"dateModified\":\"2017-09-26T12:10:30+00:00\",\"breadcrumb\":{\"@id\":\"https:\/\/fedemark.ee\/fi\/tuotteet\/polynimurit\/industrial-50\/#breadcrumb\"},\"inLanguage\":\"fi-FI\",\"potentialAction\":[{\"@type\":\"ReadAction\",\"target\":[\"https:\/\/fedemark.ee\/fi\/tuotteet\/polynimurit\/industrial-50\/\"]}]},{\"@type\":\"ImageObject\",\"inLanguage\":\"fi-FI\",\"@id\":\"https:\/\/fedemark.ee\/fi\/tuotteet\/polynimurit\/industrial-50\/#primaryimage\",\"url\":\"https:\/\/fedemark.ee\/wp-content\/uploads\/2017\/09\/Industrial-50-I.jpg\",\"contentUrl\":\"https:\/\/fedemark.ee\/wp-content\/uploads\/2017\/09\/Industrial-50-I.jpg\",\"width\":1000,\"height\":1000},{\"@type\":\"BreadcrumbList\",\"@id\":\"https:\/\/fedemark.ee\/fi\/tuotteet\/polynimurit\/industrial-50\/#breadcrumb\",\"itemListElement\":[{\"@type\":\"ListItem\",\"position\":1,\"name\":\"Home\",\"item\":\"https:\/\/fedemark.ee\/fi\/\"},{\"@type\":\"ListItem\",\"position\":2,\"name\":\"Tuotteet\",\"item\":\"https:\/\/fedemark.ee\/fi\/tuotteet\/\"},{\"@type\":\"ListItem\",\"position\":3,\"name\":\"Industrial 50\"}]},{\"@type\":\"WebSite\",\"@id\":\"https:\/\/fedemark.ee\/#website\",\"url\":\"https:\/\/fedemark.ee\/\",\"name\":\"Fedemark\",\"description\":\"Redelid, Tellingud, T\u00f6\u00f6platvormid ja vahekorrused\",\"potentialAction\":[{\"@type\":\"SearchAction\",\"target\":{\"@type\":\"EntryPoint\",\"urlTemplate\":\"https:\/\/fedemark.ee\/?s={search_term_string}\"},\"query-input\":\"required name=search_term_string\"}],\"inLanguage\":\"fi-FI\"}]}<\/script>\n<!-- \/ Yoast SEO plugin. -->","yoast_head_json":{"title":"Industrial 50 - Fedemark","robots":{"index":"index","follow":"follow","max-snippet":"max-snippet:-1","max-image-preview":"max-image-preview:large","max-video-preview":"max-video-preview:-1"},"canonical":"https:\/\/fedemark.ee\/fi\/tuotteet\/polynimurit\/industrial-50\/","og_locale":"fi_FI","og_type":"article","og_title":"Industrial 50 - Fedemark","og_description":"Tehokas p\u00f6lynimuri, joka on tarkoitettu suurten t\u00f6iden tekemiseen (myym\u00e4l\u00f6iden lattiat, ty\u00f6pajat, n\u00e4yttelyalueet, pihat jne.). Laite imee p\u00f6ly\u00e4 ja nesteit\u00e4, jotka eiv\u00e4t ole palovaarallisia. Ter\u00e4srumpu, tuulettimen kiinnitys ja k\u00e4rry integroituine ty\u00f6v\u00e4linepitimineen. 100 % antistaattinen ABS-hartsinen moottorilohko.  Tekniset tiedot  J\u00e4nnitealue V~ 220\u2013240  Hz taajuus- 50\/60  IEC-teho - 1200W  Enimm\u00e4isteho- 1350W  Laitteen eristysluokka- II  Nimelliskapasiteetti- 50L  Rummun materiaali- Ruostumaton ter\u00e4s  Enimm. alipaine - 240mbar  Enimm. ilmavirtaus (noin) - 220m3\/h  Pystysuora paperinen suodatinpussi  Kassettisuodatin  Vaahtoamista est\u00e4v\u00e4 suodatin (lis\u00e4varuste)  PP-esisuodatin (lis\u00e4varuste)  Pullon- ja pyyhkeenpidin (lis\u00e4varuste)  Tarvikkeet \u00f8 45 mm   Py\u00f6riv\u00e4, ergonomisella sangalla varustettu letku  Pidennysputket  Kolmikulmainen suutin  Rakosuutin  Teollinen m\u00e4rk\u00e4puhdistussuutin  Mattoadapteri  Kombiharjan pidin  LIS\u00c4VARUSTEET  P\u00f6lyharja","og_url":"https:\/\/fedemark.ee\/fi\/tuotteet\/polynimurit\/industrial-50\/","og_site_name":"Fedemark","article_modified_time":"2017-09-26T12:10:30+00:00","og_image":[{"width":1000,"height":1000,"url":"https:\/\/fedemark.ee\/wp-content\/uploads\/2017\/09\/Industrial-50-I.jpg","type":"image\/jpeg"}],"twitter_card":"summary_large_image","schema":{"@context":"https:\/\/schema.org","@graph":[{"@type":"WebPage","@id":"https:\/\/fedemark.ee\/fi\/tuotteet\/polynimurit\/industrial-50\/","url":"https:\/\/fedemark.ee\/fi\/tuotteet\/polynimurit\/industrial-50\/","name":"Industrial 50 - Fedemark","isPartOf":{"@id":"https:\/\/fedemark.ee\/#website"},"primaryImageOfPage":{"@id":"https:\/\/fedemark.ee\/fi\/tuotteet\/polynimurit\/industrial-50\/#primaryimage"},"image":{"@id":"https:\/\/fedemark.ee\/fi\/tuotteet\/polynimurit\/industrial-50\/#primaryimage"},"thumbnailUrl":"https:\/\/fedemark.ee\/wp-content\/uploads\/2017\/09\/Industrial-50-I.jpg","datePublished":"2017-09-05T12:13:00+00:00","dateModified":"2017-09-26T12:10:30+00:00","breadcrumb":{"@id":"https:\/\/fedemark.ee\/fi\/tuotteet\/polynimurit\/industrial-50\/#breadcrumb"},"inLanguage":"fi-FI","potentialAction":[{"@type":"ReadAction","target":["https:\/\/fedemark.ee\/fi\/tuotteet\/polynimurit\/industrial-50\/"]}]},{"@type":"ImageObject","inLanguage":"fi-FI","@id":"https:\/\/fedemark.ee\/fi\/tuotteet\/polynimurit\/industrial-50\/#primaryimage","url":"https:\/\/fedemark.ee\/wp-content\/uploads\/2017\/09\/Industrial-50-I.jpg","contentUrl":"https:\/\/fedemark.ee\/wp-content\/uploads\/2017\/09\/Industrial-50-I.jpg","width":1000,"height":1000},{"@type":"BreadcrumbList","@id":"https:\/\/fedemark.ee\/fi\/tuotteet\/polynimurit\/industrial-50\/#breadcrumb","itemListElement":[{"@type":"ListItem","position":1,"name":"Home","item":"https:\/\/fedemark.ee\/fi\/"},{"@type":"ListItem","position":2,"name":"Tuotteet","item":"https:\/\/fedemark.ee\/fi\/tuotteet\/"},{"@type":"ListItem","position":3,"name":"Industrial 50"}]},{"@type":"WebSite","@id":"https:\/\/fedemark.ee\/#website","url":"https:\/\/fedemark.ee\/","name":"Fedemark","description":"Redelid, Tellingud, T\u00f6\u00f6platvormid ja vahekorrused","potentialAction":[{"@type":"SearchAction","target":{"@type":"EntryPoint","urlTemplate":"https:\/\/fedemark.ee\/?s={search_term_string}"},"query-input":"required name=search_term_string"}],"inLanguage":"fi-FI"}]}},"_links":{"self":[{"href":"https:\/\/fedemark.ee\/fi\/wp-json\/wp\/v2\/product\/8716"}],"collection":[{"href":"https:\/\/fedemark.ee\/fi\/wp-json\/wp\/v2\/product"}],"about":[{"href":"https:\/\/fedemark.ee\/fi\/wp-json\/wp\/v2\/types\/product"}],"replies":[{"embeddable":true,"href":"https:\/\/fedemark.ee\/fi\/wp-json\/wp\/v2\/comments?post=8716"}],"version-history":[{"count":0,"href":"https:\/\/fedemark.ee\/fi\/wp-json\/wp\/v2\/product\/8716\/revisions"}],"wp:featuredmedia":[{"embeddable":true,"href":"https:\/\/fedemark.ee\/fi\/wp-json\/wp\/v2\/media\/10732"}],"wp:attachment":[{"href":"https:\/\/fedemark.ee\/fi\/wp-json\/wp\/v2\/media?parent=8716"}],"wp:term":[{"taxonomy":"product_cat","embeddable":true,"href":"https:\/\/fedemark.ee\/fi\/wp-json\/wp\/v2\/product_cat?post=8716"},{"taxonomy":"product_tag","embeddable":true,"href":"https:\/\/fedemark.ee\/fi\/wp-json\/wp\/v2\/product_tag?post=8716"}],"curies":[{"name":"wp","href":"https:\/\/api.w.org\/{rel}","templated":true}]}}