{"id":8719,"date":"2017-09-05T12:20:31","date_gmt":"2017-09-05T12:20:31","guid":{"rendered":"https:\/\/sharks.ee\/fedemark\/shop\/maaratlemata\/pc-35-tools-airtech-scf\/"},"modified":"2017-09-26T11:54:37","modified_gmt":"2017-09-26T11:54:37","slug":"pc-35-tools-airtech-scf","status":"publish","type":"product","link":"https:\/\/fedemark.ee\/fi\/tuotteet\/polynimurit\/pc-35-tools-airtech-scf\/","title":{"rendered":"PC 35 Tools Airtech SCF"},"content":{"rendered":"","protected":false},"excerpt":{"rendered":"<p>T\u00e4m\u00e4 laite imee p\u00f6ly\u00e4 kaikenlaisista k\u00e4sitellyist\u00e4 materiaaleista (jotka eiv\u00e4t ole r\u00e4j\u00e4hdys- tai palovaarallisia). Kun p\u00f6lynimuvaihe on p\u00e4\u00e4ttynyt, k\u00e4ynnistet\u00e4\u00e4n automaattisesti 8-10 sekunniksi suodattimen v\u00e4rin\u00e4. Laite toimii ihanteellisessa synergiassa s\u00e4hk\u00f6- ja pneumatiikkaty\u00f6v\u00e4lineiden kanssa ja imee suuria m\u00e4\u00e4ri\u00e4 hienoa p\u00f6ly\u00e4. K\u00e4\u00e4ntyv\u00e4polvinen liitin mahdollistaa pneumaattisen ty\u00f6kalun ilmaletkun seurata k\u00e4ytt\u00e4j\u00e4n liikkeit\u00e4, v\u00e4ltt\u00e4m\u00e4\u00e4n solmuun kiertymist\u00e4 ja ahtaita paikkoja. Laite on varustettu universaalilla suuttimella, joka sopii kaikkiin eurooppalaisiin liit\u00e4nt\u00f6ihin, sek\u00e4 eritt\u00e4in k\u00e4yt\u00e4nn\u00f6llisell\u00e4 ty\u00f6v\u00e4linepitimell\u00e4.<\/p>\n<p><strong>Tekniset tiedot<\/strong><\/p>\n<p>J\u00e4nnitealue V~ 220\u2013240<\/p>\n<p>Hz taajuus- 50\/60<\/p>\n<p>IEC-teho W- 1000W<\/p>\n<p>Enimm\u00e4isteho- 1100W<\/p>\n<p>Automaattinen suodattimenravistin &#8211; 48W<\/p>\n<p>Laitteen eristysluokka- I<\/p>\n<p>S\u00e4hk\u00f6isen ty\u00f6kalun nimellisteho &#8211; 2000W<\/p>\n<p>Nimelliskapasiteetti- 35L<\/p>\n<p>Rummun materiaali- PE-HD<\/p>\n<p>Enimm. alipaine &#8211; 220mbar<\/p>\n<p>Enimm. ilmavirtaus (noin) &#8211; 180m3\/h<\/p>\n<p>Moottorityyppi \u2013 Tehokas W\/cup<\/p>\n<p>Kaksinkertainen paperinen suodatinpussi, IFA M-luokka<\/p>\n<p>Kassettisuodatin, IFA M-luokka<\/p>\n<p>Vaahtoamista est\u00e4v\u00e4 suodatin<\/p>\n<p>Pest\u00e4v\u00e4 \u2013 uudelleenk\u00e4ytett\u00e4v\u00e4 kangaspussi (lis\u00e4varuste)<\/p>\n<p><strong>Tarvikkeet STD \u00f8 36 mm <\/strong><\/p>\n<ol>\n<li>Pitkill\u00e4 k\u00e4\u00e4ntyvill\u00e4 kiinnitysp\u00e4ill\u00e4 varustettu joustava letku<\/li>\n<li>90\u00b0 k\u00e4\u00e4ntyv\u00e4 liit\u00e4nt\u00e4<\/li>\n<li>Virtajohdon lukitusmutterit<\/li>\n<li>Maalatut alumiiniset jatkoputket<\/li>\n<li>Ty\u00f6kalu rakoja varten<\/li>\n<li>Monil\u00e4pimittainen kiinnitysp\u00e4\u00e4 s\u00e4hk\u00f6isi\u00e4 ja paineilmaty\u00f6kaluja varten<\/li>\n<li>Yhdistelm\u00e4harjan kehys<\/li>\n<li>Kuminen suulake nesteenker\u00e4ysletkuineen<\/li>\n<li>Suulake koville lattioille<\/li>\n<\/ol>\n<p>&nbsp;<\/p>\n","protected":false},"featured_media":10828,"comment_status":"open","ping_status":"closed","template":"","meta":{"footnotes":""},"product_cat":[272],"product_tag":[],"yoast_head":"<!-- This site is optimized with the Yoast SEO plugin v22.6 - https:\/\/yoast.com\/wordpress\/plugins\/seo\/ -->\n<title>PC 35 Tools Airtech SCF - Fedemark<\/title>\n<meta name=\"robots\" content=\"index, follow, max-snippet:-1, max-image-preview:large, max-video-preview:-1\" \/>\n<link rel=\"canonical\" href=\"https:\/\/fedemark.ee\/fi\/tuotteet\/polynimurit\/pc-35-tools-airtech-scf\/\" \/>\n<meta property=\"og:locale\" content=\"fi_FI\" \/>\n<meta property=\"og:type\" content=\"article\" \/>\n<meta property=\"og:title\" content=\"PC 35 Tools Airtech SCF - Fedemark\" \/>\n<meta property=\"og:description\" content=\"T\u00e4m\u00e4 laite imee p\u00f6ly\u00e4 kaikenlaisista k\u00e4sitellyist\u00e4 materiaaleista (jotka eiv\u00e4t ole r\u00e4j\u00e4hdys- tai palovaarallisia). Kun p\u00f6lynimuvaihe on p\u00e4\u00e4ttynyt, k\u00e4ynnistet\u00e4\u00e4n automaattisesti 8-10 sekunniksi suodattimen v\u00e4rin\u00e4. Laite toimii ihanteellisessa synergiassa s\u00e4hk\u00f6- ja pneumatiikkaty\u00f6v\u00e4lineiden kanssa ja imee suuria m\u00e4\u00e4ri\u00e4 hienoa p\u00f6ly\u00e4. K\u00e4\u00e4ntyv\u00e4polvinen liitin mahdollistaa pneumaattisen ty\u00f6kalun ilmaletkun seurata k\u00e4ytt\u00e4j\u00e4n liikkeit\u00e4, v\u00e4ltt\u00e4m\u00e4\u00e4n solmuun kiertymist\u00e4 ja ahtaita paikkoja. Laite on varustettu universaalilla suuttimella, joka sopii kaikkiin eurooppalaisiin liit\u00e4nt\u00f6ihin, sek\u00e4 eritt\u00e4in k\u00e4yt\u00e4nn\u00f6llisell\u00e4 ty\u00f6v\u00e4linepitimell\u00e4.  Tekniset tiedot  J\u00e4nnitealue V~ 220\u2013240  Hz taajuus- 50\/60  IEC-teho W- 1000W  Enimm\u00e4isteho- 1100W  Automaattinen suodattimenravistin - 48W  Laitteen eristysluokka- I  S\u00e4hk\u00f6isen ty\u00f6kalun nimellisteho - 2000W  Nimelliskapasiteetti- 35L  Rummun materiaali- PE-HD  Enimm. alipaine - 220mbar  Enimm. ilmavirtaus (noin) - 180m3\/h  Moottorityyppi \u2013 Tehokas W\/cup  Kaksinkertainen paperinen suodatinpussi, IFA M-luokka  Kassettisuodatin, IFA M-luokka  Vaahtoamista est\u00e4v\u00e4 suodatin  Pest\u00e4v\u00e4 \u2013 uudelleenk\u00e4ytett\u00e4v\u00e4 kangaspussi (lis\u00e4varuste)  Tarvikkeet STD \u00f8 36 mm    Pitkill\u00e4 k\u00e4\u00e4ntyvill\u00e4 kiinnitysp\u00e4ill\u00e4 varustettu joustava letku  90\u00b0 k\u00e4\u00e4ntyv\u00e4 liit\u00e4nt\u00e4  Virtajohdon lukitusmutterit  Maalatut alumiiniset jatkoputket  Ty\u00f6kalu rakoja varten  Monil\u00e4pimittainen kiinnitysp\u00e4\u00e4 s\u00e4hk\u00f6isi\u00e4 ja paineilmaty\u00f6kaluja varten  Yhdistelm\u00e4harjan kehys  Kuminen suulake nesteenker\u00e4ysletkuineen  Suulake koville lattioille  &nbsp;\" \/>\n<meta property=\"og:url\" content=\"https:\/\/fedemark.ee\/fi\/tuotteet\/polynimurit\/pc-35-tools-airtech-scf\/\" \/>\n<meta property=\"og:site_name\" content=\"Fedemark\" \/>\n<meta property=\"article:modified_time\" content=\"2017-09-26T11:54:37+00:00\" \/>\n<meta property=\"og:image\" content=\"https:\/\/fedemark.ee\/wp-content\/uploads\/2017\/09\/PC-35-Tools-Airtech-SCF-I.jpg\" \/>\n\t<meta property=\"og:image:width\" content=\"1000\" \/>\n\t<meta property=\"og:image:height\" content=\"1000\" \/>\n\t<meta property=\"og:image:type\" content=\"image\/jpeg\" \/>\n<meta name=\"twitter:card\" content=\"summary_large_image\" \/>\n<script type=\"application\/ld+json\" class=\"yoast-schema-graph\">{\"@context\":\"https:\/\/schema.org\",\"@graph\":[{\"@type\":\"WebPage\",\"@id\":\"https:\/\/fedemark.ee\/fi\/tuotteet\/polynimurit\/pc-35-tools-airtech-scf\/\",\"url\":\"https:\/\/fedemark.ee\/fi\/tuotteet\/polynimurit\/pc-35-tools-airtech-scf\/\",\"name\":\"PC 35 Tools Airtech SCF - Fedemark\",\"isPartOf\":{\"@id\":\"https:\/\/fedemark.ee\/#website\"},\"primaryImageOfPage\":{\"@id\":\"https:\/\/fedemark.ee\/fi\/tuotteet\/polynimurit\/pc-35-tools-airtech-scf\/#primaryimage\"},\"image\":{\"@id\":\"https:\/\/fedemark.ee\/fi\/tuotteet\/polynimurit\/pc-35-tools-airtech-scf\/#primaryimage\"},\"thumbnailUrl\":\"https:\/\/fedemark.ee\/wp-content\/uploads\/2017\/09\/PC-35-Tools-Airtech-SCF-I.jpg\",\"datePublished\":\"2017-09-05T12:20:31+00:00\",\"dateModified\":\"2017-09-26T11:54:37+00:00\",\"breadcrumb\":{\"@id\":\"https:\/\/fedemark.ee\/fi\/tuotteet\/polynimurit\/pc-35-tools-airtech-scf\/#breadcrumb\"},\"inLanguage\":\"fi-FI\",\"potentialAction\":[{\"@type\":\"ReadAction\",\"target\":[\"https:\/\/fedemark.ee\/fi\/tuotteet\/polynimurit\/pc-35-tools-airtech-scf\/\"]}]},{\"@type\":\"ImageObject\",\"inLanguage\":\"fi-FI\",\"@id\":\"https:\/\/fedemark.ee\/fi\/tuotteet\/polynimurit\/pc-35-tools-airtech-scf\/#primaryimage\",\"url\":\"https:\/\/fedemark.ee\/wp-content\/uploads\/2017\/09\/PC-35-Tools-Airtech-SCF-I.jpg\",\"contentUrl\":\"https:\/\/fedemark.ee\/wp-content\/uploads\/2017\/09\/PC-35-Tools-Airtech-SCF-I.jpg\",\"width\":1000,\"height\":1000},{\"@type\":\"BreadcrumbList\",\"@id\":\"https:\/\/fedemark.ee\/fi\/tuotteet\/polynimurit\/pc-35-tools-airtech-scf\/#breadcrumb\",\"itemListElement\":[{\"@type\":\"ListItem\",\"position\":1,\"name\":\"Home\",\"item\":\"https:\/\/fedemark.ee\/fi\/\"},{\"@type\":\"ListItem\",\"position\":2,\"name\":\"Tuotteet\",\"item\":\"https:\/\/fedemark.ee\/fi\/tuotteet\/\"},{\"@type\":\"ListItem\",\"position\":3,\"name\":\"PC 35 Tools Airtech SCF\"}]},{\"@type\":\"WebSite\",\"@id\":\"https:\/\/fedemark.ee\/#website\",\"url\":\"https:\/\/fedemark.ee\/\",\"name\":\"Fedemark\",\"description\":\"Redelid, Tellingud, T\u00f6\u00f6platvormid ja vahekorrused\",\"potentialAction\":[{\"@type\":\"SearchAction\",\"target\":{\"@type\":\"EntryPoint\",\"urlTemplate\":\"https:\/\/fedemark.ee\/?s={search_term_string}\"},\"query-input\":\"required name=search_term_string\"}],\"inLanguage\":\"fi-FI\"}]}<\/script>\n<!-- \/ Yoast SEO plugin. -->","yoast_head_json":{"title":"PC 35 Tools Airtech SCF - Fedemark","robots":{"index":"index","follow":"follow","max-snippet":"max-snippet:-1","max-image-preview":"max-image-preview:large","max-video-preview":"max-video-preview:-1"},"canonical":"https:\/\/fedemark.ee\/fi\/tuotteet\/polynimurit\/pc-35-tools-airtech-scf\/","og_locale":"fi_FI","og_type":"article","og_title":"PC 35 Tools Airtech SCF - Fedemark","og_description":"T\u00e4m\u00e4 laite imee p\u00f6ly\u00e4 kaikenlaisista k\u00e4sitellyist\u00e4 materiaaleista (jotka eiv\u00e4t ole r\u00e4j\u00e4hdys- tai palovaarallisia). Kun p\u00f6lynimuvaihe on p\u00e4\u00e4ttynyt, k\u00e4ynnistet\u00e4\u00e4n automaattisesti 8-10 sekunniksi suodattimen v\u00e4rin\u00e4. Laite toimii ihanteellisessa synergiassa s\u00e4hk\u00f6- ja pneumatiikkaty\u00f6v\u00e4lineiden kanssa ja imee suuria m\u00e4\u00e4ri\u00e4 hienoa p\u00f6ly\u00e4. K\u00e4\u00e4ntyv\u00e4polvinen liitin mahdollistaa pneumaattisen ty\u00f6kalun ilmaletkun seurata k\u00e4ytt\u00e4j\u00e4n liikkeit\u00e4, v\u00e4ltt\u00e4m\u00e4\u00e4n solmuun kiertymist\u00e4 ja ahtaita paikkoja. Laite on varustettu universaalilla suuttimella, joka sopii kaikkiin eurooppalaisiin liit\u00e4nt\u00f6ihin, sek\u00e4 eritt\u00e4in k\u00e4yt\u00e4nn\u00f6llisell\u00e4 ty\u00f6v\u00e4linepitimell\u00e4.  Tekniset tiedot  J\u00e4nnitealue V~ 220\u2013240  Hz taajuus- 50\/60  IEC-teho W- 1000W  Enimm\u00e4isteho- 1100W  Automaattinen suodattimenravistin - 48W  Laitteen eristysluokka- I  S\u00e4hk\u00f6isen ty\u00f6kalun nimellisteho - 2000W  Nimelliskapasiteetti- 35L  Rummun materiaali- PE-HD  Enimm. alipaine - 220mbar  Enimm. ilmavirtaus (noin) - 180m3\/h  Moottorityyppi \u2013 Tehokas W\/cup  Kaksinkertainen paperinen suodatinpussi, IFA M-luokka  Kassettisuodatin, IFA M-luokka  Vaahtoamista est\u00e4v\u00e4 suodatin  Pest\u00e4v\u00e4 \u2013 uudelleenk\u00e4ytett\u00e4v\u00e4 kangaspussi (lis\u00e4varuste)  Tarvikkeet STD \u00f8 36 mm    Pitkill\u00e4 k\u00e4\u00e4ntyvill\u00e4 kiinnitysp\u00e4ill\u00e4 varustettu joustava letku  90\u00b0 k\u00e4\u00e4ntyv\u00e4 liit\u00e4nt\u00e4  Virtajohdon lukitusmutterit  Maalatut alumiiniset jatkoputket  Ty\u00f6kalu rakoja varten  Monil\u00e4pimittainen kiinnitysp\u00e4\u00e4 s\u00e4hk\u00f6isi\u00e4 ja paineilmaty\u00f6kaluja varten  Yhdistelm\u00e4harjan kehys  Kuminen suulake nesteenker\u00e4ysletkuineen  Suulake koville lattioille  &nbsp;","og_url":"https:\/\/fedemark.ee\/fi\/tuotteet\/polynimurit\/pc-35-tools-airtech-scf\/","og_site_name":"Fedemark","article_modified_time":"2017-09-26T11:54:37+00:00","og_image":[{"width":1000,"height":1000,"url":"https:\/\/fedemark.ee\/wp-content\/uploads\/2017\/09\/PC-35-Tools-Airtech-SCF-I.jpg","type":"image\/jpeg"}],"twitter_card":"summary_large_image","schema":{"@context":"https:\/\/schema.org","@graph":[{"@type":"WebPage","@id":"https:\/\/fedemark.ee\/fi\/tuotteet\/polynimurit\/pc-35-tools-airtech-scf\/","url":"https:\/\/fedemark.ee\/fi\/tuotteet\/polynimurit\/pc-35-tools-airtech-scf\/","name":"PC 35 Tools Airtech SCF - Fedemark","isPartOf":{"@id":"https:\/\/fedemark.ee\/#website"},"primaryImageOfPage":{"@id":"https:\/\/fedemark.ee\/fi\/tuotteet\/polynimurit\/pc-35-tools-airtech-scf\/#primaryimage"},"image":{"@id":"https:\/\/fedemark.ee\/fi\/tuotteet\/polynimurit\/pc-35-tools-airtech-scf\/#primaryimage"},"thumbnailUrl":"https:\/\/fedemark.ee\/wp-content\/uploads\/2017\/09\/PC-35-Tools-Airtech-SCF-I.jpg","datePublished":"2017-09-05T12:20:31+00:00","dateModified":"2017-09-26T11:54:37+00:00","breadcrumb":{"@id":"https:\/\/fedemark.ee\/fi\/tuotteet\/polynimurit\/pc-35-tools-airtech-scf\/#breadcrumb"},"inLanguage":"fi-FI","potentialAction":[{"@type":"ReadAction","target":["https:\/\/fedemark.ee\/fi\/tuotteet\/polynimurit\/pc-35-tools-airtech-scf\/"]}]},{"@type":"ImageObject","inLanguage":"fi-FI","@id":"https:\/\/fedemark.ee\/fi\/tuotteet\/polynimurit\/pc-35-tools-airtech-scf\/#primaryimage","url":"https:\/\/fedemark.ee\/wp-content\/uploads\/2017\/09\/PC-35-Tools-Airtech-SCF-I.jpg","contentUrl":"https:\/\/fedemark.ee\/wp-content\/uploads\/2017\/09\/PC-35-Tools-Airtech-SCF-I.jpg","width":1000,"height":1000},{"@type":"BreadcrumbList","@id":"https:\/\/fedemark.ee\/fi\/tuotteet\/polynimurit\/pc-35-tools-airtech-scf\/#breadcrumb","itemListElement":[{"@type":"ListItem","position":1,"name":"Home","item":"https:\/\/fedemark.ee\/fi\/"},{"@type":"ListItem","position":2,"name":"Tuotteet","item":"https:\/\/fedemark.ee\/fi\/tuotteet\/"},{"@type":"ListItem","position":3,"name":"PC 35 Tools Airtech SCF"}]},{"@type":"WebSite","@id":"https:\/\/fedemark.ee\/#website","url":"https:\/\/fedemark.ee\/","name":"Fedemark","description":"Redelid, Tellingud, T\u00f6\u00f6platvormid ja vahekorrused","potentialAction":[{"@type":"SearchAction","target":{"@type":"EntryPoint","urlTemplate":"https:\/\/fedemark.ee\/?s={search_term_string}"},"query-input":"required name=search_term_string"}],"inLanguage":"fi-FI"}]}},"_links":{"self":[{"href":"https:\/\/fedemark.ee\/fi\/wp-json\/wp\/v2\/product\/8719"}],"collection":[{"href":"https:\/\/fedemark.ee\/fi\/wp-json\/wp\/v2\/product"}],"about":[{"href":"https:\/\/fedemark.ee\/fi\/wp-json\/wp\/v2\/types\/product"}],"replies":[{"embeddable":true,"href":"https:\/\/fedemark.ee\/fi\/wp-json\/wp\/v2\/comments?post=8719"}],"version-history":[{"count":0,"href":"https:\/\/fedemark.ee\/fi\/wp-json\/wp\/v2\/product\/8719\/revisions"}],"wp:featuredmedia":[{"embeddable":true,"href":"https:\/\/fedemark.ee\/fi\/wp-json\/wp\/v2\/media\/10828"}],"wp:attachment":[{"href":"https:\/\/fedemark.ee\/fi\/wp-json\/wp\/v2\/media?parent=8719"}],"wp:term":[{"taxonomy":"product_cat","embeddable":true,"href":"https:\/\/fedemark.ee\/fi\/wp-json\/wp\/v2\/product_cat?post=8719"},{"taxonomy":"product_tag","embeddable":true,"href":"https:\/\/fedemark.ee\/fi\/wp-json\/wp\/v2\/product_tag?post=8719"}],"curies":[{"name":"wp","href":"https:\/\/api.w.org\/{rel}","templated":true}]}}