{"id":8721,"date":"2017-09-05T12:31:34","date_gmt":"2017-09-05T12:31:34","guid":{"rendered":"https:\/\/sharks.ee\/fedemark\/shop\/maaratlemata\/pc-50-plastic-tools\/"},"modified":"2017-09-26T11:58:19","modified_gmt":"2017-09-26T11:58:19","slug":"pc-50-plastic-tools","status":"publish","type":"product","link":"https:\/\/fedemark.ee\/fi\/tuotteet\/polynimurit\/pc-50-plastic-tools\/","title":{"rendered":"PC 50 Plastic Tools"},"content":{"rendered":"","protected":false},"excerpt":{"rendered":"<p>K\u00e4yt\u00e4nn\u00f6llisen\u00e4 ja helppok\u00e4ytt\u00f6isen\u00e4 t\u00e4m\u00e4 50 l nim. HD-PE-rummulla ja eritt\u00e4in tehokkaalla w\/cup-moottorilla varustettu laite takaa huipputehokkuuden ja poikkeukselliset puhdistustulokset. Laite toimii s\u00e4hk\u00f6isen ulosoton avulla symbioosissa s\u00e4hk\u00f6ty\u00f6kalujen kanssa ja siin\u00e4 on hana veden nopeaan tyhjent\u00e4miseen, kokoonpantavat sangat, kaksinkertaiset suojaraudat ja merkitsem\u00e4tt\u00f6m\u00e4t kumikuvioiset py\u00f6r\u00e4t.<\/p>\n<p><strong>Tekniset tiedot<\/strong><\/p>\n<p>J\u00e4nnitealue V~ 220\u2013240<\/p>\n<p>Hz taajuus- 50\/60<\/p>\n<p>IEC-teho W- 1000W<\/p>\n<p>Enimm\u00e4isteho- 1100W<\/p>\n<p>Laitteen eristysluokka- I<\/p>\n<p>S\u00e4hk\u00f6isen ty\u00f6kalun nimellisteho &#8211; 2000W<\/p>\n<p>Nimelliskapasiteetti- 50L<\/p>\n<p>Rummun materiaali- PE-HD<\/p>\n<p>Enimm. alipaine &#8211; 220mbar<\/p>\n<p>Enimm. ilmavirtaus (noin) &#8211; 180m3\/h<\/p>\n<p>Moottorityyppi \u2013 Tehokas W\/cup<\/p>\n<p>Kaksinkertainen paperinen suodatinpussi, IFA M-luokka<\/p>\n<p>Kassettisuodatin, IFA M-luokka<\/p>\n<p>PP-esisuodatin<\/p>\n<p>Vaahtoamista est\u00e4v\u00e4 suodatin<\/p>\n<p>Pest\u00e4v\u00e4 \u2013 uudelleenk\u00e4ytett\u00e4v\u00e4 kangaspussi (lis\u00e4varuste)<\/p>\n<p><strong>Tarvikkeet \u00f8 45 mm<\/strong><\/p>\n<ol>\n<li>\u00a0S\u00e4hk\u00f6ty\u00f6kaluille tarkoitettu yleisk\u00e4ytt\u00f6isell\u00e4 sovittimella varustettu k\u00e4\u00e4ntyv\u00e4 letku<\/li>\n<li>Joustava letku k\u00e4\u00e4ntyv\u00e4ll\u00e4 liit\u00e4nn\u00e4ll\u00e4<\/li>\n<li>P\u00f6lyharja<\/li>\n<li>Ty\u00f6kalu rakoja varten<\/li>\n<li>Kolmikulmasuulake<\/li>\n<li>Lukitusrengas s\u00e4hk\u00f6ty\u00f6kalun johtoa varten<\/li>\n<li>Kromatusta ter\u00e4ksest\u00e4 valmistetut joustavat jatkoputket<\/li>\n<li>Jatkoputket<\/li>\n<li>Teollinen mattoharja<\/li>\n<li>Teollinen lattiaharja<\/li>\n<li>Teollinen nesteharja<\/li>\n<\/ol>\n","protected":false},"featured_media":10928,"comment_status":"open","ping_status":"closed","template":"","meta":{"footnotes":""},"product_cat":[272],"product_tag":[],"yoast_head":"<!-- This site is optimized with the Yoast SEO plugin v22.6 - https:\/\/yoast.com\/wordpress\/plugins\/seo\/ -->\n<title>PC 50 Plastic Tools - Fedemark<\/title>\n<meta name=\"robots\" content=\"index, follow, max-snippet:-1, max-image-preview:large, max-video-preview:-1\" \/>\n<link rel=\"canonical\" href=\"https:\/\/fedemark.ee\/fi\/tuotteet\/polynimurit\/pc-50-plastic-tools\/\" \/>\n<meta property=\"og:locale\" content=\"fi_FI\" \/>\n<meta property=\"og:type\" content=\"article\" \/>\n<meta property=\"og:title\" content=\"PC 50 Plastic Tools - Fedemark\" \/>\n<meta property=\"og:description\" content=\"K\u00e4yt\u00e4nn\u00f6llisen\u00e4 ja helppok\u00e4ytt\u00f6isen\u00e4 t\u00e4m\u00e4 50 l nim. HD-PE-rummulla ja eritt\u00e4in tehokkaalla w\/cup-moottorilla varustettu laite takaa huipputehokkuuden ja poikkeukselliset puhdistustulokset. Laite toimii s\u00e4hk\u00f6isen ulosoton avulla symbioosissa s\u00e4hk\u00f6ty\u00f6kalujen kanssa ja siin\u00e4 on hana veden nopeaan tyhjent\u00e4miseen, kokoonpantavat sangat, kaksinkertaiset suojaraudat ja merkitsem\u00e4tt\u00f6m\u00e4t kumikuvioiset py\u00f6r\u00e4t.  Tekniset tiedot  J\u00e4nnitealue V~ 220\u2013240  Hz taajuus- 50\/60  IEC-teho W- 1000W  Enimm\u00e4isteho- 1100W  Laitteen eristysluokka- I  S\u00e4hk\u00f6isen ty\u00f6kalun nimellisteho - 2000W  Nimelliskapasiteetti- 50L  Rummun materiaali- PE-HD  Enimm. alipaine - 220mbar  Enimm. ilmavirtaus (noin) - 180m3\/h  Moottorityyppi \u2013 Tehokas W\/cup  Kaksinkertainen paperinen suodatinpussi, IFA M-luokka  Kassettisuodatin, IFA M-luokka  PP-esisuodatin  Vaahtoamista est\u00e4v\u00e4 suodatin  Pest\u00e4v\u00e4 \u2013 uudelleenk\u00e4ytett\u00e4v\u00e4 kangaspussi (lis\u00e4varuste)  Tarvikkeet \u00f8 45 mm   \u00a0S\u00e4hk\u00f6ty\u00f6kaluille tarkoitettu yleisk\u00e4ytt\u00f6isell\u00e4 sovittimella varustettu k\u00e4\u00e4ntyv\u00e4 letku  Joustava letku k\u00e4\u00e4ntyv\u00e4ll\u00e4 liit\u00e4nn\u00e4ll\u00e4  P\u00f6lyharja  Ty\u00f6kalu rakoja varten  Kolmikulmasuulake  Lukitusrengas s\u00e4hk\u00f6ty\u00f6kalun johtoa varten  Kromatusta ter\u00e4ksest\u00e4 valmistetut joustavat jatkoputket  Jatkoputket  Teollinen mattoharja  Teollinen lattiaharja  Teollinen nesteharja\" \/>\n<meta property=\"og:url\" content=\"https:\/\/fedemark.ee\/fi\/tuotteet\/polynimurit\/pc-50-plastic-tools\/\" \/>\n<meta property=\"og:site_name\" content=\"Fedemark\" \/>\n<meta property=\"article:modified_time\" content=\"2017-09-26T11:58:19+00:00\" \/>\n<meta property=\"og:image\" content=\"https:\/\/fedemark.ee\/wp-content\/uploads\/2017\/09\/PC-50-Tools-Plastic-I.jpg\" \/>\n\t<meta property=\"og:image:width\" content=\"1000\" \/>\n\t<meta property=\"og:image:height\" content=\"1000\" \/>\n\t<meta property=\"og:image:type\" content=\"image\/jpeg\" \/>\n<meta name=\"twitter:card\" content=\"summary_large_image\" \/>\n<script type=\"application\/ld+json\" class=\"yoast-schema-graph\">{\"@context\":\"https:\/\/schema.org\",\"@graph\":[{\"@type\":\"WebPage\",\"@id\":\"https:\/\/fedemark.ee\/fi\/tuotteet\/polynimurit\/pc-50-plastic-tools\/\",\"url\":\"https:\/\/fedemark.ee\/fi\/tuotteet\/polynimurit\/pc-50-plastic-tools\/\",\"name\":\"PC 50 Plastic Tools - Fedemark\",\"isPartOf\":{\"@id\":\"https:\/\/fedemark.ee\/#website\"},\"primaryImageOfPage\":{\"@id\":\"https:\/\/fedemark.ee\/fi\/tuotteet\/polynimurit\/pc-50-plastic-tools\/#primaryimage\"},\"image\":{\"@id\":\"https:\/\/fedemark.ee\/fi\/tuotteet\/polynimurit\/pc-50-plastic-tools\/#primaryimage\"},\"thumbnailUrl\":\"https:\/\/fedemark.ee\/wp-content\/uploads\/2017\/09\/PC-50-Tools-Plastic-I.jpg\",\"datePublished\":\"2017-09-05T12:31:34+00:00\",\"dateModified\":\"2017-09-26T11:58:19+00:00\",\"breadcrumb\":{\"@id\":\"https:\/\/fedemark.ee\/fi\/tuotteet\/polynimurit\/pc-50-plastic-tools\/#breadcrumb\"},\"inLanguage\":\"fi-FI\",\"potentialAction\":[{\"@type\":\"ReadAction\",\"target\":[\"https:\/\/fedemark.ee\/fi\/tuotteet\/polynimurit\/pc-50-plastic-tools\/\"]}]},{\"@type\":\"ImageObject\",\"inLanguage\":\"fi-FI\",\"@id\":\"https:\/\/fedemark.ee\/fi\/tuotteet\/polynimurit\/pc-50-plastic-tools\/#primaryimage\",\"url\":\"https:\/\/fedemark.ee\/wp-content\/uploads\/2017\/09\/PC-50-Tools-Plastic-I.jpg\",\"contentUrl\":\"https:\/\/fedemark.ee\/wp-content\/uploads\/2017\/09\/PC-50-Tools-Plastic-I.jpg\",\"width\":1000,\"height\":1000},{\"@type\":\"BreadcrumbList\",\"@id\":\"https:\/\/fedemark.ee\/fi\/tuotteet\/polynimurit\/pc-50-plastic-tools\/#breadcrumb\",\"itemListElement\":[{\"@type\":\"ListItem\",\"position\":1,\"name\":\"Home\",\"item\":\"https:\/\/fedemark.ee\/fi\/\"},{\"@type\":\"ListItem\",\"position\":2,\"name\":\"Tuotteet\",\"item\":\"https:\/\/fedemark.ee\/fi\/tuotteet\/\"},{\"@type\":\"ListItem\",\"position\":3,\"name\":\"PC 50 Plastic Tools\"}]},{\"@type\":\"WebSite\",\"@id\":\"https:\/\/fedemark.ee\/#website\",\"url\":\"https:\/\/fedemark.ee\/\",\"name\":\"Fedemark\",\"description\":\"Redelid, Tellingud, T\u00f6\u00f6platvormid ja vahekorrused\",\"potentialAction\":[{\"@type\":\"SearchAction\",\"target\":{\"@type\":\"EntryPoint\",\"urlTemplate\":\"https:\/\/fedemark.ee\/?s={search_term_string}\"},\"query-input\":\"required name=search_term_string\"}],\"inLanguage\":\"fi-FI\"}]}<\/script>\n<!-- \/ Yoast SEO plugin. -->","yoast_head_json":{"title":"PC 50 Plastic Tools - Fedemark","robots":{"index":"index","follow":"follow","max-snippet":"max-snippet:-1","max-image-preview":"max-image-preview:large","max-video-preview":"max-video-preview:-1"},"canonical":"https:\/\/fedemark.ee\/fi\/tuotteet\/polynimurit\/pc-50-plastic-tools\/","og_locale":"fi_FI","og_type":"article","og_title":"PC 50 Plastic Tools - Fedemark","og_description":"K\u00e4yt\u00e4nn\u00f6llisen\u00e4 ja helppok\u00e4ytt\u00f6isen\u00e4 t\u00e4m\u00e4 50 l nim. HD-PE-rummulla ja eritt\u00e4in tehokkaalla w\/cup-moottorilla varustettu laite takaa huipputehokkuuden ja poikkeukselliset puhdistustulokset. Laite toimii s\u00e4hk\u00f6isen ulosoton avulla symbioosissa s\u00e4hk\u00f6ty\u00f6kalujen kanssa ja siin\u00e4 on hana veden nopeaan tyhjent\u00e4miseen, kokoonpantavat sangat, kaksinkertaiset suojaraudat ja merkitsem\u00e4tt\u00f6m\u00e4t kumikuvioiset py\u00f6r\u00e4t.  Tekniset tiedot  J\u00e4nnitealue V~ 220\u2013240  Hz taajuus- 50\/60  IEC-teho W- 1000W  Enimm\u00e4isteho- 1100W  Laitteen eristysluokka- I  S\u00e4hk\u00f6isen ty\u00f6kalun nimellisteho - 2000W  Nimelliskapasiteetti- 50L  Rummun materiaali- PE-HD  Enimm. alipaine - 220mbar  Enimm. ilmavirtaus (noin) - 180m3\/h  Moottorityyppi \u2013 Tehokas W\/cup  Kaksinkertainen paperinen suodatinpussi, IFA M-luokka  Kassettisuodatin, IFA M-luokka  PP-esisuodatin  Vaahtoamista est\u00e4v\u00e4 suodatin  Pest\u00e4v\u00e4 \u2013 uudelleenk\u00e4ytett\u00e4v\u00e4 kangaspussi (lis\u00e4varuste)  Tarvikkeet \u00f8 45 mm   \u00a0S\u00e4hk\u00f6ty\u00f6kaluille tarkoitettu yleisk\u00e4ytt\u00f6isell\u00e4 sovittimella varustettu k\u00e4\u00e4ntyv\u00e4 letku  Joustava letku k\u00e4\u00e4ntyv\u00e4ll\u00e4 liit\u00e4nn\u00e4ll\u00e4  P\u00f6lyharja  Ty\u00f6kalu rakoja varten  Kolmikulmasuulake  Lukitusrengas s\u00e4hk\u00f6ty\u00f6kalun johtoa varten  Kromatusta ter\u00e4ksest\u00e4 valmistetut joustavat jatkoputket  Jatkoputket  Teollinen mattoharja  Teollinen lattiaharja  Teollinen nesteharja","og_url":"https:\/\/fedemark.ee\/fi\/tuotteet\/polynimurit\/pc-50-plastic-tools\/","og_site_name":"Fedemark","article_modified_time":"2017-09-26T11:58:19+00:00","og_image":[{"width":1000,"height":1000,"url":"https:\/\/fedemark.ee\/wp-content\/uploads\/2017\/09\/PC-50-Tools-Plastic-I.jpg","type":"image\/jpeg"}],"twitter_card":"summary_large_image","schema":{"@context":"https:\/\/schema.org","@graph":[{"@type":"WebPage","@id":"https:\/\/fedemark.ee\/fi\/tuotteet\/polynimurit\/pc-50-plastic-tools\/","url":"https:\/\/fedemark.ee\/fi\/tuotteet\/polynimurit\/pc-50-plastic-tools\/","name":"PC 50 Plastic Tools - Fedemark","isPartOf":{"@id":"https:\/\/fedemark.ee\/#website"},"primaryImageOfPage":{"@id":"https:\/\/fedemark.ee\/fi\/tuotteet\/polynimurit\/pc-50-plastic-tools\/#primaryimage"},"image":{"@id":"https:\/\/fedemark.ee\/fi\/tuotteet\/polynimurit\/pc-50-plastic-tools\/#primaryimage"},"thumbnailUrl":"https:\/\/fedemark.ee\/wp-content\/uploads\/2017\/09\/PC-50-Tools-Plastic-I.jpg","datePublished":"2017-09-05T12:31:34+00:00","dateModified":"2017-09-26T11:58:19+00:00","breadcrumb":{"@id":"https:\/\/fedemark.ee\/fi\/tuotteet\/polynimurit\/pc-50-plastic-tools\/#breadcrumb"},"inLanguage":"fi-FI","potentialAction":[{"@type":"ReadAction","target":["https:\/\/fedemark.ee\/fi\/tuotteet\/polynimurit\/pc-50-plastic-tools\/"]}]},{"@type":"ImageObject","inLanguage":"fi-FI","@id":"https:\/\/fedemark.ee\/fi\/tuotteet\/polynimurit\/pc-50-plastic-tools\/#primaryimage","url":"https:\/\/fedemark.ee\/wp-content\/uploads\/2017\/09\/PC-50-Tools-Plastic-I.jpg","contentUrl":"https:\/\/fedemark.ee\/wp-content\/uploads\/2017\/09\/PC-50-Tools-Plastic-I.jpg","width":1000,"height":1000},{"@type":"BreadcrumbList","@id":"https:\/\/fedemark.ee\/fi\/tuotteet\/polynimurit\/pc-50-plastic-tools\/#breadcrumb","itemListElement":[{"@type":"ListItem","position":1,"name":"Home","item":"https:\/\/fedemark.ee\/fi\/"},{"@type":"ListItem","position":2,"name":"Tuotteet","item":"https:\/\/fedemark.ee\/fi\/tuotteet\/"},{"@type":"ListItem","position":3,"name":"PC 50 Plastic Tools"}]},{"@type":"WebSite","@id":"https:\/\/fedemark.ee\/#website","url":"https:\/\/fedemark.ee\/","name":"Fedemark","description":"Redelid, Tellingud, T\u00f6\u00f6platvormid ja vahekorrused","potentialAction":[{"@type":"SearchAction","target":{"@type":"EntryPoint","urlTemplate":"https:\/\/fedemark.ee\/?s={search_term_string}"},"query-input":"required name=search_term_string"}],"inLanguage":"fi-FI"}]}},"_links":{"self":[{"href":"https:\/\/fedemark.ee\/fi\/wp-json\/wp\/v2\/product\/8721"}],"collection":[{"href":"https:\/\/fedemark.ee\/fi\/wp-json\/wp\/v2\/product"}],"about":[{"href":"https:\/\/fedemark.ee\/fi\/wp-json\/wp\/v2\/types\/product"}],"replies":[{"embeddable":true,"href":"https:\/\/fedemark.ee\/fi\/wp-json\/wp\/v2\/comments?post=8721"}],"version-history":[{"count":0,"href":"https:\/\/fedemark.ee\/fi\/wp-json\/wp\/v2\/product\/8721\/revisions"}],"wp:featuredmedia":[{"embeddable":true,"href":"https:\/\/fedemark.ee\/fi\/wp-json\/wp\/v2\/media\/10928"}],"wp:attachment":[{"href":"https:\/\/fedemark.ee\/fi\/wp-json\/wp\/v2\/media?parent=8721"}],"wp:term":[{"taxonomy":"product_cat","embeddable":true,"href":"https:\/\/fedemark.ee\/fi\/wp-json\/wp\/v2\/product_cat?post=8721"},{"taxonomy":"product_tag","embeddable":true,"href":"https:\/\/fedemark.ee\/fi\/wp-json\/wp\/v2\/product_tag?post=8721"}],"curies":[{"name":"wp","href":"https:\/\/api.w.org\/{rel}","templated":true}]}}