{"id":8722,"date":"2017-09-05T12:34:43","date_gmt":"2017-09-05T12:34:43","guid":{"rendered":"https:\/\/sharks.ee\/fedemark\/shop\/maaratlemata\/pc-80-twinpower-plastic\/"},"modified":"2017-09-26T12:10:53","modified_gmt":"2017-09-26T12:10:53","slug":"pc-80-twinpower-plastic","status":"publish","type":"product","link":"https:\/\/fedemark.ee\/fi\/tuotteet\/polynimurit\/pc-80-twinpower-plastic\/","title":{"rendered":"PC 80 TwinPower plastic"},"content":{"rendered":"","protected":false},"excerpt":{"rendered":"<p>Kaksi 2400W ohitusmoottoria. Luja ja eritt\u00e4in imukykyinen laite. T\u00e4ysin v\u00e4ltt\u00e4m\u00e4t\u00f6n p\u00f6lyn, kiinteiden j\u00e4\u00e4nteiden ja nesteiden imemisess\u00e4. Laite on tarkoitettu suurille pinnoille ja tarvitsee t\u00e4ydellisen suodatusj\u00e4rjestelm\u00e4n.<\/p>\n<p><strong>Tekniset tiedot<\/strong><\/p>\n<p>J\u00e4nnitealue V~ 220\u2013240<\/p>\n<p>Hz taajuus- 50\/60<\/p>\n<p>IEC-teho W- 1200W<\/p>\n<p>ENIMM. nimellisteho (2 moottoria)- 2400W<\/p>\n<p>Laitteen eristysluokka- I<\/p>\n<p>Nimelliskapasiteetti- 80L<\/p>\n<p>Lis\u00e4pistorasia- 800W<\/p>\n<p>Rummun materiaali- PE-HD<\/p>\n<p>Enimm. alipaine &#8211; 240mbar<\/p>\n<p>Enimm. ilmavirtaus (noin) &#8211; 200 m3\/h moottoria kohti<\/p>\n<p>Moottorityyppi \u2013 Tehokas W\/cup<\/p>\n<p>BIA-polyesterihuopakori esisuodatin, L-luokka<\/p>\n<p>US-Hepa-p\u00e4\u00e4st\u00f6suodattimet<\/p>\n<p>Vaahtoamista est\u00e4v\u00e4 suodatin (lis\u00e4varuste)<\/p>\n<p>Kertak\u00e4ytt\u00f6inen polyeteeninen p\u00f6lypussi, paksuudeltaan 80 mikronia (lis\u00e4varuste)<\/p>\n<p>Kassettisuodatin 8.400 cm2 pinta-ala (lis\u00e4varuste)<\/p>\n<p><strong>Tarvikkeet \u00f8 45 mm<\/strong><\/p>\n<ol>\n<li>Joustava letku k\u00e4\u00e4ntyv\u00e4ll\u00e4 liit\u00e4nn\u00e4ll\u00e4<\/li>\n<li>Pidennysputket<\/li>\n<li>Rakosuutin<\/li>\n<li>Joustava letku k\u00e4\u00e4ntyv\u00e4ll\u00e4 liit\u00e4nn\u00e4ll\u00e4<\/li>\n<li>Kromatut ter\u00e4ksiset taivutetut jatkoputket<\/li>\n<li>Teollinen mattoharja<\/li>\n<li>Teollinen lattiaharja<\/li>\n<li>Teollinen nesteharja<\/li>\n<\/ol>\n<p>LIS\u00c4VARUSTE<\/p>\n<p style=\"padding-left: 30px;\">9. Alumiininen etusuulake vaihdettavin tuin kovien pintojen ja nesteiden siivoamiseen<\/p>\n","protected":false},"featured_media":10964,"comment_status":"open","ping_status":"closed","template":"","meta":{"footnotes":""},"product_cat":[272],"product_tag":[],"yoast_head":"<!-- This site is optimized with the Yoast SEO plugin v22.6 - https:\/\/yoast.com\/wordpress\/plugins\/seo\/ -->\n<title>PC 80 TwinPower plastic - Fedemark<\/title>\n<meta name=\"robots\" content=\"index, follow, max-snippet:-1, max-image-preview:large, max-video-preview:-1\" \/>\n<link rel=\"canonical\" href=\"https:\/\/fedemark.ee\/fi\/tuotteet\/polynimurit\/pc-80-twinpower-plastic\/\" \/>\n<meta property=\"og:locale\" content=\"fi_FI\" \/>\n<meta property=\"og:type\" content=\"article\" \/>\n<meta property=\"og:title\" content=\"PC 80 TwinPower plastic - Fedemark\" \/>\n<meta property=\"og:description\" content=\"Kaksi 2400W ohitusmoottoria. Luja ja eritt\u00e4in imukykyinen laite. T\u00e4ysin v\u00e4ltt\u00e4m\u00e4t\u00f6n p\u00f6lyn, kiinteiden j\u00e4\u00e4nteiden ja nesteiden imemisess\u00e4. Laite on tarkoitettu suurille pinnoille ja tarvitsee t\u00e4ydellisen suodatusj\u00e4rjestelm\u00e4n.  Tekniset tiedot  J\u00e4nnitealue V~ 220\u2013240  Hz taajuus- 50\/60  IEC-teho W- 1200W  ENIMM. nimellisteho (2 moottoria)- 2400W  Laitteen eristysluokka- I  Nimelliskapasiteetti- 80L  Lis\u00e4pistorasia- 800W  Rummun materiaali- PE-HD  Enimm. alipaine - 240mbar  Enimm. ilmavirtaus (noin) - 200 m3\/h moottoria kohti  Moottorityyppi \u2013 Tehokas W\/cup  BIA-polyesterihuopakori esisuodatin, L-luokka  US-Hepa-p\u00e4\u00e4st\u00f6suodattimet  Vaahtoamista est\u00e4v\u00e4 suodatin (lis\u00e4varuste)  Kertak\u00e4ytt\u00f6inen polyeteeninen p\u00f6lypussi, paksuudeltaan 80 mikronia (lis\u00e4varuste)  Kassettisuodatin 8.400 cm2 pinta-ala (lis\u00e4varuste)  Tarvikkeet \u00f8 45 mm   Joustava letku k\u00e4\u00e4ntyv\u00e4ll\u00e4 liit\u00e4nn\u00e4ll\u00e4  Pidennysputket  Rakosuutin  Joustava letku k\u00e4\u00e4ntyv\u00e4ll\u00e4 liit\u00e4nn\u00e4ll\u00e4  Kromatut ter\u00e4ksiset taivutetut jatkoputket  Teollinen mattoharja  Teollinen lattiaharja  Teollinen nesteharja  LIS\u00c4VARUSTE 9. Alumiininen etusuulake vaihdettavin tuin kovien pintojen ja nesteiden siivoamiseen\" \/>\n<meta property=\"og:url\" content=\"https:\/\/fedemark.ee\/fi\/tuotteet\/polynimurit\/pc-80-twinpower-plastic\/\" \/>\n<meta property=\"og:site_name\" content=\"Fedemark\" \/>\n<meta property=\"article:modified_time\" content=\"2017-09-26T12:10:53+00:00\" \/>\n<meta property=\"og:image\" content=\"https:\/\/fedemark.ee\/wp-content\/uploads\/2017\/09\/PC-80-Twinpower-Plastic-I.jpg\" \/>\n\t<meta property=\"og:image:width\" content=\"1000\" \/>\n\t<meta property=\"og:image:height\" content=\"1000\" \/>\n\t<meta property=\"og:image:type\" content=\"image\/jpeg\" \/>\n<meta name=\"twitter:card\" content=\"summary_large_image\" \/>\n<script type=\"application\/ld+json\" class=\"yoast-schema-graph\">{\"@context\":\"https:\/\/schema.org\",\"@graph\":[{\"@type\":\"WebPage\",\"@id\":\"https:\/\/fedemark.ee\/fi\/tuotteet\/polynimurit\/pc-80-twinpower-plastic\/\",\"url\":\"https:\/\/fedemark.ee\/fi\/tuotteet\/polynimurit\/pc-80-twinpower-plastic\/\",\"name\":\"PC 80 TwinPower plastic - Fedemark\",\"isPartOf\":{\"@id\":\"https:\/\/fedemark.ee\/#website\"},\"primaryImageOfPage\":{\"@id\":\"https:\/\/fedemark.ee\/fi\/tuotteet\/polynimurit\/pc-80-twinpower-plastic\/#primaryimage\"},\"image\":{\"@id\":\"https:\/\/fedemark.ee\/fi\/tuotteet\/polynimurit\/pc-80-twinpower-plastic\/#primaryimage\"},\"thumbnailUrl\":\"https:\/\/fedemark.ee\/wp-content\/uploads\/2017\/09\/PC-80-Twinpower-Plastic-I.jpg\",\"datePublished\":\"2017-09-05T12:34:43+00:00\",\"dateModified\":\"2017-09-26T12:10:53+00:00\",\"breadcrumb\":{\"@id\":\"https:\/\/fedemark.ee\/fi\/tuotteet\/polynimurit\/pc-80-twinpower-plastic\/#breadcrumb\"},\"inLanguage\":\"fi-FI\",\"potentialAction\":[{\"@type\":\"ReadAction\",\"target\":[\"https:\/\/fedemark.ee\/fi\/tuotteet\/polynimurit\/pc-80-twinpower-plastic\/\"]}]},{\"@type\":\"ImageObject\",\"inLanguage\":\"fi-FI\",\"@id\":\"https:\/\/fedemark.ee\/fi\/tuotteet\/polynimurit\/pc-80-twinpower-plastic\/#primaryimage\",\"url\":\"https:\/\/fedemark.ee\/wp-content\/uploads\/2017\/09\/PC-80-Twinpower-Plastic-I.jpg\",\"contentUrl\":\"https:\/\/fedemark.ee\/wp-content\/uploads\/2017\/09\/PC-80-Twinpower-Plastic-I.jpg\",\"width\":1000,\"height\":1000},{\"@type\":\"BreadcrumbList\",\"@id\":\"https:\/\/fedemark.ee\/fi\/tuotteet\/polynimurit\/pc-80-twinpower-plastic\/#breadcrumb\",\"itemListElement\":[{\"@type\":\"ListItem\",\"position\":1,\"name\":\"Home\",\"item\":\"https:\/\/fedemark.ee\/fi\/\"},{\"@type\":\"ListItem\",\"position\":2,\"name\":\"Tuotteet\",\"item\":\"https:\/\/fedemark.ee\/fi\/tuotteet\/\"},{\"@type\":\"ListItem\",\"position\":3,\"name\":\"PC 80 TwinPower plastic\"}]},{\"@type\":\"WebSite\",\"@id\":\"https:\/\/fedemark.ee\/#website\",\"url\":\"https:\/\/fedemark.ee\/\",\"name\":\"Fedemark\",\"description\":\"Redelid, Tellingud, T\u00f6\u00f6platvormid ja vahekorrused\",\"potentialAction\":[{\"@type\":\"SearchAction\",\"target\":{\"@type\":\"EntryPoint\",\"urlTemplate\":\"https:\/\/fedemark.ee\/?s={search_term_string}\"},\"query-input\":\"required name=search_term_string\"}],\"inLanguage\":\"fi-FI\"}]}<\/script>\n<!-- \/ Yoast SEO plugin. -->","yoast_head_json":{"title":"PC 80 TwinPower plastic - Fedemark","robots":{"index":"index","follow":"follow","max-snippet":"max-snippet:-1","max-image-preview":"max-image-preview:large","max-video-preview":"max-video-preview:-1"},"canonical":"https:\/\/fedemark.ee\/fi\/tuotteet\/polynimurit\/pc-80-twinpower-plastic\/","og_locale":"fi_FI","og_type":"article","og_title":"PC 80 TwinPower plastic - Fedemark","og_description":"Kaksi 2400W ohitusmoottoria. Luja ja eritt\u00e4in imukykyinen laite. T\u00e4ysin v\u00e4ltt\u00e4m\u00e4t\u00f6n p\u00f6lyn, kiinteiden j\u00e4\u00e4nteiden ja nesteiden imemisess\u00e4. Laite on tarkoitettu suurille pinnoille ja tarvitsee t\u00e4ydellisen suodatusj\u00e4rjestelm\u00e4n.  Tekniset tiedot  J\u00e4nnitealue V~ 220\u2013240  Hz taajuus- 50\/60  IEC-teho W- 1200W  ENIMM. nimellisteho (2 moottoria)- 2400W  Laitteen eristysluokka- I  Nimelliskapasiteetti- 80L  Lis\u00e4pistorasia- 800W  Rummun materiaali- PE-HD  Enimm. alipaine - 240mbar  Enimm. ilmavirtaus (noin) - 200 m3\/h moottoria kohti  Moottorityyppi \u2013 Tehokas W\/cup  BIA-polyesterihuopakori esisuodatin, L-luokka  US-Hepa-p\u00e4\u00e4st\u00f6suodattimet  Vaahtoamista est\u00e4v\u00e4 suodatin (lis\u00e4varuste)  Kertak\u00e4ytt\u00f6inen polyeteeninen p\u00f6lypussi, paksuudeltaan 80 mikronia (lis\u00e4varuste)  Kassettisuodatin 8.400 cm2 pinta-ala (lis\u00e4varuste)  Tarvikkeet \u00f8 45 mm   Joustava letku k\u00e4\u00e4ntyv\u00e4ll\u00e4 liit\u00e4nn\u00e4ll\u00e4  Pidennysputket  Rakosuutin  Joustava letku k\u00e4\u00e4ntyv\u00e4ll\u00e4 liit\u00e4nn\u00e4ll\u00e4  Kromatut ter\u00e4ksiset taivutetut jatkoputket  Teollinen mattoharja  Teollinen lattiaharja  Teollinen nesteharja  LIS\u00c4VARUSTE 9. Alumiininen etusuulake vaihdettavin tuin kovien pintojen ja nesteiden siivoamiseen","og_url":"https:\/\/fedemark.ee\/fi\/tuotteet\/polynimurit\/pc-80-twinpower-plastic\/","og_site_name":"Fedemark","article_modified_time":"2017-09-26T12:10:53+00:00","og_image":[{"width":1000,"height":1000,"url":"https:\/\/fedemark.ee\/wp-content\/uploads\/2017\/09\/PC-80-Twinpower-Plastic-I.jpg","type":"image\/jpeg"}],"twitter_card":"summary_large_image","schema":{"@context":"https:\/\/schema.org","@graph":[{"@type":"WebPage","@id":"https:\/\/fedemark.ee\/fi\/tuotteet\/polynimurit\/pc-80-twinpower-plastic\/","url":"https:\/\/fedemark.ee\/fi\/tuotteet\/polynimurit\/pc-80-twinpower-plastic\/","name":"PC 80 TwinPower plastic - Fedemark","isPartOf":{"@id":"https:\/\/fedemark.ee\/#website"},"primaryImageOfPage":{"@id":"https:\/\/fedemark.ee\/fi\/tuotteet\/polynimurit\/pc-80-twinpower-plastic\/#primaryimage"},"image":{"@id":"https:\/\/fedemark.ee\/fi\/tuotteet\/polynimurit\/pc-80-twinpower-plastic\/#primaryimage"},"thumbnailUrl":"https:\/\/fedemark.ee\/wp-content\/uploads\/2017\/09\/PC-80-Twinpower-Plastic-I.jpg","datePublished":"2017-09-05T12:34:43+00:00","dateModified":"2017-09-26T12:10:53+00:00","breadcrumb":{"@id":"https:\/\/fedemark.ee\/fi\/tuotteet\/polynimurit\/pc-80-twinpower-plastic\/#breadcrumb"},"inLanguage":"fi-FI","potentialAction":[{"@type":"ReadAction","target":["https:\/\/fedemark.ee\/fi\/tuotteet\/polynimurit\/pc-80-twinpower-plastic\/"]}]},{"@type":"ImageObject","inLanguage":"fi-FI","@id":"https:\/\/fedemark.ee\/fi\/tuotteet\/polynimurit\/pc-80-twinpower-plastic\/#primaryimage","url":"https:\/\/fedemark.ee\/wp-content\/uploads\/2017\/09\/PC-80-Twinpower-Plastic-I.jpg","contentUrl":"https:\/\/fedemark.ee\/wp-content\/uploads\/2017\/09\/PC-80-Twinpower-Plastic-I.jpg","width":1000,"height":1000},{"@type":"BreadcrumbList","@id":"https:\/\/fedemark.ee\/fi\/tuotteet\/polynimurit\/pc-80-twinpower-plastic\/#breadcrumb","itemListElement":[{"@type":"ListItem","position":1,"name":"Home","item":"https:\/\/fedemark.ee\/fi\/"},{"@type":"ListItem","position":2,"name":"Tuotteet","item":"https:\/\/fedemark.ee\/fi\/tuotteet\/"},{"@type":"ListItem","position":3,"name":"PC 80 TwinPower plastic"}]},{"@type":"WebSite","@id":"https:\/\/fedemark.ee\/#website","url":"https:\/\/fedemark.ee\/","name":"Fedemark","description":"Redelid, Tellingud, T\u00f6\u00f6platvormid ja vahekorrused","potentialAction":[{"@type":"SearchAction","target":{"@type":"EntryPoint","urlTemplate":"https:\/\/fedemark.ee\/?s={search_term_string}"},"query-input":"required name=search_term_string"}],"inLanguage":"fi-FI"}]}},"_links":{"self":[{"href":"https:\/\/fedemark.ee\/fi\/wp-json\/wp\/v2\/product\/8722"}],"collection":[{"href":"https:\/\/fedemark.ee\/fi\/wp-json\/wp\/v2\/product"}],"about":[{"href":"https:\/\/fedemark.ee\/fi\/wp-json\/wp\/v2\/types\/product"}],"replies":[{"embeddable":true,"href":"https:\/\/fedemark.ee\/fi\/wp-json\/wp\/v2\/comments?post=8722"}],"version-history":[{"count":0,"href":"https:\/\/fedemark.ee\/fi\/wp-json\/wp\/v2\/product\/8722\/revisions"}],"wp:featuredmedia":[{"embeddable":true,"href":"https:\/\/fedemark.ee\/fi\/wp-json\/wp\/v2\/media\/10964"}],"wp:attachment":[{"href":"https:\/\/fedemark.ee\/fi\/wp-json\/wp\/v2\/media?parent=8722"}],"wp:term":[{"taxonomy":"product_cat","embeddable":true,"href":"https:\/\/fedemark.ee\/fi\/wp-json\/wp\/v2\/product_cat?post=8722"},{"taxonomy":"product_tag","embeddable":true,"href":"https:\/\/fedemark.ee\/fi\/wp-json\/wp\/v2\/product_tag?post=8722"}],"curies":[{"name":"wp","href":"https:\/\/api.w.org\/{rel}","templated":true}]}}