{"id":8726,"date":"2017-09-05T13:20:33","date_gmt":"2017-09-05T13:20:33","guid":{"rendered":"https:\/\/sharks.ee\/fedemark\/shop\/maaratlemata\/technocleaner-35p\/"},"modified":"2017-09-26T12:07:56","modified_gmt":"2017-09-26T12:07:56","slug":"technocleaner-35p","status":"publish","type":"product","link":"https:\/\/fedemark.ee\/fi\/tuotteet\/polynimurit\/technocleaner-35p\/","title":{"rendered":"Technocleaner 35P"},"content":{"rendered":"","protected":false},"excerpt":{"rendered":"<p>T\u00e4m\u00e4 on pieni ja kompakti laite, joka siit\u00e4 huolimatta m\u00e4rk\u00e4-\/kuivaimurina varmistaa hyv\u00e4n tehokkuuden. K\u00e4tev\u00e4n ja kest\u00e4v\u00e4n laitteen p\u00f6lynimu- ja puhdistustulos on poikkeuksellinen.<\/p>\n<p><strong>Tekniset tiedot<\/strong><\/p>\n<p>J\u00e4nnitealue V~ 220\u2013240<\/p>\n<p>Hz taajuus- 50\/60<\/p>\n<p>IEC-teho W- 1100W<\/p>\n<p>Enimm\u00e4isteho- 1200W<\/p>\n<p>Laitteen eristysluokka- II<\/p>\n<p>Nimelliskapasiteetti- 35L<\/p>\n<p>Rummun materiaali- PP<\/p>\n<p>Enimm. alipaine &#8211; 190mbar<\/p>\n<p>Enimm. ilmavirtaus (noin) &#8211; 190m3\/h<\/p>\n<p>Kassettisuodatin<\/p>\n<p>Vaakasuora paperinen suodatinpussi (lis\u00e4varuste)<\/p>\n<p>Vaahtoamista est\u00e4v\u00e4 suodatin (lis\u00e4varuste)<\/p>\n<p>PP-esisuodatin (lis\u00e4varuste)<\/p>\n<p><strong>Tarvikkeet \u00f8 36 mm<\/strong><\/p>\n<ol>\n<li>Py\u00f6riv\u00e4, ergonomisella sangalla varustettu letku<\/li>\n<li>Pidennysputket<\/li>\n<li>Monik\u00e4ytt\u00f6inen harja lattioita\/mattoja varten<\/li>\n<li>Rakosuutin<\/li>\n<\/ol>\n<p><strong>LIS\u00c4VARUSTE<\/strong><\/p>\n<p style=\"padding-left: 30px;\">5. Kalustesuulake<br \/>\n6. P\u00f6lyharja hevosen jouhista<\/p>\n","protected":false},"featured_media":11056,"comment_status":"open","ping_status":"closed","template":"","meta":{"footnotes":""},"product_cat":[272],"product_tag":[],"yoast_head":"<!-- This site is optimized with the Yoast SEO plugin v22.6 - https:\/\/yoast.com\/wordpress\/plugins\/seo\/ -->\n<title>Technocleaner 35P - Fedemark<\/title>\n<meta name=\"robots\" content=\"index, follow, max-snippet:-1, max-image-preview:large, max-video-preview:-1\" \/>\n<link rel=\"canonical\" href=\"https:\/\/fedemark.ee\/fi\/tuotteet\/polynimurit\/technocleaner-35p\/\" \/>\n<meta property=\"og:locale\" content=\"fi_FI\" \/>\n<meta property=\"og:type\" content=\"article\" \/>\n<meta property=\"og:title\" content=\"Technocleaner 35P - Fedemark\" \/>\n<meta property=\"og:description\" content=\"T\u00e4m\u00e4 on pieni ja kompakti laite, joka siit\u00e4 huolimatta m\u00e4rk\u00e4-\/kuivaimurina varmistaa hyv\u00e4n tehokkuuden. K\u00e4tev\u00e4n ja kest\u00e4v\u00e4n laitteen p\u00f6lynimu- ja puhdistustulos on poikkeuksellinen.  Tekniset tiedot  J\u00e4nnitealue V~ 220\u2013240  Hz taajuus- 50\/60  IEC-teho W- 1100W  Enimm\u00e4isteho- 1200W  Laitteen eristysluokka- II  Nimelliskapasiteetti- 35L  Rummun materiaali- PP  Enimm. alipaine - 190mbar  Enimm. ilmavirtaus (noin) - 190m3\/h  Kassettisuodatin  Vaakasuora paperinen suodatinpussi (lis\u00e4varuste)  Vaahtoamista est\u00e4v\u00e4 suodatin (lis\u00e4varuste)  PP-esisuodatin (lis\u00e4varuste)  Tarvikkeet \u00f8 36 mm   Py\u00f6riv\u00e4, ergonomisella sangalla varustettu letku  Pidennysputket  Monik\u00e4ytt\u00f6inen harja lattioita\/mattoja varten  Rakosuutin  LIS\u00c4VARUSTE 5. Kalustesuulake 6. P\u00f6lyharja hevosen jouhista\" \/>\n<meta property=\"og:url\" content=\"https:\/\/fedemark.ee\/fi\/tuotteet\/polynimurit\/technocleaner-35p\/\" \/>\n<meta property=\"og:site_name\" content=\"Fedemark\" \/>\n<meta property=\"article:modified_time\" content=\"2017-09-26T12:07:56+00:00\" \/>\n<meta property=\"og:image\" content=\"https:\/\/fedemark.ee\/wp-content\/uploads\/2017\/09\/Technocleaner-35P-I.jpg\" \/>\n\t<meta property=\"og:image:width\" content=\"1000\" \/>\n\t<meta property=\"og:image:height\" content=\"1000\" \/>\n\t<meta property=\"og:image:type\" content=\"image\/jpeg\" \/>\n<meta name=\"twitter:card\" content=\"summary_large_image\" \/>\n<script type=\"application\/ld+json\" class=\"yoast-schema-graph\">{\"@context\":\"https:\/\/schema.org\",\"@graph\":[{\"@type\":\"WebPage\",\"@id\":\"https:\/\/fedemark.ee\/fi\/tuotteet\/polynimurit\/technocleaner-35p\/\",\"url\":\"https:\/\/fedemark.ee\/fi\/tuotteet\/polynimurit\/technocleaner-35p\/\",\"name\":\"Technocleaner 35P - Fedemark\",\"isPartOf\":{\"@id\":\"https:\/\/fedemark.ee\/#website\"},\"primaryImageOfPage\":{\"@id\":\"https:\/\/fedemark.ee\/fi\/tuotteet\/polynimurit\/technocleaner-35p\/#primaryimage\"},\"image\":{\"@id\":\"https:\/\/fedemark.ee\/fi\/tuotteet\/polynimurit\/technocleaner-35p\/#primaryimage\"},\"thumbnailUrl\":\"https:\/\/fedemark.ee\/wp-content\/uploads\/2017\/09\/Technocleaner-35P-I.jpg\",\"datePublished\":\"2017-09-05T13:20:33+00:00\",\"dateModified\":\"2017-09-26T12:07:56+00:00\",\"breadcrumb\":{\"@id\":\"https:\/\/fedemark.ee\/fi\/tuotteet\/polynimurit\/technocleaner-35p\/#breadcrumb\"},\"inLanguage\":\"fi-FI\",\"potentialAction\":[{\"@type\":\"ReadAction\",\"target\":[\"https:\/\/fedemark.ee\/fi\/tuotteet\/polynimurit\/technocleaner-35p\/\"]}]},{\"@type\":\"ImageObject\",\"inLanguage\":\"fi-FI\",\"@id\":\"https:\/\/fedemark.ee\/fi\/tuotteet\/polynimurit\/technocleaner-35p\/#primaryimage\",\"url\":\"https:\/\/fedemark.ee\/wp-content\/uploads\/2017\/09\/Technocleaner-35P-I.jpg\",\"contentUrl\":\"https:\/\/fedemark.ee\/wp-content\/uploads\/2017\/09\/Technocleaner-35P-I.jpg\",\"width\":1000,\"height\":1000},{\"@type\":\"BreadcrumbList\",\"@id\":\"https:\/\/fedemark.ee\/fi\/tuotteet\/polynimurit\/technocleaner-35p\/#breadcrumb\",\"itemListElement\":[{\"@type\":\"ListItem\",\"position\":1,\"name\":\"Home\",\"item\":\"https:\/\/fedemark.ee\/fi\/\"},{\"@type\":\"ListItem\",\"position\":2,\"name\":\"Tuotteet\",\"item\":\"https:\/\/fedemark.ee\/fi\/tuotteet\/\"},{\"@type\":\"ListItem\",\"position\":3,\"name\":\"Technocleaner 35P\"}]},{\"@type\":\"WebSite\",\"@id\":\"https:\/\/fedemark.ee\/#website\",\"url\":\"https:\/\/fedemark.ee\/\",\"name\":\"Fedemark\",\"description\":\"Redelid, Tellingud, T\u00f6\u00f6platvormid ja vahekorrused\",\"potentialAction\":[{\"@type\":\"SearchAction\",\"target\":{\"@type\":\"EntryPoint\",\"urlTemplate\":\"https:\/\/fedemark.ee\/?s={search_term_string}\"},\"query-input\":\"required name=search_term_string\"}],\"inLanguage\":\"fi-FI\"}]}<\/script>\n<!-- \/ Yoast SEO plugin. -->","yoast_head_json":{"title":"Technocleaner 35P - Fedemark","robots":{"index":"index","follow":"follow","max-snippet":"max-snippet:-1","max-image-preview":"max-image-preview:large","max-video-preview":"max-video-preview:-1"},"canonical":"https:\/\/fedemark.ee\/fi\/tuotteet\/polynimurit\/technocleaner-35p\/","og_locale":"fi_FI","og_type":"article","og_title":"Technocleaner 35P - Fedemark","og_description":"T\u00e4m\u00e4 on pieni ja kompakti laite, joka siit\u00e4 huolimatta m\u00e4rk\u00e4-\/kuivaimurina varmistaa hyv\u00e4n tehokkuuden. K\u00e4tev\u00e4n ja kest\u00e4v\u00e4n laitteen p\u00f6lynimu- ja puhdistustulos on poikkeuksellinen.  Tekniset tiedot  J\u00e4nnitealue V~ 220\u2013240  Hz taajuus- 50\/60  IEC-teho W- 1100W  Enimm\u00e4isteho- 1200W  Laitteen eristysluokka- II  Nimelliskapasiteetti- 35L  Rummun materiaali- PP  Enimm. alipaine - 190mbar  Enimm. ilmavirtaus (noin) - 190m3\/h  Kassettisuodatin  Vaakasuora paperinen suodatinpussi (lis\u00e4varuste)  Vaahtoamista est\u00e4v\u00e4 suodatin (lis\u00e4varuste)  PP-esisuodatin (lis\u00e4varuste)  Tarvikkeet \u00f8 36 mm   Py\u00f6riv\u00e4, ergonomisella sangalla varustettu letku  Pidennysputket  Monik\u00e4ytt\u00f6inen harja lattioita\/mattoja varten  Rakosuutin  LIS\u00c4VARUSTE 5. Kalustesuulake 6. P\u00f6lyharja hevosen jouhista","og_url":"https:\/\/fedemark.ee\/fi\/tuotteet\/polynimurit\/technocleaner-35p\/","og_site_name":"Fedemark","article_modified_time":"2017-09-26T12:07:56+00:00","og_image":[{"width":1000,"height":1000,"url":"https:\/\/fedemark.ee\/wp-content\/uploads\/2017\/09\/Technocleaner-35P-I.jpg","type":"image\/jpeg"}],"twitter_card":"summary_large_image","schema":{"@context":"https:\/\/schema.org","@graph":[{"@type":"WebPage","@id":"https:\/\/fedemark.ee\/fi\/tuotteet\/polynimurit\/technocleaner-35p\/","url":"https:\/\/fedemark.ee\/fi\/tuotteet\/polynimurit\/technocleaner-35p\/","name":"Technocleaner 35P - Fedemark","isPartOf":{"@id":"https:\/\/fedemark.ee\/#website"},"primaryImageOfPage":{"@id":"https:\/\/fedemark.ee\/fi\/tuotteet\/polynimurit\/technocleaner-35p\/#primaryimage"},"image":{"@id":"https:\/\/fedemark.ee\/fi\/tuotteet\/polynimurit\/technocleaner-35p\/#primaryimage"},"thumbnailUrl":"https:\/\/fedemark.ee\/wp-content\/uploads\/2017\/09\/Technocleaner-35P-I.jpg","datePublished":"2017-09-05T13:20:33+00:00","dateModified":"2017-09-26T12:07:56+00:00","breadcrumb":{"@id":"https:\/\/fedemark.ee\/fi\/tuotteet\/polynimurit\/technocleaner-35p\/#breadcrumb"},"inLanguage":"fi-FI","potentialAction":[{"@type":"ReadAction","target":["https:\/\/fedemark.ee\/fi\/tuotteet\/polynimurit\/technocleaner-35p\/"]}]},{"@type":"ImageObject","inLanguage":"fi-FI","@id":"https:\/\/fedemark.ee\/fi\/tuotteet\/polynimurit\/technocleaner-35p\/#primaryimage","url":"https:\/\/fedemark.ee\/wp-content\/uploads\/2017\/09\/Technocleaner-35P-I.jpg","contentUrl":"https:\/\/fedemark.ee\/wp-content\/uploads\/2017\/09\/Technocleaner-35P-I.jpg","width":1000,"height":1000},{"@type":"BreadcrumbList","@id":"https:\/\/fedemark.ee\/fi\/tuotteet\/polynimurit\/technocleaner-35p\/#breadcrumb","itemListElement":[{"@type":"ListItem","position":1,"name":"Home","item":"https:\/\/fedemark.ee\/fi\/"},{"@type":"ListItem","position":2,"name":"Tuotteet","item":"https:\/\/fedemark.ee\/fi\/tuotteet\/"},{"@type":"ListItem","position":3,"name":"Technocleaner 35P"}]},{"@type":"WebSite","@id":"https:\/\/fedemark.ee\/#website","url":"https:\/\/fedemark.ee\/","name":"Fedemark","description":"Redelid, Tellingud, T\u00f6\u00f6platvormid ja vahekorrused","potentialAction":[{"@type":"SearchAction","target":{"@type":"EntryPoint","urlTemplate":"https:\/\/fedemark.ee\/?s={search_term_string}"},"query-input":"required name=search_term_string"}],"inLanguage":"fi-FI"}]}},"_links":{"self":[{"href":"https:\/\/fedemark.ee\/fi\/wp-json\/wp\/v2\/product\/8726"}],"collection":[{"href":"https:\/\/fedemark.ee\/fi\/wp-json\/wp\/v2\/product"}],"about":[{"href":"https:\/\/fedemark.ee\/fi\/wp-json\/wp\/v2\/types\/product"}],"replies":[{"embeddable":true,"href":"https:\/\/fedemark.ee\/fi\/wp-json\/wp\/v2\/comments?post=8726"}],"version-history":[{"count":0,"href":"https:\/\/fedemark.ee\/fi\/wp-json\/wp\/v2\/product\/8726\/revisions"}],"wp:featuredmedia":[{"embeddable":true,"href":"https:\/\/fedemark.ee\/fi\/wp-json\/wp\/v2\/media\/11056"}],"wp:attachment":[{"href":"https:\/\/fedemark.ee\/fi\/wp-json\/wp\/v2\/media?parent=8726"}],"wp:term":[{"taxonomy":"product_cat","embeddable":true,"href":"https:\/\/fedemark.ee\/fi\/wp-json\/wp\/v2\/product_cat?post=8726"},{"taxonomy":"product_tag","embeddable":true,"href":"https:\/\/fedemark.ee\/fi\/wp-json\/wp\/v2\/product_tag?post=8726"}],"curies":[{"name":"wp","href":"https:\/\/api.w.org\/{rel}","templated":true}]}}