{"id":8727,"date":"2017-09-05T11:25:02","date_gmt":"2017-09-05T11:25:02","guid":{"rendered":"https:\/\/sharks.ee\/fedemark\/shop\/maaratlemata\/industrial-30\/"},"modified":"2017-09-27T06:53:37","modified_gmt":"2017-09-27T06:53:37","slug":"industrial-30","status":"publish","type":"product","link":"https:\/\/fedemark.ee\/fi\/tuotteet\/polynimurit\/industrial-30\/","title":{"rendered":"Industrial 30"},"content":{"rendered":"","protected":false},"excerpt":{"rendered":"<p>Tehokas p\u00f6lynimuri, joka on tarkoitettu suurten t\u00f6iden tekemiseen (myym\u00e4l\u00f6iden lattiat, ty\u00f6pajat, n\u00e4yttelyalueet, pihat jne.). Laite imee p\u00f6ly\u00e4 ja nesteit\u00e4, jotka eiv\u00e4t ole palovaarallisia. Ter\u00e4srumpu, tuulettimen kiinnitys ja k\u00e4rry integroituine ty\u00f6v\u00e4linepitimineen. 100 % antistaattinen ABS-hartsinen moottorilohko.<\/p>\n<p><strong>Tekniset tiedot<\/strong><\/p>\n<p>J\u00e4nnitealue V~ 220-240<br \/>\nHz taajuus- 50\/60<br \/>\nIEC teho- 1000W<br \/>\nEnimm\u00e4isteho- 1100W<br \/>\nLaitteen eristysluokka- II<br \/>\nNimelliskapasiteetti- 30L<br \/>\nRummun materiaali- Ruostumaton ter\u00e4s<br \/>\nEnimm. Alipaine- 220mbar<br \/>\nEnimm. ilmavirtaus (noin)- 210m3\/h<br \/>\nPystysuora paperinen suodatinpussi<br \/>\nKassettisuodatin<br \/>\nVaahtoamista est\u00e4v\u00e4 suodatin (lis\u00e4varuste)<br \/>\nPP-esisuodatin (lis\u00e4varuste)<\/p>\n<p><strong>Tarvikkeet \u00f8 45 mm<\/strong><\/p>\n<ol>\n<li>Py\u00f6riv\u00e4, ergonomisella sangalla varustettu letku<\/li>\n<li>Pidennysputket<\/li>\n<li>Kolmikulmainen suutin<\/li>\n<li>Rakosuutin<\/li>\n<li>Teollinen m\u00e4rk\u00e4puhdistussuutin<\/li>\n<li>Mattoadapteri<\/li>\n<li>Kombiharjan pidin<\/li>\n<\/ol>\n<p>LIS\u00c4VARUSTEET<\/p>\n<p style=\"padding-left: 30px;\">8. P\u00f6lyharja<\/p>\n","protected":false},"featured_media":10700,"comment_status":"open","ping_status":"closed","template":"","meta":{"footnotes":""},"product_cat":[272],"product_tag":[],"yoast_head":"<!-- This site is optimized with the Yoast SEO plugin v22.6 - https:\/\/yoast.com\/wordpress\/plugins\/seo\/ -->\n<title>Industrial 30 - Fedemark<\/title>\n<meta name=\"robots\" content=\"index, follow, max-snippet:-1, max-image-preview:large, max-video-preview:-1\" \/>\n<link rel=\"canonical\" href=\"https:\/\/fedemark.ee\/fi\/tuotteet\/polynimurit\/industrial-30\/\" \/>\n<meta property=\"og:locale\" content=\"fi_FI\" \/>\n<meta property=\"og:type\" content=\"article\" \/>\n<meta property=\"og:title\" content=\"Industrial 30 - Fedemark\" \/>\n<meta property=\"og:description\" content=\"Tehokas p\u00f6lynimuri, joka on tarkoitettu suurten t\u00f6iden tekemiseen (myym\u00e4l\u00f6iden lattiat, ty\u00f6pajat, n\u00e4yttelyalueet, pihat jne.). Laite imee p\u00f6ly\u00e4 ja nesteit\u00e4, jotka eiv\u00e4t ole palovaarallisia. Ter\u00e4srumpu, tuulettimen kiinnitys ja k\u00e4rry integroituine ty\u00f6v\u00e4linepitimineen. 100 % antistaattinen ABS-hartsinen moottorilohko.  Tekniset tiedot  J\u00e4nnitealue V~ 220-240 Hz taajuus- 50\/60 IEC teho- 1000W Enimm\u00e4isteho- 1100W Laitteen eristysluokka- II Nimelliskapasiteetti- 30L Rummun materiaali- Ruostumaton ter\u00e4s Enimm. Alipaine- 220mbar Enimm. ilmavirtaus (noin)- 210m3\/h Pystysuora paperinen suodatinpussi Kassettisuodatin Vaahtoamista est\u00e4v\u00e4 suodatin (lis\u00e4varuste) PP-esisuodatin (lis\u00e4varuste)  Tarvikkeet \u00f8 45 mm   Py\u00f6riv\u00e4, ergonomisella sangalla varustettu letku  Pidennysputket  Kolmikulmainen suutin  Rakosuutin  Teollinen m\u00e4rk\u00e4puhdistussuutin  Mattoadapteri  Kombiharjan pidin  LIS\u00c4VARUSTEET 8. P\u00f6lyharja\" \/>\n<meta property=\"og:url\" content=\"https:\/\/fedemark.ee\/fi\/tuotteet\/polynimurit\/industrial-30\/\" \/>\n<meta property=\"og:site_name\" content=\"Fedemark\" \/>\n<meta property=\"article:modified_time\" content=\"2017-09-27T06:53:37+00:00\" \/>\n<meta property=\"og:image\" content=\"https:\/\/fedemark.ee\/wp-content\/uploads\/2017\/09\/Industrial-30-I.jpg\" \/>\n\t<meta property=\"og:image:width\" content=\"1000\" \/>\n\t<meta property=\"og:image:height\" content=\"1000\" \/>\n\t<meta property=\"og:image:type\" content=\"image\/jpeg\" \/>\n<meta name=\"twitter:card\" content=\"summary_large_image\" \/>\n<script type=\"application\/ld+json\" class=\"yoast-schema-graph\">{\"@context\":\"https:\/\/schema.org\",\"@graph\":[{\"@type\":\"WebPage\",\"@id\":\"https:\/\/fedemark.ee\/fi\/tuotteet\/polynimurit\/industrial-30\/\",\"url\":\"https:\/\/fedemark.ee\/fi\/tuotteet\/polynimurit\/industrial-30\/\",\"name\":\"Industrial 30 - Fedemark\",\"isPartOf\":{\"@id\":\"https:\/\/fedemark.ee\/#website\"},\"primaryImageOfPage\":{\"@id\":\"https:\/\/fedemark.ee\/fi\/tuotteet\/polynimurit\/industrial-30\/#primaryimage\"},\"image\":{\"@id\":\"https:\/\/fedemark.ee\/fi\/tuotteet\/polynimurit\/industrial-30\/#primaryimage\"},\"thumbnailUrl\":\"https:\/\/fedemark.ee\/wp-content\/uploads\/2017\/09\/Industrial-30-I.jpg\",\"datePublished\":\"2017-09-05T11:25:02+00:00\",\"dateModified\":\"2017-09-27T06:53:37+00:00\",\"breadcrumb\":{\"@id\":\"https:\/\/fedemark.ee\/fi\/tuotteet\/polynimurit\/industrial-30\/#breadcrumb\"},\"inLanguage\":\"fi-FI\",\"potentialAction\":[{\"@type\":\"ReadAction\",\"target\":[\"https:\/\/fedemark.ee\/fi\/tuotteet\/polynimurit\/industrial-30\/\"]}]},{\"@type\":\"ImageObject\",\"inLanguage\":\"fi-FI\",\"@id\":\"https:\/\/fedemark.ee\/fi\/tuotteet\/polynimurit\/industrial-30\/#primaryimage\",\"url\":\"https:\/\/fedemark.ee\/wp-content\/uploads\/2017\/09\/Industrial-30-I.jpg\",\"contentUrl\":\"https:\/\/fedemark.ee\/wp-content\/uploads\/2017\/09\/Industrial-30-I.jpg\",\"width\":1000,\"height\":1000},{\"@type\":\"BreadcrumbList\",\"@id\":\"https:\/\/fedemark.ee\/fi\/tuotteet\/polynimurit\/industrial-30\/#breadcrumb\",\"itemListElement\":[{\"@type\":\"ListItem\",\"position\":1,\"name\":\"Home\",\"item\":\"https:\/\/fedemark.ee\/fi\/\"},{\"@type\":\"ListItem\",\"position\":2,\"name\":\"Tuotteet\",\"item\":\"https:\/\/fedemark.ee\/fi\/tuotteet\/\"},{\"@type\":\"ListItem\",\"position\":3,\"name\":\"Industrial 30\"}]},{\"@type\":\"WebSite\",\"@id\":\"https:\/\/fedemark.ee\/#website\",\"url\":\"https:\/\/fedemark.ee\/\",\"name\":\"Fedemark\",\"description\":\"Redelid, Tellingud, T\u00f6\u00f6platvormid ja vahekorrused\",\"potentialAction\":[{\"@type\":\"SearchAction\",\"target\":{\"@type\":\"EntryPoint\",\"urlTemplate\":\"https:\/\/fedemark.ee\/?s={search_term_string}\"},\"query-input\":\"required name=search_term_string\"}],\"inLanguage\":\"fi-FI\"}]}<\/script>\n<!-- \/ Yoast SEO plugin. -->","yoast_head_json":{"title":"Industrial 30 - Fedemark","robots":{"index":"index","follow":"follow","max-snippet":"max-snippet:-1","max-image-preview":"max-image-preview:large","max-video-preview":"max-video-preview:-1"},"canonical":"https:\/\/fedemark.ee\/fi\/tuotteet\/polynimurit\/industrial-30\/","og_locale":"fi_FI","og_type":"article","og_title":"Industrial 30 - Fedemark","og_description":"Tehokas p\u00f6lynimuri, joka on tarkoitettu suurten t\u00f6iden tekemiseen (myym\u00e4l\u00f6iden lattiat, ty\u00f6pajat, n\u00e4yttelyalueet, pihat jne.). Laite imee p\u00f6ly\u00e4 ja nesteit\u00e4, jotka eiv\u00e4t ole palovaarallisia. Ter\u00e4srumpu, tuulettimen kiinnitys ja k\u00e4rry integroituine ty\u00f6v\u00e4linepitimineen. 100 % antistaattinen ABS-hartsinen moottorilohko.  Tekniset tiedot  J\u00e4nnitealue V~ 220-240 Hz taajuus- 50\/60 IEC teho- 1000W Enimm\u00e4isteho- 1100W Laitteen eristysluokka- II Nimelliskapasiteetti- 30L Rummun materiaali- Ruostumaton ter\u00e4s Enimm. Alipaine- 220mbar Enimm. ilmavirtaus (noin)- 210m3\/h Pystysuora paperinen suodatinpussi Kassettisuodatin Vaahtoamista est\u00e4v\u00e4 suodatin (lis\u00e4varuste) PP-esisuodatin (lis\u00e4varuste)  Tarvikkeet \u00f8 45 mm   Py\u00f6riv\u00e4, ergonomisella sangalla varustettu letku  Pidennysputket  Kolmikulmainen suutin  Rakosuutin  Teollinen m\u00e4rk\u00e4puhdistussuutin  Mattoadapteri  Kombiharjan pidin  LIS\u00c4VARUSTEET 8. P\u00f6lyharja","og_url":"https:\/\/fedemark.ee\/fi\/tuotteet\/polynimurit\/industrial-30\/","og_site_name":"Fedemark","article_modified_time":"2017-09-27T06:53:37+00:00","og_image":[{"width":1000,"height":1000,"url":"https:\/\/fedemark.ee\/wp-content\/uploads\/2017\/09\/Industrial-30-I.jpg","type":"image\/jpeg"}],"twitter_card":"summary_large_image","schema":{"@context":"https:\/\/schema.org","@graph":[{"@type":"WebPage","@id":"https:\/\/fedemark.ee\/fi\/tuotteet\/polynimurit\/industrial-30\/","url":"https:\/\/fedemark.ee\/fi\/tuotteet\/polynimurit\/industrial-30\/","name":"Industrial 30 - Fedemark","isPartOf":{"@id":"https:\/\/fedemark.ee\/#website"},"primaryImageOfPage":{"@id":"https:\/\/fedemark.ee\/fi\/tuotteet\/polynimurit\/industrial-30\/#primaryimage"},"image":{"@id":"https:\/\/fedemark.ee\/fi\/tuotteet\/polynimurit\/industrial-30\/#primaryimage"},"thumbnailUrl":"https:\/\/fedemark.ee\/wp-content\/uploads\/2017\/09\/Industrial-30-I.jpg","datePublished":"2017-09-05T11:25:02+00:00","dateModified":"2017-09-27T06:53:37+00:00","breadcrumb":{"@id":"https:\/\/fedemark.ee\/fi\/tuotteet\/polynimurit\/industrial-30\/#breadcrumb"},"inLanguage":"fi-FI","potentialAction":[{"@type":"ReadAction","target":["https:\/\/fedemark.ee\/fi\/tuotteet\/polynimurit\/industrial-30\/"]}]},{"@type":"ImageObject","inLanguage":"fi-FI","@id":"https:\/\/fedemark.ee\/fi\/tuotteet\/polynimurit\/industrial-30\/#primaryimage","url":"https:\/\/fedemark.ee\/wp-content\/uploads\/2017\/09\/Industrial-30-I.jpg","contentUrl":"https:\/\/fedemark.ee\/wp-content\/uploads\/2017\/09\/Industrial-30-I.jpg","width":1000,"height":1000},{"@type":"BreadcrumbList","@id":"https:\/\/fedemark.ee\/fi\/tuotteet\/polynimurit\/industrial-30\/#breadcrumb","itemListElement":[{"@type":"ListItem","position":1,"name":"Home","item":"https:\/\/fedemark.ee\/fi\/"},{"@type":"ListItem","position":2,"name":"Tuotteet","item":"https:\/\/fedemark.ee\/fi\/tuotteet\/"},{"@type":"ListItem","position":3,"name":"Industrial 30"}]},{"@type":"WebSite","@id":"https:\/\/fedemark.ee\/#website","url":"https:\/\/fedemark.ee\/","name":"Fedemark","description":"Redelid, Tellingud, T\u00f6\u00f6platvormid ja vahekorrused","potentialAction":[{"@type":"SearchAction","target":{"@type":"EntryPoint","urlTemplate":"https:\/\/fedemark.ee\/?s={search_term_string}"},"query-input":"required name=search_term_string"}],"inLanguage":"fi-FI"}]}},"_links":{"self":[{"href":"https:\/\/fedemark.ee\/fi\/wp-json\/wp\/v2\/product\/8727"}],"collection":[{"href":"https:\/\/fedemark.ee\/fi\/wp-json\/wp\/v2\/product"}],"about":[{"href":"https:\/\/fedemark.ee\/fi\/wp-json\/wp\/v2\/types\/product"}],"replies":[{"embeddable":true,"href":"https:\/\/fedemark.ee\/fi\/wp-json\/wp\/v2\/comments?post=8727"}],"version-history":[{"count":0,"href":"https:\/\/fedemark.ee\/fi\/wp-json\/wp\/v2\/product\/8727\/revisions"}],"wp:featuredmedia":[{"embeddable":true,"href":"https:\/\/fedemark.ee\/fi\/wp-json\/wp\/v2\/media\/10700"}],"wp:attachment":[{"href":"https:\/\/fedemark.ee\/fi\/wp-json\/wp\/v2\/media?parent=8727"}],"wp:term":[{"taxonomy":"product_cat","embeddable":true,"href":"https:\/\/fedemark.ee\/fi\/wp-json\/wp\/v2\/product_cat?post=8727"},{"taxonomy":"product_tag","embeddable":true,"href":"https:\/\/fedemark.ee\/fi\/wp-json\/wp\/v2\/product_tag?post=8727"}],"curies":[{"name":"wp","href":"https:\/\/api.w.org\/{rel}","templated":true}]}}