{"id":8728,"date":"2017-09-05T12:15:06","date_gmt":"2017-09-05T12:15:06","guid":{"rendered":"https:\/\/sharks.ee\/fedemark\/shop\/maaratlemata\/lavamatic\/"},"modified":"2017-09-27T07:02:51","modified_gmt":"2017-09-27T07:02:51","slug":"lavamatic","status":"publish","type":"product","link":"https:\/\/fedemark.ee\/fi\/tuotteet\/polynimurit\/lavamatic\/","title":{"rendered":"Lavamatic"},"content":{"rendered":"","protected":false},"excerpt":{"rendered":"<p>T\u00e4m\u00e4 tuote puhdistaa pesuainetta paineella suihkuttamalla kaikenlaisia kovia tai kangaspintoja. Puhdistettu pinta j\u00e4\u00e4 l\u00e4hes kuivaksi. Puhdistaa kylpyhuoneen sisustuksen, pesee puhtaaksi auton sis\u00e4tilat. Laitteessa yhdistyv\u00e4t my\u00f6s m\u00e4rk\u00e4- ja kuivaimurin tavalliset toiminnot.<\/p>\n<p><strong>Tekniset tiedot<\/strong><\/p>\n<p>J\u00e4nnitealue V~ 220-240<\/p>\n<p>Hz taajuus- 50\/60<\/p>\n<p>IEC-teho- 1000W<\/p>\n<p>Enimm\u00e4isteho- 1100W<\/p>\n<p>Laitteen eristysluokka- II<\/p>\n<p>Nimelliskapasiteetti- 20L<\/p>\n<p>Rummun materiaali- PP<\/p>\n<p>Enimm. Alipaine- 220mbar<\/p>\n<p>Enimm. ilmavirtaus (noin)- 210m3\/h<\/p>\n<p>Enimm. pumpun paine- 7bar<\/p>\n<p>Pumpun teho- 48W<\/p>\n<p>Pesuaines\u00e4ili\u00f6n tilavuus, noin- 3L<\/p>\n<p>Vaakasuora paperinen suodatinpussi<\/p>\n<p>Vaahtoamista est\u00e4v\u00e4 suodatin<\/p>\n<p>Kassettisuodatin<\/p>\n<p><strong>Tarvikkeet \u00f8 36 mm<\/strong><\/p>\n<ol>\n<li>Py\u00f6riv\u00e4liit\u00e4nt\u00e4inen ja ergonomisella sangalla varustettu letku<\/li>\n<li>Pidennysputket<\/li>\n<li>Virtakaapelin lukitusmutterit<\/li>\n<li>Joustava letkuhana<\/li>\n<li>Rakosuutin<\/li>\n<li>Hevosenjouhiharjaksin varustettu nivel\u00f6ity p\u00f6lyharja (LIS\u00c4VARUSTE)<\/li>\n<li>Pehmustesuutin<\/li>\n<li>Iso suihkutussuutin kovien lattioiden adapterin kanssa<\/li>\n<li>Yhdistetty harjakehys<\/li>\n<li>Sis\u00e4\u00e4n ty\u00f6nnett\u00e4v\u00e4 tarvike kumisten nesteenker\u00e4ysletkujen kanssa<\/li>\n<li>Sis\u00e4\u00e4n ty\u00f6nnett\u00e4v\u00e4 tarvike mattoa varten<\/li>\n<li>Tarvike kovalle lattialle<\/li>\n<li>Levy ja mikrokuitupyyhe kova ja puulattioita varten (LIS\u00c4VARUSTE)<\/li>\n<li>Pesuaine lattioita \/mattoja varten<\/li>\n<li>Pieni suihkutussuutin pehmusteita varten<\/li>\n<li>Yhdistelm\u00e4harja lattioita \/ mattoja varten (LIS\u00c4VARUSTE)<\/li>\n<\/ol>\n<p>&nbsp;<\/p>\n","protected":false},"featured_media":10752,"comment_status":"open","ping_status":"closed","template":"","meta":{"footnotes":""},"product_cat":[272],"product_tag":[],"yoast_head":"<!-- This site is optimized with the Yoast SEO plugin v22.6 - https:\/\/yoast.com\/wordpress\/plugins\/seo\/ -->\n<title>Lavamatic - Fedemark<\/title>\n<meta name=\"robots\" content=\"index, follow, max-snippet:-1, max-image-preview:large, max-video-preview:-1\" \/>\n<link rel=\"canonical\" href=\"https:\/\/fedemark.ee\/fi\/tuotteet\/polynimurit\/lavamatic\/\" \/>\n<meta property=\"og:locale\" content=\"fi_FI\" \/>\n<meta property=\"og:type\" content=\"article\" \/>\n<meta property=\"og:title\" content=\"Lavamatic - Fedemark\" \/>\n<meta property=\"og:description\" content=\"T\u00e4m\u00e4 tuote puhdistaa pesuainetta paineella suihkuttamalla kaikenlaisia kovia tai kangaspintoja. Puhdistettu pinta j\u00e4\u00e4 l\u00e4hes kuivaksi. Puhdistaa kylpyhuoneen sisustuksen, pesee puhtaaksi auton sis\u00e4tilat. Laitteessa yhdistyv\u00e4t my\u00f6s m\u00e4rk\u00e4- ja kuivaimurin tavalliset toiminnot.  Tekniset tiedot  J\u00e4nnitealue V~ 220-240  Hz taajuus- 50\/60  IEC-teho- 1000W  Enimm\u00e4isteho- 1100W  Laitteen eristysluokka- II  Nimelliskapasiteetti- 20L  Rummun materiaali- PP  Enimm. Alipaine- 220mbar  Enimm. ilmavirtaus (noin)- 210m3\/h  Enimm. pumpun paine- 7bar  Pumpun teho- 48W  Pesuaines\u00e4ili\u00f6n tilavuus, noin- 3L  Vaakasuora paperinen suodatinpussi  Vaahtoamista est\u00e4v\u00e4 suodatin  Kassettisuodatin  Tarvikkeet \u00f8 36 mm   Py\u00f6riv\u00e4liit\u00e4nt\u00e4inen ja ergonomisella sangalla varustettu letku  Pidennysputket  Virtakaapelin lukitusmutterit  Joustava letkuhana  Rakosuutin  Hevosenjouhiharjaksin varustettu nivel\u00f6ity p\u00f6lyharja (LIS\u00c4VARUSTE)  Pehmustesuutin  Iso suihkutussuutin kovien lattioiden adapterin kanssa  Yhdistetty harjakehys  Sis\u00e4\u00e4n ty\u00f6nnett\u00e4v\u00e4 tarvike kumisten nesteenker\u00e4ysletkujen kanssa  Sis\u00e4\u00e4n ty\u00f6nnett\u00e4v\u00e4 tarvike mattoa varten  Tarvike kovalle lattialle  Levy ja mikrokuitupyyhe kova ja puulattioita varten (LIS\u00c4VARUSTE)  Pesuaine lattioita \/mattoja varten  Pieni suihkutussuutin pehmusteita varten  Yhdistelm\u00e4harja lattioita \/ mattoja varten (LIS\u00c4VARUSTE)  &nbsp;\" \/>\n<meta property=\"og:url\" content=\"https:\/\/fedemark.ee\/fi\/tuotteet\/polynimurit\/lavamatic\/\" \/>\n<meta property=\"og:site_name\" content=\"Fedemark\" \/>\n<meta property=\"article:modified_time\" content=\"2017-09-27T07:02:51+00:00\" \/>\n<meta property=\"og:image\" content=\"https:\/\/fedemark.ee\/wp-content\/uploads\/2017\/09\/Lavamatic-I.jpg\" \/>\n\t<meta property=\"og:image:width\" content=\"1000\" \/>\n\t<meta property=\"og:image:height\" content=\"1000\" \/>\n\t<meta property=\"og:image:type\" content=\"image\/jpeg\" \/>\n<meta name=\"twitter:card\" content=\"summary_large_image\" \/>\n<script type=\"application\/ld+json\" class=\"yoast-schema-graph\">{\"@context\":\"https:\/\/schema.org\",\"@graph\":[{\"@type\":\"WebPage\",\"@id\":\"https:\/\/fedemark.ee\/fi\/tuotteet\/polynimurit\/lavamatic\/\",\"url\":\"https:\/\/fedemark.ee\/fi\/tuotteet\/polynimurit\/lavamatic\/\",\"name\":\"Lavamatic - Fedemark\",\"isPartOf\":{\"@id\":\"https:\/\/fedemark.ee\/#website\"},\"primaryImageOfPage\":{\"@id\":\"https:\/\/fedemark.ee\/fi\/tuotteet\/polynimurit\/lavamatic\/#primaryimage\"},\"image\":{\"@id\":\"https:\/\/fedemark.ee\/fi\/tuotteet\/polynimurit\/lavamatic\/#primaryimage\"},\"thumbnailUrl\":\"https:\/\/fedemark.ee\/wp-content\/uploads\/2017\/09\/Lavamatic-I.jpg\",\"datePublished\":\"2017-09-05T12:15:06+00:00\",\"dateModified\":\"2017-09-27T07:02:51+00:00\",\"breadcrumb\":{\"@id\":\"https:\/\/fedemark.ee\/fi\/tuotteet\/polynimurit\/lavamatic\/#breadcrumb\"},\"inLanguage\":\"fi-FI\",\"potentialAction\":[{\"@type\":\"ReadAction\",\"target\":[\"https:\/\/fedemark.ee\/fi\/tuotteet\/polynimurit\/lavamatic\/\"]}]},{\"@type\":\"ImageObject\",\"inLanguage\":\"fi-FI\",\"@id\":\"https:\/\/fedemark.ee\/fi\/tuotteet\/polynimurit\/lavamatic\/#primaryimage\",\"url\":\"https:\/\/fedemark.ee\/wp-content\/uploads\/2017\/09\/Lavamatic-I.jpg\",\"contentUrl\":\"https:\/\/fedemark.ee\/wp-content\/uploads\/2017\/09\/Lavamatic-I.jpg\",\"width\":1000,\"height\":1000},{\"@type\":\"BreadcrumbList\",\"@id\":\"https:\/\/fedemark.ee\/fi\/tuotteet\/polynimurit\/lavamatic\/#breadcrumb\",\"itemListElement\":[{\"@type\":\"ListItem\",\"position\":1,\"name\":\"Home\",\"item\":\"https:\/\/fedemark.ee\/fi\/\"},{\"@type\":\"ListItem\",\"position\":2,\"name\":\"Tuotteet\",\"item\":\"https:\/\/fedemark.ee\/fi\/tuotteet\/\"},{\"@type\":\"ListItem\",\"position\":3,\"name\":\"Lavamatic\"}]},{\"@type\":\"WebSite\",\"@id\":\"https:\/\/fedemark.ee\/#website\",\"url\":\"https:\/\/fedemark.ee\/\",\"name\":\"Fedemark\",\"description\":\"Redelid, Tellingud, T\u00f6\u00f6platvormid ja vahekorrused\",\"potentialAction\":[{\"@type\":\"SearchAction\",\"target\":{\"@type\":\"EntryPoint\",\"urlTemplate\":\"https:\/\/fedemark.ee\/?s={search_term_string}\"},\"query-input\":\"required name=search_term_string\"}],\"inLanguage\":\"fi-FI\"}]}<\/script>\n<!-- \/ Yoast SEO plugin. -->","yoast_head_json":{"title":"Lavamatic - Fedemark","robots":{"index":"index","follow":"follow","max-snippet":"max-snippet:-1","max-image-preview":"max-image-preview:large","max-video-preview":"max-video-preview:-1"},"canonical":"https:\/\/fedemark.ee\/fi\/tuotteet\/polynimurit\/lavamatic\/","og_locale":"fi_FI","og_type":"article","og_title":"Lavamatic - Fedemark","og_description":"T\u00e4m\u00e4 tuote puhdistaa pesuainetta paineella suihkuttamalla kaikenlaisia kovia tai kangaspintoja. Puhdistettu pinta j\u00e4\u00e4 l\u00e4hes kuivaksi. Puhdistaa kylpyhuoneen sisustuksen, pesee puhtaaksi auton sis\u00e4tilat. Laitteessa yhdistyv\u00e4t my\u00f6s m\u00e4rk\u00e4- ja kuivaimurin tavalliset toiminnot.  Tekniset tiedot  J\u00e4nnitealue V~ 220-240  Hz taajuus- 50\/60  IEC-teho- 1000W  Enimm\u00e4isteho- 1100W  Laitteen eristysluokka- II  Nimelliskapasiteetti- 20L  Rummun materiaali- PP  Enimm. Alipaine- 220mbar  Enimm. ilmavirtaus (noin)- 210m3\/h  Enimm. pumpun paine- 7bar  Pumpun teho- 48W  Pesuaines\u00e4ili\u00f6n tilavuus, noin- 3L  Vaakasuora paperinen suodatinpussi  Vaahtoamista est\u00e4v\u00e4 suodatin  Kassettisuodatin  Tarvikkeet \u00f8 36 mm   Py\u00f6riv\u00e4liit\u00e4nt\u00e4inen ja ergonomisella sangalla varustettu letku  Pidennysputket  Virtakaapelin lukitusmutterit  Joustava letkuhana  Rakosuutin  Hevosenjouhiharjaksin varustettu nivel\u00f6ity p\u00f6lyharja (LIS\u00c4VARUSTE)  Pehmustesuutin  Iso suihkutussuutin kovien lattioiden adapterin kanssa  Yhdistetty harjakehys  Sis\u00e4\u00e4n ty\u00f6nnett\u00e4v\u00e4 tarvike kumisten nesteenker\u00e4ysletkujen kanssa  Sis\u00e4\u00e4n ty\u00f6nnett\u00e4v\u00e4 tarvike mattoa varten  Tarvike kovalle lattialle  Levy ja mikrokuitupyyhe kova ja puulattioita varten (LIS\u00c4VARUSTE)  Pesuaine lattioita \/mattoja varten  Pieni suihkutussuutin pehmusteita varten  Yhdistelm\u00e4harja lattioita \/ mattoja varten (LIS\u00c4VARUSTE)  &nbsp;","og_url":"https:\/\/fedemark.ee\/fi\/tuotteet\/polynimurit\/lavamatic\/","og_site_name":"Fedemark","article_modified_time":"2017-09-27T07:02:51+00:00","og_image":[{"width":1000,"height":1000,"url":"https:\/\/fedemark.ee\/wp-content\/uploads\/2017\/09\/Lavamatic-I.jpg","type":"image\/jpeg"}],"twitter_card":"summary_large_image","schema":{"@context":"https:\/\/schema.org","@graph":[{"@type":"WebPage","@id":"https:\/\/fedemark.ee\/fi\/tuotteet\/polynimurit\/lavamatic\/","url":"https:\/\/fedemark.ee\/fi\/tuotteet\/polynimurit\/lavamatic\/","name":"Lavamatic - Fedemark","isPartOf":{"@id":"https:\/\/fedemark.ee\/#website"},"primaryImageOfPage":{"@id":"https:\/\/fedemark.ee\/fi\/tuotteet\/polynimurit\/lavamatic\/#primaryimage"},"image":{"@id":"https:\/\/fedemark.ee\/fi\/tuotteet\/polynimurit\/lavamatic\/#primaryimage"},"thumbnailUrl":"https:\/\/fedemark.ee\/wp-content\/uploads\/2017\/09\/Lavamatic-I.jpg","datePublished":"2017-09-05T12:15:06+00:00","dateModified":"2017-09-27T07:02:51+00:00","breadcrumb":{"@id":"https:\/\/fedemark.ee\/fi\/tuotteet\/polynimurit\/lavamatic\/#breadcrumb"},"inLanguage":"fi-FI","potentialAction":[{"@type":"ReadAction","target":["https:\/\/fedemark.ee\/fi\/tuotteet\/polynimurit\/lavamatic\/"]}]},{"@type":"ImageObject","inLanguage":"fi-FI","@id":"https:\/\/fedemark.ee\/fi\/tuotteet\/polynimurit\/lavamatic\/#primaryimage","url":"https:\/\/fedemark.ee\/wp-content\/uploads\/2017\/09\/Lavamatic-I.jpg","contentUrl":"https:\/\/fedemark.ee\/wp-content\/uploads\/2017\/09\/Lavamatic-I.jpg","width":1000,"height":1000},{"@type":"BreadcrumbList","@id":"https:\/\/fedemark.ee\/fi\/tuotteet\/polynimurit\/lavamatic\/#breadcrumb","itemListElement":[{"@type":"ListItem","position":1,"name":"Home","item":"https:\/\/fedemark.ee\/fi\/"},{"@type":"ListItem","position":2,"name":"Tuotteet","item":"https:\/\/fedemark.ee\/fi\/tuotteet\/"},{"@type":"ListItem","position":3,"name":"Lavamatic"}]},{"@type":"WebSite","@id":"https:\/\/fedemark.ee\/#website","url":"https:\/\/fedemark.ee\/","name":"Fedemark","description":"Redelid, Tellingud, T\u00f6\u00f6platvormid ja vahekorrused","potentialAction":[{"@type":"SearchAction","target":{"@type":"EntryPoint","urlTemplate":"https:\/\/fedemark.ee\/?s={search_term_string}"},"query-input":"required name=search_term_string"}],"inLanguage":"fi-FI"}]}},"_links":{"self":[{"href":"https:\/\/fedemark.ee\/fi\/wp-json\/wp\/v2\/product\/8728"}],"collection":[{"href":"https:\/\/fedemark.ee\/fi\/wp-json\/wp\/v2\/product"}],"about":[{"href":"https:\/\/fedemark.ee\/fi\/wp-json\/wp\/v2\/types\/product"}],"replies":[{"embeddable":true,"href":"https:\/\/fedemark.ee\/fi\/wp-json\/wp\/v2\/comments?post=8728"}],"version-history":[{"count":0,"href":"https:\/\/fedemark.ee\/fi\/wp-json\/wp\/v2\/product\/8728\/revisions"}],"wp:featuredmedia":[{"embeddable":true,"href":"https:\/\/fedemark.ee\/fi\/wp-json\/wp\/v2\/media\/10752"}],"wp:attachment":[{"href":"https:\/\/fedemark.ee\/fi\/wp-json\/wp\/v2\/media?parent=8728"}],"wp:term":[{"taxonomy":"product_cat","embeddable":true,"href":"https:\/\/fedemark.ee\/fi\/wp-json\/wp\/v2\/product_cat?post=8728"},{"taxonomy":"product_tag","embeddable":true,"href":"https:\/\/fedemark.ee\/fi\/wp-json\/wp\/v2\/product_tag?post=8728"}],"curies":[{"name":"wp","href":"https:\/\/api.w.org\/{rel}","templated":true}]}}